{"id":10546,"date":"2025-09-08T20:19:47","date_gmt":"2025-09-08T18:19:47","guid":{"rendered":"https:\/\/alter-entorn.com\/compostatge\/"},"modified":"2025-09-08T21:26:10","modified_gmt":"2025-09-08T19:26:10","slug":"compostatge","status":"publish","type":"page","link":"https:\/\/alter-entorn.com\/ca\/compostatge\/","title":{"rendered":"Compostatge"},"content":{"rendered":"<div class=\"wpb-content-wrapper\"><p>[vc_row][vc_column][vc_single_image image=&#8221;10462&#8243; img_size=&#8221;full&#8221; alignment=&#8221;center&#8221; css=&#8221;&#8221;][\/vc_column][\/vc_row][vc_row][vc_column][vc_column_text css=&#8221;&#8221;]<\/p>\n<p class=\"p1\"><span class=\"s1\"><strong>Les restes org\u00e0niques de la cuina i del jard\u00ed no s\u00f3n escombraries!<\/strong> S\u00f3n aliment per a la terra i les plantes. <strong>El <a href=\"https:\/\/alter-entorn.com\/ca\/?s=compostatge&amp;post_type=product&amp;lang=ca\" target=\"_blank\" rel=\"noopener\">compostatge<\/a> el podem fer perfectament a casa<\/strong>, ja que \u00e9s un proc\u00e9s f\u00e0cil, educatiu i gratificant en qu\u00e8 pot participar tota la fam\u00edlia.<span class=\"Apple-converted-space\">\u00a0<\/span><\/span><\/p>\n<p>&nbsp;<\/p>\n<p class=\"p1\"><span class=\"s1\">Tenim <strong>dues solucions per compostar les restes org\u00e0niques<\/strong> de la nostra llar.<span class=\"Apple-converted-space\">\u00a0<\/span><\/span><span class=\"s1\"><span class=\"Apple-converted-space\">\u00a0<\/span><\/span><\/p>\n<p>&nbsp;<\/p>\n<ul class=\"ul1\">\n<li style=\"list-style-type: none;\">\n<ul class=\"ul1\">\n<li class=\"li1\">\n<h2><b>Compost en pila o <a href=\"https:\/\/es.wikipedia.org\/wiki\/Compostador\" target=\"_blank\" rel=\"noopener\">compostador<\/a><\/b><\/h2>\n<p>(aer\u00f2bic) Si disposem de jard\u00ed o terrassa, podem optar per aquest tipus de compost. Aix\u00ed tamb\u00e9 podem afegir-hi les restes m\u00e9s voluminoses del jard\u00ed.<\/li>\n<\/ul>\n<p>&nbsp;<\/p>\n<ul class=\"ul1\">\n<li class=\"li1\">\n<h2><b>Compost en cub <a href=\"https:\/\/es.wikipedia.org\/wiki\/Bokashi\" target=\"_blank\" rel=\"noopener\">bokashi<\/a><\/b><\/h2>\n<p>(anaer\u00f2bic) Si vivim en un pis o tenim poc espai, \u00e9s la soluci\u00f3 ideal. En molt poc espai i sense males olors, ja que es fa en un cub amb tancament herm\u00e8tic.<\/li>\n<\/ul>\n<p>&nbsp;<\/p>\n<p class=\"p1\"><span class=\"s1\">Article &#8211; <a href=\"https:\/\/alter-entorn.com\/que-proceso-de-compost-domestico-elegir\/\" target=\"_blank\" rel=\"noopener\">Quin proc\u00e9s de compostatge dom\u00e8stic escollir<\/a><\/span><\/p>\n<p>&nbsp;<\/li>\n<p><\/ul>\n<p>&nbsp;[\/vc_column_text][\/vc_column][\/vc_row]<\/p>\n<\/div>","protected":false},"excerpt":{"rendered":"<p>[vc_row][vc_column][vc_single_image image=&#8221;10462&#8243; img_size=&#8221;full&#8221; alignment=&#8221;center&#8221; css=&#8221;&#8221;][\/vc_column][\/vc_row][vc_row][vc_column][vc_column_text css=&#8221;&#8221;] Les restes org\u00e0niques de la cuina i del jard\u00ed no s\u00f3n escombraries! S\u00f3n aliment per a la terra i les plantes. El compostatge el podem fer perfectament a casa, ja que \u00e9s un proc\u00e9s f\u00e0cil, educatiu i gratificant en qu\u00e8 pot participar tota la fam\u00edlia.\u00a0 &nbsp; Tenim dues solucions [&hellip;]<\/p>\n","protected":false},"author":312,"featured_media":0,"parent":0,"menu_order":0,"comment_status":"closed","ping_status":"closed","template":"","meta":{"_joinchat":[],"footnotes":""},"class_list":["post-10546","page","type-page","status-publish","hentry"],"yoast_head":"<!-- This site is optimized with the Yoast SEO plugin v27.4 - https:\/\/yoast.com\/product\/yoast-seo-wordpress\/ -->\n<title>Compostatge - alter-entorn<\/title>\n<meta name=\"description\" content=\"Tenim dues solucions per compostar les restes org\u00e0niques de la nostra llar: el compost en pila o compostador (aer\u00f2bic) i el compost en cub bokashi (anaer\u00f2bic)\" \/>\n<meta name=\"robots\" content=\"index, follow, max-snippet:-1, max-image-preview:large, max-video-preview:-1\" \/>\n<link rel=\"canonical\" href=\"https:\/\/alter-entorn.com\/ca\/compostatge\/\" \/>\n<meta property=\"og:locale\" content=\"ca_ES\" \/>\n<meta property=\"og:type\" content=\"article\" \/>\n<meta property=\"og:title\" content=\"Compostatge - alter-entorn\" \/>\n<meta property=\"og:description\" content=\"Tenim dues solucions per compostar les restes org\u00e0niques de la nostra llar: el compost en pila o compostador (aer\u00f2bic) i el compost en cub bokashi (anaer\u00f2bic)\" \/>\n<meta property=\"og:url\" content=\"https:\/\/alter-entorn.com\/ca\/compostatge\/\" \/>\n<meta property=\"og:site_name\" content=\"alter-entorn\" \/>\n<meta property=\"article:publisher\" content=\"https:\/\/www.facebook.com\/alterentorn\/\" \/>\n<meta property=\"article:modified_time\" content=\"2025-09-08T19:26:10+00:00\" \/>\n<meta name=\"twitter:card\" content=\"summary_large_image\" \/>\n<meta name=\"twitter:site\" content=\"@alterentorn\" \/>\n<meta name=\"twitter:label1\" content=\"Temps estimat de lectura\" \/>\n\t<meta name=\"twitter:data1\" content=\"1 minut\" \/>\n<script type=\"application\/ld+json\" class=\"yoast-schema-graph\">{\"@context\":\"https:\\\/\\\/schema.org\",\"@graph\":[{\"@type\":\"WebPage\",\"@id\":\"https:\\\/\\\/alter-entorn.com\\\/ca\\\/compostatge\\\/\",\"url\":\"https:\\\/\\\/alter-entorn.com\\\/ca\\\/compostatge\\\/\",\"name\":\"Compostatge - alter-entorn\",\"isPartOf\":{\"@id\":\"https:\\\/\\\/alter-entorn.com\\\/ca\\\/#website\"},\"datePublished\":\"2025-09-08T18:19:47+00:00\",\"dateModified\":\"2025-09-08T19:26:10+00:00\",\"description\":\"Tenim dues solucions per compostar les restes org\u00e0niques de la nostra llar: el compost en pila o compostador (aer\u00f2bic) i el compost en cub bokashi (anaer\u00f2bic)\",\"breadcrumb\":{\"@id\":\"https:\\\/\\\/alter-entorn.com\\\/ca\\\/compostatge\\\/#breadcrumb\"},\"inLanguage\":\"ca\",\"potentialAction\":[{\"@type\":\"ReadAction\",\"target\":[\"https:\\\/\\\/alter-entorn.com\\\/ca\\\/compostatge\\\/\"]}]},{\"@type\":\"BreadcrumbList\",\"@id\":\"https:\\\/\\\/alter-entorn.com\\\/ca\\\/compostatge\\\/#breadcrumb\",\"itemListElement\":[{\"@type\":\"ListItem\",\"position\":1,\"name\":\"Portada\",\"item\":\"https:\\\/\\\/alter-entorn.com\\\/ca\\\/\"},{\"@type\":\"ListItem\",\"position\":2,\"name\":\"Compostatge\"}]},{\"@type\":\"WebSite\",\"@id\":\"https:\\\/\\\/alter-entorn.com\\\/ca\\\/#website\",\"url\":\"https:\\\/\\\/alter-entorn.com\\\/ca\\\/\",\"name\":\"alter-entorn\",\"description\":\"Soluciones Microbiol\u00f3gicas probi\u00f3ticos\",\"publisher\":{\"@id\":\"https:\\\/\\\/alter-entorn.com\\\/ca\\\/#organization\"},\"potentialAction\":[{\"@type\":\"SearchAction\",\"target\":{\"@type\":\"EntryPoint\",\"urlTemplate\":\"https:\\\/\\\/alter-entorn.com\\\/ca\\\/?s={search_term_string}\"},\"query-input\":{\"@type\":\"PropertyValueSpecification\",\"valueRequired\":true,\"valueName\":\"search_term_string\"}}],\"inLanguage\":\"ca\"},{\"@type\":\"Organization\",\"@id\":\"https:\\\/\\\/alter-entorn.com\\\/ca\\\/#organization\",\"name\":\"alter-entorn\",\"url\":\"https:\\\/\\\/alter-entorn.com\\\/ca\\\/\",\"logo\":{\"@type\":\"ImageObject\",\"inLanguage\":\"ca\",\"@id\":\"https:\\\/\\\/alter-entorn.com\\\/ca\\\/#\\\/schema\\\/logo\\\/image\\\/\",\"url\":\"https:\\\/\\\/alter-entorn.com\\\/wp-content\\\/uploads\\\/2018\\\/10\\\/logo_alter_entorn-sin-texto-1.png\",\"contentUrl\":\"https:\\\/\\\/alter-entorn.com\\\/wp-content\\\/uploads\\\/2018\\\/10\\\/logo_alter_entorn-sin-texto-1.png\",\"width\":246,\"height\":68,\"caption\":\"alter-entorn\"},\"image\":{\"@id\":\"https:\\\/\\\/alter-entorn.com\\\/ca\\\/#\\\/schema\\\/logo\\\/image\\\/\"},\"sameAs\":[\"https:\\\/\\\/www.facebook.com\\\/alterentorn\\\/\",\"https:\\\/\\\/x.com\\\/alterentorn\"]}]}<\/script>\n<!-- \/ Yoast SEO plugin. -->","yoast_head_json":{"title":"Compostatge - alter-entorn","description":"Tenim dues solucions per compostar les restes org\u00e0niques de la nostra llar: el compost en pila o compostador (aer\u00f2bic) i el compost en cub bokashi (anaer\u00f2bic)","robots":{"index":"index","follow":"follow","max-snippet":"max-snippet:-1","max-image-preview":"max-image-preview:large","max-video-preview":"max-video-preview:-1"},"canonical":"https:\/\/alter-entorn.com\/ca\/compostatge\/","og_locale":"ca_ES","og_type":"article","og_title":"Compostatge - alter-entorn","og_description":"Tenim dues solucions per compostar les restes org\u00e0niques de la nostra llar: el compost en pila o compostador (aer\u00f2bic) i el compost en cub bokashi (anaer\u00f2bic)","og_url":"https:\/\/alter-entorn.com\/ca\/compostatge\/","og_site_name":"alter-entorn","article_publisher":"https:\/\/www.facebook.com\/alterentorn\/","article_modified_time":"2025-09-08T19:26:10+00:00","twitter_card":"summary_large_image","twitter_site":"@alterentorn","twitter_misc":{"Temps estimat de lectura":"1 minut"},"schema":{"@context":"https:\/\/schema.org","@graph":[{"@type":"WebPage","@id":"https:\/\/alter-entorn.com\/ca\/compostatge\/","url":"https:\/\/alter-entorn.com\/ca\/compostatge\/","name":"Compostatge - alter-entorn","isPartOf":{"@id":"https:\/\/alter-entorn.com\/ca\/#website"},"datePublished":"2025-09-08T18:19:47+00:00","dateModified":"2025-09-08T19:26:10+00:00","description":"Tenim dues solucions per compostar les restes org\u00e0niques de la nostra llar: el compost en pila o compostador (aer\u00f2bic) i el compost en cub bokashi (anaer\u00f2bic)","breadcrumb":{"@id":"https:\/\/alter-entorn.com\/ca\/compostatge\/#breadcrumb"},"inLanguage":"ca","potentialAction":[{"@type":"ReadAction","target":["https:\/\/alter-entorn.com\/ca\/compostatge\/"]}]},{"@type":"BreadcrumbList","@id":"https:\/\/alter-entorn.com\/ca\/compostatge\/#breadcrumb","itemListElement":[{"@type":"ListItem","position":1,"name":"Portada","item":"https:\/\/alter-entorn.com\/ca\/"},{"@type":"ListItem","position":2,"name":"Compostatge"}]},{"@type":"WebSite","@id":"https:\/\/alter-entorn.com\/ca\/#website","url":"https:\/\/alter-entorn.com\/ca\/","name":"alter-entorn","description":"Soluciones Microbiol\u00f3gicas probi\u00f3ticos","publisher":{"@id":"https:\/\/alter-entorn.com\/ca\/#organization"},"potentialAction":[{"@type":"SearchAction","target":{"@type":"EntryPoint","urlTemplate":"https:\/\/alter-entorn.com\/ca\/?s={search_term_string}"},"query-input":{"@type":"PropertyValueSpecification","valueRequired":true,"valueName":"search_term_string"}}],"inLanguage":"ca"},{"@type":"Organization","@id":"https:\/\/alter-entorn.com\/ca\/#organization","name":"alter-entorn","url":"https:\/\/alter-entorn.com\/ca\/","logo":{"@type":"ImageObject","inLanguage":"ca","@id":"https:\/\/alter-entorn.com\/ca\/#\/schema\/logo\/image\/","url":"https:\/\/alter-entorn.com\/wp-content\/uploads\/2018\/10\/logo_alter_entorn-sin-texto-1.png","contentUrl":"https:\/\/alter-entorn.com\/wp-content\/uploads\/2018\/10\/logo_alter_entorn-sin-texto-1.png","width":246,"height":68,"caption":"alter-entorn"},"image":{"@id":"https:\/\/alter-entorn.com\/ca\/#\/schema\/logo\/image\/"},"sameAs":["https:\/\/www.facebook.com\/alterentorn\/","https:\/\/x.com\/alterentorn"]}]}},"_links":{"self":[{"href":"https:\/\/alter-entorn.com\/ca\/wp-json\/wp\/v2\/pages\/10546","targetHints":{"allow":["GET"]}}],"collection":[{"href":"https:\/\/alter-entorn.com\/ca\/wp-json\/wp\/v2\/pages"}],"about":[{"href":"https:\/\/alter-entorn.com\/ca\/wp-json\/wp\/v2\/types\/page"}],"author":[{"embeddable":true,"href":"https:\/\/alter-entorn.com\/ca\/wp-json\/wp\/v2\/users\/312"}],"replies":[{"embeddable":true,"href":"https:\/\/alter-entorn.com\/ca\/wp-json\/wp\/v2\/comments?post=10546"}],"version-history":[{"count":7,"href":"https:\/\/alter-entorn.com\/ca\/wp-json\/wp\/v2\/pages\/10546\/revisions"}],"predecessor-version":[{"id":10625,"href":"https:\/\/alter-entorn.com\/ca\/wp-json\/wp\/v2\/pages\/10546\/revisions\/10625"}],"wp:attachment":[{"href":"https:\/\/alter-entorn.com\/ca\/wp-json\/wp\/v2\/media?parent=10546"}],"curies":[{"name":"wp","href":"https:\/\/api.w.org\/{rel}","templated":true}]}}