{"id":10586,"date":"2025-09-08T21:04:17","date_gmt":"2025-09-08T19:04:17","guid":{"rendered":"https:\/\/alter-entorn.com\/productes-de-neteja-naturals\/"},"modified":"2025-09-08T21:45:59","modified_gmt":"2025-09-08T19:45:59","slug":"productes-de-neteja-naturals","status":"publish","type":"page","link":"https:\/\/alter-entorn.com\/ca\/productes-de-neteja-naturals\/","title":{"rendered":"Productes de neteja naturals"},"content":{"rendered":"<div class=\"wpb-content-wrapper\"><p>[vc_row][vc_column][vc_single_image image=&#8221;10510&#8243; img_size=&#8221;full&#8221; alignment=&#8221;center&#8221; css=&#8221;&#8221;][\/vc_column][\/vc_row][vc_row][vc_column][vc_column_text css=&#8221;&#8221;]<\/p>\n<p class=\"p1\"><strong>Els <a href=\"https:\/\/alter-entorn.com\/ca\/categoria-producto\/neteja\/\" target=\"_blank\" rel=\"noopener\">productes de neteja naturals<\/a> s\u00f3n la millor opci\u00f3 per mantenir la teva llar neta, saludable i lliure de subst\u00e0ncies t\u00f2xiques.<\/strong> A <em>Alter-Entorn<\/em> apostem per una neteja efica\u00e7 i sostenible, basada en l\u2019\u00fas de <strong>microorganismes beneficiosos que descomponen la brut\u00edcia de manera natural,<\/strong> sense perjudicar la teva salut ni el medi ambient.<\/p>\n<p>&nbsp;<\/p>\n<p class=\"p1\">La nostra gamma inclou <b>netejadors multi\u00fas<\/b>, <b>desgreixadors ecol\u00f2gics<\/b> i solucions per a l\u2019aire i les superf\u00edcies, tots <strong>elaborats amb ingredients biodegradables i sense qu\u00edmics agressius<\/strong> com lleixiu, amon\u00edac o perfums sint\u00e8tics. Gr\u00e0cies a la seva f\u00f3rmula probi\u00f2tica, aquests productes no nom\u00e9s netegen, sin\u00f3 que <strong>restableixen l\u2019equilibri microbi\u00e0 al teu entorn<\/strong>, evitant les males olors i creant espais m\u00e9s saludables.<\/p>\n<p>&nbsp;<\/p>\n<p class=\"p1\"><strong>Ideals per a persones amb la pell sensible, llars amb infants o mascotes<\/strong>, o simplement per a qui busca una <b>alternativa conscient i respectuosa<\/b>, els nostres productes de neteja naturals tenen cura de tu i del planeta. Aposta per una neteja real, viva i regenerativa.<\/p>\n<p>&nbsp;<\/p>\n<h2 class=\"p3\"><span class=\"s1\"><b>PROBI\u00d2TICS DE NETEJA<\/b><\/span><\/h2>\n<p>&nbsp;<\/p>\n<p class=\"p3\"><strong><span class=\"s2\">S\u00f3n netejadors a base de microorganismes beneficiosos, enzims i olis essencials, que descomponen naturalment la brut\u00edcia (greixos, cel\u00b7lulosa, cal\u00e7\u2026)<\/span><\/strong><\/p>\n<p>&nbsp;<\/p>\n<p class=\"p3\"><span class=\"s1\">Aquests productes funcionen colonitzant les superf\u00edcies i competint amb bacteris i fongs pat\u00f2gens, ajudant a eliminar la brut\u00edcia, les males olors i creant un ambient m\u00e9s higi\u00e8nic.<\/span><\/p>\n<p>&nbsp;<\/p>\n<p class=\"p5\">Avantatges de la neteja amb <a href=\"https:\/\/alter-entorn.com\/ca\/producto\/probiotic-neteja-de-roba-i-textils\/\" target=\"_blank\" rel=\"noopener\">probi\u00f2tics de neteja<\/a>:<\/p>\n<p>&nbsp;<\/p>\n<p class=\"p6\"><span class=\"s1\"><span class=\"Apple-converted-space\">\u00a0<\/span><\/span><\/p>\n<p>&nbsp;<\/p>\n<ul class=\"ul1\">\n<li class=\"li7\">\n<h3><b>Neteja m\u00e9s efica\u00e7:<\/b><\/h3>\n<\/li>\n<\/ul>\n<p>&nbsp;<\/p>\n<p class=\"p8\"><span class=\"s4\">Els probi\u00f2tics poden eliminar la brut\u00edcia, les males olors i els bacteris fins i tot entre neteges.<\/span><\/p>\n<p>&nbsp;<\/p>\n<ul class=\"ul1\">\n<li class=\"li7\">\n<h3><b>Major higiene:<\/b><\/h3>\n<\/li>\n<\/ul>\n<p>&nbsp;<\/p>\n<p class=\"p8\"><span class=\"s4\">La pres\u00e8ncia de bacteris beneficiosos ajuda a mantenir les superf\u00edcies m\u00e9s higi\u00e8niques i a reduir el creixement de pat\u00f2gens.<\/span><\/p>\n<p>&nbsp;<\/p>\n<ul class=\"ul1\">\n<li class=\"li7\">\n<h3><b>Alternativa natural:<\/b><\/h3>\n<\/li>\n<\/ul>\n<p>&nbsp;<\/p>\n<p class=\"p8\"><span class=\"s4\">Els netejadors probi\u00f2tics s\u00f3n una alternativa natural als productes de neteja convencionals. S\u00f3n saludables, no contaminen l\u2019aigua ni el medi ambient. L\u2019aigua residual es pot utilitzar per regar i enfortir les plantes o per mantenir els desaig\u00fces nets i sense males olors.<\/span><\/p>\n<p>&nbsp;<\/p>\n<ul class=\"ul1\">\n<li class=\"li7\">\n<h3><b>Eliminaci\u00f3 d\u2019olors:<\/b><\/h3>\n<\/li>\n<\/ul>\n<p><\/p>\n<p class=\"p9\"><span class=\"s4\">Els probi\u00f2tics neutralitzen les olors en lloc de simplement emmascarar-les.<\/span><\/p>\n<p>[\/vc_column_text][\/vc_column][\/vc_row]<\/p>\n<\/div>","protected":false},"excerpt":{"rendered":"<p>[vc_row][vc_column][vc_single_image image=&#8221;10510&#8243; img_size=&#8221;full&#8221; alignment=&#8221;center&#8221; css=&#8221;&#8221;][\/vc_column][\/vc_row][vc_row][vc_column][vc_column_text css=&#8221;&#8221;] Els productes de neteja naturals s\u00f3n la millor opci\u00f3 per mantenir la teva llar neta, saludable i lliure de subst\u00e0ncies t\u00f2xiques. A Alter-Entorn apostem per una neteja efica\u00e7 i sostenible, basada en l\u2019\u00fas de microorganismes beneficiosos que descomponen la brut\u00edcia de manera natural, sense perjudicar la teva salut ni [&hellip;]<\/p>\n","protected":false},"author":312,"featured_media":0,"parent":0,"menu_order":0,"comment_status":"closed","ping_status":"closed","template":"","meta":{"_joinchat":[],"footnotes":""},"class_list":["post-10586","page","type-page","status-publish","hentry"],"yoast_head":"<!-- This site is optimized with the Yoast SEO plugin v27.4 - https:\/\/yoast.com\/product\/yoast-seo-wordpress\/ -->\n<title>Productes de neteja naturals - alter-entorn<\/title>\n<meta name=\"description\" content=\"Els productes de neteja naturals s\u00f3n la millor opci\u00f3 per mantenir la teva llar neta, saludable i lliure de subst\u00e0ncies t\u00f2xiques.\" \/>\n<meta name=\"robots\" content=\"index, follow, max-snippet:-1, max-image-preview:large, max-video-preview:-1\" \/>\n<link rel=\"canonical\" href=\"https:\/\/alter-entorn.com\/ca\/productes-de-neteja-naturals\/\" \/>\n<meta property=\"og:locale\" content=\"ca_ES\" \/>\n<meta property=\"og:type\" content=\"article\" \/>\n<meta property=\"og:title\" content=\"Productes de neteja naturals - alter-entorn\" \/>\n<meta property=\"og:description\" content=\"Els productes de neteja naturals s\u00f3n la millor opci\u00f3 per mantenir la teva llar neta, saludable i lliure de subst\u00e0ncies t\u00f2xiques.\" \/>\n<meta property=\"og:url\" content=\"https:\/\/alter-entorn.com\/ca\/productes-de-neteja-naturals\/\" \/>\n<meta property=\"og:site_name\" content=\"alter-entorn\" \/>\n<meta property=\"article:publisher\" content=\"https:\/\/www.facebook.com\/alterentorn\/\" \/>\n<meta property=\"article:modified_time\" content=\"2025-09-08T19:45:59+00:00\" \/>\n<meta name=\"twitter:card\" content=\"summary_large_image\" \/>\n<meta name=\"twitter:site\" content=\"@alterentorn\" \/>\n<meta name=\"twitter:label1\" content=\"Temps estimat de lectura\" \/>\n\t<meta name=\"twitter:data1\" content=\"2 minuts\" \/>\n<script type=\"application\/ld+json\" class=\"yoast-schema-graph\">{\"@context\":\"https:\\\/\\\/schema.org\",\"@graph\":[{\"@type\":\"WebPage\",\"@id\":\"https:\\\/\\\/alter-entorn.com\\\/ca\\\/productes-de-neteja-naturals\\\/\",\"url\":\"https:\\\/\\\/alter-entorn.com\\\/ca\\\/productes-de-neteja-naturals\\\/\",\"name\":\"Productes de neteja naturals - alter-entorn\",\"isPartOf\":{\"@id\":\"https:\\\/\\\/alter-entorn.com\\\/ca\\\/#website\"},\"datePublished\":\"2025-09-08T19:04:17+00:00\",\"dateModified\":\"2025-09-08T19:45:59+00:00\",\"description\":\"Els productes de neteja naturals s\u00f3n la millor opci\u00f3 per mantenir la teva llar neta, saludable i lliure de subst\u00e0ncies t\u00f2xiques.\",\"breadcrumb\":{\"@id\":\"https:\\\/\\\/alter-entorn.com\\\/ca\\\/productes-de-neteja-naturals\\\/#breadcrumb\"},\"inLanguage\":\"ca\",\"potentialAction\":[{\"@type\":\"ReadAction\",\"target\":[\"https:\\\/\\\/alter-entorn.com\\\/ca\\\/productes-de-neteja-naturals\\\/\"]}]},{\"@type\":\"BreadcrumbList\",\"@id\":\"https:\\\/\\\/alter-entorn.com\\\/ca\\\/productes-de-neteja-naturals\\\/#breadcrumb\",\"itemListElement\":[{\"@type\":\"ListItem\",\"position\":1,\"name\":\"Portada\",\"item\":\"https:\\\/\\\/alter-entorn.com\\\/ca\\\/\"},{\"@type\":\"ListItem\",\"position\":2,\"name\":\"Productes de neteja naturals\"}]},{\"@type\":\"WebSite\",\"@id\":\"https:\\\/\\\/alter-entorn.com\\\/ca\\\/#website\",\"url\":\"https:\\\/\\\/alter-entorn.com\\\/ca\\\/\",\"name\":\"alter-entorn\",\"description\":\"Soluciones Microbiol\u00f3gicas probi\u00f3ticos\",\"publisher\":{\"@id\":\"https:\\\/\\\/alter-entorn.com\\\/ca\\\/#organization\"},\"potentialAction\":[{\"@type\":\"SearchAction\",\"target\":{\"@type\":\"EntryPoint\",\"urlTemplate\":\"https:\\\/\\\/alter-entorn.com\\\/ca\\\/?s={search_term_string}\"},\"query-input\":{\"@type\":\"PropertyValueSpecification\",\"valueRequired\":true,\"valueName\":\"search_term_string\"}}],\"inLanguage\":\"ca\"},{\"@type\":\"Organization\",\"@id\":\"https:\\\/\\\/alter-entorn.com\\\/ca\\\/#organization\",\"name\":\"alter-entorn\",\"url\":\"https:\\\/\\\/alter-entorn.com\\\/ca\\\/\",\"logo\":{\"@type\":\"ImageObject\",\"inLanguage\":\"ca\",\"@id\":\"https:\\\/\\\/alter-entorn.com\\\/ca\\\/#\\\/schema\\\/logo\\\/image\\\/\",\"url\":\"https:\\\/\\\/alter-entorn.com\\\/wp-content\\\/uploads\\\/2018\\\/10\\\/logo_alter_entorn-sin-texto-1.png\",\"contentUrl\":\"https:\\\/\\\/alter-entorn.com\\\/wp-content\\\/uploads\\\/2018\\\/10\\\/logo_alter_entorn-sin-texto-1.png\",\"width\":246,\"height\":68,\"caption\":\"alter-entorn\"},\"image\":{\"@id\":\"https:\\\/\\\/alter-entorn.com\\\/ca\\\/#\\\/schema\\\/logo\\\/image\\\/\"},\"sameAs\":[\"https:\\\/\\\/www.facebook.com\\\/alterentorn\\\/\",\"https:\\\/\\\/x.com\\\/alterentorn\"]}]}<\/script>\n<!-- \/ Yoast SEO plugin. -->","yoast_head_json":{"title":"Productes de neteja naturals - alter-entorn","description":"Els productes de neteja naturals s\u00f3n la millor opci\u00f3 per mantenir la teva llar neta, saludable i lliure de subst\u00e0ncies t\u00f2xiques.","robots":{"index":"index","follow":"follow","max-snippet":"max-snippet:-1","max-image-preview":"max-image-preview:large","max-video-preview":"max-video-preview:-1"},"canonical":"https:\/\/alter-entorn.com\/ca\/productes-de-neteja-naturals\/","og_locale":"ca_ES","og_type":"article","og_title":"Productes de neteja naturals - alter-entorn","og_description":"Els productes de neteja naturals s\u00f3n la millor opci\u00f3 per mantenir la teva llar neta, saludable i lliure de subst\u00e0ncies t\u00f2xiques.","og_url":"https:\/\/alter-entorn.com\/ca\/productes-de-neteja-naturals\/","og_site_name":"alter-entorn","article_publisher":"https:\/\/www.facebook.com\/alterentorn\/","article_modified_time":"2025-09-08T19:45:59+00:00","twitter_card":"summary_large_image","twitter_site":"@alterentorn","twitter_misc":{"Temps estimat de lectura":"2 minuts"},"schema":{"@context":"https:\/\/schema.org","@graph":[{"@type":"WebPage","@id":"https:\/\/alter-entorn.com\/ca\/productes-de-neteja-naturals\/","url":"https:\/\/alter-entorn.com\/ca\/productes-de-neteja-naturals\/","name":"Productes de neteja naturals - alter-entorn","isPartOf":{"@id":"https:\/\/alter-entorn.com\/ca\/#website"},"datePublished":"2025-09-08T19:04:17+00:00","dateModified":"2025-09-08T19:45:59+00:00","description":"Els productes de neteja naturals s\u00f3n la millor opci\u00f3 per mantenir la teva llar neta, saludable i lliure de subst\u00e0ncies t\u00f2xiques.","breadcrumb":{"@id":"https:\/\/alter-entorn.com\/ca\/productes-de-neteja-naturals\/#breadcrumb"},"inLanguage":"ca","potentialAction":[{"@type":"ReadAction","target":["https:\/\/alter-entorn.com\/ca\/productes-de-neteja-naturals\/"]}]},{"@type":"BreadcrumbList","@id":"https:\/\/alter-entorn.com\/ca\/productes-de-neteja-naturals\/#breadcrumb","itemListElement":[{"@type":"ListItem","position":1,"name":"Portada","item":"https:\/\/alter-entorn.com\/ca\/"},{"@type":"ListItem","position":2,"name":"Productes de neteja naturals"}]},{"@type":"WebSite","@id":"https:\/\/alter-entorn.com\/ca\/#website","url":"https:\/\/alter-entorn.com\/ca\/","name":"alter-entorn","description":"Soluciones Microbiol\u00f3gicas probi\u00f3ticos","publisher":{"@id":"https:\/\/alter-entorn.com\/ca\/#organization"},"potentialAction":[{"@type":"SearchAction","target":{"@type":"EntryPoint","urlTemplate":"https:\/\/alter-entorn.com\/ca\/?s={search_term_string}"},"query-input":{"@type":"PropertyValueSpecification","valueRequired":true,"valueName":"search_term_string"}}],"inLanguage":"ca"},{"@type":"Organization","@id":"https:\/\/alter-entorn.com\/ca\/#organization","name":"alter-entorn","url":"https:\/\/alter-entorn.com\/ca\/","logo":{"@type":"ImageObject","inLanguage":"ca","@id":"https:\/\/alter-entorn.com\/ca\/#\/schema\/logo\/image\/","url":"https:\/\/alter-entorn.com\/wp-content\/uploads\/2018\/10\/logo_alter_entorn-sin-texto-1.png","contentUrl":"https:\/\/alter-entorn.com\/wp-content\/uploads\/2018\/10\/logo_alter_entorn-sin-texto-1.png","width":246,"height":68,"caption":"alter-entorn"},"image":{"@id":"https:\/\/alter-entorn.com\/ca\/#\/schema\/logo\/image\/"},"sameAs":["https:\/\/www.facebook.com\/alterentorn\/","https:\/\/x.com\/alterentorn"]}]}},"_links":{"self":[{"href":"https:\/\/alter-entorn.com\/ca\/wp-json\/wp\/v2\/pages\/10586","targetHints":{"allow":["GET"]}}],"collection":[{"href":"https:\/\/alter-entorn.com\/ca\/wp-json\/wp\/v2\/pages"}],"about":[{"href":"https:\/\/alter-entorn.com\/ca\/wp-json\/wp\/v2\/types\/page"}],"author":[{"embeddable":true,"href":"https:\/\/alter-entorn.com\/ca\/wp-json\/wp\/v2\/users\/312"}],"replies":[{"embeddable":true,"href":"https:\/\/alter-entorn.com\/ca\/wp-json\/wp\/v2\/comments?post=10586"}],"version-history":[{"count":7,"href":"https:\/\/alter-entorn.com\/ca\/wp-json\/wp\/v2\/pages\/10586\/revisions"}],"predecessor-version":[{"id":10661,"href":"https:\/\/alter-entorn.com\/ca\/wp-json\/wp\/v2\/pages\/10586\/revisions\/10661"}],"wp:attachment":[{"href":"https:\/\/alter-entorn.com\/ca\/wp-json\/wp\/v2\/media?parent=10586"}],"curies":[{"name":"wp","href":"https:\/\/api.w.org\/{rel}","templated":true}]}}