{"id":10598,"date":"2025-09-08T21:10:14","date_gmt":"2025-09-08T19:10:14","guid":{"rendered":"https:\/\/alter-entorn.com\/suplements-alimentaris-per-a-mascotes\/"},"modified":"2025-09-08T21:10:16","modified_gmt":"2025-09-08T19:10:16","slug":"suplements-alimentaris-per-a-mascotes","status":"publish","type":"page","link":"https:\/\/alter-entorn.com\/ca\/suplements-alimentaris-per-a-mascotes\/","title":{"rendered":"Suplements alimentaris per a mascotes"},"content":{"rendered":"<div class=\"wpb-content-wrapper\"><p>[vc_row][vc_column][vc_single_image image=&#8221;10520&#8243; img_size=&#8221;full&#8221; alignment=&#8221;center&#8221; css=&#8221;&#8221;][\/vc_column][\/vc_row][vc_row][vc_column][vc_column_text css=&#8221;&#8221;]<\/p>\n<p class=\"p1\"><strong>Els <a href=\"https:\/\/alter-entorn.com\/ca\/categoria-producto\/mascotes\/\" target=\"_blank\" rel=\"noopener\">suplements alimentaris per a mascotes<\/a> s\u00f3n una excel\u00b7lent manera de refor\u00e7ar la salut i el benestar del teu gos o gat de manera natural i segura<\/strong>. A <em>Alter-Entorn<\/em> apostem per f\u00f3rmules ecol\u00f2giques basades en <b>microorganismes vius i extractes vegetals<\/b>, que milloren la digesti\u00f3, reforcen el sistema immunitari i cuiden la pell i el pelatge des de dins.<\/p>\n<p class=\"p1\"><strong>Els nostres suplements probi\u00f2tics estan especialment dissenyats per equilibrar la flora intestinal de la teva mascota, ajudant a prevenir al\u00b7l\u00e8rgies, diarrees, caiguda del p\u00e8l i altres mol\u00e8sties comunes.<\/strong> S\u00f3n productes <b>sense additius qu\u00edmics ni conservants artificials<\/b>, aptes per a un \u00fas diari i compatibles amb tot tipus de dietes, fins i tot les m\u00e9s sensibles.<\/p>\n<p class=\"p1\">Ja sigui per refor\u00e7ar la salut digestiva, millorar l\u2019absorci\u00f3 de nutrients o simplement oferir un extra de vitalitat al teu animal, els nostres suplements naturals s\u00f3n l\u2019elecci\u00f3 perfecta per a una cura conscient, respectuosa i sostenible.<\/p>\n<p class=\"p3\"><span class=\"s2\"><strong>Les mascotes s\u00f3n per a nosaltres un membre m\u00e9s de la fam\u00edlia.<\/strong> Aix\u00ed com ells <a href=\"https:\/\/alter-entorn.com\/ca\/beneficis-de-tenir-una-mascota\/\"><span class=\"s3\">ens aporten una gran quantitat de beneficis<\/span><\/a><\/span><span class=\"s4\">,<\/span><span class=\"s2\"> nosaltres tamb\u00e9 volem cuidar-los de la millor manera possible. Per aix\u00f2, hem de saber que <a href=\"https:\/\/alter-entorn.com\/ca\/les-mascotes-poden-prendre-probiotics\/\"><span class=\"s5\">igual que els probi\u00f2tics ens funcionen a nosaltres, tamb\u00e9 s\u00f3n efectius i molt adequats per a les nostres mascotes<\/span><\/a>.<\/span><\/p>\n<p class=\"p3\"><strong><a href=\"https:\/\/alter-entorn.com\/ca\/producto\/fhe-mascotes\/\" target=\"_blank\" rel=\"noopener\"><em>Cana Mascotes<\/em><\/a> \u00e9s un suplement nutricional especial per a animals de companyia<\/strong> que beneficia la seva flora intestinal, alhora que millora la seva salut. Alguns dels efectes del consum de <b>Cana Mascotes<\/b> s\u00f3n:<\/p>\n<ul class=\"ul1\">\n<li class=\"li3\"><strong>millora de la digesti\u00f3<\/strong><\/li>\n<li class=\"li3\"><strong>augment de l\u2019assimilaci\u00f3 i l\u2019aprofitament dels aliments<\/strong><\/li>\n<li class=\"li3\"><strong>regenera la flora intestinal<\/strong><\/li>\n<li class=\"li3\"><strong>millora de la pell i el pelatge<\/strong><\/li>\n<li class=\"li3\"><strong>reducci\u00f3 de les olors<\/strong><\/li>\n<\/ul>\n<p class=\"p1\"><strong>314 \u00e9s un cicatritzant i desinfectant de ferides en esprai,<\/strong> totalment natural. Accelera el proc\u00e9s de curaci\u00f3 i ajuda a tenir una millor cicatritzaci\u00f3.<\/p>\n<p class=\"p1\"><strong>Equilibra la flora bacteriana de la pell, cicatritza ferides, redueix la pres\u00e8ncia de fongs, elimina les c\u00e8l\u00b7lules mortes de la pell i les infeccions epid\u00e8rmiques.<\/strong> Potencia la regeneraci\u00f3 de les c\u00e8l\u00b7lules, accelerant la cicatritzaci\u00f3 i desinfectant les ferides.<\/p>\n<p class=\"p2\">Les nostres mascotes passen molt de temps en contacte amb el terra, aix\u00ed que <strong>els netejadors probi\u00f2tics s\u00f3n molt recomanables per a les nostres mascotes, ja que no alliberen COVs, s\u00f3n totalment innocus i lliures de subst\u00e0ncies qu\u00edmiques nocives.<\/strong> Per a la neteja di\u00e0ria i com a ambientador, el multiusos ser\u00e0 l\u2019opci\u00f3 m\u00e9s encertada. Per a la brut\u00edcia m\u00e9s persistent i incrustada, el millor ser\u00e0 el desincrustant.<\/p>\n<p>&nbsp;<br \/>[\/vc_column_text][\/vc_column][\/vc_row]<\/p>\n<\/div>","protected":false},"excerpt":{"rendered":"<p>[vc_row][vc_column][vc_single_image image=&#8221;10520&#8243; img_size=&#8221;full&#8221; alignment=&#8221;center&#8221; css=&#8221;&#8221;][\/vc_column][\/vc_row][vc_row][vc_column][vc_column_text css=&#8221;&#8221;] Els suplements alimentaris per a mascotes s\u00f3n una excel\u00b7lent manera de refor\u00e7ar la salut i el benestar del teu gos o gat de manera natural i segura. A Alter-Entorn apostem per f\u00f3rmules ecol\u00f2giques basades en microorganismes vius i extractes vegetals, que milloren la digesti\u00f3, reforcen el sistema immunitari i [&hellip;]<\/p>\n","protected":false},"author":312,"featured_media":0,"parent":0,"menu_order":0,"comment_status":"closed","ping_status":"closed","template":"","meta":{"_joinchat":[],"footnotes":""},"class_list":["post-10598","page","type-page","status-publish","hentry"],"yoast_head":"<!-- This site is optimized with the Yoast SEO plugin v27.4 - https:\/\/yoast.com\/product\/yoast-seo-wordpress\/ -->\n<title>Suplements alimentaris per a mascotes - alter-entorn<\/title>\n<meta name=\"description\" content=\"Els suplements alimentaris per a mascotes s\u00f3n una excel\u00b7lent manera de refor\u00e7ar la salut i el benestar del teu gos o gat de manera natural i segura.\" \/>\n<meta name=\"robots\" content=\"index, follow, max-snippet:-1, max-image-preview:large, max-video-preview:-1\" \/>\n<link rel=\"canonical\" href=\"https:\/\/alter-entorn.com\/ca\/suplements-alimentaris-per-a-mascotes\/\" \/>\n<meta property=\"og:locale\" content=\"ca_ES\" \/>\n<meta property=\"og:type\" content=\"article\" \/>\n<meta property=\"og:title\" content=\"Suplements alimentaris per a mascotes - alter-entorn\" \/>\n<meta property=\"og:description\" content=\"Els suplements alimentaris per a mascotes s\u00f3n una excel\u00b7lent manera de refor\u00e7ar la salut i el benestar del teu gos o gat de manera natural i segura.\" \/>\n<meta property=\"og:url\" content=\"https:\/\/alter-entorn.com\/ca\/suplements-alimentaris-per-a-mascotes\/\" \/>\n<meta property=\"og:site_name\" content=\"alter-entorn\" \/>\n<meta property=\"article:publisher\" content=\"https:\/\/www.facebook.com\/alterentorn\/\" \/>\n<meta property=\"article:modified_time\" content=\"2025-09-08T19:10:16+00:00\" \/>\n<meta name=\"twitter:card\" content=\"summary_large_image\" \/>\n<meta name=\"twitter:site\" content=\"@alterentorn\" \/>\n<meta name=\"twitter:label1\" content=\"Temps estimat de lectura\" \/>\n\t<meta name=\"twitter:data1\" content=\"2 minuts\" \/>\n<script type=\"application\/ld+json\" class=\"yoast-schema-graph\">{\"@context\":\"https:\\\/\\\/schema.org\",\"@graph\":[{\"@type\":\"WebPage\",\"@id\":\"https:\\\/\\\/alter-entorn.com\\\/ca\\\/suplements-alimentaris-per-a-mascotes\\\/\",\"url\":\"https:\\\/\\\/alter-entorn.com\\\/ca\\\/suplements-alimentaris-per-a-mascotes\\\/\",\"name\":\"Suplements alimentaris per a mascotes - alter-entorn\",\"isPartOf\":{\"@id\":\"https:\\\/\\\/alter-entorn.com\\\/ca\\\/#website\"},\"datePublished\":\"2025-09-08T19:10:14+00:00\",\"dateModified\":\"2025-09-08T19:10:16+00:00\",\"description\":\"Els suplements alimentaris per a mascotes s\u00f3n una excel\u00b7lent manera de refor\u00e7ar la salut i el benestar del teu gos o gat de manera natural i segura.\",\"breadcrumb\":{\"@id\":\"https:\\\/\\\/alter-entorn.com\\\/ca\\\/suplements-alimentaris-per-a-mascotes\\\/#breadcrumb\"},\"inLanguage\":\"ca\",\"potentialAction\":[{\"@type\":\"ReadAction\",\"target\":[\"https:\\\/\\\/alter-entorn.com\\\/ca\\\/suplements-alimentaris-per-a-mascotes\\\/\"]}]},{\"@type\":\"BreadcrumbList\",\"@id\":\"https:\\\/\\\/alter-entorn.com\\\/ca\\\/suplements-alimentaris-per-a-mascotes\\\/#breadcrumb\",\"itemListElement\":[{\"@type\":\"ListItem\",\"position\":1,\"name\":\"Portada\",\"item\":\"https:\\\/\\\/alter-entorn.com\\\/ca\\\/\"},{\"@type\":\"ListItem\",\"position\":2,\"name\":\"Suplements alimentaris per a mascotes\"}]},{\"@type\":\"WebSite\",\"@id\":\"https:\\\/\\\/alter-entorn.com\\\/ca\\\/#website\",\"url\":\"https:\\\/\\\/alter-entorn.com\\\/ca\\\/\",\"name\":\"alter-entorn\",\"description\":\"Soluciones Microbiol\u00f3gicas probi\u00f3ticos\",\"publisher\":{\"@id\":\"https:\\\/\\\/alter-entorn.com\\\/ca\\\/#organization\"},\"potentialAction\":[{\"@type\":\"SearchAction\",\"target\":{\"@type\":\"EntryPoint\",\"urlTemplate\":\"https:\\\/\\\/alter-entorn.com\\\/ca\\\/?s={search_term_string}\"},\"query-input\":{\"@type\":\"PropertyValueSpecification\",\"valueRequired\":true,\"valueName\":\"search_term_string\"}}],\"inLanguage\":\"ca\"},{\"@type\":\"Organization\",\"@id\":\"https:\\\/\\\/alter-entorn.com\\\/ca\\\/#organization\",\"name\":\"alter-entorn\",\"url\":\"https:\\\/\\\/alter-entorn.com\\\/ca\\\/\",\"logo\":{\"@type\":\"ImageObject\",\"inLanguage\":\"ca\",\"@id\":\"https:\\\/\\\/alter-entorn.com\\\/ca\\\/#\\\/schema\\\/logo\\\/image\\\/\",\"url\":\"https:\\\/\\\/alter-entorn.com\\\/wp-content\\\/uploads\\\/2018\\\/10\\\/logo_alter_entorn-sin-texto-1.png\",\"contentUrl\":\"https:\\\/\\\/alter-entorn.com\\\/wp-content\\\/uploads\\\/2018\\\/10\\\/logo_alter_entorn-sin-texto-1.png\",\"width\":246,\"height\":68,\"caption\":\"alter-entorn\"},\"image\":{\"@id\":\"https:\\\/\\\/alter-entorn.com\\\/ca\\\/#\\\/schema\\\/logo\\\/image\\\/\"},\"sameAs\":[\"https:\\\/\\\/www.facebook.com\\\/alterentorn\\\/\",\"https:\\\/\\\/x.com\\\/alterentorn\"]}]}<\/script>\n<!-- \/ Yoast SEO plugin. -->","yoast_head_json":{"title":"Suplements alimentaris per a mascotes - alter-entorn","description":"Els suplements alimentaris per a mascotes s\u00f3n una excel\u00b7lent manera de refor\u00e7ar la salut i el benestar del teu gos o gat de manera natural i segura.","robots":{"index":"index","follow":"follow","max-snippet":"max-snippet:-1","max-image-preview":"max-image-preview:large","max-video-preview":"max-video-preview:-1"},"canonical":"https:\/\/alter-entorn.com\/ca\/suplements-alimentaris-per-a-mascotes\/","og_locale":"ca_ES","og_type":"article","og_title":"Suplements alimentaris per a mascotes - alter-entorn","og_description":"Els suplements alimentaris per a mascotes s\u00f3n una excel\u00b7lent manera de refor\u00e7ar la salut i el benestar del teu gos o gat de manera natural i segura.","og_url":"https:\/\/alter-entorn.com\/ca\/suplements-alimentaris-per-a-mascotes\/","og_site_name":"alter-entorn","article_publisher":"https:\/\/www.facebook.com\/alterentorn\/","article_modified_time":"2025-09-08T19:10:16+00:00","twitter_card":"summary_large_image","twitter_site":"@alterentorn","twitter_misc":{"Temps estimat de lectura":"2 minuts"},"schema":{"@context":"https:\/\/schema.org","@graph":[{"@type":"WebPage","@id":"https:\/\/alter-entorn.com\/ca\/suplements-alimentaris-per-a-mascotes\/","url":"https:\/\/alter-entorn.com\/ca\/suplements-alimentaris-per-a-mascotes\/","name":"Suplements alimentaris per a mascotes - alter-entorn","isPartOf":{"@id":"https:\/\/alter-entorn.com\/ca\/#website"},"datePublished":"2025-09-08T19:10:14+00:00","dateModified":"2025-09-08T19:10:16+00:00","description":"Els suplements alimentaris per a mascotes s\u00f3n una excel\u00b7lent manera de refor\u00e7ar la salut i el benestar del teu gos o gat de manera natural i segura.","breadcrumb":{"@id":"https:\/\/alter-entorn.com\/ca\/suplements-alimentaris-per-a-mascotes\/#breadcrumb"},"inLanguage":"ca","potentialAction":[{"@type":"ReadAction","target":["https:\/\/alter-entorn.com\/ca\/suplements-alimentaris-per-a-mascotes\/"]}]},{"@type":"BreadcrumbList","@id":"https:\/\/alter-entorn.com\/ca\/suplements-alimentaris-per-a-mascotes\/#breadcrumb","itemListElement":[{"@type":"ListItem","position":1,"name":"Portada","item":"https:\/\/alter-entorn.com\/ca\/"},{"@type":"ListItem","position":2,"name":"Suplements alimentaris per a mascotes"}]},{"@type":"WebSite","@id":"https:\/\/alter-entorn.com\/ca\/#website","url":"https:\/\/alter-entorn.com\/ca\/","name":"alter-entorn","description":"Soluciones Microbiol\u00f3gicas probi\u00f3ticos","publisher":{"@id":"https:\/\/alter-entorn.com\/ca\/#organization"},"potentialAction":[{"@type":"SearchAction","target":{"@type":"EntryPoint","urlTemplate":"https:\/\/alter-entorn.com\/ca\/?s={search_term_string}"},"query-input":{"@type":"PropertyValueSpecification","valueRequired":true,"valueName":"search_term_string"}}],"inLanguage":"ca"},{"@type":"Organization","@id":"https:\/\/alter-entorn.com\/ca\/#organization","name":"alter-entorn","url":"https:\/\/alter-entorn.com\/ca\/","logo":{"@type":"ImageObject","inLanguage":"ca","@id":"https:\/\/alter-entorn.com\/ca\/#\/schema\/logo\/image\/","url":"https:\/\/alter-entorn.com\/wp-content\/uploads\/2018\/10\/logo_alter_entorn-sin-texto-1.png","contentUrl":"https:\/\/alter-entorn.com\/wp-content\/uploads\/2018\/10\/logo_alter_entorn-sin-texto-1.png","width":246,"height":68,"caption":"alter-entorn"},"image":{"@id":"https:\/\/alter-entorn.com\/ca\/#\/schema\/logo\/image\/"},"sameAs":["https:\/\/www.facebook.com\/alterentorn\/","https:\/\/x.com\/alterentorn"]}]}},"_links":{"self":[{"href":"https:\/\/alter-entorn.com\/ca\/wp-json\/wp\/v2\/pages\/10598","targetHints":{"allow":["GET"]}}],"collection":[{"href":"https:\/\/alter-entorn.com\/ca\/wp-json\/wp\/v2\/pages"}],"about":[{"href":"https:\/\/alter-entorn.com\/ca\/wp-json\/wp\/v2\/types\/page"}],"author":[{"embeddable":true,"href":"https:\/\/alter-entorn.com\/ca\/wp-json\/wp\/v2\/users\/312"}],"replies":[{"embeddable":true,"href":"https:\/\/alter-entorn.com\/ca\/wp-json\/wp\/v2\/comments?post=10598"}],"version-history":[{"count":3,"href":"https:\/\/alter-entorn.com\/ca\/wp-json\/wp\/v2\/pages\/10598\/revisions"}],"predecessor-version":[{"id":10601,"href":"https:\/\/alter-entorn.com\/ca\/wp-json\/wp\/v2\/pages\/10598\/revisions\/10601"}],"wp:attachment":[{"href":"https:\/\/alter-entorn.com\/ca\/wp-json\/wp\/v2\/media?parent=10598"}],"curies":[{"name":"wp","href":"https:\/\/api.w.org\/{rel}","templated":true}]}}