{"id":10610,"date":"2025-09-08T21:16:52","date_gmt":"2025-09-08T19:16:52","guid":{"rendered":"https:\/\/alter-entorn.com\/suplements-naturals\/"},"modified":"2025-09-08T21:49:35","modified_gmt":"2025-09-08T19:49:35","slug":"suplements-naturals","status":"publish","type":"page","link":"https:\/\/alter-entorn.com\/ca\/suplements-naturals\/","title":{"rendered":"Suplements naturals"},"content":{"rendered":"<div class=\"wpb-content-wrapper\"><p>[vc_row][vc_column][vc_single_image image=&#8221;10487&#8243; img_size=&#8221;full&#8221; alignment=&#8221;center&#8221; css=&#8221;&#8221;][\/vc_column][\/vc_row][vc_row][vc_column][vc_column_text css=&#8221;&#8221;]<\/p>\n<p class=\"p1\"><strong>Els suplements naturals s\u00f3n una eina clau per mantenir l\u2019equilibri de l\u2019organisme<\/strong> de manera respectuosa i sostenible. A <em>Alter-Entorn<\/em> oferim una selecci\u00f3 de <b>probi\u00f2tics l\u00edquids d\u2019origen natural<\/b>, elaborats amb fermentacions vives, extractes bot\u00e0nics i minerals que ajuden a <b>restaurar la microbiota intestinal<\/b> <strong>i enfortir el sistema immunitari.<\/strong><\/p>\n<p>&nbsp;<\/p>\n<p class=\"p1\">Els nostres productes estan dissenyats per a persones que busquen <b>benestar digestiu<\/b>, m\u00e9s vitalitat i una millora global de la seva salut sense rec\u00f3rrer a qu\u00edmics ni additius artificials. F\u00f3rmules com <b>Microbz<\/b>, en les seves diferents versions (Sustain, Revive o Women), <strong>aporten milions de microorganismes vius que actuen directament sobre l\u2019intest\u00ed, promovent una digesti\u00f3 m\u00e9s eficient<\/strong>, reducci\u00f3 de la inflamaci\u00f3 i millor absorci\u00f3 de nutrients.<\/p>\n<p>&nbsp;<\/p>\n<p class=\"p1\">F\u00e0cils d\u2019incorporar en la rutina di\u00e0ria, <strong>aquests suplements probi\u00f2tics no necessiten refrigeraci\u00f3 i s\u00f3n aptes per a totes les edats.<\/strong> Ja sigui per enfortir les teves defenses, millorar el tr\u00e0nsit intestinal o donar suport al teu benestar emocional des de l\u2019intest\u00ed, els nostres <strong>suplements naturals s\u00f3n una opci\u00f3 segura<\/strong>, efectiva i conscient.<\/p>\n<p>&nbsp;<\/p>\n<h2 class=\"p3\"><a href=\"https:\/\/alter-entorn.com\/ca\/?s=probiotics&amp;post_type=product&amp;lang=ca\"><b>CUIDAR-SE DES DE DINS<\/b><\/a><\/h2>\n<p>&nbsp;<\/p>\n<h3><\/h3>\n<p>&nbsp;<\/p>\n<h3 class=\"p3\"><b>MICROBZ PROBI\u00d2TICS L\u00cdQUIDS<\/b><\/h3>\n<p>&nbsp;<\/p>\n<p class=\"p3\"><strong>La bona salut de la microbiota o flora intestinal \u00e9s fonamental per al nostre benestar.<\/strong> A l\u2019intest\u00ed tenim milions de microorganismes i bacteris que conformen la nostra flora intestinal i contribueixen al bon funcionament del nostre cos. El ritme de vida actual, les presses, els productes envasats i precuinats, els ambients tancats, l\u2019exc\u00e9s de medicaments, els materials sint\u00e8tics\u2026 destrueixen l\u2019equilibri del nostre cos donant lloc a diversos problemes de salut. <strong>Els probi\u00f2tics ens ajuden a recuperar aquest equilibri imprescindible per al bon funcionament del nostre organisme.<\/strong><\/p>\n<p>&nbsp;<\/p>\n<ul class=\"ul1\">\n<li class=\"li4\">Equilibren la flora intestinal.<\/li>\n<li class=\"li4\">Reforcen i incrementen les nostres defenses<\/li>\n<li class=\"li4\">Milloren els trastorns digestius<\/li>\n<li class=\"li4\">Afavoreixen l\u2019absorci\u00f3 de nutrients<\/li>\n<li class=\"li3\">Afavoreixen el descans<\/li>\n<\/ul>\n<p>&nbsp;<\/p>\n<h3 class=\"p6\"><b>MANJU<\/b><\/h3>\n<p>&nbsp;<\/p>\n<p class=\"p3\"><strong><span class=\"s3\"><a href=\"https:\/\/alter-entorn.com\/ca\/producto\/manju\/\" target=\"_blank\" rel=\"noopener\">Manju<\/a><\/span> \u00e9s un <em>antioxidant<\/em> elaborat a partir de subst\u00e0ncies vegetals fermentades i madurades,<\/strong> com l\u2019arr\u00f2s i la papaia verda.<\/p>\n<p>&nbsp;<\/p>\n<p class=\"p3\">Els components del Manju es seleccionen acuradament i se sotmeten a diferents controls de qualitat. Durant el proc\u00e9s d\u2019elaboraci\u00f3 s\u2019hi incorporen microorganismes en proc\u00e9s de fermentaci\u00f3, que despr\u00e9s es separen en l\u00edquid i s\u00f2lid, i es fa l\u2019esterilitzaci\u00f3 del primer. La papaia cont\u00e9 diverses subst\u00e0ncies beneficioses com la vitamina C, fibra o amino\u00e0cids que augmenten la vitalitat; l\u2019arr\u00f2s natural \u00e9s ric en minerals i el seu seg\u00f3 cont\u00e9 molta fibra i antioxidants; les algues kelp s\u00f3n riques en ferro i calci, etc.<\/p>\n<p>&nbsp;<\/p>\n<p class=\"p3\">La seva ingesta <b>frena l\u2019oxidaci\u00f3 de les c\u00e8l\u00b7lules que acceleren l\u2019envelliment i la degeneraci\u00f3 de l\u2019organisme,<\/b> aportant un extra d\u2019energia i vitalitat al nostre cos.<\/p>\n<p>&nbsp;[\/vc_column_text][\/vc_column][\/vc_row]<\/p>\n<\/div>","protected":false},"excerpt":{"rendered":"<p>[vc_row][vc_column][vc_single_image image=&#8221;10487&#8243; img_size=&#8221;full&#8221; alignment=&#8221;center&#8221; css=&#8221;&#8221;][\/vc_column][\/vc_row][vc_row][vc_column][vc_column_text css=&#8221;&#8221;] Els suplements naturals s\u00f3n una eina clau per mantenir l\u2019equilibri de l\u2019organisme de manera respectuosa i sostenible. A Alter-Entorn oferim una selecci\u00f3 de probi\u00f2tics l\u00edquids d\u2019origen natural, elaborats amb fermentacions vives, extractes bot\u00e0nics i minerals que ajuden a restaurar la microbiota intestinal i enfortir el sistema immunitari. &nbsp; Els [&hellip;]<\/p>\n","protected":false},"author":312,"featured_media":0,"parent":0,"menu_order":0,"comment_status":"closed","ping_status":"closed","template":"","meta":{"_joinchat":[],"footnotes":""},"class_list":["post-10610","page","type-page","status-publish","hentry"],"yoast_head":"<!-- This site is optimized with the Yoast SEO plugin v27.4 - https:\/\/yoast.com\/product\/yoast-seo-wordpress\/ -->\n<title>Suplements naturals - alter-entorn<\/title>\n<meta name=\"description\" content=\"Els suplements naturals s\u00f3n una eina clau per mantenir l\u2019equilibri de l\u2019organisme de manera respectuosa i sostenible.\" \/>\n<meta name=\"robots\" content=\"index, follow, max-snippet:-1, max-image-preview:large, max-video-preview:-1\" \/>\n<link rel=\"canonical\" href=\"https:\/\/alter-entorn.com\/ca\/suplements-naturals\/\" \/>\n<meta property=\"og:locale\" content=\"ca_ES\" \/>\n<meta property=\"og:type\" content=\"article\" \/>\n<meta property=\"og:title\" content=\"Suplements naturals - alter-entorn\" \/>\n<meta property=\"og:description\" content=\"Els suplements naturals s\u00f3n una eina clau per mantenir l\u2019equilibri de l\u2019organisme de manera respectuosa i sostenible.\" \/>\n<meta property=\"og:url\" content=\"https:\/\/alter-entorn.com\/ca\/suplements-naturals\/\" \/>\n<meta property=\"og:site_name\" content=\"alter-entorn\" \/>\n<meta property=\"article:publisher\" content=\"https:\/\/www.facebook.com\/alterentorn\/\" \/>\n<meta property=\"article:modified_time\" content=\"2025-09-08T19:49:35+00:00\" \/>\n<meta name=\"twitter:card\" content=\"summary_large_image\" \/>\n<meta name=\"twitter:site\" content=\"@alterentorn\" \/>\n<meta name=\"twitter:label1\" content=\"Temps estimat de lectura\" \/>\n\t<meta name=\"twitter:data1\" content=\"3 minuts\" \/>\n<script type=\"application\/ld+json\" class=\"yoast-schema-graph\">{\"@context\":\"https:\\\/\\\/schema.org\",\"@graph\":[{\"@type\":\"WebPage\",\"@id\":\"https:\\\/\\\/alter-entorn.com\\\/ca\\\/suplements-naturals\\\/\",\"url\":\"https:\\\/\\\/alter-entorn.com\\\/ca\\\/suplements-naturals\\\/\",\"name\":\"Suplements naturals - alter-entorn\",\"isPartOf\":{\"@id\":\"https:\\\/\\\/alter-entorn.com\\\/ca\\\/#website\"},\"datePublished\":\"2025-09-08T19:16:52+00:00\",\"dateModified\":\"2025-09-08T19:49:35+00:00\",\"description\":\"Els suplements naturals s\u00f3n una eina clau per mantenir l\u2019equilibri de l\u2019organisme de manera respectuosa i sostenible.\",\"breadcrumb\":{\"@id\":\"https:\\\/\\\/alter-entorn.com\\\/ca\\\/suplements-naturals\\\/#breadcrumb\"},\"inLanguage\":\"ca\",\"potentialAction\":[{\"@type\":\"ReadAction\",\"target\":[\"https:\\\/\\\/alter-entorn.com\\\/ca\\\/suplements-naturals\\\/\"]}]},{\"@type\":\"BreadcrumbList\",\"@id\":\"https:\\\/\\\/alter-entorn.com\\\/ca\\\/suplements-naturals\\\/#breadcrumb\",\"itemListElement\":[{\"@type\":\"ListItem\",\"position\":1,\"name\":\"Portada\",\"item\":\"https:\\\/\\\/alter-entorn.com\\\/ca\\\/\"},{\"@type\":\"ListItem\",\"position\":2,\"name\":\"Suplements naturals\"}]},{\"@type\":\"WebSite\",\"@id\":\"https:\\\/\\\/alter-entorn.com\\\/ca\\\/#website\",\"url\":\"https:\\\/\\\/alter-entorn.com\\\/ca\\\/\",\"name\":\"alter-entorn\",\"description\":\"Soluciones Microbiol\u00f3gicas probi\u00f3ticos\",\"publisher\":{\"@id\":\"https:\\\/\\\/alter-entorn.com\\\/ca\\\/#organization\"},\"potentialAction\":[{\"@type\":\"SearchAction\",\"target\":{\"@type\":\"EntryPoint\",\"urlTemplate\":\"https:\\\/\\\/alter-entorn.com\\\/ca\\\/?s={search_term_string}\"},\"query-input\":{\"@type\":\"PropertyValueSpecification\",\"valueRequired\":true,\"valueName\":\"search_term_string\"}}],\"inLanguage\":\"ca\"},{\"@type\":\"Organization\",\"@id\":\"https:\\\/\\\/alter-entorn.com\\\/ca\\\/#organization\",\"name\":\"alter-entorn\",\"url\":\"https:\\\/\\\/alter-entorn.com\\\/ca\\\/\",\"logo\":{\"@type\":\"ImageObject\",\"inLanguage\":\"ca\",\"@id\":\"https:\\\/\\\/alter-entorn.com\\\/ca\\\/#\\\/schema\\\/logo\\\/image\\\/\",\"url\":\"https:\\\/\\\/alter-entorn.com\\\/wp-content\\\/uploads\\\/2018\\\/10\\\/logo_alter_entorn-sin-texto-1.png\",\"contentUrl\":\"https:\\\/\\\/alter-entorn.com\\\/wp-content\\\/uploads\\\/2018\\\/10\\\/logo_alter_entorn-sin-texto-1.png\",\"width\":246,\"height\":68,\"caption\":\"alter-entorn\"},\"image\":{\"@id\":\"https:\\\/\\\/alter-entorn.com\\\/ca\\\/#\\\/schema\\\/logo\\\/image\\\/\"},\"sameAs\":[\"https:\\\/\\\/www.facebook.com\\\/alterentorn\\\/\",\"https:\\\/\\\/x.com\\\/alterentorn\"]}]}<\/script>\n<!-- \/ Yoast SEO plugin. -->","yoast_head_json":{"title":"Suplements naturals - alter-entorn","description":"Els suplements naturals s\u00f3n una eina clau per mantenir l\u2019equilibri de l\u2019organisme de manera respectuosa i sostenible.","robots":{"index":"index","follow":"follow","max-snippet":"max-snippet:-1","max-image-preview":"max-image-preview:large","max-video-preview":"max-video-preview:-1"},"canonical":"https:\/\/alter-entorn.com\/ca\/suplements-naturals\/","og_locale":"ca_ES","og_type":"article","og_title":"Suplements naturals - alter-entorn","og_description":"Els suplements naturals s\u00f3n una eina clau per mantenir l\u2019equilibri de l\u2019organisme de manera respectuosa i sostenible.","og_url":"https:\/\/alter-entorn.com\/ca\/suplements-naturals\/","og_site_name":"alter-entorn","article_publisher":"https:\/\/www.facebook.com\/alterentorn\/","article_modified_time":"2025-09-08T19:49:35+00:00","twitter_card":"summary_large_image","twitter_site":"@alterentorn","twitter_misc":{"Temps estimat de lectura":"3 minuts"},"schema":{"@context":"https:\/\/schema.org","@graph":[{"@type":"WebPage","@id":"https:\/\/alter-entorn.com\/ca\/suplements-naturals\/","url":"https:\/\/alter-entorn.com\/ca\/suplements-naturals\/","name":"Suplements naturals - alter-entorn","isPartOf":{"@id":"https:\/\/alter-entorn.com\/ca\/#website"},"datePublished":"2025-09-08T19:16:52+00:00","dateModified":"2025-09-08T19:49:35+00:00","description":"Els suplements naturals s\u00f3n una eina clau per mantenir l\u2019equilibri de l\u2019organisme de manera respectuosa i sostenible.","breadcrumb":{"@id":"https:\/\/alter-entorn.com\/ca\/suplements-naturals\/#breadcrumb"},"inLanguage":"ca","potentialAction":[{"@type":"ReadAction","target":["https:\/\/alter-entorn.com\/ca\/suplements-naturals\/"]}]},{"@type":"BreadcrumbList","@id":"https:\/\/alter-entorn.com\/ca\/suplements-naturals\/#breadcrumb","itemListElement":[{"@type":"ListItem","position":1,"name":"Portada","item":"https:\/\/alter-entorn.com\/ca\/"},{"@type":"ListItem","position":2,"name":"Suplements naturals"}]},{"@type":"WebSite","@id":"https:\/\/alter-entorn.com\/ca\/#website","url":"https:\/\/alter-entorn.com\/ca\/","name":"alter-entorn","description":"Soluciones Microbiol\u00f3gicas probi\u00f3ticos","publisher":{"@id":"https:\/\/alter-entorn.com\/ca\/#organization"},"potentialAction":[{"@type":"SearchAction","target":{"@type":"EntryPoint","urlTemplate":"https:\/\/alter-entorn.com\/ca\/?s={search_term_string}"},"query-input":{"@type":"PropertyValueSpecification","valueRequired":true,"valueName":"search_term_string"}}],"inLanguage":"ca"},{"@type":"Organization","@id":"https:\/\/alter-entorn.com\/ca\/#organization","name":"alter-entorn","url":"https:\/\/alter-entorn.com\/ca\/","logo":{"@type":"ImageObject","inLanguage":"ca","@id":"https:\/\/alter-entorn.com\/ca\/#\/schema\/logo\/image\/","url":"https:\/\/alter-entorn.com\/wp-content\/uploads\/2018\/10\/logo_alter_entorn-sin-texto-1.png","contentUrl":"https:\/\/alter-entorn.com\/wp-content\/uploads\/2018\/10\/logo_alter_entorn-sin-texto-1.png","width":246,"height":68,"caption":"alter-entorn"},"image":{"@id":"https:\/\/alter-entorn.com\/ca\/#\/schema\/logo\/image\/"},"sameAs":["https:\/\/www.facebook.com\/alterentorn\/","https:\/\/x.com\/alterentorn"]}]}},"_links":{"self":[{"href":"https:\/\/alter-entorn.com\/ca\/wp-json\/wp\/v2\/pages\/10610","targetHints":{"allow":["GET"]}}],"collection":[{"href":"https:\/\/alter-entorn.com\/ca\/wp-json\/wp\/v2\/pages"}],"about":[{"href":"https:\/\/alter-entorn.com\/ca\/wp-json\/wp\/v2\/types\/page"}],"author":[{"embeddable":true,"href":"https:\/\/alter-entorn.com\/ca\/wp-json\/wp\/v2\/users\/312"}],"replies":[{"embeddable":true,"href":"https:\/\/alter-entorn.com\/ca\/wp-json\/wp\/v2\/comments?post=10610"}],"version-history":[{"count":7,"href":"https:\/\/alter-entorn.com\/ca\/wp-json\/wp\/v2\/pages\/10610\/revisions"}],"predecessor-version":[{"id":10665,"href":"https:\/\/alter-entorn.com\/ca\/wp-json\/wp\/v2\/pages\/10610\/revisions\/10665"}],"wp:attachment":[{"href":"https:\/\/alter-entorn.com\/ca\/wp-json\/wp\/v2\/media?parent=10610"}],"curies":[{"name":"wp","href":"https:\/\/api.w.org\/{rel}","templated":true}]}}