{"id":2552,"date":"2017-05-18T20:35:44","date_gmt":"2017-05-18T18:35:44","guid":{"rendered":"http:\/\/alter-entorn.com?page_id=2552"},"modified":"2019-11-13T13:21:47","modified_gmt":"2019-11-13T12:21:47","slug":"nosaltres","status":"publish","type":"page","link":"https:\/\/alter-entorn.com\/ca\/nosaltres\/","title":{"rendered":"Nosaltres"},"content":{"rendered":"<div class=\"wpb-content-wrapper\"><p>[vc_row][vc_column][vc_row_inner][vc_column_inner width=&#8221;2\/3&#8243;][vc_column_text]<\/p>\n<p align=\"JUSTIFY\"><span lang=\"ca-ES\">alter-entorn neix de la voluntat de viure en un ambient m\u00e9s natural, allunyat dels qu\u00edmics nocius que ens envolten. En una llar convencional utilitzem di\u00e0riament m\u00e9s de 300 qu\u00edmics diferents, que acaben als nostres organismes i als de les nostres fam\u00edlies, ni que no els ingerim directament.<\/span><\/p>\n<p align=\"JUSTIFY\"><span lang=\"ca-ES\">Aquests t\u00f2xics perjudiquen el medi ambient, i a la llarga, poden crear-nos al\u00b7l\u00e8rgies, trastorns i malalties.\u00a0<\/span><span lang=\"ca-ES\">La\u00a0<strong>combinaci\u00f3 de la microbiologia amb els productes naturals<\/strong>\u00a0ens ha perm\u00e8s crear una \u00e0mplia gamma de productes, que sense cap tipus de qu\u00edmic nociu, \u00e9s igualment o m\u00e9s efica\u00e7 que els productes convencionals.<\/span><\/p>\n<p align=\"JUSTIFY\"><span lang=\"ca-ES\">Aix\u00ed doncs,\u00a0<strong>a alter-entorn oferim<\/strong>\u00a0<strong>solucions microbiol\u00f2giques per empreses i particulars,<\/strong>\u00a0estem especialitzats en suplements probi\u00f2tics, netejadors concentrats, jardineria ecol\u00f2gica, productes pel benestar de les mascotes i cosm\u00e8tica natural. Tamb\u00e9 realitzem tractaments d\u2019aig\u00fces i residus per combatre alguns problemes freq\u00fcents com les obstruccions de canonades o les males olors.<\/span><\/p>\n<p align=\"JUSTIFY\"><strong><span lang=\"ca-ES\">Uniu-vos a la vida lliure de qu\u00edmics, per protegir el nostre entorn i les nostres fam\u00edlies!<\/span><\/strong><\/p>\n<p align=\"JUSTIFY\"><a href=\"http:\/\/alter-entorn.com\/wp-content\/uploads\/2017\/11\/vivirLibreQuimicos-DEF.pdf\" target=\"_blank\" rel=\"noopener\">M\u00e9s informaci\u00f3<\/a><\/p>\n<p>[\/vc_column_text][\/vc_column_inner][vc_column_inner width=&#8221;1\/3&#8243;][vc_single_image image=&#8221;7487&#8243; img_size=&#8221;large&#8221; alignment=&#8221;center&#8221;][\/vc_column_inner][\/vc_row_inner][\/vc_column][\/vc_row][vc_row][vc_column][\/vc_column][\/vc_row]<\/p>\n<\/div>","protected":false},"excerpt":{"rendered":"<p>[vc_row][vc_column][vc_row_inner][vc_column_inner width=&#8221;2\/3&#8243;][vc_column_text] alter-entorn neix de la voluntat de viure en un ambient m\u00e9s natural, allunyat dels qu\u00edmics nocius que ens envolten. En una llar convencional utilitzem di\u00e0riament m\u00e9s de 300 qu\u00edmics diferents, que acaben als nostres organismes i als de les nostres fam\u00edlies, ni que no els ingerim directament. Aquests t\u00f2xics perjudiquen el medi ambient, [&hellip;]<\/p>\n","protected":false},"author":1,"featured_media":0,"parent":0,"menu_order":0,"comment_status":"closed","ping_status":"closed","template":"","meta":{"_joinchat":[],"footnotes":""},"class_list":["post-2552","page","type-page","status-publish","hentry"],"yoast_head":"<!-- This site is optimized with the Yoast SEO plugin v27.4 - https:\/\/yoast.com\/product\/yoast-seo-wordpress\/ -->\n<title>Nosaltres - L&#039;equip d&#039;alter-entorn, botiga online de microbiologia<\/title>\n<meta name=\"description\" content=\"Solucions microbiol\u00f2giques per empreses i particulars: cosm\u00e8tica natural, probi\u00f2tics, neteja ecol\u00f2gica, mascotes, tractament de residus i agricultura\" \/>\n<meta name=\"robots\" content=\"index, follow, max-snippet:-1, max-image-preview:large, max-video-preview:-1\" \/>\n<link rel=\"canonical\" href=\"https:\/\/alter-entorn.com\/ca\/nosaltres\/\" \/>\n<meta property=\"og:locale\" content=\"ca_ES\" \/>\n<meta property=\"og:type\" content=\"article\" \/>\n<meta property=\"og:title\" content=\"Nosaltres - L&#039;equip d&#039;alter-entorn, botiga online de microbiologia\" \/>\n<meta property=\"og:description\" content=\"Solucions microbiol\u00f2giques per empreses i particulars: cosm\u00e8tica natural, probi\u00f2tics, neteja ecol\u00f2gica, mascotes, tractament de residus i agricultura\" \/>\n<meta property=\"og:url\" content=\"https:\/\/alter-entorn.com\/ca\/nosaltres\/\" \/>\n<meta property=\"og:site_name\" content=\"alter-entorn\" \/>\n<meta property=\"article:publisher\" content=\"https:\/\/www.facebook.com\/alterentorn\/\" \/>\n<meta property=\"article:modified_time\" content=\"2019-11-13T12:21:47+00:00\" \/>\n<meta name=\"twitter:card\" content=\"summary_large_image\" \/>\n<meta name=\"twitter:site\" content=\"@alterentorn\" \/>\n<meta name=\"twitter:label1\" content=\"Temps estimat de lectura\" \/>\n\t<meta name=\"twitter:data1\" content=\"1 minut\" \/>\n<script type=\"application\/ld+json\" class=\"yoast-schema-graph\">{\"@context\":\"https:\\\/\\\/schema.org\",\"@graph\":[{\"@type\":\"WebPage\",\"@id\":\"https:\\\/\\\/alter-entorn.com\\\/ca\\\/nosaltres\\\/\",\"url\":\"https:\\\/\\\/alter-entorn.com\\\/ca\\\/nosaltres\\\/\",\"name\":\"Nosaltres - L'equip d'alter-entorn, botiga online de microbiologia\",\"isPartOf\":{\"@id\":\"https:\\\/\\\/alter-entorn.com\\\/ca\\\/#website\"},\"datePublished\":\"2017-05-18T18:35:44+00:00\",\"dateModified\":\"2019-11-13T12:21:47+00:00\",\"description\":\"Solucions microbiol\u00f2giques per empreses i particulars: cosm\u00e8tica natural, probi\u00f2tics, neteja ecol\u00f2gica, mascotes, tractament de residus i agricultura\",\"breadcrumb\":{\"@id\":\"https:\\\/\\\/alter-entorn.com\\\/ca\\\/nosaltres\\\/#breadcrumb\"},\"inLanguage\":\"ca\",\"potentialAction\":[{\"@type\":\"ReadAction\",\"target\":[\"https:\\\/\\\/alter-entorn.com\\\/ca\\\/nosaltres\\\/\"]}]},{\"@type\":\"BreadcrumbList\",\"@id\":\"https:\\\/\\\/alter-entorn.com\\\/ca\\\/nosaltres\\\/#breadcrumb\",\"itemListElement\":[{\"@type\":\"ListItem\",\"position\":1,\"name\":\"Portada\",\"item\":\"https:\\\/\\\/alter-entorn.com\\\/ca\\\/\"},{\"@type\":\"ListItem\",\"position\":2,\"name\":\"Nosaltres\"}]},{\"@type\":\"WebSite\",\"@id\":\"https:\\\/\\\/alter-entorn.com\\\/ca\\\/#website\",\"url\":\"https:\\\/\\\/alter-entorn.com\\\/ca\\\/\",\"name\":\"alter-entorn\",\"description\":\"Soluciones Microbiol\u00f3gicas probi\u00f3ticos\",\"publisher\":{\"@id\":\"https:\\\/\\\/alter-entorn.com\\\/ca\\\/#organization\"},\"potentialAction\":[{\"@type\":\"SearchAction\",\"target\":{\"@type\":\"EntryPoint\",\"urlTemplate\":\"https:\\\/\\\/alter-entorn.com\\\/ca\\\/?s={search_term_string}\"},\"query-input\":{\"@type\":\"PropertyValueSpecification\",\"valueRequired\":true,\"valueName\":\"search_term_string\"}}],\"inLanguage\":\"ca\"},{\"@type\":\"Organization\",\"@id\":\"https:\\\/\\\/alter-entorn.com\\\/ca\\\/#organization\",\"name\":\"alter-entorn\",\"url\":\"https:\\\/\\\/alter-entorn.com\\\/ca\\\/\",\"logo\":{\"@type\":\"ImageObject\",\"inLanguage\":\"ca\",\"@id\":\"https:\\\/\\\/alter-entorn.com\\\/ca\\\/#\\\/schema\\\/logo\\\/image\\\/\",\"url\":\"https:\\\/\\\/alter-entorn.com\\\/wp-content\\\/uploads\\\/2018\\\/10\\\/logo_alter_entorn-sin-texto-1.png\",\"contentUrl\":\"https:\\\/\\\/alter-entorn.com\\\/wp-content\\\/uploads\\\/2018\\\/10\\\/logo_alter_entorn-sin-texto-1.png\",\"width\":246,\"height\":68,\"caption\":\"alter-entorn\"},\"image\":{\"@id\":\"https:\\\/\\\/alter-entorn.com\\\/ca\\\/#\\\/schema\\\/logo\\\/image\\\/\"},\"sameAs\":[\"https:\\\/\\\/www.facebook.com\\\/alterentorn\\\/\",\"https:\\\/\\\/x.com\\\/alterentorn\"]}]}<\/script>\n<!-- \/ Yoast SEO plugin. -->","yoast_head_json":{"title":"Nosaltres - L'equip d'alter-entorn, botiga online de microbiologia","description":"Solucions microbiol\u00f2giques per empreses i particulars: cosm\u00e8tica natural, probi\u00f2tics, neteja ecol\u00f2gica, mascotes, tractament de residus i agricultura","robots":{"index":"index","follow":"follow","max-snippet":"max-snippet:-1","max-image-preview":"max-image-preview:large","max-video-preview":"max-video-preview:-1"},"canonical":"https:\/\/alter-entorn.com\/ca\/nosaltres\/","og_locale":"ca_ES","og_type":"article","og_title":"Nosaltres - L'equip d'alter-entorn, botiga online de microbiologia","og_description":"Solucions microbiol\u00f2giques per empreses i particulars: cosm\u00e8tica natural, probi\u00f2tics, neteja ecol\u00f2gica, mascotes, tractament de residus i agricultura","og_url":"https:\/\/alter-entorn.com\/ca\/nosaltres\/","og_site_name":"alter-entorn","article_publisher":"https:\/\/www.facebook.com\/alterentorn\/","article_modified_time":"2019-11-13T12:21:47+00:00","twitter_card":"summary_large_image","twitter_site":"@alterentorn","twitter_misc":{"Temps estimat de lectura":"1 minut"},"schema":{"@context":"https:\/\/schema.org","@graph":[{"@type":"WebPage","@id":"https:\/\/alter-entorn.com\/ca\/nosaltres\/","url":"https:\/\/alter-entorn.com\/ca\/nosaltres\/","name":"Nosaltres - L'equip d'alter-entorn, botiga online de microbiologia","isPartOf":{"@id":"https:\/\/alter-entorn.com\/ca\/#website"},"datePublished":"2017-05-18T18:35:44+00:00","dateModified":"2019-11-13T12:21:47+00:00","description":"Solucions microbiol\u00f2giques per empreses i particulars: cosm\u00e8tica natural, probi\u00f2tics, neteja ecol\u00f2gica, mascotes, tractament de residus i agricultura","breadcrumb":{"@id":"https:\/\/alter-entorn.com\/ca\/nosaltres\/#breadcrumb"},"inLanguage":"ca","potentialAction":[{"@type":"ReadAction","target":["https:\/\/alter-entorn.com\/ca\/nosaltres\/"]}]},{"@type":"BreadcrumbList","@id":"https:\/\/alter-entorn.com\/ca\/nosaltres\/#breadcrumb","itemListElement":[{"@type":"ListItem","position":1,"name":"Portada","item":"https:\/\/alter-entorn.com\/ca\/"},{"@type":"ListItem","position":2,"name":"Nosaltres"}]},{"@type":"WebSite","@id":"https:\/\/alter-entorn.com\/ca\/#website","url":"https:\/\/alter-entorn.com\/ca\/","name":"alter-entorn","description":"Soluciones Microbiol\u00f3gicas probi\u00f3ticos","publisher":{"@id":"https:\/\/alter-entorn.com\/ca\/#organization"},"potentialAction":[{"@type":"SearchAction","target":{"@type":"EntryPoint","urlTemplate":"https:\/\/alter-entorn.com\/ca\/?s={search_term_string}"},"query-input":{"@type":"PropertyValueSpecification","valueRequired":true,"valueName":"search_term_string"}}],"inLanguage":"ca"},{"@type":"Organization","@id":"https:\/\/alter-entorn.com\/ca\/#organization","name":"alter-entorn","url":"https:\/\/alter-entorn.com\/ca\/","logo":{"@type":"ImageObject","inLanguage":"ca","@id":"https:\/\/alter-entorn.com\/ca\/#\/schema\/logo\/image\/","url":"https:\/\/alter-entorn.com\/wp-content\/uploads\/2018\/10\/logo_alter_entorn-sin-texto-1.png","contentUrl":"https:\/\/alter-entorn.com\/wp-content\/uploads\/2018\/10\/logo_alter_entorn-sin-texto-1.png","width":246,"height":68,"caption":"alter-entorn"},"image":{"@id":"https:\/\/alter-entorn.com\/ca\/#\/schema\/logo\/image\/"},"sameAs":["https:\/\/www.facebook.com\/alterentorn\/","https:\/\/x.com\/alterentorn"]}]}},"_links":{"self":[{"href":"https:\/\/alter-entorn.com\/ca\/wp-json\/wp\/v2\/pages\/2552","targetHints":{"allow":["GET"]}}],"collection":[{"href":"https:\/\/alter-entorn.com\/ca\/wp-json\/wp\/v2\/pages"}],"about":[{"href":"https:\/\/alter-entorn.com\/ca\/wp-json\/wp\/v2\/types\/page"}],"author":[{"embeddable":true,"href":"https:\/\/alter-entorn.com\/ca\/wp-json\/wp\/v2\/users\/1"}],"replies":[{"embeddable":true,"href":"https:\/\/alter-entorn.com\/ca\/wp-json\/wp\/v2\/comments?post=2552"}],"version-history":[{"count":0,"href":"https:\/\/alter-entorn.com\/ca\/wp-json\/wp\/v2\/pages\/2552\/revisions"}],"wp:attachment":[{"href":"https:\/\/alter-entorn.com\/ca\/wp-json\/wp\/v2\/media?parent=2552"}],"curies":[{"name":"wp","href":"https:\/\/api.w.org\/{rel}","templated":true}]}}