{"id":4003,"date":"2017-08-31T10:13:27","date_gmt":"2017-08-31T08:13:27","guid":{"rendered":"http:\/\/alter-entorn.com?page_id=4003"},"modified":"2017-12-19T18:56:15","modified_gmt":"2017-12-19T16:56:15","slug":"residus","status":"publish","type":"page","link":"https:\/\/alter-entorn.com\/ca\/residus\/","title":{"rendered":"Residus"},"content":{"rendered":"<p>A casa di\u00e0riament generem i acumulem residus. M\u00e9s del 50% d\u2019aquests s\u00f3n org\u00e0nics i podem reutilitzar-los fent compost per les nostres plantes, hort i jard\u00ed.<br \/>\nAmb el cub de compostatge \u00e9s possible reciclar els residus org\u00e0nics de la casa en molt poc espai, sense males olors, ni mosques. En poc temps aconseguirem un compost d\u2019alta qualitat per a les nostres plantes.<\/p>\n<h4>Avantatges<\/h4>\n<ul>\n<li>Aportarem microorganismes a la terra<\/li>\n<li>Aportarem m\u00e9s nutrients a les nostres plantes<\/li>\n<li>No necessitarem comprar compostos ni abonaments<\/li>\n<li>Tindrem menys escombraries per llen\u00e7ar<\/li>\n<li>Tindrem una despesa menys en l\u2019economia familiar<\/li>\n<li>Coneixerem l\u2019origen dels residus del nostre compost<\/li>\n<li>Obtindrem fruites i verdures m\u00e9s gustoses i dolces<\/li>\n<\/ul>\n<h4>Com utilitzar-lo<\/h4>\n<p>Els residus org\u00e0nics (vegetals i closques d\u2019ou) es tallen i s\u2019introdueixen en el cub. Es polvoritzen amb<strong>\u00a0Elgan\u00ae.<\/strong>\u00a0Els microorganismes de\u00a0<strong>Elgan\u00ae<\/strong>\u00a0afavoreixen la fermentaci\u00f3 i eviten la putrefacci\u00f3. Aix\u00ed doncs es disminueix el temps de compostatge, s\u2019eliminen les males olors i redueixen l\u2019aparici\u00f3 de cucs i mosques.<br \/>\nEl cub disposa d\u2019una reixeta a la part inferior que separa el l\u00edquid que generen els residus (lixiviat). Queda recollit en el dip\u00f2sit i es pot extreure a trav\u00e9s de l\u2019aixeta per a ser usat, dilu\u00eft en aigua, com a adob per a les plantes.<\/p>\n<p><a href=\"https:\/\/alter-entorn.com\/ca\/categoria-producte\/residus\/?lang=ca\">Veure els productes d&#8217;aquesta categoria<\/a><\/p>\n","protected":false},"excerpt":{"rendered":"<p>A casa di\u00e0riament generem i acumulem residus. M\u00e9s del 50% d\u2019aquests s\u00f3n org\u00e0nics i podem reutilitzar-los fent compost per les nostres plantes, hort i jard\u00ed. Amb el cub de compostatge \u00e9s possible reciclar els residus org\u00e0nics de la casa en molt poc espai, sense males olors, ni mosques. En poc temps aconseguirem un compost d\u2019alta [&hellip;]<\/p>\n","protected":false},"author":3,"featured_media":0,"parent":0,"menu_order":0,"comment_status":"closed","ping_status":"closed","template":"","meta":{"_joinchat":[],"footnotes":""},"class_list":["post-4003","page","type-page","status-publish","hentry"],"yoast_head":"<!-- This site is optimized with the Yoast SEO plugin v27.4 - https:\/\/yoast.com\/product\/yoast-seo-wordpress\/ -->\n<title>Productes pel tractament de residus de mat\u00e8ria org\u00e0nica<\/title>\n<meta name=\"description\" content=\"Aprofitament dels residus de mat\u00e8ria org\u00e0nica generats a casa, amb un cubell herm\u00e8tic pel compostatge dom\u00e8stic, sense males olors\" \/>\n<meta name=\"robots\" content=\"index, follow, max-snippet:-1, max-image-preview:large, max-video-preview:-1\" \/>\n<link rel=\"canonical\" href=\"https:\/\/alter-entorn.com\/ca\/residus\/\" \/>\n<meta property=\"og:locale\" content=\"ca_ES\" \/>\n<meta property=\"og:type\" content=\"article\" \/>\n<meta property=\"og:title\" content=\"Productes pel tractament de residus de mat\u00e8ria org\u00e0nica\" \/>\n<meta property=\"og:description\" content=\"Aprofitament dels residus de mat\u00e8ria org\u00e0nica generats a casa, amb un cubell herm\u00e8tic pel compostatge dom\u00e8stic, sense males olors\" \/>\n<meta property=\"og:url\" content=\"https:\/\/alter-entorn.com\/ca\/residus\/\" \/>\n<meta property=\"og:site_name\" content=\"alter-entorn\" \/>\n<meta property=\"article:publisher\" content=\"https:\/\/www.facebook.com\/alterentorn\/\" \/>\n<meta property=\"article:modified_time\" content=\"2017-12-19T16:56:15+00:00\" \/>\n<meta name=\"twitter:card\" content=\"summary_large_image\" \/>\n<meta name=\"twitter:site\" content=\"@alterentorn\" \/>\n<meta name=\"twitter:label1\" content=\"Temps estimat de lectura\" \/>\n\t<meta name=\"twitter:data1\" content=\"1 minut\" \/>\n<script type=\"application\/ld+json\" class=\"yoast-schema-graph\">{\"@context\":\"https:\\\/\\\/schema.org\",\"@graph\":[{\"@type\":\"WebPage\",\"@id\":\"https:\\\/\\\/alter-entorn.com\\\/ca\\\/residus\\\/\",\"url\":\"https:\\\/\\\/alter-entorn.com\\\/ca\\\/residus\\\/\",\"name\":\"Productes pel tractament de residus de mat\u00e8ria org\u00e0nica\",\"isPartOf\":{\"@id\":\"https:\\\/\\\/alter-entorn.com\\\/ca\\\/#website\"},\"datePublished\":\"2017-08-31T08:13:27+00:00\",\"dateModified\":\"2017-12-19T16:56:15+00:00\",\"description\":\"Aprofitament dels residus de mat\u00e8ria org\u00e0nica generats a casa, amb un cubell herm\u00e8tic pel compostatge dom\u00e8stic, sense males olors\",\"breadcrumb\":{\"@id\":\"https:\\\/\\\/alter-entorn.com\\\/ca\\\/residus\\\/#breadcrumb\"},\"inLanguage\":\"ca\",\"potentialAction\":[{\"@type\":\"ReadAction\",\"target\":[\"https:\\\/\\\/alter-entorn.com\\\/ca\\\/residus\\\/\"]}]},{\"@type\":\"BreadcrumbList\",\"@id\":\"https:\\\/\\\/alter-entorn.com\\\/ca\\\/residus\\\/#breadcrumb\",\"itemListElement\":[{\"@type\":\"ListItem\",\"position\":1,\"name\":\"Portada\",\"item\":\"https:\\\/\\\/alter-entorn.com\\\/ca\\\/\"},{\"@type\":\"ListItem\",\"position\":2,\"name\":\"Residus\"}]},{\"@type\":\"WebSite\",\"@id\":\"https:\\\/\\\/alter-entorn.com\\\/ca\\\/#website\",\"url\":\"https:\\\/\\\/alter-entorn.com\\\/ca\\\/\",\"name\":\"alter-entorn\",\"description\":\"Soluciones Microbiol\u00f3gicas probi\u00f3ticos\",\"publisher\":{\"@id\":\"https:\\\/\\\/alter-entorn.com\\\/ca\\\/#organization\"},\"potentialAction\":[{\"@type\":\"SearchAction\",\"target\":{\"@type\":\"EntryPoint\",\"urlTemplate\":\"https:\\\/\\\/alter-entorn.com\\\/ca\\\/?s={search_term_string}\"},\"query-input\":{\"@type\":\"PropertyValueSpecification\",\"valueRequired\":true,\"valueName\":\"search_term_string\"}}],\"inLanguage\":\"ca\"},{\"@type\":\"Organization\",\"@id\":\"https:\\\/\\\/alter-entorn.com\\\/ca\\\/#organization\",\"name\":\"alter-entorn\",\"url\":\"https:\\\/\\\/alter-entorn.com\\\/ca\\\/\",\"logo\":{\"@type\":\"ImageObject\",\"inLanguage\":\"ca\",\"@id\":\"https:\\\/\\\/alter-entorn.com\\\/ca\\\/#\\\/schema\\\/logo\\\/image\\\/\",\"url\":\"https:\\\/\\\/alter-entorn.com\\\/wp-content\\\/uploads\\\/2018\\\/10\\\/logo_alter_entorn-sin-texto-1.png\",\"contentUrl\":\"https:\\\/\\\/alter-entorn.com\\\/wp-content\\\/uploads\\\/2018\\\/10\\\/logo_alter_entorn-sin-texto-1.png\",\"width\":246,\"height\":68,\"caption\":\"alter-entorn\"},\"image\":{\"@id\":\"https:\\\/\\\/alter-entorn.com\\\/ca\\\/#\\\/schema\\\/logo\\\/image\\\/\"},\"sameAs\":[\"https:\\\/\\\/www.facebook.com\\\/alterentorn\\\/\",\"https:\\\/\\\/x.com\\\/alterentorn\"]}]}<\/script>\n<!-- \/ Yoast SEO plugin. -->","yoast_head_json":{"title":"Productes pel tractament de residus de mat\u00e8ria org\u00e0nica","description":"Aprofitament dels residus de mat\u00e8ria org\u00e0nica generats a casa, amb un cubell herm\u00e8tic pel compostatge dom\u00e8stic, sense males olors","robots":{"index":"index","follow":"follow","max-snippet":"max-snippet:-1","max-image-preview":"max-image-preview:large","max-video-preview":"max-video-preview:-1"},"canonical":"https:\/\/alter-entorn.com\/ca\/residus\/","og_locale":"ca_ES","og_type":"article","og_title":"Productes pel tractament de residus de mat\u00e8ria org\u00e0nica","og_description":"Aprofitament dels residus de mat\u00e8ria org\u00e0nica generats a casa, amb un cubell herm\u00e8tic pel compostatge dom\u00e8stic, sense males olors","og_url":"https:\/\/alter-entorn.com\/ca\/residus\/","og_site_name":"alter-entorn","article_publisher":"https:\/\/www.facebook.com\/alterentorn\/","article_modified_time":"2017-12-19T16:56:15+00:00","twitter_card":"summary_large_image","twitter_site":"@alterentorn","twitter_misc":{"Temps estimat de lectura":"1 minut"},"schema":{"@context":"https:\/\/schema.org","@graph":[{"@type":"WebPage","@id":"https:\/\/alter-entorn.com\/ca\/residus\/","url":"https:\/\/alter-entorn.com\/ca\/residus\/","name":"Productes pel tractament de residus de mat\u00e8ria org\u00e0nica","isPartOf":{"@id":"https:\/\/alter-entorn.com\/ca\/#website"},"datePublished":"2017-08-31T08:13:27+00:00","dateModified":"2017-12-19T16:56:15+00:00","description":"Aprofitament dels residus de mat\u00e8ria org\u00e0nica generats a casa, amb un cubell herm\u00e8tic pel compostatge dom\u00e8stic, sense males olors","breadcrumb":{"@id":"https:\/\/alter-entorn.com\/ca\/residus\/#breadcrumb"},"inLanguage":"ca","potentialAction":[{"@type":"ReadAction","target":["https:\/\/alter-entorn.com\/ca\/residus\/"]}]},{"@type":"BreadcrumbList","@id":"https:\/\/alter-entorn.com\/ca\/residus\/#breadcrumb","itemListElement":[{"@type":"ListItem","position":1,"name":"Portada","item":"https:\/\/alter-entorn.com\/ca\/"},{"@type":"ListItem","position":2,"name":"Residus"}]},{"@type":"WebSite","@id":"https:\/\/alter-entorn.com\/ca\/#website","url":"https:\/\/alter-entorn.com\/ca\/","name":"alter-entorn","description":"Soluciones Microbiol\u00f3gicas probi\u00f3ticos","publisher":{"@id":"https:\/\/alter-entorn.com\/ca\/#organization"},"potentialAction":[{"@type":"SearchAction","target":{"@type":"EntryPoint","urlTemplate":"https:\/\/alter-entorn.com\/ca\/?s={search_term_string}"},"query-input":{"@type":"PropertyValueSpecification","valueRequired":true,"valueName":"search_term_string"}}],"inLanguage":"ca"},{"@type":"Organization","@id":"https:\/\/alter-entorn.com\/ca\/#organization","name":"alter-entorn","url":"https:\/\/alter-entorn.com\/ca\/","logo":{"@type":"ImageObject","inLanguage":"ca","@id":"https:\/\/alter-entorn.com\/ca\/#\/schema\/logo\/image\/","url":"https:\/\/alter-entorn.com\/wp-content\/uploads\/2018\/10\/logo_alter_entorn-sin-texto-1.png","contentUrl":"https:\/\/alter-entorn.com\/wp-content\/uploads\/2018\/10\/logo_alter_entorn-sin-texto-1.png","width":246,"height":68,"caption":"alter-entorn"},"image":{"@id":"https:\/\/alter-entorn.com\/ca\/#\/schema\/logo\/image\/"},"sameAs":["https:\/\/www.facebook.com\/alterentorn\/","https:\/\/x.com\/alterentorn"]}]}},"_links":{"self":[{"href":"https:\/\/alter-entorn.com\/ca\/wp-json\/wp\/v2\/pages\/4003","targetHints":{"allow":["GET"]}}],"collection":[{"href":"https:\/\/alter-entorn.com\/ca\/wp-json\/wp\/v2\/pages"}],"about":[{"href":"https:\/\/alter-entorn.com\/ca\/wp-json\/wp\/v2\/types\/page"}],"author":[{"embeddable":true,"href":"https:\/\/alter-entorn.com\/ca\/wp-json\/wp\/v2\/users\/3"}],"replies":[{"embeddable":true,"href":"https:\/\/alter-entorn.com\/ca\/wp-json\/wp\/v2\/comments?post=4003"}],"version-history":[{"count":0,"href":"https:\/\/alter-entorn.com\/ca\/wp-json\/wp\/v2\/pages\/4003\/revisions"}],"wp:attachment":[{"href":"https:\/\/alter-entorn.com\/ca\/wp-json\/wp\/v2\/media?parent=4003"}],"curies":[{"name":"wp","href":"https:\/\/api.w.org\/{rel}","templated":true}]}}