{"id":4005,"date":"2017-08-31T10:15:59","date_gmt":"2017-08-31T08:15:59","guid":{"rendered":"http:\/\/alter-entorn.com?page_id=4005"},"modified":"2017-12-19T18:50:06","modified_gmt":"2017-12-19T16:50:06","slug":"mascotes","status":"publish","type":"page","link":"https:\/\/alter-entorn.com\/ca\/mascotes\/","title":{"rendered":"Mascotes"},"content":{"rendered":"<p>Viure Lliures de Qu\u00edmics tamb\u00e9 per a les nostres mascotes. Cuidem dels nostres animals a l\u2019hora que ells tenen cura de nosaltres. \u00c9s molt important pel seu benestar i per la seva salut que l\u2019espai on mengen, juguen i descansen estigui ben net i cuidat.<\/p>\n<p>El\u00a0<strong>FHE\u00ae\u00a0<\/strong>per animals de companyia beneficiar\u00e0 la seva flora intestinal alhora que millorar\u00e0 la seva salut. Alguns dels efectes del consum de\u00a0<strong>FHE\u00ae\u00a0<\/strong>s\u00f3n:<\/p>\n<ul>\n<li>millora de la digesti\u00f3<\/li>\n<li>augment de l\u2019assimilaci\u00f3 i l\u2019aprofitament dels aliments<\/li>\n<li>millora de la pell i el pelatge<\/li>\n<li>reducci\u00f3 de les olors<\/li>\n<\/ul>\n<p>Els\u00a0<strong>netejadors eMC\u00ae multiusos\u00a0<\/strong>seran els nostres millors aliats per mantenir nets i lliures de qu\u00edmics els seus espais i l\u2019aire ambient. S\u00f3n aptes per totes les superf\u00edcies, podent netejar els seus espais de rep\u00f2s, les seves casetes o llocs on dipositem els seus residus. Per les zones m\u00e9s brutes es recomanable utilitzar\u00a0<strong>eMC\u00ae desincrustant<\/strong>. Polvoritzeu tamb\u00e9 per eliminar males olors.<\/p>\n<p><a href=\"https:\/\/alter-entorn.com\/ca\/categoria-producte\/mascotes\/?lang=ca\">Veure els productes d&#8217;aquesta categoria<\/a><\/p>\n","protected":false},"excerpt":{"rendered":"<p>Viure Lliures de Qu\u00edmics tamb\u00e9 per a les nostres mascotes. Cuidem dels nostres animals a l\u2019hora que ells tenen cura de nosaltres. \u00c9s molt important pel seu benestar i per la seva salut que l\u2019espai on mengen, juguen i descansen estigui ben net i cuidat. El\u00a0FHE\u00ae\u00a0per animals de companyia beneficiar\u00e0 la seva flora intestinal alhora [&hellip;]<\/p>\n","protected":false},"author":3,"featured_media":0,"parent":0,"menu_order":0,"comment_status":"closed","ping_status":"closed","template":"","meta":{"_joinchat":[],"footnotes":""},"class_list":["post-4005","page","type-page","status-publish","hentry"],"yoast_head":"<!-- This site is optimized with the Yoast SEO plugin v27.4 - https:\/\/yoast.com\/product\/yoast-seo-wordpress\/ -->\n<title>Productes microbiol\u00f2gics per la cura de les nostres mascotes<\/title>\n<meta name=\"description\" content=\"Productes microbiol\u00f2gics per enfortir l&#039;absorci\u00f3 de nutrients, facilitar la digesti\u00f3, millorar la pell i el pelatge, etc. de les nostres mascotes\" \/>\n<meta name=\"robots\" content=\"index, follow, max-snippet:-1, max-image-preview:large, max-video-preview:-1\" \/>\n<link rel=\"canonical\" href=\"https:\/\/alter-entorn.com\/ca\/mascotes\/\" \/>\n<meta property=\"og:locale\" content=\"ca_ES\" \/>\n<meta property=\"og:type\" content=\"article\" \/>\n<meta property=\"og:title\" content=\"Productes microbiol\u00f2gics per la cura de les nostres mascotes\" \/>\n<meta property=\"og:description\" content=\"Productes microbiol\u00f2gics per enfortir l&#039;absorci\u00f3 de nutrients, facilitar la digesti\u00f3, millorar la pell i el pelatge, etc. de les nostres mascotes\" \/>\n<meta property=\"og:url\" content=\"https:\/\/alter-entorn.com\/ca\/mascotes\/\" \/>\n<meta property=\"og:site_name\" content=\"alter-entorn\" \/>\n<meta property=\"article:publisher\" content=\"https:\/\/www.facebook.com\/alterentorn\/\" \/>\n<meta property=\"article:modified_time\" content=\"2017-12-19T16:50:06+00:00\" \/>\n<meta name=\"twitter:card\" content=\"summary_large_image\" \/>\n<meta name=\"twitter:site\" content=\"@alterentorn\" \/>\n<meta name=\"twitter:label1\" content=\"Temps estimat de lectura\" \/>\n\t<meta name=\"twitter:data1\" content=\"1 minut\" \/>\n<script type=\"application\/ld+json\" class=\"yoast-schema-graph\">{\"@context\":\"https:\\\/\\\/schema.org\",\"@graph\":[{\"@type\":\"WebPage\",\"@id\":\"https:\\\/\\\/alter-entorn.com\\\/ca\\\/mascotes\\\/\",\"url\":\"https:\\\/\\\/alter-entorn.com\\\/ca\\\/mascotes\\\/\",\"name\":\"Productes microbiol\u00f2gics per la cura de les nostres mascotes\",\"isPartOf\":{\"@id\":\"https:\\\/\\\/alter-entorn.com\\\/ca\\\/#website\"},\"datePublished\":\"2017-08-31T08:15:59+00:00\",\"dateModified\":\"2017-12-19T16:50:06+00:00\",\"description\":\"Productes microbiol\u00f2gics per enfortir l'absorci\u00f3 de nutrients, facilitar la digesti\u00f3, millorar la pell i el pelatge, etc. de les nostres mascotes\",\"breadcrumb\":{\"@id\":\"https:\\\/\\\/alter-entorn.com\\\/ca\\\/mascotes\\\/#breadcrumb\"},\"inLanguage\":\"ca\",\"potentialAction\":[{\"@type\":\"ReadAction\",\"target\":[\"https:\\\/\\\/alter-entorn.com\\\/ca\\\/mascotes\\\/\"]}]},{\"@type\":\"BreadcrumbList\",\"@id\":\"https:\\\/\\\/alter-entorn.com\\\/ca\\\/mascotes\\\/#breadcrumb\",\"itemListElement\":[{\"@type\":\"ListItem\",\"position\":1,\"name\":\"Portada\",\"item\":\"https:\\\/\\\/alter-entorn.com\\\/ca\\\/\"},{\"@type\":\"ListItem\",\"position\":2,\"name\":\"Mascotes\"}]},{\"@type\":\"WebSite\",\"@id\":\"https:\\\/\\\/alter-entorn.com\\\/ca\\\/#website\",\"url\":\"https:\\\/\\\/alter-entorn.com\\\/ca\\\/\",\"name\":\"alter-entorn\",\"description\":\"Soluciones Microbiol\u00f3gicas probi\u00f3ticos\",\"publisher\":{\"@id\":\"https:\\\/\\\/alter-entorn.com\\\/ca\\\/#organization\"},\"potentialAction\":[{\"@type\":\"SearchAction\",\"target\":{\"@type\":\"EntryPoint\",\"urlTemplate\":\"https:\\\/\\\/alter-entorn.com\\\/ca\\\/?s={search_term_string}\"},\"query-input\":{\"@type\":\"PropertyValueSpecification\",\"valueRequired\":true,\"valueName\":\"search_term_string\"}}],\"inLanguage\":\"ca\"},{\"@type\":\"Organization\",\"@id\":\"https:\\\/\\\/alter-entorn.com\\\/ca\\\/#organization\",\"name\":\"alter-entorn\",\"url\":\"https:\\\/\\\/alter-entorn.com\\\/ca\\\/\",\"logo\":{\"@type\":\"ImageObject\",\"inLanguage\":\"ca\",\"@id\":\"https:\\\/\\\/alter-entorn.com\\\/ca\\\/#\\\/schema\\\/logo\\\/image\\\/\",\"url\":\"https:\\\/\\\/alter-entorn.com\\\/wp-content\\\/uploads\\\/2018\\\/10\\\/logo_alter_entorn-sin-texto-1.png\",\"contentUrl\":\"https:\\\/\\\/alter-entorn.com\\\/wp-content\\\/uploads\\\/2018\\\/10\\\/logo_alter_entorn-sin-texto-1.png\",\"width\":246,\"height\":68,\"caption\":\"alter-entorn\"},\"image\":{\"@id\":\"https:\\\/\\\/alter-entorn.com\\\/ca\\\/#\\\/schema\\\/logo\\\/image\\\/\"},\"sameAs\":[\"https:\\\/\\\/www.facebook.com\\\/alterentorn\\\/\",\"https:\\\/\\\/x.com\\\/alterentorn\"]}]}<\/script>\n<!-- \/ Yoast SEO plugin. -->","yoast_head_json":{"title":"Productes microbiol\u00f2gics per la cura de les nostres mascotes","description":"Productes microbiol\u00f2gics per enfortir l'absorci\u00f3 de nutrients, facilitar la digesti\u00f3, millorar la pell i el pelatge, etc. de les nostres mascotes","robots":{"index":"index","follow":"follow","max-snippet":"max-snippet:-1","max-image-preview":"max-image-preview:large","max-video-preview":"max-video-preview:-1"},"canonical":"https:\/\/alter-entorn.com\/ca\/mascotes\/","og_locale":"ca_ES","og_type":"article","og_title":"Productes microbiol\u00f2gics per la cura de les nostres mascotes","og_description":"Productes microbiol\u00f2gics per enfortir l'absorci\u00f3 de nutrients, facilitar la digesti\u00f3, millorar la pell i el pelatge, etc. de les nostres mascotes","og_url":"https:\/\/alter-entorn.com\/ca\/mascotes\/","og_site_name":"alter-entorn","article_publisher":"https:\/\/www.facebook.com\/alterentorn\/","article_modified_time":"2017-12-19T16:50:06+00:00","twitter_card":"summary_large_image","twitter_site":"@alterentorn","twitter_misc":{"Temps estimat de lectura":"1 minut"},"schema":{"@context":"https:\/\/schema.org","@graph":[{"@type":"WebPage","@id":"https:\/\/alter-entorn.com\/ca\/mascotes\/","url":"https:\/\/alter-entorn.com\/ca\/mascotes\/","name":"Productes microbiol\u00f2gics per la cura de les nostres mascotes","isPartOf":{"@id":"https:\/\/alter-entorn.com\/ca\/#website"},"datePublished":"2017-08-31T08:15:59+00:00","dateModified":"2017-12-19T16:50:06+00:00","description":"Productes microbiol\u00f2gics per enfortir l'absorci\u00f3 de nutrients, facilitar la digesti\u00f3, millorar la pell i el pelatge, etc. de les nostres mascotes","breadcrumb":{"@id":"https:\/\/alter-entorn.com\/ca\/mascotes\/#breadcrumb"},"inLanguage":"ca","potentialAction":[{"@type":"ReadAction","target":["https:\/\/alter-entorn.com\/ca\/mascotes\/"]}]},{"@type":"BreadcrumbList","@id":"https:\/\/alter-entorn.com\/ca\/mascotes\/#breadcrumb","itemListElement":[{"@type":"ListItem","position":1,"name":"Portada","item":"https:\/\/alter-entorn.com\/ca\/"},{"@type":"ListItem","position":2,"name":"Mascotes"}]},{"@type":"WebSite","@id":"https:\/\/alter-entorn.com\/ca\/#website","url":"https:\/\/alter-entorn.com\/ca\/","name":"alter-entorn","description":"Soluciones Microbiol\u00f3gicas probi\u00f3ticos","publisher":{"@id":"https:\/\/alter-entorn.com\/ca\/#organization"},"potentialAction":[{"@type":"SearchAction","target":{"@type":"EntryPoint","urlTemplate":"https:\/\/alter-entorn.com\/ca\/?s={search_term_string}"},"query-input":{"@type":"PropertyValueSpecification","valueRequired":true,"valueName":"search_term_string"}}],"inLanguage":"ca"},{"@type":"Organization","@id":"https:\/\/alter-entorn.com\/ca\/#organization","name":"alter-entorn","url":"https:\/\/alter-entorn.com\/ca\/","logo":{"@type":"ImageObject","inLanguage":"ca","@id":"https:\/\/alter-entorn.com\/ca\/#\/schema\/logo\/image\/","url":"https:\/\/alter-entorn.com\/wp-content\/uploads\/2018\/10\/logo_alter_entorn-sin-texto-1.png","contentUrl":"https:\/\/alter-entorn.com\/wp-content\/uploads\/2018\/10\/logo_alter_entorn-sin-texto-1.png","width":246,"height":68,"caption":"alter-entorn"},"image":{"@id":"https:\/\/alter-entorn.com\/ca\/#\/schema\/logo\/image\/"},"sameAs":["https:\/\/www.facebook.com\/alterentorn\/","https:\/\/x.com\/alterentorn"]}]}},"_links":{"self":[{"href":"https:\/\/alter-entorn.com\/ca\/wp-json\/wp\/v2\/pages\/4005","targetHints":{"allow":["GET"]}}],"collection":[{"href":"https:\/\/alter-entorn.com\/ca\/wp-json\/wp\/v2\/pages"}],"about":[{"href":"https:\/\/alter-entorn.com\/ca\/wp-json\/wp\/v2\/types\/page"}],"author":[{"embeddable":true,"href":"https:\/\/alter-entorn.com\/ca\/wp-json\/wp\/v2\/users\/3"}],"replies":[{"embeddable":true,"href":"https:\/\/alter-entorn.com\/ca\/wp-json\/wp\/v2\/comments?post=4005"}],"version-history":[{"count":0,"href":"https:\/\/alter-entorn.com\/ca\/wp-json\/wp\/v2\/pages\/4005\/revisions"}],"wp:attachment":[{"href":"https:\/\/alter-entorn.com\/ca\/wp-json\/wp\/v2\/media?parent=4005"}],"curies":[{"name":"wp","href":"https:\/\/api.w.org\/{rel}","templated":true}]}}