{"id":4007,"date":"2017-08-31T10:39:32","date_gmt":"2017-08-31T08:39:32","guid":{"rendered":"http:\/\/alter-entorn.com?page_id=4007"},"modified":"2018-03-09T12:59:22","modified_gmt":"2018-03-09T11:59:22","slug":"productes-neteja-emc","status":"publish","type":"page","link":"https:\/\/alter-entorn.com\/ca\/productes-neteja-emc\/","title":{"rendered":"Productes de neteja eMC\u00ae"},"content":{"rendered":"<h2><u>Com funcionen i perqu\u00e8 netegen tan b\u00e9<\/u><\/h2>\n<p>La tecnologia qu\u00edmica tradicional dels detergents que es fan servir habitualment per la neteja de superf\u00edcies, es basa en la transformaci\u00f3 dels greixos a l\u2019estat l\u00edquid per tal que puguin ser arrossegats per l\u2019aigua. Per\u00f2 no s\u00f3n efica\u00e7os per eliminar la capa de polisac\u00e0rids que forma el biofilm (es va creant una pel\u00b7l\u00edcula sobre les superf\u00edcies).<\/p>\n<p>En canvi les enzimes dels netejadors\u00a0<strong>eMC\u00ae<\/strong>\u00a0degraden la capa polim\u00e8rica que forma l\u2019estructura del biofilm, i transformen les cadenes org\u00e0niques complexes en residus de mida redu\u00efda que queden destru\u00efts irreversiblement i s\u00f3n f\u00e0cilment solubles en aigua. Els netejadors\u00a0<strong>eMC\u00ae\u00a0<\/strong>tenen un efecte antiadherent i antiest\u00e0tic. Les superf\u00edcies queden netes m\u00e9s temps i l\u2019ambient, lliure de qu\u00edmics. S\u00f3n doncs, molt m\u00e9s efica\u00e7os i saludables.<\/p>\n<h4>COM UTILITZAR NETEJADORS eMC\u00ae:<\/h4>\n<ul>\n<li>S\u00f3n aptes per a qualsevol superf\u00edcie.<\/li>\n<li>Es dilueixen amb aigua en un polvoritzador (5ml x 500ml). Es ruixa la superf\u00edcie que es vol netejar i es deixa actuar durant un minut, despr\u00e9s es passa un drap o esponja.<\/li>\n<li>A la galleda de fregar es posen 5ml (equivalent a la mesura del tap de l\u2019env\u00e0s) x 5l d\u2019aigua.<\/li>\n<li>Tamb\u00e9 es pot utilitzar com ambientador.<\/li>\n<\/ul>\n<h4>AVANTATGES <a href=\"https:\/\/alter-entorn.com\/ca\/avantatges-de-la-neteja-probiotica\/\">(Saber-ne m\u00e9s)<\/a>:<\/h4>\n<ul>\n<li>S\u00f3n lliures de qu\u00edmics.<\/li>\n<li>S\u00f3n productes concentrats, duren molt i ocupen poc espai.<\/li>\n<li>Tenen un efecte antiest\u00e0tic, no atrauen la pols, la neteja dura m\u00e9s temps.<\/li>\n<li>L\u2019aigua residual \u00e9s excel\u00b7lent per les canonades i les plantes.<\/li>\n<\/ul>\n<p><a href=\"https:\/\/alter-entorn.com\/ca\/categoria-producte\/neteja\/?lang=ca\">Veure els productes d&#8217;aquesta categoria<\/a><\/p>\n","protected":false},"excerpt":{"rendered":"<p>Com funcionen i perqu\u00e8 netegen tan b\u00e9 La tecnologia qu\u00edmica tradicional dels detergents que es fan servir habitualment per la neteja de superf\u00edcies, es basa en la transformaci\u00f3 dels greixos a l\u2019estat l\u00edquid per tal que puguin ser arrossegats per l\u2019aigua. Per\u00f2 no s\u00f3n efica\u00e7os per eliminar la capa de polisac\u00e0rids que forma el biofilm [&hellip;]<\/p>\n","protected":false},"author":3,"featured_media":0,"parent":0,"menu_order":0,"comment_status":"closed","ping_status":"closed","template":"","meta":{"_joinchat":[],"footnotes":""},"class_list":["post-4007","page","type-page","status-publish","hentry"],"yoast_head":"<!-- This site is optimized with the Yoast SEO plugin v27.4 - https:\/\/yoast.com\/product\/yoast-seo-wordpress\/ -->\n<title>Productes de neteja ecol\u00f2gica eMC\u00ae lliures de qu\u00edmics<\/title>\n<meta name=\"description\" content=\"Productes de neteja ecol\u00f2gica concentrats, a partir de microbiologia, 100% naturals, sense cap tipus de subst\u00e0ncia qu\u00edmica\" \/>\n<meta name=\"robots\" content=\"index, follow, max-snippet:-1, max-image-preview:large, max-video-preview:-1\" \/>\n<link rel=\"canonical\" href=\"https:\/\/alter-entorn.com\/ca\/productes-neteja-emc\/\" \/>\n<meta property=\"og:locale\" content=\"ca_ES\" \/>\n<meta property=\"og:type\" content=\"article\" \/>\n<meta property=\"og:title\" content=\"Productes de neteja ecol\u00f2gica eMC\u00ae lliures de qu\u00edmics\" \/>\n<meta property=\"og:description\" content=\"Productes de neteja ecol\u00f2gica concentrats, a partir de microbiologia, 100% naturals, sense cap tipus de subst\u00e0ncia qu\u00edmica\" \/>\n<meta property=\"og:url\" content=\"https:\/\/alter-entorn.com\/ca\/productes-neteja-emc\/\" \/>\n<meta property=\"og:site_name\" content=\"alter-entorn\" \/>\n<meta property=\"article:publisher\" content=\"https:\/\/www.facebook.com\/alterentorn\/\" \/>\n<meta property=\"article:modified_time\" content=\"2018-03-09T11:59:22+00:00\" \/>\n<meta name=\"twitter:card\" content=\"summary_large_image\" \/>\n<meta name=\"twitter:site\" content=\"@alterentorn\" \/>\n<meta name=\"twitter:label1\" content=\"Temps estimat de lectura\" \/>\n\t<meta name=\"twitter:data1\" content=\"1 minut\" \/>\n<script type=\"application\/ld+json\" class=\"yoast-schema-graph\">{\"@context\":\"https:\\\/\\\/schema.org\",\"@graph\":[{\"@type\":\"WebPage\",\"@id\":\"https:\\\/\\\/alter-entorn.com\\\/ca\\\/productes-neteja-emc\\\/\",\"url\":\"https:\\\/\\\/alter-entorn.com\\\/ca\\\/productes-neteja-emc\\\/\",\"name\":\"Productes de neteja ecol\u00f2gica eMC\u00ae lliures de qu\u00edmics\",\"isPartOf\":{\"@id\":\"https:\\\/\\\/alter-entorn.com\\\/ca\\\/#website\"},\"datePublished\":\"2017-08-31T08:39:32+00:00\",\"dateModified\":\"2018-03-09T11:59:22+00:00\",\"description\":\"Productes de neteja ecol\u00f2gica concentrats, a partir de microbiologia, 100% naturals, sense cap tipus de subst\u00e0ncia qu\u00edmica\",\"breadcrumb\":{\"@id\":\"https:\\\/\\\/alter-entorn.com\\\/ca\\\/productes-neteja-emc\\\/#breadcrumb\"},\"inLanguage\":\"ca\",\"potentialAction\":[{\"@type\":\"ReadAction\",\"target\":[\"https:\\\/\\\/alter-entorn.com\\\/ca\\\/productes-neteja-emc\\\/\"]}]},{\"@type\":\"BreadcrumbList\",\"@id\":\"https:\\\/\\\/alter-entorn.com\\\/ca\\\/productes-neteja-emc\\\/#breadcrumb\",\"itemListElement\":[{\"@type\":\"ListItem\",\"position\":1,\"name\":\"Portada\",\"item\":\"https:\\\/\\\/alter-entorn.com\\\/ca\\\/\"},{\"@type\":\"ListItem\",\"position\":2,\"name\":\"Productes de neteja eMC\u00ae\"}]},{\"@type\":\"WebSite\",\"@id\":\"https:\\\/\\\/alter-entorn.com\\\/ca\\\/#website\",\"url\":\"https:\\\/\\\/alter-entorn.com\\\/ca\\\/\",\"name\":\"alter-entorn\",\"description\":\"Soluciones Microbiol\u00f3gicas probi\u00f3ticos\",\"publisher\":{\"@id\":\"https:\\\/\\\/alter-entorn.com\\\/ca\\\/#organization\"},\"potentialAction\":[{\"@type\":\"SearchAction\",\"target\":{\"@type\":\"EntryPoint\",\"urlTemplate\":\"https:\\\/\\\/alter-entorn.com\\\/ca\\\/?s={search_term_string}\"},\"query-input\":{\"@type\":\"PropertyValueSpecification\",\"valueRequired\":true,\"valueName\":\"search_term_string\"}}],\"inLanguage\":\"ca\"},{\"@type\":\"Organization\",\"@id\":\"https:\\\/\\\/alter-entorn.com\\\/ca\\\/#organization\",\"name\":\"alter-entorn\",\"url\":\"https:\\\/\\\/alter-entorn.com\\\/ca\\\/\",\"logo\":{\"@type\":\"ImageObject\",\"inLanguage\":\"ca\",\"@id\":\"https:\\\/\\\/alter-entorn.com\\\/ca\\\/#\\\/schema\\\/logo\\\/image\\\/\",\"url\":\"https:\\\/\\\/alter-entorn.com\\\/wp-content\\\/uploads\\\/2018\\\/10\\\/logo_alter_entorn-sin-texto-1.png\",\"contentUrl\":\"https:\\\/\\\/alter-entorn.com\\\/wp-content\\\/uploads\\\/2018\\\/10\\\/logo_alter_entorn-sin-texto-1.png\",\"width\":246,\"height\":68,\"caption\":\"alter-entorn\"},\"image\":{\"@id\":\"https:\\\/\\\/alter-entorn.com\\\/ca\\\/#\\\/schema\\\/logo\\\/image\\\/\"},\"sameAs\":[\"https:\\\/\\\/www.facebook.com\\\/alterentorn\\\/\",\"https:\\\/\\\/x.com\\\/alterentorn\"]}]}<\/script>\n<!-- \/ Yoast SEO plugin. -->","yoast_head_json":{"title":"Productes de neteja ecol\u00f2gica eMC\u00ae lliures de qu\u00edmics","description":"Productes de neteja ecol\u00f2gica concentrats, a partir de microbiologia, 100% naturals, sense cap tipus de subst\u00e0ncia qu\u00edmica","robots":{"index":"index","follow":"follow","max-snippet":"max-snippet:-1","max-image-preview":"max-image-preview:large","max-video-preview":"max-video-preview:-1"},"canonical":"https:\/\/alter-entorn.com\/ca\/productes-neteja-emc\/","og_locale":"ca_ES","og_type":"article","og_title":"Productes de neteja ecol\u00f2gica eMC\u00ae lliures de qu\u00edmics","og_description":"Productes de neteja ecol\u00f2gica concentrats, a partir de microbiologia, 100% naturals, sense cap tipus de subst\u00e0ncia qu\u00edmica","og_url":"https:\/\/alter-entorn.com\/ca\/productes-neteja-emc\/","og_site_name":"alter-entorn","article_publisher":"https:\/\/www.facebook.com\/alterentorn\/","article_modified_time":"2018-03-09T11:59:22+00:00","twitter_card":"summary_large_image","twitter_site":"@alterentorn","twitter_misc":{"Temps estimat de lectura":"1 minut"},"schema":{"@context":"https:\/\/schema.org","@graph":[{"@type":"WebPage","@id":"https:\/\/alter-entorn.com\/ca\/productes-neteja-emc\/","url":"https:\/\/alter-entorn.com\/ca\/productes-neteja-emc\/","name":"Productes de neteja ecol\u00f2gica eMC\u00ae lliures de qu\u00edmics","isPartOf":{"@id":"https:\/\/alter-entorn.com\/ca\/#website"},"datePublished":"2017-08-31T08:39:32+00:00","dateModified":"2018-03-09T11:59:22+00:00","description":"Productes de neteja ecol\u00f2gica concentrats, a partir de microbiologia, 100% naturals, sense cap tipus de subst\u00e0ncia qu\u00edmica","breadcrumb":{"@id":"https:\/\/alter-entorn.com\/ca\/productes-neteja-emc\/#breadcrumb"},"inLanguage":"ca","potentialAction":[{"@type":"ReadAction","target":["https:\/\/alter-entorn.com\/ca\/productes-neteja-emc\/"]}]},{"@type":"BreadcrumbList","@id":"https:\/\/alter-entorn.com\/ca\/productes-neteja-emc\/#breadcrumb","itemListElement":[{"@type":"ListItem","position":1,"name":"Portada","item":"https:\/\/alter-entorn.com\/ca\/"},{"@type":"ListItem","position":2,"name":"Productes de neteja eMC\u00ae"}]},{"@type":"WebSite","@id":"https:\/\/alter-entorn.com\/ca\/#website","url":"https:\/\/alter-entorn.com\/ca\/","name":"alter-entorn","description":"Soluciones Microbiol\u00f3gicas probi\u00f3ticos","publisher":{"@id":"https:\/\/alter-entorn.com\/ca\/#organization"},"potentialAction":[{"@type":"SearchAction","target":{"@type":"EntryPoint","urlTemplate":"https:\/\/alter-entorn.com\/ca\/?s={search_term_string}"},"query-input":{"@type":"PropertyValueSpecification","valueRequired":true,"valueName":"search_term_string"}}],"inLanguage":"ca"},{"@type":"Organization","@id":"https:\/\/alter-entorn.com\/ca\/#organization","name":"alter-entorn","url":"https:\/\/alter-entorn.com\/ca\/","logo":{"@type":"ImageObject","inLanguage":"ca","@id":"https:\/\/alter-entorn.com\/ca\/#\/schema\/logo\/image\/","url":"https:\/\/alter-entorn.com\/wp-content\/uploads\/2018\/10\/logo_alter_entorn-sin-texto-1.png","contentUrl":"https:\/\/alter-entorn.com\/wp-content\/uploads\/2018\/10\/logo_alter_entorn-sin-texto-1.png","width":246,"height":68,"caption":"alter-entorn"},"image":{"@id":"https:\/\/alter-entorn.com\/ca\/#\/schema\/logo\/image\/"},"sameAs":["https:\/\/www.facebook.com\/alterentorn\/","https:\/\/x.com\/alterentorn"]}]}},"_links":{"self":[{"href":"https:\/\/alter-entorn.com\/ca\/wp-json\/wp\/v2\/pages\/4007","targetHints":{"allow":["GET"]}}],"collection":[{"href":"https:\/\/alter-entorn.com\/ca\/wp-json\/wp\/v2\/pages"}],"about":[{"href":"https:\/\/alter-entorn.com\/ca\/wp-json\/wp\/v2\/types\/page"}],"author":[{"embeddable":true,"href":"https:\/\/alter-entorn.com\/ca\/wp-json\/wp\/v2\/users\/3"}],"replies":[{"embeddable":true,"href":"https:\/\/alter-entorn.com\/ca\/wp-json\/wp\/v2\/comments?post=4007"}],"version-history":[{"count":0,"href":"https:\/\/alter-entorn.com\/ca\/wp-json\/wp\/v2\/pages\/4007\/revisions"}],"wp:attachment":[{"href":"https:\/\/alter-entorn.com\/ca\/wp-json\/wp\/v2\/media?parent=4007"}],"curies":[{"name":"wp","href":"https:\/\/api.w.org\/{rel}","templated":true}]}}