{"id":5515,"date":"2018-06-01T12:34:19","date_gmt":"2018-06-01T10:34:19","guid":{"rendered":"http:\/\/alter-entorn.com\/politica-de-privacitat-i-cookies\/"},"modified":"2018-06-25T16:59:38","modified_gmt":"2018-06-25T14:59:38","slug":"politica-de-privacitat-i-cookies","status":"publish","type":"page","link":"https:\/\/alter-entorn.com\/ca\/politica-de-privacitat-i-cookies\/","title":{"rendered":"Pol\u00edtica de privacitat"},"content":{"rendered":"<p>La present pol\u00edtica de privacitat t\u00e9 per objecte donar a con\u00e8ixer la manera en qu\u00e8 es recullen, tracten i protegeixen les dades de car\u00e0cter personal a les que s&#8217;accedeix pels serveis associats amb aquest Lloc Web, amb la finalitat que les persones que hi accedeixin determinin lliure i volunt\u00e0riament si desitgen facilitar les seves dades personals a trav\u00e9s dels formularis habilitats a l&#8217;efecte.<\/p>\n<p>L&#8217;acc\u00e9s i l&#8217;\u00fas del Lloc Web, implica que accepta en la seva totalitat i s&#8217;obliga a complir per complet els termes i condicions recollits en la present Pol\u00edtica de Privacitat, aix\u00ed com en les disposicions que cont\u00e9 l&#8217;Av\u00eds Legal, la pol\u00edtica de cookies, i, en el seu cas, les Condicions Generals o Particulars de Contractaci\u00f3 de qualsevol altre servei. Pot trobar els enlla\u00e7os corresponents al peu de la p\u00e0gina principal de la web.<\/p>\n<p>La prestaci\u00f3 del servei del Lloc Web t\u00e9 una duraci\u00f3 limitada al moment en qu\u00e8 es troba connectat en el seu cas al Lloc Web o algun dels serveis que a trav\u00e9s del mateix es faciliten; per tant, ha de llegir atentament els textos legals en cada una de les ocasions en qu\u00e8 es proposi visitar el lloc web, ja que aquests poden patir modificacions en funci\u00f3 de novetats o exig\u00e8ncies legislatives i jurisprudencials o per necessitats de negoci.<\/p>\n<p>La present Pol\u00edtica de Privacitat ser\u00e0 v\u00e0lida per les dades de car\u00e0cter personal obtingudes per aquest lloc web o altres serveis d&#8217;<strong>ALTER ENTORN S.L.<\/strong><\/p>\n<p>Les condicions d&#8217;acc\u00e9s i \u00fas del present lloc web es regeixen per la legalitat vigent i pel principi de bona fe, comprometent-se l&#8217;usuari a realitzar un bon \u00fas de la web. No es permeten conductes que vagin contra la llei, els drets o interessos de tercers.<\/p>\n<p>A trav\u00e9s d&#8217;aquest lloc web no s&#8217;obtenen dades personals sense el seu consentiment, i si aquestes dades obtingudes es ced\u00edssin a tercers se li informar\u00e0 convenientment, en el moment d&#8217;obtenir les dades.<\/p>\n<p>Amb la finalitat d&#8217;oferir-li el millor servei i amb l&#8217;objectiu de facilitar el seu \u00fas, s&#8217;analitzen el n\u00famero de p\u00e0gines visitades, el n\u00famero de visites, aix\u00ed com l&#8217;activitat dels visitants i la seva freq\u00fc\u00e8ncia d&#8217;utilitzaci\u00f3. A aquests efectes <strong>ALTER ENTORN S.L. <\/strong>utilitza la informaci\u00f3 estad\u00edstica elaborada pel prove\u00efdor de serveis d&#8217;internet.<\/p>\n<p><strong>ALTER ENTORN S.L. <\/strong>utilitza cookies per recollir informaci\u00f3 dels usuaris amb finalitats estad\u00edstiques. Pot obtenir m\u00e9s informaci\u00f3, resoldre qualsevol dubte i, en el seu cas, bloquejar o eliminar les cookies instal\u00b7lades consultant la nostra pol\u00edtica de cookies al seg\u00fcent enlla\u00e7\u00a0<a href=\"https:\/\/alter-entorn.com\/ca\/politica-de-cookies\/\">http:\/\/alter-entorn.com\/politica-de-cookies\/<\/a><\/p>\n<p>El portal del qu\u00e8 \u00e9s titular <strong>ALTER ENTORN S.L..,<\/strong> pot contenir enlla\u00e7os a llocs web de tercers, les pol\u00edtiques de privacitat dels quals s\u00f3n alienes a la d&#8217;<strong>ALTER ENTORN S.L. <\/strong>A l&#8217;accedir a aquests llocs web pot decidir si accepta les seves pol\u00edtiques de privacitat i de cookies. Amb car\u00e0cter general, si navega per internet vost\u00e9 pot acceptar o refusar les cookies de tercers des de les opcions de configuraci\u00f3 del seu navegador.<\/p>\n<p>En cumpliment del previst al Reglament General de Protecci\u00f3 de Dades, s&#8217;informa que les dades de car\u00e0cter personal obtingudes directament de l&#8217;usuari a trav\u00e9s dels diferents recursos disponibles al portal, seran tractats de forma confidencial i quedaran incorporats a la societat\u00a0<strong>ALTER ENTORN S.L., <\/strong>amb\u00a0la finalitat que es detalla a l&#8217;apartat protecci\u00f3 de dades de la present web, no sent utilitzades per finalitats incompatibles amb aquestes. Les dades obtingudes podran ser cedides en els casos previstos, d&#8217;acord a l&#8217;establert a la nostra pol\u00edtica de protecci\u00f3 de dades.<\/p>\n<p>En cas que vost\u00e9 no ens doni el seu consentiment, no es podr\u00e0 prestar el servei o ajuda sol\u00b7licitada.<\/p>\n<p>Els afectats poden exercitar els seus drets d&#8217;acc\u00e9s, rectificaci\u00f3, supressi\u00f3, limitaci\u00f3 i portabilitat, aix\u00ed com tots aquells que la normativa vigent concedeixi al ciutad\u00e0 davant d&#8217;<strong>ALTER ENTORN S.L.<\/strong> mitjan\u00e7ant\u00a0escrit dirigit a la seva seu al Cam\u00ed de Sant Jeroni 3, 43740 de M\u00f3ra D\u2019Ebre (Tarragona).<\/p>\n<p>Aix\u00ed mateix, a trav\u00e9s de la p\u00e0gina web pot trobar una plataforma per l&#8217;exercici dels seus drets.<\/p>\n<p>Ser usuari de la web d&#8217;<strong>ALTER ENTORN S.L. <\/strong>implica que reconeix haver llegit i acceptat les presents condicions i el que les ext\u00e9n a la normativa legal aplicable a aquesta mat\u00e8ria. Si pel motiu que fos no est\u00e0 d&#8217;acord amb aquestes condicions no continu\u00ef utilitzant aquesta web.<\/p>\n","protected":false},"excerpt":{"rendered":"<p>La present pol\u00edtica de privacitat t\u00e9 per objecte donar a con\u00e8ixer la manera en qu\u00e8 es recullen, tracten i protegeixen les dades de car\u00e0cter personal a les que s&#8217;accedeix pels serveis associats amb aquest Lloc Web, amb la finalitat que les persones que hi accedeixin determinin lliure i volunt\u00e0riament si desitgen facilitar les seves dades [&hellip;]<\/p>\n","protected":false},"author":1,"featured_media":0,"parent":0,"menu_order":0,"comment_status":"closed","ping_status":"closed","template":"","meta":{"_joinchat":[],"footnotes":""},"class_list":["post-5515","page","type-page","status-publish","hentry"],"yoast_head":"<!-- This site is optimized with the Yoast SEO plugin v27.4 - https:\/\/yoast.com\/product\/yoast-seo-wordpress\/ -->\n<title>Pol\u00edtica de privacitat i cookies - alter-entorn, solucions microbiol\u00f2giques<\/title>\n<meta name=\"description\" content=\"Protecci\u00f3 de dades, pol\u00edtica d&#039;\u00fas de cookies, etc. per botiga online de productes microbiol\u00f2giques: suplements probi\u00f2tics, cosm\u00e8tica natural, neteja ecol\u00f2gica...\" \/>\n<meta name=\"robots\" content=\"index, follow, max-snippet:-1, max-image-preview:large, max-video-preview:-1\" \/>\n<link rel=\"canonical\" href=\"https:\/\/alter-entorn.com\/ca\/politica-de-privacitat-i-cookies\/\" \/>\n<meta property=\"og:locale\" content=\"ca_ES\" \/>\n<meta property=\"og:type\" content=\"article\" \/>\n<meta property=\"og:title\" content=\"Pol\u00edtica de privacitat i cookies - alter-entorn, solucions microbiol\u00f2giques\" \/>\n<meta property=\"og:description\" content=\"Protecci\u00f3 de dades, pol\u00edtica d&#039;\u00fas de cookies, etc. per botiga online de productes microbiol\u00f2giques: suplements probi\u00f2tics, cosm\u00e8tica natural, neteja ecol\u00f2gica...\" \/>\n<meta property=\"og:url\" content=\"https:\/\/alter-entorn.com\/ca\/politica-de-privacitat-i-cookies\/\" \/>\n<meta property=\"og:site_name\" content=\"alter-entorn\" \/>\n<meta property=\"article:publisher\" content=\"https:\/\/www.facebook.com\/alterentorn\/\" \/>\n<meta property=\"article:modified_time\" content=\"2018-06-25T14:59:38+00:00\" \/>\n<meta name=\"twitter:card\" content=\"summary_large_image\" \/>\n<meta name=\"twitter:site\" content=\"@alterentorn\" \/>\n<meta name=\"twitter:label1\" content=\"Temps estimat de lectura\" \/>\n\t<meta name=\"twitter:data1\" content=\"4 minuts\" \/>\n<script type=\"application\/ld+json\" class=\"yoast-schema-graph\">{\"@context\":\"https:\\\/\\\/schema.org\",\"@graph\":[{\"@type\":\"WebPage\",\"@id\":\"https:\\\/\\\/alter-entorn.com\\\/ca\\\/politica-de-privacitat-i-cookies\\\/\",\"url\":\"https:\\\/\\\/alter-entorn.com\\\/ca\\\/politica-de-privacitat-i-cookies\\\/\",\"name\":\"Pol\u00edtica de privacitat i cookies - alter-entorn, solucions microbiol\u00f2giques\",\"isPartOf\":{\"@id\":\"https:\\\/\\\/alter-entorn.com\\\/ca\\\/#website\"},\"datePublished\":\"2018-06-01T10:34:19+00:00\",\"dateModified\":\"2018-06-25T14:59:38+00:00\",\"description\":\"Protecci\u00f3 de dades, pol\u00edtica d'\u00fas de cookies, etc. per botiga online de productes microbiol\u00f2giques: suplements probi\u00f2tics, cosm\u00e8tica natural, neteja ecol\u00f2gica...\",\"breadcrumb\":{\"@id\":\"https:\\\/\\\/alter-entorn.com\\\/ca\\\/politica-de-privacitat-i-cookies\\\/#breadcrumb\"},\"inLanguage\":\"ca\",\"potentialAction\":[{\"@type\":\"ReadAction\",\"target\":[\"https:\\\/\\\/alter-entorn.com\\\/ca\\\/politica-de-privacitat-i-cookies\\\/\"]}]},{\"@type\":\"BreadcrumbList\",\"@id\":\"https:\\\/\\\/alter-entorn.com\\\/ca\\\/politica-de-privacitat-i-cookies\\\/#breadcrumb\",\"itemListElement\":[{\"@type\":\"ListItem\",\"position\":1,\"name\":\"Portada\",\"item\":\"https:\\\/\\\/alter-entorn.com\\\/ca\\\/\"},{\"@type\":\"ListItem\",\"position\":2,\"name\":\"Pol\u00edtica de privacitat\"}]},{\"@type\":\"WebSite\",\"@id\":\"https:\\\/\\\/alter-entorn.com\\\/ca\\\/#website\",\"url\":\"https:\\\/\\\/alter-entorn.com\\\/ca\\\/\",\"name\":\"alter-entorn\",\"description\":\"Soluciones Microbiol\u00f3gicas probi\u00f3ticos\",\"publisher\":{\"@id\":\"https:\\\/\\\/alter-entorn.com\\\/ca\\\/#organization\"},\"potentialAction\":[{\"@type\":\"SearchAction\",\"target\":{\"@type\":\"EntryPoint\",\"urlTemplate\":\"https:\\\/\\\/alter-entorn.com\\\/ca\\\/?s={search_term_string}\"},\"query-input\":{\"@type\":\"PropertyValueSpecification\",\"valueRequired\":true,\"valueName\":\"search_term_string\"}}],\"inLanguage\":\"ca\"},{\"@type\":\"Organization\",\"@id\":\"https:\\\/\\\/alter-entorn.com\\\/ca\\\/#organization\",\"name\":\"alter-entorn\",\"url\":\"https:\\\/\\\/alter-entorn.com\\\/ca\\\/\",\"logo\":{\"@type\":\"ImageObject\",\"inLanguage\":\"ca\",\"@id\":\"https:\\\/\\\/alter-entorn.com\\\/ca\\\/#\\\/schema\\\/logo\\\/image\\\/\",\"url\":\"https:\\\/\\\/alter-entorn.com\\\/wp-content\\\/uploads\\\/2018\\\/10\\\/logo_alter_entorn-sin-texto-1.png\",\"contentUrl\":\"https:\\\/\\\/alter-entorn.com\\\/wp-content\\\/uploads\\\/2018\\\/10\\\/logo_alter_entorn-sin-texto-1.png\",\"width\":246,\"height\":68,\"caption\":\"alter-entorn\"},\"image\":{\"@id\":\"https:\\\/\\\/alter-entorn.com\\\/ca\\\/#\\\/schema\\\/logo\\\/image\\\/\"},\"sameAs\":[\"https:\\\/\\\/www.facebook.com\\\/alterentorn\\\/\",\"https:\\\/\\\/x.com\\\/alterentorn\"]}]}<\/script>\n<!-- \/ Yoast SEO plugin. -->","yoast_head_json":{"title":"Pol\u00edtica de privacitat i cookies - alter-entorn, solucions microbiol\u00f2giques","description":"Protecci\u00f3 de dades, pol\u00edtica d'\u00fas de cookies, etc. per botiga online de productes microbiol\u00f2giques: suplements probi\u00f2tics, cosm\u00e8tica natural, neteja ecol\u00f2gica...","robots":{"index":"index","follow":"follow","max-snippet":"max-snippet:-1","max-image-preview":"max-image-preview:large","max-video-preview":"max-video-preview:-1"},"canonical":"https:\/\/alter-entorn.com\/ca\/politica-de-privacitat-i-cookies\/","og_locale":"ca_ES","og_type":"article","og_title":"Pol\u00edtica de privacitat i cookies - alter-entorn, solucions microbiol\u00f2giques","og_description":"Protecci\u00f3 de dades, pol\u00edtica d'\u00fas de cookies, etc. per botiga online de productes microbiol\u00f2giques: suplements probi\u00f2tics, cosm\u00e8tica natural, neteja ecol\u00f2gica...","og_url":"https:\/\/alter-entorn.com\/ca\/politica-de-privacitat-i-cookies\/","og_site_name":"alter-entorn","article_publisher":"https:\/\/www.facebook.com\/alterentorn\/","article_modified_time":"2018-06-25T14:59:38+00:00","twitter_card":"summary_large_image","twitter_site":"@alterentorn","twitter_misc":{"Temps estimat de lectura":"4 minuts"},"schema":{"@context":"https:\/\/schema.org","@graph":[{"@type":"WebPage","@id":"https:\/\/alter-entorn.com\/ca\/politica-de-privacitat-i-cookies\/","url":"https:\/\/alter-entorn.com\/ca\/politica-de-privacitat-i-cookies\/","name":"Pol\u00edtica de privacitat i cookies - alter-entorn, solucions microbiol\u00f2giques","isPartOf":{"@id":"https:\/\/alter-entorn.com\/ca\/#website"},"datePublished":"2018-06-01T10:34:19+00:00","dateModified":"2018-06-25T14:59:38+00:00","description":"Protecci\u00f3 de dades, pol\u00edtica d'\u00fas de cookies, etc. per botiga online de productes microbiol\u00f2giques: suplements probi\u00f2tics, cosm\u00e8tica natural, neteja ecol\u00f2gica...","breadcrumb":{"@id":"https:\/\/alter-entorn.com\/ca\/politica-de-privacitat-i-cookies\/#breadcrumb"},"inLanguage":"ca","potentialAction":[{"@type":"ReadAction","target":["https:\/\/alter-entorn.com\/ca\/politica-de-privacitat-i-cookies\/"]}]},{"@type":"BreadcrumbList","@id":"https:\/\/alter-entorn.com\/ca\/politica-de-privacitat-i-cookies\/#breadcrumb","itemListElement":[{"@type":"ListItem","position":1,"name":"Portada","item":"https:\/\/alter-entorn.com\/ca\/"},{"@type":"ListItem","position":2,"name":"Pol\u00edtica de privacitat"}]},{"@type":"WebSite","@id":"https:\/\/alter-entorn.com\/ca\/#website","url":"https:\/\/alter-entorn.com\/ca\/","name":"alter-entorn","description":"Soluciones Microbiol\u00f3gicas probi\u00f3ticos","publisher":{"@id":"https:\/\/alter-entorn.com\/ca\/#organization"},"potentialAction":[{"@type":"SearchAction","target":{"@type":"EntryPoint","urlTemplate":"https:\/\/alter-entorn.com\/ca\/?s={search_term_string}"},"query-input":{"@type":"PropertyValueSpecification","valueRequired":true,"valueName":"search_term_string"}}],"inLanguage":"ca"},{"@type":"Organization","@id":"https:\/\/alter-entorn.com\/ca\/#organization","name":"alter-entorn","url":"https:\/\/alter-entorn.com\/ca\/","logo":{"@type":"ImageObject","inLanguage":"ca","@id":"https:\/\/alter-entorn.com\/ca\/#\/schema\/logo\/image\/","url":"https:\/\/alter-entorn.com\/wp-content\/uploads\/2018\/10\/logo_alter_entorn-sin-texto-1.png","contentUrl":"https:\/\/alter-entorn.com\/wp-content\/uploads\/2018\/10\/logo_alter_entorn-sin-texto-1.png","width":246,"height":68,"caption":"alter-entorn"},"image":{"@id":"https:\/\/alter-entorn.com\/ca\/#\/schema\/logo\/image\/"},"sameAs":["https:\/\/www.facebook.com\/alterentorn\/","https:\/\/x.com\/alterentorn"]}]}},"_links":{"self":[{"href":"https:\/\/alter-entorn.com\/ca\/wp-json\/wp\/v2\/pages\/5515","targetHints":{"allow":["GET"]}}],"collection":[{"href":"https:\/\/alter-entorn.com\/ca\/wp-json\/wp\/v2\/pages"}],"about":[{"href":"https:\/\/alter-entorn.com\/ca\/wp-json\/wp\/v2\/types\/page"}],"author":[{"embeddable":true,"href":"https:\/\/alter-entorn.com\/ca\/wp-json\/wp\/v2\/users\/1"}],"replies":[{"embeddable":true,"href":"https:\/\/alter-entorn.com\/ca\/wp-json\/wp\/v2\/comments?post=5515"}],"version-history":[{"count":0,"href":"https:\/\/alter-entorn.com\/ca\/wp-json\/wp\/v2\/pages\/5515\/revisions"}],"wp:attachment":[{"href":"https:\/\/alter-entorn.com\/ca\/wp-json\/wp\/v2\/media?parent=5515"}],"curies":[{"name":"wp","href":"https:\/\/api.w.org\/{rel}","templated":true}]}}