{"id":5573,"date":"2018-06-21T11:33:11","date_gmt":"2018-06-21T09:33:11","guid":{"rendered":"http:\/\/alter-entorn.com\/avis-legal-i-condicions-generals\/"},"modified":"2024-09-24T10:44:33","modified_gmt":"2024-09-24T08:44:33","slug":"avis-legal-i-condicions-generals","status":"publish","type":"page","link":"https:\/\/alter-entorn.com\/ca\/avis-legal-i-condicions-generals\/","title":{"rendered":"Av\u00eds Legal i Condicions Generals"},"content":{"rendered":"<h2><strong>Av\u00eds Legal<\/strong><\/h2>\n<p align=\"JUSTIFY\">Aquest portal el titular del qual \u00e9s <b>ALTER ENTORN S.L.,<\/b> amb NIF B43862473, domicili al carrer Buenos Aires 1 3\u00ba &#8211; 43747 de Benissanet (Tarragona) , est\u00e0 constitu\u00efda pels llocs web associats als dominis alter-entorn.com<\/p>\n<p align=\"JUSTIFY\"><b>Propietat Intel\u00b7lectual i Industrial<\/b><\/p>\n<p align=\"JUSTIFY\">El diseny del portal i els seus codis fonts, aix\u00ed com els logotips, marques i altres signes distintius que apareixen en el mateix pertanyen a <b>ALTER ENTORN S.L.,<\/b>\u00a0i estan protegits pels corresponents drets de propietat intel\u00b7lectual i industrial.<\/p>\n<p align=\"JUSTIFY\"><b>ALTER ENTORN S.L.,<\/b>\u00a0\u00e9s titular de tots els drets sobre el software de la publicaci\u00f3 digital aix\u00ed com dels drets de propietat industrial i intel\u00b7lectual referits als continguts que s&#8217;inclueixen, a excepci\u00f3 dels drets sobre productes i serveis de car\u00e0cter p\u00fablic que no s\u00f3n propietat d&#8217;aquesta empresa.<\/p>\n<p align=\"JUSTIFY\">Tota la informaci\u00f3 que es rebi a la web, com comentaris, sugger\u00e8ncies o idees, es considerar\u00e0 cedida a <b>ALTER ENTORN S.L.,<\/b> de manera gratu\u00efta. No ha d&#8217;enviar-se informaci\u00f3 que<b> NO<\/b> pugui ser tractada d&#8217;aquesta manera.<\/p>\n<p align=\"JUSTIFY\"><b>Responsabilitat dels continguts<\/b><\/p>\n<p align=\"JUSTIFY\"><b>ALTER ENTORN S.L.,<\/b> no es fa responsable de la legalitat d&#8217;altres llocs web de tercers des dels que es pot accedir al portal. <b>ALTER ENTORN S.L.,<\/b> tampoc respon per la legalitat d&#8217;altres llocs web de tercers, que pugu\u00e9ssin estar vinculats o enlla\u00e7ats des d&#8217;aquest portal.<\/p>\n<p align=\"JUSTIFY\"><b>ALTER ENTORN S.L.,<\/b>\u00a0es reserva el dret a realitzar canvis al lloc web sense previ av\u00eds, al objecte de mantenir actualitzada la seva informaci\u00f3, afegint, modificant, corregint o eliminant els continguts publicats o el disseny del portal.<\/p>\n<p align=\"JUSTIFY\"><b>ALTER ENTORN S.L.,<\/b> no ser\u00e0 responsable de l&#8217;\u00fas que tercers facin de la informaci\u00f3 publicada al portal, ni tampoc dels danys soferts o p\u00e8rdues econ\u00f2miques que, de forma directa o indirecta, produeixin o puguin produir perjudicis econ\u00f2mics, materials o sobre dades provocades per l&#8217;\u00fas d&#8217;aquesta informaci\u00f3. Per\u00f2, tenint en compte els art. 11 i 16 de la LSSI- CE, <b>ALTER ENTORN S.L.,<\/b>\u00a0es compromet a la retirada o en el seu cas bloqueig d&#8217;aquells continguts que pugu\u00e9ssin afectar o contravenir la legislaci\u00f3 nacional o internacional, drets de tercers o la moral i l&#8217;orde p\u00fablic.<\/p>\n<p align=\"JUSTIFY\">Tampoc l&#8217;empresa es responsabilitzar\u00e0 dels danys i perjudicis que es produeixin per errors o males configuracions del software instal\u00b7lat al ordinador de l&#8217;internauta. S&#8217;exclou tota responsabilitat per alguna incid\u00e8ncia t\u00e8cnica o error que es produeixi quan l&#8217;usuari es connecti a internet. Igualment, no es garantitza la inexist\u00e8ncia d&#8217;interrupcions o errors en l&#8217;acc\u00e9s al lloc web.<\/p>\n<p align=\"JUSTIFY\"><b>Reproducci\u00f3 de continguts<\/b><\/p>\n<p align=\"JUSTIFY\">Es prohibeix la reproducci\u00f3 total o parcial dels continguts publicats al portal. Sense el consentiment escrit d&#8217;<b>ALTER ENTORN S.L.,<\/b><\/p>\n<p align=\"JUSTIFY\"><b>Seu<\/b><b>\u00a0electr\u00f2nica<\/b><\/p>\n<p align=\"JUSTIFY\">D&#8217;acord amb l&#8217;establert a l&#8217;art 7 del Real Decret 1671\/2009, del 6 de novembre, pel que es desenvolupa parcialment la Llei 11\/2007, del 22 de juny, d&#8217;acc\u00e9s electr\u00f2nic dels ciutadans als serveis p\u00fablics, <b>ALTER ENTORN S.L.,<\/b>\u00a0es responsabilitzar\u00e0 de la integritat, veracitat i actualitzaci\u00f3 de la informaci\u00f3 i els serveis als que pugui accedir-se a trav\u00e9s de la seva Seu Electr\u00f2nica <b>(www.alter-entorn.com)<\/b><\/p>\n<p align=\"JUSTIFY\"><b>Llei aplicable<\/b><\/p>\n<p align=\"JUSTIFY\">La llei aplicable en cas de disputa o conflicte d&#8217;interpretaci\u00f3 dels termes que conformen aquest av\u00eds legal, aix\u00ed com qualsevol q\u00fcesti\u00f3 relacionada amb els serveis del present portal, ser\u00e0 la llei espanyola.<\/p>\n<hr \/>\n<h3><\/h3>\n<h2><strong>Condicions Generals<\/strong><\/h2>\n<h3>1- Generals<\/h3>\n<p>Les presents condicions generals de venda s&#8217;apliquen estrictament a totes les vendes de productes efectuades a Espanya, inclu\u00efdes les Illes Can\u00e0ries i les Illes Balears per Alter Entorn, amb C.I.F. n\u00famero B-43862473, d&#8217;ara en endavant l&#8217;empresa, amb dest\u00ed a persones f\u00edsiques.<\/p>\n<p>Tota comanda feta a <a href=\"http:\/\/www.alter-entorn.com\">www.alter-entorn.com<\/a> implica necess\u00e0riament a t\u00edtol de condici\u00f3 essencial, determinant i imprescindible, la acceptaci\u00f3 sense reserves pel Client de les Condicions Generals de Venda de l&#8217;empresa vigents el dia en que es faci la comanda corresponent. A m\u00e9s, el Client reconeix que la acceptaci\u00f3 de les presents condicions implicar\u00e0 l&#8217;aplicaci\u00f3 d&#8217;aquestes a la comanda a la que es refereixen, aix\u00ed com a tota comanda posterior, amb excepci\u00f3 d&#8217;aquells casos en qu\u00e8 noves condicions siguin posades en el seu coneixement per l&#8217;empresa. El fet que la empresa no recorri en un moment donat a qualsevol de les presents condicions no pot ser interpretat ni equivaldr\u00e0 a renunciar a rec\u00f2rrer a elles en el futur o en el passat.<\/p>\n<p>Llei aplicable i jurisdicci\u00f3 competent. La interpretaci\u00f3 i la execuci\u00f3 de les condicions, aix\u00ed com tots els actes que siguin conseq\u00fc\u00e8ncia d&#8217;aquestes, quedaran sotmesos al dret espanyol, a no ser que existeixin disposicions d&#8217;orde p\u00fablic contr\u00e0ries.<\/p>\n<h3>2- Preus<\/h3>\n<p>Els preus publicats a\u00a0<a href=\"http:\/\/www.alter-entorn.com\">www.alter-entorn.com<\/a> s\u00f3n en Euros i s\u00f3n vigents tret error tipogr\u00e0fic. Tots els preus porten l&#8217;IVA incl\u00f2s aplicable el dia de la comanda, qualsevol canvi de taxa d&#8217;IVA ser\u00e0 aplicat autom\u00e0ticament als preus dels productes en venda a\u00a0<a href=\"http:\/\/www.alter-entorn.com\">www.alter-entorn.com<\/a>. Les ofertes sobre productes en venda a\u00a0<a href=\"http:\/\/www.alter-entorn.com\">www.alter-entorn.com<\/a>\u00a0es mostraran a l&#8217;apartat &#8220;Ofertes&#8221; o s&#8217;indicar\u00e0 a la fitxa del producte i, sin\u00f3 s&#8217;indica el contrari, seran v\u00e0lides mentres es mostrin en pantalla.<\/p>\n<h3>3- Diferents formes de Pagament<\/h3>\n<p>Al formular la comanda, el client pot triar lliurement abonar les compres que realitzi a\u00a0<a href=\"http:\/\/www.alter-entorn.com\">www.alter-entorn.com <\/a>mitjan\u00e7ant pagament contra reembolsament, transfer\u00e8ncia banc\u00e0ria o targeta de cr\u00e8dit.<\/p>\n<h3>4- Producte<\/h3>\n<p>Les ofertes presentades per l&#8217;empresa s\u00f3n v\u00e0lides dins del l\u00edmit de les exist\u00e8ncies disponibles. L&#8217;empresa es reserva el dret de modificar l&#8217;assortiment de productes en funci\u00f3 de les dificultats imposades pels seus prove\u00efdors.<\/p>\n<p>Les fotografies, grafismes i les descripcions dels productes proposats a la venda nom\u00e9s s\u00f3n orientatius i no comprometen de cap manera al venedor alter-entorn.<\/p>\n<h3>5- Enviaments<\/h3>\n<p>Els productes adquirits s&#8217;entregaran a la persona i a la direcci\u00f3 indicada a la comanda.<br \/>\nEl pla\u00e7 d\u2019entrega \u00e9s d\u20191 a 4 dies laborables.<br \/>\nPer defecte, les factures s&#8217;enviaran a la direcci\u00f3 e-mail indicada pel client a l&#8217;hora de la seva alta a alter-entorn.<br \/>\nEls dissabtes, diumenges i festius no hi haur\u00e0 sortida ni entrega de comandes.<br \/>\nNo obstant aix\u00f2 la seva demora no implicar\u00e0 ni anul\u00b7laci\u00f3n de la comanda ni indemnitzaci\u00f3 alguna.<br \/>\nUna comanda es considera entregada al moment que el transportista entrega el paquet o els paquets al client i aquest firma el document de recepci\u00f3 d&#8217;entrega. Correspon al client verificar l&#8217;estat de la mercaderia a la recepci\u00f3 i indicar totes les anomal\u00edes a l&#8217;albar\u00e0 de recepci\u00f3 d&#8217;entrega.<br \/>\nPer enviaments fora d&#8217;Espanya i Portugal consulti&#8217;ns.<\/p>\n<h3>6- Pol\u00edtiques de devolucions i anul\u00b7lacions<\/h3>\n<h4>6-1 Devoluci\u00f3 de mercaderia<\/h4>\n<p>Teniu dret a desistir del present contracte en un termini de 14 dies naturals sense necessitat de justificaci\u00f3. El termini de desistiment expirar\u00e0 als 14 dies naturals a partir del dia que vost\u00e8 o un tercer per vost\u00e8 indicat, diferent del transportista, va adquirir la possessi\u00f3 material del darrer d\u2019aquests b\u00e9ns.<\/p>\n<p>Per exercir el dret de desistiment, caldr\u00e0 \u00a0notificar-nos a: alter.entorn s.l. c\/Buenos aires 1 , 43747 Benissanet, tel\u00e9fon +34 977 407 788, \u00a0o per correo electr\u00f3nic a\u00a0alter-entorn@alter-entorn.com, la vostra decisi\u00f3 de desistir del contracte mitjan\u00e7ant una declaraci\u00f3 inequ\u00edvoca (per exemple, una carta enviada per correu postal, fax o correu electr\u00f2nic). Podr\u00e0 utilitzar el model de formulari de desistiment que figura a continuaci\u00f3, encara que el seu \u00fas no \u00e9s obligatori.<\/p>\n<p>Per complir el termini de desistiment, nom\u00e9s cal que la comunicaci\u00f3 relativa a l&#8217;exercici per la seva part d\u2019aquest dret sigui enviada abans que venci el termini corresponent.<\/p>\n<p>Conseq\u00fc\u00e8ncies del desistiment En cas de desistiment per part seva, li tornarem tots els pagaments rebuts de vost\u00e8, incloses les despeses de lliurament (amb l&#8217;excepci\u00f3 de les despeses addicionals resultants de l&#8217;elecci\u00f3 per part seva d&#8217;una modalitat de lliurament diferent a la modalitat menys costosa de lliurament ordinari que oferim) sense cap demora indeguda i, a tot cas, com a molt tard 14 dies naturals a partir de la data en qu\u00e8 se&#8217;ns informi de la seva decisi\u00f3 de desistir del present contracte. Procedirem a efectuar aquest reemborsament utilitzant el mateix mitj\u00e0 de pagament emprat per vost\u00e8 per a la transacci\u00f3 inicial, tret que hagi vost\u00e8 disposat expressament el contrari; en tot cas, no incorrer\u00e0 en cap despesa com a conseq\u00fc\u00e8ncia del reemborsament. Podrem retenir el reemborsament fins haver rebut els b\u00e9ns, o fins que hi hagi presentat una prova de la devoluci\u00f3 dels mateixos, segons quina condici\u00f3 es compleixi primer. Ens haur\u00e0 de tornar o lliurar-nos directament els b\u00e9ns a alter-entorn sl , sense cap demora indeguda i, en qualsevol cas, com a molt tard al termini de 14 dies naturals a partir de la data a que ens comuniqui la seva decisi\u00f3 de desistiment del contracte. Es considerar\u00e0 complert el termini si efectua la devoluci\u00f3 dels b\u00e9ns abans que hagi concl\u00f2s aquest termini. Alter-entorn sl. \u00a0assumir\u00e0 el cost directe de devoluci\u00f3 dels b\u00e9ns. Nom\u00e9s ser\u00e0 vost\u00e8 responsable de la disminuci\u00f3 de valor dels b\u00e9ns resultant d&#8217;una manipulaci\u00f3 diferent de la necess\u00e0ria per establir la naturalesa, les caracter\u00edstiques i el funcionament dels b\u00e9ns.<\/p>\n<h4>6-2 Anul\u00b7laci\u00f3 de comanda<\/h4>\n<p>Si l&#8217;anul\u00b7laci\u00f3 de la comanda arriba abans de la sortida de mercaderia el client no tindr\u00e0 cap despesa. En el cas d&#8217;una anul\u00b7laci\u00f3 despr\u00e9s de la sortida de la comanda, el client tindr\u00e0 al seu c\u00e0rrec les despeses d&#8217;enviament, aix\u00ed com les despeses de devoluci\u00f3 d&#8217;aquesta mateixa comanda.<\/p>\n","protected":false},"excerpt":{"rendered":"<p>Av\u00eds Legal Aquest portal el titular del qual \u00e9s ALTER ENTORN S.L., amb NIF B43862473, domicili al carrer Buenos Aires 1 3\u00ba &#8211; 43747 de Benissanet (Tarragona) , est\u00e0 constitu\u00efda pels llocs web associats als dominis alter-entorn.com Propietat Intel\u00b7lectual i Industrial El diseny del portal i els seus codis fonts, aix\u00ed com els logotips, marques [&hellip;]<\/p>\n","protected":false},"author":1,"featured_media":0,"parent":0,"menu_order":0,"comment_status":"closed","ping_status":"closed","template":"","meta":{"_joinchat":[],"footnotes":""},"class_list":["post-5573","page","type-page","status-publish","hentry"],"yoast_head":"<!-- This site is optimized with the Yoast SEO plugin v27.4 - https:\/\/yoast.com\/product\/yoast-seo-wordpress\/ -->\n<title>Informaci\u00f3 legal i condicions generals d&#039;alter-entorn<\/title>\n<meta name=\"description\" content=\"www.alter-entorn.com \u00e9s propietat d&#039;Alter Entorn, S.L., amb domicili social i fiscal a Benissanet, Tarragona. Pots contactar amb nosaltres al 977407788\" \/>\n<meta name=\"robots\" content=\"index, follow, max-snippet:-1, max-image-preview:large, max-video-preview:-1\" \/>\n<link rel=\"canonical\" href=\"https:\/\/alter-entorn.com\/ca\/avis-legal-i-condicions-generals\/\" \/>\n<meta property=\"og:locale\" content=\"ca_ES\" \/>\n<meta property=\"og:type\" content=\"article\" \/>\n<meta property=\"og:title\" content=\"Informaci\u00f3 legal i condicions generals d&#039;alter-entorn\" \/>\n<meta property=\"og:description\" content=\"www.alter-entorn.com \u00e9s propietat d&#039;Alter Entorn, S.L., amb domicili social i fiscal a Benissanet, Tarragona. Pots contactar amb nosaltres al 977407788\" \/>\n<meta property=\"og:url\" content=\"https:\/\/alter-entorn.com\/ca\/avis-legal-i-condicions-generals\/\" \/>\n<meta property=\"og:site_name\" content=\"alter-entorn\" \/>\n<meta property=\"article:publisher\" content=\"https:\/\/www.facebook.com\/alterentorn\/\" \/>\n<meta property=\"article:modified_time\" content=\"2024-09-24T08:44:33+00:00\" \/>\n<meta name=\"twitter:card\" content=\"summary_large_image\" \/>\n<meta name=\"twitter:site\" content=\"@alterentorn\" \/>\n<meta name=\"twitter:label1\" content=\"Temps estimat de lectura\" \/>\n\t<meta name=\"twitter:data1\" content=\"7 minuts\" \/>\n<script type=\"application\/ld+json\" class=\"yoast-schema-graph\">{\"@context\":\"https:\\\/\\\/schema.org\",\"@graph\":[{\"@type\":\"WebPage\",\"@id\":\"https:\\\/\\\/alter-entorn.com\\\/ca\\\/avis-legal-i-condicions-generals\\\/\",\"url\":\"https:\\\/\\\/alter-entorn.com\\\/ca\\\/avis-legal-i-condicions-generals\\\/\",\"name\":\"Informaci\u00f3 legal i condicions generals d'alter-entorn\",\"isPartOf\":{\"@id\":\"https:\\\/\\\/alter-entorn.com\\\/ca\\\/#website\"},\"datePublished\":\"2018-06-21T09:33:11+00:00\",\"dateModified\":\"2024-09-24T08:44:33+00:00\",\"description\":\"www.alter-entorn.com \u00e9s propietat d'Alter Entorn, S.L., amb domicili social i fiscal a Benissanet, Tarragona. Pots contactar amb nosaltres al 977407788\",\"breadcrumb\":{\"@id\":\"https:\\\/\\\/alter-entorn.com\\\/ca\\\/avis-legal-i-condicions-generals\\\/#breadcrumb\"},\"inLanguage\":\"ca\",\"potentialAction\":[{\"@type\":\"ReadAction\",\"target\":[\"https:\\\/\\\/alter-entorn.com\\\/ca\\\/avis-legal-i-condicions-generals\\\/\"]}]},{\"@type\":\"BreadcrumbList\",\"@id\":\"https:\\\/\\\/alter-entorn.com\\\/ca\\\/avis-legal-i-condicions-generals\\\/#breadcrumb\",\"itemListElement\":[{\"@type\":\"ListItem\",\"position\":1,\"name\":\"Portada\",\"item\":\"https:\\\/\\\/alter-entorn.com\\\/ca\\\/\"},{\"@type\":\"ListItem\",\"position\":2,\"name\":\"Av\u00eds Legal i Condicions Generals\"}]},{\"@type\":\"WebSite\",\"@id\":\"https:\\\/\\\/alter-entorn.com\\\/ca\\\/#website\",\"url\":\"https:\\\/\\\/alter-entorn.com\\\/ca\\\/\",\"name\":\"alter-entorn\",\"description\":\"Soluciones Microbiol\u00f3gicas probi\u00f3ticos\",\"publisher\":{\"@id\":\"https:\\\/\\\/alter-entorn.com\\\/ca\\\/#organization\"},\"potentialAction\":[{\"@type\":\"SearchAction\",\"target\":{\"@type\":\"EntryPoint\",\"urlTemplate\":\"https:\\\/\\\/alter-entorn.com\\\/ca\\\/?s={search_term_string}\"},\"query-input\":{\"@type\":\"PropertyValueSpecification\",\"valueRequired\":true,\"valueName\":\"search_term_string\"}}],\"inLanguage\":\"ca\"},{\"@type\":\"Organization\",\"@id\":\"https:\\\/\\\/alter-entorn.com\\\/ca\\\/#organization\",\"name\":\"alter-entorn\",\"url\":\"https:\\\/\\\/alter-entorn.com\\\/ca\\\/\",\"logo\":{\"@type\":\"ImageObject\",\"inLanguage\":\"ca\",\"@id\":\"https:\\\/\\\/alter-entorn.com\\\/ca\\\/#\\\/schema\\\/logo\\\/image\\\/\",\"url\":\"https:\\\/\\\/alter-entorn.com\\\/wp-content\\\/uploads\\\/2018\\\/10\\\/logo_alter_entorn-sin-texto-1.png\",\"contentUrl\":\"https:\\\/\\\/alter-entorn.com\\\/wp-content\\\/uploads\\\/2018\\\/10\\\/logo_alter_entorn-sin-texto-1.png\",\"width\":246,\"height\":68,\"caption\":\"alter-entorn\"},\"image\":{\"@id\":\"https:\\\/\\\/alter-entorn.com\\\/ca\\\/#\\\/schema\\\/logo\\\/image\\\/\"},\"sameAs\":[\"https:\\\/\\\/www.facebook.com\\\/alterentorn\\\/\",\"https:\\\/\\\/x.com\\\/alterentorn\"]}]}<\/script>\n<!-- \/ Yoast SEO plugin. -->","yoast_head_json":{"title":"Informaci\u00f3 legal i condicions generals d'alter-entorn","description":"www.alter-entorn.com \u00e9s propietat d'Alter Entorn, S.L., amb domicili social i fiscal a Benissanet, Tarragona. Pots contactar amb nosaltres al 977407788","robots":{"index":"index","follow":"follow","max-snippet":"max-snippet:-1","max-image-preview":"max-image-preview:large","max-video-preview":"max-video-preview:-1"},"canonical":"https:\/\/alter-entorn.com\/ca\/avis-legal-i-condicions-generals\/","og_locale":"ca_ES","og_type":"article","og_title":"Informaci\u00f3 legal i condicions generals d'alter-entorn","og_description":"www.alter-entorn.com \u00e9s propietat d'Alter Entorn, S.L., amb domicili social i fiscal a Benissanet, Tarragona. Pots contactar amb nosaltres al 977407788","og_url":"https:\/\/alter-entorn.com\/ca\/avis-legal-i-condicions-generals\/","og_site_name":"alter-entorn","article_publisher":"https:\/\/www.facebook.com\/alterentorn\/","article_modified_time":"2024-09-24T08:44:33+00:00","twitter_card":"summary_large_image","twitter_site":"@alterentorn","twitter_misc":{"Temps estimat de lectura":"7 minuts"},"schema":{"@context":"https:\/\/schema.org","@graph":[{"@type":"WebPage","@id":"https:\/\/alter-entorn.com\/ca\/avis-legal-i-condicions-generals\/","url":"https:\/\/alter-entorn.com\/ca\/avis-legal-i-condicions-generals\/","name":"Informaci\u00f3 legal i condicions generals d'alter-entorn","isPartOf":{"@id":"https:\/\/alter-entorn.com\/ca\/#website"},"datePublished":"2018-06-21T09:33:11+00:00","dateModified":"2024-09-24T08:44:33+00:00","description":"www.alter-entorn.com \u00e9s propietat d'Alter Entorn, S.L., amb domicili social i fiscal a Benissanet, Tarragona. Pots contactar amb nosaltres al 977407788","breadcrumb":{"@id":"https:\/\/alter-entorn.com\/ca\/avis-legal-i-condicions-generals\/#breadcrumb"},"inLanguage":"ca","potentialAction":[{"@type":"ReadAction","target":["https:\/\/alter-entorn.com\/ca\/avis-legal-i-condicions-generals\/"]}]},{"@type":"BreadcrumbList","@id":"https:\/\/alter-entorn.com\/ca\/avis-legal-i-condicions-generals\/#breadcrumb","itemListElement":[{"@type":"ListItem","position":1,"name":"Portada","item":"https:\/\/alter-entorn.com\/ca\/"},{"@type":"ListItem","position":2,"name":"Av\u00eds Legal i Condicions Generals"}]},{"@type":"WebSite","@id":"https:\/\/alter-entorn.com\/ca\/#website","url":"https:\/\/alter-entorn.com\/ca\/","name":"alter-entorn","description":"Soluciones Microbiol\u00f3gicas probi\u00f3ticos","publisher":{"@id":"https:\/\/alter-entorn.com\/ca\/#organization"},"potentialAction":[{"@type":"SearchAction","target":{"@type":"EntryPoint","urlTemplate":"https:\/\/alter-entorn.com\/ca\/?s={search_term_string}"},"query-input":{"@type":"PropertyValueSpecification","valueRequired":true,"valueName":"search_term_string"}}],"inLanguage":"ca"},{"@type":"Organization","@id":"https:\/\/alter-entorn.com\/ca\/#organization","name":"alter-entorn","url":"https:\/\/alter-entorn.com\/ca\/","logo":{"@type":"ImageObject","inLanguage":"ca","@id":"https:\/\/alter-entorn.com\/ca\/#\/schema\/logo\/image\/","url":"https:\/\/alter-entorn.com\/wp-content\/uploads\/2018\/10\/logo_alter_entorn-sin-texto-1.png","contentUrl":"https:\/\/alter-entorn.com\/wp-content\/uploads\/2018\/10\/logo_alter_entorn-sin-texto-1.png","width":246,"height":68,"caption":"alter-entorn"},"image":{"@id":"https:\/\/alter-entorn.com\/ca\/#\/schema\/logo\/image\/"},"sameAs":["https:\/\/www.facebook.com\/alterentorn\/","https:\/\/x.com\/alterentorn"]}]}},"_links":{"self":[{"href":"https:\/\/alter-entorn.com\/ca\/wp-json\/wp\/v2\/pages\/5573","targetHints":{"allow":["GET"]}}],"collection":[{"href":"https:\/\/alter-entorn.com\/ca\/wp-json\/wp\/v2\/pages"}],"about":[{"href":"https:\/\/alter-entorn.com\/ca\/wp-json\/wp\/v2\/types\/page"}],"author":[{"embeddable":true,"href":"https:\/\/alter-entorn.com\/ca\/wp-json\/wp\/v2\/users\/1"}],"replies":[{"embeddable":true,"href":"https:\/\/alter-entorn.com\/ca\/wp-json\/wp\/v2\/comments?post=5573"}],"version-history":[{"count":1,"href":"https:\/\/alter-entorn.com\/ca\/wp-json\/wp\/v2\/pages\/5573\/revisions"}],"predecessor-version":[{"id":9790,"href":"https:\/\/alter-entorn.com\/ca\/wp-json\/wp\/v2\/pages\/5573\/revisions\/9790"}],"wp:attachment":[{"href":"https:\/\/alter-entorn.com\/ca\/wp-json\/wp\/v2\/media?parent=5573"}],"curies":[{"name":"wp","href":"https:\/\/api.w.org\/{rel}","templated":true}]}}