{"id":5581,"date":"2018-06-22T13:01:16","date_gmt":"2018-06-22T11:01:16","guid":{"rendered":"http:\/\/alter-entorn.com\/politica-de-cookies\/"},"modified":"2018-06-22T13:01:16","modified_gmt":"2018-06-22T11:01:16","slug":"politica-de-cookies","status":"publish","type":"page","link":"https:\/\/alter-entorn.com\/ca\/politica-de-cookies\/","title":{"rendered":"Pol\u00edtica de cookies"},"content":{"rendered":"<p>Quan ens ho permetis, l&#8217;acc\u00e9s i la navegaci\u00f3 pel lloc web accesible a trav\u00e9s de la URL <strong>http:\/\/www.alter-entorn.com, o dominis del seu grup<\/strong>\u00a0(des d&#8217;ara, <strong>ALTER ENTORN<\/strong>), titularitat d&#8217;<strong>ALTER ENTORN S.L.,<\/strong> (des d&#8217;ara, <strong>ALTER ENTORN<\/strong>) soposa l&#8217;\u00fas i descarga de cookies pr\u00f2pies a l&#8217;equip terminal (ordinador, tablet, smartphones) amb que accedeixes i navegues per <strong>ALTER ENTORN<\/strong>\u00a0amb la finalitat de permitir i optimitzar la navegaci\u00f3 pel mateix, aix\u00ed com analitzar alguns dels teus comportaments durant la navegaci\u00f3, de forma an\u00f2nima.<\/p>\n<p>T&#8217;animem a llegir amb atenci\u00f3 aquest document amb la finalitat d&#8217;informar-te en detall sobre l&#8217;\u00fas d&#8217;aquesta tecnologia a\u00a0<strong>ALTER ENTORN.<\/strong><\/p>\n<p>&nbsp;<\/p>\n<p><strong>Qu\u00e8 s\u00f3n les cookies?<\/strong><\/p>\n<p>Les cookies s\u00f3n petits fitxers de text que es descarreguen a l&#8217;equip o dispositiu terminal amb que es navega per Internet a l&#8217;entrar a certes p\u00e0gines i\/o fer \u00fas de determinats serveis en elles oferts, i que permet emmagatzemar informaci\u00f3 que pot ser recuperada posteriorment per diverses finalitats. Aix\u00ed mateix, i segons la forma en que utilitzi el seu equip, poden utilitzar-se per recon\u00e8ixer l&#8217;usuari.<\/p>\n<p><strong>\u00a0<\/strong><\/p>\n<p><strong>Consentiment<\/strong><\/p>\n<p>A l&#8217;accedir a <strong>ALTER ENTORN\u00a0<\/strong>se t&#8217;oferir\u00e0 certa informaci\u00f3 sobre l&#8217;\u00fas d&#8217;aquesta tecnologia a trav\u00e9s del teu dispositiu o equip terminal i et sol\u00b7licitarem que ens otorguis el teu consentiment. Tinguis en compte que algunes cookies poden ser necess\u00e0ries per el funcionamento d&#8217;<strong>ALTER ENTORN <\/strong>i, si denegues aquest consentiment, l&#8217;acc\u00e9s al mateix podria quedar impedit.<\/p>\n<p>En qualsevol moment podr\u00e0s retirar el teu consentiment a l&#8217;\u00fas d&#8217;aquesta tecnologia mitjan\u00e7ant les funcions del teu navegador, desactivant les cookies o bloquejant la possibilitat que es descarreguin al teu equip o dispositiu. Consulta l&#8217;apartat \u201d<strong>Gesti\u00f3 i desactivaci\u00f3 de cookies\u201d <\/strong>d&#8217;aquesta Pol\u00edtica de Cookies per obtenir m\u00e9s informaci\u00f3 al respecte.<\/p>\n<p><strong>\u00a0<\/strong><\/p>\n<p><strong>Cookies utilitzades a\u00a0<\/strong><strong>ALTER ENTORN.<\/strong><\/p>\n<p>Per la seva finalitat, <strong>ALTER ENTORN.<\/strong>. \u00a0utilitza, a trav\u00e9s d&#8217;<strong>ALTER ENTORN.<\/strong>, els seg\u00fcents tipus de cookies:<\/p>\n<p>&nbsp;<\/p>\n<ol>\n<li><strong>Cookies de personalitzaci\u00f3:<\/strong> s\u00f3n aquelles que permeten a l&#8217;usuari accedir al servei amb algunes caracter\u00edstiques de car\u00e0cter general predefinides en funci\u00f3 d&#8217;una s\u00e8rie de criteris al terminal de l&#8217;usuari com per exemple serien l&#8217;idioma, el tipus de navegador a trav\u00e9s del qual accedeix al servei, la configuraci\u00f3 regional des d&#8217;on accedeix al servei, etc.<\/li>\n<li><strong>Cookies t\u00e8cniques:<\/strong> S\u00f3n aquelles que permeten a l&#8217;usuari la navegaci\u00f3 a trav\u00e9s d&#8217;una p\u00e0gina web, plataforma o aplicaci\u00f3 i la utilitzaci\u00f3 de les diferents opcions o serveis que en ella existeixin, como per exemple, controlar el tr\u00e0fic i la comunicaci\u00f3 de dades, identificar la sessi\u00f3, accedir a parts d&#8217;acc\u00e9s restringit, recordar els elements que integren una comanda, realitzar el proc\u00e9s de compra d&#8217;una comanda, realitzar la sol\u00b7licitud d&#8217;inscripci\u00f3 o participaci\u00f3 en un esdeveniment, utilitzar elements de seguretat durant la navegaci\u00f3, emmagatzemar continguts per la difusi\u00f3 de v\u00eddeos o so o compartir continguts a trav\u00e9s de xarxes socials.<\/li>\n<li><strong>Cookies d&#8217;an\u00e0lisi:<\/strong> S\u00f3n aquelles que ben tractades per nosoltres o per tercers, ens permeten quantificar el n\u00famero d&#8217;usuaris i aix\u00ed realitzar la mediaci\u00f3 i an\u00e0lisi estad\u00edstic de la utilitzaci\u00f3 que fan els usuaris del servei ofertat. Per aix\u00f2 s&#8217;analitza la seva navegaci\u00f3 a la nostra p\u00e0gina web amb la finalitat de millorar l&#8217;oferta de productes o serveis que li oferim.<\/li>\n<li><strong>Cookies de publicitat<\/strong>: S\u00f3n aquelles que ben tractades per nosaltres o per tercers, ens permeten gestionar de la forma m\u00e9s efica\u00e7 possible l&#8217;oferta dels espais publicitaris que hi ha a la p\u00e0gina web, adequant el contingut de l&#8217;anunci al contingut del servei sol\u00b7licitat o a l&#8217;\u00fas que realitzi de la nostra p\u00e0gina web. Per aix\u00f2 podem analitzar els seus h\u00e0bits de navegaci\u00f3 a internet i podem mostrar-li publicitat relacionada amb el seu perfil de navegaci\u00f3.<\/li>\n<li><strong>Cookies de publicitat comportamental:<\/strong> S\u00f3n aquelles que permeten la gesti\u00f3, de la forma m\u00e9s efica\u00e7 possible, dels espacis publicitaris que, en el seu cas, l&#8217;editor hagi incl\u00f2s en una p\u00e0gina web, aplicaci\u00f3 o plataforma des de la que presta el servei sol\u00b7licitat. Aquestes cookies emmagatzemen informaci\u00f3 del comportament dels usuaris obtinguda a trav\u00e9s de la observaci\u00f3 continuada dels seus h\u00e0bits de navegaci\u00f3, el que permet desenvolupar un perfil espec\u00edfic per mostrar publicitat en funci\u00f3 del mateix.<\/li>\n<\/ol>\n<p>&nbsp;<\/p>\n<p><strong>Qui fa servir les nostres cookies?<\/strong><\/p>\n<p>La informaci\u00f3 de la nostra web \u00e9s tractada tant per l&#8217;editor com per tercers amb els que l&#8217;editor ha contractat la prestaci\u00f3 d&#8217;un servei pel qual es requereix l&#8217;\u00fas de cookies.<\/p>\n<p>La web d&#8217;<strong>ALTER ENTORN.S.L., <\/strong>pot utilitzar serveis de tercers que per compte d&#8217;<strong>ALTER ENTORN.<\/strong>, recopilaran informaci\u00f3 amb finalitats estad\u00edstiques, d&#8217;\u00fas del site per part de l&#8217;usuari i per la prestaci\u00f3 d&#8217;altres serveis d&#8217;internet.<\/p>\n<p>L&#8217;usuari accepta expressament, per la utilitzaci\u00f3 d&#8217;aquest site, el tractament de la informaci\u00f3 recollida en la forma i amb les finalitats anteriorment mencionades. I, aix\u00ed mateix, reconeix con\u00e8ixer la possibilitat de rebutjar el tractament d&#8217;aquestes dades o informaci\u00f3 rebutjant l&#8217;\u00fas de ccokies, mitjan\u00e7ant la sel\u00b7lecci\u00f3 de configuraci\u00f3 apropiada a tal finalitat del seu navegador. Si b\u00e9 aquesta opci\u00f3 de bloqueig de cookies al seu navegador pot no permetre l&#8217;\u00fas ple de totes les funcionalitats del Website.<\/p>\n<p>&nbsp;<\/p>\n<p><strong>Gesti\u00f3 i desactivaci\u00f3 de cookies<\/strong><\/p>\n<p>En qualsevol moment podr\u00e0s retirar el teu consentiment a l&#8217;\u00fas de cookies desactivant o bloquejant la seva desc\u00e0rrega a trav\u00e9s de funcions espec\u00edfiques del navegador que utilitzes.<\/p>\n<p>A continuaci\u00f3, t&#8217;oferim un llistat d&#8217;instruccions i enlla\u00e7os sobre els passos a seguir per l&#8217;activaci\u00f3, desactivaci\u00f3, esborrat i gesti\u00f3 de cookies en funci\u00f3 de cada navegador:<\/p>\n<p><strong>\u00a0<\/strong><\/p>\n<p><strong>Apple Safari<\/strong><\/p>\n<p>Amb Safari obert, apreti Safari &gt; Prefer\u00e8ncies\u2026 &gt; Privacitat i sel\u00b7lecciona \u201cBloquejar sempre\u201d, \u201cPermitir nom\u00e9s del lloc web actual\u201d, \u201cPermitir dels llocs que visito\u201d o \u201cPermitir sempre\u201d<\/p>\n<p>Pera m\u00e9s informaci\u00f3, http:\/\/support.apple.com\/kb\/PH17191<\/p>\n<p><strong>\u00a0<\/strong><\/p>\n<p><strong>Google Chrome<\/strong><\/p>\n<p>Amb Google Chrome obert, apreti l&#8217;icono del men\u00fa de Chrome &lt; Configuraci\u00f3 &lt; Mostrar opcions avan\u00e7ades\u2026 &lt; Privacitat &lt; Configuraci\u00f3 de contingut\u2026 &lt; Cookies i configuri&#8217;l, conforme les seves prefer\u00e8ncies<\/p>\n<p>Per m\u00e9s informaci\u00f3, https:\/\/support.google.com\/chrome\/answer\/95647?hl=es<\/p>\n<p><strong>\u00a0<\/strong><\/p>\n<p><strong>Internet Explorer 11<\/strong><\/p>\n<p>Apreti l&#8217;icono d&#8217;Internet Explorer de la seva barra de tasques &lt; Eines &lt; Opcions d&#8217;Internet &lt; Privacitat i personalitzi la configuraci\u00f3 de cookies conforme a les seves prefer\u00e8ncies<\/p>\n<p>Per m\u00e9s informaci\u00f3, http:\/\/windows.microsoft.com\/es-es\/internet-explorer\/delete-manage-cookies#ie=ie-11<\/p>\n<p><strong>\u00a0<\/strong><\/p>\n<p><strong>Mozilla Firefox<\/strong><\/p>\n<p>Amb Firefox obert, apreti el bot\u00f3 Men\u00fa &lt; Prefer\u00e8ncies &lt; Privacitat i personalitzi la configuraci\u00f3 de cookies conforme a les seves prefer\u00e8ncies<\/p>\n<p>Per m\u00e9s informaci\u00f3, http:\/\/support.mozilla.org\/es\/kb\/habilitar-y-deshabilitar-cookies-que-los-sitios-we<\/p>\n<p><strong>\u00a0<\/strong><\/p>\n<p><strong>Opera<\/strong><\/p>\n<p>Amb Opera obert, apreti Configuraci\u00f3 &lt; Opcions &lt; Avan\u00e7ades &lt; Cookies i personalitzi la configuraci\u00f3 de cookies conforme a les seves prefer\u00e8ncies<\/p>\n<p>Per m\u00e9s informaci\u00f3, http:\/\/help.opera.com\/Windows\/12.00\/es-ES\/cookies.html<\/p>\n<p><strong>\u00a0<\/strong><\/p>\n<p><strong>Safari per iOS 8<\/strong><\/p>\n<p>Apreti Ajustaments &gt; Safari &gt; Bloquejar cookies i sel\u00b7leccioni \u201cPermetre sempre\u201d, \u201cPermetre dels llocs que visito\u201d, \u201cPermetre nom\u00e9s dels llocs web actuals\u201d o \u201cBloquejar sempre\u201d<\/p>\n<p>Pera m\u00e9s informaci\u00f3, http:\/\/support.apple.com\/es-es\/HT1677<\/p>\n<p><strong>\u00a0<\/strong><\/p>\n<p><strong>Chrome per Android i iOS<\/strong><\/p>\n<p>Amb Google Chrome obert, apreti l&#8217;icono del men\u00fa de Chrome &lt; Configuraci\u00f3 &lt; Mostrar opcions avan\u00e7ades\u2026 &lt; Privacitat &lt; Configuraci\u00f3 de contingut\u2026 &lt; Cookies i configura, conforme a les seves prefer\u00e8ncies<\/p>\n<p>Per m\u00e9s informaci\u00f3, https:\/\/support.google.com\/chrome\/answer\/95647?hl=es<\/p>\n<p><strong>\u00a0<\/strong><\/p>\n<p><strong>Internet Explorer Mobile<\/strong><\/p>\n<p>Amb Internet Explorer Mobile obert, apreti M\u00e9s &lt; Configuraci\u00f3 i personalitzi la configuraci\u00f3 de cookies conforme a les seves prefer\u00e8ncies<\/p>\n<p>Per m\u00e9s informaci\u00f3, http:\/\/www.windowsphone.com\/es-es\/how-to\/wp7\/web\/changing-privacy-and-other-browser-settings<\/p>\n<p>Si la informaci\u00f3 o els enlla\u00e7os anteriors es trob\u00e9s desactualitzada, si el teu navegador no es troba a la llista o si, d&#8217;una altra manera, no trobes la forma de gestionar les cookies, consulta amb el lloc web oficial o posa&#8217;t en contacte amb nosaltres a trav\u00e9s de la direcci\u00f3 de correu electr\u00f2nico\u00a0info@pickaso.com, a trav\u00e9s de la que intentarem ajudar-te.<\/p>\n<p>&nbsp;<\/p>\n<p>Per qualsevol dubte, consulta o sugger\u00e8ncia en relaci\u00f3 a l&#8217;\u00fas de cookies a\u00a0<strong>ALTER ENTORN,<\/strong> no dubtis en\u00a0dirigir-te a nosaltres a trav\u00e9s de la direcci\u00f3 de correu electr\u00f2nic: info@alter-entorn.com.<\/p>\n","protected":false},"excerpt":{"rendered":"<p>Quan ens ho permetis, l&#8217;acc\u00e9s i la navegaci\u00f3 pel lloc web accesible a trav\u00e9s de la URL http:\/\/www.alter-entorn.com, o dominis del seu grup\u00a0(des d&#8217;ara, ALTER ENTORN), titularitat d&#8217;ALTER ENTORN S.L., (des d&#8217;ara, ALTER ENTORN) soposa l&#8217;\u00fas i descarga de cookies pr\u00f2pies a l&#8217;equip terminal (ordinador, tablet, smartphones) amb que accedeixes i navegues per ALTER ENTORN\u00a0amb [&hellip;]<\/p>\n","protected":false},"author":1,"featured_media":0,"parent":0,"menu_order":0,"comment_status":"closed","ping_status":"closed","template":"","meta":{"_joinchat":[],"footnotes":""},"class_list":["post-5581","page","type-page","status-publish","hentry"],"yoast_head":"<!-- This site is optimized with the Yoast SEO plugin v27.4 - https:\/\/yoast.com\/product\/yoast-seo-wordpress\/ -->\n<title>Pol\u00edtica de Cookies d&#039;alter-entorn.com - alter-entorn.com<\/title>\n<meta name=\"description\" content=\"Pol\u00edtica de cookies d&#039;alter-entorn.com: qu\u00e8 s\u00f3n les cookies, de quin tipus s&#039;utilitzen i qui ho fa, entre altres q\u00fcestions. Per m\u00e9s informaci\u00f3 escriure a info@alter-entorn.com\" \/>\n<meta name=\"robots\" content=\"index, follow, max-snippet:-1, max-image-preview:large, max-video-preview:-1\" \/>\n<link rel=\"canonical\" href=\"https:\/\/alter-entorn.com\/ca\/politica-de-cookies\/\" \/>\n<meta property=\"og:locale\" content=\"ca_ES\" \/>\n<meta property=\"og:type\" content=\"article\" \/>\n<meta property=\"og:title\" content=\"Pol\u00edtica de Cookies d&#039;alter-entorn.com - alter-entorn.com\" \/>\n<meta property=\"og:description\" content=\"Pol\u00edtica de cookies d&#039;alter-entorn.com: qu\u00e8 s\u00f3n les cookies, de quin tipus s&#039;utilitzen i qui ho fa, entre altres q\u00fcestions. Per m\u00e9s informaci\u00f3 escriure a info@alter-entorn.com\" \/>\n<meta property=\"og:url\" content=\"https:\/\/alter-entorn.com\/ca\/politica-de-cookies\/\" \/>\n<meta property=\"og:site_name\" content=\"alter-entorn\" \/>\n<meta property=\"article:publisher\" content=\"https:\/\/www.facebook.com\/alterentorn\/\" \/>\n<meta name=\"twitter:card\" content=\"summary_large_image\" \/>\n<meta name=\"twitter:site\" content=\"@alterentorn\" \/>\n<meta name=\"twitter:label1\" content=\"Temps estimat de lectura\" \/>\n\t<meta name=\"twitter:data1\" content=\"7 minuts\" \/>\n<script type=\"application\/ld+json\" class=\"yoast-schema-graph\">{\"@context\":\"https:\\\/\\\/schema.org\",\"@graph\":[{\"@type\":\"WebPage\",\"@id\":\"https:\\\/\\\/alter-entorn.com\\\/ca\\\/politica-de-cookies\\\/\",\"url\":\"https:\\\/\\\/alter-entorn.com\\\/ca\\\/politica-de-cookies\\\/\",\"name\":\"Pol\u00edtica de Cookies d'alter-entorn.com - alter-entorn.com\",\"isPartOf\":{\"@id\":\"https:\\\/\\\/alter-entorn.com\\\/ca\\\/#website\"},\"datePublished\":\"2018-06-22T11:01:16+00:00\",\"description\":\"Pol\u00edtica de cookies d'alter-entorn.com: qu\u00e8 s\u00f3n les cookies, de quin tipus s'utilitzen i qui ho fa, entre altres q\u00fcestions. Per m\u00e9s informaci\u00f3 escriure a info@alter-entorn.com\",\"breadcrumb\":{\"@id\":\"https:\\\/\\\/alter-entorn.com\\\/ca\\\/politica-de-cookies\\\/#breadcrumb\"},\"inLanguage\":\"ca\",\"potentialAction\":[{\"@type\":\"ReadAction\",\"target\":[\"https:\\\/\\\/alter-entorn.com\\\/ca\\\/politica-de-cookies\\\/\"]}]},{\"@type\":\"BreadcrumbList\",\"@id\":\"https:\\\/\\\/alter-entorn.com\\\/ca\\\/politica-de-cookies\\\/#breadcrumb\",\"itemListElement\":[{\"@type\":\"ListItem\",\"position\":1,\"name\":\"Portada\",\"item\":\"https:\\\/\\\/alter-entorn.com\\\/ca\\\/\"},{\"@type\":\"ListItem\",\"position\":2,\"name\":\"Pol\u00edtica de cookies\"}]},{\"@type\":\"WebSite\",\"@id\":\"https:\\\/\\\/alter-entorn.com\\\/ca\\\/#website\",\"url\":\"https:\\\/\\\/alter-entorn.com\\\/ca\\\/\",\"name\":\"alter-entorn\",\"description\":\"Soluciones Microbiol\u00f3gicas probi\u00f3ticos\",\"publisher\":{\"@id\":\"https:\\\/\\\/alter-entorn.com\\\/ca\\\/#organization\"},\"potentialAction\":[{\"@type\":\"SearchAction\",\"target\":{\"@type\":\"EntryPoint\",\"urlTemplate\":\"https:\\\/\\\/alter-entorn.com\\\/ca\\\/?s={search_term_string}\"},\"query-input\":{\"@type\":\"PropertyValueSpecification\",\"valueRequired\":true,\"valueName\":\"search_term_string\"}}],\"inLanguage\":\"ca\"},{\"@type\":\"Organization\",\"@id\":\"https:\\\/\\\/alter-entorn.com\\\/ca\\\/#organization\",\"name\":\"alter-entorn\",\"url\":\"https:\\\/\\\/alter-entorn.com\\\/ca\\\/\",\"logo\":{\"@type\":\"ImageObject\",\"inLanguage\":\"ca\",\"@id\":\"https:\\\/\\\/alter-entorn.com\\\/ca\\\/#\\\/schema\\\/logo\\\/image\\\/\",\"url\":\"https:\\\/\\\/alter-entorn.com\\\/wp-content\\\/uploads\\\/2018\\\/10\\\/logo_alter_entorn-sin-texto-1.png\",\"contentUrl\":\"https:\\\/\\\/alter-entorn.com\\\/wp-content\\\/uploads\\\/2018\\\/10\\\/logo_alter_entorn-sin-texto-1.png\",\"width\":246,\"height\":68,\"caption\":\"alter-entorn\"},\"image\":{\"@id\":\"https:\\\/\\\/alter-entorn.com\\\/ca\\\/#\\\/schema\\\/logo\\\/image\\\/\"},\"sameAs\":[\"https:\\\/\\\/www.facebook.com\\\/alterentorn\\\/\",\"https:\\\/\\\/x.com\\\/alterentorn\"]}]}<\/script>\n<!-- \/ Yoast SEO plugin. -->","yoast_head_json":{"title":"Pol\u00edtica de Cookies d'alter-entorn.com - alter-entorn.com","description":"Pol\u00edtica de cookies d'alter-entorn.com: qu\u00e8 s\u00f3n les cookies, de quin tipus s'utilitzen i qui ho fa, entre altres q\u00fcestions. Per m\u00e9s informaci\u00f3 escriure a info@alter-entorn.com","robots":{"index":"index","follow":"follow","max-snippet":"max-snippet:-1","max-image-preview":"max-image-preview:large","max-video-preview":"max-video-preview:-1"},"canonical":"https:\/\/alter-entorn.com\/ca\/politica-de-cookies\/","og_locale":"ca_ES","og_type":"article","og_title":"Pol\u00edtica de Cookies d'alter-entorn.com - alter-entorn.com","og_description":"Pol\u00edtica de cookies d'alter-entorn.com: qu\u00e8 s\u00f3n les cookies, de quin tipus s'utilitzen i qui ho fa, entre altres q\u00fcestions. Per m\u00e9s informaci\u00f3 escriure a info@alter-entorn.com","og_url":"https:\/\/alter-entorn.com\/ca\/politica-de-cookies\/","og_site_name":"alter-entorn","article_publisher":"https:\/\/www.facebook.com\/alterentorn\/","twitter_card":"summary_large_image","twitter_site":"@alterentorn","twitter_misc":{"Temps estimat de lectura":"7 minuts"},"schema":{"@context":"https:\/\/schema.org","@graph":[{"@type":"WebPage","@id":"https:\/\/alter-entorn.com\/ca\/politica-de-cookies\/","url":"https:\/\/alter-entorn.com\/ca\/politica-de-cookies\/","name":"Pol\u00edtica de Cookies d'alter-entorn.com - alter-entorn.com","isPartOf":{"@id":"https:\/\/alter-entorn.com\/ca\/#website"},"datePublished":"2018-06-22T11:01:16+00:00","description":"Pol\u00edtica de cookies d'alter-entorn.com: qu\u00e8 s\u00f3n les cookies, de quin tipus s'utilitzen i qui ho fa, entre altres q\u00fcestions. Per m\u00e9s informaci\u00f3 escriure a info@alter-entorn.com","breadcrumb":{"@id":"https:\/\/alter-entorn.com\/ca\/politica-de-cookies\/#breadcrumb"},"inLanguage":"ca","potentialAction":[{"@type":"ReadAction","target":["https:\/\/alter-entorn.com\/ca\/politica-de-cookies\/"]}]},{"@type":"BreadcrumbList","@id":"https:\/\/alter-entorn.com\/ca\/politica-de-cookies\/#breadcrumb","itemListElement":[{"@type":"ListItem","position":1,"name":"Portada","item":"https:\/\/alter-entorn.com\/ca\/"},{"@type":"ListItem","position":2,"name":"Pol\u00edtica de cookies"}]},{"@type":"WebSite","@id":"https:\/\/alter-entorn.com\/ca\/#website","url":"https:\/\/alter-entorn.com\/ca\/","name":"alter-entorn","description":"Soluciones Microbiol\u00f3gicas probi\u00f3ticos","publisher":{"@id":"https:\/\/alter-entorn.com\/ca\/#organization"},"potentialAction":[{"@type":"SearchAction","target":{"@type":"EntryPoint","urlTemplate":"https:\/\/alter-entorn.com\/ca\/?s={search_term_string}"},"query-input":{"@type":"PropertyValueSpecification","valueRequired":true,"valueName":"search_term_string"}}],"inLanguage":"ca"},{"@type":"Organization","@id":"https:\/\/alter-entorn.com\/ca\/#organization","name":"alter-entorn","url":"https:\/\/alter-entorn.com\/ca\/","logo":{"@type":"ImageObject","inLanguage":"ca","@id":"https:\/\/alter-entorn.com\/ca\/#\/schema\/logo\/image\/","url":"https:\/\/alter-entorn.com\/wp-content\/uploads\/2018\/10\/logo_alter_entorn-sin-texto-1.png","contentUrl":"https:\/\/alter-entorn.com\/wp-content\/uploads\/2018\/10\/logo_alter_entorn-sin-texto-1.png","width":246,"height":68,"caption":"alter-entorn"},"image":{"@id":"https:\/\/alter-entorn.com\/ca\/#\/schema\/logo\/image\/"},"sameAs":["https:\/\/www.facebook.com\/alterentorn\/","https:\/\/x.com\/alterentorn"]}]}},"_links":{"self":[{"href":"https:\/\/alter-entorn.com\/ca\/wp-json\/wp\/v2\/pages\/5581","targetHints":{"allow":["GET"]}}],"collection":[{"href":"https:\/\/alter-entorn.com\/ca\/wp-json\/wp\/v2\/pages"}],"about":[{"href":"https:\/\/alter-entorn.com\/ca\/wp-json\/wp\/v2\/types\/page"}],"author":[{"embeddable":true,"href":"https:\/\/alter-entorn.com\/ca\/wp-json\/wp\/v2\/users\/1"}],"replies":[{"embeddable":true,"href":"https:\/\/alter-entorn.com\/ca\/wp-json\/wp\/v2\/comments?post=5581"}],"version-history":[{"count":0,"href":"https:\/\/alter-entorn.com\/ca\/wp-json\/wp\/v2\/pages\/5581\/revisions"}],"wp:attachment":[{"href":"https:\/\/alter-entorn.com\/ca\/wp-json\/wp\/v2\/media?parent=5581"}],"curies":[{"name":"wp","href":"https:\/\/api.w.org\/{rel}","templated":true}]}}