{"id":10431,"date":"2017-08-21T16:53:26","date_gmt":"2017-08-21T14:53:26","guid":{"rendered":"https:\/\/alter-entorn.com\/producto\/microbz-detox\/"},"modified":"2026-01-08T13:07:47","modified_gmt":"2026-01-08T11:07:47","slug":"microbz-detox","status":"publish","type":"product","link":"https:\/\/alter-entorn.com\/ca\/producto\/microbz-detox\/","title":{"rendered":"Microbz Detox"},"content":{"rendered":"<p>Beguda probi\u00f2tica fermentada per al fetge. Fermentada amb microorganismes probi\u00f2tics, herbes i minerals. T\u00e9 poders antioxidants i afavoreix el bon funcionament del sistema urinari. Evita l&#8217;acumulaci\u00f3 de colesterol i greix, fomenta la secreci\u00f3 de bilis i la regeneraci\u00f3 de c\u00e8l\u00b7lules, entre d&#8217;altres beneficis.<\/p>\n<p>Recomanable per a persones amb problemes hep\u00e0tics com el fetge gras, i com una ajuda extra per a tots en temporades de canvi d&#8217;estaci\u00f3, o despr\u00e9s de per\u00edodes on no ens cuidem gaire com Nadal o vacances d&#8217;estiu. Apte per a dietes vegetarianes i veganes.<\/p>\n<p>Aquest \u00e9s un complement alimentari i no un producte m\u00e8dic. Els efectes no estan garantits i els resultats poden variar.<\/p>\n","protected":false},"excerpt":{"rendered":"<p>VEG\u00c0<\/p>\n<p>Beguda de fermentaci\u00f3 natural a partir de microorganismes beneficiosos, herbes, sucs i minerals. Espec\u00edfica per a la cura del fetge i la ves\u00edcula biliar, \u00e9s antioxidant i ajuda al bon funcionament del sistema urinari.<\/p>\n","protected":false},"featured_media":10296,"template":"","meta":{"_joinchat":[]},"product_brand":[],"product_cat":[82,105],"product_tag":[479,480,481,482,483,484,485,486,487,488],"class_list":{"0":"post-10431","1":"product","2":"type-product","3":"status-publish","4":"has-post-thumbnail","6":"product_cat-salut-i-benestar","7":"product_cat-suplements-probiotics","8":"product_tag-suplements-probiotics","9":"product_tag-cura-del-fetge","10":"product_tag-cura-de-la-vesicula-biliar","11":"product_tag-liquids-probiotics","12":"product_tag-suplements-alimenticis","13":"product_tag-millora-sistema-urinari","14":"product_tag-productes-cura-intestins","15":"product_tag-millora-fetge","16":"product_tag-productes-fetge","17":"product_tag-netejar-fetge","19":"first","20":"instock","21":"taxable","22":"shipping-taxable","23":"purchasable","24":"product-type-variable"},"yoast_head":"<!-- This site is optimized with the Yoast SEO plugin v27.4 - https:\/\/yoast.com\/product\/yoast-seo-wordpress\/ -->\n<title>Microbz detox beguda probi\u00f3tica fermentada per al fetge<\/title>\n<meta name=\"description\" content=\"Beguda probi\u00f2tica fermentada especificamente per al bon funcionament del fetge i la ves\u00edcula biliar. Fermentat i elaborat amb microorganismes probi\u00f2tics, herbes i minerals.\" \/>\n<meta name=\"robots\" content=\"index, follow, max-snippet:-1, max-image-preview:large, max-video-preview:-1\" \/>\n<link rel=\"canonical\" href=\"https:\/\/alter-entorn.com\/ca\/producto\/microbz-detox\/\" \/>\n<meta property=\"og:locale\" content=\"ca_ES\" \/>\n<meta property=\"og:type\" content=\"article\" \/>\n<meta property=\"og:title\" content=\"Microbz detox beguda probi\u00f3tica fermentada per al fetge\" \/>\n<meta property=\"og:description\" content=\"Beguda probi\u00f2tica fermentada especificamente per al bon funcionament del fetge i la ves\u00edcula biliar. Fermentat i elaborat amb microorganismes probi\u00f2tics, herbes i minerals.\" \/>\n<meta property=\"og:url\" content=\"https:\/\/alter-entorn.com\/ca\/producto\/microbz-detox\/\" \/>\n<meta property=\"og:site_name\" content=\"alter-entorn\" \/>\n<meta property=\"article:publisher\" content=\"https:\/\/www.facebook.com\/alterentorn\/\" \/>\n<meta property=\"article:modified_time\" content=\"2026-01-08T11:07:47+00:00\" \/>\n<meta property=\"og:image\" content=\"https:\/\/alter-entorn.com\/wp-content\/uploads\/2017\/08\/bldetox1.png\" \/>\n\t<meta property=\"og:image:width\" content=\"1000\" \/>\n\t<meta property=\"og:image:height\" content=\"1500\" \/>\n\t<meta property=\"og:image:type\" content=\"image\/png\" \/>\n<meta name=\"twitter:card\" content=\"summary_large_image\" \/>\n<meta name=\"twitter:site\" content=\"@alterentorn\" \/>\n<meta name=\"twitter:label1\" content=\"Temps estimat de lectura\" \/>\n\t<meta name=\"twitter:data1\" content=\"1 minut\" \/>\n<script type=\"application\/ld+json\" class=\"yoast-schema-graph\">{\"@context\":\"https:\\\/\\\/schema.org\",\"@graph\":[{\"@type\":\"WebPage\",\"@id\":\"https:\\\/\\\/alter-entorn.com\\\/ca\\\/producto\\\/microbz-detox\\\/\",\"url\":\"https:\\\/\\\/alter-entorn.com\\\/ca\\\/producto\\\/microbz-detox\\\/\",\"name\":\"Microbz detox beguda probi\u00f3tica fermentada per al fetge\",\"isPartOf\":{\"@id\":\"https:\\\/\\\/alter-entorn.com\\\/ca\\\/#website\"},\"primaryImageOfPage\":{\"@id\":\"https:\\\/\\\/alter-entorn.com\\\/ca\\\/producto\\\/microbz-detox\\\/#primaryimage\"},\"image\":{\"@id\":\"https:\\\/\\\/alter-entorn.com\\\/ca\\\/producto\\\/microbz-detox\\\/#primaryimage\"},\"thumbnailUrl\":\"https:\\\/\\\/alter-entorn.com\\\/wp-content\\\/uploads\\\/2017\\\/08\\\/bldetox1.png\",\"datePublished\":\"2017-08-21T14:53:26+00:00\",\"dateModified\":\"2026-01-08T11:07:47+00:00\",\"description\":\"Beguda probi\u00f2tica fermentada especificamente per al bon funcionament del fetge i la ves\u00edcula biliar. Fermentat i elaborat amb microorganismes probi\u00f2tics, herbes i minerals.\",\"breadcrumb\":{\"@id\":\"https:\\\/\\\/alter-entorn.com\\\/ca\\\/producto\\\/microbz-detox\\\/#breadcrumb\"},\"inLanguage\":\"ca\",\"potentialAction\":[{\"@type\":\"ReadAction\",\"target\":[\"https:\\\/\\\/alter-entorn.com\\\/ca\\\/producto\\\/microbz-detox\\\/\"]}]},{\"@type\":\"ImageObject\",\"inLanguage\":\"ca\",\"@id\":\"https:\\\/\\\/alter-entorn.com\\\/ca\\\/producto\\\/microbz-detox\\\/#primaryimage\",\"url\":\"https:\\\/\\\/alter-entorn.com\\\/wp-content\\\/uploads\\\/2017\\\/08\\\/bldetox1.png\",\"contentUrl\":\"https:\\\/\\\/alter-entorn.com\\\/wp-content\\\/uploads\\\/2017\\\/08\\\/bldetox1.png\",\"width\":1000,\"height\":1500},{\"@type\":\"BreadcrumbList\",\"@id\":\"https:\\\/\\\/alter-entorn.com\\\/ca\\\/producto\\\/microbz-detox\\\/#breadcrumb\",\"itemListElement\":[{\"@type\":\"ListItem\",\"position\":1,\"name\":\"Portada\",\"item\":\"https:\\\/\\\/alter-entorn.com\\\/ca\\\/\"},{\"@type\":\"ListItem\",\"position\":2,\"name\":\"Botiga\",\"item\":\"https:\\\/\\\/alter-entorn.com\\\/tienda\\\/\"},{\"@type\":\"ListItem\",\"position\":3,\"name\":\"Microbz Detox\"}]},{\"@type\":\"WebSite\",\"@id\":\"https:\\\/\\\/alter-entorn.com\\\/ca\\\/#website\",\"url\":\"https:\\\/\\\/alter-entorn.com\\\/ca\\\/\",\"name\":\"alter-entorn\",\"description\":\"Soluciones Microbiol\u00f3gicas probi\u00f3ticos\",\"publisher\":{\"@id\":\"https:\\\/\\\/alter-entorn.com\\\/ca\\\/#organization\"},\"potentialAction\":[{\"@type\":\"SearchAction\",\"target\":{\"@type\":\"EntryPoint\",\"urlTemplate\":\"https:\\\/\\\/alter-entorn.com\\\/ca\\\/?s={search_term_string}\"},\"query-input\":{\"@type\":\"PropertyValueSpecification\",\"valueRequired\":true,\"valueName\":\"search_term_string\"}}],\"inLanguage\":\"ca\"},{\"@type\":\"Organization\",\"@id\":\"https:\\\/\\\/alter-entorn.com\\\/ca\\\/#organization\",\"name\":\"alter-entorn\",\"url\":\"https:\\\/\\\/alter-entorn.com\\\/ca\\\/\",\"logo\":{\"@type\":\"ImageObject\",\"inLanguage\":\"ca\",\"@id\":\"https:\\\/\\\/alter-entorn.com\\\/ca\\\/#\\\/schema\\\/logo\\\/image\\\/\",\"url\":\"https:\\\/\\\/alter-entorn.com\\\/wp-content\\\/uploads\\\/2018\\\/10\\\/logo_alter_entorn-sin-texto-1.png\",\"contentUrl\":\"https:\\\/\\\/alter-entorn.com\\\/wp-content\\\/uploads\\\/2018\\\/10\\\/logo_alter_entorn-sin-texto-1.png\",\"width\":246,\"height\":68,\"caption\":\"alter-entorn\"},\"image\":{\"@id\":\"https:\\\/\\\/alter-entorn.com\\\/ca\\\/#\\\/schema\\\/logo\\\/image\\\/\"},\"sameAs\":[\"https:\\\/\\\/www.facebook.com\\\/alterentorn\\\/\",\"https:\\\/\\\/x.com\\\/alterentorn\"]}]}<\/script>\n<!-- \/ Yoast SEO plugin. -->","yoast_head_json":{"title":"Microbz detox beguda probi\u00f3tica fermentada per al fetge","description":"Beguda probi\u00f2tica fermentada especificamente per al bon funcionament del fetge i la ves\u00edcula biliar. Fermentat i elaborat amb microorganismes probi\u00f2tics, herbes i minerals.","robots":{"index":"index","follow":"follow","max-snippet":"max-snippet:-1","max-image-preview":"max-image-preview:large","max-video-preview":"max-video-preview:-1"},"canonical":"https:\/\/alter-entorn.com\/ca\/producto\/microbz-detox\/","og_locale":"ca_ES","og_type":"article","og_title":"Microbz detox beguda probi\u00f3tica fermentada per al fetge","og_description":"Beguda probi\u00f2tica fermentada especificamente per al bon funcionament del fetge i la ves\u00edcula biliar. Fermentat i elaborat amb microorganismes probi\u00f2tics, herbes i minerals.","og_url":"https:\/\/alter-entorn.com\/ca\/producto\/microbz-detox\/","og_site_name":"alter-entorn","article_publisher":"https:\/\/www.facebook.com\/alterentorn\/","article_modified_time":"2026-01-08T11:07:47+00:00","og_image":[{"width":1000,"height":1500,"url":"https:\/\/alter-entorn.com\/wp-content\/uploads\/2017\/08\/bldetox1.png","type":"image\/png"}],"twitter_card":"summary_large_image","twitter_site":"@alterentorn","twitter_misc":{"Temps estimat de lectura":"1 minut"},"schema":{"@context":"https:\/\/schema.org","@graph":[{"@type":"WebPage","@id":"https:\/\/alter-entorn.com\/ca\/producto\/microbz-detox\/","url":"https:\/\/alter-entorn.com\/ca\/producto\/microbz-detox\/","name":"Microbz detox beguda probi\u00f3tica fermentada per al fetge","isPartOf":{"@id":"https:\/\/alter-entorn.com\/ca\/#website"},"primaryImageOfPage":{"@id":"https:\/\/alter-entorn.com\/ca\/producto\/microbz-detox\/#primaryimage"},"image":{"@id":"https:\/\/alter-entorn.com\/ca\/producto\/microbz-detox\/#primaryimage"},"thumbnailUrl":"https:\/\/alter-entorn.com\/wp-content\/uploads\/2017\/08\/bldetox1.png","datePublished":"2017-08-21T14:53:26+00:00","dateModified":"2026-01-08T11:07:47+00:00","description":"Beguda probi\u00f2tica fermentada especificamente per al bon funcionament del fetge i la ves\u00edcula biliar. Fermentat i elaborat amb microorganismes probi\u00f2tics, herbes i minerals.","breadcrumb":{"@id":"https:\/\/alter-entorn.com\/ca\/producto\/microbz-detox\/#breadcrumb"},"inLanguage":"ca","potentialAction":[{"@type":"ReadAction","target":["https:\/\/alter-entorn.com\/ca\/producto\/microbz-detox\/"]}]},{"@type":"ImageObject","inLanguage":"ca","@id":"https:\/\/alter-entorn.com\/ca\/producto\/microbz-detox\/#primaryimage","url":"https:\/\/alter-entorn.com\/wp-content\/uploads\/2017\/08\/bldetox1.png","contentUrl":"https:\/\/alter-entorn.com\/wp-content\/uploads\/2017\/08\/bldetox1.png","width":1000,"height":1500},{"@type":"BreadcrumbList","@id":"https:\/\/alter-entorn.com\/ca\/producto\/microbz-detox\/#breadcrumb","itemListElement":[{"@type":"ListItem","position":1,"name":"Portada","item":"https:\/\/alter-entorn.com\/ca\/"},{"@type":"ListItem","position":2,"name":"Botiga","item":"https:\/\/alter-entorn.com\/tienda\/"},{"@type":"ListItem","position":3,"name":"Microbz Detox"}]},{"@type":"WebSite","@id":"https:\/\/alter-entorn.com\/ca\/#website","url":"https:\/\/alter-entorn.com\/ca\/","name":"alter-entorn","description":"Soluciones Microbiol\u00f3gicas probi\u00f3ticos","publisher":{"@id":"https:\/\/alter-entorn.com\/ca\/#organization"},"potentialAction":[{"@type":"SearchAction","target":{"@type":"EntryPoint","urlTemplate":"https:\/\/alter-entorn.com\/ca\/?s={search_term_string}"},"query-input":{"@type":"PropertyValueSpecification","valueRequired":true,"valueName":"search_term_string"}}],"inLanguage":"ca"},{"@type":"Organization","@id":"https:\/\/alter-entorn.com\/ca\/#organization","name":"alter-entorn","url":"https:\/\/alter-entorn.com\/ca\/","logo":{"@type":"ImageObject","inLanguage":"ca","@id":"https:\/\/alter-entorn.com\/ca\/#\/schema\/logo\/image\/","url":"https:\/\/alter-entorn.com\/wp-content\/uploads\/2018\/10\/logo_alter_entorn-sin-texto-1.png","contentUrl":"https:\/\/alter-entorn.com\/wp-content\/uploads\/2018\/10\/logo_alter_entorn-sin-texto-1.png","width":246,"height":68,"caption":"alter-entorn"},"image":{"@id":"https:\/\/alter-entorn.com\/ca\/#\/schema\/logo\/image\/"},"sameAs":["https:\/\/www.facebook.com\/alterentorn\/","https:\/\/x.com\/alterentorn"]}]}},"_links":{"self":[{"href":"https:\/\/alter-entorn.com\/ca\/wp-json\/wp\/v2\/product\/10431","targetHints":{"allow":["GET"]}}],"collection":[{"href":"https:\/\/alter-entorn.com\/ca\/wp-json\/wp\/v2\/product"}],"about":[{"href":"https:\/\/alter-entorn.com\/ca\/wp-json\/wp\/v2\/types\/product"}],"wp:featuredmedia":[{"embeddable":true,"href":"https:\/\/alter-entorn.com\/ca\/wp-json\/wp\/v2\/media\/10296"}],"wp:attachment":[{"href":"https:\/\/alter-entorn.com\/ca\/wp-json\/wp\/v2\/media?parent=10431"}],"wp:term":[{"taxonomy":"product_brand","embeddable":true,"href":"https:\/\/alter-entorn.com\/ca\/wp-json\/wp\/v2\/product_brand?post=10431"},{"taxonomy":"product_cat","embeddable":true,"href":"https:\/\/alter-entorn.com\/ca\/wp-json\/wp\/v2\/product_cat?post=10431"},{"taxonomy":"product_tag","embeddable":true,"href":"https:\/\/alter-entorn.com\/ca\/wp-json\/wp\/v2\/product_tag?post=10431"}],"curies":[{"name":"wp","href":"https:\/\/api.w.org\/{rel}","templated":true}]}}