{"id":10814,"date":"2026-01-07T13:56:41","date_gmt":"2026-01-07T11:56:41","guid":{"rendered":"https:\/\/alter-entorn.com\/producto\/microbz-men\/"},"modified":"2026-02-02T13:47:36","modified_gmt":"2026-02-02T11:47:36","slug":"microbz-men","status":"publish","type":"product","link":"https:\/\/alter-entorn.com\/ca\/producto\/microbz-men\/","title":{"rendered":"microbz men"},"content":{"rendered":"<p>Microbz men \u00e9s una beguda probi\u00f2tica especialment formulada per a la salut masculina.<\/p>\n<p>Combina 14 fam\u00edlies de microorganismes beneficiosos seleccionats amb m\u00e9s de 50 sucs naturals, minerals i herbes. Restaura la salut digestiva, alleujant la majoria de trastorns intestinals com l&#8217;acidesa, la inflor, els gasos o el restrenyiment. Ajuda a mantenir el bon funcionament de la pr\u00f2stata.<\/p>\n<p>Millora l&#8217;absorci\u00f3 correcta de nutrients, augmenta la sensaci\u00f3 de benestar i redueix els nivells d&#8217;estr\u00e8s.<\/p>\n<p>Millora la toler\u00e0ncia al blat i als productes l\u00e0ctics.<\/p>\n<p>Apte per a dietes vegetarianes i veganes.<\/p>\n<p>Microbz men \u00e9s un complement alimentari i no un producte m\u00e8dic. Els efectes no estan garantits i els resultats poden variar.<\/p>\n","protected":false},"excerpt":{"rendered":"[caption id=\"attachment_10790\" align=\"alignnone\" width=\"800\"]<img loading=\"lazy\" decoding=\"async\" class=\"size-full wp-image-10790\" src=\"https:\/\/alter-entorn.com\/wp-content\/uploads\/2025\/12\/Mensprobioticbottleimage.jpg.webp\" alt=\"botella 500ml microbz men\" width=\"800\" height=\"800\" srcset=\"https:\/\/alter-entorn.com\/wp-content\/uploads\/2025\/12\/Mensprobioticbottleimage.jpg.webp 800w, https:\/\/alter-entorn.com\/wp-content\/uploads\/2025\/12\/Mensprobioticbottleimage.jpg-300x300.webp 300w, https:\/\/alter-entorn.com\/wp-content\/uploads\/2025\/12\/Mensprobioticbottleimage.jpg-150x150.webp 150w, https:\/\/alter-entorn.com\/wp-content\/uploads\/2025\/12\/Mensprobioticbottleimage.jpg-768x768.webp 768w, https:\/\/alter-entorn.com\/wp-content\/uploads\/2025\/12\/Mensprobioticbottleimage.jpg-570x570.webp 570w, https:\/\/alter-entorn.com\/wp-content\/uploads\/2025\/12\/Mensprobioticbottleimage.jpg-100x100.webp 100w\" sizes=\"auto, (max-width: 800px) 100vw, 800px\" \/> Probi\u00f3tico l\u00edquido para hombres[\/caption]\n[caption id=\"attachment_10790\" align=\"alignnone\" width=\"800\"]<img loading=\"lazy\" decoding=\"async\" class=\"size-full wp-image-10790\" src=\"https:\/\/alter-entorn.com\/wp-content\/uploads\/2025\/12\/Mensprobioticbottleimage.jpg.webp\" alt=\"botella 500ml microbz men\" width=\"800\" height=\"800\" srcset=\"https:\/\/alter-entorn.com\/wp-content\/uploads\/2025\/12\/Mensprobioticbottleimage.jpg.webp 800w, https:\/\/alter-entorn.com\/wp-content\/uploads\/2025\/12\/Mensprobioticbottleimage.jpg-300x300.webp 300w, https:\/\/alter-entorn.com\/wp-content\/uploads\/2025\/12\/Mensprobioticbottleimage.jpg-150x150.webp 150w, https:\/\/alter-entorn.com\/wp-content\/uploads\/2025\/12\/Mensprobioticbottleimage.jpg-768x768.webp 768w, https:\/\/alter-entorn.com\/wp-content\/uploads\/2025\/12\/Mensprobioticbottleimage.jpg-570x570.webp 570w, https:\/\/alter-entorn.com\/wp-content\/uploads\/2025\/12\/Mensprobioticbottleimage.jpg-100x100.webp 100w\" sizes=\"auto, (max-width: 800px) 100vw, 800px\" \/> Probi\u00f3tico l\u00edquido para hombres[\/caption]\n","protected":false},"featured_media":10827,"template":"","meta":{"_joinchat":[]},"product_brand":[],"product_cat":[82,105],"product_tag":[479,3392,3393,3394,3395,3396,3397],"class_list":{"0":"post-10814","1":"product","2":"type-product","3":"status-publish","4":"has-post-thumbnail","6":"product_cat-salut-i-benestar","7":"product_cat-suplements-probiotics","8":"product_tag-suplements-probiotics","9":"product_tag-probiotics-ca","10":"product_tag-probiotics-liquids","11":"product_tag-salut-de-la-prostata","12":"product_tag-salut-masculina","13":"product_tag-microbiota-ca","14":"product_tag-salut-intestinal","16":"first","17":"instock","18":"taxable","19":"shipping-taxable","20":"purchasable","21":"product-type-variable"},"yoast_head":"<!-- This site is optimized with the Yoast SEO plugin v27.4 - https:\/\/yoast.com\/product\/yoast-seo-wordpress\/ -->\n<title>microbz men - alter-entorn<\/title>\n<meta name=\"description\" content=\"Beguda probi\u00f2tica fermentada amb herbes i minerals espec\u00edficament formulada per a la bona salut masculina. Amb microorganismes beneficiosos.\" \/>\n<meta name=\"robots\" content=\"index, follow, max-snippet:-1, max-image-preview:large, max-video-preview:-1\" \/>\n<link rel=\"canonical\" href=\"https:\/\/alter-entorn.com\/ca\/producto\/microbz-men\/\" \/>\n<meta property=\"og:locale\" content=\"ca_ES\" \/>\n<meta property=\"og:type\" content=\"article\" \/>\n<meta property=\"og:title\" content=\"microbz men - alter-entorn\" \/>\n<meta property=\"og:description\" content=\"Beguda probi\u00f2tica fermentada amb herbes i minerals espec\u00edficament formulada per a la bona salut masculina. Amb microorganismes beneficiosos.\" \/>\n<meta property=\"og:url\" content=\"https:\/\/alter-entorn.com\/ca\/producto\/microbz-men\/\" \/>\n<meta property=\"og:site_name\" content=\"alter-entorn\" \/>\n<meta property=\"article:publisher\" content=\"https:\/\/www.facebook.com\/alterentorn\/\" \/>\n<meta property=\"article:modified_time\" content=\"2026-02-02T11:47:36+00:00\" \/>\n<meta property=\"og:image\" content=\"https:\/\/alter-entorn.com\/wp-content\/uploads\/2025\/12\/microbzmen.jpg\" \/>\n\t<meta property=\"og:image:width\" content=\"1000\" \/>\n\t<meta property=\"og:image:height\" content=\"1500\" \/>\n\t<meta property=\"og:image:type\" content=\"image\/jpeg\" \/>\n<meta name=\"twitter:card\" content=\"summary_large_image\" \/>\n<meta name=\"twitter:site\" content=\"@alterentorn\" \/>\n<meta name=\"twitter:label1\" content=\"Temps estimat de lectura\" \/>\n\t<meta name=\"twitter:data1\" content=\"1 minut\" \/>\n<script type=\"application\/ld+json\" class=\"yoast-schema-graph\">{\"@context\":\"https:\\\/\\\/schema.org\",\"@graph\":[{\"@type\":\"WebPage\",\"@id\":\"https:\\\/\\\/alter-entorn.com\\\/ca\\\/producto\\\/microbz-men\\\/\",\"url\":\"https:\\\/\\\/alter-entorn.com\\\/ca\\\/producto\\\/microbz-men\\\/\",\"name\":\"microbz men - alter-entorn\",\"isPartOf\":{\"@id\":\"https:\\\/\\\/alter-entorn.com\\\/ca\\\/#website\"},\"primaryImageOfPage\":{\"@id\":\"https:\\\/\\\/alter-entorn.com\\\/ca\\\/producto\\\/microbz-men\\\/#primaryimage\"},\"image\":{\"@id\":\"https:\\\/\\\/alter-entorn.com\\\/ca\\\/producto\\\/microbz-men\\\/#primaryimage\"},\"thumbnailUrl\":\"https:\\\/\\\/alter-entorn.com\\\/wp-content\\\/uploads\\\/2025\\\/12\\\/microbzmen.jpg\",\"datePublished\":\"2026-01-07T11:56:41+00:00\",\"dateModified\":\"2026-02-02T11:47:36+00:00\",\"description\":\"Beguda probi\u00f2tica fermentada amb herbes i minerals espec\u00edficament formulada per a la bona salut masculina. Amb microorganismes beneficiosos.\",\"breadcrumb\":{\"@id\":\"https:\\\/\\\/alter-entorn.com\\\/ca\\\/producto\\\/microbz-men\\\/#breadcrumb\"},\"inLanguage\":\"ca\",\"potentialAction\":[{\"@type\":\"ReadAction\",\"target\":[\"https:\\\/\\\/alter-entorn.com\\\/ca\\\/producto\\\/microbz-men\\\/\"]}]},{\"@type\":\"ImageObject\",\"inLanguage\":\"ca\",\"@id\":\"https:\\\/\\\/alter-entorn.com\\\/ca\\\/producto\\\/microbz-men\\\/#primaryimage\",\"url\":\"https:\\\/\\\/alter-entorn.com\\\/wp-content\\\/uploads\\\/2025\\\/12\\\/microbzmen.jpg\",\"contentUrl\":\"https:\\\/\\\/alter-entorn.com\\\/wp-content\\\/uploads\\\/2025\\\/12\\\/microbzmen.jpg\",\"width\":1000,\"height\":1500,\"caption\":\"suplemento probi\u00f3tico formulado para la salud m\u00e1sculina\"},{\"@type\":\"BreadcrumbList\",\"@id\":\"https:\\\/\\\/alter-entorn.com\\\/ca\\\/producto\\\/microbz-men\\\/#breadcrumb\",\"itemListElement\":[{\"@type\":\"ListItem\",\"position\":1,\"name\":\"Portada\",\"item\":\"https:\\\/\\\/alter-entorn.com\\\/ca\\\/\"},{\"@type\":\"ListItem\",\"position\":2,\"name\":\"Botiga\",\"item\":\"https:\\\/\\\/alter-entorn.com\\\/tienda\\\/\"},{\"@type\":\"ListItem\",\"position\":3,\"name\":\"microbz men\"}]},{\"@type\":\"WebSite\",\"@id\":\"https:\\\/\\\/alter-entorn.com\\\/ca\\\/#website\",\"url\":\"https:\\\/\\\/alter-entorn.com\\\/ca\\\/\",\"name\":\"alter-entorn\",\"description\":\"Soluciones Microbiol\u00f3gicas probi\u00f3ticos\",\"publisher\":{\"@id\":\"https:\\\/\\\/alter-entorn.com\\\/ca\\\/#organization\"},\"potentialAction\":[{\"@type\":\"SearchAction\",\"target\":{\"@type\":\"EntryPoint\",\"urlTemplate\":\"https:\\\/\\\/alter-entorn.com\\\/ca\\\/?s={search_term_string}\"},\"query-input\":{\"@type\":\"PropertyValueSpecification\",\"valueRequired\":true,\"valueName\":\"search_term_string\"}}],\"inLanguage\":\"ca\"},{\"@type\":\"Organization\",\"@id\":\"https:\\\/\\\/alter-entorn.com\\\/ca\\\/#organization\",\"name\":\"alter-entorn\",\"url\":\"https:\\\/\\\/alter-entorn.com\\\/ca\\\/\",\"logo\":{\"@type\":\"ImageObject\",\"inLanguage\":\"ca\",\"@id\":\"https:\\\/\\\/alter-entorn.com\\\/ca\\\/#\\\/schema\\\/logo\\\/image\\\/\",\"url\":\"https:\\\/\\\/alter-entorn.com\\\/wp-content\\\/uploads\\\/2018\\\/10\\\/logo_alter_entorn-sin-texto-1.png\",\"contentUrl\":\"https:\\\/\\\/alter-entorn.com\\\/wp-content\\\/uploads\\\/2018\\\/10\\\/logo_alter_entorn-sin-texto-1.png\",\"width\":246,\"height\":68,\"caption\":\"alter-entorn\"},\"image\":{\"@id\":\"https:\\\/\\\/alter-entorn.com\\\/ca\\\/#\\\/schema\\\/logo\\\/image\\\/\"},\"sameAs\":[\"https:\\\/\\\/www.facebook.com\\\/alterentorn\\\/\",\"https:\\\/\\\/x.com\\\/alterentorn\"]}]}<\/script>\n<!-- \/ Yoast SEO plugin. -->","yoast_head_json":{"title":"microbz men - alter-entorn","description":"Beguda probi\u00f2tica fermentada amb herbes i minerals espec\u00edficament formulada per a la bona salut masculina. Amb microorganismes beneficiosos.","robots":{"index":"index","follow":"follow","max-snippet":"max-snippet:-1","max-image-preview":"max-image-preview:large","max-video-preview":"max-video-preview:-1"},"canonical":"https:\/\/alter-entorn.com\/ca\/producto\/microbz-men\/","og_locale":"ca_ES","og_type":"article","og_title":"microbz men - alter-entorn","og_description":"Beguda probi\u00f2tica fermentada amb herbes i minerals espec\u00edficament formulada per a la bona salut masculina. Amb microorganismes beneficiosos.","og_url":"https:\/\/alter-entorn.com\/ca\/producto\/microbz-men\/","og_site_name":"alter-entorn","article_publisher":"https:\/\/www.facebook.com\/alterentorn\/","article_modified_time":"2026-02-02T11:47:36+00:00","og_image":[{"width":1000,"height":1500,"url":"https:\/\/alter-entorn.com\/wp-content\/uploads\/2025\/12\/microbzmen.jpg","type":"image\/jpeg"}],"twitter_card":"summary_large_image","twitter_site":"@alterentorn","twitter_misc":{"Temps estimat de lectura":"1 minut"},"schema":{"@context":"https:\/\/schema.org","@graph":[{"@type":"WebPage","@id":"https:\/\/alter-entorn.com\/ca\/producto\/microbz-men\/","url":"https:\/\/alter-entorn.com\/ca\/producto\/microbz-men\/","name":"microbz men - alter-entorn","isPartOf":{"@id":"https:\/\/alter-entorn.com\/ca\/#website"},"primaryImageOfPage":{"@id":"https:\/\/alter-entorn.com\/ca\/producto\/microbz-men\/#primaryimage"},"image":{"@id":"https:\/\/alter-entorn.com\/ca\/producto\/microbz-men\/#primaryimage"},"thumbnailUrl":"https:\/\/alter-entorn.com\/wp-content\/uploads\/2025\/12\/microbzmen.jpg","datePublished":"2026-01-07T11:56:41+00:00","dateModified":"2026-02-02T11:47:36+00:00","description":"Beguda probi\u00f2tica fermentada amb herbes i minerals espec\u00edficament formulada per a la bona salut masculina. Amb microorganismes beneficiosos.","breadcrumb":{"@id":"https:\/\/alter-entorn.com\/ca\/producto\/microbz-men\/#breadcrumb"},"inLanguage":"ca","potentialAction":[{"@type":"ReadAction","target":["https:\/\/alter-entorn.com\/ca\/producto\/microbz-men\/"]}]},{"@type":"ImageObject","inLanguage":"ca","@id":"https:\/\/alter-entorn.com\/ca\/producto\/microbz-men\/#primaryimage","url":"https:\/\/alter-entorn.com\/wp-content\/uploads\/2025\/12\/microbzmen.jpg","contentUrl":"https:\/\/alter-entorn.com\/wp-content\/uploads\/2025\/12\/microbzmen.jpg","width":1000,"height":1500,"caption":"suplemento probi\u00f3tico formulado para la salud m\u00e1sculina"},{"@type":"BreadcrumbList","@id":"https:\/\/alter-entorn.com\/ca\/producto\/microbz-men\/#breadcrumb","itemListElement":[{"@type":"ListItem","position":1,"name":"Portada","item":"https:\/\/alter-entorn.com\/ca\/"},{"@type":"ListItem","position":2,"name":"Botiga","item":"https:\/\/alter-entorn.com\/tienda\/"},{"@type":"ListItem","position":3,"name":"microbz men"}]},{"@type":"WebSite","@id":"https:\/\/alter-entorn.com\/ca\/#website","url":"https:\/\/alter-entorn.com\/ca\/","name":"alter-entorn","description":"Soluciones Microbiol\u00f3gicas probi\u00f3ticos","publisher":{"@id":"https:\/\/alter-entorn.com\/ca\/#organization"},"potentialAction":[{"@type":"SearchAction","target":{"@type":"EntryPoint","urlTemplate":"https:\/\/alter-entorn.com\/ca\/?s={search_term_string}"},"query-input":{"@type":"PropertyValueSpecification","valueRequired":true,"valueName":"search_term_string"}}],"inLanguage":"ca"},{"@type":"Organization","@id":"https:\/\/alter-entorn.com\/ca\/#organization","name":"alter-entorn","url":"https:\/\/alter-entorn.com\/ca\/","logo":{"@type":"ImageObject","inLanguage":"ca","@id":"https:\/\/alter-entorn.com\/ca\/#\/schema\/logo\/image\/","url":"https:\/\/alter-entorn.com\/wp-content\/uploads\/2018\/10\/logo_alter_entorn-sin-texto-1.png","contentUrl":"https:\/\/alter-entorn.com\/wp-content\/uploads\/2018\/10\/logo_alter_entorn-sin-texto-1.png","width":246,"height":68,"caption":"alter-entorn"},"image":{"@id":"https:\/\/alter-entorn.com\/ca\/#\/schema\/logo\/image\/"},"sameAs":["https:\/\/www.facebook.com\/alterentorn\/","https:\/\/x.com\/alterentorn"]}]}},"_links":{"self":[{"href":"https:\/\/alter-entorn.com\/ca\/wp-json\/wp\/v2\/product\/10814","targetHints":{"allow":["GET"]}}],"collection":[{"href":"https:\/\/alter-entorn.com\/ca\/wp-json\/wp\/v2\/product"}],"about":[{"href":"https:\/\/alter-entorn.com\/ca\/wp-json\/wp\/v2\/types\/product"}],"wp:featuredmedia":[{"embeddable":true,"href":"https:\/\/alter-entorn.com\/ca\/wp-json\/wp\/v2\/media\/10827"}],"wp:attachment":[{"href":"https:\/\/alter-entorn.com\/ca\/wp-json\/wp\/v2\/media?parent=10814"}],"wp:term":[{"taxonomy":"product_brand","embeddable":true,"href":"https:\/\/alter-entorn.com\/ca\/wp-json\/wp\/v2\/product_brand?post=10814"},{"taxonomy":"product_cat","embeddable":true,"href":"https:\/\/alter-entorn.com\/ca\/wp-json\/wp\/v2\/product_cat?post=10814"},{"taxonomy":"product_tag","embeddable":true,"href":"https:\/\/alter-entorn.com\/ca\/wp-json\/wp\/v2\/product_tag?post=10814"}],"curies":[{"name":"wp","href":"https:\/\/api.w.org\/{rel}","templated":true}]}}