{"id":3784,"date":"2017-08-21T16:55:19","date_gmt":"2017-08-21T14:55:19","guid":{"rendered":"http:\/\/alter-entorn.com?product=magnesium-oil"},"modified":"2025-02-12T17:01:32","modified_gmt":"2025-02-12T15:01:32","slug":"magnesium-oil","status":"publish","type":"product","link":"https:\/\/alter-entorn.com\/ca\/producto\/magnesium-oil\/","title":{"rendered":"Oli de magnesi (250ml)"},"content":{"rendered":"<p>Actua com a reductor de la fatiga i el cansament, ajuda a l&#8217;absorci\u00f3 de nutrients, incrementa l\u2019energia, millora el descans i la son, redueix el dolor articular, entre d\u2019altres. La seva aplicaci\u00f3 directa sobre la pell t\u00e9 una absorci\u00f3 molt m\u00e9s r\u00e0pida que un suplement oral ja que es dirigeix directament al reg sanguini i es distribueix per les cel\u00b7lules que m\u00e9s ho necessiten, sense passar pel sistema digestiu que \u00e9s d\u2019absorci\u00f3 m\u00e9s lenta.<\/p>\n<p>&nbsp;<\/p>\n","protected":false},"excerpt":{"rendered":"<p>Restaura els nivells intracel\u00b7lulars de magnesi, un dels nutrients m\u00e9s importants pel nostre organisme ja que \u00e9s necessari en moltes de les nostres funcions vitals com el metabolisme, el manteniment de la salut \u00f2ssia, el sistema card\u00edac, la funci\u00f3 muscular o el sistema nervi\u00f3s. A m\u00e9s, actua com a reductor de la fatiga i el cansament.<\/p>\n<p><a href=\"https:\/\/alter-entorn.com\/ca\/beneficis-de-loli-de-magnesi\/\">Descobreix tots els beneficis<\/a><\/p>\n","protected":false},"featured_media":10944,"template":"","meta":{"_joinchat":[]},"product_brand":[],"product_cat":[82,106],"product_tag":[598,2350,2351,2352,2353,2354,2355,2356],"class_list":{"0":"post-3784","1":"product","2":"type-product","3":"status-publish","4":"has-post-thumbnail","6":"product_cat-salut-i-benestar","7":"product_cat-cosmetica-higiene-natural","8":"product_tag-suplements-naturals","9":"product_tag-aceite-de-magnesio-ca","10":"product_tag-aceite-mineral-ca","11":"product_tag-magnesio-ca","12":"product_tag-reducir-cansancio-ca","13":"product_tag-reducir-dolor-articular-ca","14":"product_tag-reductor-fatiga-ca","15":"product_tag-suplementos-minerales-ca","17":"first","18":"instock","19":"taxable","20":"shipping-taxable","21":"purchasable","22":"product-type-simple"},"yoast_head":"<!-- This site is optimized with the Yoast SEO plugin v27.4 - https:\/\/yoast.com\/product\/yoast-seo-wordpress\/ -->\n<title>Oli de magnesi (250ml) - alter-entorn<\/title>\n<meta name=\"description\" content=\"Actua com a reductor de la fatiga i el cansament, ajuda a la absorci\u00f3 de nutrients, incrementa l&#039;energia, millora el descans i la son, redueix el dolor articular, entre d&#039;altres.\" \/>\n<meta name=\"robots\" content=\"index, follow, max-snippet:-1, max-image-preview:large, max-video-preview:-1\" \/>\n<link rel=\"canonical\" href=\"https:\/\/alter-entorn.com\/ca\/producto\/magnesium-oil\/\" \/>\n<meta property=\"og:locale\" content=\"ca_ES\" \/>\n<meta property=\"og:type\" content=\"article\" \/>\n<meta property=\"og:title\" content=\"Oli de magnesi (250ml) - alter-entorn\" \/>\n<meta property=\"og:description\" content=\"Actua com a reductor de la fatiga i el cansament, ajuda a la absorci\u00f3 de nutrients, incrementa l&#039;energia, millora el descans i la son, redueix el dolor articular, entre d&#039;altres.\" \/>\n<meta property=\"og:url\" content=\"https:\/\/alter-entorn.com\/ca\/producto\/magnesium-oil\/\" \/>\n<meta property=\"og:site_name\" content=\"alter-entorn\" \/>\n<meta property=\"article:publisher\" content=\"https:\/\/www.facebook.com\/alterentorn\/\" \/>\n<meta property=\"article:modified_time\" content=\"2025-02-12T15:01:32+00:00\" \/>\n<meta property=\"og:image\" content=\"https:\/\/alter-entorn.com\/wp-content\/uploads\/2017\/08\/olimagnesi.png\" \/>\n\t<meta property=\"og:image:width\" content=\"200\" \/>\n\t<meta property=\"og:image:height\" content=\"200\" \/>\n\t<meta property=\"og:image:type\" content=\"image\/png\" \/>\n<meta name=\"twitter:card\" content=\"summary_large_image\" \/>\n<meta name=\"twitter:site\" content=\"@alterentorn\" \/>\n<meta name=\"twitter:label1\" content=\"Temps estimat de lectura\" \/>\n\t<meta name=\"twitter:data1\" content=\"1 minut\" \/>\n<script type=\"application\/ld+json\" class=\"yoast-schema-graph\">{\"@context\":\"https:\\\/\\\/schema.org\",\"@graph\":[{\"@type\":\"WebPage\",\"@id\":\"https:\\\/\\\/alter-entorn.com\\\/ca\\\/producto\\\/magnesium-oil\\\/\",\"url\":\"https:\\\/\\\/alter-entorn.com\\\/ca\\\/producto\\\/magnesium-oil\\\/\",\"name\":\"Oli de magnesi (250ml) - alter-entorn\",\"isPartOf\":{\"@id\":\"https:\\\/\\\/alter-entorn.com\\\/ca\\\/#website\"},\"primaryImageOfPage\":{\"@id\":\"https:\\\/\\\/alter-entorn.com\\\/ca\\\/producto\\\/magnesium-oil\\\/#primaryimage\"},\"image\":{\"@id\":\"https:\\\/\\\/alter-entorn.com\\\/ca\\\/producto\\\/magnesium-oil\\\/#primaryimage\"},\"thumbnailUrl\":\"https:\\\/\\\/alter-entorn.com\\\/wp-content\\\/uploads\\\/2017\\\/08\\\/oli-de-magnesi.png\",\"datePublished\":\"2017-08-21T14:55:19+00:00\",\"dateModified\":\"2025-02-12T15:01:32+00:00\",\"description\":\"Actua com a reductor de la fatiga i el cansament, ajuda a la absorci\u00f3 de nutrients, incrementa l'energia, millora el descans i la son, redueix el dolor articular, entre d'altres.\",\"breadcrumb\":{\"@id\":\"https:\\\/\\\/alter-entorn.com\\\/ca\\\/producto\\\/magnesium-oil\\\/#breadcrumb\"},\"inLanguage\":\"ca\",\"potentialAction\":[{\"@type\":\"ReadAction\",\"target\":[\"https:\\\/\\\/alter-entorn.com\\\/ca\\\/producto\\\/magnesium-oil\\\/\"]}]},{\"@type\":\"ImageObject\",\"inLanguage\":\"ca\",\"@id\":\"https:\\\/\\\/alter-entorn.com\\\/ca\\\/producto\\\/magnesium-oil\\\/#primaryimage\",\"url\":\"https:\\\/\\\/alter-entorn.com\\\/wp-content\\\/uploads\\\/2017\\\/08\\\/oli-de-magnesi.png\",\"contentUrl\":\"https:\\\/\\\/alter-entorn.com\\\/wp-content\\\/uploads\\\/2017\\\/08\\\/oli-de-magnesi.png\",\"width\":1024,\"height\":1024,\"caption\":\"Envase de aceite de magnesio\"},{\"@type\":\"BreadcrumbList\",\"@id\":\"https:\\\/\\\/alter-entorn.com\\\/ca\\\/producto\\\/magnesium-oil\\\/#breadcrumb\",\"itemListElement\":[{\"@type\":\"ListItem\",\"position\":1,\"name\":\"Portada\",\"item\":\"https:\\\/\\\/alter-entorn.com\\\/ca\\\/\"},{\"@type\":\"ListItem\",\"position\":2,\"name\":\"Botiga\",\"item\":\"https:\\\/\\\/alter-entorn.com\\\/tienda\\\/\"},{\"@type\":\"ListItem\",\"position\":3,\"name\":\"Oli de magnesi (250ml)\"}]},{\"@type\":\"WebSite\",\"@id\":\"https:\\\/\\\/alter-entorn.com\\\/ca\\\/#website\",\"url\":\"https:\\\/\\\/alter-entorn.com\\\/ca\\\/\",\"name\":\"alter-entorn\",\"description\":\"Soluciones Microbiol\u00f3gicas probi\u00f3ticos\",\"publisher\":{\"@id\":\"https:\\\/\\\/alter-entorn.com\\\/ca\\\/#organization\"},\"potentialAction\":[{\"@type\":\"SearchAction\",\"target\":{\"@type\":\"EntryPoint\",\"urlTemplate\":\"https:\\\/\\\/alter-entorn.com\\\/ca\\\/?s={search_term_string}\"},\"query-input\":{\"@type\":\"PropertyValueSpecification\",\"valueRequired\":true,\"valueName\":\"search_term_string\"}}],\"inLanguage\":\"ca\"},{\"@type\":\"Organization\",\"@id\":\"https:\\\/\\\/alter-entorn.com\\\/ca\\\/#organization\",\"name\":\"alter-entorn\",\"url\":\"https:\\\/\\\/alter-entorn.com\\\/ca\\\/\",\"logo\":{\"@type\":\"ImageObject\",\"inLanguage\":\"ca\",\"@id\":\"https:\\\/\\\/alter-entorn.com\\\/ca\\\/#\\\/schema\\\/logo\\\/image\\\/\",\"url\":\"https:\\\/\\\/alter-entorn.com\\\/wp-content\\\/uploads\\\/2018\\\/10\\\/logo_alter_entorn-sin-texto-1.png\",\"contentUrl\":\"https:\\\/\\\/alter-entorn.com\\\/wp-content\\\/uploads\\\/2018\\\/10\\\/logo_alter_entorn-sin-texto-1.png\",\"width\":246,\"height\":68,\"caption\":\"alter-entorn\"},\"image\":{\"@id\":\"https:\\\/\\\/alter-entorn.com\\\/ca\\\/#\\\/schema\\\/logo\\\/image\\\/\"},\"sameAs\":[\"https:\\\/\\\/www.facebook.com\\\/alterentorn\\\/\",\"https:\\\/\\\/x.com\\\/alterentorn\"]}]}<\/script>\n<!-- \/ Yoast SEO plugin. -->","yoast_head_json":{"title":"Oli de magnesi (250ml) - alter-entorn","description":"Actua com a reductor de la fatiga i el cansament, ajuda a la absorci\u00f3 de nutrients, incrementa l'energia, millora el descans i la son, redueix el dolor articular, entre d'altres.","robots":{"index":"index","follow":"follow","max-snippet":"max-snippet:-1","max-image-preview":"max-image-preview:large","max-video-preview":"max-video-preview:-1"},"canonical":"https:\/\/alter-entorn.com\/ca\/producto\/magnesium-oil\/","og_locale":"ca_ES","og_type":"article","og_title":"Oli de magnesi (250ml) - alter-entorn","og_description":"Actua com a reductor de la fatiga i el cansament, ajuda a la absorci\u00f3 de nutrients, incrementa l'energia, millora el descans i la son, redueix el dolor articular, entre d'altres.","og_url":"https:\/\/alter-entorn.com\/ca\/producto\/magnesium-oil\/","og_site_name":"alter-entorn","article_publisher":"https:\/\/www.facebook.com\/alterentorn\/","article_modified_time":"2025-02-12T15:01:32+00:00","og_image":[{"width":200,"height":200,"url":"https:\/\/alter-entorn.com\/wp-content\/uploads\/2017\/08\/olimagnesi.png","type":"image\/png"}],"twitter_card":"summary_large_image","twitter_site":"@alterentorn","twitter_misc":{"Temps estimat de lectura":"1 minut"},"schema":{"@context":"https:\/\/schema.org","@graph":[{"@type":"WebPage","@id":"https:\/\/alter-entorn.com\/ca\/producto\/magnesium-oil\/","url":"https:\/\/alter-entorn.com\/ca\/producto\/magnesium-oil\/","name":"Oli de magnesi (250ml) - alter-entorn","isPartOf":{"@id":"https:\/\/alter-entorn.com\/ca\/#website"},"primaryImageOfPage":{"@id":"https:\/\/alter-entorn.com\/ca\/producto\/magnesium-oil\/#primaryimage"},"image":{"@id":"https:\/\/alter-entorn.com\/ca\/producto\/magnesium-oil\/#primaryimage"},"thumbnailUrl":"https:\/\/alter-entorn.com\/wp-content\/uploads\/2017\/08\/oli-de-magnesi.png","datePublished":"2017-08-21T14:55:19+00:00","dateModified":"2025-02-12T15:01:32+00:00","description":"Actua com a reductor de la fatiga i el cansament, ajuda a la absorci\u00f3 de nutrients, incrementa l'energia, millora el descans i la son, redueix el dolor articular, entre d'altres.","breadcrumb":{"@id":"https:\/\/alter-entorn.com\/ca\/producto\/magnesium-oil\/#breadcrumb"},"inLanguage":"ca","potentialAction":[{"@type":"ReadAction","target":["https:\/\/alter-entorn.com\/ca\/producto\/magnesium-oil\/"]}]},{"@type":"ImageObject","inLanguage":"ca","@id":"https:\/\/alter-entorn.com\/ca\/producto\/magnesium-oil\/#primaryimage","url":"https:\/\/alter-entorn.com\/wp-content\/uploads\/2017\/08\/oli-de-magnesi.png","contentUrl":"https:\/\/alter-entorn.com\/wp-content\/uploads\/2017\/08\/oli-de-magnesi.png","width":1024,"height":1024,"caption":"Envase de aceite de magnesio"},{"@type":"BreadcrumbList","@id":"https:\/\/alter-entorn.com\/ca\/producto\/magnesium-oil\/#breadcrumb","itemListElement":[{"@type":"ListItem","position":1,"name":"Portada","item":"https:\/\/alter-entorn.com\/ca\/"},{"@type":"ListItem","position":2,"name":"Botiga","item":"https:\/\/alter-entorn.com\/tienda\/"},{"@type":"ListItem","position":3,"name":"Oli de magnesi (250ml)"}]},{"@type":"WebSite","@id":"https:\/\/alter-entorn.com\/ca\/#website","url":"https:\/\/alter-entorn.com\/ca\/","name":"alter-entorn","description":"Soluciones Microbiol\u00f3gicas probi\u00f3ticos","publisher":{"@id":"https:\/\/alter-entorn.com\/ca\/#organization"},"potentialAction":[{"@type":"SearchAction","target":{"@type":"EntryPoint","urlTemplate":"https:\/\/alter-entorn.com\/ca\/?s={search_term_string}"},"query-input":{"@type":"PropertyValueSpecification","valueRequired":true,"valueName":"search_term_string"}}],"inLanguage":"ca"},{"@type":"Organization","@id":"https:\/\/alter-entorn.com\/ca\/#organization","name":"alter-entorn","url":"https:\/\/alter-entorn.com\/ca\/","logo":{"@type":"ImageObject","inLanguage":"ca","@id":"https:\/\/alter-entorn.com\/ca\/#\/schema\/logo\/image\/","url":"https:\/\/alter-entorn.com\/wp-content\/uploads\/2018\/10\/logo_alter_entorn-sin-texto-1.png","contentUrl":"https:\/\/alter-entorn.com\/wp-content\/uploads\/2018\/10\/logo_alter_entorn-sin-texto-1.png","width":246,"height":68,"caption":"alter-entorn"},"image":{"@id":"https:\/\/alter-entorn.com\/ca\/#\/schema\/logo\/image\/"},"sameAs":["https:\/\/www.facebook.com\/alterentorn\/","https:\/\/x.com\/alterentorn"]}]}},"_links":{"self":[{"href":"https:\/\/alter-entorn.com\/ca\/wp-json\/wp\/v2\/product\/3784","targetHints":{"allow":["GET"]}}],"collection":[{"href":"https:\/\/alter-entorn.com\/ca\/wp-json\/wp\/v2\/product"}],"about":[{"href":"https:\/\/alter-entorn.com\/ca\/wp-json\/wp\/v2\/types\/product"}],"wp:featuredmedia":[{"embeddable":true,"href":"https:\/\/alter-entorn.com\/ca\/wp-json\/wp\/v2\/media\/10944"}],"wp:attachment":[{"href":"https:\/\/alter-entorn.com\/ca\/wp-json\/wp\/v2\/media?parent=3784"}],"wp:term":[{"taxonomy":"product_brand","embeddable":true,"href":"https:\/\/alter-entorn.com\/ca\/wp-json\/wp\/v2\/product_brand?post=3784"},{"taxonomy":"product_cat","embeddable":true,"href":"https:\/\/alter-entorn.com\/ca\/wp-json\/wp\/v2\/product_cat?post=3784"},{"taxonomy":"product_tag","embeddable":true,"href":"https:\/\/alter-entorn.com\/ca\/wp-json\/wp\/v2\/product_tag?post=3784"}],"curies":[{"name":"wp","href":"https:\/\/api.w.org\/{rel}","templated":true}]}}