{"id":4032,"date":"2017-08-21T17:07:07","date_gmt":"2017-08-21T15:07:07","guid":{"rendered":"http:\/\/alter-entorn.com?product=fhe-cavalls"},"modified":"2019-11-12T14:38:31","modified_gmt":"2019-11-12T13:38:31","slug":"fhe-cavalls","status":"publish","type":"product","link":"https:\/\/alter-entorn.com\/ca\/producto\/fhe-cavalls\/","title":{"rendered":"FHE Cavalls (1l)"},"content":{"rendered":"<p>\u00c9s un suplement alimentari lliure de qu\u00edmics. La bona salut passa per una bona flora intestinal: millora la digesti\u00f3, el sistema immunol\u00f2gic, facilita l\u2019absorci\u00f3 de nutrients, millora el proc\u00e9s digestiu. Un cavall sa est\u00e0 molt m\u00e9s tranquil, \u00e9s m\u00e9s amigable i s&#8217;hi treballa millor. Podem afegir <strong><em>FHE Cavalls<\/em><\/strong>\u00a0a l\u2019aigua o al menjar.<\/p>\n","protected":false},"excerpt":{"rendered":"<p>Suplement alimentari totalment lliure de qu\u00edmics i espec\u00edfic per cavalls. Els ajuda a completar correctament el proc\u00e9s digestiu.<\/p>\n","protected":false},"featured_media":8743,"template":"","meta":{"_joinchat":[]},"product_brand":[],"product_cat":[80],"product_tag":[598,1359,1377,1382,1386,1437,1440,1493,1563,1573],"class_list":{"0":"post-4032","1":"product","2":"type-product","3":"status-publish","4":"has-post-thumbnail","6":"product_cat-mascotes","7":"product_tag-suplements-naturals","8":"product_tag-aliments-cavalls","9":"product_tag-augmentar-defenses-mascotes","10":"product_tag-cavalls-sans","11":"product_tag-qualitat-de-vida-animal","12":"product_tag-cura-animals","13":"product_tag-cura-mascotes","14":"product_tag-millora-sistema-urinari-ca","15":"product_tag-suplements-alimentaris-cavalls","16":"product_tag-suplements-mascotes","18":"first","19":"instock","20":"taxable","21":"shipping-taxable","22":"purchasable","23":"product-type-simple"},"yoast_head":"<!-- This site is optimized with the Yoast SEO plugin v27.4 - https:\/\/yoast.com\/product\/yoast-seo-wordpress\/ -->\n<title>FHE Cavalls: Suplement alimentari probi\u00f2tic per cavalls<\/title>\n<meta name=\"description\" content=\"Suplement probi\u00f2tic natural, totalment lliure de qu\u00edmics que millora la digesti\u00f3 i l&#039;absorci\u00f3 de nutrients, i enforteix el sistema immunol\u00f2gic\" \/>\n<meta name=\"robots\" content=\"index, follow, max-snippet:-1, max-image-preview:large, max-video-preview:-1\" \/>\n<link rel=\"canonical\" href=\"https:\/\/alter-entorn.com\/ca\/producto\/fhe-cavalls\/\" \/>\n<meta property=\"og:locale\" content=\"ca_ES\" \/>\n<meta property=\"og:type\" content=\"article\" \/>\n<meta property=\"og:title\" content=\"FHE Cavalls: Suplement alimentari probi\u00f2tic per cavalls\" \/>\n<meta property=\"og:description\" content=\"Suplement probi\u00f2tic natural, totalment lliure de qu\u00edmics que millora la digesti\u00f3 i l&#039;absorci\u00f3 de nutrients, i enforteix el sistema immunol\u00f2gic\" \/>\n<meta property=\"og:url\" content=\"https:\/\/alter-entorn.com\/ca\/producto\/fhe-cavalls\/\" \/>\n<meta property=\"og:site_name\" content=\"alter-entorn\" \/>\n<meta property=\"article:publisher\" content=\"https:\/\/www.facebook.com\/alterentorn\/\" \/>\n<meta property=\"article:modified_time\" content=\"2019-11-12T13:38:31+00:00\" \/>\n<meta property=\"og:image\" content=\"https:\/\/alter-entorn.com\/wp-content\/uploads\/2022\/03\/fhecaballos-1024x768.png\" \/>\n\t<meta property=\"og:image:width\" content=\"1024\" \/>\n\t<meta property=\"og:image:height\" content=\"768\" \/>\n\t<meta property=\"og:image:type\" content=\"image\/png\" \/>\n<meta name=\"twitter:card\" content=\"summary_large_image\" \/>\n<meta name=\"twitter:site\" content=\"@alterentorn\" \/>\n<script type=\"application\/ld+json\" class=\"yoast-schema-graph\">{\"@context\":\"https:\\\/\\\/schema.org\",\"@graph\":[{\"@type\":\"WebPage\",\"@id\":\"https:\\\/\\\/alter-entorn.com\\\/ca\\\/producto\\\/fhe-cavalls\\\/\",\"url\":\"https:\\\/\\\/alter-entorn.com\\\/ca\\\/producto\\\/fhe-cavalls\\\/\",\"name\":\"FHE Cavalls: Suplement alimentari probi\u00f2tic per cavalls\",\"isPartOf\":{\"@id\":\"https:\\\/\\\/alter-entorn.com\\\/ca\\\/#website\"},\"primaryImageOfPage\":{\"@id\":\"https:\\\/\\\/alter-entorn.com\\\/ca\\\/producto\\\/fhe-cavalls\\\/#primaryimage\"},\"image\":{\"@id\":\"https:\\\/\\\/alter-entorn.com\\\/ca\\\/producto\\\/fhe-cavalls\\\/#primaryimage\"},\"thumbnailUrl\":\"https:\\\/\\\/alter-entorn.com\\\/wp-content\\\/uploads\\\/2022\\\/03\\\/fhecaballos.png\",\"datePublished\":\"2017-08-21T15:07:07+00:00\",\"dateModified\":\"2019-11-12T13:38:31+00:00\",\"description\":\"Suplement probi\u00f2tic natural, totalment lliure de qu\u00edmics que millora la digesti\u00f3 i l'absorci\u00f3 de nutrients, i enforteix el sistema immunol\u00f2gic\",\"breadcrumb\":{\"@id\":\"https:\\\/\\\/alter-entorn.com\\\/ca\\\/producto\\\/fhe-cavalls\\\/#breadcrumb\"},\"inLanguage\":\"ca\",\"potentialAction\":[{\"@type\":\"ReadAction\",\"target\":[\"https:\\\/\\\/alter-entorn.com\\\/ca\\\/producto\\\/fhe-cavalls\\\/\"]}]},{\"@type\":\"ImageObject\",\"inLanguage\":\"ca\",\"@id\":\"https:\\\/\\\/alter-entorn.com\\\/ca\\\/producto\\\/fhe-cavalls\\\/#primaryimage\",\"url\":\"https:\\\/\\\/alter-entorn.com\\\/wp-content\\\/uploads\\\/2022\\\/03\\\/fhecaballos.png\",\"contentUrl\":\"https:\\\/\\\/alter-entorn.com\\\/wp-content\\\/uploads\\\/2022\\\/03\\\/fhecaballos.png\",\"width\":5184,\"height\":3888},{\"@type\":\"BreadcrumbList\",\"@id\":\"https:\\\/\\\/alter-entorn.com\\\/ca\\\/producto\\\/fhe-cavalls\\\/#breadcrumb\",\"itemListElement\":[{\"@type\":\"ListItem\",\"position\":1,\"name\":\"Portada\",\"item\":\"https:\\\/\\\/alter-entorn.com\\\/ca\\\/\"},{\"@type\":\"ListItem\",\"position\":2,\"name\":\"Botiga\",\"item\":\"https:\\\/\\\/alter-entorn.com\\\/tienda\\\/\"},{\"@type\":\"ListItem\",\"position\":3,\"name\":\"FHE Cavalls (1l)\"}]},{\"@type\":\"WebSite\",\"@id\":\"https:\\\/\\\/alter-entorn.com\\\/ca\\\/#website\",\"url\":\"https:\\\/\\\/alter-entorn.com\\\/ca\\\/\",\"name\":\"alter-entorn\",\"description\":\"Soluciones Microbiol\u00f3gicas probi\u00f3ticos\",\"publisher\":{\"@id\":\"https:\\\/\\\/alter-entorn.com\\\/ca\\\/#organization\"},\"potentialAction\":[{\"@type\":\"SearchAction\",\"target\":{\"@type\":\"EntryPoint\",\"urlTemplate\":\"https:\\\/\\\/alter-entorn.com\\\/ca\\\/?s={search_term_string}\"},\"query-input\":{\"@type\":\"PropertyValueSpecification\",\"valueRequired\":true,\"valueName\":\"search_term_string\"}}],\"inLanguage\":\"ca\"},{\"@type\":\"Organization\",\"@id\":\"https:\\\/\\\/alter-entorn.com\\\/ca\\\/#organization\",\"name\":\"alter-entorn\",\"url\":\"https:\\\/\\\/alter-entorn.com\\\/ca\\\/\",\"logo\":{\"@type\":\"ImageObject\",\"inLanguage\":\"ca\",\"@id\":\"https:\\\/\\\/alter-entorn.com\\\/ca\\\/#\\\/schema\\\/logo\\\/image\\\/\",\"url\":\"https:\\\/\\\/alter-entorn.com\\\/wp-content\\\/uploads\\\/2018\\\/10\\\/logo_alter_entorn-sin-texto-1.png\",\"contentUrl\":\"https:\\\/\\\/alter-entorn.com\\\/wp-content\\\/uploads\\\/2018\\\/10\\\/logo_alter_entorn-sin-texto-1.png\",\"width\":246,\"height\":68,\"caption\":\"alter-entorn\"},\"image\":{\"@id\":\"https:\\\/\\\/alter-entorn.com\\\/ca\\\/#\\\/schema\\\/logo\\\/image\\\/\"},\"sameAs\":[\"https:\\\/\\\/www.facebook.com\\\/alterentorn\\\/\",\"https:\\\/\\\/x.com\\\/alterentorn\"]}]}<\/script>\n<!-- \/ Yoast SEO plugin. -->","yoast_head_json":{"title":"FHE Cavalls: Suplement alimentari probi\u00f2tic per cavalls","description":"Suplement probi\u00f2tic natural, totalment lliure de qu\u00edmics que millora la digesti\u00f3 i l'absorci\u00f3 de nutrients, i enforteix el sistema immunol\u00f2gic","robots":{"index":"index","follow":"follow","max-snippet":"max-snippet:-1","max-image-preview":"max-image-preview:large","max-video-preview":"max-video-preview:-1"},"canonical":"https:\/\/alter-entorn.com\/ca\/producto\/fhe-cavalls\/","og_locale":"ca_ES","og_type":"article","og_title":"FHE Cavalls: Suplement alimentari probi\u00f2tic per cavalls","og_description":"Suplement probi\u00f2tic natural, totalment lliure de qu\u00edmics que millora la digesti\u00f3 i l'absorci\u00f3 de nutrients, i enforteix el sistema immunol\u00f2gic","og_url":"https:\/\/alter-entorn.com\/ca\/producto\/fhe-cavalls\/","og_site_name":"alter-entorn","article_publisher":"https:\/\/www.facebook.com\/alterentorn\/","article_modified_time":"2019-11-12T13:38:31+00:00","og_image":[{"width":1024,"height":768,"url":"https:\/\/alter-entorn.com\/wp-content\/uploads\/2022\/03\/fhecaballos-1024x768.png","type":"image\/png"}],"twitter_card":"summary_large_image","twitter_site":"@alterentorn","schema":{"@context":"https:\/\/schema.org","@graph":[{"@type":"WebPage","@id":"https:\/\/alter-entorn.com\/ca\/producto\/fhe-cavalls\/","url":"https:\/\/alter-entorn.com\/ca\/producto\/fhe-cavalls\/","name":"FHE Cavalls: Suplement alimentari probi\u00f2tic per cavalls","isPartOf":{"@id":"https:\/\/alter-entorn.com\/ca\/#website"},"primaryImageOfPage":{"@id":"https:\/\/alter-entorn.com\/ca\/producto\/fhe-cavalls\/#primaryimage"},"image":{"@id":"https:\/\/alter-entorn.com\/ca\/producto\/fhe-cavalls\/#primaryimage"},"thumbnailUrl":"https:\/\/alter-entorn.com\/wp-content\/uploads\/2022\/03\/fhecaballos.png","datePublished":"2017-08-21T15:07:07+00:00","dateModified":"2019-11-12T13:38:31+00:00","description":"Suplement probi\u00f2tic natural, totalment lliure de qu\u00edmics que millora la digesti\u00f3 i l'absorci\u00f3 de nutrients, i enforteix el sistema immunol\u00f2gic","breadcrumb":{"@id":"https:\/\/alter-entorn.com\/ca\/producto\/fhe-cavalls\/#breadcrumb"},"inLanguage":"ca","potentialAction":[{"@type":"ReadAction","target":["https:\/\/alter-entorn.com\/ca\/producto\/fhe-cavalls\/"]}]},{"@type":"ImageObject","inLanguage":"ca","@id":"https:\/\/alter-entorn.com\/ca\/producto\/fhe-cavalls\/#primaryimage","url":"https:\/\/alter-entorn.com\/wp-content\/uploads\/2022\/03\/fhecaballos.png","contentUrl":"https:\/\/alter-entorn.com\/wp-content\/uploads\/2022\/03\/fhecaballos.png","width":5184,"height":3888},{"@type":"BreadcrumbList","@id":"https:\/\/alter-entorn.com\/ca\/producto\/fhe-cavalls\/#breadcrumb","itemListElement":[{"@type":"ListItem","position":1,"name":"Portada","item":"https:\/\/alter-entorn.com\/ca\/"},{"@type":"ListItem","position":2,"name":"Botiga","item":"https:\/\/alter-entorn.com\/tienda\/"},{"@type":"ListItem","position":3,"name":"FHE Cavalls (1l)"}]},{"@type":"WebSite","@id":"https:\/\/alter-entorn.com\/ca\/#website","url":"https:\/\/alter-entorn.com\/ca\/","name":"alter-entorn","description":"Soluciones Microbiol\u00f3gicas probi\u00f3ticos","publisher":{"@id":"https:\/\/alter-entorn.com\/ca\/#organization"},"potentialAction":[{"@type":"SearchAction","target":{"@type":"EntryPoint","urlTemplate":"https:\/\/alter-entorn.com\/ca\/?s={search_term_string}"},"query-input":{"@type":"PropertyValueSpecification","valueRequired":true,"valueName":"search_term_string"}}],"inLanguage":"ca"},{"@type":"Organization","@id":"https:\/\/alter-entorn.com\/ca\/#organization","name":"alter-entorn","url":"https:\/\/alter-entorn.com\/ca\/","logo":{"@type":"ImageObject","inLanguage":"ca","@id":"https:\/\/alter-entorn.com\/ca\/#\/schema\/logo\/image\/","url":"https:\/\/alter-entorn.com\/wp-content\/uploads\/2018\/10\/logo_alter_entorn-sin-texto-1.png","contentUrl":"https:\/\/alter-entorn.com\/wp-content\/uploads\/2018\/10\/logo_alter_entorn-sin-texto-1.png","width":246,"height":68,"caption":"alter-entorn"},"image":{"@id":"https:\/\/alter-entorn.com\/ca\/#\/schema\/logo\/image\/"},"sameAs":["https:\/\/www.facebook.com\/alterentorn\/","https:\/\/x.com\/alterentorn"]}]}},"_links":{"self":[{"href":"https:\/\/alter-entorn.com\/ca\/wp-json\/wp\/v2\/product\/4032","targetHints":{"allow":["GET"]}}],"collection":[{"href":"https:\/\/alter-entorn.com\/ca\/wp-json\/wp\/v2\/product"}],"about":[{"href":"https:\/\/alter-entorn.com\/ca\/wp-json\/wp\/v2\/types\/product"}],"wp:featuredmedia":[{"embeddable":true,"href":"https:\/\/alter-entorn.com\/ca\/wp-json\/wp\/v2\/media\/8743"}],"wp:attachment":[{"href":"https:\/\/alter-entorn.com\/ca\/wp-json\/wp\/v2\/media?parent=4032"}],"wp:term":[{"taxonomy":"product_brand","embeddable":true,"href":"https:\/\/alter-entorn.com\/ca\/wp-json\/wp\/v2\/product_brand?post=4032"},{"taxonomy":"product_cat","embeddable":true,"href":"https:\/\/alter-entorn.com\/ca\/wp-json\/wp\/v2\/product_cat?post=4032"},{"taxonomy":"product_tag","embeddable":true,"href":"https:\/\/alter-entorn.com\/ca\/wp-json\/wp\/v2\/product_tag?post=4032"}],"curies":[{"name":"wp","href":"https:\/\/api.w.org\/{rel}","templated":true}]}}