{"id":4033,"date":"2017-08-21T17:06:36","date_gmt":"2017-08-21T15:06:36","guid":{"rendered":"http:\/\/alter-entorn.com?product=fhe-mascotes"},"modified":"2019-11-12T14:22:24","modified_gmt":"2019-11-12T13:22:24","slug":"fhe-mascotes","status":"publish","type":"product","link":"https:\/\/alter-entorn.com\/ca\/producto\/fhe-mascotes\/","title":{"rendered":"Cana Mascotes (500ml)"},"content":{"rendered":"<p>\u00c9s un suplement alimentari 100% natural i lliure de qu\u00edmics. Vivim en un entorn on hi trobem milers de components qu\u00edmics, aquests s\u00f3n utilitzats per fabricar pr\u00e0cticament tot el que ens envolta i poc a poc els anem acumulant en els nostre organisme. Per les mascotes \u00e9s exactament igual.\u00a0 Per aix\u00f2, Cana Mascotes els ajuda a reequilibrar el seu organisme, a recuperar la salut,\u00a0 poblant i enriquint la seva flora per estar m\u00e9s sans, tenir m\u00e9s vitalitat, i assimilar millor els nutrients. A m\u00e9s a m\u00e9s, redueix les olors, elimina la majoria de trastorns intestinals, redueix l&#8217;estr\u00e8s i millora la pell i el pelatge.<\/p>\n","protected":false},"excerpt":{"rendered":"<p>Suplement alimentari per mascotes, totalment lliure de qu\u00edmics. Els ajuda a repoblar la flora, facilitant la absorci\u00f3 de nutrients, millora la digesti\u00f3, la pell i el pelatge, entre d&#8217;altres.<\/p>\n","protected":false},"featured_media":8711,"template":"","meta":{"_joinchat":[]},"product_brand":[],"product_cat":[80],"product_tag":[1380,1554,1571,2563,2564,2565,2566],"class_list":{"0":"post-4033","1":"product","2":"type-product","3":"status-publish","4":"has-post-thumbnail","6":"product_cat-mascotes","7":"product_tag-ajuda-digestio-mascotes-ca-2","8":"product_tag-suplement-nutricional-animals-ca-2","9":"product_tag-suplements-alimentaris-animals-ca-2","10":"product_tag-probiotics-animals","11":"product_tag-probiotic-gossos","12":"product_tag-probiotic-gats","13":"product_tag-probiotics-mascotes","15":"first","16":"instock","17":"taxable","18":"shipping-taxable","19":"purchasable","20":"product-type-simple"},"yoast_head":"<!-- This site is optimized with the Yoast SEO plugin v27.4 - https:\/\/yoast.com\/product\/yoast-seo-wordpress\/ -->\n<title>Cana Mascotes - Suplement alimentari natural per mascotes<\/title>\n<meta name=\"description\" content=\"Suplement alimentari per mascotes elaborat amb ingredients naturals, sense qu\u00edmics. Ajuda a restaurar la flora, millora la vitalitat...\" \/>\n<meta name=\"robots\" content=\"index, follow, max-snippet:-1, max-image-preview:large, max-video-preview:-1\" \/>\n<link rel=\"canonical\" href=\"https:\/\/alter-entorn.com\/ca\/producto\/fhe-mascotes\/\" \/>\n<meta property=\"og:locale\" content=\"ca_ES\" \/>\n<meta property=\"og:type\" content=\"article\" \/>\n<meta property=\"og:title\" content=\"Cana Mascotes - Suplement alimentari natural per mascotes\" \/>\n<meta property=\"og:description\" content=\"Suplement alimentari per mascotes elaborat amb ingredients naturals, sense qu\u00edmics. Ajuda a restaurar la flora, millora la vitalitat...\" \/>\n<meta property=\"og:url\" content=\"https:\/\/alter-entorn.com\/ca\/producto\/fhe-mascotes\/\" \/>\n<meta property=\"og:site_name\" content=\"alter-entorn\" \/>\n<meta property=\"article:publisher\" content=\"https:\/\/www.facebook.com\/alterentorn\/\" \/>\n<meta property=\"article:modified_time\" content=\"2019-11-12T13:22:24+00:00\" \/>\n<meta property=\"og:image\" content=\"https:\/\/alter-entorn.com\/wp-content\/uploads\/2022\/03\/cana-1024x768.png\" \/>\n\t<meta property=\"og:image:width\" content=\"1024\" \/>\n\t<meta property=\"og:image:height\" content=\"768\" \/>\n\t<meta property=\"og:image:type\" content=\"image\/png\" \/>\n<meta name=\"twitter:card\" content=\"summary_large_image\" \/>\n<meta name=\"twitter:site\" content=\"@alterentorn\" \/>\n<meta name=\"twitter:label1\" content=\"Temps estimat de lectura\" \/>\n\t<meta name=\"twitter:data1\" content=\"1 minut\" \/>\n<script type=\"application\/ld+json\" class=\"yoast-schema-graph\">{\"@context\":\"https:\\\/\\\/schema.org\",\"@graph\":[{\"@type\":\"WebPage\",\"@id\":\"https:\\\/\\\/alter-entorn.com\\\/ca\\\/producto\\\/fhe-mascotes\\\/\",\"url\":\"https:\\\/\\\/alter-entorn.com\\\/ca\\\/producto\\\/fhe-mascotes\\\/\",\"name\":\"Cana Mascotes - Suplement alimentari natural per mascotes\",\"isPartOf\":{\"@id\":\"https:\\\/\\\/alter-entorn.com\\\/ca\\\/#website\"},\"primaryImageOfPage\":{\"@id\":\"https:\\\/\\\/alter-entorn.com\\\/ca\\\/producto\\\/fhe-mascotes\\\/#primaryimage\"},\"image\":{\"@id\":\"https:\\\/\\\/alter-entorn.com\\\/ca\\\/producto\\\/fhe-mascotes\\\/#primaryimage\"},\"thumbnailUrl\":\"https:\\\/\\\/alter-entorn.com\\\/wp-content\\\/uploads\\\/2022\\\/03\\\/cana.png\",\"datePublished\":\"2017-08-21T15:06:36+00:00\",\"dateModified\":\"2019-11-12T13:22:24+00:00\",\"description\":\"Suplement alimentari per mascotes elaborat amb ingredients naturals, sense qu\u00edmics. Ajuda a restaurar la flora, millora la vitalitat...\",\"breadcrumb\":{\"@id\":\"https:\\\/\\\/alter-entorn.com\\\/ca\\\/producto\\\/fhe-mascotes\\\/#breadcrumb\"},\"inLanguage\":\"ca\",\"potentialAction\":[{\"@type\":\"ReadAction\",\"target\":[\"https:\\\/\\\/alter-entorn.com\\\/ca\\\/producto\\\/fhe-mascotes\\\/\"]}]},{\"@type\":\"ImageObject\",\"inLanguage\":\"ca\",\"@id\":\"https:\\\/\\\/alter-entorn.com\\\/ca\\\/producto\\\/fhe-mascotes\\\/#primaryimage\",\"url\":\"https:\\\/\\\/alter-entorn.com\\\/wp-content\\\/uploads\\\/2022\\\/03\\\/cana.png\",\"contentUrl\":\"https:\\\/\\\/alter-entorn.com\\\/wp-content\\\/uploads\\\/2022\\\/03\\\/cana.png\",\"width\":5184,\"height\":3888},{\"@type\":\"BreadcrumbList\",\"@id\":\"https:\\\/\\\/alter-entorn.com\\\/ca\\\/producto\\\/fhe-mascotes\\\/#breadcrumb\",\"itemListElement\":[{\"@type\":\"ListItem\",\"position\":1,\"name\":\"Portada\",\"item\":\"https:\\\/\\\/alter-entorn.com\\\/ca\\\/\"},{\"@type\":\"ListItem\",\"position\":2,\"name\":\"Botiga\",\"item\":\"https:\\\/\\\/alter-entorn.com\\\/tienda\\\/\"},{\"@type\":\"ListItem\",\"position\":3,\"name\":\"Cana Mascotes (500ml)\"}]},{\"@type\":\"WebSite\",\"@id\":\"https:\\\/\\\/alter-entorn.com\\\/ca\\\/#website\",\"url\":\"https:\\\/\\\/alter-entorn.com\\\/ca\\\/\",\"name\":\"alter-entorn\",\"description\":\"Soluciones Microbiol\u00f3gicas probi\u00f3ticos\",\"publisher\":{\"@id\":\"https:\\\/\\\/alter-entorn.com\\\/ca\\\/#organization\"},\"potentialAction\":[{\"@type\":\"SearchAction\",\"target\":{\"@type\":\"EntryPoint\",\"urlTemplate\":\"https:\\\/\\\/alter-entorn.com\\\/ca\\\/?s={search_term_string}\"},\"query-input\":{\"@type\":\"PropertyValueSpecification\",\"valueRequired\":true,\"valueName\":\"search_term_string\"}}],\"inLanguage\":\"ca\"},{\"@type\":\"Organization\",\"@id\":\"https:\\\/\\\/alter-entorn.com\\\/ca\\\/#organization\",\"name\":\"alter-entorn\",\"url\":\"https:\\\/\\\/alter-entorn.com\\\/ca\\\/\",\"logo\":{\"@type\":\"ImageObject\",\"inLanguage\":\"ca\",\"@id\":\"https:\\\/\\\/alter-entorn.com\\\/ca\\\/#\\\/schema\\\/logo\\\/image\\\/\",\"url\":\"https:\\\/\\\/alter-entorn.com\\\/wp-content\\\/uploads\\\/2018\\\/10\\\/logo_alter_entorn-sin-texto-1.png\",\"contentUrl\":\"https:\\\/\\\/alter-entorn.com\\\/wp-content\\\/uploads\\\/2018\\\/10\\\/logo_alter_entorn-sin-texto-1.png\",\"width\":246,\"height\":68,\"caption\":\"alter-entorn\"},\"image\":{\"@id\":\"https:\\\/\\\/alter-entorn.com\\\/ca\\\/#\\\/schema\\\/logo\\\/image\\\/\"},\"sameAs\":[\"https:\\\/\\\/www.facebook.com\\\/alterentorn\\\/\",\"https:\\\/\\\/x.com\\\/alterentorn\"]}]}<\/script>\n<!-- \/ Yoast SEO plugin. -->","yoast_head_json":{"title":"Cana Mascotes - Suplement alimentari natural per mascotes","description":"Suplement alimentari per mascotes elaborat amb ingredients naturals, sense qu\u00edmics. Ajuda a restaurar la flora, millora la vitalitat...","robots":{"index":"index","follow":"follow","max-snippet":"max-snippet:-1","max-image-preview":"max-image-preview:large","max-video-preview":"max-video-preview:-1"},"canonical":"https:\/\/alter-entorn.com\/ca\/producto\/fhe-mascotes\/","og_locale":"ca_ES","og_type":"article","og_title":"Cana Mascotes - Suplement alimentari natural per mascotes","og_description":"Suplement alimentari per mascotes elaborat amb ingredients naturals, sense qu\u00edmics. Ajuda a restaurar la flora, millora la vitalitat...","og_url":"https:\/\/alter-entorn.com\/ca\/producto\/fhe-mascotes\/","og_site_name":"alter-entorn","article_publisher":"https:\/\/www.facebook.com\/alterentorn\/","article_modified_time":"2019-11-12T13:22:24+00:00","og_image":[{"width":1024,"height":768,"url":"https:\/\/alter-entorn.com\/wp-content\/uploads\/2022\/03\/cana-1024x768.png","type":"image\/png"}],"twitter_card":"summary_large_image","twitter_site":"@alterentorn","twitter_misc":{"Temps estimat de lectura":"1 minut"},"schema":{"@context":"https:\/\/schema.org","@graph":[{"@type":"WebPage","@id":"https:\/\/alter-entorn.com\/ca\/producto\/fhe-mascotes\/","url":"https:\/\/alter-entorn.com\/ca\/producto\/fhe-mascotes\/","name":"Cana Mascotes - Suplement alimentari natural per mascotes","isPartOf":{"@id":"https:\/\/alter-entorn.com\/ca\/#website"},"primaryImageOfPage":{"@id":"https:\/\/alter-entorn.com\/ca\/producto\/fhe-mascotes\/#primaryimage"},"image":{"@id":"https:\/\/alter-entorn.com\/ca\/producto\/fhe-mascotes\/#primaryimage"},"thumbnailUrl":"https:\/\/alter-entorn.com\/wp-content\/uploads\/2022\/03\/cana.png","datePublished":"2017-08-21T15:06:36+00:00","dateModified":"2019-11-12T13:22:24+00:00","description":"Suplement alimentari per mascotes elaborat amb ingredients naturals, sense qu\u00edmics. Ajuda a restaurar la flora, millora la vitalitat...","breadcrumb":{"@id":"https:\/\/alter-entorn.com\/ca\/producto\/fhe-mascotes\/#breadcrumb"},"inLanguage":"ca","potentialAction":[{"@type":"ReadAction","target":["https:\/\/alter-entorn.com\/ca\/producto\/fhe-mascotes\/"]}]},{"@type":"ImageObject","inLanguage":"ca","@id":"https:\/\/alter-entorn.com\/ca\/producto\/fhe-mascotes\/#primaryimage","url":"https:\/\/alter-entorn.com\/wp-content\/uploads\/2022\/03\/cana.png","contentUrl":"https:\/\/alter-entorn.com\/wp-content\/uploads\/2022\/03\/cana.png","width":5184,"height":3888},{"@type":"BreadcrumbList","@id":"https:\/\/alter-entorn.com\/ca\/producto\/fhe-mascotes\/#breadcrumb","itemListElement":[{"@type":"ListItem","position":1,"name":"Portada","item":"https:\/\/alter-entorn.com\/ca\/"},{"@type":"ListItem","position":2,"name":"Botiga","item":"https:\/\/alter-entorn.com\/tienda\/"},{"@type":"ListItem","position":3,"name":"Cana Mascotes (500ml)"}]},{"@type":"WebSite","@id":"https:\/\/alter-entorn.com\/ca\/#website","url":"https:\/\/alter-entorn.com\/ca\/","name":"alter-entorn","description":"Soluciones Microbiol\u00f3gicas probi\u00f3ticos","publisher":{"@id":"https:\/\/alter-entorn.com\/ca\/#organization"},"potentialAction":[{"@type":"SearchAction","target":{"@type":"EntryPoint","urlTemplate":"https:\/\/alter-entorn.com\/ca\/?s={search_term_string}"},"query-input":{"@type":"PropertyValueSpecification","valueRequired":true,"valueName":"search_term_string"}}],"inLanguage":"ca"},{"@type":"Organization","@id":"https:\/\/alter-entorn.com\/ca\/#organization","name":"alter-entorn","url":"https:\/\/alter-entorn.com\/ca\/","logo":{"@type":"ImageObject","inLanguage":"ca","@id":"https:\/\/alter-entorn.com\/ca\/#\/schema\/logo\/image\/","url":"https:\/\/alter-entorn.com\/wp-content\/uploads\/2018\/10\/logo_alter_entorn-sin-texto-1.png","contentUrl":"https:\/\/alter-entorn.com\/wp-content\/uploads\/2018\/10\/logo_alter_entorn-sin-texto-1.png","width":246,"height":68,"caption":"alter-entorn"},"image":{"@id":"https:\/\/alter-entorn.com\/ca\/#\/schema\/logo\/image\/"},"sameAs":["https:\/\/www.facebook.com\/alterentorn\/","https:\/\/x.com\/alterentorn"]}]}},"_links":{"self":[{"href":"https:\/\/alter-entorn.com\/ca\/wp-json\/wp\/v2\/product\/4033","targetHints":{"allow":["GET"]}}],"collection":[{"href":"https:\/\/alter-entorn.com\/ca\/wp-json\/wp\/v2\/product"}],"about":[{"href":"https:\/\/alter-entorn.com\/ca\/wp-json\/wp\/v2\/types\/product"}],"wp:featuredmedia":[{"embeddable":true,"href":"https:\/\/alter-entorn.com\/ca\/wp-json\/wp\/v2\/media\/8711"}],"wp:attachment":[{"href":"https:\/\/alter-entorn.com\/ca\/wp-json\/wp\/v2\/media?parent=4033"}],"wp:term":[{"taxonomy":"product_brand","embeddable":true,"href":"https:\/\/alter-entorn.com\/ca\/wp-json\/wp\/v2\/product_brand?post=4033"},{"taxonomy":"product_cat","embeddable":true,"href":"https:\/\/alter-entorn.com\/ca\/wp-json\/wp\/v2\/product_cat?post=4033"},{"taxonomy":"product_tag","embeddable":true,"href":"https:\/\/alter-entorn.com\/ca\/wp-json\/wp\/v2\/product_tag?post=4033"}],"curies":[{"name":"wp","href":"https:\/\/api.w.org\/{rel}","templated":true}]}}