{"id":4034,"date":"2017-08-21T17:05:33","date_gmt":"2017-08-21T15:05:33","guid":{"rendered":"http:\/\/alter-entorn.com?product=agrobalanced"},"modified":"2025-02-15T00:17:17","modified_gmt":"2025-02-14T22:17:17","slug":"agrobalanced","status":"publish","type":"product","link":"https:\/\/alter-entorn.com\/ca\/producto\/agrobalanced\/","title":{"rendered":"Agro balanced\u00ae"},"content":{"rendered":"<p>Est\u00e0 format per cinc grups microbiol\u00f2gics, majorit\u00e0riament bact\u00e8ries fototr\u00f2fiques, l\u00e0ctics, fongs fermentatius i llevadures, que tenen com a conseq\u00fc\u00e8ncies:<\/p>\n<p>PLAGUES<\/p>\n<ul>\n<li>Redueix la poblaci\u00f3 de mosques i formigues al no permetre la maduraci\u00f3 de les larves<\/li>\n<li>Mant\u00e9 els cargols i llimacs allunyats de la terra tractada<\/li>\n<li>Conserva la fauna depredadora natural formada pels insectes que controlen els pat\u00f2gens, com les marietes<\/li>\n<li>T\u00e9 poder antif\u00fangic selectiu que redueix la pres\u00e8ncia dels fongs perjudicials i estimula l\u2019activitat dels beneficiosos<\/li>\n<\/ul>\n<p>VEGETACI\u00d3<\/p>\n<ul>\n<li>Augmenta la velocitat i el percentatge de germinaci\u00f3 de les llavors<\/li>\n<li>Incrementa les possibilitats de superviv\u00e8ncia de les plantes trasplantades<\/li>\n<li>Augmenta el vigor i creixement de tija i arrels<\/li>\n<li>Promou la floraci\u00f3, fructificaci\u00f3 i maduraci\u00f3<\/li>\n<li>Incrementa el creixement, la productivitat, la qualitat i la conservaci\u00f3 dels fruits<\/li>\n<\/ul>\n<p>S\u00d2L<\/p>\n<ul>\n<li>Redueix la compactaci\u00f3 de la terra i l\u2019erosi\u00f3<\/li>\n<li>Incrementa la porositat i millora la infiltraci\u00f3 de l\u2019aigua, disminuint la necessitat de reg ja que la terra \u00e9s capa\u00e7 d\u2019absorbir 24 vegades m\u00e9s l\u2019aigua de la pluja<\/li>\n<li>Millora la disponibilitat de nutrients ja que en divideix les mol\u00b7l\u00e8cules per facilitar-ne l\u2019absorci\u00f3<\/li>\n<li>Suprimeix i\/o controla les poblacions de microorganismes pat\u00f2gens<\/li>\n<li>Incrementa la biodiversitat microbiana, generant les condicions necess\u00e0ries per que els microorganismes beneficiosos prosperin<\/li>\n<\/ul>\n","protected":false},"excerpt":{"rendered":"<p>Producte pel benestar del nostre hort o jard\u00ed. Controla l\u2019aparici\u00f3 de plagues, afavoreix el creixement de la vegetaci\u00f3 i millora les condicions del s\u00f2l, entre d\u2019altres.<\/p>\n","protected":false},"featured_media":9868,"template":"","meta":{"_joinchat":[]},"product_brand":[],"product_cat":[3212,78],"product_tag":[1332,1333,1347,1362,1365,1474,1494,1521,1524,1530,3195],"class_list":{"0":"post-4034","1":"product","2":"type-product","3":"status-publish","4":"has-post-thumbnail","6":"product_cat-compost-hort-i-jardi","7":"product_cat-jardi","8":"product_tag-fertilizant-ecologic","9":"product_tag-fertilitzant-natural","10":"product_tag-agricultura-ecologica-ca","11":"product_tag-antiplagues-ecologic","12":"product_tag-antiplagues-natural","13":"product_tag-jardineria-ecologica-ca-2","14":"product_tag-microbiologia-agraria-ca","15":"product_tag-productes-naturals-hort","16":"product_tag-productes-naturals-jardi","17":"product_tag-productes-naturals-plantes","18":"product_tag-agricultura-regenerativa-ca","20":"first","21":"instock","22":"taxable","23":"shipping-taxable","24":"purchasable","25":"product-type-variable"},"yoast_head":"<!-- This site is optimized with the Yoast SEO plugin v27.4 - https:\/\/yoast.com\/product\/yoast-seo-wordpress\/ -->\n<title>Agrobalanced - Producte pel benestar del nostre hort o jard\u00ed<\/title>\n<meta name=\"description\" content=\"Millora el creixement i la floraci\u00f3 de les plantes, controla l&#039;aparici\u00f3 de plagues, facilita l&#039;absorci\u00f3 de nutrients, entre d&#039;altres.\" \/>\n<meta name=\"robots\" content=\"index, follow, max-snippet:-1, max-image-preview:large, max-video-preview:-1\" \/>\n<link rel=\"canonical\" href=\"https:\/\/alter-entorn.com\/ca\/producto\/agrobalanced\/\" \/>\n<meta property=\"og:locale\" content=\"ca_ES\" \/>\n<meta property=\"og:type\" content=\"article\" \/>\n<meta property=\"og:title\" content=\"Agrobalanced - Producte pel benestar del nostre hort o jard\u00ed\" \/>\n<meta property=\"og:description\" content=\"Millora el creixement i la floraci\u00f3 de les plantes, controla l&#039;aparici\u00f3 de plagues, facilita l&#039;absorci\u00f3 de nutrients, entre d&#039;altres.\" \/>\n<meta property=\"og:url\" content=\"https:\/\/alter-entorn.com\/ca\/producto\/agrobalanced\/\" \/>\n<meta property=\"og:site_name\" content=\"alter-entorn\" \/>\n<meta property=\"article:publisher\" content=\"https:\/\/www.facebook.com\/alterentorn\/\" \/>\n<meta property=\"article:modified_time\" content=\"2025-02-14T22:17:17+00:00\" \/>\n<meta property=\"og:image\" content=\"https:\/\/alter-entorn.com\/wp-content\/uploads\/2017\/08\/agrobalanced-1.png\" \/>\n\t<meta property=\"og:image:width\" content=\"1500\" \/>\n\t<meta property=\"og:image:height\" content=\"1500\" \/>\n\t<meta property=\"og:image:type\" content=\"image\/png\" \/>\n<meta name=\"twitter:card\" content=\"summary_large_image\" \/>\n<meta name=\"twitter:site\" content=\"@alterentorn\" \/>\n<meta name=\"twitter:label1\" content=\"Temps estimat de lectura\" \/>\n\t<meta name=\"twitter:data1\" content=\"1 minut\" \/>\n<script type=\"application\/ld+json\" class=\"yoast-schema-graph\">{\"@context\":\"https:\\\/\\\/schema.org\",\"@graph\":[{\"@type\":\"WebPage\",\"@id\":\"https:\\\/\\\/alter-entorn.com\\\/ca\\\/producto\\\/agrobalanced\\\/\",\"url\":\"https:\\\/\\\/alter-entorn.com\\\/ca\\\/producto\\\/agrobalanced\\\/\",\"name\":\"Agrobalanced - Producte pel benestar del nostre hort o jard\u00ed\",\"isPartOf\":{\"@id\":\"https:\\\/\\\/alter-entorn.com\\\/ca\\\/#website\"},\"primaryImageOfPage\":{\"@id\":\"https:\\\/\\\/alter-entorn.com\\\/ca\\\/producto\\\/agrobalanced\\\/#primaryimage\"},\"image\":{\"@id\":\"https:\\\/\\\/alter-entorn.com\\\/ca\\\/producto\\\/agrobalanced\\\/#primaryimage\"},\"thumbnailUrl\":\"https:\\\/\\\/alter-entorn.com\\\/wp-content\\\/uploads\\\/2017\\\/08\\\/agrobalanced-1.png\",\"datePublished\":\"2017-08-21T15:05:33+00:00\",\"dateModified\":\"2025-02-14T22:17:17+00:00\",\"description\":\"Millora el creixement i la floraci\u00f3 de les plantes, controla l'aparici\u00f3 de plagues, facilita l'absorci\u00f3 de nutrients, entre d'altres.\",\"breadcrumb\":{\"@id\":\"https:\\\/\\\/alter-entorn.com\\\/ca\\\/producto\\\/agrobalanced\\\/#breadcrumb\"},\"inLanguage\":\"ca\",\"potentialAction\":[{\"@type\":\"ReadAction\",\"target\":[\"https:\\\/\\\/alter-entorn.com\\\/ca\\\/producto\\\/agrobalanced\\\/\"]}]},{\"@type\":\"ImageObject\",\"inLanguage\":\"ca\",\"@id\":\"https:\\\/\\\/alter-entorn.com\\\/ca\\\/producto\\\/agrobalanced\\\/#primaryimage\",\"url\":\"https:\\\/\\\/alter-entorn.com\\\/wp-content\\\/uploads\\\/2017\\\/08\\\/agrobalanced-1.png\",\"contentUrl\":\"https:\\\/\\\/alter-entorn.com\\\/wp-content\\\/uploads\\\/2017\\\/08\\\/agrobalanced-1.png\",\"width\":1500,\"height\":1500,\"caption\":\"Concentrado microbiol\u00f3gico para agricultura\"},{\"@type\":\"BreadcrumbList\",\"@id\":\"https:\\\/\\\/alter-entorn.com\\\/ca\\\/producto\\\/agrobalanced\\\/#breadcrumb\",\"itemListElement\":[{\"@type\":\"ListItem\",\"position\":1,\"name\":\"Portada\",\"item\":\"https:\\\/\\\/alter-entorn.com\\\/ca\\\/\"},{\"@type\":\"ListItem\",\"position\":2,\"name\":\"Botiga\",\"item\":\"https:\\\/\\\/alter-entorn.com\\\/tienda\\\/\"},{\"@type\":\"ListItem\",\"position\":3,\"name\":\"Agro balanced\u00ae\"}]},{\"@type\":\"WebSite\",\"@id\":\"https:\\\/\\\/alter-entorn.com\\\/ca\\\/#website\",\"url\":\"https:\\\/\\\/alter-entorn.com\\\/ca\\\/\",\"name\":\"alter-entorn\",\"description\":\"Soluciones Microbiol\u00f3gicas probi\u00f3ticos\",\"publisher\":{\"@id\":\"https:\\\/\\\/alter-entorn.com\\\/ca\\\/#organization\"},\"potentialAction\":[{\"@type\":\"SearchAction\",\"target\":{\"@type\":\"EntryPoint\",\"urlTemplate\":\"https:\\\/\\\/alter-entorn.com\\\/ca\\\/?s={search_term_string}\"},\"query-input\":{\"@type\":\"PropertyValueSpecification\",\"valueRequired\":true,\"valueName\":\"search_term_string\"}}],\"inLanguage\":\"ca\"},{\"@type\":\"Organization\",\"@id\":\"https:\\\/\\\/alter-entorn.com\\\/ca\\\/#organization\",\"name\":\"alter-entorn\",\"url\":\"https:\\\/\\\/alter-entorn.com\\\/ca\\\/\",\"logo\":{\"@type\":\"ImageObject\",\"inLanguage\":\"ca\",\"@id\":\"https:\\\/\\\/alter-entorn.com\\\/ca\\\/#\\\/schema\\\/logo\\\/image\\\/\",\"url\":\"https:\\\/\\\/alter-entorn.com\\\/wp-content\\\/uploads\\\/2018\\\/10\\\/logo_alter_entorn-sin-texto-1.png\",\"contentUrl\":\"https:\\\/\\\/alter-entorn.com\\\/wp-content\\\/uploads\\\/2018\\\/10\\\/logo_alter_entorn-sin-texto-1.png\",\"width\":246,\"height\":68,\"caption\":\"alter-entorn\"},\"image\":{\"@id\":\"https:\\\/\\\/alter-entorn.com\\\/ca\\\/#\\\/schema\\\/logo\\\/image\\\/\"},\"sameAs\":[\"https:\\\/\\\/www.facebook.com\\\/alterentorn\\\/\",\"https:\\\/\\\/x.com\\\/alterentorn\"]}]}<\/script>\n<!-- \/ Yoast SEO plugin. -->","yoast_head_json":{"title":"Agrobalanced - Producte pel benestar del nostre hort o jard\u00ed","description":"Millora el creixement i la floraci\u00f3 de les plantes, controla l'aparici\u00f3 de plagues, facilita l'absorci\u00f3 de nutrients, entre d'altres.","robots":{"index":"index","follow":"follow","max-snippet":"max-snippet:-1","max-image-preview":"max-image-preview:large","max-video-preview":"max-video-preview:-1"},"canonical":"https:\/\/alter-entorn.com\/ca\/producto\/agrobalanced\/","og_locale":"ca_ES","og_type":"article","og_title":"Agrobalanced - Producte pel benestar del nostre hort o jard\u00ed","og_description":"Millora el creixement i la floraci\u00f3 de les plantes, controla l'aparici\u00f3 de plagues, facilita l'absorci\u00f3 de nutrients, entre d'altres.","og_url":"https:\/\/alter-entorn.com\/ca\/producto\/agrobalanced\/","og_site_name":"alter-entorn","article_publisher":"https:\/\/www.facebook.com\/alterentorn\/","article_modified_time":"2025-02-14T22:17:17+00:00","og_image":[{"width":1500,"height":1500,"url":"https:\/\/alter-entorn.com\/wp-content\/uploads\/2017\/08\/agrobalanced-1.png","type":"image\/png"}],"twitter_card":"summary_large_image","twitter_site":"@alterentorn","twitter_misc":{"Temps estimat de lectura":"1 minut"},"schema":{"@context":"https:\/\/schema.org","@graph":[{"@type":"WebPage","@id":"https:\/\/alter-entorn.com\/ca\/producto\/agrobalanced\/","url":"https:\/\/alter-entorn.com\/ca\/producto\/agrobalanced\/","name":"Agrobalanced - Producte pel benestar del nostre hort o jard\u00ed","isPartOf":{"@id":"https:\/\/alter-entorn.com\/ca\/#website"},"primaryImageOfPage":{"@id":"https:\/\/alter-entorn.com\/ca\/producto\/agrobalanced\/#primaryimage"},"image":{"@id":"https:\/\/alter-entorn.com\/ca\/producto\/agrobalanced\/#primaryimage"},"thumbnailUrl":"https:\/\/alter-entorn.com\/wp-content\/uploads\/2017\/08\/agrobalanced-1.png","datePublished":"2017-08-21T15:05:33+00:00","dateModified":"2025-02-14T22:17:17+00:00","description":"Millora el creixement i la floraci\u00f3 de les plantes, controla l'aparici\u00f3 de plagues, facilita l'absorci\u00f3 de nutrients, entre d'altres.","breadcrumb":{"@id":"https:\/\/alter-entorn.com\/ca\/producto\/agrobalanced\/#breadcrumb"},"inLanguage":"ca","potentialAction":[{"@type":"ReadAction","target":["https:\/\/alter-entorn.com\/ca\/producto\/agrobalanced\/"]}]},{"@type":"ImageObject","inLanguage":"ca","@id":"https:\/\/alter-entorn.com\/ca\/producto\/agrobalanced\/#primaryimage","url":"https:\/\/alter-entorn.com\/wp-content\/uploads\/2017\/08\/agrobalanced-1.png","contentUrl":"https:\/\/alter-entorn.com\/wp-content\/uploads\/2017\/08\/agrobalanced-1.png","width":1500,"height":1500,"caption":"Concentrado microbiol\u00f3gico para agricultura"},{"@type":"BreadcrumbList","@id":"https:\/\/alter-entorn.com\/ca\/producto\/agrobalanced\/#breadcrumb","itemListElement":[{"@type":"ListItem","position":1,"name":"Portada","item":"https:\/\/alter-entorn.com\/ca\/"},{"@type":"ListItem","position":2,"name":"Botiga","item":"https:\/\/alter-entorn.com\/tienda\/"},{"@type":"ListItem","position":3,"name":"Agro balanced\u00ae"}]},{"@type":"WebSite","@id":"https:\/\/alter-entorn.com\/ca\/#website","url":"https:\/\/alter-entorn.com\/ca\/","name":"alter-entorn","description":"Soluciones Microbiol\u00f3gicas probi\u00f3ticos","publisher":{"@id":"https:\/\/alter-entorn.com\/ca\/#organization"},"potentialAction":[{"@type":"SearchAction","target":{"@type":"EntryPoint","urlTemplate":"https:\/\/alter-entorn.com\/ca\/?s={search_term_string}"},"query-input":{"@type":"PropertyValueSpecification","valueRequired":true,"valueName":"search_term_string"}}],"inLanguage":"ca"},{"@type":"Organization","@id":"https:\/\/alter-entorn.com\/ca\/#organization","name":"alter-entorn","url":"https:\/\/alter-entorn.com\/ca\/","logo":{"@type":"ImageObject","inLanguage":"ca","@id":"https:\/\/alter-entorn.com\/ca\/#\/schema\/logo\/image\/","url":"https:\/\/alter-entorn.com\/wp-content\/uploads\/2018\/10\/logo_alter_entorn-sin-texto-1.png","contentUrl":"https:\/\/alter-entorn.com\/wp-content\/uploads\/2018\/10\/logo_alter_entorn-sin-texto-1.png","width":246,"height":68,"caption":"alter-entorn"},"image":{"@id":"https:\/\/alter-entorn.com\/ca\/#\/schema\/logo\/image\/"},"sameAs":["https:\/\/www.facebook.com\/alterentorn\/","https:\/\/x.com\/alterentorn"]}]}},"_links":{"self":[{"href":"https:\/\/alter-entorn.com\/ca\/wp-json\/wp\/v2\/product\/4034","targetHints":{"allow":["GET"]}}],"collection":[{"href":"https:\/\/alter-entorn.com\/ca\/wp-json\/wp\/v2\/product"}],"about":[{"href":"https:\/\/alter-entorn.com\/ca\/wp-json\/wp\/v2\/types\/product"}],"wp:featuredmedia":[{"embeddable":true,"href":"https:\/\/alter-entorn.com\/ca\/wp-json\/wp\/v2\/media\/9868"}],"wp:attachment":[{"href":"https:\/\/alter-entorn.com\/ca\/wp-json\/wp\/v2\/media?parent=4034"}],"wp:term":[{"taxonomy":"product_brand","embeddable":true,"href":"https:\/\/alter-entorn.com\/ca\/wp-json\/wp\/v2\/product_brand?post=4034"},{"taxonomy":"product_cat","embeddable":true,"href":"https:\/\/alter-entorn.com\/ca\/wp-json\/wp\/v2\/product_cat?post=4034"},{"taxonomy":"product_tag","embeddable":true,"href":"https:\/\/alter-entorn.com\/ca\/wp-json\/wp\/v2\/product_tag?post=4034"}],"curies":[{"name":"wp","href":"https:\/\/api.w.org\/{rel}","templated":true}]}}