{"id":4039,"date":"2017-08-21T16:52:24","date_gmt":"2017-08-21T14:52:24","guid":{"rendered":"http:\/\/alter-entorn.com?product=bio-live-echinasia"},"modified":"2026-01-08T13:23:00","modified_gmt":"2026-01-08T11:23:00","slug":"bio-live-echinasia","status":"publish","type":"product","link":"https:\/\/alter-entorn.com\/ca\/producto\/bio-live-echinasia\/","title":{"rendered":"microbz Immunity"},"content":{"rendered":"<p>\u00c9s una beguda fermentada i elaborada exclusivament amb ingredients naturals. Cont\u00e9 equin\u00e0cia i altres herbes que mantenen el sistema immunitari saludable, prevenint moltes malalties comunes com els refredats. Ajuda que aquestes es superin m\u00e9s r\u00e0pidament. Incrementa el nombre de c\u00e8l\u00b7lules i globus blancs, i altres subst\u00e0ncies qu\u00edmiques naturals vitals que es troben a la nostra sang, a m\u00e9s a m\u00e9s de ser un poder\u00f3s antioxidant.<\/p>\n<p>Aquesta beguda est\u00e0 dissenyada per estimular naturalment el sistema inmune, aix\u00ed que ser\u00e0 de gran ajuda si pateix alguna malaltia cr\u00f2nica o inmunosupresora a llarg pla\u00e7. Tamb\u00e9 pot ajudar a la recuperaci\u00f3 dels efectes secundaris dels antibi\u00f2tics.<\/p>\n<p>Combina 14 fam\u00edlies de microorganismes beneficiosos acuradament sel\u00b7leccionats amb m\u00e9s de 50 sucs naturals, minerals i herbes.\u00a0Apte per a dietes vegetarianes i veganes.<\/p>\n<p>Aquest \u00e9s un complement alimentari i no un producte m\u00e8dic. Els efectes no estan garantits i els resultats poden variar.<\/p>\n<p><a href=\"https:\/\/alter-entorn.com\/ca\/beneficis-de-lequinacea\/\">M\u00e9s beneficis de l&#8217;equin\u00e0cia<\/a><\/p>\n","protected":false},"excerpt":{"rendered":"<p><strong>VEGAN<\/strong><\/p>\n<p>Beguda fermentada elaborada a partir d&#8217;equin\u00e0cia i altres herbes que potencien el sistema immunitari.<\/p>\n","protected":false},"featured_media":10304,"template":"","meta":{"_joinchat":[]},"product_brand":[],"product_cat":[82,105],"product_tag":[489,490,491,492,493,494,495,496,497,498],"class_list":{"0":"post-4039","1":"product","2":"type-product","3":"status-publish","4":"has-post-thumbnail","6":"product_cat-salut-i-benestar","7":"product_cat-suplements-probiotics","8":"product_tag-suplements-probiotics-liquids","9":"product_tag-productes-amb-equinacea","10":"product_tag-enfortir-sistema-inmunitari","11":"product_tag-prevenir-virus-ca","12":"product_tag-millorar-defenses","13":"product_tag-probiotics-naturals","14":"product_tag-remeis-naturals-refredat","15":"product_tag-bio-live-ca","16":"product_tag-biolive-ca","17":"product_tag-microbz-ca","19":"first","20":"instock","21":"taxable","22":"shipping-taxable","23":"purchasable","24":"product-type-variable"},"yoast_head":"<!-- This site is optimized with the Yoast SEO plugin v27.4 - https:\/\/yoast.com\/product\/yoast-seo-wordpress\/ -->\n<title>microbz Immunity - Beguda fermentada amb equin\u00e0cia<\/title>\n<meta name=\"description\" content=\"Beguda fermentada amb equin\u00e0cia i altres herbes que enforeixen el sistema immunitari, incrementant el n\u00famero de c\u00e8l\u00b7lules i globus blancs\" \/>\n<meta name=\"robots\" content=\"index, follow, max-snippet:-1, max-image-preview:large, max-video-preview:-1\" \/>\n<link rel=\"canonical\" href=\"https:\/\/alter-entorn.com\/ca\/producto\/bio-live-echinasia\/\" \/>\n<meta property=\"og:locale\" content=\"ca_ES\" \/>\n<meta property=\"og:type\" content=\"article\" \/>\n<meta property=\"og:title\" content=\"microbz Immunity - Beguda fermentada amb equin\u00e0cia\" \/>\n<meta property=\"og:description\" content=\"Beguda fermentada amb equin\u00e0cia i altres herbes que enforeixen el sistema immunitari, incrementant el n\u00famero de c\u00e8l\u00b7lules i globus blancs\" \/>\n<meta property=\"og:url\" content=\"https:\/\/alter-entorn.com\/ca\/producto\/bio-live-echinasia\/\" \/>\n<meta property=\"og:site_name\" content=\"alter-entorn\" \/>\n<meta property=\"article:publisher\" content=\"https:\/\/www.facebook.com\/alterentorn\/\" \/>\n<meta property=\"article:modified_time\" content=\"2026-01-08T11:23:00+00:00\" \/>\n<meta property=\"og:image\" content=\"https:\/\/alter-entorn.com\/wp-content\/uploads\/2017\/08\/blimmunity1.png\" \/>\n\t<meta property=\"og:image:width\" content=\"1000\" \/>\n\t<meta property=\"og:image:height\" content=\"1500\" \/>\n\t<meta property=\"og:image:type\" content=\"image\/png\" \/>\n<meta name=\"twitter:card\" content=\"summary_large_image\" \/>\n<meta name=\"twitter:site\" content=\"@alterentorn\" \/>\n<meta name=\"twitter:label1\" content=\"Temps estimat de lectura\" \/>\n\t<meta name=\"twitter:data1\" content=\"1 minut\" \/>\n<script type=\"application\/ld+json\" class=\"yoast-schema-graph\">{\"@context\":\"https:\\\/\\\/schema.org\",\"@graph\":[{\"@type\":\"WebPage\",\"@id\":\"https:\\\/\\\/alter-entorn.com\\\/ca\\\/producto\\\/bio-live-echinasia\\\/\",\"url\":\"https:\\\/\\\/alter-entorn.com\\\/ca\\\/producto\\\/bio-live-echinasia\\\/\",\"name\":\"microbz Immunity - Beguda fermentada amb equin\u00e0cia\",\"isPartOf\":{\"@id\":\"https:\\\/\\\/alter-entorn.com\\\/ca\\\/#website\"},\"primaryImageOfPage\":{\"@id\":\"https:\\\/\\\/alter-entorn.com\\\/ca\\\/producto\\\/bio-live-echinasia\\\/#primaryimage\"},\"image\":{\"@id\":\"https:\\\/\\\/alter-entorn.com\\\/ca\\\/producto\\\/bio-live-echinasia\\\/#primaryimage\"},\"thumbnailUrl\":\"https:\\\/\\\/alter-entorn.com\\\/wp-content\\\/uploads\\\/2017\\\/08\\\/blimmunity1.png\",\"datePublished\":\"2017-08-21T14:52:24+00:00\",\"dateModified\":\"2026-01-08T11:23:00+00:00\",\"description\":\"Beguda fermentada amb equin\u00e0cia i altres herbes que enforeixen el sistema immunitari, incrementant el n\u00famero de c\u00e8l\u00b7lules i globus blancs\",\"breadcrumb\":{\"@id\":\"https:\\\/\\\/alter-entorn.com\\\/ca\\\/producto\\\/bio-live-echinasia\\\/#breadcrumb\"},\"inLanguage\":\"ca\",\"potentialAction\":[{\"@type\":\"ReadAction\",\"target\":[\"https:\\\/\\\/alter-entorn.com\\\/ca\\\/producto\\\/bio-live-echinasia\\\/\"]}]},{\"@type\":\"ImageObject\",\"inLanguage\":\"ca\",\"@id\":\"https:\\\/\\\/alter-entorn.com\\\/ca\\\/producto\\\/bio-live-echinasia\\\/#primaryimage\",\"url\":\"https:\\\/\\\/alter-entorn.com\\\/wp-content\\\/uploads\\\/2017\\\/08\\\/blimmunity1.png\",\"contentUrl\":\"https:\\\/\\\/alter-entorn.com\\\/wp-content\\\/uploads\\\/2017\\\/08\\\/blimmunity1.png\",\"width\":1000,\"height\":1500},{\"@type\":\"BreadcrumbList\",\"@id\":\"https:\\\/\\\/alter-entorn.com\\\/ca\\\/producto\\\/bio-live-echinasia\\\/#breadcrumb\",\"itemListElement\":[{\"@type\":\"ListItem\",\"position\":1,\"name\":\"Portada\",\"item\":\"https:\\\/\\\/alter-entorn.com\\\/ca\\\/\"},{\"@type\":\"ListItem\",\"position\":2,\"name\":\"Botiga\",\"item\":\"https:\\\/\\\/alter-entorn.com\\\/tienda\\\/\"},{\"@type\":\"ListItem\",\"position\":3,\"name\":\"microbz Immunity\"}]},{\"@type\":\"WebSite\",\"@id\":\"https:\\\/\\\/alter-entorn.com\\\/ca\\\/#website\",\"url\":\"https:\\\/\\\/alter-entorn.com\\\/ca\\\/\",\"name\":\"alter-entorn\",\"description\":\"Soluciones Microbiol\u00f3gicas probi\u00f3ticos\",\"publisher\":{\"@id\":\"https:\\\/\\\/alter-entorn.com\\\/ca\\\/#organization\"},\"potentialAction\":[{\"@type\":\"SearchAction\",\"target\":{\"@type\":\"EntryPoint\",\"urlTemplate\":\"https:\\\/\\\/alter-entorn.com\\\/ca\\\/?s={search_term_string}\"},\"query-input\":{\"@type\":\"PropertyValueSpecification\",\"valueRequired\":true,\"valueName\":\"search_term_string\"}}],\"inLanguage\":\"ca\"},{\"@type\":\"Organization\",\"@id\":\"https:\\\/\\\/alter-entorn.com\\\/ca\\\/#organization\",\"name\":\"alter-entorn\",\"url\":\"https:\\\/\\\/alter-entorn.com\\\/ca\\\/\",\"logo\":{\"@type\":\"ImageObject\",\"inLanguage\":\"ca\",\"@id\":\"https:\\\/\\\/alter-entorn.com\\\/ca\\\/#\\\/schema\\\/logo\\\/image\\\/\",\"url\":\"https:\\\/\\\/alter-entorn.com\\\/wp-content\\\/uploads\\\/2018\\\/10\\\/logo_alter_entorn-sin-texto-1.png\",\"contentUrl\":\"https:\\\/\\\/alter-entorn.com\\\/wp-content\\\/uploads\\\/2018\\\/10\\\/logo_alter_entorn-sin-texto-1.png\",\"width\":246,\"height\":68,\"caption\":\"alter-entorn\"},\"image\":{\"@id\":\"https:\\\/\\\/alter-entorn.com\\\/ca\\\/#\\\/schema\\\/logo\\\/image\\\/\"},\"sameAs\":[\"https:\\\/\\\/www.facebook.com\\\/alterentorn\\\/\",\"https:\\\/\\\/x.com\\\/alterentorn\"]}]}<\/script>\n<!-- \/ Yoast SEO plugin. -->","yoast_head_json":{"title":"microbz Immunity - Beguda fermentada amb equin\u00e0cia","description":"Beguda fermentada amb equin\u00e0cia i altres herbes que enforeixen el sistema immunitari, incrementant el n\u00famero de c\u00e8l\u00b7lules i globus blancs","robots":{"index":"index","follow":"follow","max-snippet":"max-snippet:-1","max-image-preview":"max-image-preview:large","max-video-preview":"max-video-preview:-1"},"canonical":"https:\/\/alter-entorn.com\/ca\/producto\/bio-live-echinasia\/","og_locale":"ca_ES","og_type":"article","og_title":"microbz Immunity - Beguda fermentada amb equin\u00e0cia","og_description":"Beguda fermentada amb equin\u00e0cia i altres herbes que enforeixen el sistema immunitari, incrementant el n\u00famero de c\u00e8l\u00b7lules i globus blancs","og_url":"https:\/\/alter-entorn.com\/ca\/producto\/bio-live-echinasia\/","og_site_name":"alter-entorn","article_publisher":"https:\/\/www.facebook.com\/alterentorn\/","article_modified_time":"2026-01-08T11:23:00+00:00","og_image":[{"width":1000,"height":1500,"url":"https:\/\/alter-entorn.com\/wp-content\/uploads\/2017\/08\/blimmunity1.png","type":"image\/png"}],"twitter_card":"summary_large_image","twitter_site":"@alterentorn","twitter_misc":{"Temps estimat de lectura":"1 minut"},"schema":{"@context":"https:\/\/schema.org","@graph":[{"@type":"WebPage","@id":"https:\/\/alter-entorn.com\/ca\/producto\/bio-live-echinasia\/","url":"https:\/\/alter-entorn.com\/ca\/producto\/bio-live-echinasia\/","name":"microbz Immunity - Beguda fermentada amb equin\u00e0cia","isPartOf":{"@id":"https:\/\/alter-entorn.com\/ca\/#website"},"primaryImageOfPage":{"@id":"https:\/\/alter-entorn.com\/ca\/producto\/bio-live-echinasia\/#primaryimage"},"image":{"@id":"https:\/\/alter-entorn.com\/ca\/producto\/bio-live-echinasia\/#primaryimage"},"thumbnailUrl":"https:\/\/alter-entorn.com\/wp-content\/uploads\/2017\/08\/blimmunity1.png","datePublished":"2017-08-21T14:52:24+00:00","dateModified":"2026-01-08T11:23:00+00:00","description":"Beguda fermentada amb equin\u00e0cia i altres herbes que enforeixen el sistema immunitari, incrementant el n\u00famero de c\u00e8l\u00b7lules i globus blancs","breadcrumb":{"@id":"https:\/\/alter-entorn.com\/ca\/producto\/bio-live-echinasia\/#breadcrumb"},"inLanguage":"ca","potentialAction":[{"@type":"ReadAction","target":["https:\/\/alter-entorn.com\/ca\/producto\/bio-live-echinasia\/"]}]},{"@type":"ImageObject","inLanguage":"ca","@id":"https:\/\/alter-entorn.com\/ca\/producto\/bio-live-echinasia\/#primaryimage","url":"https:\/\/alter-entorn.com\/wp-content\/uploads\/2017\/08\/blimmunity1.png","contentUrl":"https:\/\/alter-entorn.com\/wp-content\/uploads\/2017\/08\/blimmunity1.png","width":1000,"height":1500},{"@type":"BreadcrumbList","@id":"https:\/\/alter-entorn.com\/ca\/producto\/bio-live-echinasia\/#breadcrumb","itemListElement":[{"@type":"ListItem","position":1,"name":"Portada","item":"https:\/\/alter-entorn.com\/ca\/"},{"@type":"ListItem","position":2,"name":"Botiga","item":"https:\/\/alter-entorn.com\/tienda\/"},{"@type":"ListItem","position":3,"name":"microbz Immunity"}]},{"@type":"WebSite","@id":"https:\/\/alter-entorn.com\/ca\/#website","url":"https:\/\/alter-entorn.com\/ca\/","name":"alter-entorn","description":"Soluciones Microbiol\u00f3gicas probi\u00f3ticos","publisher":{"@id":"https:\/\/alter-entorn.com\/ca\/#organization"},"potentialAction":[{"@type":"SearchAction","target":{"@type":"EntryPoint","urlTemplate":"https:\/\/alter-entorn.com\/ca\/?s={search_term_string}"},"query-input":{"@type":"PropertyValueSpecification","valueRequired":true,"valueName":"search_term_string"}}],"inLanguage":"ca"},{"@type":"Organization","@id":"https:\/\/alter-entorn.com\/ca\/#organization","name":"alter-entorn","url":"https:\/\/alter-entorn.com\/ca\/","logo":{"@type":"ImageObject","inLanguage":"ca","@id":"https:\/\/alter-entorn.com\/ca\/#\/schema\/logo\/image\/","url":"https:\/\/alter-entorn.com\/wp-content\/uploads\/2018\/10\/logo_alter_entorn-sin-texto-1.png","contentUrl":"https:\/\/alter-entorn.com\/wp-content\/uploads\/2018\/10\/logo_alter_entorn-sin-texto-1.png","width":246,"height":68,"caption":"alter-entorn"},"image":{"@id":"https:\/\/alter-entorn.com\/ca\/#\/schema\/logo\/image\/"},"sameAs":["https:\/\/www.facebook.com\/alterentorn\/","https:\/\/x.com\/alterentorn"]}]}},"_links":{"self":[{"href":"https:\/\/alter-entorn.com\/ca\/wp-json\/wp\/v2\/product\/4039","targetHints":{"allow":["GET"]}}],"collection":[{"href":"https:\/\/alter-entorn.com\/ca\/wp-json\/wp\/v2\/product"}],"about":[{"href":"https:\/\/alter-entorn.com\/ca\/wp-json\/wp\/v2\/types\/product"}],"wp:featuredmedia":[{"embeddable":true,"href":"https:\/\/alter-entorn.com\/ca\/wp-json\/wp\/v2\/media\/10304"}],"wp:attachment":[{"href":"https:\/\/alter-entorn.com\/ca\/wp-json\/wp\/v2\/media?parent=4039"}],"wp:term":[{"taxonomy":"product_brand","embeddable":true,"href":"https:\/\/alter-entorn.com\/ca\/wp-json\/wp\/v2\/product_brand?post=4039"},{"taxonomy":"product_cat","embeddable":true,"href":"https:\/\/alter-entorn.com\/ca\/wp-json\/wp\/v2\/product_cat?post=4039"},{"taxonomy":"product_tag","embeddable":true,"href":"https:\/\/alter-entorn.com\/ca\/wp-json\/wp\/v2\/product_tag?post=4039"}],"curies":[{"name":"wp","href":"https:\/\/api.w.org\/{rel}","templated":true}]}}