{"id":4044,"date":"2017-08-21T16:50:27","date_gmt":"2017-08-21T14:50:27","guid":{"rendered":"http:\/\/alter-entorn.com?product=compost-eco-2m"},"modified":"2025-02-13T02:06:48","modified_gmt":"2025-02-13T00:06:48","slug":"compost-eco-2m","status":"publish","type":"product","link":"https:\/\/alter-entorn.com\/ca\/producto\/compost-eco-2m\/","title":{"rendered":"Compuesto ECO 3M 22L"},"content":{"rendered":"<p><a href=\"https:\/\/alter-entorn.com\/ca\/temps-dhorta\/\">Compost 3M<\/a> eco, mat\u00e8ria org\u00e0nica compostada, microorganismes i minerals. L&#8217;abonat amb un material org\u00e0nic ben compostat, a difer\u00e8ncia de l&#8217;aportaci\u00f3 de residus org\u00e0nics no compostats, com els fems frescos, permet l&#8217;aportaci\u00f3 al s\u00f2l d&#8217;una mat\u00e8ria org\u00e0nica estabilitzada en forma d&#8217;humus, l&#8217;alliberament gradual dels seus nutrients i la utilitzaci\u00f3 d&#8217;un producte lliure de pat\u00f2gens i de llavors d&#8217;herbes advent\u00edcies. \u00a0Una aportaci\u00f3 regular de compost 3M recupera la flora microbiana aut\u00f2ctona i l&#8217;estructura del terra. Aporta nutrients i en facilita l&#8217;absorci\u00f3 per a les plantes augmentant la producci\u00f3 i el creixement dels cultius. Disminueix l&#8217;estr\u00e8s h\u00eddric, elimina qu\u00edmics i fongs pat\u00f2gens residuals. Afavoreix la restauraci\u00f3 dels terres improductius. \u00a0Els seus resultats comencen a percebre&#8217;s a partir del primer any, i es troben en la seva plenitud al tercer.<\/p>\n<p>&nbsp;<\/p>\n","protected":false},"excerpt":{"rendered":"<p>Compost a partir de mat\u00e8ria org\u00e0nica, microorganismes de composici\u00f3 variada i minerals millora l&#8217;estructura del s\u00f2l, aporta i millora l&#8217;absorci\u00f3 de nutrients per a les plantes.<\/p>\n","protected":false},"featured_media":8719,"template":"","meta":{"_joinchat":[]},"product_brand":[],"product_cat":[3212,78],"product_tag":[1332,1333,1335,1347,1398,1410,1413,1416,1474,1516,3195],"class_list":{"0":"post-4044","1":"product","2":"type-product","3":"status-publish","4":"has-post-thumbnail","6":"product_cat-compost-hort-i-jardi","7":"product_cat-jardi","8":"product_tag-fertilizant-ecologic","9":"product_tag-fertilitzant-natural","10":"product_tag-fertilitzant-natural-plantes","11":"product_tag-agricultura-ecologica-ca","12":"product_tag-compost-ecologic","13":"product_tag-compostatge-microbiotic","14":"product_tag-compostatge-natural","15":"product_tag-compost-organic-ca","16":"product_tag-jardineria-ecologica-ca-2","17":"product_tag-productes-ecologics","18":"product_tag-agricultura-regenerativa-ca","20":"first","21":"instock","22":"taxable","23":"shipping-taxable","24":"purchasable","25":"product-type-simple"},"yoast_head":"<!-- This site is optimized with the Yoast SEO plugin v27.4 - https:\/\/yoast.com\/product\/yoast-seo-wordpress\/ -->\n<title>Compuesto ECO 3M 22L - alter-entorn<\/title>\n<meta name=\"description\" content=\"Compost a partir de mat\u00e8ria org\u00e0nica, minerals i microorganismes. Regenera la microbiologia i estructura del s\u00f2l. Millora l&#039;absorci\u00f3 de nutrients.\" \/>\n<meta name=\"robots\" content=\"index, follow, max-snippet:-1, max-image-preview:large, max-video-preview:-1\" \/>\n<link rel=\"canonical\" href=\"https:\/\/alter-entorn.com\/ca\/producto\/compost-eco-2m\/\" \/>\n<meta property=\"og:locale\" content=\"ca_ES\" \/>\n<meta property=\"og:type\" content=\"article\" \/>\n<meta property=\"og:title\" content=\"Compuesto ECO 3M 22L - alter-entorn\" \/>\n<meta property=\"og:description\" content=\"Compost a partir de mat\u00e8ria org\u00e0nica, minerals i microorganismes. Regenera la microbiologia i estructura del s\u00f2l. Millora l&#039;absorci\u00f3 de nutrients.\" \/>\n<meta property=\"og:url\" content=\"https:\/\/alter-entorn.com\/ca\/producto\/compost-eco-2m\/\" \/>\n<meta property=\"og:site_name\" content=\"alter-entorn\" \/>\n<meta property=\"article:publisher\" content=\"https:\/\/www.facebook.com\/alterentorn\/\" \/>\n<meta property=\"article:modified_time\" content=\"2025-02-13T00:06:48+00:00\" \/>\n<meta property=\"og:image\" content=\"https:\/\/alter-entorn.com\/wp-content\/uploads\/2022\/03\/compost3m-1024x768.jpg\" \/>\n\t<meta property=\"og:image:width\" content=\"1024\" \/>\n\t<meta property=\"og:image:height\" content=\"768\" \/>\n\t<meta property=\"og:image:type\" content=\"image\/jpeg\" \/>\n<meta name=\"twitter:card\" content=\"summary_large_image\" \/>\n<meta name=\"twitter:site\" content=\"@alterentorn\" \/>\n<meta name=\"twitter:label1\" content=\"Temps estimat de lectura\" \/>\n\t<meta name=\"twitter:data1\" content=\"1 minut\" \/>\n<script type=\"application\/ld+json\" class=\"yoast-schema-graph\">{\"@context\":\"https:\\\/\\\/schema.org\",\"@graph\":[{\"@type\":\"WebPage\",\"@id\":\"https:\\\/\\\/alter-entorn.com\\\/ca\\\/producto\\\/compost-eco-2m\\\/\",\"url\":\"https:\\\/\\\/alter-entorn.com\\\/ca\\\/producto\\\/compost-eco-2m\\\/\",\"name\":\"Compuesto ECO 3M 22L - alter-entorn\",\"isPartOf\":{\"@id\":\"https:\\\/\\\/alter-entorn.com\\\/ca\\\/#website\"},\"primaryImageOfPage\":{\"@id\":\"https:\\\/\\\/alter-entorn.com\\\/ca\\\/producto\\\/compost-eco-2m\\\/#primaryimage\"},\"image\":{\"@id\":\"https:\\\/\\\/alter-entorn.com\\\/ca\\\/producto\\\/compost-eco-2m\\\/#primaryimage\"},\"thumbnailUrl\":\"https:\\\/\\\/alter-entorn.com\\\/wp-content\\\/uploads\\\/2022\\\/03\\\/compost3m.jpg\",\"datePublished\":\"2017-08-21T14:50:27+00:00\",\"dateModified\":\"2025-02-13T00:06:48+00:00\",\"description\":\"Compost a partir de mat\u00e8ria org\u00e0nica, minerals i microorganismes. Regenera la microbiologia i estructura del s\u00f2l. Millora l'absorci\u00f3 de nutrients.\",\"breadcrumb\":{\"@id\":\"https:\\\/\\\/alter-entorn.com\\\/ca\\\/producto\\\/compost-eco-2m\\\/#breadcrumb\"},\"inLanguage\":\"ca\",\"potentialAction\":[{\"@type\":\"ReadAction\",\"target\":[\"https:\\\/\\\/alter-entorn.com\\\/ca\\\/producto\\\/compost-eco-2m\\\/\"]}]},{\"@type\":\"ImageObject\",\"inLanguage\":\"ca\",\"@id\":\"https:\\\/\\\/alter-entorn.com\\\/ca\\\/producto\\\/compost-eco-2m\\\/#primaryimage\",\"url\":\"https:\\\/\\\/alter-entorn.com\\\/wp-content\\\/uploads\\\/2022\\\/03\\\/compost3m.jpg\",\"contentUrl\":\"https:\\\/\\\/alter-entorn.com\\\/wp-content\\\/uploads\\\/2022\\\/03\\\/compost3m.jpg\",\"width\":2560,\"height\":1920,\"caption\":\"Compost 3M. Un aport de Mat\u00e8ria org\u00e0nica Microorganismes i Minerals.\"},{\"@type\":\"BreadcrumbList\",\"@id\":\"https:\\\/\\\/alter-entorn.com\\\/ca\\\/producto\\\/compost-eco-2m\\\/#breadcrumb\",\"itemListElement\":[{\"@type\":\"ListItem\",\"position\":1,\"name\":\"Portada\",\"item\":\"https:\\\/\\\/alter-entorn.com\\\/ca\\\/\"},{\"@type\":\"ListItem\",\"position\":2,\"name\":\"Botiga\",\"item\":\"https:\\\/\\\/alter-entorn.com\\\/tienda\\\/\"},{\"@type\":\"ListItem\",\"position\":3,\"name\":\"Compuesto ECO 3M 22L\"}]},{\"@type\":\"WebSite\",\"@id\":\"https:\\\/\\\/alter-entorn.com\\\/ca\\\/#website\",\"url\":\"https:\\\/\\\/alter-entorn.com\\\/ca\\\/\",\"name\":\"alter-entorn\",\"description\":\"Soluciones Microbiol\u00f3gicas probi\u00f3ticos\",\"publisher\":{\"@id\":\"https:\\\/\\\/alter-entorn.com\\\/ca\\\/#organization\"},\"potentialAction\":[{\"@type\":\"SearchAction\",\"target\":{\"@type\":\"EntryPoint\",\"urlTemplate\":\"https:\\\/\\\/alter-entorn.com\\\/ca\\\/?s={search_term_string}\"},\"query-input\":{\"@type\":\"PropertyValueSpecification\",\"valueRequired\":true,\"valueName\":\"search_term_string\"}}],\"inLanguage\":\"ca\"},{\"@type\":\"Organization\",\"@id\":\"https:\\\/\\\/alter-entorn.com\\\/ca\\\/#organization\",\"name\":\"alter-entorn\",\"url\":\"https:\\\/\\\/alter-entorn.com\\\/ca\\\/\",\"logo\":{\"@type\":\"ImageObject\",\"inLanguage\":\"ca\",\"@id\":\"https:\\\/\\\/alter-entorn.com\\\/ca\\\/#\\\/schema\\\/logo\\\/image\\\/\",\"url\":\"https:\\\/\\\/alter-entorn.com\\\/wp-content\\\/uploads\\\/2018\\\/10\\\/logo_alter_entorn-sin-texto-1.png\",\"contentUrl\":\"https:\\\/\\\/alter-entorn.com\\\/wp-content\\\/uploads\\\/2018\\\/10\\\/logo_alter_entorn-sin-texto-1.png\",\"width\":246,\"height\":68,\"caption\":\"alter-entorn\"},\"image\":{\"@id\":\"https:\\\/\\\/alter-entorn.com\\\/ca\\\/#\\\/schema\\\/logo\\\/image\\\/\"},\"sameAs\":[\"https:\\\/\\\/www.facebook.com\\\/alterentorn\\\/\",\"https:\\\/\\\/x.com\\\/alterentorn\"]}]}<\/script>\n<!-- \/ Yoast SEO plugin. -->","yoast_head_json":{"title":"Compuesto ECO 3M 22L - alter-entorn","description":"Compost a partir de mat\u00e8ria org\u00e0nica, minerals i microorganismes. Regenera la microbiologia i estructura del s\u00f2l. Millora l'absorci\u00f3 de nutrients.","robots":{"index":"index","follow":"follow","max-snippet":"max-snippet:-1","max-image-preview":"max-image-preview:large","max-video-preview":"max-video-preview:-1"},"canonical":"https:\/\/alter-entorn.com\/ca\/producto\/compost-eco-2m\/","og_locale":"ca_ES","og_type":"article","og_title":"Compuesto ECO 3M 22L - alter-entorn","og_description":"Compost a partir de mat\u00e8ria org\u00e0nica, minerals i microorganismes. Regenera la microbiologia i estructura del s\u00f2l. Millora l'absorci\u00f3 de nutrients.","og_url":"https:\/\/alter-entorn.com\/ca\/producto\/compost-eco-2m\/","og_site_name":"alter-entorn","article_publisher":"https:\/\/www.facebook.com\/alterentorn\/","article_modified_time":"2025-02-13T00:06:48+00:00","og_image":[{"width":1024,"height":768,"url":"https:\/\/alter-entorn.com\/wp-content\/uploads\/2022\/03\/compost3m-1024x768.jpg","type":"image\/jpeg"}],"twitter_card":"summary_large_image","twitter_site":"@alterentorn","twitter_misc":{"Temps estimat de lectura":"1 minut"},"schema":{"@context":"https:\/\/schema.org","@graph":[{"@type":"WebPage","@id":"https:\/\/alter-entorn.com\/ca\/producto\/compost-eco-2m\/","url":"https:\/\/alter-entorn.com\/ca\/producto\/compost-eco-2m\/","name":"Compuesto ECO 3M 22L - alter-entorn","isPartOf":{"@id":"https:\/\/alter-entorn.com\/ca\/#website"},"primaryImageOfPage":{"@id":"https:\/\/alter-entorn.com\/ca\/producto\/compost-eco-2m\/#primaryimage"},"image":{"@id":"https:\/\/alter-entorn.com\/ca\/producto\/compost-eco-2m\/#primaryimage"},"thumbnailUrl":"https:\/\/alter-entorn.com\/wp-content\/uploads\/2022\/03\/compost3m.jpg","datePublished":"2017-08-21T14:50:27+00:00","dateModified":"2025-02-13T00:06:48+00:00","description":"Compost a partir de mat\u00e8ria org\u00e0nica, minerals i microorganismes. Regenera la microbiologia i estructura del s\u00f2l. Millora l'absorci\u00f3 de nutrients.","breadcrumb":{"@id":"https:\/\/alter-entorn.com\/ca\/producto\/compost-eco-2m\/#breadcrumb"},"inLanguage":"ca","potentialAction":[{"@type":"ReadAction","target":["https:\/\/alter-entorn.com\/ca\/producto\/compost-eco-2m\/"]}]},{"@type":"ImageObject","inLanguage":"ca","@id":"https:\/\/alter-entorn.com\/ca\/producto\/compost-eco-2m\/#primaryimage","url":"https:\/\/alter-entorn.com\/wp-content\/uploads\/2022\/03\/compost3m.jpg","contentUrl":"https:\/\/alter-entorn.com\/wp-content\/uploads\/2022\/03\/compost3m.jpg","width":2560,"height":1920,"caption":"Compost 3M. Un aport de Mat\u00e8ria org\u00e0nica Microorganismes i Minerals."},{"@type":"BreadcrumbList","@id":"https:\/\/alter-entorn.com\/ca\/producto\/compost-eco-2m\/#breadcrumb","itemListElement":[{"@type":"ListItem","position":1,"name":"Portada","item":"https:\/\/alter-entorn.com\/ca\/"},{"@type":"ListItem","position":2,"name":"Botiga","item":"https:\/\/alter-entorn.com\/tienda\/"},{"@type":"ListItem","position":3,"name":"Compuesto ECO 3M 22L"}]},{"@type":"WebSite","@id":"https:\/\/alter-entorn.com\/ca\/#website","url":"https:\/\/alter-entorn.com\/ca\/","name":"alter-entorn","description":"Soluciones Microbiol\u00f3gicas probi\u00f3ticos","publisher":{"@id":"https:\/\/alter-entorn.com\/ca\/#organization"},"potentialAction":[{"@type":"SearchAction","target":{"@type":"EntryPoint","urlTemplate":"https:\/\/alter-entorn.com\/ca\/?s={search_term_string}"},"query-input":{"@type":"PropertyValueSpecification","valueRequired":true,"valueName":"search_term_string"}}],"inLanguage":"ca"},{"@type":"Organization","@id":"https:\/\/alter-entorn.com\/ca\/#organization","name":"alter-entorn","url":"https:\/\/alter-entorn.com\/ca\/","logo":{"@type":"ImageObject","inLanguage":"ca","@id":"https:\/\/alter-entorn.com\/ca\/#\/schema\/logo\/image\/","url":"https:\/\/alter-entorn.com\/wp-content\/uploads\/2018\/10\/logo_alter_entorn-sin-texto-1.png","contentUrl":"https:\/\/alter-entorn.com\/wp-content\/uploads\/2018\/10\/logo_alter_entorn-sin-texto-1.png","width":246,"height":68,"caption":"alter-entorn"},"image":{"@id":"https:\/\/alter-entorn.com\/ca\/#\/schema\/logo\/image\/"},"sameAs":["https:\/\/www.facebook.com\/alterentorn\/","https:\/\/x.com\/alterentorn"]}]}},"_links":{"self":[{"href":"https:\/\/alter-entorn.com\/ca\/wp-json\/wp\/v2\/product\/4044","targetHints":{"allow":["GET"]}}],"collection":[{"href":"https:\/\/alter-entorn.com\/ca\/wp-json\/wp\/v2\/product"}],"about":[{"href":"https:\/\/alter-entorn.com\/ca\/wp-json\/wp\/v2\/types\/product"}],"wp:featuredmedia":[{"embeddable":true,"href":"https:\/\/alter-entorn.com\/ca\/wp-json\/wp\/v2\/media\/8719"}],"wp:attachment":[{"href":"https:\/\/alter-entorn.com\/ca\/wp-json\/wp\/v2\/media?parent=4044"}],"wp:term":[{"taxonomy":"product_brand","embeddable":true,"href":"https:\/\/alter-entorn.com\/ca\/wp-json\/wp\/v2\/product_brand?post=4044"},{"taxonomy":"product_cat","embeddable":true,"href":"https:\/\/alter-entorn.com\/ca\/wp-json\/wp\/v2\/product_cat?post=4044"},{"taxonomy":"product_tag","embeddable":true,"href":"https:\/\/alter-entorn.com\/ca\/wp-json\/wp\/v2\/product_tag?post=4044"}],"curies":[{"name":"wp","href":"https:\/\/api.w.org\/{rel}","templated":true}]}}