{"id":4047,"date":"2017-08-21T16:41:00","date_gmt":"2017-08-21T14:41:00","guid":{"rendered":"http:\/\/alter-entorn.com?product=ceramica-em-rosa"},"modified":"2019-11-12T13:30:03","modified_gmt":"2019-11-12T12:30:03","slug":"ceramica-em-rosa","status":"publish","type":"product","link":"https:\/\/alter-entorn.com\/ca\/producto\/ceramica-em-rosa\/","title":{"rendered":"Cer\u00e0mica EM Rosa (750g)"},"content":{"rendered":"<p>S\u2019elabora fermentant durant diversos mesos argila rica en microorganismes, que posteriorment es cou. T\u00e9 un impacte positiu en l\u2019aigua que ingerim, aix\u00ed com en la que fem servir per regar les plantes. T\u00e9 un efecte \u00f2ptim quan es combina amb els netejadors EMC pel manteniment de les canonades.<\/p>\n<p>La Cer\u00e0mica EM Rosa es cou a baixa temperatura (800-900\u00ba) i t\u00e9 una vida \u00fatil d\u2019entre 8 i 10 mesos. Absorbeix les subst\u00e0ncies nocives de l\u2019aigua com el clor, \u00e9s efica\u00e7 per sanejar aig\u00fces contaminades i \u00e9s apte per el compost despr\u00e9s de l\u2019\u00fas.<\/p>\n<p>Es recomana utilitzar 15 unitats per cada litre d&#8217;aigua a tractar.<\/p>\n","protected":false},"excerpt":{"rendered":"<p>Millora la qualitat de l\u2019aigua, disminuint la cal\u00e7 i la tensi\u00f3 superficial, augmentant la suavitat i la frescor. S\u00f3n adequades per l\u2019aigua de consum, de reg, manteniment d\u2019estanys, piscines i canonades.<\/p>\n<p><a href=\"https:\/\/alter-entorn.com\/ca\/aplicacions-de-les-ceramiques-alter-entorn\/\">Veure totes les aplicacions<\/a><\/p>\n","protected":false},"featured_media":3862,"template":"","meta":{"_joinchat":[]},"product_brand":[],"product_cat":[3212,82,80,78],"product_tag":[511,512,513,514,515,516,517,518,519,520],"class_list":{"0":"post-4047","1":"product","2":"type-product","3":"status-publish","4":"has-post-thumbnail","6":"product_cat-compost-hort-i-jardi","7":"product_cat-salut-i-benestar","8":"product_cat-mascotes","9":"product_cat-jardi","10":"product_tag-sanejar-aigua","11":"product_tag-disminuir-clor","12":"product_tag-millora-qualitat-aigua","13":"product_tag-treure-calc","14":"product_tag-descalcificador-natural-ca","15":"product_tag-ceramica-microbiotica-ca","16":"product_tag-consumir-aigua-natural","17":"product_tag-consum-aigua-natural","18":"product_tag-anticalc-cafeteres","19":"product_tag-netejar-aigua-estancada","21":"first","22":"instock","23":"taxable","24":"shipping-taxable","25":"purchasable","26":"product-type-simple"},"yoast_head":"<!-- This site is optimized with the Yoast SEO plugin v27.4 - https:\/\/yoast.com\/product\/yoast-seo-wordpress\/ -->\n<title>Cer\u00e0mica EM Rosa per millorar la qualitat de l&#039;aigua<\/title>\n<meta name=\"description\" content=\"Cer\u00e0mica amb microorganismes que absorbeixen les subst\u00e0ncies nocives que hi ha a l&#039;aigua, millorant la seva qualitat i disminuint la cal\u00e7\" \/>\n<meta name=\"robots\" content=\"index, follow, max-snippet:-1, max-image-preview:large, max-video-preview:-1\" \/>\n<link rel=\"canonical\" href=\"https:\/\/alter-entorn.com\/ca\/producto\/ceramica-em-rosa\/\" \/>\n<meta property=\"og:locale\" content=\"ca_ES\" \/>\n<meta property=\"og:type\" content=\"article\" \/>\n<meta property=\"og:title\" content=\"Cer\u00e0mica EM Rosa per millorar la qualitat de l&#039;aigua\" \/>\n<meta property=\"og:description\" content=\"Cer\u00e0mica amb microorganismes que absorbeixen les subst\u00e0ncies nocives que hi ha a l&#039;aigua, millorant la seva qualitat i disminuint la cal\u00e7\" \/>\n<meta property=\"og:url\" content=\"https:\/\/alter-entorn.com\/ca\/producto\/ceramica-em-rosa\/\" \/>\n<meta property=\"og:site_name\" content=\"alter-entorn\" \/>\n<meta property=\"article:publisher\" content=\"https:\/\/www.facebook.com\/alterentorn\/\" \/>\n<meta property=\"article:modified_time\" content=\"2019-11-12T12:30:03+00:00\" \/>\n<meta property=\"og:image\" content=\"https:\/\/alter-entorn.com\/wp-content\/uploads\/2017\/08\/ceramica-rosa-3.png\" \/>\n\t<meta property=\"og:image:width\" content=\"432\" \/>\n\t<meta property=\"og:image:height\" content=\"536\" \/>\n\t<meta property=\"og:image:type\" content=\"image\/png\" \/>\n<meta name=\"twitter:card\" content=\"summary_large_image\" \/>\n<meta name=\"twitter:site\" content=\"@alterentorn\" \/>\n<meta name=\"twitter:label1\" content=\"Temps estimat de lectura\" \/>\n\t<meta name=\"twitter:data1\" content=\"1 minut\" \/>\n<script type=\"application\/ld+json\" class=\"yoast-schema-graph\">{\"@context\":\"https:\\\/\\\/schema.org\",\"@graph\":[{\"@type\":\"WebPage\",\"@id\":\"https:\\\/\\\/alter-entorn.com\\\/ca\\\/producto\\\/ceramica-em-rosa\\\/\",\"url\":\"https:\\\/\\\/alter-entorn.com\\\/ca\\\/producto\\\/ceramica-em-rosa\\\/\",\"name\":\"Cer\u00e0mica EM Rosa per millorar la qualitat de l'aigua\",\"isPartOf\":{\"@id\":\"https:\\\/\\\/alter-entorn.com\\\/ca\\\/#website\"},\"primaryImageOfPage\":{\"@id\":\"https:\\\/\\\/alter-entorn.com\\\/ca\\\/producto\\\/ceramica-em-rosa\\\/#primaryimage\"},\"image\":{\"@id\":\"https:\\\/\\\/alter-entorn.com\\\/ca\\\/producto\\\/ceramica-em-rosa\\\/#primaryimage\"},\"thumbnailUrl\":\"https:\\\/\\\/alter-entorn.com\\\/wp-content\\\/uploads\\\/2017\\\/08\\\/ceramica-rosa-3.png\",\"datePublished\":\"2017-08-21T14:41:00+00:00\",\"dateModified\":\"2019-11-12T12:30:03+00:00\",\"description\":\"Cer\u00e0mica amb microorganismes que absorbeixen les subst\u00e0ncies nocives que hi ha a l'aigua, millorant la seva qualitat i disminuint la cal\u00e7\",\"breadcrumb\":{\"@id\":\"https:\\\/\\\/alter-entorn.com\\\/ca\\\/producto\\\/ceramica-em-rosa\\\/#breadcrumb\"},\"inLanguage\":\"ca\",\"potentialAction\":[{\"@type\":\"ReadAction\",\"target\":[\"https:\\\/\\\/alter-entorn.com\\\/ca\\\/producto\\\/ceramica-em-rosa\\\/\"]}]},{\"@type\":\"ImageObject\",\"inLanguage\":\"ca\",\"@id\":\"https:\\\/\\\/alter-entorn.com\\\/ca\\\/producto\\\/ceramica-em-rosa\\\/#primaryimage\",\"url\":\"https:\\\/\\\/alter-entorn.com\\\/wp-content\\\/uploads\\\/2017\\\/08\\\/ceramica-rosa-3.png\",\"contentUrl\":\"https:\\\/\\\/alter-entorn.com\\\/wp-content\\\/uploads\\\/2017\\\/08\\\/ceramica-rosa-3.png\",\"width\":432,\"height\":536},{\"@type\":\"BreadcrumbList\",\"@id\":\"https:\\\/\\\/alter-entorn.com\\\/ca\\\/producto\\\/ceramica-em-rosa\\\/#breadcrumb\",\"itemListElement\":[{\"@type\":\"ListItem\",\"position\":1,\"name\":\"Portada\",\"item\":\"https:\\\/\\\/alter-entorn.com\\\/ca\\\/\"},{\"@type\":\"ListItem\",\"position\":2,\"name\":\"Botiga\",\"item\":\"https:\\\/\\\/alter-entorn.com\\\/tienda\\\/\"},{\"@type\":\"ListItem\",\"position\":3,\"name\":\"Cer\u00e0mica EM Rosa (750g)\"}]},{\"@type\":\"WebSite\",\"@id\":\"https:\\\/\\\/alter-entorn.com\\\/ca\\\/#website\",\"url\":\"https:\\\/\\\/alter-entorn.com\\\/ca\\\/\",\"name\":\"alter-entorn\",\"description\":\"Soluciones Microbiol\u00f3gicas probi\u00f3ticos\",\"publisher\":{\"@id\":\"https:\\\/\\\/alter-entorn.com\\\/ca\\\/#organization\"},\"potentialAction\":[{\"@type\":\"SearchAction\",\"target\":{\"@type\":\"EntryPoint\",\"urlTemplate\":\"https:\\\/\\\/alter-entorn.com\\\/ca\\\/?s={search_term_string}\"},\"query-input\":{\"@type\":\"PropertyValueSpecification\",\"valueRequired\":true,\"valueName\":\"search_term_string\"}}],\"inLanguage\":\"ca\"},{\"@type\":\"Organization\",\"@id\":\"https:\\\/\\\/alter-entorn.com\\\/ca\\\/#organization\",\"name\":\"alter-entorn\",\"url\":\"https:\\\/\\\/alter-entorn.com\\\/ca\\\/\",\"logo\":{\"@type\":\"ImageObject\",\"inLanguage\":\"ca\",\"@id\":\"https:\\\/\\\/alter-entorn.com\\\/ca\\\/#\\\/schema\\\/logo\\\/image\\\/\",\"url\":\"https:\\\/\\\/alter-entorn.com\\\/wp-content\\\/uploads\\\/2018\\\/10\\\/logo_alter_entorn-sin-texto-1.png\",\"contentUrl\":\"https:\\\/\\\/alter-entorn.com\\\/wp-content\\\/uploads\\\/2018\\\/10\\\/logo_alter_entorn-sin-texto-1.png\",\"width\":246,\"height\":68,\"caption\":\"alter-entorn\"},\"image\":{\"@id\":\"https:\\\/\\\/alter-entorn.com\\\/ca\\\/#\\\/schema\\\/logo\\\/image\\\/\"},\"sameAs\":[\"https:\\\/\\\/www.facebook.com\\\/alterentorn\\\/\",\"https:\\\/\\\/x.com\\\/alterentorn\"]}]}<\/script>\n<!-- \/ Yoast SEO plugin. -->","yoast_head_json":{"title":"Cer\u00e0mica EM Rosa per millorar la qualitat de l'aigua","description":"Cer\u00e0mica amb microorganismes que absorbeixen les subst\u00e0ncies nocives que hi ha a l'aigua, millorant la seva qualitat i disminuint la cal\u00e7","robots":{"index":"index","follow":"follow","max-snippet":"max-snippet:-1","max-image-preview":"max-image-preview:large","max-video-preview":"max-video-preview:-1"},"canonical":"https:\/\/alter-entorn.com\/ca\/producto\/ceramica-em-rosa\/","og_locale":"ca_ES","og_type":"article","og_title":"Cer\u00e0mica EM Rosa per millorar la qualitat de l'aigua","og_description":"Cer\u00e0mica amb microorganismes que absorbeixen les subst\u00e0ncies nocives que hi ha a l'aigua, millorant la seva qualitat i disminuint la cal\u00e7","og_url":"https:\/\/alter-entorn.com\/ca\/producto\/ceramica-em-rosa\/","og_site_name":"alter-entorn","article_publisher":"https:\/\/www.facebook.com\/alterentorn\/","article_modified_time":"2019-11-12T12:30:03+00:00","og_image":[{"width":432,"height":536,"url":"https:\/\/alter-entorn.com\/wp-content\/uploads\/2017\/08\/ceramica-rosa-3.png","type":"image\/png"}],"twitter_card":"summary_large_image","twitter_site":"@alterentorn","twitter_misc":{"Temps estimat de lectura":"1 minut"},"schema":{"@context":"https:\/\/schema.org","@graph":[{"@type":"WebPage","@id":"https:\/\/alter-entorn.com\/ca\/producto\/ceramica-em-rosa\/","url":"https:\/\/alter-entorn.com\/ca\/producto\/ceramica-em-rosa\/","name":"Cer\u00e0mica EM Rosa per millorar la qualitat de l'aigua","isPartOf":{"@id":"https:\/\/alter-entorn.com\/ca\/#website"},"primaryImageOfPage":{"@id":"https:\/\/alter-entorn.com\/ca\/producto\/ceramica-em-rosa\/#primaryimage"},"image":{"@id":"https:\/\/alter-entorn.com\/ca\/producto\/ceramica-em-rosa\/#primaryimage"},"thumbnailUrl":"https:\/\/alter-entorn.com\/wp-content\/uploads\/2017\/08\/ceramica-rosa-3.png","datePublished":"2017-08-21T14:41:00+00:00","dateModified":"2019-11-12T12:30:03+00:00","description":"Cer\u00e0mica amb microorganismes que absorbeixen les subst\u00e0ncies nocives que hi ha a l'aigua, millorant la seva qualitat i disminuint la cal\u00e7","breadcrumb":{"@id":"https:\/\/alter-entorn.com\/ca\/producto\/ceramica-em-rosa\/#breadcrumb"},"inLanguage":"ca","potentialAction":[{"@type":"ReadAction","target":["https:\/\/alter-entorn.com\/ca\/producto\/ceramica-em-rosa\/"]}]},{"@type":"ImageObject","inLanguage":"ca","@id":"https:\/\/alter-entorn.com\/ca\/producto\/ceramica-em-rosa\/#primaryimage","url":"https:\/\/alter-entorn.com\/wp-content\/uploads\/2017\/08\/ceramica-rosa-3.png","contentUrl":"https:\/\/alter-entorn.com\/wp-content\/uploads\/2017\/08\/ceramica-rosa-3.png","width":432,"height":536},{"@type":"BreadcrumbList","@id":"https:\/\/alter-entorn.com\/ca\/producto\/ceramica-em-rosa\/#breadcrumb","itemListElement":[{"@type":"ListItem","position":1,"name":"Portada","item":"https:\/\/alter-entorn.com\/ca\/"},{"@type":"ListItem","position":2,"name":"Botiga","item":"https:\/\/alter-entorn.com\/tienda\/"},{"@type":"ListItem","position":3,"name":"Cer\u00e0mica EM Rosa (750g)"}]},{"@type":"WebSite","@id":"https:\/\/alter-entorn.com\/ca\/#website","url":"https:\/\/alter-entorn.com\/ca\/","name":"alter-entorn","description":"Soluciones Microbiol\u00f3gicas probi\u00f3ticos","publisher":{"@id":"https:\/\/alter-entorn.com\/ca\/#organization"},"potentialAction":[{"@type":"SearchAction","target":{"@type":"EntryPoint","urlTemplate":"https:\/\/alter-entorn.com\/ca\/?s={search_term_string}"},"query-input":{"@type":"PropertyValueSpecification","valueRequired":true,"valueName":"search_term_string"}}],"inLanguage":"ca"},{"@type":"Organization","@id":"https:\/\/alter-entorn.com\/ca\/#organization","name":"alter-entorn","url":"https:\/\/alter-entorn.com\/ca\/","logo":{"@type":"ImageObject","inLanguage":"ca","@id":"https:\/\/alter-entorn.com\/ca\/#\/schema\/logo\/image\/","url":"https:\/\/alter-entorn.com\/wp-content\/uploads\/2018\/10\/logo_alter_entorn-sin-texto-1.png","contentUrl":"https:\/\/alter-entorn.com\/wp-content\/uploads\/2018\/10\/logo_alter_entorn-sin-texto-1.png","width":246,"height":68,"caption":"alter-entorn"},"image":{"@id":"https:\/\/alter-entorn.com\/ca\/#\/schema\/logo\/image\/"},"sameAs":["https:\/\/www.facebook.com\/alterentorn\/","https:\/\/x.com\/alterentorn"]}]}},"_links":{"self":[{"href":"https:\/\/alter-entorn.com\/ca\/wp-json\/wp\/v2\/product\/4047","targetHints":{"allow":["GET"]}}],"collection":[{"href":"https:\/\/alter-entorn.com\/ca\/wp-json\/wp\/v2\/product"}],"about":[{"href":"https:\/\/alter-entorn.com\/ca\/wp-json\/wp\/v2\/types\/product"}],"wp:featuredmedia":[{"embeddable":true,"href":"https:\/\/alter-entorn.com\/ca\/wp-json\/wp\/v2\/media\/3862"}],"wp:attachment":[{"href":"https:\/\/alter-entorn.com\/ca\/wp-json\/wp\/v2\/media?parent=4047"}],"wp:term":[{"taxonomy":"product_brand","embeddable":true,"href":"https:\/\/alter-entorn.com\/ca\/wp-json\/wp\/v2\/product_brand?post=4047"},{"taxonomy":"product_cat","embeddable":true,"href":"https:\/\/alter-entorn.com\/ca\/wp-json\/wp\/v2\/product_cat?post=4047"},{"taxonomy":"product_tag","embeddable":true,"href":"https:\/\/alter-entorn.com\/ca\/wp-json\/wp\/v2\/product_tag?post=4047"}],"curies":[{"name":"wp","href":"https:\/\/api.w.org\/{rel}","templated":true}]}}