{"id":4048,"date":"2017-08-21T16:35:35","date_gmt":"2017-08-21T14:35:35","guid":{"rendered":"http:\/\/alter-entorn.com?product=ceramica-em-gris"},"modified":"2019-11-12T13:35:11","modified_gmt":"2019-11-12T12:35:11","slug":"ceramica-em-gris","status":"publish","type":"product","link":"https:\/\/alter-entorn.com\/ca\/producto\/ceramica-em-gris\/","title":{"rendered":"Cer\u00e0mica EM Gris (500g)"},"content":{"rendered":"<p>S\u2019elabora \u00a0fermentant durant diversos mesos argila rica en microorganismes, que posteriorment es cou. T\u00e9 un impacte positiu en l\u2019aigua que ingerim, aix\u00ed com en la que fem servir per regar les plantes. T\u00e9 un efecte \u00f2ptim quan es combina amb els netejadors EMC pel manteniment de les canonades.<\/p>\n<p>La Cer\u00e0mica EM Gris activa les subst\u00e0ncies de l\u2019aigua que es perden quan aquesta est\u00e0 estancada durant un per\u00edode de temps, com pot ser dins d\u2019una jerra o botella, o en una piscina o bassa. \u00c9s apte per el compost despr\u00e9s de l\u2019\u00fas.<\/p>\n<p>&nbsp;<\/p>\n","protected":false},"excerpt":{"rendered":"<p>Millora la qualitat de l\u2019aigua, disminuint la cal\u00e7 i la tensi\u00f3 superficial, augmentant la suavitat i la frescor. S\u00f3n adequades per l\u2019aigua de consum, de reg, manteniment d\u2019estanys, piscines i canonades.<\/p>\n<p><a href=\"https:\/\/alter-entorn.com\/ca\/aplicacions-de-les-ceramiques-alter-entorn\/\">Veure totes les aplicacions<\/a><\/p>\n","protected":false},"featured_media":3870,"template":"","meta":{"_joinchat":[]},"product_brand":[],"product_cat":[3212,82,80,78],"product_tag":[1447,1526,1492,1491,1490,1489,1451,1446,1417,1385,1353],"class_list":{"0":"post-4048","1":"product","2":"type-product","3":"status-publish","4":"has-post-thumbnail","6":"product_cat-compost-hort-i-jardi","7":"product_cat-salut-i-benestar","8":"product_cat-mascotes","9":"product_cat-jardi","10":"product_tag-depurar-aigua","11":"product_tag-productes-naturals-piscines","12":"product_tag-manteniment-estanys","13":"product_tag-manteniment-basses","14":"product_tag-manteniment-aigua","15":"product_tag-manteniment-aigua-piscines","16":"product_tag-disminuir-clor-de-forma-natural","17":"product_tag-depuracio-aigues","18":"product_tag-conservar-aigua-piscines","19":"product_tag-qualitat-aigua-estancada","20":"product_tag-aigua-sana","22":"first","23":"instock","24":"taxable","25":"shipping-taxable","26":"purchasable","27":"product-type-simple"},"yoast_head":"<!-- This site is optimized with the Yoast SEO plugin v27.4 - https:\/\/yoast.com\/product\/yoast-seo-wordpress\/ -->\n<title>Cer\u00e0mica EM Gris per millorar la qualitat de l&#039;aigua<\/title>\n<meta name=\"description\" content=\"Millora la qualitat de l&#039;aigua estancada, disminuint la cal\u00e7 i la tensi\u00f3 superficial. Adequada per l&#039;aigua de consum, de reg, manteniment de piscines...\" \/>\n<meta name=\"robots\" content=\"index, follow, max-snippet:-1, max-image-preview:large, max-video-preview:-1\" \/>\n<link rel=\"canonical\" href=\"https:\/\/alter-entorn.com\/ca\/producto\/ceramica-em-gris\/\" \/>\n<meta property=\"og:locale\" content=\"ca_ES\" \/>\n<meta property=\"og:type\" content=\"article\" \/>\n<meta property=\"og:title\" content=\"Cer\u00e0mica EM Gris per millorar la qualitat de l&#039;aigua\" \/>\n<meta property=\"og:description\" content=\"Millora la qualitat de l&#039;aigua estancada, disminuint la cal\u00e7 i la tensi\u00f3 superficial. Adequada per l&#039;aigua de consum, de reg, manteniment de piscines...\" \/>\n<meta property=\"og:url\" content=\"https:\/\/alter-entorn.com\/ca\/producto\/ceramica-em-gris\/\" \/>\n<meta property=\"og:site_name\" content=\"alter-entorn\" \/>\n<meta property=\"article:publisher\" content=\"https:\/\/www.facebook.com\/alterentorn\/\" \/>\n<meta property=\"article:modified_time\" content=\"2019-11-12T12:35:11+00:00\" \/>\n<meta property=\"og:image\" content=\"https:\/\/alter-entorn.com\/wp-content\/uploads\/2017\/08\/ceramica-gris-1.png\" \/>\n\t<meta property=\"og:image:width\" content=\"432\" \/>\n\t<meta property=\"og:image:height\" content=\"536\" \/>\n\t<meta property=\"og:image:type\" content=\"image\/png\" \/>\n<meta name=\"twitter:card\" content=\"summary_large_image\" \/>\n<meta name=\"twitter:site\" content=\"@alterentorn\" \/>\n<meta name=\"twitter:label1\" content=\"Temps estimat de lectura\" \/>\n\t<meta name=\"twitter:data1\" content=\"1 minut\" \/>\n<script type=\"application\/ld+json\" class=\"yoast-schema-graph\">{\"@context\":\"https:\\\/\\\/schema.org\",\"@graph\":[{\"@type\":\"WebPage\",\"@id\":\"https:\\\/\\\/alter-entorn.com\\\/ca\\\/producto\\\/ceramica-em-gris\\\/\",\"url\":\"https:\\\/\\\/alter-entorn.com\\\/ca\\\/producto\\\/ceramica-em-gris\\\/\",\"name\":\"Cer\u00e0mica EM Gris per millorar la qualitat de l'aigua\",\"isPartOf\":{\"@id\":\"https:\\\/\\\/alter-entorn.com\\\/ca\\\/#website\"},\"primaryImageOfPage\":{\"@id\":\"https:\\\/\\\/alter-entorn.com\\\/ca\\\/producto\\\/ceramica-em-gris\\\/#primaryimage\"},\"image\":{\"@id\":\"https:\\\/\\\/alter-entorn.com\\\/ca\\\/producto\\\/ceramica-em-gris\\\/#primaryimage\"},\"thumbnailUrl\":\"https:\\\/\\\/alter-entorn.com\\\/wp-content\\\/uploads\\\/2017\\\/08\\\/ceramica-gris-1.png\",\"datePublished\":\"2017-08-21T14:35:35+00:00\",\"dateModified\":\"2019-11-12T12:35:11+00:00\",\"description\":\"Millora la qualitat de l'aigua estancada, disminuint la cal\u00e7 i la tensi\u00f3 superficial. Adequada per l'aigua de consum, de reg, manteniment de piscines...\",\"breadcrumb\":{\"@id\":\"https:\\\/\\\/alter-entorn.com\\\/ca\\\/producto\\\/ceramica-em-gris\\\/#breadcrumb\"},\"inLanguage\":\"ca\",\"potentialAction\":[{\"@type\":\"ReadAction\",\"target\":[\"https:\\\/\\\/alter-entorn.com\\\/ca\\\/producto\\\/ceramica-em-gris\\\/\"]}]},{\"@type\":\"ImageObject\",\"inLanguage\":\"ca\",\"@id\":\"https:\\\/\\\/alter-entorn.com\\\/ca\\\/producto\\\/ceramica-em-gris\\\/#primaryimage\",\"url\":\"https:\\\/\\\/alter-entorn.com\\\/wp-content\\\/uploads\\\/2017\\\/08\\\/ceramica-gris-1.png\",\"contentUrl\":\"https:\\\/\\\/alter-entorn.com\\\/wp-content\\\/uploads\\\/2017\\\/08\\\/ceramica-gris-1.png\",\"width\":432,\"height\":536},{\"@type\":\"BreadcrumbList\",\"@id\":\"https:\\\/\\\/alter-entorn.com\\\/ca\\\/producto\\\/ceramica-em-gris\\\/#breadcrumb\",\"itemListElement\":[{\"@type\":\"ListItem\",\"position\":1,\"name\":\"Portada\",\"item\":\"https:\\\/\\\/alter-entorn.com\\\/ca\\\/\"},{\"@type\":\"ListItem\",\"position\":2,\"name\":\"Botiga\",\"item\":\"https:\\\/\\\/alter-entorn.com\\\/tienda\\\/\"},{\"@type\":\"ListItem\",\"position\":3,\"name\":\"Cer\u00e0mica EM Gris (500g)\"}]},{\"@type\":\"WebSite\",\"@id\":\"https:\\\/\\\/alter-entorn.com\\\/ca\\\/#website\",\"url\":\"https:\\\/\\\/alter-entorn.com\\\/ca\\\/\",\"name\":\"alter-entorn\",\"description\":\"Soluciones Microbiol\u00f3gicas probi\u00f3ticos\",\"publisher\":{\"@id\":\"https:\\\/\\\/alter-entorn.com\\\/ca\\\/#organization\"},\"potentialAction\":[{\"@type\":\"SearchAction\",\"target\":{\"@type\":\"EntryPoint\",\"urlTemplate\":\"https:\\\/\\\/alter-entorn.com\\\/ca\\\/?s={search_term_string}\"},\"query-input\":{\"@type\":\"PropertyValueSpecification\",\"valueRequired\":true,\"valueName\":\"search_term_string\"}}],\"inLanguage\":\"ca\"},{\"@type\":\"Organization\",\"@id\":\"https:\\\/\\\/alter-entorn.com\\\/ca\\\/#organization\",\"name\":\"alter-entorn\",\"url\":\"https:\\\/\\\/alter-entorn.com\\\/ca\\\/\",\"logo\":{\"@type\":\"ImageObject\",\"inLanguage\":\"ca\",\"@id\":\"https:\\\/\\\/alter-entorn.com\\\/ca\\\/#\\\/schema\\\/logo\\\/image\\\/\",\"url\":\"https:\\\/\\\/alter-entorn.com\\\/wp-content\\\/uploads\\\/2018\\\/10\\\/logo_alter_entorn-sin-texto-1.png\",\"contentUrl\":\"https:\\\/\\\/alter-entorn.com\\\/wp-content\\\/uploads\\\/2018\\\/10\\\/logo_alter_entorn-sin-texto-1.png\",\"width\":246,\"height\":68,\"caption\":\"alter-entorn\"},\"image\":{\"@id\":\"https:\\\/\\\/alter-entorn.com\\\/ca\\\/#\\\/schema\\\/logo\\\/image\\\/\"},\"sameAs\":[\"https:\\\/\\\/www.facebook.com\\\/alterentorn\\\/\",\"https:\\\/\\\/x.com\\\/alterentorn\"]}]}<\/script>\n<!-- \/ Yoast SEO plugin. -->","yoast_head_json":{"title":"Cer\u00e0mica EM Gris per millorar la qualitat de l'aigua","description":"Millora la qualitat de l'aigua estancada, disminuint la cal\u00e7 i la tensi\u00f3 superficial. Adequada per l'aigua de consum, de reg, manteniment de piscines...","robots":{"index":"index","follow":"follow","max-snippet":"max-snippet:-1","max-image-preview":"max-image-preview:large","max-video-preview":"max-video-preview:-1"},"canonical":"https:\/\/alter-entorn.com\/ca\/producto\/ceramica-em-gris\/","og_locale":"ca_ES","og_type":"article","og_title":"Cer\u00e0mica EM Gris per millorar la qualitat de l'aigua","og_description":"Millora la qualitat de l'aigua estancada, disminuint la cal\u00e7 i la tensi\u00f3 superficial. Adequada per l'aigua de consum, de reg, manteniment de piscines...","og_url":"https:\/\/alter-entorn.com\/ca\/producto\/ceramica-em-gris\/","og_site_name":"alter-entorn","article_publisher":"https:\/\/www.facebook.com\/alterentorn\/","article_modified_time":"2019-11-12T12:35:11+00:00","og_image":[{"width":432,"height":536,"url":"https:\/\/alter-entorn.com\/wp-content\/uploads\/2017\/08\/ceramica-gris-1.png","type":"image\/png"}],"twitter_card":"summary_large_image","twitter_site":"@alterentorn","twitter_misc":{"Temps estimat de lectura":"1 minut"},"schema":{"@context":"https:\/\/schema.org","@graph":[{"@type":"WebPage","@id":"https:\/\/alter-entorn.com\/ca\/producto\/ceramica-em-gris\/","url":"https:\/\/alter-entorn.com\/ca\/producto\/ceramica-em-gris\/","name":"Cer\u00e0mica EM Gris per millorar la qualitat de l'aigua","isPartOf":{"@id":"https:\/\/alter-entorn.com\/ca\/#website"},"primaryImageOfPage":{"@id":"https:\/\/alter-entorn.com\/ca\/producto\/ceramica-em-gris\/#primaryimage"},"image":{"@id":"https:\/\/alter-entorn.com\/ca\/producto\/ceramica-em-gris\/#primaryimage"},"thumbnailUrl":"https:\/\/alter-entorn.com\/wp-content\/uploads\/2017\/08\/ceramica-gris-1.png","datePublished":"2017-08-21T14:35:35+00:00","dateModified":"2019-11-12T12:35:11+00:00","description":"Millora la qualitat de l'aigua estancada, disminuint la cal\u00e7 i la tensi\u00f3 superficial. Adequada per l'aigua de consum, de reg, manteniment de piscines...","breadcrumb":{"@id":"https:\/\/alter-entorn.com\/ca\/producto\/ceramica-em-gris\/#breadcrumb"},"inLanguage":"ca","potentialAction":[{"@type":"ReadAction","target":["https:\/\/alter-entorn.com\/ca\/producto\/ceramica-em-gris\/"]}]},{"@type":"ImageObject","inLanguage":"ca","@id":"https:\/\/alter-entorn.com\/ca\/producto\/ceramica-em-gris\/#primaryimage","url":"https:\/\/alter-entorn.com\/wp-content\/uploads\/2017\/08\/ceramica-gris-1.png","contentUrl":"https:\/\/alter-entorn.com\/wp-content\/uploads\/2017\/08\/ceramica-gris-1.png","width":432,"height":536},{"@type":"BreadcrumbList","@id":"https:\/\/alter-entorn.com\/ca\/producto\/ceramica-em-gris\/#breadcrumb","itemListElement":[{"@type":"ListItem","position":1,"name":"Portada","item":"https:\/\/alter-entorn.com\/ca\/"},{"@type":"ListItem","position":2,"name":"Botiga","item":"https:\/\/alter-entorn.com\/tienda\/"},{"@type":"ListItem","position":3,"name":"Cer\u00e0mica EM Gris (500g)"}]},{"@type":"WebSite","@id":"https:\/\/alter-entorn.com\/ca\/#website","url":"https:\/\/alter-entorn.com\/ca\/","name":"alter-entorn","description":"Soluciones Microbiol\u00f3gicas probi\u00f3ticos","publisher":{"@id":"https:\/\/alter-entorn.com\/ca\/#organization"},"potentialAction":[{"@type":"SearchAction","target":{"@type":"EntryPoint","urlTemplate":"https:\/\/alter-entorn.com\/ca\/?s={search_term_string}"},"query-input":{"@type":"PropertyValueSpecification","valueRequired":true,"valueName":"search_term_string"}}],"inLanguage":"ca"},{"@type":"Organization","@id":"https:\/\/alter-entorn.com\/ca\/#organization","name":"alter-entorn","url":"https:\/\/alter-entorn.com\/ca\/","logo":{"@type":"ImageObject","inLanguage":"ca","@id":"https:\/\/alter-entorn.com\/ca\/#\/schema\/logo\/image\/","url":"https:\/\/alter-entorn.com\/wp-content\/uploads\/2018\/10\/logo_alter_entorn-sin-texto-1.png","contentUrl":"https:\/\/alter-entorn.com\/wp-content\/uploads\/2018\/10\/logo_alter_entorn-sin-texto-1.png","width":246,"height":68,"caption":"alter-entorn"},"image":{"@id":"https:\/\/alter-entorn.com\/ca\/#\/schema\/logo\/image\/"},"sameAs":["https:\/\/www.facebook.com\/alterentorn\/","https:\/\/x.com\/alterentorn"]}]}},"_links":{"self":[{"href":"https:\/\/alter-entorn.com\/ca\/wp-json\/wp\/v2\/product\/4048","targetHints":{"allow":["GET"]}}],"collection":[{"href":"https:\/\/alter-entorn.com\/ca\/wp-json\/wp\/v2\/product"}],"about":[{"href":"https:\/\/alter-entorn.com\/ca\/wp-json\/wp\/v2\/types\/product"}],"wp:featuredmedia":[{"embeddable":true,"href":"https:\/\/alter-entorn.com\/ca\/wp-json\/wp\/v2\/media\/3870"}],"wp:attachment":[{"href":"https:\/\/alter-entorn.com\/ca\/wp-json\/wp\/v2\/media?parent=4048"}],"wp:term":[{"taxonomy":"product_brand","embeddable":true,"href":"https:\/\/alter-entorn.com\/ca\/wp-json\/wp\/v2\/product_brand?post=4048"},{"taxonomy":"product_cat","embeddable":true,"href":"https:\/\/alter-entorn.com\/ca\/wp-json\/wp\/v2\/product_cat?post=4048"},{"taxonomy":"product_tag","embeddable":true,"href":"https:\/\/alter-entorn.com\/ca\/wp-json\/wp\/v2\/product_tag?post=4048"}],"curies":[{"name":"wp","href":"https:\/\/api.w.org\/{rel}","templated":true}]}}