{"id":4049,"date":"2017-07-25T21:06:17","date_gmt":"2017-07-25T19:06:17","guid":{"rendered":"http:\/\/alter-entorn.com?product=anticalc"},"modified":"2025-02-15T07:21:10","modified_gmt":"2025-02-15T05:21:10","slug":"anticalc-emc","status":"publish","type":"product","link":"https:\/\/alter-entorn.com\/ca\/producto\/anticalc-emc\/","title":{"rendered":"Antical\u00e7 concentrat eMC\u00ae &#8211; Neteja"},"content":{"rendered":"<p>L&#8217;Antical\u00e7 concentrat eMC\u00ae cont\u00e9 microorganismes beneficiosos que ajuden a descompondre la brut\u00edcia per una neteja m\u00e9s f\u00e0cil. Les superf\u00edcies es mantenen netes durant m\u00e9s temps, gr\u00e0cies al seu efecte anti-est\u00e0tic i anti-adherent, que fa que la brut\u00edcia no es senti atreta per les superf\u00edcies. A m\u00e9s, els microorganismes beneficiosos potencien l&#8217;efic\u00e0cia dels altres ingredients, i controlen als pat\u00f2gens perqu\u00e8 no puguin expandir-se.<\/p>\n<p>Elimina les males olors de manera que tamb\u00e9 pot usar-se com ambientador. \u00c9s un producte altament concentrat del qual se&#8217;n dilueix una poca quantitat en aigua, aix\u00ed que un env\u00e0s durar\u00e0 molt de temps i ens permetr\u00e0 estalviar molts diners. A m\u00e9s, l&#8217;aigua restant de la neteja podr\u00e0 utilitzar-se per regar les plantes, aportant-los un benefici extra de nutrients; o si es tira regularment per l&#8217;aig\u00fcera, ens ajudar\u00e0 a netejar les canonades i a prevenir embussos i obstruccions, aix\u00ed com a eliminar les males olors.<\/p>\n<p>No cont\u00e9 cap tipus de subst\u00e0ncia qu\u00edmica nociva perillosa, pel que \u00e9s la millor opci\u00f3 per a tothom: al\u00b7l\u00e8rgics, asm\u00e0tics, embarassades, nens, mascotes, etc. A m\u00e9s de ser totalment respectu\u00f3s amb el medi ambient i ajudar-nos a estalviar.<\/p>\n<p>&nbsp;<\/p>\n","protected":false},"excerpt":{"rendered":"<p>El antical\u00e7 concentrat eMC\u00ae \u00e9s un netejador natural efica\u00e7 contra les superf\u00edcies amb acumulacions de cal\u00e7 persistents: aixetes, rajoles, banyeres, piques, plats de dutxa, mampares, etc. Es dilueix una petita quantitat de producte en aigua i ja est\u00e0 llest per utilitzar.<\/p>\n","protected":false},"featured_media":8703,"template":"","meta":{"_joinchat":[]},"product_brand":[],"product_cat":[79],"product_tag":[521,522,1360,1361,1482,1483,1484,1486,1487,1488,1548],"class_list":{"0":"post-4049","1":"product","2":"type-product","3":"status-publish","4":"has-post-thumbnail","6":"product_cat-neteja","7":"product_tag-neteja-natural","8":"product_tag-neteja-ecologica","9":"product_tag-anticalc-ecologic","10":"product_tag-anticalc-natural","11":"product_tag-netejar-rajoles-lavabo","12":"product_tag-netejar-banyera","13":"product_tag-netejar-lavabo-sense-quimics","14":"product_tag-netejar-dutxa","15":"product_tag-netejar-filtres-aigua","16":"product_tag-netejar-aiguera","17":"product_tag-remeis-naturals-anticalc","19":"first","20":"instock","21":"taxable","22":"shipping-taxable","23":"purchasable","24":"product-type-variable"},"yoast_head":"<!-- This site is optimized with the Yoast SEO plugin v27.4 - https:\/\/yoast.com\/product\/yoast-seo-wordpress\/ -->\n<title>Antical\u00e7 eMC\u00ae - Neteja ecol\u00f2gica natural, sense qu\u00edmics<\/title>\n<meta name=\"description\" content=\"Netejador concentrat natural especial per superf\u00edcies amb incrustacions de cal\u00e7 persistents com plats de dutxa, aixetes i banyeres.\" \/>\n<meta name=\"robots\" content=\"index, follow, max-snippet:-1, max-image-preview:large, max-video-preview:-1\" \/>\n<link rel=\"canonical\" href=\"https:\/\/alter-entorn.com\/ca\/producto\/anticalc-emc\/\" \/>\n<meta property=\"og:locale\" content=\"ca_ES\" \/>\n<meta property=\"og:type\" content=\"article\" \/>\n<meta property=\"og:title\" content=\"Antical\u00e7 eMC\u00ae - Neteja ecol\u00f2gica natural, sense qu\u00edmics\" \/>\n<meta property=\"og:description\" content=\"Netejador concentrat natural especial per superf\u00edcies amb incrustacions de cal\u00e7 persistents com plats de dutxa, aixetes i banyeres.\" \/>\n<meta property=\"og:url\" content=\"https:\/\/alter-entorn.com\/ca\/producto\/anticalc-emc\/\" \/>\n<meta property=\"og:site_name\" content=\"alter-entorn\" \/>\n<meta property=\"article:publisher\" content=\"https:\/\/www.facebook.com\/alterentorn\/\" \/>\n<meta property=\"article:modified_time\" content=\"2025-02-15T05:21:10+00:00\" \/>\n<meta property=\"og:image\" content=\"https:\/\/alter-entorn.com\/wp-content\/uploads\/2022\/03\/anticalc-1024x768.png\" \/>\n\t<meta property=\"og:image:width\" content=\"1024\" \/>\n\t<meta property=\"og:image:height\" content=\"768\" \/>\n\t<meta property=\"og:image:type\" content=\"image\/png\" \/>\n<meta name=\"twitter:card\" content=\"summary_large_image\" \/>\n<meta name=\"twitter:site\" content=\"@alterentorn\" \/>\n<meta name=\"twitter:label1\" content=\"Temps estimat de lectura\" \/>\n\t<meta name=\"twitter:data1\" content=\"1 minut\" \/>\n<script type=\"application\/ld+json\" class=\"yoast-schema-graph\">{\"@context\":\"https:\\\/\\\/schema.org\",\"@graph\":[{\"@type\":\"WebPage\",\"@id\":\"https:\\\/\\\/alter-entorn.com\\\/ca\\\/producto\\\/anticalc-emc\\\/\",\"url\":\"https:\\\/\\\/alter-entorn.com\\\/ca\\\/producto\\\/anticalc-emc\\\/\",\"name\":\"Antical\u00e7 eMC\u00ae - Neteja ecol\u00f2gica natural, sense qu\u00edmics\",\"isPartOf\":{\"@id\":\"https:\\\/\\\/alter-entorn.com\\\/ca\\\/#website\"},\"primaryImageOfPage\":{\"@id\":\"https:\\\/\\\/alter-entorn.com\\\/ca\\\/producto\\\/anticalc-emc\\\/#primaryimage\"},\"image\":{\"@id\":\"https:\\\/\\\/alter-entorn.com\\\/ca\\\/producto\\\/anticalc-emc\\\/#primaryimage\"},\"thumbnailUrl\":\"https:\\\/\\\/alter-entorn.com\\\/wp-content\\\/uploads\\\/2022\\\/03\\\/anticalc.png\",\"datePublished\":\"2017-07-25T19:06:17+00:00\",\"dateModified\":\"2025-02-15T05:21:10+00:00\",\"description\":\"Netejador concentrat natural especial per superf\u00edcies amb incrustacions de cal\u00e7 persistents com plats de dutxa, aixetes i banyeres.\",\"breadcrumb\":{\"@id\":\"https:\\\/\\\/alter-entorn.com\\\/ca\\\/producto\\\/anticalc-emc\\\/#breadcrumb\"},\"inLanguage\":\"ca\",\"potentialAction\":[{\"@type\":\"ReadAction\",\"target\":[\"https:\\\/\\\/alter-entorn.com\\\/ca\\\/producto\\\/anticalc-emc\\\/\"]}]},{\"@type\":\"ImageObject\",\"inLanguage\":\"ca\",\"@id\":\"https:\\\/\\\/alter-entorn.com\\\/ca\\\/producto\\\/anticalc-emc\\\/#primaryimage\",\"url\":\"https:\\\/\\\/alter-entorn.com\\\/wp-content\\\/uploads\\\/2022\\\/03\\\/anticalc.png\",\"contentUrl\":\"https:\\\/\\\/alter-entorn.com\\\/wp-content\\\/uploads\\\/2022\\\/03\\\/anticalc.png\",\"width\":5184,\"height\":3888},{\"@type\":\"BreadcrumbList\",\"@id\":\"https:\\\/\\\/alter-entorn.com\\\/ca\\\/producto\\\/anticalc-emc\\\/#breadcrumb\",\"itemListElement\":[{\"@type\":\"ListItem\",\"position\":1,\"name\":\"Portada\",\"item\":\"https:\\\/\\\/alter-entorn.com\\\/ca\\\/\"},{\"@type\":\"ListItem\",\"position\":2,\"name\":\"Botiga\",\"item\":\"https:\\\/\\\/alter-entorn.com\\\/tienda\\\/\"},{\"@type\":\"ListItem\",\"position\":3,\"name\":\"Antical\u00e7 concentrat eMC\u00ae &#8211; Neteja\"}]},{\"@type\":\"WebSite\",\"@id\":\"https:\\\/\\\/alter-entorn.com\\\/ca\\\/#website\",\"url\":\"https:\\\/\\\/alter-entorn.com\\\/ca\\\/\",\"name\":\"alter-entorn\",\"description\":\"Soluciones Microbiol\u00f3gicas probi\u00f3ticos\",\"publisher\":{\"@id\":\"https:\\\/\\\/alter-entorn.com\\\/ca\\\/#organization\"},\"potentialAction\":[{\"@type\":\"SearchAction\",\"target\":{\"@type\":\"EntryPoint\",\"urlTemplate\":\"https:\\\/\\\/alter-entorn.com\\\/ca\\\/?s={search_term_string}\"},\"query-input\":{\"@type\":\"PropertyValueSpecification\",\"valueRequired\":true,\"valueName\":\"search_term_string\"}}],\"inLanguage\":\"ca\"},{\"@type\":\"Organization\",\"@id\":\"https:\\\/\\\/alter-entorn.com\\\/ca\\\/#organization\",\"name\":\"alter-entorn\",\"url\":\"https:\\\/\\\/alter-entorn.com\\\/ca\\\/\",\"logo\":{\"@type\":\"ImageObject\",\"inLanguage\":\"ca\",\"@id\":\"https:\\\/\\\/alter-entorn.com\\\/ca\\\/#\\\/schema\\\/logo\\\/image\\\/\",\"url\":\"https:\\\/\\\/alter-entorn.com\\\/wp-content\\\/uploads\\\/2018\\\/10\\\/logo_alter_entorn-sin-texto-1.png\",\"contentUrl\":\"https:\\\/\\\/alter-entorn.com\\\/wp-content\\\/uploads\\\/2018\\\/10\\\/logo_alter_entorn-sin-texto-1.png\",\"width\":246,\"height\":68,\"caption\":\"alter-entorn\"},\"image\":{\"@id\":\"https:\\\/\\\/alter-entorn.com\\\/ca\\\/#\\\/schema\\\/logo\\\/image\\\/\"},\"sameAs\":[\"https:\\\/\\\/www.facebook.com\\\/alterentorn\\\/\",\"https:\\\/\\\/x.com\\\/alterentorn\"]}]}<\/script>\n<!-- \/ Yoast SEO plugin. -->","yoast_head_json":{"title":"Antical\u00e7 eMC\u00ae - Neteja ecol\u00f2gica natural, sense qu\u00edmics","description":"Netejador concentrat natural especial per superf\u00edcies amb incrustacions de cal\u00e7 persistents com plats de dutxa, aixetes i banyeres.","robots":{"index":"index","follow":"follow","max-snippet":"max-snippet:-1","max-image-preview":"max-image-preview:large","max-video-preview":"max-video-preview:-1"},"canonical":"https:\/\/alter-entorn.com\/ca\/producto\/anticalc-emc\/","og_locale":"ca_ES","og_type":"article","og_title":"Antical\u00e7 eMC\u00ae - Neteja ecol\u00f2gica natural, sense qu\u00edmics","og_description":"Netejador concentrat natural especial per superf\u00edcies amb incrustacions de cal\u00e7 persistents com plats de dutxa, aixetes i banyeres.","og_url":"https:\/\/alter-entorn.com\/ca\/producto\/anticalc-emc\/","og_site_name":"alter-entorn","article_publisher":"https:\/\/www.facebook.com\/alterentorn\/","article_modified_time":"2025-02-15T05:21:10+00:00","og_image":[{"width":1024,"height":768,"url":"https:\/\/alter-entorn.com\/wp-content\/uploads\/2022\/03\/anticalc-1024x768.png","type":"image\/png"}],"twitter_card":"summary_large_image","twitter_site":"@alterentorn","twitter_misc":{"Temps estimat de lectura":"1 minut"},"schema":{"@context":"https:\/\/schema.org","@graph":[{"@type":"WebPage","@id":"https:\/\/alter-entorn.com\/ca\/producto\/anticalc-emc\/","url":"https:\/\/alter-entorn.com\/ca\/producto\/anticalc-emc\/","name":"Antical\u00e7 eMC\u00ae - Neteja ecol\u00f2gica natural, sense qu\u00edmics","isPartOf":{"@id":"https:\/\/alter-entorn.com\/ca\/#website"},"primaryImageOfPage":{"@id":"https:\/\/alter-entorn.com\/ca\/producto\/anticalc-emc\/#primaryimage"},"image":{"@id":"https:\/\/alter-entorn.com\/ca\/producto\/anticalc-emc\/#primaryimage"},"thumbnailUrl":"https:\/\/alter-entorn.com\/wp-content\/uploads\/2022\/03\/anticalc.png","datePublished":"2017-07-25T19:06:17+00:00","dateModified":"2025-02-15T05:21:10+00:00","description":"Netejador concentrat natural especial per superf\u00edcies amb incrustacions de cal\u00e7 persistents com plats de dutxa, aixetes i banyeres.","breadcrumb":{"@id":"https:\/\/alter-entorn.com\/ca\/producto\/anticalc-emc\/#breadcrumb"},"inLanguage":"ca","potentialAction":[{"@type":"ReadAction","target":["https:\/\/alter-entorn.com\/ca\/producto\/anticalc-emc\/"]}]},{"@type":"ImageObject","inLanguage":"ca","@id":"https:\/\/alter-entorn.com\/ca\/producto\/anticalc-emc\/#primaryimage","url":"https:\/\/alter-entorn.com\/wp-content\/uploads\/2022\/03\/anticalc.png","contentUrl":"https:\/\/alter-entorn.com\/wp-content\/uploads\/2022\/03\/anticalc.png","width":5184,"height":3888},{"@type":"BreadcrumbList","@id":"https:\/\/alter-entorn.com\/ca\/producto\/anticalc-emc\/#breadcrumb","itemListElement":[{"@type":"ListItem","position":1,"name":"Portada","item":"https:\/\/alter-entorn.com\/ca\/"},{"@type":"ListItem","position":2,"name":"Botiga","item":"https:\/\/alter-entorn.com\/tienda\/"},{"@type":"ListItem","position":3,"name":"Antical\u00e7 concentrat eMC\u00ae &#8211; Neteja"}]},{"@type":"WebSite","@id":"https:\/\/alter-entorn.com\/ca\/#website","url":"https:\/\/alter-entorn.com\/ca\/","name":"alter-entorn","description":"Soluciones Microbiol\u00f3gicas probi\u00f3ticos","publisher":{"@id":"https:\/\/alter-entorn.com\/ca\/#organization"},"potentialAction":[{"@type":"SearchAction","target":{"@type":"EntryPoint","urlTemplate":"https:\/\/alter-entorn.com\/ca\/?s={search_term_string}"},"query-input":{"@type":"PropertyValueSpecification","valueRequired":true,"valueName":"search_term_string"}}],"inLanguage":"ca"},{"@type":"Organization","@id":"https:\/\/alter-entorn.com\/ca\/#organization","name":"alter-entorn","url":"https:\/\/alter-entorn.com\/ca\/","logo":{"@type":"ImageObject","inLanguage":"ca","@id":"https:\/\/alter-entorn.com\/ca\/#\/schema\/logo\/image\/","url":"https:\/\/alter-entorn.com\/wp-content\/uploads\/2018\/10\/logo_alter_entorn-sin-texto-1.png","contentUrl":"https:\/\/alter-entorn.com\/wp-content\/uploads\/2018\/10\/logo_alter_entorn-sin-texto-1.png","width":246,"height":68,"caption":"alter-entorn"},"image":{"@id":"https:\/\/alter-entorn.com\/ca\/#\/schema\/logo\/image\/"},"sameAs":["https:\/\/www.facebook.com\/alterentorn\/","https:\/\/x.com\/alterentorn"]}]}},"_links":{"self":[{"href":"https:\/\/alter-entorn.com\/ca\/wp-json\/wp\/v2\/product\/4049","targetHints":{"allow":["GET"]}}],"collection":[{"href":"https:\/\/alter-entorn.com\/ca\/wp-json\/wp\/v2\/product"}],"about":[{"href":"https:\/\/alter-entorn.com\/ca\/wp-json\/wp\/v2\/types\/product"}],"wp:featuredmedia":[{"embeddable":true,"href":"https:\/\/alter-entorn.com\/ca\/wp-json\/wp\/v2\/media\/8703"}],"wp:attachment":[{"href":"https:\/\/alter-entorn.com\/ca\/wp-json\/wp\/v2\/media?parent=4049"}],"wp:term":[{"taxonomy":"product_brand","embeddable":true,"href":"https:\/\/alter-entorn.com\/ca\/wp-json\/wp\/v2\/product_brand?post=4049"},{"taxonomy":"product_cat","embeddable":true,"href":"https:\/\/alter-entorn.com\/ca\/wp-json\/wp\/v2\/product_cat?post=4049"},{"taxonomy":"product_tag","embeddable":true,"href":"https:\/\/alter-entorn.com\/ca\/wp-json\/wp\/v2\/product_tag?post=4049"}],"curies":[{"name":"wp","href":"https:\/\/api.w.org\/{rel}","templated":true}]}}