{"id":4052,"date":"2017-07-22T18:28:58","date_gmt":"2017-07-22T16:28:58","guid":{"rendered":"http:\/\/alter-entorn.com?product=cub-de-compostatge"},"modified":"2025-02-15T07:15:32","modified_gmt":"2025-02-15T05:15:32","slug":"cubell-residus-organics","status":"publish","type":"product","link":"https:\/\/alter-entorn.com\/ca\/producto\/cubell-residus-organics\/","title":{"rendered":"Cubos para residuos org\u00e1nicos Bokashi (2x16l)"},"content":{"rendered":"<p>El set de cubells bokashi est\u00e0 format per dos cubells amb reixeta de drenatge i aixeta per extracci\u00f3 del l\u00edquid fertilitzant. Els cubells (2 unitats) per a residus org\u00e0nics Bokashi tanquen herm\u00e8ticament perqu\u00e8 es realitzi correctament el proc\u00e9s de fermentaci\u00f3 sense causar males olors. S&#8217;utilitza amb el <a href=\"https:\/\/alter-entorn.com\/ca\/com-aprofitar-la-materia-organica-que-generem-a-casa\/\">seg\u00f3 bokashi.<\/a><\/p>\n<p>Cada 3 o 4 dies se n&#8217;extreu el l\u00edquid. Es pot fer servir aquest l\u00edquid per abonar les teves plantes dilu\u00eft 5cl\/l. Cada vegada que afegim mat\u00e8ria org\u00e0nica o al final del dia cobrirem amb una capa de bokashi. El seg\u00f3 bokashi activa la fermentaci\u00f3 aporta microorganismes i evita males olors.<\/p>\n<p>Quan el cubell bokashi estigui ple es deixa tapat 15 dies a temperatura ambient traient el lixiviat per acabar el proc\u00e9s. Fes servir l&#8217;altre cub per continuar aprofitant els residus org\u00e0nics de casa teva.<\/p>\n<p>Passats 15 dies pots enterrar la mat\u00e8ria org\u00e0nica fermentada al teu hort o jard\u00ed com a nutrient per a les teves plantes o afegir-la a la pila de compost per obtenir un excel\u00b7lent humus.<\/p>\n<p>Per les seves petites dimensions el cubell bokashi \u00e9s perfecte per a espais petits aix\u00ed que podem tenir-los a la cuina oa qualsevol zona de la nostra llar, per facilitar-ne la utilitzaci\u00f3, sense cap inconvenient.<\/p>\n","protected":false},"excerpt":{"rendered":"<p>Dos cubells per a la gesti\u00f3 dels residus org\u00e0nics dom\u00e8stics. S&#8217;extreu un lixiviat que podem fer servir per regar les nostres plantes, jardins i horts, aix\u00ed com per netejar les canonades de la llar. A m\u00e9s d\u00b4una mat\u00e8ria org\u00e0nica molt rica en nutrients que podrem convertir en compost mitjan\u00e7ant un altre proc\u00e9s.<\/p>\n","protected":false},"featured_media":8727,"template":"","meta":{"_joinchat":[]},"product_brand":[],"product_cat":[3212,81],"product_tag":[1368,1391,1429,1434,2848,2849,2850,2875,2876,3195],"class_list":{"0":"post-4052","1":"product","2":"type-product","3":"status-publish","4":"has-post-thumbnail","6":"product_cat-compost-hort-i-jardi","7":"product_cat-residus","8":"product_tag-aprofites-restes-organiques","9":"product_tag-compostatge-a-casa","10":"product_tag-cubell-compostatge","11":"product_tag-cubell-materia-organica","12":"product_tag-bokashi-ca","13":"product_tag-residus-organics","14":"product_tag-compost-ca","15":"product_tag-desembussador-natural","16":"product_tag-fertilizant-natural","17":"product_tag-agricultura-regenerativa-ca","19":"first","20":"outofstock","21":"taxable","22":"shipping-taxable","23":"purchasable","24":"product-type-simple"},"yoast_head":"<!-- This site is optimized with the Yoast SEO plugin v27.4 - https:\/\/yoast.com\/product\/yoast-seo-wordpress\/ -->\n<title>Cubos para residuos org\u00e1nicos tipo Bokashi, sin malos olores<\/title>\n<meta name=\"description\" content=\"Cubos herm\u00e9ticos para la gesti\u00f3n de los residuos org\u00e1nicos del hogar. Se extrae lixiviado para nuestras plantas y tuber\u00edas\" \/>\n<meta name=\"robots\" content=\"index, follow, max-snippet:-1, max-image-preview:large, max-video-preview:-1\" \/>\n<link rel=\"canonical\" href=\"https:\/\/alter-entorn.com\/ca\/producto\/cubell-residus-organics\/\" \/>\n<meta property=\"og:locale\" content=\"ca_ES\" \/>\n<meta property=\"og:type\" content=\"article\" \/>\n<meta property=\"og:title\" content=\"Cubos para residuos org\u00e1nicos tipo Bokashi, sin malos olores\" \/>\n<meta property=\"og:description\" content=\"Cubos herm\u00e9ticos para la gesti\u00f3n de los residuos org\u00e1nicos del hogar. Se extrae lixiviado para nuestras plantas y tuber\u00edas\" \/>\n<meta property=\"og:url\" content=\"https:\/\/alter-entorn.com\/ca\/producto\/cubell-residus-organics\/\" \/>\n<meta property=\"og:site_name\" content=\"alter-entorn\" \/>\n<meta property=\"article:publisher\" content=\"https:\/\/www.facebook.com\/alterentorn\/\" \/>\n<meta property=\"article:modified_time\" content=\"2025-02-15T05:15:32+00:00\" \/>\n<meta property=\"og:image\" content=\"https:\/\/alter-entorn.com\/wp-content\/uploads\/2022\/03\/cubocompostcapca-1024x768.jpg\" \/>\n\t<meta property=\"og:image:width\" content=\"1024\" \/>\n\t<meta property=\"og:image:height\" content=\"768\" \/>\n\t<meta property=\"og:image:type\" content=\"image\/jpeg\" \/>\n<meta name=\"twitter:card\" content=\"summary_large_image\" \/>\n<meta name=\"twitter:site\" content=\"@alterentorn\" \/>\n<meta name=\"twitter:label1\" content=\"Temps estimat de lectura\" \/>\n\t<meta name=\"twitter:data1\" content=\"1 minut\" \/>\n<script type=\"application\/ld+json\" class=\"yoast-schema-graph\">{\"@context\":\"https:\\\/\\\/schema.org\",\"@graph\":[{\"@type\":\"WebPage\",\"@id\":\"https:\\\/\\\/alter-entorn.com\\\/ca\\\/producto\\\/cubell-residus-organics\\\/\",\"url\":\"https:\\\/\\\/alter-entorn.com\\\/ca\\\/producto\\\/cubell-residus-organics\\\/\",\"name\":\"Cubos para residuos org\u00e1nicos tipo Bokashi, sin malos olores\",\"isPartOf\":{\"@id\":\"https:\\\/\\\/alter-entorn.com\\\/ca\\\/#website\"},\"primaryImageOfPage\":{\"@id\":\"https:\\\/\\\/alter-entorn.com\\\/ca\\\/producto\\\/cubell-residus-organics\\\/#primaryimage\"},\"image\":{\"@id\":\"https:\\\/\\\/alter-entorn.com\\\/ca\\\/producto\\\/cubell-residus-organics\\\/#primaryimage\"},\"thumbnailUrl\":\"https:\\\/\\\/alter-entorn.com\\\/wp-content\\\/uploads\\\/2022\\\/03\\\/cubocompostcapca.jpg\",\"datePublished\":\"2017-07-22T16:28:58+00:00\",\"dateModified\":\"2025-02-15T05:15:32+00:00\",\"description\":\"Cubos herm\u00e9ticos para la gesti\u00f3n de los residuos org\u00e1nicos del hogar. Se extrae lixiviado para nuestras plantas y tuber\u00edas\",\"breadcrumb\":{\"@id\":\"https:\\\/\\\/alter-entorn.com\\\/ca\\\/producto\\\/cubell-residus-organics\\\/#breadcrumb\"},\"inLanguage\":\"ca\",\"potentialAction\":[{\"@type\":\"ReadAction\",\"target\":[\"https:\\\/\\\/alter-entorn.com\\\/ca\\\/producto\\\/cubell-residus-organics\\\/\"]}]},{\"@type\":\"ImageObject\",\"inLanguage\":\"ca\",\"@id\":\"https:\\\/\\\/alter-entorn.com\\\/ca\\\/producto\\\/cubell-residus-organics\\\/#primaryimage\",\"url\":\"https:\\\/\\\/alter-entorn.com\\\/wp-content\\\/uploads\\\/2022\\\/03\\\/cubocompostcapca.jpg\",\"contentUrl\":\"https:\\\/\\\/alter-entorn.com\\\/wp-content\\\/uploads\\\/2022\\\/03\\\/cubocompostcapca.jpg\",\"width\":2560,\"height\":1920,\"caption\":\"Cubells Bokashi per fer compost anaer\u00f2bic a casa.\"},{\"@type\":\"BreadcrumbList\",\"@id\":\"https:\\\/\\\/alter-entorn.com\\\/ca\\\/producto\\\/cubell-residus-organics\\\/#breadcrumb\",\"itemListElement\":[{\"@type\":\"ListItem\",\"position\":1,\"name\":\"Portada\",\"item\":\"https:\\\/\\\/alter-entorn.com\\\/ca\\\/\"},{\"@type\":\"ListItem\",\"position\":2,\"name\":\"Botiga\",\"item\":\"https:\\\/\\\/alter-entorn.com\\\/tienda\\\/\"},{\"@type\":\"ListItem\",\"position\":3,\"name\":\"Cubos para residuos org\u00e1nicos Bokashi (2x16l)\"}]},{\"@type\":\"WebSite\",\"@id\":\"https:\\\/\\\/alter-entorn.com\\\/ca\\\/#website\",\"url\":\"https:\\\/\\\/alter-entorn.com\\\/ca\\\/\",\"name\":\"alter-entorn\",\"description\":\"Soluciones Microbiol\u00f3gicas probi\u00f3ticos\",\"publisher\":{\"@id\":\"https:\\\/\\\/alter-entorn.com\\\/ca\\\/#organization\"},\"potentialAction\":[{\"@type\":\"SearchAction\",\"target\":{\"@type\":\"EntryPoint\",\"urlTemplate\":\"https:\\\/\\\/alter-entorn.com\\\/ca\\\/?s={search_term_string}\"},\"query-input\":{\"@type\":\"PropertyValueSpecification\",\"valueRequired\":true,\"valueName\":\"search_term_string\"}}],\"inLanguage\":\"ca\"},{\"@type\":\"Organization\",\"@id\":\"https:\\\/\\\/alter-entorn.com\\\/ca\\\/#organization\",\"name\":\"alter-entorn\",\"url\":\"https:\\\/\\\/alter-entorn.com\\\/ca\\\/\",\"logo\":{\"@type\":\"ImageObject\",\"inLanguage\":\"ca\",\"@id\":\"https:\\\/\\\/alter-entorn.com\\\/ca\\\/#\\\/schema\\\/logo\\\/image\\\/\",\"url\":\"https:\\\/\\\/alter-entorn.com\\\/wp-content\\\/uploads\\\/2018\\\/10\\\/logo_alter_entorn-sin-texto-1.png\",\"contentUrl\":\"https:\\\/\\\/alter-entorn.com\\\/wp-content\\\/uploads\\\/2018\\\/10\\\/logo_alter_entorn-sin-texto-1.png\",\"width\":246,\"height\":68,\"caption\":\"alter-entorn\"},\"image\":{\"@id\":\"https:\\\/\\\/alter-entorn.com\\\/ca\\\/#\\\/schema\\\/logo\\\/image\\\/\"},\"sameAs\":[\"https:\\\/\\\/www.facebook.com\\\/alterentorn\\\/\",\"https:\\\/\\\/x.com\\\/alterentorn\"]}]}<\/script>\n<!-- \/ Yoast SEO plugin. -->","yoast_head_json":{"title":"Cubos para residuos org\u00e1nicos tipo Bokashi, sin malos olores","description":"Cubos herm\u00e9ticos para la gesti\u00f3n de los residuos org\u00e1nicos del hogar. Se extrae lixiviado para nuestras plantas y tuber\u00edas","robots":{"index":"index","follow":"follow","max-snippet":"max-snippet:-1","max-image-preview":"max-image-preview:large","max-video-preview":"max-video-preview:-1"},"canonical":"https:\/\/alter-entorn.com\/ca\/producto\/cubell-residus-organics\/","og_locale":"ca_ES","og_type":"article","og_title":"Cubos para residuos org\u00e1nicos tipo Bokashi, sin malos olores","og_description":"Cubos herm\u00e9ticos para la gesti\u00f3n de los residuos org\u00e1nicos del hogar. Se extrae lixiviado para nuestras plantas y tuber\u00edas","og_url":"https:\/\/alter-entorn.com\/ca\/producto\/cubell-residus-organics\/","og_site_name":"alter-entorn","article_publisher":"https:\/\/www.facebook.com\/alterentorn\/","article_modified_time":"2025-02-15T05:15:32+00:00","og_image":[{"width":1024,"height":768,"url":"https:\/\/alter-entorn.com\/wp-content\/uploads\/2022\/03\/cubocompostcapca-1024x768.jpg","type":"image\/jpeg"}],"twitter_card":"summary_large_image","twitter_site":"@alterentorn","twitter_misc":{"Temps estimat de lectura":"1 minut"},"schema":{"@context":"https:\/\/schema.org","@graph":[{"@type":"WebPage","@id":"https:\/\/alter-entorn.com\/ca\/producto\/cubell-residus-organics\/","url":"https:\/\/alter-entorn.com\/ca\/producto\/cubell-residus-organics\/","name":"Cubos para residuos org\u00e1nicos tipo Bokashi, sin malos olores","isPartOf":{"@id":"https:\/\/alter-entorn.com\/ca\/#website"},"primaryImageOfPage":{"@id":"https:\/\/alter-entorn.com\/ca\/producto\/cubell-residus-organics\/#primaryimage"},"image":{"@id":"https:\/\/alter-entorn.com\/ca\/producto\/cubell-residus-organics\/#primaryimage"},"thumbnailUrl":"https:\/\/alter-entorn.com\/wp-content\/uploads\/2022\/03\/cubocompostcapca.jpg","datePublished":"2017-07-22T16:28:58+00:00","dateModified":"2025-02-15T05:15:32+00:00","description":"Cubos herm\u00e9ticos para la gesti\u00f3n de los residuos org\u00e1nicos del hogar. Se extrae lixiviado para nuestras plantas y tuber\u00edas","breadcrumb":{"@id":"https:\/\/alter-entorn.com\/ca\/producto\/cubell-residus-organics\/#breadcrumb"},"inLanguage":"ca","potentialAction":[{"@type":"ReadAction","target":["https:\/\/alter-entorn.com\/ca\/producto\/cubell-residus-organics\/"]}]},{"@type":"ImageObject","inLanguage":"ca","@id":"https:\/\/alter-entorn.com\/ca\/producto\/cubell-residus-organics\/#primaryimage","url":"https:\/\/alter-entorn.com\/wp-content\/uploads\/2022\/03\/cubocompostcapca.jpg","contentUrl":"https:\/\/alter-entorn.com\/wp-content\/uploads\/2022\/03\/cubocompostcapca.jpg","width":2560,"height":1920,"caption":"Cubells Bokashi per fer compost anaer\u00f2bic a casa."},{"@type":"BreadcrumbList","@id":"https:\/\/alter-entorn.com\/ca\/producto\/cubell-residus-organics\/#breadcrumb","itemListElement":[{"@type":"ListItem","position":1,"name":"Portada","item":"https:\/\/alter-entorn.com\/ca\/"},{"@type":"ListItem","position":2,"name":"Botiga","item":"https:\/\/alter-entorn.com\/tienda\/"},{"@type":"ListItem","position":3,"name":"Cubos para residuos org\u00e1nicos Bokashi (2x16l)"}]},{"@type":"WebSite","@id":"https:\/\/alter-entorn.com\/ca\/#website","url":"https:\/\/alter-entorn.com\/ca\/","name":"alter-entorn","description":"Soluciones Microbiol\u00f3gicas probi\u00f3ticos","publisher":{"@id":"https:\/\/alter-entorn.com\/ca\/#organization"},"potentialAction":[{"@type":"SearchAction","target":{"@type":"EntryPoint","urlTemplate":"https:\/\/alter-entorn.com\/ca\/?s={search_term_string}"},"query-input":{"@type":"PropertyValueSpecification","valueRequired":true,"valueName":"search_term_string"}}],"inLanguage":"ca"},{"@type":"Organization","@id":"https:\/\/alter-entorn.com\/ca\/#organization","name":"alter-entorn","url":"https:\/\/alter-entorn.com\/ca\/","logo":{"@type":"ImageObject","inLanguage":"ca","@id":"https:\/\/alter-entorn.com\/ca\/#\/schema\/logo\/image\/","url":"https:\/\/alter-entorn.com\/wp-content\/uploads\/2018\/10\/logo_alter_entorn-sin-texto-1.png","contentUrl":"https:\/\/alter-entorn.com\/wp-content\/uploads\/2018\/10\/logo_alter_entorn-sin-texto-1.png","width":246,"height":68,"caption":"alter-entorn"},"image":{"@id":"https:\/\/alter-entorn.com\/ca\/#\/schema\/logo\/image\/"},"sameAs":["https:\/\/www.facebook.com\/alterentorn\/","https:\/\/x.com\/alterentorn"]}]}},"_links":{"self":[{"href":"https:\/\/alter-entorn.com\/ca\/wp-json\/wp\/v2\/product\/4052","targetHints":{"allow":["GET"]}}],"collection":[{"href":"https:\/\/alter-entorn.com\/ca\/wp-json\/wp\/v2\/product"}],"about":[{"href":"https:\/\/alter-entorn.com\/ca\/wp-json\/wp\/v2\/types\/product"}],"wp:featuredmedia":[{"embeddable":true,"href":"https:\/\/alter-entorn.com\/ca\/wp-json\/wp\/v2\/media\/8727"}],"wp:attachment":[{"href":"https:\/\/alter-entorn.com\/ca\/wp-json\/wp\/v2\/media?parent=4052"}],"wp:term":[{"taxonomy":"product_brand","embeddable":true,"href":"https:\/\/alter-entorn.com\/ca\/wp-json\/wp\/v2\/product_brand?post=4052"},{"taxonomy":"product_cat","embeddable":true,"href":"https:\/\/alter-entorn.com\/ca\/wp-json\/wp\/v2\/product_cat?post=4052"},{"taxonomy":"product_tag","embeddable":true,"href":"https:\/\/alter-entorn.com\/ca\/wp-json\/wp\/v2\/product_tag?post=4052"}],"curies":[{"name":"wp","href":"https:\/\/api.w.org\/{rel}","templated":true}]}}