{"id":4059,"date":"2017-07-22T18:12:55","date_gmt":"2017-07-22T16:12:55","guid":{"rendered":"http:\/\/alter-entorn.com?product=polvoritzador-foxi-plus-360o"},"modified":"2024-02-20T12:13:38","modified_gmt":"2024-02-20T10:13:38","slug":"polvoritzador-foxy-plus-360o","status":"publish","type":"product","link":"https:\/\/alter-entorn.com\/ca\/producto\/polvoritzador-foxy-plus-360o\/","title":{"rendered":"Polvoritzador Foxy Plus 360\u00ba (500ml)"},"content":{"rendered":"<p>Polvoritzador que permet ruixar en qualsevol posici\u00f3 i permet aprofitar fins la \u00faltima gota de producte. Apte per qualsevol tipus de l\u00edquid, t\u00e9 una llarga vida \u00fatil.<\/p>\n","protected":false},"excerpt":{"rendered":"<p><span lang=\"es-ES\">Polvoritzador que permet ruixar en qualsevol posici\u00f3 i permet aprofitar fins l\u2019\u00faltima gota de producte.<\/span><\/p>\n","protected":false},"featured_media":7387,"template":"","meta":{"_joinchat":[]},"product_brand":[],"product_cat":[79,80],"product_tag":[1452,1453,1485,1536,1537,1538,1549,1550],"class_list":{"0":"post-4059","1":"product","2":"type-product","3":"status-publish","4":"has-post-thumbnail","6":"product_cat-neteja","7":"product_cat-mascotes","8":"product_tag-esprai-boca-avall","9":"product_tag-esprai-totes-posicions","10":"product_tag-netejar-al-reves","11":"product_tag-polvoritzador","12":"product_tag-polvoritzador-plastic","13":"product_tag-polvoritzador-totes-posicions","14":"product_tag-esprai-boca-avall-ca-2","15":"product_tag-esprai-totes-posicions-ca-2","17":"first","18":"instock","19":"taxable","20":"shipping-taxable","21":"purchasable","22":"product-type-simple"},"yoast_head":"<!-- This site is optimized with the Yoast SEO plugin v27.4 - https:\/\/yoast.com\/product\/yoast-seo-wordpress\/ -->\n<title>Polvoritzador Foxy Plus 360\u00ba Esprai en totes posicions<\/title>\n<meta name=\"description\" content=\"Polvoritzador que permet ruixar en totes les posicions i aprofitar fins la \u00faltima gota de producte. Llarga vida \u00fatil, apte per qualsevol tipus de l\u00edquid\" \/>\n<meta name=\"robots\" content=\"index, follow, max-snippet:-1, max-image-preview:large, max-video-preview:-1\" \/>\n<link rel=\"canonical\" href=\"https:\/\/alter-entorn.com\/ca\/producto\/polvoritzador-foxy-plus-360o\/\" \/>\n<meta property=\"og:locale\" content=\"ca_ES\" \/>\n<meta property=\"og:type\" content=\"article\" \/>\n<meta property=\"og:title\" content=\"Polvoritzador Foxy Plus 360\u00ba Esprai en totes posicions\" \/>\n<meta property=\"og:description\" content=\"Polvoritzador que permet ruixar en totes les posicions i aprofitar fins la \u00faltima gota de producte. Llarga vida \u00fatil, apte per qualsevol tipus de l\u00edquid\" \/>\n<meta property=\"og:url\" content=\"https:\/\/alter-entorn.com\/ca\/producto\/polvoritzador-foxy-plus-360o\/\" \/>\n<meta property=\"og:site_name\" content=\"alter-entorn\" \/>\n<meta property=\"article:publisher\" content=\"https:\/\/www.facebook.com\/alterentorn\/\" \/>\n<meta property=\"article:modified_time\" content=\"2024-02-20T10:13:38+00:00\" \/>\n<meta property=\"og:image\" content=\"https:\/\/alter-entorn.com\/wp-content\/uploads\/2017\/07\/spray-giratorio.png\" \/>\n\t<meta property=\"og:image:width\" content=\"602\" \/>\n\t<meta property=\"og:image:height\" content=\"601\" \/>\n\t<meta property=\"og:image:type\" content=\"image\/png\" \/>\n<meta name=\"twitter:card\" content=\"summary_large_image\" \/>\n<meta name=\"twitter:site\" content=\"@alterentorn\" \/>\n<script type=\"application\/ld+json\" class=\"yoast-schema-graph\">{\"@context\":\"https:\\\/\\\/schema.org\",\"@graph\":[{\"@type\":\"WebPage\",\"@id\":\"https:\\\/\\\/alter-entorn.com\\\/ca\\\/producto\\\/polvoritzador-foxy-plus-360o\\\/\",\"url\":\"https:\\\/\\\/alter-entorn.com\\\/ca\\\/producto\\\/polvoritzador-foxy-plus-360o\\\/\",\"name\":\"Polvoritzador Foxy Plus 360\u00ba Esprai en totes posicions\",\"isPartOf\":{\"@id\":\"https:\\\/\\\/alter-entorn.com\\\/ca\\\/#website\"},\"primaryImageOfPage\":{\"@id\":\"https:\\\/\\\/alter-entorn.com\\\/ca\\\/producto\\\/polvoritzador-foxy-plus-360o\\\/#primaryimage\"},\"image\":{\"@id\":\"https:\\\/\\\/alter-entorn.com\\\/ca\\\/producto\\\/polvoritzador-foxy-plus-360o\\\/#primaryimage\"},\"thumbnailUrl\":\"https:\\\/\\\/alter-entorn.com\\\/wp-content\\\/uploads\\\/2017\\\/07\\\/spray-giratorio.png\",\"datePublished\":\"2017-07-22T16:12:55+00:00\",\"dateModified\":\"2024-02-20T10:13:38+00:00\",\"description\":\"Polvoritzador que permet ruixar en totes les posicions i aprofitar fins la \u00faltima gota de producte. Llarga vida \u00fatil, apte per qualsevol tipus de l\u00edquid\",\"breadcrumb\":{\"@id\":\"https:\\\/\\\/alter-entorn.com\\\/ca\\\/producto\\\/polvoritzador-foxy-plus-360o\\\/#breadcrumb\"},\"inLanguage\":\"ca\",\"potentialAction\":[{\"@type\":\"ReadAction\",\"target\":[\"https:\\\/\\\/alter-entorn.com\\\/ca\\\/producto\\\/polvoritzador-foxy-plus-360o\\\/\"]}]},{\"@type\":\"ImageObject\",\"inLanguage\":\"ca\",\"@id\":\"https:\\\/\\\/alter-entorn.com\\\/ca\\\/producto\\\/polvoritzador-foxy-plus-360o\\\/#primaryimage\",\"url\":\"https:\\\/\\\/alter-entorn.com\\\/wp-content\\\/uploads\\\/2017\\\/07\\\/spray-giratorio.png\",\"contentUrl\":\"https:\\\/\\\/alter-entorn.com\\\/wp-content\\\/uploads\\\/2017\\\/07\\\/spray-giratorio.png\",\"width\":602,\"height\":601,\"caption\":\"Spray giratorio reutilizable\"},{\"@type\":\"BreadcrumbList\",\"@id\":\"https:\\\/\\\/alter-entorn.com\\\/ca\\\/producto\\\/polvoritzador-foxy-plus-360o\\\/#breadcrumb\",\"itemListElement\":[{\"@type\":\"ListItem\",\"position\":1,\"name\":\"Portada\",\"item\":\"https:\\\/\\\/alter-entorn.com\\\/ca\\\/\"},{\"@type\":\"ListItem\",\"position\":2,\"name\":\"Botiga\",\"item\":\"https:\\\/\\\/alter-entorn.com\\\/tienda\\\/\"},{\"@type\":\"ListItem\",\"position\":3,\"name\":\"Polvoritzador Foxy Plus 360\u00ba (500ml)\"}]},{\"@type\":\"WebSite\",\"@id\":\"https:\\\/\\\/alter-entorn.com\\\/ca\\\/#website\",\"url\":\"https:\\\/\\\/alter-entorn.com\\\/ca\\\/\",\"name\":\"alter-entorn\",\"description\":\"Soluciones Microbiol\u00f3gicas probi\u00f3ticos\",\"publisher\":{\"@id\":\"https:\\\/\\\/alter-entorn.com\\\/ca\\\/#organization\"},\"potentialAction\":[{\"@type\":\"SearchAction\",\"target\":{\"@type\":\"EntryPoint\",\"urlTemplate\":\"https:\\\/\\\/alter-entorn.com\\\/ca\\\/?s={search_term_string}\"},\"query-input\":{\"@type\":\"PropertyValueSpecification\",\"valueRequired\":true,\"valueName\":\"search_term_string\"}}],\"inLanguage\":\"ca\"},{\"@type\":\"Organization\",\"@id\":\"https:\\\/\\\/alter-entorn.com\\\/ca\\\/#organization\",\"name\":\"alter-entorn\",\"url\":\"https:\\\/\\\/alter-entorn.com\\\/ca\\\/\",\"logo\":{\"@type\":\"ImageObject\",\"inLanguage\":\"ca\",\"@id\":\"https:\\\/\\\/alter-entorn.com\\\/ca\\\/#\\\/schema\\\/logo\\\/image\\\/\",\"url\":\"https:\\\/\\\/alter-entorn.com\\\/wp-content\\\/uploads\\\/2018\\\/10\\\/logo_alter_entorn-sin-texto-1.png\",\"contentUrl\":\"https:\\\/\\\/alter-entorn.com\\\/wp-content\\\/uploads\\\/2018\\\/10\\\/logo_alter_entorn-sin-texto-1.png\",\"width\":246,\"height\":68,\"caption\":\"alter-entorn\"},\"image\":{\"@id\":\"https:\\\/\\\/alter-entorn.com\\\/ca\\\/#\\\/schema\\\/logo\\\/image\\\/\"},\"sameAs\":[\"https:\\\/\\\/www.facebook.com\\\/alterentorn\\\/\",\"https:\\\/\\\/x.com\\\/alterentorn\"]}]}<\/script>\n<!-- \/ Yoast SEO plugin. -->","yoast_head_json":{"title":"Polvoritzador Foxy Plus 360\u00ba Esprai en totes posicions","description":"Polvoritzador que permet ruixar en totes les posicions i aprofitar fins la \u00faltima gota de producte. Llarga vida \u00fatil, apte per qualsevol tipus de l\u00edquid","robots":{"index":"index","follow":"follow","max-snippet":"max-snippet:-1","max-image-preview":"max-image-preview:large","max-video-preview":"max-video-preview:-1"},"canonical":"https:\/\/alter-entorn.com\/ca\/producto\/polvoritzador-foxy-plus-360o\/","og_locale":"ca_ES","og_type":"article","og_title":"Polvoritzador Foxy Plus 360\u00ba Esprai en totes posicions","og_description":"Polvoritzador que permet ruixar en totes les posicions i aprofitar fins la \u00faltima gota de producte. Llarga vida \u00fatil, apte per qualsevol tipus de l\u00edquid","og_url":"https:\/\/alter-entorn.com\/ca\/producto\/polvoritzador-foxy-plus-360o\/","og_site_name":"alter-entorn","article_publisher":"https:\/\/www.facebook.com\/alterentorn\/","article_modified_time":"2024-02-20T10:13:38+00:00","og_image":[{"width":602,"height":601,"url":"https:\/\/alter-entorn.com\/wp-content\/uploads\/2017\/07\/spray-giratorio.png","type":"image\/png"}],"twitter_card":"summary_large_image","twitter_site":"@alterentorn","schema":{"@context":"https:\/\/schema.org","@graph":[{"@type":"WebPage","@id":"https:\/\/alter-entorn.com\/ca\/producto\/polvoritzador-foxy-plus-360o\/","url":"https:\/\/alter-entorn.com\/ca\/producto\/polvoritzador-foxy-plus-360o\/","name":"Polvoritzador Foxy Plus 360\u00ba Esprai en totes posicions","isPartOf":{"@id":"https:\/\/alter-entorn.com\/ca\/#website"},"primaryImageOfPage":{"@id":"https:\/\/alter-entorn.com\/ca\/producto\/polvoritzador-foxy-plus-360o\/#primaryimage"},"image":{"@id":"https:\/\/alter-entorn.com\/ca\/producto\/polvoritzador-foxy-plus-360o\/#primaryimage"},"thumbnailUrl":"https:\/\/alter-entorn.com\/wp-content\/uploads\/2017\/07\/spray-giratorio.png","datePublished":"2017-07-22T16:12:55+00:00","dateModified":"2024-02-20T10:13:38+00:00","description":"Polvoritzador que permet ruixar en totes les posicions i aprofitar fins la \u00faltima gota de producte. Llarga vida \u00fatil, apte per qualsevol tipus de l\u00edquid","breadcrumb":{"@id":"https:\/\/alter-entorn.com\/ca\/producto\/polvoritzador-foxy-plus-360o\/#breadcrumb"},"inLanguage":"ca","potentialAction":[{"@type":"ReadAction","target":["https:\/\/alter-entorn.com\/ca\/producto\/polvoritzador-foxy-plus-360o\/"]}]},{"@type":"ImageObject","inLanguage":"ca","@id":"https:\/\/alter-entorn.com\/ca\/producto\/polvoritzador-foxy-plus-360o\/#primaryimage","url":"https:\/\/alter-entorn.com\/wp-content\/uploads\/2017\/07\/spray-giratorio.png","contentUrl":"https:\/\/alter-entorn.com\/wp-content\/uploads\/2017\/07\/spray-giratorio.png","width":602,"height":601,"caption":"Spray giratorio reutilizable"},{"@type":"BreadcrumbList","@id":"https:\/\/alter-entorn.com\/ca\/producto\/polvoritzador-foxy-plus-360o\/#breadcrumb","itemListElement":[{"@type":"ListItem","position":1,"name":"Portada","item":"https:\/\/alter-entorn.com\/ca\/"},{"@type":"ListItem","position":2,"name":"Botiga","item":"https:\/\/alter-entorn.com\/tienda\/"},{"@type":"ListItem","position":3,"name":"Polvoritzador Foxy Plus 360\u00ba (500ml)"}]},{"@type":"WebSite","@id":"https:\/\/alter-entorn.com\/ca\/#website","url":"https:\/\/alter-entorn.com\/ca\/","name":"alter-entorn","description":"Soluciones Microbiol\u00f3gicas probi\u00f3ticos","publisher":{"@id":"https:\/\/alter-entorn.com\/ca\/#organization"},"potentialAction":[{"@type":"SearchAction","target":{"@type":"EntryPoint","urlTemplate":"https:\/\/alter-entorn.com\/ca\/?s={search_term_string}"},"query-input":{"@type":"PropertyValueSpecification","valueRequired":true,"valueName":"search_term_string"}}],"inLanguage":"ca"},{"@type":"Organization","@id":"https:\/\/alter-entorn.com\/ca\/#organization","name":"alter-entorn","url":"https:\/\/alter-entorn.com\/ca\/","logo":{"@type":"ImageObject","inLanguage":"ca","@id":"https:\/\/alter-entorn.com\/ca\/#\/schema\/logo\/image\/","url":"https:\/\/alter-entorn.com\/wp-content\/uploads\/2018\/10\/logo_alter_entorn-sin-texto-1.png","contentUrl":"https:\/\/alter-entorn.com\/wp-content\/uploads\/2018\/10\/logo_alter_entorn-sin-texto-1.png","width":246,"height":68,"caption":"alter-entorn"},"image":{"@id":"https:\/\/alter-entorn.com\/ca\/#\/schema\/logo\/image\/"},"sameAs":["https:\/\/www.facebook.com\/alterentorn\/","https:\/\/x.com\/alterentorn"]}]}},"_links":{"self":[{"href":"https:\/\/alter-entorn.com\/ca\/wp-json\/wp\/v2\/product\/4059","targetHints":{"allow":["GET"]}}],"collection":[{"href":"https:\/\/alter-entorn.com\/ca\/wp-json\/wp\/v2\/product"}],"about":[{"href":"https:\/\/alter-entorn.com\/ca\/wp-json\/wp\/v2\/types\/product"}],"wp:featuredmedia":[{"embeddable":true,"href":"https:\/\/alter-entorn.com\/ca\/wp-json\/wp\/v2\/media\/7387"}],"wp:attachment":[{"href":"https:\/\/alter-entorn.com\/ca\/wp-json\/wp\/v2\/media?parent=4059"}],"wp:term":[{"taxonomy":"product_brand","embeddable":true,"href":"https:\/\/alter-entorn.com\/ca\/wp-json\/wp\/v2\/product_brand?post=4059"},{"taxonomy":"product_cat","embeddable":true,"href":"https:\/\/alter-entorn.com\/ca\/wp-json\/wp\/v2\/product_cat?post=4059"},{"taxonomy":"product_tag","embeddable":true,"href":"https:\/\/alter-entorn.com\/ca\/wp-json\/wp\/v2\/product_tag?post=4059"}],"curies":[{"name":"wp","href":"https:\/\/api.w.org\/{rel}","templated":true}]}}