{"id":4064,"date":"2017-07-22T18:03:54","date_gmt":"2017-07-22T16:03:54","guid":{"rendered":"http:\/\/alter-entorn.com?product=multiusos-concentrat-emc-lavanda-1l"},"modified":"2025-02-15T00:22:05","modified_gmt":"2025-02-14T22:22:05","slug":"multiusos-concentrat-emc-lavanda","status":"publish","type":"product","link":"https:\/\/alter-entorn.com\/ca\/producto\/multiusos-concentrat-emc-lavanda\/","title":{"rendered":"Multiusos concentrat eMC\u00ae Lavanda &#8211; Neteja"},"content":{"rendered":"<p>El Multiusos concentrat eMC\u00ae Lavanda cont\u00e9 microorganismes beneficiosos que ajuden a descompondre la brut\u00edcia per una neteja m\u00e9s f\u00e0cil. Les superf\u00edcies es mantenen netes durant m\u00e9s temps, gr\u00e0cies al seu efecte antiest\u00e0tic i antiadherent, que fa que la pols no es senti atreta per les superf\u00edcies. A m\u00e9s a m\u00e9s, els microorganismes beneficiosos potencien l\u2019efic\u00e0cia dels altres ingredients, i controlen als pat\u00f2gens per que no puguin expandir-se.<\/p>\n<p>Elimina les males olors pel que tamb\u00e9 pot utilitzar-se com ambientador. \u00c9s un producte altament concentrat del qual se\u2019n dilueix una petita quantitat en aigua, aix\u00ed que un env\u00e0s\u00a0 dura molt temps i ens permetr\u00e0 estalviar molts diners. A m\u00e9s a m\u00e9s, l\u2019aigua restant de la neteja podr\u00e0 utilitzar-se per regar les plantes, aportant-los-hi un benefici extra de nutrients; o si es llen\u00e7a regularment per l\u2019aig\u00fcera, ens ajudar\u00e0 a netejar les canonades i a prevenir embussos i obstruccions, aix\u00ed com a eliminar les males olors.<\/p>\n<p>No cont\u00e9 cap tipus de subst\u00e0ncia qu\u00edmica nociva perillosa, pel que \u00e9s la millor opci\u00f3 per tots: al\u00e8rgics, asm\u00e0tics, embarassades, nens, mascotes, etc. A m\u00e9s de ser totalment respectu\u00f3s amb el medi ambient i ajudar-nos a estalviar.<\/p>\n","protected":false},"excerpt":{"rendered":"<p>El multiusos eMC\u00ae Lavanda \u00e9s un netejador natural efica\u00e7 contra la brut\u00edcia del dia a dia, per una neteja general. Es dilueix una petita quantitat de producte en aigua i ja est\u00e0 llest per utilitzar.<\/p>\n<p>\u00c9s apte per totes les superf\u00edcies: mobles, rajoles, vidres, m\u00e0rmols, pl\u00e0stic, acer, etc. Tamb\u00e9 pot utilitzar-se com a substitut del suavitzant per la roba.<\/p>\n","protected":false},"featured_media":8759,"template":"","meta":{"_joinchat":[]},"product_brand":[],"product_cat":[79,80],"product_tag":[521,522,524,553,557,558,559,560,561,562],"class_list":{"0":"post-4064","1":"product","2":"type-product","3":"status-publish","4":"has-post-thumbnail","6":"product_cat-neteja","7":"product_cat-mascotes","8":"product_tag-neteja-natural","9":"product_tag-neteja-ecologica","10":"product_tag-productes-neteja-naturals","11":"product_tag-remeis-casolans-neteja","12":"product_tag-multiusos-emc-ca","13":"product_tag-netejador-lavanda","14":"product_tag-netejadors-ecologics","15":"product_tag-multiusos-natural-ca","16":"product_tag-multiusos-lavanda-ca","17":"product_tag-neteja-sense-quimica","19":"first","20":"instock","21":"taxable","22":"shipping-taxable","23":"purchasable","24":"product-type-variable"},"yoast_head":"<!-- This site is optimized with the Yoast SEO plugin v27.4 - https:\/\/yoast.com\/product\/yoast-seo-wordpress\/ -->\n<title>Netejador multiusos concentrat natural eMC\u00ae Lavanda<\/title>\n<meta name=\"description\" content=\"Netejador multiusos concentrat sense qu\u00edmics, amb microorganismes que eliminen la brut\u00edcia i les males olors en qualsevol tipus de superf\u00edcie\" \/>\n<meta name=\"robots\" content=\"index, follow, max-snippet:-1, max-image-preview:large, max-video-preview:-1\" \/>\n<link rel=\"canonical\" href=\"https:\/\/alter-entorn.com\/ca\/producto\/multiusos-concentrat-emc-lavanda\/\" \/>\n<meta property=\"og:locale\" content=\"ca_ES\" \/>\n<meta property=\"og:type\" content=\"article\" \/>\n<meta property=\"og:title\" content=\"Netejador multiusos concentrat natural eMC\u00ae Lavanda\" \/>\n<meta property=\"og:description\" content=\"Netejador multiusos concentrat sense qu\u00edmics, amb microorganismes que eliminen la brut\u00edcia i les males olors en qualsevol tipus de superf\u00edcie\" \/>\n<meta property=\"og:url\" content=\"https:\/\/alter-entorn.com\/ca\/producto\/multiusos-concentrat-emc-lavanda\/\" \/>\n<meta property=\"og:site_name\" content=\"alter-entorn\" \/>\n<meta property=\"article:publisher\" content=\"https:\/\/www.facebook.com\/alterentorn\/\" \/>\n<meta property=\"article:modified_time\" content=\"2025-02-14T22:22:05+00:00\" \/>\n<meta property=\"og:image\" content=\"https:\/\/alter-entorn.com\/wp-content\/uploads\/2022\/03\/multiusoslavanda-1024x768.png\" \/>\n\t<meta property=\"og:image:width\" content=\"1024\" \/>\n\t<meta property=\"og:image:height\" content=\"768\" \/>\n\t<meta property=\"og:image:type\" content=\"image\/png\" \/>\n<meta name=\"twitter:card\" content=\"summary_large_image\" \/>\n<meta name=\"twitter:site\" content=\"@alterentorn\" \/>\n<meta name=\"twitter:label1\" content=\"Temps estimat de lectura\" \/>\n\t<meta name=\"twitter:data1\" content=\"1 minut\" \/>\n<script type=\"application\/ld+json\" class=\"yoast-schema-graph\">{\"@context\":\"https:\\\/\\\/schema.org\",\"@graph\":[{\"@type\":\"WebPage\",\"@id\":\"https:\\\/\\\/alter-entorn.com\\\/ca\\\/producto\\\/multiusos-concentrat-emc-lavanda\\\/\",\"url\":\"https:\\\/\\\/alter-entorn.com\\\/ca\\\/producto\\\/multiusos-concentrat-emc-lavanda\\\/\",\"name\":\"Netejador multiusos concentrat natural eMC\u00ae Lavanda\",\"isPartOf\":{\"@id\":\"https:\\\/\\\/alter-entorn.com\\\/ca\\\/#website\"},\"primaryImageOfPage\":{\"@id\":\"https:\\\/\\\/alter-entorn.com\\\/ca\\\/producto\\\/multiusos-concentrat-emc-lavanda\\\/#primaryimage\"},\"image\":{\"@id\":\"https:\\\/\\\/alter-entorn.com\\\/ca\\\/producto\\\/multiusos-concentrat-emc-lavanda\\\/#primaryimage\"},\"thumbnailUrl\":\"https:\\\/\\\/alter-entorn.com\\\/wp-content\\\/uploads\\\/2022\\\/03\\\/multiusoslavanda.png\",\"datePublished\":\"2017-07-22T16:03:54+00:00\",\"dateModified\":\"2025-02-14T22:22:05+00:00\",\"description\":\"Netejador multiusos concentrat sense qu\u00edmics, amb microorganismes que eliminen la brut\u00edcia i les males olors en qualsevol tipus de superf\u00edcie\",\"breadcrumb\":{\"@id\":\"https:\\\/\\\/alter-entorn.com\\\/ca\\\/producto\\\/multiusos-concentrat-emc-lavanda\\\/#breadcrumb\"},\"inLanguage\":\"ca\",\"potentialAction\":[{\"@type\":\"ReadAction\",\"target\":[\"https:\\\/\\\/alter-entorn.com\\\/ca\\\/producto\\\/multiusos-concentrat-emc-lavanda\\\/\"]}]},{\"@type\":\"ImageObject\",\"inLanguage\":\"ca\",\"@id\":\"https:\\\/\\\/alter-entorn.com\\\/ca\\\/producto\\\/multiusos-concentrat-emc-lavanda\\\/#primaryimage\",\"url\":\"https:\\\/\\\/alter-entorn.com\\\/wp-content\\\/uploads\\\/2022\\\/03\\\/multiusoslavanda.png\",\"contentUrl\":\"https:\\\/\\\/alter-entorn.com\\\/wp-content\\\/uploads\\\/2022\\\/03\\\/multiusoslavanda.png\",\"width\":5184,\"height\":3888},{\"@type\":\"BreadcrumbList\",\"@id\":\"https:\\\/\\\/alter-entorn.com\\\/ca\\\/producto\\\/multiusos-concentrat-emc-lavanda\\\/#breadcrumb\",\"itemListElement\":[{\"@type\":\"ListItem\",\"position\":1,\"name\":\"Portada\",\"item\":\"https:\\\/\\\/alter-entorn.com\\\/ca\\\/\"},{\"@type\":\"ListItem\",\"position\":2,\"name\":\"Botiga\",\"item\":\"https:\\\/\\\/alter-entorn.com\\\/tienda\\\/\"},{\"@type\":\"ListItem\",\"position\":3,\"name\":\"Multiusos concentrat eMC\u00ae Lavanda &#8211; Neteja\"}]},{\"@type\":\"WebSite\",\"@id\":\"https:\\\/\\\/alter-entorn.com\\\/ca\\\/#website\",\"url\":\"https:\\\/\\\/alter-entorn.com\\\/ca\\\/\",\"name\":\"alter-entorn\",\"description\":\"Soluciones Microbiol\u00f3gicas probi\u00f3ticos\",\"publisher\":{\"@id\":\"https:\\\/\\\/alter-entorn.com\\\/ca\\\/#organization\"},\"potentialAction\":[{\"@type\":\"SearchAction\",\"target\":{\"@type\":\"EntryPoint\",\"urlTemplate\":\"https:\\\/\\\/alter-entorn.com\\\/ca\\\/?s={search_term_string}\"},\"query-input\":{\"@type\":\"PropertyValueSpecification\",\"valueRequired\":true,\"valueName\":\"search_term_string\"}}],\"inLanguage\":\"ca\"},{\"@type\":\"Organization\",\"@id\":\"https:\\\/\\\/alter-entorn.com\\\/ca\\\/#organization\",\"name\":\"alter-entorn\",\"url\":\"https:\\\/\\\/alter-entorn.com\\\/ca\\\/\",\"logo\":{\"@type\":\"ImageObject\",\"inLanguage\":\"ca\",\"@id\":\"https:\\\/\\\/alter-entorn.com\\\/ca\\\/#\\\/schema\\\/logo\\\/image\\\/\",\"url\":\"https:\\\/\\\/alter-entorn.com\\\/wp-content\\\/uploads\\\/2018\\\/10\\\/logo_alter_entorn-sin-texto-1.png\",\"contentUrl\":\"https:\\\/\\\/alter-entorn.com\\\/wp-content\\\/uploads\\\/2018\\\/10\\\/logo_alter_entorn-sin-texto-1.png\",\"width\":246,\"height\":68,\"caption\":\"alter-entorn\"},\"image\":{\"@id\":\"https:\\\/\\\/alter-entorn.com\\\/ca\\\/#\\\/schema\\\/logo\\\/image\\\/\"},\"sameAs\":[\"https:\\\/\\\/www.facebook.com\\\/alterentorn\\\/\",\"https:\\\/\\\/x.com\\\/alterentorn\"]}]}<\/script>\n<!-- \/ Yoast SEO plugin. -->","yoast_head_json":{"title":"Netejador multiusos concentrat natural eMC\u00ae Lavanda","description":"Netejador multiusos concentrat sense qu\u00edmics, amb microorganismes que eliminen la brut\u00edcia i les males olors en qualsevol tipus de superf\u00edcie","robots":{"index":"index","follow":"follow","max-snippet":"max-snippet:-1","max-image-preview":"max-image-preview:large","max-video-preview":"max-video-preview:-1"},"canonical":"https:\/\/alter-entorn.com\/ca\/producto\/multiusos-concentrat-emc-lavanda\/","og_locale":"ca_ES","og_type":"article","og_title":"Netejador multiusos concentrat natural eMC\u00ae Lavanda","og_description":"Netejador multiusos concentrat sense qu\u00edmics, amb microorganismes que eliminen la brut\u00edcia i les males olors en qualsevol tipus de superf\u00edcie","og_url":"https:\/\/alter-entorn.com\/ca\/producto\/multiusos-concentrat-emc-lavanda\/","og_site_name":"alter-entorn","article_publisher":"https:\/\/www.facebook.com\/alterentorn\/","article_modified_time":"2025-02-14T22:22:05+00:00","og_image":[{"width":1024,"height":768,"url":"https:\/\/alter-entorn.com\/wp-content\/uploads\/2022\/03\/multiusoslavanda-1024x768.png","type":"image\/png"}],"twitter_card":"summary_large_image","twitter_site":"@alterentorn","twitter_misc":{"Temps estimat de lectura":"1 minut"},"schema":{"@context":"https:\/\/schema.org","@graph":[{"@type":"WebPage","@id":"https:\/\/alter-entorn.com\/ca\/producto\/multiusos-concentrat-emc-lavanda\/","url":"https:\/\/alter-entorn.com\/ca\/producto\/multiusos-concentrat-emc-lavanda\/","name":"Netejador multiusos concentrat natural eMC\u00ae Lavanda","isPartOf":{"@id":"https:\/\/alter-entorn.com\/ca\/#website"},"primaryImageOfPage":{"@id":"https:\/\/alter-entorn.com\/ca\/producto\/multiusos-concentrat-emc-lavanda\/#primaryimage"},"image":{"@id":"https:\/\/alter-entorn.com\/ca\/producto\/multiusos-concentrat-emc-lavanda\/#primaryimage"},"thumbnailUrl":"https:\/\/alter-entorn.com\/wp-content\/uploads\/2022\/03\/multiusoslavanda.png","datePublished":"2017-07-22T16:03:54+00:00","dateModified":"2025-02-14T22:22:05+00:00","description":"Netejador multiusos concentrat sense qu\u00edmics, amb microorganismes que eliminen la brut\u00edcia i les males olors en qualsevol tipus de superf\u00edcie","breadcrumb":{"@id":"https:\/\/alter-entorn.com\/ca\/producto\/multiusos-concentrat-emc-lavanda\/#breadcrumb"},"inLanguage":"ca","potentialAction":[{"@type":"ReadAction","target":["https:\/\/alter-entorn.com\/ca\/producto\/multiusos-concentrat-emc-lavanda\/"]}]},{"@type":"ImageObject","inLanguage":"ca","@id":"https:\/\/alter-entorn.com\/ca\/producto\/multiusos-concentrat-emc-lavanda\/#primaryimage","url":"https:\/\/alter-entorn.com\/wp-content\/uploads\/2022\/03\/multiusoslavanda.png","contentUrl":"https:\/\/alter-entorn.com\/wp-content\/uploads\/2022\/03\/multiusoslavanda.png","width":5184,"height":3888},{"@type":"BreadcrumbList","@id":"https:\/\/alter-entorn.com\/ca\/producto\/multiusos-concentrat-emc-lavanda\/#breadcrumb","itemListElement":[{"@type":"ListItem","position":1,"name":"Portada","item":"https:\/\/alter-entorn.com\/ca\/"},{"@type":"ListItem","position":2,"name":"Botiga","item":"https:\/\/alter-entorn.com\/tienda\/"},{"@type":"ListItem","position":3,"name":"Multiusos concentrat eMC\u00ae Lavanda &#8211; Neteja"}]},{"@type":"WebSite","@id":"https:\/\/alter-entorn.com\/ca\/#website","url":"https:\/\/alter-entorn.com\/ca\/","name":"alter-entorn","description":"Soluciones Microbiol\u00f3gicas probi\u00f3ticos","publisher":{"@id":"https:\/\/alter-entorn.com\/ca\/#organization"},"potentialAction":[{"@type":"SearchAction","target":{"@type":"EntryPoint","urlTemplate":"https:\/\/alter-entorn.com\/ca\/?s={search_term_string}"},"query-input":{"@type":"PropertyValueSpecification","valueRequired":true,"valueName":"search_term_string"}}],"inLanguage":"ca"},{"@type":"Organization","@id":"https:\/\/alter-entorn.com\/ca\/#organization","name":"alter-entorn","url":"https:\/\/alter-entorn.com\/ca\/","logo":{"@type":"ImageObject","inLanguage":"ca","@id":"https:\/\/alter-entorn.com\/ca\/#\/schema\/logo\/image\/","url":"https:\/\/alter-entorn.com\/wp-content\/uploads\/2018\/10\/logo_alter_entorn-sin-texto-1.png","contentUrl":"https:\/\/alter-entorn.com\/wp-content\/uploads\/2018\/10\/logo_alter_entorn-sin-texto-1.png","width":246,"height":68,"caption":"alter-entorn"},"image":{"@id":"https:\/\/alter-entorn.com\/ca\/#\/schema\/logo\/image\/"},"sameAs":["https:\/\/www.facebook.com\/alterentorn\/","https:\/\/x.com\/alterentorn"]}]}},"_links":{"self":[{"href":"https:\/\/alter-entorn.com\/ca\/wp-json\/wp\/v2\/product\/4064","targetHints":{"allow":["GET"]}}],"collection":[{"href":"https:\/\/alter-entorn.com\/ca\/wp-json\/wp\/v2\/product"}],"about":[{"href":"https:\/\/alter-entorn.com\/ca\/wp-json\/wp\/v2\/types\/product"}],"wp:featuredmedia":[{"embeddable":true,"href":"https:\/\/alter-entorn.com\/ca\/wp-json\/wp\/v2\/media\/8759"}],"wp:attachment":[{"href":"https:\/\/alter-entorn.com\/ca\/wp-json\/wp\/v2\/media?parent=4064"}],"wp:term":[{"taxonomy":"product_brand","embeddable":true,"href":"https:\/\/alter-entorn.com\/ca\/wp-json\/wp\/v2\/product_brand?post=4064"},{"taxonomy":"product_cat","embeddable":true,"href":"https:\/\/alter-entorn.com\/ca\/wp-json\/wp\/v2\/product_cat?post=4064"},{"taxonomy":"product_tag","embeddable":true,"href":"https:\/\/alter-entorn.com\/ca\/wp-json\/wp\/v2\/product_tag?post=4064"}],"curies":[{"name":"wp","href":"https:\/\/api.w.org\/{rel}","templated":true}]}}