{"id":4068,"date":"2017-07-02T16:08:55","date_gmt":"2017-07-02T14:08:55","guid":{"rendered":"http:\/\/alter-entorn.com?product=sabo_de_sals_bioemsan"},"modified":"2025-02-14T19:27:55","modified_gmt":"2025-02-14T17:27:55","slug":"sabo-sals-bioemsan","status":"publish","type":"product","link":"https:\/\/alter-entorn.com\/ca\/producto\/sabo-sals-bioemsan\/","title":{"rendered":"Sab\u00f3 de sals Bioemsan (75g) &#8211; Cosm\u00e8tica"},"content":{"rendered":"<p>Neteja i hidrataci\u00f3 suau i agradable. El sab\u00f3 de sals BIOEMSAN amb els seus olis essencials i aromes naturals, deixa una sensaci\u00f3 de suavitat i frescor al cos. Augmenta la flexibilitat i la resist\u00e8ncia de la pell, a m\u00e9s de nodrir i netejar-la, per a una cura totalment natural.<\/p>\n","protected":false},"excerpt":{"rendered":"<p><strong> VEGAN <\/strong><\/p>\n<p>Sab\u00f3 s\u00f2lid per la neteja i la cura natural de mans i cara. Hidrata la pell i li proporciona una flexibilitat i suavitat excepcional.<\/p>\n<p>Sense conservants, lliure de emulsionants sint\u00e8tics, transg\u00e8nics, frag\u00e0ncies i colorants. Cruelty free.<\/p>\n<p><img loading=\"lazy\" decoding=\"async\" class=\"alignnone size-medium wp-image-6903\" src=\"https:\/\/alter-entorn.com\/wp-content\/uploads\/2017\/07\/sellos-cosmetica-300x169.png\" alt=\"Sellos de cosm\u00e9tica natural y ecol\u00f3gica Bioemsan\" width=\"300\" height=\"169\" srcset=\"https:\/\/alter-entorn.com\/wp-content\/uploads\/2017\/07\/sellos-cosmetica-300x169.png 300w, https:\/\/alter-entorn.com\/wp-content\/uploads\/2017\/07\/sellos-cosmetica-768x432.png 768w, https:\/\/alter-entorn.com\/wp-content\/uploads\/2017\/07\/sellos-cosmetica-1024x576.png 1024w, https:\/\/alter-entorn.com\/wp-content\/uploads\/2017\/07\/sellos-cosmetica-570x321.png 570w, https:\/\/alter-entorn.com\/wp-content\/uploads\/2017\/07\/sellos-cosmetica.png 1920w\" sizes=\"auto, (max-width: 300px) 100vw, 300px\" \/><\/p>\n","protected":false},"featured_media":3597,"template":"","meta":{"_joinchat":[]},"product_brand":[],"product_cat":[82,106],"product_tag":[548,572,573,574,575,576,577,578,579,580],"class_list":{"0":"post-4068","1":"product","2":"type-product","3":"status-publish","4":"has-post-thumbnail","6":"product_cat-salut-i-benestar","7":"product_cat-cosmetica-higiene-natural","8":"product_tag-cosmetica-natural-ca","9":"product_tag-sabo-de-sal","10":"product_tag-sabo-de-mans","11":"product_tag-sabo-natural","12":"product_tag-sabo-artesa","13":"product_tag-sabo-manju","14":"product_tag-higiene-personal-natural-ca","15":"product_tag-cosmetics-sense-quimics","16":"product_tag-higiene-natural-ca","17":"product_tag-productes-de-bellesa-naturals","19":"first","20":"onbackorder","21":"taxable","22":"shipping-taxable","23":"purchasable","24":"product-type-simple"},"yoast_head":"<!-- This site is optimized with the Yoast SEO plugin v27.4 - https:\/\/yoast.com\/product\/yoast-seo-wordpress\/ -->\n<title>Sab\u00f3 de sals natural Biomsan per les mans i la cara<\/title>\n<meta name=\"description\" content=\"Sab\u00f3 s\u00f2lid de sals i olis essencials, totalment natural per a la neteja i la hidrataci\u00f3 de les mans i la cara.\" \/>\n<meta name=\"robots\" content=\"index, follow, max-snippet:-1, max-image-preview:large, max-video-preview:-1\" \/>\n<link rel=\"canonical\" href=\"https:\/\/alter-entorn.com\/ca\/producto\/sabo-sals-bioemsan\/\" \/>\n<meta property=\"og:locale\" content=\"ca_ES\" \/>\n<meta property=\"og:type\" content=\"article\" \/>\n<meta property=\"og:title\" content=\"Sab\u00f3 de sals natural Biomsan per les mans i la cara\" \/>\n<meta property=\"og:description\" content=\"Sab\u00f3 s\u00f2lid de sals i olis essencials, totalment natural per a la neteja i la hidrataci\u00f3 de les mans i la cara.\" \/>\n<meta property=\"og:url\" content=\"https:\/\/alter-entorn.com\/ca\/producto\/sabo-sals-bioemsan\/\" \/>\n<meta property=\"og:site_name\" content=\"alter-entorn\" \/>\n<meta property=\"article:publisher\" content=\"https:\/\/www.facebook.com\/alterentorn\/\" \/>\n<meta property=\"article:modified_time\" content=\"2025-02-14T17:27:55+00:00\" \/>\n<meta property=\"og:image\" content=\"https:\/\/alter-entorn.com\/wp-content\/uploads\/2017\/07\/sabo-sal.png\" \/>\n\t<meta property=\"og:image:width\" content=\"450\" \/>\n\t<meta property=\"og:image:height\" content=\"450\" \/>\n\t<meta property=\"og:image:type\" content=\"image\/png\" \/>\n<meta name=\"twitter:card\" content=\"summary_large_image\" \/>\n<meta name=\"twitter:site\" content=\"@alterentorn\" \/>\n<script type=\"application\/ld+json\" class=\"yoast-schema-graph\">{\"@context\":\"https:\\\/\\\/schema.org\",\"@graph\":[{\"@type\":\"WebPage\",\"@id\":\"https:\\\/\\\/alter-entorn.com\\\/ca\\\/producto\\\/sabo-sals-bioemsan\\\/\",\"url\":\"https:\\\/\\\/alter-entorn.com\\\/ca\\\/producto\\\/sabo-sals-bioemsan\\\/\",\"name\":\"Sab\u00f3 de sals natural Biomsan per les mans i la cara\",\"isPartOf\":{\"@id\":\"https:\\\/\\\/alter-entorn.com\\\/ca\\\/#website\"},\"primaryImageOfPage\":{\"@id\":\"https:\\\/\\\/alter-entorn.com\\\/ca\\\/producto\\\/sabo-sals-bioemsan\\\/#primaryimage\"},\"image\":{\"@id\":\"https:\\\/\\\/alter-entorn.com\\\/ca\\\/producto\\\/sabo-sals-bioemsan\\\/#primaryimage\"},\"thumbnailUrl\":\"https:\\\/\\\/alter-entorn.com\\\/wp-content\\\/uploads\\\/2017\\\/07\\\/sabo-sal.png\",\"datePublished\":\"2017-07-02T14:08:55+00:00\",\"dateModified\":\"2025-02-14T17:27:55+00:00\",\"description\":\"Sab\u00f3 s\u00f2lid de sals i olis essencials, totalment natural per a la neteja i la hidrataci\u00f3 de les mans i la cara.\",\"breadcrumb\":{\"@id\":\"https:\\\/\\\/alter-entorn.com\\\/ca\\\/producto\\\/sabo-sals-bioemsan\\\/#breadcrumb\"},\"inLanguage\":\"ca\",\"potentialAction\":[{\"@type\":\"ReadAction\",\"target\":[\"https:\\\/\\\/alter-entorn.com\\\/ca\\\/producto\\\/sabo-sals-bioemsan\\\/\"]}]},{\"@type\":\"ImageObject\",\"inLanguage\":\"ca\",\"@id\":\"https:\\\/\\\/alter-entorn.com\\\/ca\\\/producto\\\/sabo-sals-bioemsan\\\/#primaryimage\",\"url\":\"https:\\\/\\\/alter-entorn.com\\\/wp-content\\\/uploads\\\/2017\\\/07\\\/sabo-sal.png\",\"contentUrl\":\"https:\\\/\\\/alter-entorn.com\\\/wp-content\\\/uploads\\\/2017\\\/07\\\/sabo-sal.png\",\"width\":450,\"height\":450,\"caption\":\"sabo sal marina\"},{\"@type\":\"BreadcrumbList\",\"@id\":\"https:\\\/\\\/alter-entorn.com\\\/ca\\\/producto\\\/sabo-sals-bioemsan\\\/#breadcrumb\",\"itemListElement\":[{\"@type\":\"ListItem\",\"position\":1,\"name\":\"Portada\",\"item\":\"https:\\\/\\\/alter-entorn.com\\\/ca\\\/\"},{\"@type\":\"ListItem\",\"position\":2,\"name\":\"Botiga\",\"item\":\"https:\\\/\\\/alter-entorn.com\\\/tienda\\\/\"},{\"@type\":\"ListItem\",\"position\":3,\"name\":\"Sab\u00f3 de sals Bioemsan (75g) &#8211; Cosm\u00e8tica\"}]},{\"@type\":\"WebSite\",\"@id\":\"https:\\\/\\\/alter-entorn.com\\\/ca\\\/#website\",\"url\":\"https:\\\/\\\/alter-entorn.com\\\/ca\\\/\",\"name\":\"alter-entorn\",\"description\":\"Soluciones Microbiol\u00f3gicas probi\u00f3ticos\",\"publisher\":{\"@id\":\"https:\\\/\\\/alter-entorn.com\\\/ca\\\/#organization\"},\"potentialAction\":[{\"@type\":\"SearchAction\",\"target\":{\"@type\":\"EntryPoint\",\"urlTemplate\":\"https:\\\/\\\/alter-entorn.com\\\/ca\\\/?s={search_term_string}\"},\"query-input\":{\"@type\":\"PropertyValueSpecification\",\"valueRequired\":true,\"valueName\":\"search_term_string\"}}],\"inLanguage\":\"ca\"},{\"@type\":\"Organization\",\"@id\":\"https:\\\/\\\/alter-entorn.com\\\/ca\\\/#organization\",\"name\":\"alter-entorn\",\"url\":\"https:\\\/\\\/alter-entorn.com\\\/ca\\\/\",\"logo\":{\"@type\":\"ImageObject\",\"inLanguage\":\"ca\",\"@id\":\"https:\\\/\\\/alter-entorn.com\\\/ca\\\/#\\\/schema\\\/logo\\\/image\\\/\",\"url\":\"https:\\\/\\\/alter-entorn.com\\\/wp-content\\\/uploads\\\/2018\\\/10\\\/logo_alter_entorn-sin-texto-1.png\",\"contentUrl\":\"https:\\\/\\\/alter-entorn.com\\\/wp-content\\\/uploads\\\/2018\\\/10\\\/logo_alter_entorn-sin-texto-1.png\",\"width\":246,\"height\":68,\"caption\":\"alter-entorn\"},\"image\":{\"@id\":\"https:\\\/\\\/alter-entorn.com\\\/ca\\\/#\\\/schema\\\/logo\\\/image\\\/\"},\"sameAs\":[\"https:\\\/\\\/www.facebook.com\\\/alterentorn\\\/\",\"https:\\\/\\\/x.com\\\/alterentorn\"]}]}<\/script>\n<!-- \/ Yoast SEO plugin. -->","yoast_head_json":{"title":"Sab\u00f3 de sals natural Biomsan per les mans i la cara","description":"Sab\u00f3 s\u00f2lid de sals i olis essencials, totalment natural per a la neteja i la hidrataci\u00f3 de les mans i la cara.","robots":{"index":"index","follow":"follow","max-snippet":"max-snippet:-1","max-image-preview":"max-image-preview:large","max-video-preview":"max-video-preview:-1"},"canonical":"https:\/\/alter-entorn.com\/ca\/producto\/sabo-sals-bioemsan\/","og_locale":"ca_ES","og_type":"article","og_title":"Sab\u00f3 de sals natural Biomsan per les mans i la cara","og_description":"Sab\u00f3 s\u00f2lid de sals i olis essencials, totalment natural per a la neteja i la hidrataci\u00f3 de les mans i la cara.","og_url":"https:\/\/alter-entorn.com\/ca\/producto\/sabo-sals-bioemsan\/","og_site_name":"alter-entorn","article_publisher":"https:\/\/www.facebook.com\/alterentorn\/","article_modified_time":"2025-02-14T17:27:55+00:00","og_image":[{"width":450,"height":450,"url":"https:\/\/alter-entorn.com\/wp-content\/uploads\/2017\/07\/sabo-sal.png","type":"image\/png"}],"twitter_card":"summary_large_image","twitter_site":"@alterentorn","schema":{"@context":"https:\/\/schema.org","@graph":[{"@type":"WebPage","@id":"https:\/\/alter-entorn.com\/ca\/producto\/sabo-sals-bioemsan\/","url":"https:\/\/alter-entorn.com\/ca\/producto\/sabo-sals-bioemsan\/","name":"Sab\u00f3 de sals natural Biomsan per les mans i la cara","isPartOf":{"@id":"https:\/\/alter-entorn.com\/ca\/#website"},"primaryImageOfPage":{"@id":"https:\/\/alter-entorn.com\/ca\/producto\/sabo-sals-bioemsan\/#primaryimage"},"image":{"@id":"https:\/\/alter-entorn.com\/ca\/producto\/sabo-sals-bioemsan\/#primaryimage"},"thumbnailUrl":"https:\/\/alter-entorn.com\/wp-content\/uploads\/2017\/07\/sabo-sal.png","datePublished":"2017-07-02T14:08:55+00:00","dateModified":"2025-02-14T17:27:55+00:00","description":"Sab\u00f3 s\u00f2lid de sals i olis essencials, totalment natural per a la neteja i la hidrataci\u00f3 de les mans i la cara.","breadcrumb":{"@id":"https:\/\/alter-entorn.com\/ca\/producto\/sabo-sals-bioemsan\/#breadcrumb"},"inLanguage":"ca","potentialAction":[{"@type":"ReadAction","target":["https:\/\/alter-entorn.com\/ca\/producto\/sabo-sals-bioemsan\/"]}]},{"@type":"ImageObject","inLanguage":"ca","@id":"https:\/\/alter-entorn.com\/ca\/producto\/sabo-sals-bioemsan\/#primaryimage","url":"https:\/\/alter-entorn.com\/wp-content\/uploads\/2017\/07\/sabo-sal.png","contentUrl":"https:\/\/alter-entorn.com\/wp-content\/uploads\/2017\/07\/sabo-sal.png","width":450,"height":450,"caption":"sabo sal marina"},{"@type":"BreadcrumbList","@id":"https:\/\/alter-entorn.com\/ca\/producto\/sabo-sals-bioemsan\/#breadcrumb","itemListElement":[{"@type":"ListItem","position":1,"name":"Portada","item":"https:\/\/alter-entorn.com\/ca\/"},{"@type":"ListItem","position":2,"name":"Botiga","item":"https:\/\/alter-entorn.com\/tienda\/"},{"@type":"ListItem","position":3,"name":"Sab\u00f3 de sals Bioemsan (75g) &#8211; Cosm\u00e8tica"}]},{"@type":"WebSite","@id":"https:\/\/alter-entorn.com\/ca\/#website","url":"https:\/\/alter-entorn.com\/ca\/","name":"alter-entorn","description":"Soluciones Microbiol\u00f3gicas probi\u00f3ticos","publisher":{"@id":"https:\/\/alter-entorn.com\/ca\/#organization"},"potentialAction":[{"@type":"SearchAction","target":{"@type":"EntryPoint","urlTemplate":"https:\/\/alter-entorn.com\/ca\/?s={search_term_string}"},"query-input":{"@type":"PropertyValueSpecification","valueRequired":true,"valueName":"search_term_string"}}],"inLanguage":"ca"},{"@type":"Organization","@id":"https:\/\/alter-entorn.com\/ca\/#organization","name":"alter-entorn","url":"https:\/\/alter-entorn.com\/ca\/","logo":{"@type":"ImageObject","inLanguage":"ca","@id":"https:\/\/alter-entorn.com\/ca\/#\/schema\/logo\/image\/","url":"https:\/\/alter-entorn.com\/wp-content\/uploads\/2018\/10\/logo_alter_entorn-sin-texto-1.png","contentUrl":"https:\/\/alter-entorn.com\/wp-content\/uploads\/2018\/10\/logo_alter_entorn-sin-texto-1.png","width":246,"height":68,"caption":"alter-entorn"},"image":{"@id":"https:\/\/alter-entorn.com\/ca\/#\/schema\/logo\/image\/"},"sameAs":["https:\/\/www.facebook.com\/alterentorn\/","https:\/\/x.com\/alterentorn"]}]}},"_links":{"self":[{"href":"https:\/\/alter-entorn.com\/ca\/wp-json\/wp\/v2\/product\/4068","targetHints":{"allow":["GET"]}}],"collection":[{"href":"https:\/\/alter-entorn.com\/ca\/wp-json\/wp\/v2\/product"}],"about":[{"href":"https:\/\/alter-entorn.com\/ca\/wp-json\/wp\/v2\/types\/product"}],"wp:featuredmedia":[{"embeddable":true,"href":"https:\/\/alter-entorn.com\/ca\/wp-json\/wp\/v2\/media\/3597"}],"wp:attachment":[{"href":"https:\/\/alter-entorn.com\/ca\/wp-json\/wp\/v2\/media?parent=4068"}],"wp:term":[{"taxonomy":"product_brand","embeddable":true,"href":"https:\/\/alter-entorn.com\/ca\/wp-json\/wp\/v2\/product_brand?post=4068"},{"taxonomy":"product_cat","embeddable":true,"href":"https:\/\/alter-entorn.com\/ca\/wp-json\/wp\/v2\/product_cat?post=4068"},{"taxonomy":"product_tag","embeddable":true,"href":"https:\/\/alter-entorn.com\/ca\/wp-json\/wp\/v2\/product_tag?post=4068"}],"curies":[{"name":"wp","href":"https:\/\/api.w.org\/{rel}","templated":true}]}}