{"id":4070,"date":"2017-07-02T16:05:20","date_gmt":"2017-07-02T14:05:20","guid":{"rendered":"http:\/\/alter-entorn.com?product=pasta-de-dents-compatible-amb-lhomeopatia"},"modified":"2025-02-15T00:21:52","modified_gmt":"2025-02-14T22:21:52","slug":"pasta-dents-compatible-amb-lhomeopatia","status":"publish","type":"product","link":"https:\/\/alter-entorn.com\/ca\/producto\/pasta-dents-compatible-amb-lhomeopatia\/","title":{"rendered":"Pasta de Dents compatible amb l&#8217;Homeopatia (80ml) &#8211; Cosm\u00e8tica"},"content":{"rendered":"<p>Neteja total sense danyar l&#8217;esmalt de les dents ni la microbiota bucal. Aconsegueix una higiene completa i \u00e9s efica\u00e7 contra la majoria de problemes bucals com el sagnat de genives, l&#8217;aparici\u00f3 de c\u00e0ries o la formaci\u00f3 de placa. Millora la gingivitis o inflamaci\u00f3 de genives i redueix la quantitat de bacteris anaer\u00f2biques en saliva, les responsables del mal al\u00e8.<\/p>\n<p>&nbsp;<\/p>\n","protected":false},"excerpt":{"rendered":"<p>Aconsegueix i mant\u00e9 una flora bucal sana, protecci\u00f3 contra la c\u00e0ries i la periodontosis. Produeix una sensaci\u00f3 de frescor i benestar, i evita el mal al\u00e8 per a una bona higiene i unes dents blanques i sanes.<\/p>\n<p>Compatible amb l&#8217;homeopatia, amb clorofil\u00b7la natural. PH alcal\u00ed, sense fluor, sense triclosan.<\/p>\n<div class=\"woocommerce-product-details__short-description\">\n<p>Sense conservants, lliure de emulsionants sint\u00e8tics, transg\u00e8nics, frag\u00e0ncies i colorants. Cruelty free.<\/p>\n<p><a href=\"https:\/\/alter-entorn.com\/dentifrico-bioemsan-es-mas-efectivo-que-los-dentifricos-convencionales\/\"> Descobreix tots els beneficis <\/a><\/p>\n<p><img loading=\"lazy\" decoding=\"async\" class=\"alignnone size-medium wp-image-6903\" src=\"https:\/\/alter-entorn.com\/wp-content\/uploads\/2017\/07\/sellos-cosmetica-300x169.png\" alt=\"Sellos de cosm\u00e9tica natural y ecol\u00f3gica Bioemsan\" width=\"300\" height=\"169\" srcset=\"https:\/\/alter-entorn.com\/wp-content\/uploads\/2017\/07\/sellos-cosmetica-300x169.png 300w, https:\/\/alter-entorn.com\/wp-content\/uploads\/2017\/07\/sellos-cosmetica-768x432.png 768w, https:\/\/alter-entorn.com\/wp-content\/uploads\/2017\/07\/sellos-cosmetica-1024x576.png 1024w, https:\/\/alter-entorn.com\/wp-content\/uploads\/2017\/07\/sellos-cosmetica-570x321.png 570w, https:\/\/alter-entorn.com\/wp-content\/uploads\/2017\/07\/sellos-cosmetica.png 1920w\" sizes=\"auto, (max-width: 300px) 100vw, 300px\" \/><\/p>\n<\/div>\n","protected":false},"featured_media":3589,"template":"","meta":{"_joinchat":[]},"product_brand":[],"product_cat":[82,106],"product_tag":[589,590,591,592,593,594,595,596,597],"class_list":{"0":"post-4070","1":"product","2":"type-product","3":"status-publish","4":"has-post-thumbnail","6":"product_cat-salut-i-benestar","7":"product_cat-cosmetica-higiene-natural","8":"product_tag-pasta-dents-sense-mentol","9":"product_tag-pasta-dents-homeopatica","10":"product_tag-dentifric-homeopatic","11":"product_tag-dentifric-sense-mentol","12":"product_tag-conservar-flora-bucal-ca","13":"product_tag-dentifric-natural","14":"product_tag-pasta-de-dents-natural","15":"product_tag-dentifric-sense-fluor","16":"product_tag-pasta-de-dents-sense-fluor","18":"first","19":"instock","20":"taxable","21":"shipping-taxable","22":"purchasable","23":"product-type-simple"},"yoast_head":"<!-- This site is optimized with the Yoast SEO plugin v27.4 - https:\/\/yoast.com\/product\/yoast-seo-wordpress\/ -->\n<title>Dent\u00edfrico natural Biomsan compatible amb l&#039;homeopatia<\/title>\n<meta name=\"description\" content=\"Pasta de dents homeop\u00e0tica amb clorofil\u00b7la natural, sense fluorurs, sense mentol. Conserva la flora bucal, sense triclosan, sense fluor\" \/>\n<meta name=\"robots\" content=\"index, follow, max-snippet:-1, max-image-preview:large, max-video-preview:-1\" \/>\n<link rel=\"canonical\" href=\"https:\/\/alter-entorn.com\/ca\/producto\/pasta-dents-compatible-amb-lhomeopatia\/\" \/>\n<meta property=\"og:locale\" content=\"ca_ES\" \/>\n<meta property=\"og:type\" content=\"article\" \/>\n<meta property=\"og:title\" content=\"Dent\u00edfrico natural Biomsan compatible amb l&#039;homeopatia\" \/>\n<meta property=\"og:description\" content=\"Pasta de dents homeop\u00e0tica amb clorofil\u00b7la natural, sense fluorurs, sense mentol. Conserva la flora bucal, sense triclosan, sense fluor\" \/>\n<meta property=\"og:url\" content=\"https:\/\/alter-entorn.com\/ca\/producto\/pasta-dents-compatible-amb-lhomeopatia\/\" \/>\n<meta property=\"og:site_name\" content=\"alter-entorn\" \/>\n<meta property=\"article:publisher\" content=\"https:\/\/www.facebook.com\/alterentorn\/\" \/>\n<meta property=\"article:modified_time\" content=\"2025-02-14T22:21:52+00:00\" \/>\n<meta property=\"og:image\" content=\"https:\/\/alter-entorn.com\/wp-content\/uploads\/2017\/07\/pasta-homopatia.png\" \/>\n\t<meta property=\"og:image:width\" content=\"450\" \/>\n\t<meta property=\"og:image:height\" content=\"450\" \/>\n\t<meta property=\"og:image:type\" content=\"image\/png\" \/>\n<meta name=\"twitter:card\" content=\"summary_large_image\" \/>\n<meta name=\"twitter:site\" content=\"@alterentorn\" \/>\n<script type=\"application\/ld+json\" class=\"yoast-schema-graph\">{\"@context\":\"https:\\\/\\\/schema.org\",\"@graph\":[{\"@type\":\"WebPage\",\"@id\":\"https:\\\/\\\/alter-entorn.com\\\/ca\\\/producto\\\/pasta-dents-compatible-amb-lhomeopatia\\\/\",\"url\":\"https:\\\/\\\/alter-entorn.com\\\/ca\\\/producto\\\/pasta-dents-compatible-amb-lhomeopatia\\\/\",\"name\":\"Dent\u00edfrico natural Biomsan compatible amb l'homeopatia\",\"isPartOf\":{\"@id\":\"https:\\\/\\\/alter-entorn.com\\\/ca\\\/#website\"},\"primaryImageOfPage\":{\"@id\":\"https:\\\/\\\/alter-entorn.com\\\/ca\\\/producto\\\/pasta-dents-compatible-amb-lhomeopatia\\\/#primaryimage\"},\"image\":{\"@id\":\"https:\\\/\\\/alter-entorn.com\\\/ca\\\/producto\\\/pasta-dents-compatible-amb-lhomeopatia\\\/#primaryimage\"},\"thumbnailUrl\":\"https:\\\/\\\/alter-entorn.com\\\/wp-content\\\/uploads\\\/2017\\\/07\\\/pasta-homopatia.png\",\"datePublished\":\"2017-07-02T14:05:20+00:00\",\"dateModified\":\"2025-02-14T22:21:52+00:00\",\"description\":\"Pasta de dents homeop\u00e0tica amb clorofil\u00b7la natural, sense fluorurs, sense mentol. Conserva la flora bucal, sense triclosan, sense fluor\",\"breadcrumb\":{\"@id\":\"https:\\\/\\\/alter-entorn.com\\\/ca\\\/producto\\\/pasta-dents-compatible-amb-lhomeopatia\\\/#breadcrumb\"},\"inLanguage\":\"ca\",\"potentialAction\":[{\"@type\":\"ReadAction\",\"target\":[\"https:\\\/\\\/alter-entorn.com\\\/ca\\\/producto\\\/pasta-dents-compatible-amb-lhomeopatia\\\/\"]}]},{\"@type\":\"ImageObject\",\"inLanguage\":\"ca\",\"@id\":\"https:\\\/\\\/alter-entorn.com\\\/ca\\\/producto\\\/pasta-dents-compatible-amb-lhomeopatia\\\/#primaryimage\",\"url\":\"https:\\\/\\\/alter-entorn.com\\\/wp-content\\\/uploads\\\/2017\\\/07\\\/pasta-homopatia.png\",\"contentUrl\":\"https:\\\/\\\/alter-entorn.com\\\/wp-content\\\/uploads\\\/2017\\\/07\\\/pasta-homopatia.png\",\"width\":450,\"height\":450,\"caption\":\"pasta dents homeopatica\"},{\"@type\":\"BreadcrumbList\",\"@id\":\"https:\\\/\\\/alter-entorn.com\\\/ca\\\/producto\\\/pasta-dents-compatible-amb-lhomeopatia\\\/#breadcrumb\",\"itemListElement\":[{\"@type\":\"ListItem\",\"position\":1,\"name\":\"Portada\",\"item\":\"https:\\\/\\\/alter-entorn.com\\\/ca\\\/\"},{\"@type\":\"ListItem\",\"position\":2,\"name\":\"Botiga\",\"item\":\"https:\\\/\\\/alter-entorn.com\\\/tienda\\\/\"},{\"@type\":\"ListItem\",\"position\":3,\"name\":\"Pasta de Dents compatible amb l&#8217;Homeopatia (80ml) &#8211; Cosm\u00e8tica\"}]},{\"@type\":\"WebSite\",\"@id\":\"https:\\\/\\\/alter-entorn.com\\\/ca\\\/#website\",\"url\":\"https:\\\/\\\/alter-entorn.com\\\/ca\\\/\",\"name\":\"alter-entorn\",\"description\":\"Soluciones Microbiol\u00f3gicas probi\u00f3ticos\",\"publisher\":{\"@id\":\"https:\\\/\\\/alter-entorn.com\\\/ca\\\/#organization\"},\"potentialAction\":[{\"@type\":\"SearchAction\",\"target\":{\"@type\":\"EntryPoint\",\"urlTemplate\":\"https:\\\/\\\/alter-entorn.com\\\/ca\\\/?s={search_term_string}\"},\"query-input\":{\"@type\":\"PropertyValueSpecification\",\"valueRequired\":true,\"valueName\":\"search_term_string\"}}],\"inLanguage\":\"ca\"},{\"@type\":\"Organization\",\"@id\":\"https:\\\/\\\/alter-entorn.com\\\/ca\\\/#organization\",\"name\":\"alter-entorn\",\"url\":\"https:\\\/\\\/alter-entorn.com\\\/ca\\\/\",\"logo\":{\"@type\":\"ImageObject\",\"inLanguage\":\"ca\",\"@id\":\"https:\\\/\\\/alter-entorn.com\\\/ca\\\/#\\\/schema\\\/logo\\\/image\\\/\",\"url\":\"https:\\\/\\\/alter-entorn.com\\\/wp-content\\\/uploads\\\/2018\\\/10\\\/logo_alter_entorn-sin-texto-1.png\",\"contentUrl\":\"https:\\\/\\\/alter-entorn.com\\\/wp-content\\\/uploads\\\/2018\\\/10\\\/logo_alter_entorn-sin-texto-1.png\",\"width\":246,\"height\":68,\"caption\":\"alter-entorn\"},\"image\":{\"@id\":\"https:\\\/\\\/alter-entorn.com\\\/ca\\\/#\\\/schema\\\/logo\\\/image\\\/\"},\"sameAs\":[\"https:\\\/\\\/www.facebook.com\\\/alterentorn\\\/\",\"https:\\\/\\\/x.com\\\/alterentorn\"]}]}<\/script>\n<!-- \/ Yoast SEO plugin. -->","yoast_head_json":{"title":"Dent\u00edfrico natural Biomsan compatible amb l'homeopatia","description":"Pasta de dents homeop\u00e0tica amb clorofil\u00b7la natural, sense fluorurs, sense mentol. Conserva la flora bucal, sense triclosan, sense fluor","robots":{"index":"index","follow":"follow","max-snippet":"max-snippet:-1","max-image-preview":"max-image-preview:large","max-video-preview":"max-video-preview:-1"},"canonical":"https:\/\/alter-entorn.com\/ca\/producto\/pasta-dents-compatible-amb-lhomeopatia\/","og_locale":"ca_ES","og_type":"article","og_title":"Dent\u00edfrico natural Biomsan compatible amb l'homeopatia","og_description":"Pasta de dents homeop\u00e0tica amb clorofil\u00b7la natural, sense fluorurs, sense mentol. Conserva la flora bucal, sense triclosan, sense fluor","og_url":"https:\/\/alter-entorn.com\/ca\/producto\/pasta-dents-compatible-amb-lhomeopatia\/","og_site_name":"alter-entorn","article_publisher":"https:\/\/www.facebook.com\/alterentorn\/","article_modified_time":"2025-02-14T22:21:52+00:00","og_image":[{"width":450,"height":450,"url":"https:\/\/alter-entorn.com\/wp-content\/uploads\/2017\/07\/pasta-homopatia.png","type":"image\/png"}],"twitter_card":"summary_large_image","twitter_site":"@alterentorn","schema":{"@context":"https:\/\/schema.org","@graph":[{"@type":"WebPage","@id":"https:\/\/alter-entorn.com\/ca\/producto\/pasta-dents-compatible-amb-lhomeopatia\/","url":"https:\/\/alter-entorn.com\/ca\/producto\/pasta-dents-compatible-amb-lhomeopatia\/","name":"Dent\u00edfrico natural Biomsan compatible amb l'homeopatia","isPartOf":{"@id":"https:\/\/alter-entorn.com\/ca\/#website"},"primaryImageOfPage":{"@id":"https:\/\/alter-entorn.com\/ca\/producto\/pasta-dents-compatible-amb-lhomeopatia\/#primaryimage"},"image":{"@id":"https:\/\/alter-entorn.com\/ca\/producto\/pasta-dents-compatible-amb-lhomeopatia\/#primaryimage"},"thumbnailUrl":"https:\/\/alter-entorn.com\/wp-content\/uploads\/2017\/07\/pasta-homopatia.png","datePublished":"2017-07-02T14:05:20+00:00","dateModified":"2025-02-14T22:21:52+00:00","description":"Pasta de dents homeop\u00e0tica amb clorofil\u00b7la natural, sense fluorurs, sense mentol. Conserva la flora bucal, sense triclosan, sense fluor","breadcrumb":{"@id":"https:\/\/alter-entorn.com\/ca\/producto\/pasta-dents-compatible-amb-lhomeopatia\/#breadcrumb"},"inLanguage":"ca","potentialAction":[{"@type":"ReadAction","target":["https:\/\/alter-entorn.com\/ca\/producto\/pasta-dents-compatible-amb-lhomeopatia\/"]}]},{"@type":"ImageObject","inLanguage":"ca","@id":"https:\/\/alter-entorn.com\/ca\/producto\/pasta-dents-compatible-amb-lhomeopatia\/#primaryimage","url":"https:\/\/alter-entorn.com\/wp-content\/uploads\/2017\/07\/pasta-homopatia.png","contentUrl":"https:\/\/alter-entorn.com\/wp-content\/uploads\/2017\/07\/pasta-homopatia.png","width":450,"height":450,"caption":"pasta dents homeopatica"},{"@type":"BreadcrumbList","@id":"https:\/\/alter-entorn.com\/ca\/producto\/pasta-dents-compatible-amb-lhomeopatia\/#breadcrumb","itemListElement":[{"@type":"ListItem","position":1,"name":"Portada","item":"https:\/\/alter-entorn.com\/ca\/"},{"@type":"ListItem","position":2,"name":"Botiga","item":"https:\/\/alter-entorn.com\/tienda\/"},{"@type":"ListItem","position":3,"name":"Pasta de Dents compatible amb l&#8217;Homeopatia (80ml) &#8211; Cosm\u00e8tica"}]},{"@type":"WebSite","@id":"https:\/\/alter-entorn.com\/ca\/#website","url":"https:\/\/alter-entorn.com\/ca\/","name":"alter-entorn","description":"Soluciones Microbiol\u00f3gicas probi\u00f3ticos","publisher":{"@id":"https:\/\/alter-entorn.com\/ca\/#organization"},"potentialAction":[{"@type":"SearchAction","target":{"@type":"EntryPoint","urlTemplate":"https:\/\/alter-entorn.com\/ca\/?s={search_term_string}"},"query-input":{"@type":"PropertyValueSpecification","valueRequired":true,"valueName":"search_term_string"}}],"inLanguage":"ca"},{"@type":"Organization","@id":"https:\/\/alter-entorn.com\/ca\/#organization","name":"alter-entorn","url":"https:\/\/alter-entorn.com\/ca\/","logo":{"@type":"ImageObject","inLanguage":"ca","@id":"https:\/\/alter-entorn.com\/ca\/#\/schema\/logo\/image\/","url":"https:\/\/alter-entorn.com\/wp-content\/uploads\/2018\/10\/logo_alter_entorn-sin-texto-1.png","contentUrl":"https:\/\/alter-entorn.com\/wp-content\/uploads\/2018\/10\/logo_alter_entorn-sin-texto-1.png","width":246,"height":68,"caption":"alter-entorn"},"image":{"@id":"https:\/\/alter-entorn.com\/ca\/#\/schema\/logo\/image\/"},"sameAs":["https:\/\/www.facebook.com\/alterentorn\/","https:\/\/x.com\/alterentorn"]}]}},"_links":{"self":[{"href":"https:\/\/alter-entorn.com\/ca\/wp-json\/wp\/v2\/product\/4070","targetHints":{"allow":["GET"]}}],"collection":[{"href":"https:\/\/alter-entorn.com\/ca\/wp-json\/wp\/v2\/product"}],"about":[{"href":"https:\/\/alter-entorn.com\/ca\/wp-json\/wp\/v2\/types\/product"}],"wp:featuredmedia":[{"embeddable":true,"href":"https:\/\/alter-entorn.com\/ca\/wp-json\/wp\/v2\/media\/3589"}],"wp:attachment":[{"href":"https:\/\/alter-entorn.com\/ca\/wp-json\/wp\/v2\/media?parent=4070"}],"wp:term":[{"taxonomy":"product_brand","embeddable":true,"href":"https:\/\/alter-entorn.com\/ca\/wp-json\/wp\/v2\/product_brand?post=4070"},{"taxonomy":"product_cat","embeddable":true,"href":"https:\/\/alter-entorn.com\/ca\/wp-json\/wp\/v2\/product_cat?post=4070"},{"taxonomy":"product_tag","embeddable":true,"href":"https:\/\/alter-entorn.com\/ca\/wp-json\/wp\/v2\/product_tag?post=4070"}],"curies":[{"name":"wp","href":"https:\/\/api.w.org\/{rel}","templated":true}]}}