{"id":4071,"date":"2017-07-02T15:58:25","date_gmt":"2017-07-02T13:58:25","guid":{"rendered":"http:\/\/alter-entorn.com?product=manju"},"modified":"2025-02-16T19:00:29","modified_gmt":"2025-02-16T17:00:29","slug":"manju","status":"publish","type":"product","link":"https:\/\/alter-entorn.com\/ca\/producto\/manju\/","title":{"rendered":"Manju (500ml) &#8211; Beguda fermentada"},"content":{"rendered":"<p>Manju significa &#8220;elixir de vida llarga&#8221; i es produeix mitjan\u00e7ant la fermentaci\u00f3 curosa de papaias verdes de Okinawa, arr\u00f2s integral, seg\u00f3 d&#8217;arr\u00f2s de cultius org\u00e0nics i algues marrons amb microorganismes especials. El proc\u00e9s de fermentaci\u00f3 dels ingredients naturals i ecol\u00f2gics de gran qualitat, proporcionen al Manju un gran poder antioxidant, un refor\u00e7 pel sistema immunitari i un plus de benestar per qui el pren.<\/p>\n<p>Es recomana consumir-lo especialment durant els canvis d&#8217;estaci\u00f3 i canvis personals importants, viatges, \u00e8poques d&#8217;estr\u00e9s, etc.<\/p>\n<p>&nbsp;<\/p>\n<p>&nbsp;<\/p>\n","protected":false},"excerpt":{"rendered":"<p><span lang=\"es-ES\">Beguda de fermentaci\u00f3 que ajuda a enfortir el sistema immunol\u00f2gic i augmenta la sensaci\u00f3 de benestar amb grans poders antioxidants. <\/span><\/p>\n","protected":false},"featured_media":3564,"template":"","meta":{"_joinchat":[]},"product_brand":[],"product_cat":[82,105],"product_tag":[479,598,599,600,601,602,603,604,605,606],"class_list":{"0":"post-4071","1":"product","2":"type-product","3":"status-publish","4":"has-post-thumbnail","6":"product_cat-salut-i-benestar","7":"product_cat-suplements-probiotics","8":"product_tag-suplements-probiotics","9":"product_tag-suplements-naturals","10":"product_tag-suplements-alimentaris-naturals","11":"product_tag-suplements-alimenticis-naturals","12":"product_tag-manju-ca","13":"product_tag-beguda-fermentada","14":"product_tag-enfortir-sistema-inmunologic","15":"product_tag-augmentar-defenses","16":"product_tag-suplements-liquids","17":"product_tag-beguda-microorganismes","19":"first","20":"onbackorder","21":"taxable","22":"shipping-taxable","23":"purchasable","24":"product-type-simple"},"yoast_head":"<!-- This site is optimized with the Yoast SEO plugin v27.4 - https:\/\/yoast.com\/product\/yoast-seo-wordpress\/ -->\n<title>Beguda fermentada Manju per augmentar les defenses<\/title>\n<meta name=\"description\" content=\"Beguda de fermentaci\u00f3 a partir d&#039;ingredients naturals que enforteixen el sistema immunitari i augmenten la sensaci\u00f3 de benestar.\" \/>\n<meta name=\"robots\" content=\"index, follow, max-snippet:-1, max-image-preview:large, max-video-preview:-1\" \/>\n<link rel=\"canonical\" href=\"https:\/\/alter-entorn.com\/ca\/producto\/manju\/\" \/>\n<meta property=\"og:locale\" content=\"ca_ES\" \/>\n<meta property=\"og:type\" content=\"article\" \/>\n<meta property=\"og:title\" content=\"Beguda fermentada Manju per augmentar les defenses\" \/>\n<meta property=\"og:description\" content=\"Beguda de fermentaci\u00f3 a partir d&#039;ingredients naturals que enforteixen el sistema immunitari i augmenten la sensaci\u00f3 de benestar.\" \/>\n<meta property=\"og:url\" content=\"https:\/\/alter-entorn.com\/ca\/producto\/manju\/\" \/>\n<meta property=\"og:site_name\" content=\"alter-entorn\" \/>\n<meta property=\"article:publisher\" content=\"https:\/\/www.facebook.com\/alterentorn\/\" \/>\n<meta property=\"article:modified_time\" content=\"2025-02-16T17:00:29+00:00\" \/>\n<meta property=\"og:image\" content=\"https:\/\/alter-entorn.com\/wp-content\/uploads\/2017\/07\/manju.png\" \/>\n\t<meta property=\"og:image:width\" content=\"450\" \/>\n\t<meta property=\"og:image:height\" content=\"450\" \/>\n\t<meta property=\"og:image:type\" content=\"image\/png\" \/>\n<meta name=\"twitter:card\" content=\"summary_large_image\" \/>\n<meta name=\"twitter:site\" content=\"@alterentorn\" \/>\n<script type=\"application\/ld+json\" class=\"yoast-schema-graph\">{\"@context\":\"https:\\\/\\\/schema.org\",\"@graph\":[{\"@type\":\"WebPage\",\"@id\":\"https:\\\/\\\/alter-entorn.com\\\/ca\\\/producto\\\/manju\\\/\",\"url\":\"https:\\\/\\\/alter-entorn.com\\\/ca\\\/producto\\\/manju\\\/\",\"name\":\"Beguda fermentada Manju per augmentar les defenses\",\"isPartOf\":{\"@id\":\"https:\\\/\\\/alter-entorn.com\\\/ca\\\/#website\"},\"primaryImageOfPage\":{\"@id\":\"https:\\\/\\\/alter-entorn.com\\\/ca\\\/producto\\\/manju\\\/#primaryimage\"},\"image\":{\"@id\":\"https:\\\/\\\/alter-entorn.com\\\/ca\\\/producto\\\/manju\\\/#primaryimage\"},\"thumbnailUrl\":\"https:\\\/\\\/alter-entorn.com\\\/wp-content\\\/uploads\\\/2017\\\/07\\\/manju.png\",\"datePublished\":\"2017-07-02T13:58:25+00:00\",\"dateModified\":\"2025-02-16T17:00:29+00:00\",\"description\":\"Beguda de fermentaci\u00f3 a partir d'ingredients naturals que enforteixen el sistema immunitari i augmenten la sensaci\u00f3 de benestar.\",\"breadcrumb\":{\"@id\":\"https:\\\/\\\/alter-entorn.com\\\/ca\\\/producto\\\/manju\\\/#breadcrumb\"},\"inLanguage\":\"ca\",\"potentialAction\":[{\"@type\":\"ReadAction\",\"target\":[\"https:\\\/\\\/alter-entorn.com\\\/ca\\\/producto\\\/manju\\\/\"]}]},{\"@type\":\"ImageObject\",\"inLanguage\":\"ca\",\"@id\":\"https:\\\/\\\/alter-entorn.com\\\/ca\\\/producto\\\/manju\\\/#primaryimage\",\"url\":\"https:\\\/\\\/alter-entorn.com\\\/wp-content\\\/uploads\\\/2017\\\/07\\\/manju.png\",\"contentUrl\":\"https:\\\/\\\/alter-entorn.com\\\/wp-content\\\/uploads\\\/2017\\\/07\\\/manju.png\",\"width\":450,\"height\":450,\"caption\":\"suplement alimentici\"},{\"@type\":\"BreadcrumbList\",\"@id\":\"https:\\\/\\\/alter-entorn.com\\\/ca\\\/producto\\\/manju\\\/#breadcrumb\",\"itemListElement\":[{\"@type\":\"ListItem\",\"position\":1,\"name\":\"Portada\",\"item\":\"https:\\\/\\\/alter-entorn.com\\\/ca\\\/\"},{\"@type\":\"ListItem\",\"position\":2,\"name\":\"Botiga\",\"item\":\"https:\\\/\\\/alter-entorn.com\\\/tienda\\\/\"},{\"@type\":\"ListItem\",\"position\":3,\"name\":\"Manju (500ml) &#8211; Beguda fermentada\"}]},{\"@type\":\"WebSite\",\"@id\":\"https:\\\/\\\/alter-entorn.com\\\/ca\\\/#website\",\"url\":\"https:\\\/\\\/alter-entorn.com\\\/ca\\\/\",\"name\":\"alter-entorn\",\"description\":\"Soluciones Microbiol\u00f3gicas probi\u00f3ticos\",\"publisher\":{\"@id\":\"https:\\\/\\\/alter-entorn.com\\\/ca\\\/#organization\"},\"potentialAction\":[{\"@type\":\"SearchAction\",\"target\":{\"@type\":\"EntryPoint\",\"urlTemplate\":\"https:\\\/\\\/alter-entorn.com\\\/ca\\\/?s={search_term_string}\"},\"query-input\":{\"@type\":\"PropertyValueSpecification\",\"valueRequired\":true,\"valueName\":\"search_term_string\"}}],\"inLanguage\":\"ca\"},{\"@type\":\"Organization\",\"@id\":\"https:\\\/\\\/alter-entorn.com\\\/ca\\\/#organization\",\"name\":\"alter-entorn\",\"url\":\"https:\\\/\\\/alter-entorn.com\\\/ca\\\/\",\"logo\":{\"@type\":\"ImageObject\",\"inLanguage\":\"ca\",\"@id\":\"https:\\\/\\\/alter-entorn.com\\\/ca\\\/#\\\/schema\\\/logo\\\/image\\\/\",\"url\":\"https:\\\/\\\/alter-entorn.com\\\/wp-content\\\/uploads\\\/2018\\\/10\\\/logo_alter_entorn-sin-texto-1.png\",\"contentUrl\":\"https:\\\/\\\/alter-entorn.com\\\/wp-content\\\/uploads\\\/2018\\\/10\\\/logo_alter_entorn-sin-texto-1.png\",\"width\":246,\"height\":68,\"caption\":\"alter-entorn\"},\"image\":{\"@id\":\"https:\\\/\\\/alter-entorn.com\\\/ca\\\/#\\\/schema\\\/logo\\\/image\\\/\"},\"sameAs\":[\"https:\\\/\\\/www.facebook.com\\\/alterentorn\\\/\",\"https:\\\/\\\/x.com\\\/alterentorn\"]}]}<\/script>\n<!-- \/ Yoast SEO plugin. -->","yoast_head_json":{"title":"Beguda fermentada Manju per augmentar les defenses","description":"Beguda de fermentaci\u00f3 a partir d'ingredients naturals que enforteixen el sistema immunitari i augmenten la sensaci\u00f3 de benestar.","robots":{"index":"index","follow":"follow","max-snippet":"max-snippet:-1","max-image-preview":"max-image-preview:large","max-video-preview":"max-video-preview:-1"},"canonical":"https:\/\/alter-entorn.com\/ca\/producto\/manju\/","og_locale":"ca_ES","og_type":"article","og_title":"Beguda fermentada Manju per augmentar les defenses","og_description":"Beguda de fermentaci\u00f3 a partir d'ingredients naturals que enforteixen el sistema immunitari i augmenten la sensaci\u00f3 de benestar.","og_url":"https:\/\/alter-entorn.com\/ca\/producto\/manju\/","og_site_name":"alter-entorn","article_publisher":"https:\/\/www.facebook.com\/alterentorn\/","article_modified_time":"2025-02-16T17:00:29+00:00","og_image":[{"width":450,"height":450,"url":"https:\/\/alter-entorn.com\/wp-content\/uploads\/2017\/07\/manju.png","type":"image\/png"}],"twitter_card":"summary_large_image","twitter_site":"@alterentorn","schema":{"@context":"https:\/\/schema.org","@graph":[{"@type":"WebPage","@id":"https:\/\/alter-entorn.com\/ca\/producto\/manju\/","url":"https:\/\/alter-entorn.com\/ca\/producto\/manju\/","name":"Beguda fermentada Manju per augmentar les defenses","isPartOf":{"@id":"https:\/\/alter-entorn.com\/ca\/#website"},"primaryImageOfPage":{"@id":"https:\/\/alter-entorn.com\/ca\/producto\/manju\/#primaryimage"},"image":{"@id":"https:\/\/alter-entorn.com\/ca\/producto\/manju\/#primaryimage"},"thumbnailUrl":"https:\/\/alter-entorn.com\/wp-content\/uploads\/2017\/07\/manju.png","datePublished":"2017-07-02T13:58:25+00:00","dateModified":"2025-02-16T17:00:29+00:00","description":"Beguda de fermentaci\u00f3 a partir d'ingredients naturals que enforteixen el sistema immunitari i augmenten la sensaci\u00f3 de benestar.","breadcrumb":{"@id":"https:\/\/alter-entorn.com\/ca\/producto\/manju\/#breadcrumb"},"inLanguage":"ca","potentialAction":[{"@type":"ReadAction","target":["https:\/\/alter-entorn.com\/ca\/producto\/manju\/"]}]},{"@type":"ImageObject","inLanguage":"ca","@id":"https:\/\/alter-entorn.com\/ca\/producto\/manju\/#primaryimage","url":"https:\/\/alter-entorn.com\/wp-content\/uploads\/2017\/07\/manju.png","contentUrl":"https:\/\/alter-entorn.com\/wp-content\/uploads\/2017\/07\/manju.png","width":450,"height":450,"caption":"suplement alimentici"},{"@type":"BreadcrumbList","@id":"https:\/\/alter-entorn.com\/ca\/producto\/manju\/#breadcrumb","itemListElement":[{"@type":"ListItem","position":1,"name":"Portada","item":"https:\/\/alter-entorn.com\/ca\/"},{"@type":"ListItem","position":2,"name":"Botiga","item":"https:\/\/alter-entorn.com\/tienda\/"},{"@type":"ListItem","position":3,"name":"Manju (500ml) &#8211; Beguda fermentada"}]},{"@type":"WebSite","@id":"https:\/\/alter-entorn.com\/ca\/#website","url":"https:\/\/alter-entorn.com\/ca\/","name":"alter-entorn","description":"Soluciones Microbiol\u00f3gicas probi\u00f3ticos","publisher":{"@id":"https:\/\/alter-entorn.com\/ca\/#organization"},"potentialAction":[{"@type":"SearchAction","target":{"@type":"EntryPoint","urlTemplate":"https:\/\/alter-entorn.com\/ca\/?s={search_term_string}"},"query-input":{"@type":"PropertyValueSpecification","valueRequired":true,"valueName":"search_term_string"}}],"inLanguage":"ca"},{"@type":"Organization","@id":"https:\/\/alter-entorn.com\/ca\/#organization","name":"alter-entorn","url":"https:\/\/alter-entorn.com\/ca\/","logo":{"@type":"ImageObject","inLanguage":"ca","@id":"https:\/\/alter-entorn.com\/ca\/#\/schema\/logo\/image\/","url":"https:\/\/alter-entorn.com\/wp-content\/uploads\/2018\/10\/logo_alter_entorn-sin-texto-1.png","contentUrl":"https:\/\/alter-entorn.com\/wp-content\/uploads\/2018\/10\/logo_alter_entorn-sin-texto-1.png","width":246,"height":68,"caption":"alter-entorn"},"image":{"@id":"https:\/\/alter-entorn.com\/ca\/#\/schema\/logo\/image\/"},"sameAs":["https:\/\/www.facebook.com\/alterentorn\/","https:\/\/x.com\/alterentorn"]}]}},"_links":{"self":[{"href":"https:\/\/alter-entorn.com\/ca\/wp-json\/wp\/v2\/product\/4071","targetHints":{"allow":["GET"]}}],"collection":[{"href":"https:\/\/alter-entorn.com\/ca\/wp-json\/wp\/v2\/product"}],"about":[{"href":"https:\/\/alter-entorn.com\/ca\/wp-json\/wp\/v2\/types\/product"}],"wp:featuredmedia":[{"embeddable":true,"href":"https:\/\/alter-entorn.com\/ca\/wp-json\/wp\/v2\/media\/3564"}],"wp:attachment":[{"href":"https:\/\/alter-entorn.com\/ca\/wp-json\/wp\/v2\/media?parent=4071"}],"wp:term":[{"taxonomy":"product_brand","embeddable":true,"href":"https:\/\/alter-entorn.com\/ca\/wp-json\/wp\/v2\/product_brand?post=4071"},{"taxonomy":"product_cat","embeddable":true,"href":"https:\/\/alter-entorn.com\/ca\/wp-json\/wp\/v2\/product_cat?post=4071"},{"taxonomy":"product_tag","embeddable":true,"href":"https:\/\/alter-entorn.com\/ca\/wp-json\/wp\/v2\/product_tag?post=4071"}],"curies":[{"name":"wp","href":"https:\/\/api.w.org\/{rel}","templated":true}]}}