{"id":4076,"date":"2017-07-02T14:29:22","date_gmt":"2017-07-02T12:29:22","guid":{"rendered":"http:\/\/alter-entorn.com?product=bio-live-goo-for-you"},"modified":"2026-01-08T14:00:00","modified_gmt":"2026-01-08T12:00:00","slug":"bio-live-goo-for-you","status":"publish","type":"product","link":"https:\/\/alter-entorn.com\/ca\/producto\/bio-live-goo-for-you\/","title":{"rendered":"microbz Kids"},"content":{"rendered":"<p>Restaura la salut digestiva, alleugerint el dolor intestinal, augmentant la sensaci\u00f3 de benestar i reduint els nivells d\u2019estr\u00e8s. Millora la toler\u00e0ncia al blat i als productes l\u00e0ctics. Antioxidant.<\/p>\n<p>Combina microorganismes beneficiosos acuradament sel\u00b7leccionats amb m\u00e9s de 30 sucs naturals, minerals i herbes.\u00a0Apte per a dietes vegetarianes i veganes.<\/p>\n<p>Aquest \u00e9s un complement alimentari i no un producte m\u00e8dic. Els efectes no estan garantits i els resultats poden variar.<\/p>\n<p><strong><a href=\"https:\/\/alter-entorn.com\/ca\/bio-live-goo-for-you-beguda-fermentada-especifica-per-nens\/\">M\u00e9s informaci\u00f3<\/a><\/strong><\/p>\n","protected":false},"excerpt":{"rendered":"<p><strong>VEGAN<\/strong><\/p>\n<p>Beguda de fermentaci\u00f3 natural a partir de microorganismes beneficiosos, herbes, sucs i minerals. Restaura la flora intestinal, t\u00e9 un gran poder antioxidant i enforteix el sistema immunol\u00f2gic. Especial per a nens, dones embarassades i en lact\u00e0ncia.<\/p>\n<p>Sense lactosa, sense gluten, sense sucre.<\/p>\n","protected":false},"featured_media":10312,"template":"","meta":{"_joinchat":[]},"product_brand":[],"product_cat":[82,105],"product_tag":[634,635,636,637,638,639,640,641,642,643],"class_list":{"0":"post-4076","1":"product","2":"type-product","3":"status-publish","4":"has-post-thumbnail","6":"product_cat-salut-i-benestar","7":"product_cat-suplements-probiotics","8":"product_tag-suplement-probiotic-liquid","9":"product_tag-suplements-liquids-nens","10":"product_tag-begudes-microorganismes","11":"product_tag-probiotics-nens","12":"product_tag-suplement-alimentari-embarassades","13":"product_tag-probiotics-sense-gluten","14":"product_tag-probiotics-sense-lactosa","15":"product_tag-suplement-alimentari-infantil","16":"product_tag-biolive-goo-ca","17":"product_tag-probiotics-infantils","19":"first","20":"instock","21":"taxable","22":"shipping-taxable","23":"purchasable","24":"product-type-variable"},"yoast_head":"<!-- This site is optimized with the Yoast SEO plugin v27.4 - https:\/\/yoast.com\/product\/yoast-seo-wordpress\/ -->\n<title>microbz Kids beguda probi\u00f3tica fermentada per a infants<\/title>\n<meta name=\"description\" content=\"Beguda fermentada espec\u00edfica per infants, dones embarassades i en lact\u00e0ncia. Elaborat a partir d&#039;ingredients naturals i microbiologia\" \/>\n<meta name=\"robots\" content=\"index, follow, max-snippet:-1, max-image-preview:large, max-video-preview:-1\" \/>\n<link rel=\"canonical\" href=\"https:\/\/alter-entorn.com\/ca\/producto\/bio-live-goo-for-you\/\" \/>\n<meta property=\"og:locale\" content=\"ca_ES\" \/>\n<meta property=\"og:type\" content=\"article\" \/>\n<meta property=\"og:title\" content=\"microbz Kids beguda probi\u00f3tica fermentada per a infants\" \/>\n<meta property=\"og:description\" content=\"Beguda fermentada espec\u00edfica per infants, dones embarassades i en lact\u00e0ncia. Elaborat a partir d&#039;ingredients naturals i microbiologia\" \/>\n<meta property=\"og:url\" content=\"https:\/\/alter-entorn.com\/ca\/producto\/bio-live-goo-for-you\/\" \/>\n<meta property=\"og:site_name\" content=\"alter-entorn\" \/>\n<meta property=\"article:publisher\" content=\"https:\/\/www.facebook.com\/alterentorn\/\" \/>\n<meta property=\"article:modified_time\" content=\"2026-01-08T12:00:00+00:00\" \/>\n<meta property=\"og:image\" content=\"https:\/\/alter-entorn.com\/wp-content\/uploads\/2017\/08\/blkids1.png\" \/>\n\t<meta property=\"og:image:width\" content=\"1000\" \/>\n\t<meta property=\"og:image:height\" content=\"1500\" \/>\n\t<meta property=\"og:image:type\" content=\"image\/png\" \/>\n<meta name=\"twitter:card\" content=\"summary_large_image\" \/>\n<meta name=\"twitter:site\" content=\"@alterentorn\" \/>\n<script type=\"application\/ld+json\" class=\"yoast-schema-graph\">{\"@context\":\"https:\\\/\\\/schema.org\",\"@graph\":[{\"@type\":\"WebPage\",\"@id\":\"https:\\\/\\\/alter-entorn.com\\\/ca\\\/producto\\\/bio-live-goo-for-you\\\/\",\"url\":\"https:\\\/\\\/alter-entorn.com\\\/ca\\\/producto\\\/bio-live-goo-for-you\\\/\",\"name\":\"microbz Kids beguda probi\u00f3tica fermentada per a infants\",\"isPartOf\":{\"@id\":\"https:\\\/\\\/alter-entorn.com\\\/ca\\\/#website\"},\"primaryImageOfPage\":{\"@id\":\"https:\\\/\\\/alter-entorn.com\\\/ca\\\/producto\\\/bio-live-goo-for-you\\\/#primaryimage\"},\"image\":{\"@id\":\"https:\\\/\\\/alter-entorn.com\\\/ca\\\/producto\\\/bio-live-goo-for-you\\\/#primaryimage\"},\"thumbnailUrl\":\"https:\\\/\\\/alter-entorn.com\\\/wp-content\\\/uploads\\\/2017\\\/08\\\/blkids1.png\",\"datePublished\":\"2017-07-02T12:29:22+00:00\",\"dateModified\":\"2026-01-08T12:00:00+00:00\",\"description\":\"Beguda fermentada espec\u00edfica per infants, dones embarassades i en lact\u00e0ncia. Elaborat a partir d'ingredients naturals i microbiologia\",\"breadcrumb\":{\"@id\":\"https:\\\/\\\/alter-entorn.com\\\/ca\\\/producto\\\/bio-live-goo-for-you\\\/#breadcrumb\"},\"inLanguage\":\"ca\",\"potentialAction\":[{\"@type\":\"ReadAction\",\"target\":[\"https:\\\/\\\/alter-entorn.com\\\/ca\\\/producto\\\/bio-live-goo-for-you\\\/\"]}]},{\"@type\":\"ImageObject\",\"inLanguage\":\"ca\",\"@id\":\"https:\\\/\\\/alter-entorn.com\\\/ca\\\/producto\\\/bio-live-goo-for-you\\\/#primaryimage\",\"url\":\"https:\\\/\\\/alter-entorn.com\\\/wp-content\\\/uploads\\\/2017\\\/08\\\/blkids1.png\",\"contentUrl\":\"https:\\\/\\\/alter-entorn.com\\\/wp-content\\\/uploads\\\/2017\\\/08\\\/blkids1.png\",\"width\":1000,\"height\":1500},{\"@type\":\"BreadcrumbList\",\"@id\":\"https:\\\/\\\/alter-entorn.com\\\/ca\\\/producto\\\/bio-live-goo-for-you\\\/#breadcrumb\",\"itemListElement\":[{\"@type\":\"ListItem\",\"position\":1,\"name\":\"Portada\",\"item\":\"https:\\\/\\\/alter-entorn.com\\\/ca\\\/\"},{\"@type\":\"ListItem\",\"position\":2,\"name\":\"Botiga\",\"item\":\"https:\\\/\\\/alter-entorn.com\\\/tienda\\\/\"},{\"@type\":\"ListItem\",\"position\":3,\"name\":\"microbz Kids\"}]},{\"@type\":\"WebSite\",\"@id\":\"https:\\\/\\\/alter-entorn.com\\\/ca\\\/#website\",\"url\":\"https:\\\/\\\/alter-entorn.com\\\/ca\\\/\",\"name\":\"alter-entorn\",\"description\":\"Soluciones Microbiol\u00f3gicas probi\u00f3ticos\",\"publisher\":{\"@id\":\"https:\\\/\\\/alter-entorn.com\\\/ca\\\/#organization\"},\"potentialAction\":[{\"@type\":\"SearchAction\",\"target\":{\"@type\":\"EntryPoint\",\"urlTemplate\":\"https:\\\/\\\/alter-entorn.com\\\/ca\\\/?s={search_term_string}\"},\"query-input\":{\"@type\":\"PropertyValueSpecification\",\"valueRequired\":true,\"valueName\":\"search_term_string\"}}],\"inLanguage\":\"ca\"},{\"@type\":\"Organization\",\"@id\":\"https:\\\/\\\/alter-entorn.com\\\/ca\\\/#organization\",\"name\":\"alter-entorn\",\"url\":\"https:\\\/\\\/alter-entorn.com\\\/ca\\\/\",\"logo\":{\"@type\":\"ImageObject\",\"inLanguage\":\"ca\",\"@id\":\"https:\\\/\\\/alter-entorn.com\\\/ca\\\/#\\\/schema\\\/logo\\\/image\\\/\",\"url\":\"https:\\\/\\\/alter-entorn.com\\\/wp-content\\\/uploads\\\/2018\\\/10\\\/logo_alter_entorn-sin-texto-1.png\",\"contentUrl\":\"https:\\\/\\\/alter-entorn.com\\\/wp-content\\\/uploads\\\/2018\\\/10\\\/logo_alter_entorn-sin-texto-1.png\",\"width\":246,\"height\":68,\"caption\":\"alter-entorn\"},\"image\":{\"@id\":\"https:\\\/\\\/alter-entorn.com\\\/ca\\\/#\\\/schema\\\/logo\\\/image\\\/\"},\"sameAs\":[\"https:\\\/\\\/www.facebook.com\\\/alterentorn\\\/\",\"https:\\\/\\\/x.com\\\/alterentorn\"]}]}<\/script>\n<!-- \/ Yoast SEO plugin. -->","yoast_head_json":{"title":"microbz Kids beguda probi\u00f3tica fermentada per a infants","description":"Beguda fermentada espec\u00edfica per infants, dones embarassades i en lact\u00e0ncia. Elaborat a partir d'ingredients naturals i microbiologia","robots":{"index":"index","follow":"follow","max-snippet":"max-snippet:-1","max-image-preview":"max-image-preview:large","max-video-preview":"max-video-preview:-1"},"canonical":"https:\/\/alter-entorn.com\/ca\/producto\/bio-live-goo-for-you\/","og_locale":"ca_ES","og_type":"article","og_title":"microbz Kids beguda probi\u00f3tica fermentada per a infants","og_description":"Beguda fermentada espec\u00edfica per infants, dones embarassades i en lact\u00e0ncia. Elaborat a partir d'ingredients naturals i microbiologia","og_url":"https:\/\/alter-entorn.com\/ca\/producto\/bio-live-goo-for-you\/","og_site_name":"alter-entorn","article_publisher":"https:\/\/www.facebook.com\/alterentorn\/","article_modified_time":"2026-01-08T12:00:00+00:00","og_image":[{"width":1000,"height":1500,"url":"https:\/\/alter-entorn.com\/wp-content\/uploads\/2017\/08\/blkids1.png","type":"image\/png"}],"twitter_card":"summary_large_image","twitter_site":"@alterentorn","schema":{"@context":"https:\/\/schema.org","@graph":[{"@type":"WebPage","@id":"https:\/\/alter-entorn.com\/ca\/producto\/bio-live-goo-for-you\/","url":"https:\/\/alter-entorn.com\/ca\/producto\/bio-live-goo-for-you\/","name":"microbz Kids beguda probi\u00f3tica fermentada per a infants","isPartOf":{"@id":"https:\/\/alter-entorn.com\/ca\/#website"},"primaryImageOfPage":{"@id":"https:\/\/alter-entorn.com\/ca\/producto\/bio-live-goo-for-you\/#primaryimage"},"image":{"@id":"https:\/\/alter-entorn.com\/ca\/producto\/bio-live-goo-for-you\/#primaryimage"},"thumbnailUrl":"https:\/\/alter-entorn.com\/wp-content\/uploads\/2017\/08\/blkids1.png","datePublished":"2017-07-02T12:29:22+00:00","dateModified":"2026-01-08T12:00:00+00:00","description":"Beguda fermentada espec\u00edfica per infants, dones embarassades i en lact\u00e0ncia. Elaborat a partir d'ingredients naturals i microbiologia","breadcrumb":{"@id":"https:\/\/alter-entorn.com\/ca\/producto\/bio-live-goo-for-you\/#breadcrumb"},"inLanguage":"ca","potentialAction":[{"@type":"ReadAction","target":["https:\/\/alter-entorn.com\/ca\/producto\/bio-live-goo-for-you\/"]}]},{"@type":"ImageObject","inLanguage":"ca","@id":"https:\/\/alter-entorn.com\/ca\/producto\/bio-live-goo-for-you\/#primaryimage","url":"https:\/\/alter-entorn.com\/wp-content\/uploads\/2017\/08\/blkids1.png","contentUrl":"https:\/\/alter-entorn.com\/wp-content\/uploads\/2017\/08\/blkids1.png","width":1000,"height":1500},{"@type":"BreadcrumbList","@id":"https:\/\/alter-entorn.com\/ca\/producto\/bio-live-goo-for-you\/#breadcrumb","itemListElement":[{"@type":"ListItem","position":1,"name":"Portada","item":"https:\/\/alter-entorn.com\/ca\/"},{"@type":"ListItem","position":2,"name":"Botiga","item":"https:\/\/alter-entorn.com\/tienda\/"},{"@type":"ListItem","position":3,"name":"microbz Kids"}]},{"@type":"WebSite","@id":"https:\/\/alter-entorn.com\/ca\/#website","url":"https:\/\/alter-entorn.com\/ca\/","name":"alter-entorn","description":"Soluciones Microbiol\u00f3gicas probi\u00f3ticos","publisher":{"@id":"https:\/\/alter-entorn.com\/ca\/#organization"},"potentialAction":[{"@type":"SearchAction","target":{"@type":"EntryPoint","urlTemplate":"https:\/\/alter-entorn.com\/ca\/?s={search_term_string}"},"query-input":{"@type":"PropertyValueSpecification","valueRequired":true,"valueName":"search_term_string"}}],"inLanguage":"ca"},{"@type":"Organization","@id":"https:\/\/alter-entorn.com\/ca\/#organization","name":"alter-entorn","url":"https:\/\/alter-entorn.com\/ca\/","logo":{"@type":"ImageObject","inLanguage":"ca","@id":"https:\/\/alter-entorn.com\/ca\/#\/schema\/logo\/image\/","url":"https:\/\/alter-entorn.com\/wp-content\/uploads\/2018\/10\/logo_alter_entorn-sin-texto-1.png","contentUrl":"https:\/\/alter-entorn.com\/wp-content\/uploads\/2018\/10\/logo_alter_entorn-sin-texto-1.png","width":246,"height":68,"caption":"alter-entorn"},"image":{"@id":"https:\/\/alter-entorn.com\/ca\/#\/schema\/logo\/image\/"},"sameAs":["https:\/\/www.facebook.com\/alterentorn\/","https:\/\/x.com\/alterentorn"]}]}},"_links":{"self":[{"href":"https:\/\/alter-entorn.com\/ca\/wp-json\/wp\/v2\/product\/4076","targetHints":{"allow":["GET"]}}],"collection":[{"href":"https:\/\/alter-entorn.com\/ca\/wp-json\/wp\/v2\/product"}],"about":[{"href":"https:\/\/alter-entorn.com\/ca\/wp-json\/wp\/v2\/types\/product"}],"wp:featuredmedia":[{"embeddable":true,"href":"https:\/\/alter-entorn.com\/ca\/wp-json\/wp\/v2\/media\/10312"}],"wp:attachment":[{"href":"https:\/\/alter-entorn.com\/ca\/wp-json\/wp\/v2\/media?parent=4076"}],"wp:term":[{"taxonomy":"product_brand","embeddable":true,"href":"https:\/\/alter-entorn.com\/ca\/wp-json\/wp\/v2\/product_brand?post=4076"},{"taxonomy":"product_cat","embeddable":true,"href":"https:\/\/alter-entorn.com\/ca\/wp-json\/wp\/v2\/product_cat?post=4076"},{"taxonomy":"product_tag","embeddable":true,"href":"https:\/\/alter-entorn.com\/ca\/wp-json\/wp\/v2\/product_tag?post=4076"}],"curies":[{"name":"wp","href":"https:\/\/api.w.org\/{rel}","templated":true}]}}