{"id":4556,"date":"2017-08-21T17:05:58","date_gmt":"2017-08-21T15:05:58","guid":{"rendered":"http:\/\/alter-entorn.com?post_type=product&#038;p=4556"},"modified":"2025-02-14T17:16:17","modified_gmt":"2025-02-14T15:16:17","slug":"elgan","status":"publish","type":"product","link":"https:\/\/alter-entorn.com\/ca\/producto\/elgan\/","title":{"rendered":"Elgan\u00ae (1l)"},"content":{"rendered":"<p>Els microorganismes que cont\u00e9 Elgan\u00ae degraden la mat\u00e8ria org\u00e0nica i afavoreixen la desaparici\u00f3 de microorganismes no desitjats. De manera progressiva s&#8217;estableix una pel\u00b7l\u00edcula que mant\u00e9 les canonades netes i en bon estat, evitant obstruccions i embussos. Suporta els microorganismes degradadors de mat\u00e8ria org\u00e0nica que treballen a les fosses s\u00e8ptiques i neutralitza les olors. Proporciona protecci\u00f3 contra la corrosi\u00f3 a llarg termini. Elimina i desincrusta la brut\u00edcia persistent. Redueix poblacions de mosques. Evita la putrefacci\u00f3 afavorint la fermantaci\u00f3. Elimina les males olors de residus org\u00e0nics s\u00f2lids i l\u00edquids. Accelera i optimitza el proc\u00e9s de compostatge millora el producte final aportant microorganismes i nutrients. Per a un millor funcionament del producte, en alguns casos es recomana combinar-lo amb Nutri Start\u00ae i\/o Nutri Active\u00ae. Contacteu amb el servei t\u00e8cnic si necessiteu m\u00e9s informaci\u00f3 sobre el seu \u00fas.<\/p>\n","protected":false},"excerpt":{"rendered":"<p>Una soluci\u00f3 sostenible i saludable per eliminar males olors i desembussar les canonades de les nostres llars i llocs de treball. Tamb\u00e9 \u00e9s adequat per al compostatge, fosses s\u00e8ptiques i wc qu\u00edmics, entre d&#8217;altres.<\/p>\n","protected":false},"featured_media":8735,"template":"","meta":{"_joinchat":[]},"product_brand":[],"product_cat":[3212,81],"product_tag":[1151,1152,1153,1154,1155,1156,1157,1158,1159,1160],"class_list":{"0":"post-4556","1":"product","2":"type-product","3":"status-publish","4":"has-post-thumbnail","6":"product_cat-compost-hort-i-jardi","7":"product_cat-residus","8":"product_tag-eliminar-males-olors","9":"product_tag-desembussar-canonades","10":"product_tag-liquid-per-compostatge","11":"product_tag-microorganismes-compostatge","12":"product_tag-accelerar-compostatge","13":"product_tag-evitar-putrefaccio","14":"product_tag-liquid-materia-organica","15":"product_tag-descompondre-materia-organica","16":"product_tag-fertilitzant-a-casa","17":"product_tag-fertilitzant-domestic","19":"first","20":"instock","21":"taxable","22":"shipping-taxable","23":"purchasable","24":"product-type-variable"},"yoast_head":"<!-- This site is optimized with the Yoast SEO plugin v27.4 - https:\/\/yoast.com\/product\/yoast-seo-wordpress\/ -->\n<title>Elgan\u00ae: per embussaments, netejar canonades i accelerar el compostatge<\/title>\n<meta name=\"description\" content=\"Elgan\u00ae per l&#039;acceleraci\u00f3 del compostatge de mat\u00e8ria org\u00e0nica, l&#039;eliminaci\u00f3 de males olors i el netejar canonades i fosses s\u00e8ptiques.\" \/>\n<meta name=\"robots\" content=\"index, follow, max-snippet:-1, max-image-preview:large, max-video-preview:-1\" \/>\n<link rel=\"canonical\" href=\"https:\/\/alter-entorn.com\/ca\/producto\/elgan\/\" \/>\n<meta property=\"og:locale\" content=\"ca_ES\" \/>\n<meta property=\"og:type\" content=\"article\" \/>\n<meta property=\"og:title\" content=\"Elgan\u00ae: per embussaments, netejar canonades i accelerar el compostatge\" \/>\n<meta property=\"og:description\" content=\"Elgan\u00ae per l&#039;acceleraci\u00f3 del compostatge de mat\u00e8ria org\u00e0nica, l&#039;eliminaci\u00f3 de males olors i el netejar canonades i fosses s\u00e8ptiques.\" \/>\n<meta property=\"og:url\" content=\"https:\/\/alter-entorn.com\/ca\/producto\/elgan\/\" \/>\n<meta property=\"og:site_name\" content=\"alter-entorn\" \/>\n<meta property=\"article:publisher\" content=\"https:\/\/www.facebook.com\/alterentorn\/\" \/>\n<meta property=\"article:modified_time\" content=\"2025-02-14T15:16:17+00:00\" \/>\n<meta property=\"og:image\" content=\"https:\/\/alter-entorn.com\/wp-content\/uploads\/2022\/03\/elgan1l-1024x768.png\" \/>\n\t<meta property=\"og:image:width\" content=\"1024\" \/>\n\t<meta property=\"og:image:height\" content=\"768\" \/>\n\t<meta property=\"og:image:type\" content=\"image\/png\" \/>\n<meta name=\"twitter:card\" content=\"summary_large_image\" \/>\n<meta name=\"twitter:site\" content=\"@alterentorn\" \/>\n<meta name=\"twitter:label1\" content=\"Temps estimat de lectura\" \/>\n\t<meta name=\"twitter:data1\" content=\"1 minut\" \/>\n<script type=\"application\/ld+json\" class=\"yoast-schema-graph\">{\"@context\":\"https:\\\/\\\/schema.org\",\"@graph\":[{\"@type\":\"WebPage\",\"@id\":\"https:\\\/\\\/alter-entorn.com\\\/ca\\\/producto\\\/elgan\\\/\",\"url\":\"https:\\\/\\\/alter-entorn.com\\\/ca\\\/producto\\\/elgan\\\/\",\"name\":\"Elgan\u00ae: per embussaments, netejar canonades i accelerar el compostatge\",\"isPartOf\":{\"@id\":\"https:\\\/\\\/alter-entorn.com\\\/ca\\\/#website\"},\"primaryImageOfPage\":{\"@id\":\"https:\\\/\\\/alter-entorn.com\\\/ca\\\/producto\\\/elgan\\\/#primaryimage\"},\"image\":{\"@id\":\"https:\\\/\\\/alter-entorn.com\\\/ca\\\/producto\\\/elgan\\\/#primaryimage\"},\"thumbnailUrl\":\"https:\\\/\\\/alter-entorn.com\\\/wp-content\\\/uploads\\\/2022\\\/03\\\/elgan1l.png\",\"datePublished\":\"2017-08-21T15:05:58+00:00\",\"dateModified\":\"2025-02-14T15:16:17+00:00\",\"description\":\"Elgan\u00ae per l'acceleraci\u00f3 del compostatge de mat\u00e8ria org\u00e0nica, l'eliminaci\u00f3 de males olors i el netejar canonades i fosses s\u00e8ptiques.\",\"breadcrumb\":{\"@id\":\"https:\\\/\\\/alter-entorn.com\\\/ca\\\/producto\\\/elgan\\\/#breadcrumb\"},\"inLanguage\":\"ca\",\"potentialAction\":[{\"@type\":\"ReadAction\",\"target\":[\"https:\\\/\\\/alter-entorn.com\\\/ca\\\/producto\\\/elgan\\\/\"]}]},{\"@type\":\"ImageObject\",\"inLanguage\":\"ca\",\"@id\":\"https:\\\/\\\/alter-entorn.com\\\/ca\\\/producto\\\/elgan\\\/#primaryimage\",\"url\":\"https:\\\/\\\/alter-entorn.com\\\/wp-content\\\/uploads\\\/2022\\\/03\\\/elgan1l.png\",\"contentUrl\":\"https:\\\/\\\/alter-entorn.com\\\/wp-content\\\/uploads\\\/2022\\\/03\\\/elgan1l.png\",\"width\":5184,\"height\":3888,\"caption\":\"Combinat de microorganismes per el tractament de residus\"},{\"@type\":\"BreadcrumbList\",\"@id\":\"https:\\\/\\\/alter-entorn.com\\\/ca\\\/producto\\\/elgan\\\/#breadcrumb\",\"itemListElement\":[{\"@type\":\"ListItem\",\"position\":1,\"name\":\"Portada\",\"item\":\"https:\\\/\\\/alter-entorn.com\\\/ca\\\/\"},{\"@type\":\"ListItem\",\"position\":2,\"name\":\"Botiga\",\"item\":\"https:\\\/\\\/alter-entorn.com\\\/tienda\\\/\"},{\"@type\":\"ListItem\",\"position\":3,\"name\":\"Elgan\u00ae (1l)\"}]},{\"@type\":\"WebSite\",\"@id\":\"https:\\\/\\\/alter-entorn.com\\\/ca\\\/#website\",\"url\":\"https:\\\/\\\/alter-entorn.com\\\/ca\\\/\",\"name\":\"alter-entorn\",\"description\":\"Soluciones Microbiol\u00f3gicas probi\u00f3ticos\",\"publisher\":{\"@id\":\"https:\\\/\\\/alter-entorn.com\\\/ca\\\/#organization\"},\"potentialAction\":[{\"@type\":\"SearchAction\",\"target\":{\"@type\":\"EntryPoint\",\"urlTemplate\":\"https:\\\/\\\/alter-entorn.com\\\/ca\\\/?s={search_term_string}\"},\"query-input\":{\"@type\":\"PropertyValueSpecification\",\"valueRequired\":true,\"valueName\":\"search_term_string\"}}],\"inLanguage\":\"ca\"},{\"@type\":\"Organization\",\"@id\":\"https:\\\/\\\/alter-entorn.com\\\/ca\\\/#organization\",\"name\":\"alter-entorn\",\"url\":\"https:\\\/\\\/alter-entorn.com\\\/ca\\\/\",\"logo\":{\"@type\":\"ImageObject\",\"inLanguage\":\"ca\",\"@id\":\"https:\\\/\\\/alter-entorn.com\\\/ca\\\/#\\\/schema\\\/logo\\\/image\\\/\",\"url\":\"https:\\\/\\\/alter-entorn.com\\\/wp-content\\\/uploads\\\/2018\\\/10\\\/logo_alter_entorn-sin-texto-1.png\",\"contentUrl\":\"https:\\\/\\\/alter-entorn.com\\\/wp-content\\\/uploads\\\/2018\\\/10\\\/logo_alter_entorn-sin-texto-1.png\",\"width\":246,\"height\":68,\"caption\":\"alter-entorn\"},\"image\":{\"@id\":\"https:\\\/\\\/alter-entorn.com\\\/ca\\\/#\\\/schema\\\/logo\\\/image\\\/\"},\"sameAs\":[\"https:\\\/\\\/www.facebook.com\\\/alterentorn\\\/\",\"https:\\\/\\\/x.com\\\/alterentorn\"]}]}<\/script>\n<!-- \/ Yoast SEO plugin. -->","yoast_head_json":{"title":"Elgan\u00ae: per embussaments, netejar canonades i accelerar el compostatge","description":"Elgan\u00ae per l'acceleraci\u00f3 del compostatge de mat\u00e8ria org\u00e0nica, l'eliminaci\u00f3 de males olors i el netejar canonades i fosses s\u00e8ptiques.","robots":{"index":"index","follow":"follow","max-snippet":"max-snippet:-1","max-image-preview":"max-image-preview:large","max-video-preview":"max-video-preview:-1"},"canonical":"https:\/\/alter-entorn.com\/ca\/producto\/elgan\/","og_locale":"ca_ES","og_type":"article","og_title":"Elgan\u00ae: per embussaments, netejar canonades i accelerar el compostatge","og_description":"Elgan\u00ae per l'acceleraci\u00f3 del compostatge de mat\u00e8ria org\u00e0nica, l'eliminaci\u00f3 de males olors i el netejar canonades i fosses s\u00e8ptiques.","og_url":"https:\/\/alter-entorn.com\/ca\/producto\/elgan\/","og_site_name":"alter-entorn","article_publisher":"https:\/\/www.facebook.com\/alterentorn\/","article_modified_time":"2025-02-14T15:16:17+00:00","og_image":[{"width":1024,"height":768,"url":"https:\/\/alter-entorn.com\/wp-content\/uploads\/2022\/03\/elgan1l-1024x768.png","type":"image\/png"}],"twitter_card":"summary_large_image","twitter_site":"@alterentorn","twitter_misc":{"Temps estimat de lectura":"1 minut"},"schema":{"@context":"https:\/\/schema.org","@graph":[{"@type":"WebPage","@id":"https:\/\/alter-entorn.com\/ca\/producto\/elgan\/","url":"https:\/\/alter-entorn.com\/ca\/producto\/elgan\/","name":"Elgan\u00ae: per embussaments, netejar canonades i accelerar el compostatge","isPartOf":{"@id":"https:\/\/alter-entorn.com\/ca\/#website"},"primaryImageOfPage":{"@id":"https:\/\/alter-entorn.com\/ca\/producto\/elgan\/#primaryimage"},"image":{"@id":"https:\/\/alter-entorn.com\/ca\/producto\/elgan\/#primaryimage"},"thumbnailUrl":"https:\/\/alter-entorn.com\/wp-content\/uploads\/2022\/03\/elgan1l.png","datePublished":"2017-08-21T15:05:58+00:00","dateModified":"2025-02-14T15:16:17+00:00","description":"Elgan\u00ae per l'acceleraci\u00f3 del compostatge de mat\u00e8ria org\u00e0nica, l'eliminaci\u00f3 de males olors i el netejar canonades i fosses s\u00e8ptiques.","breadcrumb":{"@id":"https:\/\/alter-entorn.com\/ca\/producto\/elgan\/#breadcrumb"},"inLanguage":"ca","potentialAction":[{"@type":"ReadAction","target":["https:\/\/alter-entorn.com\/ca\/producto\/elgan\/"]}]},{"@type":"ImageObject","inLanguage":"ca","@id":"https:\/\/alter-entorn.com\/ca\/producto\/elgan\/#primaryimage","url":"https:\/\/alter-entorn.com\/wp-content\/uploads\/2022\/03\/elgan1l.png","contentUrl":"https:\/\/alter-entorn.com\/wp-content\/uploads\/2022\/03\/elgan1l.png","width":5184,"height":3888,"caption":"Combinat de microorganismes per el tractament de residus"},{"@type":"BreadcrumbList","@id":"https:\/\/alter-entorn.com\/ca\/producto\/elgan\/#breadcrumb","itemListElement":[{"@type":"ListItem","position":1,"name":"Portada","item":"https:\/\/alter-entorn.com\/ca\/"},{"@type":"ListItem","position":2,"name":"Botiga","item":"https:\/\/alter-entorn.com\/tienda\/"},{"@type":"ListItem","position":3,"name":"Elgan\u00ae (1l)"}]},{"@type":"WebSite","@id":"https:\/\/alter-entorn.com\/ca\/#website","url":"https:\/\/alter-entorn.com\/ca\/","name":"alter-entorn","description":"Soluciones Microbiol\u00f3gicas probi\u00f3ticos","publisher":{"@id":"https:\/\/alter-entorn.com\/ca\/#organization"},"potentialAction":[{"@type":"SearchAction","target":{"@type":"EntryPoint","urlTemplate":"https:\/\/alter-entorn.com\/ca\/?s={search_term_string}"},"query-input":{"@type":"PropertyValueSpecification","valueRequired":true,"valueName":"search_term_string"}}],"inLanguage":"ca"},{"@type":"Organization","@id":"https:\/\/alter-entorn.com\/ca\/#organization","name":"alter-entorn","url":"https:\/\/alter-entorn.com\/ca\/","logo":{"@type":"ImageObject","inLanguage":"ca","@id":"https:\/\/alter-entorn.com\/ca\/#\/schema\/logo\/image\/","url":"https:\/\/alter-entorn.com\/wp-content\/uploads\/2018\/10\/logo_alter_entorn-sin-texto-1.png","contentUrl":"https:\/\/alter-entorn.com\/wp-content\/uploads\/2018\/10\/logo_alter_entorn-sin-texto-1.png","width":246,"height":68,"caption":"alter-entorn"},"image":{"@id":"https:\/\/alter-entorn.com\/ca\/#\/schema\/logo\/image\/"},"sameAs":["https:\/\/www.facebook.com\/alterentorn\/","https:\/\/x.com\/alterentorn"]}]}},"_links":{"self":[{"href":"https:\/\/alter-entorn.com\/ca\/wp-json\/wp\/v2\/product\/4556","targetHints":{"allow":["GET"]}}],"collection":[{"href":"https:\/\/alter-entorn.com\/ca\/wp-json\/wp\/v2\/product"}],"about":[{"href":"https:\/\/alter-entorn.com\/ca\/wp-json\/wp\/v2\/types\/product"}],"wp:featuredmedia":[{"embeddable":true,"href":"https:\/\/alter-entorn.com\/ca\/wp-json\/wp\/v2\/media\/8735"}],"wp:attachment":[{"href":"https:\/\/alter-entorn.com\/ca\/wp-json\/wp\/v2\/media?parent=4556"}],"wp:term":[{"taxonomy":"product_brand","embeddable":true,"href":"https:\/\/alter-entorn.com\/ca\/wp-json\/wp\/v2\/product_brand?post=4556"},{"taxonomy":"product_cat","embeddable":true,"href":"https:\/\/alter-entorn.com\/ca\/wp-json\/wp\/v2\/product_cat?post=4556"},{"taxonomy":"product_tag","embeddable":true,"href":"https:\/\/alter-entorn.com\/ca\/wp-json\/wp\/v2\/product_tag?post=4556"}],"curies":[{"name":"wp","href":"https:\/\/api.w.org\/{rel}","templated":true}]}}