{"id":5689,"date":"2018-07-11T12:21:53","date_gmt":"2018-07-11T10:21:53","guid":{"rendered":"http:\/\/alter-entorn.com\/tienda\/bio-live-for-women\/"},"modified":"2025-12-16T12:59:46","modified_gmt":"2025-12-16T10:59:46","slug":"bio-live-for-women","status":"publish","type":"product","link":"https:\/\/alter-entorn.com\/ca\/producto\/bio-live-for-women\/","title":{"rendered":"microbz Women (500ml) &#8211; Beguda fermentada"},"content":{"rendered":"<p>Beguda de fermentaci\u00f3 natural espec\u00edfica per la salut femenina. Equilibra la flora vaginal i el sistema hormonal, alleujant els s\u00edmptomes del s\u00edndrome premenstrual i de la menopausa. Recolza les mares durant l&#8217;embar\u00e0s i el per\u00edode de lact\u00e0ncia, a m\u00e9s d&#8217;oferir els beneficis esperats per la salut digestiva.<\/p>\n<p>Aquest \u00e9s un complement alimentari i no un producte m\u00e8dic. Els efectes no estan garantits i els resultats poden variar.<\/p>\n<p>Combina 14 fam\u00edlies de microorganismes beneficiosos cuidadosament sel\u00b7leccionats amb 18 herbes i minerals.\u00a0Apte per a dietes vegetarianes i veganes.<\/p>\n<p><a href=\"https:\/\/alter-entorn.com\/ca\/bio-live-for-women-un-suplement-probiotic-especial-per-les-dones\/\">Coneix tots els seus beneficis<\/a><\/p>\n","protected":false},"excerpt":{"rendered":"<p><strong><span lang=\"en-US\">VEGAN<\/span><\/strong><\/p>\n<p><span lang=\"en-US\">Beguda de fermentaci\u00f3 natural a partir de microorganismes beneficiosos, herbes, sucs i minerals. Espec\u00edfica per dones per mantenir l&#8217;equilibri del sistema hormonal, entre altres beneficis.<\/span><\/p>\n<p><span lang=\"en-US\">Sense lactosa, sense sucre.<\/span><\/p>\n","protected":false},"featured_media":10288,"template":"","meta":{"_joinchat":[]},"product_brand":[],"product_cat":[82,105],"product_tag":[1836,1837,1838,1839,1840,1841,1842,1843,1844],"class_list":{"0":"post-5689","1":"product","2":"type-product","3":"status-publish","4":"has-post-thumbnail","6":"product_cat-salut-i-benestar","7":"product_cat-suplements-probiotics","8":"product_tag-probiotic-dona","9":"product_tag-probiotic-lactancia","10":"product_tag-probiotic-embaras","11":"product_tag-probiotic-menopausa","12":"product_tag-probiotic-regla","13":"product_tag-flora-vaginal-ca","14":"product_tag-millorar-sistema-hormonal","15":"product_tag-equilibri-flora-vaginal","16":"product_tag-probiotic-dones","18":"first","19":"instock","20":"taxable","21":"shipping-taxable","22":"purchasable","23":"product-type-variable"},"yoast_head":"<!-- This site is optimized with the Yoast SEO plugin v27.4 - https:\/\/yoast.com\/product\/yoast-seo-wordpress\/ -->\n<title>microbz for Women - Beguda fermentada per dones<\/title>\n<meta name=\"description\" content=\"Beguda fermentada espec\u00edfica per dones. Equilibra la flora vaginal i el sistema hormonal, alleuja s\u00edmptomes premenstruals i de menopausa, recolza durant l&#039;embar\u00e0s i la lact\u00e0ncia\" \/>\n<meta name=\"robots\" content=\"index, follow, max-snippet:-1, max-image-preview:large, max-video-preview:-1\" \/>\n<link rel=\"canonical\" href=\"https:\/\/alter-entorn.com\/ca\/producto\/bio-live-for-women\/\" \/>\n<meta property=\"og:locale\" content=\"ca_ES\" \/>\n<meta property=\"og:type\" content=\"article\" \/>\n<meta property=\"og:title\" content=\"microbz for Women - Beguda fermentada per dones\" \/>\n<meta property=\"og:description\" content=\"Beguda fermentada espec\u00edfica per dones. Equilibra la flora vaginal i el sistema hormonal, alleuja s\u00edmptomes premenstruals i de menopausa, recolza durant l&#039;embar\u00e0s i la lact\u00e0ncia\" \/>\n<meta property=\"og:url\" content=\"https:\/\/alter-entorn.com\/ca\/producto\/bio-live-for-women\/\" \/>\n<meta property=\"og:site_name\" content=\"alter-entorn\" \/>\n<meta property=\"article:publisher\" content=\"https:\/\/www.facebook.com\/alterentorn\/\" \/>\n<meta property=\"article:modified_time\" content=\"2025-12-16T10:59:46+00:00\" \/>\n<meta property=\"og:image\" content=\"https:\/\/alter-entorn.com\/wp-content\/uploads\/2018\/07\/blwomen1.png\" \/>\n\t<meta property=\"og:image:width\" content=\"1000\" \/>\n\t<meta property=\"og:image:height\" content=\"1500\" \/>\n\t<meta property=\"og:image:type\" content=\"image\/png\" \/>\n<meta name=\"twitter:card\" content=\"summary_large_image\" \/>\n<meta name=\"twitter:site\" content=\"@alterentorn\" \/>\n<meta name=\"twitter:label1\" content=\"Temps estimat de lectura\" \/>\n\t<meta name=\"twitter:data1\" content=\"1 minut\" \/>\n<script type=\"application\/ld+json\" class=\"yoast-schema-graph\">{\"@context\":\"https:\\\/\\\/schema.org\",\"@graph\":[{\"@type\":\"WebPage\",\"@id\":\"https:\\\/\\\/alter-entorn.com\\\/ca\\\/producto\\\/bio-live-for-women\\\/\",\"url\":\"https:\\\/\\\/alter-entorn.com\\\/ca\\\/producto\\\/bio-live-for-women\\\/\",\"name\":\"microbz for Women - Beguda fermentada per dones\",\"isPartOf\":{\"@id\":\"https:\\\/\\\/alter-entorn.com\\\/ca\\\/#website\"},\"primaryImageOfPage\":{\"@id\":\"https:\\\/\\\/alter-entorn.com\\\/ca\\\/producto\\\/bio-live-for-women\\\/#primaryimage\"},\"image\":{\"@id\":\"https:\\\/\\\/alter-entorn.com\\\/ca\\\/producto\\\/bio-live-for-women\\\/#primaryimage\"},\"thumbnailUrl\":\"https:\\\/\\\/alter-entorn.com\\\/wp-content\\\/uploads\\\/2018\\\/07\\\/blwomen1.png\",\"datePublished\":\"2018-07-11T10:21:53+00:00\",\"dateModified\":\"2025-12-16T10:59:46+00:00\",\"description\":\"Beguda fermentada espec\u00edfica per dones. Equilibra la flora vaginal i el sistema hormonal, alleuja s\u00edmptomes premenstruals i de menopausa, recolza durant l'embar\u00e0s i la lact\u00e0ncia\",\"breadcrumb\":{\"@id\":\"https:\\\/\\\/alter-entorn.com\\\/ca\\\/producto\\\/bio-live-for-women\\\/#breadcrumb\"},\"inLanguage\":\"ca\",\"potentialAction\":[{\"@type\":\"ReadAction\",\"target\":[\"https:\\\/\\\/alter-entorn.com\\\/ca\\\/producto\\\/bio-live-for-women\\\/\"]}]},{\"@type\":\"ImageObject\",\"inLanguage\":\"ca\",\"@id\":\"https:\\\/\\\/alter-entorn.com\\\/ca\\\/producto\\\/bio-live-for-women\\\/#primaryimage\",\"url\":\"https:\\\/\\\/alter-entorn.com\\\/wp-content\\\/uploads\\\/2018\\\/07\\\/blwomen1.png\",\"contentUrl\":\"https:\\\/\\\/alter-entorn.com\\\/wp-content\\\/uploads\\\/2018\\\/07\\\/blwomen1.png\",\"width\":1000,\"height\":1500,\"caption\":\"Suplemento probiotico Bio-live women\"},{\"@type\":\"BreadcrumbList\",\"@id\":\"https:\\\/\\\/alter-entorn.com\\\/ca\\\/producto\\\/bio-live-for-women\\\/#breadcrumb\",\"itemListElement\":[{\"@type\":\"ListItem\",\"position\":1,\"name\":\"Portada\",\"item\":\"https:\\\/\\\/alter-entorn.com\\\/ca\\\/\"},{\"@type\":\"ListItem\",\"position\":2,\"name\":\"Botiga\",\"item\":\"https:\\\/\\\/alter-entorn.com\\\/tienda\\\/\"},{\"@type\":\"ListItem\",\"position\":3,\"name\":\"microbz Women (500ml) &#8211; Beguda fermentada\"}]},{\"@type\":\"WebSite\",\"@id\":\"https:\\\/\\\/alter-entorn.com\\\/ca\\\/#website\",\"url\":\"https:\\\/\\\/alter-entorn.com\\\/ca\\\/\",\"name\":\"alter-entorn\",\"description\":\"Soluciones Microbiol\u00f3gicas probi\u00f3ticos\",\"publisher\":{\"@id\":\"https:\\\/\\\/alter-entorn.com\\\/ca\\\/#organization\"},\"potentialAction\":[{\"@type\":\"SearchAction\",\"target\":{\"@type\":\"EntryPoint\",\"urlTemplate\":\"https:\\\/\\\/alter-entorn.com\\\/ca\\\/?s={search_term_string}\"},\"query-input\":{\"@type\":\"PropertyValueSpecification\",\"valueRequired\":true,\"valueName\":\"search_term_string\"}}],\"inLanguage\":\"ca\"},{\"@type\":\"Organization\",\"@id\":\"https:\\\/\\\/alter-entorn.com\\\/ca\\\/#organization\",\"name\":\"alter-entorn\",\"url\":\"https:\\\/\\\/alter-entorn.com\\\/ca\\\/\",\"logo\":{\"@type\":\"ImageObject\",\"inLanguage\":\"ca\",\"@id\":\"https:\\\/\\\/alter-entorn.com\\\/ca\\\/#\\\/schema\\\/logo\\\/image\\\/\",\"url\":\"https:\\\/\\\/alter-entorn.com\\\/wp-content\\\/uploads\\\/2018\\\/10\\\/logo_alter_entorn-sin-texto-1.png\",\"contentUrl\":\"https:\\\/\\\/alter-entorn.com\\\/wp-content\\\/uploads\\\/2018\\\/10\\\/logo_alter_entorn-sin-texto-1.png\",\"width\":246,\"height\":68,\"caption\":\"alter-entorn\"},\"image\":{\"@id\":\"https:\\\/\\\/alter-entorn.com\\\/ca\\\/#\\\/schema\\\/logo\\\/image\\\/\"},\"sameAs\":[\"https:\\\/\\\/www.facebook.com\\\/alterentorn\\\/\",\"https:\\\/\\\/x.com\\\/alterentorn\"]}]}<\/script>\n<!-- \/ Yoast SEO plugin. -->","yoast_head_json":{"title":"microbz for Women - Beguda fermentada per dones","description":"Beguda fermentada espec\u00edfica per dones. Equilibra la flora vaginal i el sistema hormonal, alleuja s\u00edmptomes premenstruals i de menopausa, recolza durant l'embar\u00e0s i la lact\u00e0ncia","robots":{"index":"index","follow":"follow","max-snippet":"max-snippet:-1","max-image-preview":"max-image-preview:large","max-video-preview":"max-video-preview:-1"},"canonical":"https:\/\/alter-entorn.com\/ca\/producto\/bio-live-for-women\/","og_locale":"ca_ES","og_type":"article","og_title":"microbz for Women - Beguda fermentada per dones","og_description":"Beguda fermentada espec\u00edfica per dones. Equilibra la flora vaginal i el sistema hormonal, alleuja s\u00edmptomes premenstruals i de menopausa, recolza durant l'embar\u00e0s i la lact\u00e0ncia","og_url":"https:\/\/alter-entorn.com\/ca\/producto\/bio-live-for-women\/","og_site_name":"alter-entorn","article_publisher":"https:\/\/www.facebook.com\/alterentorn\/","article_modified_time":"2025-12-16T10:59:46+00:00","og_image":[{"width":1000,"height":1500,"url":"https:\/\/alter-entorn.com\/wp-content\/uploads\/2018\/07\/blwomen1.png","type":"image\/png"}],"twitter_card":"summary_large_image","twitter_site":"@alterentorn","twitter_misc":{"Temps estimat de lectura":"1 minut"},"schema":{"@context":"https:\/\/schema.org","@graph":[{"@type":"WebPage","@id":"https:\/\/alter-entorn.com\/ca\/producto\/bio-live-for-women\/","url":"https:\/\/alter-entorn.com\/ca\/producto\/bio-live-for-women\/","name":"microbz for Women - Beguda fermentada per dones","isPartOf":{"@id":"https:\/\/alter-entorn.com\/ca\/#website"},"primaryImageOfPage":{"@id":"https:\/\/alter-entorn.com\/ca\/producto\/bio-live-for-women\/#primaryimage"},"image":{"@id":"https:\/\/alter-entorn.com\/ca\/producto\/bio-live-for-women\/#primaryimage"},"thumbnailUrl":"https:\/\/alter-entorn.com\/wp-content\/uploads\/2018\/07\/blwomen1.png","datePublished":"2018-07-11T10:21:53+00:00","dateModified":"2025-12-16T10:59:46+00:00","description":"Beguda fermentada espec\u00edfica per dones. Equilibra la flora vaginal i el sistema hormonal, alleuja s\u00edmptomes premenstruals i de menopausa, recolza durant l'embar\u00e0s i la lact\u00e0ncia","breadcrumb":{"@id":"https:\/\/alter-entorn.com\/ca\/producto\/bio-live-for-women\/#breadcrumb"},"inLanguage":"ca","potentialAction":[{"@type":"ReadAction","target":["https:\/\/alter-entorn.com\/ca\/producto\/bio-live-for-women\/"]}]},{"@type":"ImageObject","inLanguage":"ca","@id":"https:\/\/alter-entorn.com\/ca\/producto\/bio-live-for-women\/#primaryimage","url":"https:\/\/alter-entorn.com\/wp-content\/uploads\/2018\/07\/blwomen1.png","contentUrl":"https:\/\/alter-entorn.com\/wp-content\/uploads\/2018\/07\/blwomen1.png","width":1000,"height":1500,"caption":"Suplemento probiotico Bio-live women"},{"@type":"BreadcrumbList","@id":"https:\/\/alter-entorn.com\/ca\/producto\/bio-live-for-women\/#breadcrumb","itemListElement":[{"@type":"ListItem","position":1,"name":"Portada","item":"https:\/\/alter-entorn.com\/ca\/"},{"@type":"ListItem","position":2,"name":"Botiga","item":"https:\/\/alter-entorn.com\/tienda\/"},{"@type":"ListItem","position":3,"name":"microbz Women (500ml) &#8211; Beguda fermentada"}]},{"@type":"WebSite","@id":"https:\/\/alter-entorn.com\/ca\/#website","url":"https:\/\/alter-entorn.com\/ca\/","name":"alter-entorn","description":"Soluciones Microbiol\u00f3gicas probi\u00f3ticos","publisher":{"@id":"https:\/\/alter-entorn.com\/ca\/#organization"},"potentialAction":[{"@type":"SearchAction","target":{"@type":"EntryPoint","urlTemplate":"https:\/\/alter-entorn.com\/ca\/?s={search_term_string}"},"query-input":{"@type":"PropertyValueSpecification","valueRequired":true,"valueName":"search_term_string"}}],"inLanguage":"ca"},{"@type":"Organization","@id":"https:\/\/alter-entorn.com\/ca\/#organization","name":"alter-entorn","url":"https:\/\/alter-entorn.com\/ca\/","logo":{"@type":"ImageObject","inLanguage":"ca","@id":"https:\/\/alter-entorn.com\/ca\/#\/schema\/logo\/image\/","url":"https:\/\/alter-entorn.com\/wp-content\/uploads\/2018\/10\/logo_alter_entorn-sin-texto-1.png","contentUrl":"https:\/\/alter-entorn.com\/wp-content\/uploads\/2018\/10\/logo_alter_entorn-sin-texto-1.png","width":246,"height":68,"caption":"alter-entorn"},"image":{"@id":"https:\/\/alter-entorn.com\/ca\/#\/schema\/logo\/image\/"},"sameAs":["https:\/\/www.facebook.com\/alterentorn\/","https:\/\/x.com\/alterentorn"]}]}},"_links":{"self":[{"href":"https:\/\/alter-entorn.com\/ca\/wp-json\/wp\/v2\/product\/5689","targetHints":{"allow":["GET"]}}],"collection":[{"href":"https:\/\/alter-entorn.com\/ca\/wp-json\/wp\/v2\/product"}],"about":[{"href":"https:\/\/alter-entorn.com\/ca\/wp-json\/wp\/v2\/types\/product"}],"wp:featuredmedia":[{"embeddable":true,"href":"https:\/\/alter-entorn.com\/ca\/wp-json\/wp\/v2\/media\/10288"}],"wp:attachment":[{"href":"https:\/\/alter-entorn.com\/ca\/wp-json\/wp\/v2\/media?parent=5689"}],"wp:term":[{"taxonomy":"product_brand","embeddable":true,"href":"https:\/\/alter-entorn.com\/ca\/wp-json\/wp\/v2\/product_brand?post=5689"},{"taxonomy":"product_cat","embeddable":true,"href":"https:\/\/alter-entorn.com\/ca\/wp-json\/wp\/v2\/product_cat?post=5689"},{"taxonomy":"product_tag","embeddable":true,"href":"https:\/\/alter-entorn.com\/ca\/wp-json\/wp\/v2\/product_tag?post=5689"}],"curies":[{"name":"wp","href":"https:\/\/api.w.org\/{rel}","templated":true}]}}