{"id":7051,"date":"2019-08-12T11:51:38","date_gmt":"2019-08-12T09:51:38","guid":{"rendered":"https:\/\/alter-entorn.com\/producto\/kit-de-neteja-ecologica-emc\/"},"modified":"2025-02-14T20:53:17","modified_gmt":"2025-02-14T18:53:17","slug":"kit-de-neteja-ecologica-emc","status":"publish","type":"product","link":"https:\/\/alter-entorn.com\/ca\/producto\/kit-de-neteja-ecologica-emc\/","title":{"rendered":"Kit de neteja ecol\u00f2gica eMC\u00ae"},"content":{"rendered":"<p>Els productes de neteja ecol\u00f2gica i probi\u00f2tica eMC\u00ae estan fets a partir d&#8217;ingredients naturals i microorganismes beneficiosos que degraden la brut\u00edcia per una neteja m\u00e9s f\u00e0cil. Les superf\u00edcies es mantenen netes durant m\u00e9s temps, gr\u00e0cies al seu efecte antiest\u00e0tic i antiadherent, que fa que la brut\u00edcia no es senti atreta per les superf\u00edcies. A m\u00e9s a m\u00e9s, els microorganismes beneficiosos potencien l&#8217;efic\u00e0cia dels altres ingredients, i controlen als pat\u00f2gens per que no puguin expandir-se.<\/p>\n<p>Eliminen les males olors pel qu\u00e8 tamb\u00e9 pot utilitzar-se com ambientador. L&#8217;aigua restant de la neteja podr\u00e0 utilitzar-se per regar les plantes, aportant-los-hi un benefici extra de nutrients; o si es llen\u00e7a regularment per l&#8217;aig\u00fcera, ens ajudar\u00e0 a netejar les canonades i a prevenir embussos i obstruccions, aix\u00ed com a eliminar les males olors.<\/p>\n<p>No contenen cap tipus de subst\u00e0ncia qu\u00edmica nociva perillosa, pel qu\u00e8 s\u00f3n la millor opci\u00f3 per a tots: al\u00b7l\u00e8rgics, asm\u00e0tics, embarassades, nens, mascotes, etc. A m\u00e9s de ser totalment respetuosos amb el medi ambient i ajudar-nos a estalviar.<\/p>\n","protected":false},"excerpt":{"rendered":"<p>Pack de productes de neteja ecol\u00f2gica i probi\u00f2tica eMC\u00ae: un esprai de mig litre de <a href=\"https:\/\/alter-entorn.com\/ca\/producto\/multiusos-concentrat-emc-llimona\/\">Multiusos Llimona,<\/a> un de <a href=\"https:\/\/alter-entorn.com\/ca\/producto\/desincrustant-emc\/\">Desincrustant<\/a> i un <a href=\"https:\/\/alter-entorn.com\/ca\/producto\/anticalc-emc\/\">d&#8217;Antical\u00e7<\/a> llest per utilitzar, i una ampolla de 100ml de <a href=\"https:\/\/alter-entorn.com\/ca\/producto\/netejaterres-concentrat-emc-llima\/\">Neteja-terres<\/a><\/p>\n","protected":false},"featured_media":7045,"template":"","meta":{"_joinchat":[]},"product_brand":[],"product_cat":[79],"product_tag":[521,522,528,1516,2812,2813,2814,2815,2816,2817],"class_list":{"0":"post-7051","1":"product","2":"type-product","3":"status-publish","4":"has-post-thumbnail","6":"product_cat-neteja","7":"product_tag-neteja-natural","8":"product_tag-neteja-ecologica","9":"product_tag-netejar-sense-quimics","10":"product_tag-productes-ecologics","11":"product_tag-multiusos-ca","12":"product_tag-anticalc","13":"product_tag-desincrustant","14":"product_tag-neteja-terres","15":"product_tag-netejar-sense-quimics-ca","16":"product_tag-netejar-sense-toxics","18":"first","19":"instock","20":"taxable","21":"shipping-taxable","22":"purchasable","23":"product-type-simple"},"yoast_head":"<!-- This site is optimized with the Yoast SEO plugin v27.4 - https:\/\/yoast.com\/product\/yoast-seo-wordpress\/ -->\n<title>Kit de neteja ecol\u00f2gica eMC\u00ae - alter-entorn<\/title>\n<meta name=\"description\" content=\"Kit de productes de neteja ecol\u00f2gica i probi\u00f2tica a partir d&#039;ingredients naturals i microorganismes beneficiosos\" \/>\n<meta name=\"robots\" content=\"index, follow, max-snippet:-1, max-image-preview:large, max-video-preview:-1\" \/>\n<link rel=\"canonical\" href=\"https:\/\/alter-entorn.com\/ca\/producto\/kit-de-neteja-ecologica-emc\/\" \/>\n<meta property=\"og:locale\" content=\"ca_ES\" \/>\n<meta property=\"og:type\" content=\"article\" \/>\n<meta property=\"og:title\" content=\"Kit de neteja ecol\u00f2gica eMC\u00ae - alter-entorn\" \/>\n<meta property=\"og:description\" content=\"Kit de productes de neteja ecol\u00f2gica i probi\u00f2tica a partir d&#039;ingredients naturals i microorganismes beneficiosos\" \/>\n<meta property=\"og:url\" content=\"https:\/\/alter-entorn.com\/ca\/producto\/kit-de-neteja-ecologica-emc\/\" \/>\n<meta property=\"og:site_name\" content=\"alter-entorn\" \/>\n<meta property=\"article:publisher\" content=\"https:\/\/www.facebook.com\/alterentorn\/\" \/>\n<meta property=\"article:modified_time\" content=\"2025-02-14T18:53:17+00:00\" \/>\n<meta property=\"og:image\" content=\"https:\/\/alter-entorn.com\/wp-content\/uploads\/2019\/07\/sf.jpg\" \/>\n\t<meta property=\"og:image:width\" content=\"4032\" \/>\n\t<meta property=\"og:image:height\" content=\"2268\" \/>\n\t<meta property=\"og:image:type\" content=\"image\/jpeg\" \/>\n<meta name=\"twitter:card\" content=\"summary_large_image\" \/>\n<meta name=\"twitter:site\" content=\"@alterentorn\" \/>\n<meta name=\"twitter:label1\" content=\"Temps estimat de lectura\" \/>\n\t<meta name=\"twitter:data1\" content=\"1 minut\" \/>\n<script type=\"application\/ld+json\" class=\"yoast-schema-graph\">{\"@context\":\"https:\\\/\\\/schema.org\",\"@graph\":[{\"@type\":\"WebPage\",\"@id\":\"https:\\\/\\\/alter-entorn.com\\\/ca\\\/producto\\\/kit-de-neteja-ecologica-emc\\\/\",\"url\":\"https:\\\/\\\/alter-entorn.com\\\/ca\\\/producto\\\/kit-de-neteja-ecologica-emc\\\/\",\"name\":\"Kit de neteja ecol\u00f2gica eMC\u00ae - alter-entorn\",\"isPartOf\":{\"@id\":\"https:\\\/\\\/alter-entorn.com\\\/ca\\\/#website\"},\"primaryImageOfPage\":{\"@id\":\"https:\\\/\\\/alter-entorn.com\\\/ca\\\/producto\\\/kit-de-neteja-ecologica-emc\\\/#primaryimage\"},\"image\":{\"@id\":\"https:\\\/\\\/alter-entorn.com\\\/ca\\\/producto\\\/kit-de-neteja-ecologica-emc\\\/#primaryimage\"},\"thumbnailUrl\":\"https:\\\/\\\/alter-entorn.com\\\/wp-content\\\/uploads\\\/2019\\\/07\\\/sf.jpg\",\"datePublished\":\"2019-08-12T09:51:38+00:00\",\"dateModified\":\"2025-02-14T18:53:17+00:00\",\"description\":\"Kit de productes de neteja ecol\u00f2gica i probi\u00f2tica a partir d'ingredients naturals i microorganismes beneficiosos\",\"breadcrumb\":{\"@id\":\"https:\\\/\\\/alter-entorn.com\\\/ca\\\/producto\\\/kit-de-neteja-ecologica-emc\\\/#breadcrumb\"},\"inLanguage\":\"ca\",\"potentialAction\":[{\"@type\":\"ReadAction\",\"target\":[\"https:\\\/\\\/alter-entorn.com\\\/ca\\\/producto\\\/kit-de-neteja-ecologica-emc\\\/\"]}]},{\"@type\":\"ImageObject\",\"inLanguage\":\"ca\",\"@id\":\"https:\\\/\\\/alter-entorn.com\\\/ca\\\/producto\\\/kit-de-neteja-ecologica-emc\\\/#primaryimage\",\"url\":\"https:\\\/\\\/alter-entorn.com\\\/wp-content\\\/uploads\\\/2019\\\/07\\\/sf.jpg\",\"contentUrl\":\"https:\\\/\\\/alter-entorn.com\\\/wp-content\\\/uploads\\\/2019\\\/07\\\/sf.jpg\",\"width\":4032,\"height\":2268,\"caption\":\"Kit de limpieza probi\u00f3tica y ecol\u00f3gica\"},{\"@type\":\"BreadcrumbList\",\"@id\":\"https:\\\/\\\/alter-entorn.com\\\/ca\\\/producto\\\/kit-de-neteja-ecologica-emc\\\/#breadcrumb\",\"itemListElement\":[{\"@type\":\"ListItem\",\"position\":1,\"name\":\"Portada\",\"item\":\"https:\\\/\\\/alter-entorn.com\\\/ca\\\/\"},{\"@type\":\"ListItem\",\"position\":2,\"name\":\"Botiga\",\"item\":\"https:\\\/\\\/alter-entorn.com\\\/tienda\\\/\"},{\"@type\":\"ListItem\",\"position\":3,\"name\":\"Kit de neteja ecol\u00f2gica eMC\u00ae\"}]},{\"@type\":\"WebSite\",\"@id\":\"https:\\\/\\\/alter-entorn.com\\\/ca\\\/#website\",\"url\":\"https:\\\/\\\/alter-entorn.com\\\/ca\\\/\",\"name\":\"alter-entorn\",\"description\":\"Soluciones Microbiol\u00f3gicas probi\u00f3ticos\",\"publisher\":{\"@id\":\"https:\\\/\\\/alter-entorn.com\\\/ca\\\/#organization\"},\"potentialAction\":[{\"@type\":\"SearchAction\",\"target\":{\"@type\":\"EntryPoint\",\"urlTemplate\":\"https:\\\/\\\/alter-entorn.com\\\/ca\\\/?s={search_term_string}\"},\"query-input\":{\"@type\":\"PropertyValueSpecification\",\"valueRequired\":true,\"valueName\":\"search_term_string\"}}],\"inLanguage\":\"ca\"},{\"@type\":\"Organization\",\"@id\":\"https:\\\/\\\/alter-entorn.com\\\/ca\\\/#organization\",\"name\":\"alter-entorn\",\"url\":\"https:\\\/\\\/alter-entorn.com\\\/ca\\\/\",\"logo\":{\"@type\":\"ImageObject\",\"inLanguage\":\"ca\",\"@id\":\"https:\\\/\\\/alter-entorn.com\\\/ca\\\/#\\\/schema\\\/logo\\\/image\\\/\",\"url\":\"https:\\\/\\\/alter-entorn.com\\\/wp-content\\\/uploads\\\/2018\\\/10\\\/logo_alter_entorn-sin-texto-1.png\",\"contentUrl\":\"https:\\\/\\\/alter-entorn.com\\\/wp-content\\\/uploads\\\/2018\\\/10\\\/logo_alter_entorn-sin-texto-1.png\",\"width\":246,\"height\":68,\"caption\":\"alter-entorn\"},\"image\":{\"@id\":\"https:\\\/\\\/alter-entorn.com\\\/ca\\\/#\\\/schema\\\/logo\\\/image\\\/\"},\"sameAs\":[\"https:\\\/\\\/www.facebook.com\\\/alterentorn\\\/\",\"https:\\\/\\\/x.com\\\/alterentorn\"]}]}<\/script>\n<!-- \/ Yoast SEO plugin. -->","yoast_head_json":{"title":"Kit de neteja ecol\u00f2gica eMC\u00ae - alter-entorn","description":"Kit de productes de neteja ecol\u00f2gica i probi\u00f2tica a partir d'ingredients naturals i microorganismes beneficiosos","robots":{"index":"index","follow":"follow","max-snippet":"max-snippet:-1","max-image-preview":"max-image-preview:large","max-video-preview":"max-video-preview:-1"},"canonical":"https:\/\/alter-entorn.com\/ca\/producto\/kit-de-neteja-ecologica-emc\/","og_locale":"ca_ES","og_type":"article","og_title":"Kit de neteja ecol\u00f2gica eMC\u00ae - alter-entorn","og_description":"Kit de productes de neteja ecol\u00f2gica i probi\u00f2tica a partir d'ingredients naturals i microorganismes beneficiosos","og_url":"https:\/\/alter-entorn.com\/ca\/producto\/kit-de-neteja-ecologica-emc\/","og_site_name":"alter-entorn","article_publisher":"https:\/\/www.facebook.com\/alterentorn\/","article_modified_time":"2025-02-14T18:53:17+00:00","og_image":[{"width":4032,"height":2268,"url":"https:\/\/alter-entorn.com\/wp-content\/uploads\/2019\/07\/sf.jpg","type":"image\/jpeg"}],"twitter_card":"summary_large_image","twitter_site":"@alterentorn","twitter_misc":{"Temps estimat de lectura":"1 minut"},"schema":{"@context":"https:\/\/schema.org","@graph":[{"@type":"WebPage","@id":"https:\/\/alter-entorn.com\/ca\/producto\/kit-de-neteja-ecologica-emc\/","url":"https:\/\/alter-entorn.com\/ca\/producto\/kit-de-neteja-ecologica-emc\/","name":"Kit de neteja ecol\u00f2gica eMC\u00ae - alter-entorn","isPartOf":{"@id":"https:\/\/alter-entorn.com\/ca\/#website"},"primaryImageOfPage":{"@id":"https:\/\/alter-entorn.com\/ca\/producto\/kit-de-neteja-ecologica-emc\/#primaryimage"},"image":{"@id":"https:\/\/alter-entorn.com\/ca\/producto\/kit-de-neteja-ecologica-emc\/#primaryimage"},"thumbnailUrl":"https:\/\/alter-entorn.com\/wp-content\/uploads\/2019\/07\/sf.jpg","datePublished":"2019-08-12T09:51:38+00:00","dateModified":"2025-02-14T18:53:17+00:00","description":"Kit de productes de neteja ecol\u00f2gica i probi\u00f2tica a partir d'ingredients naturals i microorganismes beneficiosos","breadcrumb":{"@id":"https:\/\/alter-entorn.com\/ca\/producto\/kit-de-neteja-ecologica-emc\/#breadcrumb"},"inLanguage":"ca","potentialAction":[{"@type":"ReadAction","target":["https:\/\/alter-entorn.com\/ca\/producto\/kit-de-neteja-ecologica-emc\/"]}]},{"@type":"ImageObject","inLanguage":"ca","@id":"https:\/\/alter-entorn.com\/ca\/producto\/kit-de-neteja-ecologica-emc\/#primaryimage","url":"https:\/\/alter-entorn.com\/wp-content\/uploads\/2019\/07\/sf.jpg","contentUrl":"https:\/\/alter-entorn.com\/wp-content\/uploads\/2019\/07\/sf.jpg","width":4032,"height":2268,"caption":"Kit de limpieza probi\u00f3tica y ecol\u00f3gica"},{"@type":"BreadcrumbList","@id":"https:\/\/alter-entorn.com\/ca\/producto\/kit-de-neteja-ecologica-emc\/#breadcrumb","itemListElement":[{"@type":"ListItem","position":1,"name":"Portada","item":"https:\/\/alter-entorn.com\/ca\/"},{"@type":"ListItem","position":2,"name":"Botiga","item":"https:\/\/alter-entorn.com\/tienda\/"},{"@type":"ListItem","position":3,"name":"Kit de neteja ecol\u00f2gica eMC\u00ae"}]},{"@type":"WebSite","@id":"https:\/\/alter-entorn.com\/ca\/#website","url":"https:\/\/alter-entorn.com\/ca\/","name":"alter-entorn","description":"Soluciones Microbiol\u00f3gicas probi\u00f3ticos","publisher":{"@id":"https:\/\/alter-entorn.com\/ca\/#organization"},"potentialAction":[{"@type":"SearchAction","target":{"@type":"EntryPoint","urlTemplate":"https:\/\/alter-entorn.com\/ca\/?s={search_term_string}"},"query-input":{"@type":"PropertyValueSpecification","valueRequired":true,"valueName":"search_term_string"}}],"inLanguage":"ca"},{"@type":"Organization","@id":"https:\/\/alter-entorn.com\/ca\/#organization","name":"alter-entorn","url":"https:\/\/alter-entorn.com\/ca\/","logo":{"@type":"ImageObject","inLanguage":"ca","@id":"https:\/\/alter-entorn.com\/ca\/#\/schema\/logo\/image\/","url":"https:\/\/alter-entorn.com\/wp-content\/uploads\/2018\/10\/logo_alter_entorn-sin-texto-1.png","contentUrl":"https:\/\/alter-entorn.com\/wp-content\/uploads\/2018\/10\/logo_alter_entorn-sin-texto-1.png","width":246,"height":68,"caption":"alter-entorn"},"image":{"@id":"https:\/\/alter-entorn.com\/ca\/#\/schema\/logo\/image\/"},"sameAs":["https:\/\/www.facebook.com\/alterentorn\/","https:\/\/x.com\/alterentorn"]}]}},"_links":{"self":[{"href":"https:\/\/alter-entorn.com\/ca\/wp-json\/wp\/v2\/product\/7051","targetHints":{"allow":["GET"]}}],"collection":[{"href":"https:\/\/alter-entorn.com\/ca\/wp-json\/wp\/v2\/product"}],"about":[{"href":"https:\/\/alter-entorn.com\/ca\/wp-json\/wp\/v2\/types\/product"}],"wp:featuredmedia":[{"embeddable":true,"href":"https:\/\/alter-entorn.com\/ca\/wp-json\/wp\/v2\/media\/7045"}],"wp:attachment":[{"href":"https:\/\/alter-entorn.com\/ca\/wp-json\/wp\/v2\/media?parent=7051"}],"wp:term":[{"taxonomy":"product_brand","embeddable":true,"href":"https:\/\/alter-entorn.com\/ca\/wp-json\/wp\/v2\/product_brand?post=7051"},{"taxonomy":"product_cat","embeddable":true,"href":"https:\/\/alter-entorn.com\/ca\/wp-json\/wp\/v2\/product_cat?post=7051"},{"taxonomy":"product_tag","embeddable":true,"href":"https:\/\/alter-entorn.com\/ca\/wp-json\/wp\/v2\/product_tag?post=7051"}],"curies":[{"name":"wp","href":"https:\/\/api.w.org\/{rel}","templated":true}]}}