{"id":7073,"date":"2019-08-20T12:07:46","date_gmt":"2019-08-20T14:04:56","guid":{"rendered":"https:\/\/alter-entorn.com\/producto\/sac-de-salvat-bokashi-2kg\/"},"modified":"2025-02-16T18:15:42","modified_gmt":"2025-02-16T16:15:42","slug":"salvat-bokashi","status":"publish","type":"product","link":"https:\/\/alter-entorn.com\/ca\/producto\/salvat-bokashi\/","title":{"rendered":"Sac de seg\u00f3 Bokashi (2kg)"},"content":{"rendered":"<p>Bokashi \u00e9s un preparat de seg\u00f3 de blat fermentat amb melassa i enriquit amb microorganismes beneficiosos. Activa la fermentaci\u00f3 dels residus org\u00e0nics, evita la putrefacci\u00f3, elimina les males olors i mant\u00e9 el control de possibles plagues. Utilitzat juntament amb el <a href=\"https:\/\/alter-entorn.com\/ca\/producto\/cubell-residus-organics\/\">cubell de compostatge<\/a> dom\u00e8stic millora el proc\u00e9s i elimina males olors. Aquest m\u00e8tode de compostatge anaer\u00f2bic separa el l\u00edquid de fermentaci\u00f3. Aquest lixiviat \u00e9s, ric en nutrients i microorganismes \u00e9s idoni per al nostre jard\u00ed i plantes d&#8217;interior. Cada vegada que afegim residus al cubell els hem de cobrir amb Bokashi per assegurar un proc\u00e9s de fermentaci\u00f3 anaer\u00f2bic i sense males olors. Quan el cubell est\u00e0 ple es deixa reposar tres setmanes traient el lixiviat de tant en tant. La mat\u00e8ria org\u00e0nica s\u00f2lida es pot posar directament a l&#8217;hort enterrant-la a uns 20cm de les arrels de les plantes o b\u00e9 posar-la en una galleda m\u00e9s gran amb terra per sota i damunt fins que acabi de compostar.<\/p>\n","protected":false},"excerpt":{"rendered":"<p>Preparat a partir de seg\u00f3 de blat fermentat per afegir als\u00a0\u00a0\u00a0\u00a0<a href=\"https:\/\/alter-entorn.com\/ca\/producto\/cubos-bokashi\/\"> cubells per residus org\u00e0nics.<\/a> Accelera el proc\u00e9s de fermentaci\u00f3, elimina males olors i millora la qualitat del lixiviat, entre altres beneficis.<\/p>\n","protected":false},"featured_media":7068,"template":"","meta":{"_joinchat":[]},"product_brand":[],"product_cat":[3212,81],"product_tag":[2848,2849,2850,2851,2852,2853,2854,2855,2856,3195,3267],"class_list":{"0":"post-7073","1":"product","2":"type-product","3":"status-publish","4":"has-post-thumbnail","6":"product_cat-compost-hort-i-jardi","7":"product_cat-residus","8":"product_tag-bokashi-ca","9":"product_tag-residus-organics","10":"product_tag-compost-ca","11":"product_tag-salvat-de-blat","12":"product_tag-preparat-bokashi","13":"product_tag-compost-domestic","14":"product_tag-lixiviats","15":"product_tag-cubell-bokashi","16":"product_tag-materia-organica-ca","17":"product_tag-agricultura-regenerativa-ca","18":"product_tag-compost-microbiologic","20":"first","21":"instock","22":"taxable","23":"shipping-taxable","24":"purchasable","25":"product-type-simple"},"yoast_head":"<!-- This site is optimized with the Yoast SEO plugin v27.4 - https:\/\/yoast.com\/product\/yoast-seo-wordpress\/ -->\n<title>Sac de seg\u00f3 Bokashi (2kg) - alter-entorn<\/title>\n<meta name=\"description\" content=\"Preparat de salvat de blat fermentat per afegir al cubell per residus org\u00e0nics dom\u00e8stics. Elimina olors, accelera el proc\u00e9s, etc.\" \/>\n<meta name=\"robots\" content=\"index, follow, max-snippet:-1, max-image-preview:large, max-video-preview:-1\" \/>\n<link rel=\"canonical\" href=\"https:\/\/alter-entorn.com\/ca\/producto\/salvat-bokashi\/\" \/>\n<meta property=\"og:locale\" content=\"ca_ES\" \/>\n<meta property=\"og:type\" content=\"article\" \/>\n<meta property=\"og:title\" content=\"Sac de seg\u00f3 Bokashi (2kg) - alter-entorn\" \/>\n<meta property=\"og:description\" content=\"Preparat de salvat de blat fermentat per afegir al cubell per residus org\u00e0nics dom\u00e8stics. Elimina olors, accelera el proc\u00e9s, etc.\" \/>\n<meta property=\"og:url\" content=\"https:\/\/alter-entorn.com\/ca\/producto\/salvat-bokashi\/\" \/>\n<meta property=\"og:site_name\" content=\"alter-entorn\" \/>\n<meta property=\"article:publisher\" content=\"https:\/\/www.facebook.com\/alterentorn\/\" \/>\n<meta property=\"article:modified_time\" content=\"2025-02-16T16:15:42+00:00\" \/>\n<meta property=\"og:image\" content=\"https:\/\/alter-entorn.com\/wp-content\/uploads\/2019\/08\/bokashi.jpg\" \/>\n\t<meta property=\"og:image:width\" content=\"1010\" \/>\n\t<meta property=\"og:image:height\" content=\"1010\" \/>\n\t<meta property=\"og:image:type\" content=\"image\/jpeg\" \/>\n<meta name=\"twitter:card\" content=\"summary_large_image\" \/>\n<meta name=\"twitter:site\" content=\"@alterentorn\" \/>\n<meta name=\"twitter:label1\" content=\"Temps estimat de lectura\" \/>\n\t<meta name=\"twitter:data1\" content=\"1 minut\" \/>\n<script type=\"application\/ld+json\" class=\"yoast-schema-graph\">{\"@context\":\"https:\\\/\\\/schema.org\",\"@graph\":[{\"@type\":\"WebPage\",\"@id\":\"https:\\\/\\\/alter-entorn.com\\\/ca\\\/producto\\\/salvat-bokashi\\\/\",\"url\":\"https:\\\/\\\/alter-entorn.com\\\/ca\\\/producto\\\/salvat-bokashi\\\/\",\"name\":\"Sac de seg\u00f3 Bokashi (2kg) - alter-entorn\",\"isPartOf\":{\"@id\":\"https:\\\/\\\/alter-entorn.com\\\/ca\\\/#website\"},\"primaryImageOfPage\":{\"@id\":\"https:\\\/\\\/alter-entorn.com\\\/ca\\\/producto\\\/salvat-bokashi\\\/#primaryimage\"},\"image\":{\"@id\":\"https:\\\/\\\/alter-entorn.com\\\/ca\\\/producto\\\/salvat-bokashi\\\/#primaryimage\"},\"thumbnailUrl\":\"https:\\\/\\\/alter-entorn.com\\\/wp-content\\\/uploads\\\/2019\\\/08\\\/bokashi.jpg\",\"datePublished\":\"2019-08-20T14:04:56+00:00\",\"dateModified\":\"2025-02-16T16:15:42+00:00\",\"description\":\"Preparat de salvat de blat fermentat per afegir al cubell per residus org\u00e0nics dom\u00e8stics. Elimina olors, accelera el proc\u00e9s, etc.\",\"breadcrumb\":{\"@id\":\"https:\\\/\\\/alter-entorn.com\\\/ca\\\/producto\\\/salvat-bokashi\\\/#breadcrumb\"},\"inLanguage\":\"ca\",\"potentialAction\":[{\"@type\":\"ReadAction\",\"target\":[\"https:\\\/\\\/alter-entorn.com\\\/ca\\\/producto\\\/salvat-bokashi\\\/\"]}]},{\"@type\":\"ImageObject\",\"inLanguage\":\"ca\",\"@id\":\"https:\\\/\\\/alter-entorn.com\\\/ca\\\/producto\\\/salvat-bokashi\\\/#primaryimage\",\"url\":\"https:\\\/\\\/alter-entorn.com\\\/wp-content\\\/uploads\\\/2019\\\/08\\\/bokashi.jpg\",\"contentUrl\":\"https:\\\/\\\/alter-entorn.com\\\/wp-content\\\/uploads\\\/2019\\\/08\\\/bokashi.jpg\",\"width\":1010,\"height\":1010,\"caption\":\"Seg\u00f3 de blat fermentat Bokashi\"},{\"@type\":\"BreadcrumbList\",\"@id\":\"https:\\\/\\\/alter-entorn.com\\\/ca\\\/producto\\\/salvat-bokashi\\\/#breadcrumb\",\"itemListElement\":[{\"@type\":\"ListItem\",\"position\":1,\"name\":\"Portada\",\"item\":\"https:\\\/\\\/alter-entorn.com\\\/ca\\\/\"},{\"@type\":\"ListItem\",\"position\":2,\"name\":\"Botiga\",\"item\":\"https:\\\/\\\/alter-entorn.com\\\/tienda\\\/\"},{\"@type\":\"ListItem\",\"position\":3,\"name\":\"Sac de seg\u00f3 Bokashi (2kg)\"}]},{\"@type\":\"WebSite\",\"@id\":\"https:\\\/\\\/alter-entorn.com\\\/ca\\\/#website\",\"url\":\"https:\\\/\\\/alter-entorn.com\\\/ca\\\/\",\"name\":\"alter-entorn\",\"description\":\"Soluciones Microbiol\u00f3gicas probi\u00f3ticos\",\"publisher\":{\"@id\":\"https:\\\/\\\/alter-entorn.com\\\/ca\\\/#organization\"},\"potentialAction\":[{\"@type\":\"SearchAction\",\"target\":{\"@type\":\"EntryPoint\",\"urlTemplate\":\"https:\\\/\\\/alter-entorn.com\\\/ca\\\/?s={search_term_string}\"},\"query-input\":{\"@type\":\"PropertyValueSpecification\",\"valueRequired\":true,\"valueName\":\"search_term_string\"}}],\"inLanguage\":\"ca\"},{\"@type\":\"Organization\",\"@id\":\"https:\\\/\\\/alter-entorn.com\\\/ca\\\/#organization\",\"name\":\"alter-entorn\",\"url\":\"https:\\\/\\\/alter-entorn.com\\\/ca\\\/\",\"logo\":{\"@type\":\"ImageObject\",\"inLanguage\":\"ca\",\"@id\":\"https:\\\/\\\/alter-entorn.com\\\/ca\\\/#\\\/schema\\\/logo\\\/image\\\/\",\"url\":\"https:\\\/\\\/alter-entorn.com\\\/wp-content\\\/uploads\\\/2018\\\/10\\\/logo_alter_entorn-sin-texto-1.png\",\"contentUrl\":\"https:\\\/\\\/alter-entorn.com\\\/wp-content\\\/uploads\\\/2018\\\/10\\\/logo_alter_entorn-sin-texto-1.png\",\"width\":246,\"height\":68,\"caption\":\"alter-entorn\"},\"image\":{\"@id\":\"https:\\\/\\\/alter-entorn.com\\\/ca\\\/#\\\/schema\\\/logo\\\/image\\\/\"},\"sameAs\":[\"https:\\\/\\\/www.facebook.com\\\/alterentorn\\\/\",\"https:\\\/\\\/x.com\\\/alterentorn\"]}]}<\/script>\n<!-- \/ Yoast SEO plugin. -->","yoast_head_json":{"title":"Sac de seg\u00f3 Bokashi (2kg) - alter-entorn","description":"Preparat de salvat de blat fermentat per afegir al cubell per residus org\u00e0nics dom\u00e8stics. Elimina olors, accelera el proc\u00e9s, etc.","robots":{"index":"index","follow":"follow","max-snippet":"max-snippet:-1","max-image-preview":"max-image-preview:large","max-video-preview":"max-video-preview:-1"},"canonical":"https:\/\/alter-entorn.com\/ca\/producto\/salvat-bokashi\/","og_locale":"ca_ES","og_type":"article","og_title":"Sac de seg\u00f3 Bokashi (2kg) - alter-entorn","og_description":"Preparat de salvat de blat fermentat per afegir al cubell per residus org\u00e0nics dom\u00e8stics. Elimina olors, accelera el proc\u00e9s, etc.","og_url":"https:\/\/alter-entorn.com\/ca\/producto\/salvat-bokashi\/","og_site_name":"alter-entorn","article_publisher":"https:\/\/www.facebook.com\/alterentorn\/","article_modified_time":"2025-02-16T16:15:42+00:00","og_image":[{"width":1010,"height":1010,"url":"https:\/\/alter-entorn.com\/wp-content\/uploads\/2019\/08\/bokashi.jpg","type":"image\/jpeg"}],"twitter_card":"summary_large_image","twitter_site":"@alterentorn","twitter_misc":{"Temps estimat de lectura":"1 minut"},"schema":{"@context":"https:\/\/schema.org","@graph":[{"@type":"WebPage","@id":"https:\/\/alter-entorn.com\/ca\/producto\/salvat-bokashi\/","url":"https:\/\/alter-entorn.com\/ca\/producto\/salvat-bokashi\/","name":"Sac de seg\u00f3 Bokashi (2kg) - alter-entorn","isPartOf":{"@id":"https:\/\/alter-entorn.com\/ca\/#website"},"primaryImageOfPage":{"@id":"https:\/\/alter-entorn.com\/ca\/producto\/salvat-bokashi\/#primaryimage"},"image":{"@id":"https:\/\/alter-entorn.com\/ca\/producto\/salvat-bokashi\/#primaryimage"},"thumbnailUrl":"https:\/\/alter-entorn.com\/wp-content\/uploads\/2019\/08\/bokashi.jpg","datePublished":"2019-08-20T14:04:56+00:00","dateModified":"2025-02-16T16:15:42+00:00","description":"Preparat de salvat de blat fermentat per afegir al cubell per residus org\u00e0nics dom\u00e8stics. Elimina olors, accelera el proc\u00e9s, etc.","breadcrumb":{"@id":"https:\/\/alter-entorn.com\/ca\/producto\/salvat-bokashi\/#breadcrumb"},"inLanguage":"ca","potentialAction":[{"@type":"ReadAction","target":["https:\/\/alter-entorn.com\/ca\/producto\/salvat-bokashi\/"]}]},{"@type":"ImageObject","inLanguage":"ca","@id":"https:\/\/alter-entorn.com\/ca\/producto\/salvat-bokashi\/#primaryimage","url":"https:\/\/alter-entorn.com\/wp-content\/uploads\/2019\/08\/bokashi.jpg","contentUrl":"https:\/\/alter-entorn.com\/wp-content\/uploads\/2019\/08\/bokashi.jpg","width":1010,"height":1010,"caption":"Seg\u00f3 de blat fermentat Bokashi"},{"@type":"BreadcrumbList","@id":"https:\/\/alter-entorn.com\/ca\/producto\/salvat-bokashi\/#breadcrumb","itemListElement":[{"@type":"ListItem","position":1,"name":"Portada","item":"https:\/\/alter-entorn.com\/ca\/"},{"@type":"ListItem","position":2,"name":"Botiga","item":"https:\/\/alter-entorn.com\/tienda\/"},{"@type":"ListItem","position":3,"name":"Sac de seg\u00f3 Bokashi (2kg)"}]},{"@type":"WebSite","@id":"https:\/\/alter-entorn.com\/ca\/#website","url":"https:\/\/alter-entorn.com\/ca\/","name":"alter-entorn","description":"Soluciones Microbiol\u00f3gicas probi\u00f3ticos","publisher":{"@id":"https:\/\/alter-entorn.com\/ca\/#organization"},"potentialAction":[{"@type":"SearchAction","target":{"@type":"EntryPoint","urlTemplate":"https:\/\/alter-entorn.com\/ca\/?s={search_term_string}"},"query-input":{"@type":"PropertyValueSpecification","valueRequired":true,"valueName":"search_term_string"}}],"inLanguage":"ca"},{"@type":"Organization","@id":"https:\/\/alter-entorn.com\/ca\/#organization","name":"alter-entorn","url":"https:\/\/alter-entorn.com\/ca\/","logo":{"@type":"ImageObject","inLanguage":"ca","@id":"https:\/\/alter-entorn.com\/ca\/#\/schema\/logo\/image\/","url":"https:\/\/alter-entorn.com\/wp-content\/uploads\/2018\/10\/logo_alter_entorn-sin-texto-1.png","contentUrl":"https:\/\/alter-entorn.com\/wp-content\/uploads\/2018\/10\/logo_alter_entorn-sin-texto-1.png","width":246,"height":68,"caption":"alter-entorn"},"image":{"@id":"https:\/\/alter-entorn.com\/ca\/#\/schema\/logo\/image\/"},"sameAs":["https:\/\/www.facebook.com\/alterentorn\/","https:\/\/x.com\/alterentorn"]}]}},"_links":{"self":[{"href":"https:\/\/alter-entorn.com\/ca\/wp-json\/wp\/v2\/product\/7073","targetHints":{"allow":["GET"]}}],"collection":[{"href":"https:\/\/alter-entorn.com\/ca\/wp-json\/wp\/v2\/product"}],"about":[{"href":"https:\/\/alter-entorn.com\/ca\/wp-json\/wp\/v2\/types\/product"}],"wp:featuredmedia":[{"embeddable":true,"href":"https:\/\/alter-entorn.com\/ca\/wp-json\/wp\/v2\/media\/7068"}],"wp:attachment":[{"href":"https:\/\/alter-entorn.com\/ca\/wp-json\/wp\/v2\/media?parent=7073"}],"wp:term":[{"taxonomy":"product_brand","embeddable":true,"href":"https:\/\/alter-entorn.com\/ca\/wp-json\/wp\/v2\/product_brand?post=7073"},{"taxonomy":"product_cat","embeddable":true,"href":"https:\/\/alter-entorn.com\/ca\/wp-json\/wp\/v2\/product_cat?post=7073"},{"taxonomy":"product_tag","embeddable":true,"href":"https:\/\/alter-entorn.com\/ca\/wp-json\/wp\/v2\/product_tag?post=7073"}],"curies":[{"name":"wp","href":"https:\/\/api.w.org\/{rel}","templated":true}]}}