{"id":7148,"date":"2019-08-27T11:16:59","date_gmt":"2019-08-28T07:32:24","guid":{"rendered":"https:\/\/alter-entorn.com\/producto\/nutri-start\/"},"modified":"2025-02-12T22:34:08","modified_gmt":"2025-02-12T20:34:08","slug":"nutri-start","status":"publish","type":"product","link":"https:\/\/alter-entorn.com\/ca\/producto\/nutri-start\/","title":{"rendered":"Nutri Start\u00ae (1l)"},"content":{"rendered":"<p>Nutri Start\u00ae s\u00f3n nutrients d&#8217;origen vegetal per a microorganismes que serveixen d&#8217;aliment i activador millorant-ne l&#8217;efici\u00e8ncia. Aporta carbohidrats, minerals i vitamines ajuda a l&#8217;augment de microbiologia beneficiosa amb la qual cosa s&#8217;obt\u00e9 un producte de m\u00e9s qualitat. Afegint Nutri Start\u00ae als combinats de microorganismes d&#8217;alter-entorn s&#8217;aconsegueix que els bacteris s&#8217;activin m\u00e9s efica\u00e7ment i r\u00e0pidament per assolir els seus objectius. En els processos de compostatge en augmentar la poblaci\u00f3 de microorganismes beneficiosos descomponedors s&#8217;accelera el proc\u00e9s i obt\u00e9 un compost de m\u00e9s qualitat i amb una gran aportaci\u00f3 de nutrients. Tot i que no sempre \u00e9s necessari, en algunes aplicacions microbiol\u00f2giques pot ser molt convenient. Si necessiteu m\u00e9s informaci\u00f3 no dubteu a consultar-nos el vostre cas.<\/p>\n","protected":false},"excerpt":{"rendered":"<p><strong>ECOCERT<\/strong><\/p>\n<p>Combinat de nutrients i microorganismes beneficiosos. Fa que aquests s&#8217;activin i millorin la seva efic\u00e0cia. S&#8217;acostuma a utilitzar per barrejar amb <a href=\"https:\/\/alter-entorn.com\/ca\/producto\/elgan\/\">Elgan\u00ae<\/a> o <a href=\"https:\/\/alter-entorn.com\/ca\/producto\/agrobalanced\/\">Agro balanced\u00ae<\/a> per a diferents usos<\/p>\n","protected":false},"featured_media":8763,"template":"","meta":{"_joinchat":[]},"product_brand":[],"product_cat":[3212,81],"product_tag":[2911,2912,2913,2914,2915,2916,2917,2918,3195,3280],"class_list":{"0":"post-7148","1":"product","2":"type-product","3":"status-publish","4":"has-post-thumbnail","6":"product_cat-compost-hort-i-jardi","7":"product_cat-residus","8":"product_tag-nutrients-per-microorganismes","9":"product_tag-enzims","10":"product_tag-bacteris-beneficiosos","11":"product_tag-activar-bacteris","12":"product_tag-millorar-microbiologia","13":"product_tag-activar-microorganismes","14":"product_tag-microorganismes-efectius","15":"product_tag-formula-microbiologia-ca","16":"product_tag-agricultura-regenerativa-ca","17":"product_tag-accelerador-de-compostatge","19":"first","20":"instock","21":"taxable","22":"shipping-taxable","23":"purchasable","24":"product-type-variable"},"yoast_head":"<!-- This site is optimized with the Yoast SEO plugin v27.4 - https:\/\/yoast.com\/product\/yoast-seo-wordpress\/ -->\n<title>Nutri Start\u00ae (1l) - alter-entorn<\/title>\n<meta name=\"description\" content=\"nutrients d&#039;origen vegetal per microorganismes sucres i carbohidrats\" \/>\n<meta name=\"robots\" content=\"index, follow, max-snippet:-1, max-image-preview:large, max-video-preview:-1\" \/>\n<link rel=\"canonical\" href=\"https:\/\/alter-entorn.com\/ca\/producto\/nutri-start\/\" \/>\n<meta property=\"og:locale\" content=\"ca_ES\" \/>\n<meta property=\"og:type\" content=\"article\" \/>\n<meta property=\"og:title\" content=\"Nutri Start\u00ae (1l) - alter-entorn\" \/>\n<meta property=\"og:description\" content=\"nutrients d&#039;origen vegetal per microorganismes sucres i carbohidrats\" \/>\n<meta property=\"og:url\" content=\"https:\/\/alter-entorn.com\/ca\/producto\/nutri-start\/\" \/>\n<meta property=\"og:site_name\" content=\"alter-entorn\" \/>\n<meta property=\"article:publisher\" content=\"https:\/\/www.facebook.com\/alterentorn\/\" \/>\n<meta property=\"article:modified_time\" content=\"2025-02-12T20:34:08+00:00\" \/>\n<meta property=\"og:image\" content=\"https:\/\/alter-entorn.com\/wp-content\/uploads\/2022\/03\/nutristart1l-1024x768.png\" \/>\n\t<meta property=\"og:image:width\" content=\"1024\" \/>\n\t<meta property=\"og:image:height\" content=\"768\" \/>\n\t<meta property=\"og:image:type\" content=\"image\/png\" \/>\n<meta name=\"twitter:card\" content=\"summary_large_image\" \/>\n<meta name=\"twitter:site\" content=\"@alterentorn\" \/>\n<meta name=\"twitter:label1\" content=\"Temps estimat de lectura\" \/>\n\t<meta name=\"twitter:data1\" content=\"1 minut\" \/>\n<script type=\"application\/ld+json\" class=\"yoast-schema-graph\">{\"@context\":\"https:\\\/\\\/schema.org\",\"@graph\":[{\"@type\":\"WebPage\",\"@id\":\"https:\\\/\\\/alter-entorn.com\\\/ca\\\/producto\\\/nutri-start\\\/\",\"url\":\"https:\\\/\\\/alter-entorn.com\\\/ca\\\/producto\\\/nutri-start\\\/\",\"name\":\"Nutri Start\u00ae (1l) - alter-entorn\",\"isPartOf\":{\"@id\":\"https:\\\/\\\/alter-entorn.com\\\/ca\\\/#website\"},\"primaryImageOfPage\":{\"@id\":\"https:\\\/\\\/alter-entorn.com\\\/ca\\\/producto\\\/nutri-start\\\/#primaryimage\"},\"image\":{\"@id\":\"https:\\\/\\\/alter-entorn.com\\\/ca\\\/producto\\\/nutri-start\\\/#primaryimage\"},\"thumbnailUrl\":\"https:\\\/\\\/alter-entorn.com\\\/wp-content\\\/uploads\\\/2022\\\/03\\\/nutristart1l.png\",\"datePublished\":\"2019-08-28T07:32:24+00:00\",\"dateModified\":\"2025-02-12T20:34:08+00:00\",\"description\":\"nutrients d'origen vegetal per microorganismes sucres i carbohidrats\",\"breadcrumb\":{\"@id\":\"https:\\\/\\\/alter-entorn.com\\\/ca\\\/producto\\\/nutri-start\\\/#breadcrumb\"},\"inLanguage\":\"ca\",\"potentialAction\":[{\"@type\":\"ReadAction\",\"target\":[\"https:\\\/\\\/alter-entorn.com\\\/ca\\\/producto\\\/nutri-start\\\/\"]}]},{\"@type\":\"ImageObject\",\"inLanguage\":\"ca\",\"@id\":\"https:\\\/\\\/alter-entorn.com\\\/ca\\\/producto\\\/nutri-start\\\/#primaryimage\",\"url\":\"https:\\\/\\\/alter-entorn.com\\\/wp-content\\\/uploads\\\/2022\\\/03\\\/nutristart1l.png\",\"contentUrl\":\"https:\\\/\\\/alter-entorn.com\\\/wp-content\\\/uploads\\\/2022\\\/03\\\/nutristart1l.png\",\"width\":5184,\"height\":3888,\"caption\":\"Nutrients per a microorganismes\"},{\"@type\":\"BreadcrumbList\",\"@id\":\"https:\\\/\\\/alter-entorn.com\\\/ca\\\/producto\\\/nutri-start\\\/#breadcrumb\",\"itemListElement\":[{\"@type\":\"ListItem\",\"position\":1,\"name\":\"Portada\",\"item\":\"https:\\\/\\\/alter-entorn.com\\\/ca\\\/\"},{\"@type\":\"ListItem\",\"position\":2,\"name\":\"Botiga\",\"item\":\"https:\\\/\\\/alter-entorn.com\\\/tienda\\\/\"},{\"@type\":\"ListItem\",\"position\":3,\"name\":\"Nutri Start\u00ae (1l)\"}]},{\"@type\":\"WebSite\",\"@id\":\"https:\\\/\\\/alter-entorn.com\\\/ca\\\/#website\",\"url\":\"https:\\\/\\\/alter-entorn.com\\\/ca\\\/\",\"name\":\"alter-entorn\",\"description\":\"Soluciones Microbiol\u00f3gicas probi\u00f3ticos\",\"publisher\":{\"@id\":\"https:\\\/\\\/alter-entorn.com\\\/ca\\\/#organization\"},\"potentialAction\":[{\"@type\":\"SearchAction\",\"target\":{\"@type\":\"EntryPoint\",\"urlTemplate\":\"https:\\\/\\\/alter-entorn.com\\\/ca\\\/?s={search_term_string}\"},\"query-input\":{\"@type\":\"PropertyValueSpecification\",\"valueRequired\":true,\"valueName\":\"search_term_string\"}}],\"inLanguage\":\"ca\"},{\"@type\":\"Organization\",\"@id\":\"https:\\\/\\\/alter-entorn.com\\\/ca\\\/#organization\",\"name\":\"alter-entorn\",\"url\":\"https:\\\/\\\/alter-entorn.com\\\/ca\\\/\",\"logo\":{\"@type\":\"ImageObject\",\"inLanguage\":\"ca\",\"@id\":\"https:\\\/\\\/alter-entorn.com\\\/ca\\\/#\\\/schema\\\/logo\\\/image\\\/\",\"url\":\"https:\\\/\\\/alter-entorn.com\\\/wp-content\\\/uploads\\\/2018\\\/10\\\/logo_alter_entorn-sin-texto-1.png\",\"contentUrl\":\"https:\\\/\\\/alter-entorn.com\\\/wp-content\\\/uploads\\\/2018\\\/10\\\/logo_alter_entorn-sin-texto-1.png\",\"width\":246,\"height\":68,\"caption\":\"alter-entorn\"},\"image\":{\"@id\":\"https:\\\/\\\/alter-entorn.com\\\/ca\\\/#\\\/schema\\\/logo\\\/image\\\/\"},\"sameAs\":[\"https:\\\/\\\/www.facebook.com\\\/alterentorn\\\/\",\"https:\\\/\\\/x.com\\\/alterentorn\"]}]}<\/script>\n<!-- \/ Yoast SEO plugin. -->","yoast_head_json":{"title":"Nutri Start\u00ae (1l) - alter-entorn","description":"nutrients d'origen vegetal per microorganismes sucres i carbohidrats","robots":{"index":"index","follow":"follow","max-snippet":"max-snippet:-1","max-image-preview":"max-image-preview:large","max-video-preview":"max-video-preview:-1"},"canonical":"https:\/\/alter-entorn.com\/ca\/producto\/nutri-start\/","og_locale":"ca_ES","og_type":"article","og_title":"Nutri Start\u00ae (1l) - alter-entorn","og_description":"nutrients d'origen vegetal per microorganismes sucres i carbohidrats","og_url":"https:\/\/alter-entorn.com\/ca\/producto\/nutri-start\/","og_site_name":"alter-entorn","article_publisher":"https:\/\/www.facebook.com\/alterentorn\/","article_modified_time":"2025-02-12T20:34:08+00:00","og_image":[{"width":1024,"height":768,"url":"https:\/\/alter-entorn.com\/wp-content\/uploads\/2022\/03\/nutristart1l-1024x768.png","type":"image\/png"}],"twitter_card":"summary_large_image","twitter_site":"@alterentorn","twitter_misc":{"Temps estimat de lectura":"1 minut"},"schema":{"@context":"https:\/\/schema.org","@graph":[{"@type":"WebPage","@id":"https:\/\/alter-entorn.com\/ca\/producto\/nutri-start\/","url":"https:\/\/alter-entorn.com\/ca\/producto\/nutri-start\/","name":"Nutri Start\u00ae (1l) - alter-entorn","isPartOf":{"@id":"https:\/\/alter-entorn.com\/ca\/#website"},"primaryImageOfPage":{"@id":"https:\/\/alter-entorn.com\/ca\/producto\/nutri-start\/#primaryimage"},"image":{"@id":"https:\/\/alter-entorn.com\/ca\/producto\/nutri-start\/#primaryimage"},"thumbnailUrl":"https:\/\/alter-entorn.com\/wp-content\/uploads\/2022\/03\/nutristart1l.png","datePublished":"2019-08-28T07:32:24+00:00","dateModified":"2025-02-12T20:34:08+00:00","description":"nutrients d'origen vegetal per microorganismes sucres i carbohidrats","breadcrumb":{"@id":"https:\/\/alter-entorn.com\/ca\/producto\/nutri-start\/#breadcrumb"},"inLanguage":"ca","potentialAction":[{"@type":"ReadAction","target":["https:\/\/alter-entorn.com\/ca\/producto\/nutri-start\/"]}]},{"@type":"ImageObject","inLanguage":"ca","@id":"https:\/\/alter-entorn.com\/ca\/producto\/nutri-start\/#primaryimage","url":"https:\/\/alter-entorn.com\/wp-content\/uploads\/2022\/03\/nutristart1l.png","contentUrl":"https:\/\/alter-entorn.com\/wp-content\/uploads\/2022\/03\/nutristart1l.png","width":5184,"height":3888,"caption":"Nutrients per a microorganismes"},{"@type":"BreadcrumbList","@id":"https:\/\/alter-entorn.com\/ca\/producto\/nutri-start\/#breadcrumb","itemListElement":[{"@type":"ListItem","position":1,"name":"Portada","item":"https:\/\/alter-entorn.com\/ca\/"},{"@type":"ListItem","position":2,"name":"Botiga","item":"https:\/\/alter-entorn.com\/tienda\/"},{"@type":"ListItem","position":3,"name":"Nutri Start\u00ae (1l)"}]},{"@type":"WebSite","@id":"https:\/\/alter-entorn.com\/ca\/#website","url":"https:\/\/alter-entorn.com\/ca\/","name":"alter-entorn","description":"Soluciones Microbiol\u00f3gicas probi\u00f3ticos","publisher":{"@id":"https:\/\/alter-entorn.com\/ca\/#organization"},"potentialAction":[{"@type":"SearchAction","target":{"@type":"EntryPoint","urlTemplate":"https:\/\/alter-entorn.com\/ca\/?s={search_term_string}"},"query-input":{"@type":"PropertyValueSpecification","valueRequired":true,"valueName":"search_term_string"}}],"inLanguage":"ca"},{"@type":"Organization","@id":"https:\/\/alter-entorn.com\/ca\/#organization","name":"alter-entorn","url":"https:\/\/alter-entorn.com\/ca\/","logo":{"@type":"ImageObject","inLanguage":"ca","@id":"https:\/\/alter-entorn.com\/ca\/#\/schema\/logo\/image\/","url":"https:\/\/alter-entorn.com\/wp-content\/uploads\/2018\/10\/logo_alter_entorn-sin-texto-1.png","contentUrl":"https:\/\/alter-entorn.com\/wp-content\/uploads\/2018\/10\/logo_alter_entorn-sin-texto-1.png","width":246,"height":68,"caption":"alter-entorn"},"image":{"@id":"https:\/\/alter-entorn.com\/ca\/#\/schema\/logo\/image\/"},"sameAs":["https:\/\/www.facebook.com\/alterentorn\/","https:\/\/x.com\/alterentorn"]}]}},"_links":{"self":[{"href":"https:\/\/alter-entorn.com\/ca\/wp-json\/wp\/v2\/product\/7148","targetHints":{"allow":["GET"]}}],"collection":[{"href":"https:\/\/alter-entorn.com\/ca\/wp-json\/wp\/v2\/product"}],"about":[{"href":"https:\/\/alter-entorn.com\/ca\/wp-json\/wp\/v2\/types\/product"}],"wp:featuredmedia":[{"embeddable":true,"href":"https:\/\/alter-entorn.com\/ca\/wp-json\/wp\/v2\/media\/8763"}],"wp:attachment":[{"href":"https:\/\/alter-entorn.com\/ca\/wp-json\/wp\/v2\/media?parent=7148"}],"wp:term":[{"taxonomy":"product_brand","embeddable":true,"href":"https:\/\/alter-entorn.com\/ca\/wp-json\/wp\/v2\/product_brand?post=7148"},{"taxonomy":"product_cat","embeddable":true,"href":"https:\/\/alter-entorn.com\/ca\/wp-json\/wp\/v2\/product_cat?post=7148"},{"taxonomy":"product_tag","embeddable":true,"href":"https:\/\/alter-entorn.com\/ca\/wp-json\/wp\/v2\/product_tag?post=7148"}],"curies":[{"name":"wp","href":"https:\/\/api.w.org\/{rel}","templated":true}]}}