{"id":7907,"date":"2020-09-15T12:18:04","date_gmt":"2020-09-15T10:18:04","guid":{"rendered":"https:\/\/alter-entorn.com\/?post_type=product&#038;p=7907"},"modified":"2026-01-08T12:52:25","modified_gmt":"2026-01-08T10:52:25","slug":"bio-live-renace-revive","status":"publish","type":"product","link":"https:\/\/alter-entorn.com\/ca\/producto\/bio-live-renace-revive\/","title":{"rendered":"microbz Revive"},"content":{"rendered":"<p>Els budells estan a l\u2019origen de la salut. Tenim m\u00e9s de 4.000 m2 de revestiment intestinal que actua com a barrera per controlar tot all\u00f2 que s\u2019absorbeix al torrent sanguini. L\u2019intest\u00ed pot desenvolupar grans esquerdes en resposta a una dieta rica en sucres, aliments processats i alcohol aix\u00ed com per l\u2019estr\u00e8s i les toxines ambientals. Aix\u00f2 desencadena processos inflamatoris que alteren la flora intestinal\u00a0 provocant desequilibris al tracte digestiu , aix\u00f2 pot tenir conseq\u00fc\u00e8ncies de gran abast per la salut.<\/p>\n<p>A difer\u00e8ncia dels suplements liofilitzats que requereixen reactivaci\u00f3, els productes Bio-Live s\u2019elaboren amb la mateixa acidesa que l\u2019est\u00f3mac (3.2pH) de manera que els bacteris beneficiosos poden arribar a l\u2019intest\u00ed amb vida i a punt per treballar.<\/p>\n<p>Bio-Live Revive \u00e9s:<\/p>\n<ul>\n<li>fet amb l\u2019amino\u00e0cid L. Glutamina, que \u00e9s especialment bo per reparar l\u2019intest\u00ed i donar suport a la funci\u00f3 cerebral<\/li>\n<li>enriquit amb 15 fam\u00edlies de cultures vives<\/li>\n<li>fermentat amb ingredients de primera qualitat per a la salut digestiva<\/li>\n<li>sense gluten, sense blat, sense l\u00e0ctics, sense transg\u00e8nics i sense sucre.<\/li>\n<\/ul>\n<p>Les cultures actives bio viuen: l&#8217;intest\u00ed, tamb\u00e9 conegut com el segon cervell, \u00e9s clau per donar suport a la salut. Els microbis beneficiosos a l\u2019intest\u00ed s\u00f3n vitals per a la digesti\u00f3, per descompondre les toxines, produir vitamines i donar suport al sistema immunitari.<\/p>\n<p><img loading=\"lazy\" decoding=\"async\" class=\"alignnone size-medium wp-image-7896\" src=\"https:\/\/alter-entorn.com\/wp-content\/uploads\/2020\/09\/2.png\" alt=\"\" width=\"300\" height=\"212\" srcset=\"https:\/\/alter-entorn.com\/wp-content\/uploads\/2020\/09\/2.png 1999w, https:\/\/alter-entorn.com\/wp-content\/uploads\/2020\/09\/2-300x212.png 300w, https:\/\/alter-entorn.com\/wp-content\/uploads\/2020\/09\/2-1024x724.png 1024w, https:\/\/alter-entorn.com\/wp-content\/uploads\/2020\/09\/2-768x543.png 768w, https:\/\/alter-entorn.com\/wp-content\/uploads\/2020\/09\/2-1536x1086.png 1536w, https:\/\/alter-entorn.com\/wp-content\/uploads\/2020\/09\/2-570x403.png 570w\" sizes=\"auto, (max-width: 300px) 100vw, 300px\" \/><\/p>\n","protected":false},"excerpt":{"rendered":"<p>Microbz Revive \u00e9s el vostre guardi\u00e0 intestinal. Est\u00e0 dissenyat per calmar i tractar la inflamaci\u00f3 en qualsevol lloc del sistema digestiu de boca a fons. Si teniu problemes de salut intestinal, us recomanem que prengueu Revive durant dos mesos per reparar l\u2019intest\u00ed i el tracte gastrointestinal i, despr\u00e9s, passar a un altre probi\u00f2tic Bio-Live dins de la nostra amplia gamma per mantenir la salut intestinal.<\/p>\n<p>Sense gluten, sense blat, sense l\u00e0ctics, sense transg\u00e8nics i sense sucre.<\/p>\n","protected":false},"featured_media":10272,"template":"","meta":{"_joinchat":[]},"product_brand":[],"product_cat":[82,105],"product_tag":[],"class_list":{"0":"post-7907","1":"product","2":"type-product","3":"status-publish","4":"has-post-thumbnail","6":"product_cat-salut-i-benestar","7":"product_cat-suplements-probiotics","9":"first","10":"instock","11":"taxable","12":"shipping-taxable","13":"purchasable","14":"product-type-variable","15":"has-default-attributes"},"yoast_head":"<!-- This site is optimized with the Yoast SEO plugin v27.4 - https:\/\/yoast.com\/product\/yoast-seo-wordpress\/ -->\n<title>microbz Revive - alter-entorn<\/title>\n<meta name=\"robots\" content=\"index, follow, max-snippet:-1, max-image-preview:large, max-video-preview:-1\" \/>\n<link rel=\"canonical\" href=\"https:\/\/alter-entorn.com\/ca\/producto\/bio-live-renace-revive\/\" \/>\n<meta property=\"og:locale\" content=\"ca_ES\" \/>\n<meta property=\"og:type\" content=\"article\" \/>\n<meta property=\"og:title\" content=\"microbz Revive - alter-entorn\" \/>\n<meta property=\"og:description\" content=\"Microbz Revive \u00e9s el vostre guardi\u00e0 intestinal. Est\u00e0 dissenyat per calmar i tractar la inflamaci\u00f3 en qualsevol lloc del sistema digestiu de boca a fons. Si teniu problemes de salut intestinal, us recomanem que prengueu Revive durant dos mesos per reparar l\u2019intest\u00ed i el tracte gastrointestinal i, despr\u00e9s, passar a un altre probi\u00f2tic Bio-Live dins de la nostra amplia gamma per mantenir la salut intestinal.  Sense gluten, sense blat, sense l\u00e0ctics, sense transg\u00e8nics i sense sucre.\" \/>\n<meta property=\"og:url\" content=\"https:\/\/alter-entorn.com\/ca\/producto\/bio-live-renace-revive\/\" \/>\n<meta property=\"og:site_name\" content=\"alter-entorn\" \/>\n<meta property=\"article:publisher\" content=\"https:\/\/www.facebook.com\/alterentorn\/\" \/>\n<meta property=\"article:modified_time\" content=\"2026-01-08T10:52:25+00:00\" \/>\n<meta property=\"og:image\" content=\"https:\/\/alter-entorn.com\/wp-content\/uploads\/2020\/09\/1-1.png\" \/>\n\t<meta property=\"og:image:width\" content=\"1000\" \/>\n\t<meta property=\"og:image:height\" content=\"1500\" \/>\n\t<meta property=\"og:image:type\" content=\"image\/png\" \/>\n<meta name=\"twitter:card\" content=\"summary_large_image\" \/>\n<meta name=\"twitter:site\" content=\"@alterentorn\" \/>\n<meta name=\"twitter:label1\" content=\"Temps estimat de lectura\" \/>\n\t<meta name=\"twitter:data1\" content=\"1 minut\" \/>\n<script type=\"application\/ld+json\" class=\"yoast-schema-graph\">{\"@context\":\"https:\\\/\\\/schema.org\",\"@graph\":[{\"@type\":\"WebPage\",\"@id\":\"https:\\\/\\\/alter-entorn.com\\\/ca\\\/producto\\\/bio-live-renace-revive\\\/\",\"url\":\"https:\\\/\\\/alter-entorn.com\\\/ca\\\/producto\\\/bio-live-renace-revive\\\/\",\"name\":\"microbz Revive - alter-entorn\",\"isPartOf\":{\"@id\":\"https:\\\/\\\/alter-entorn.com\\\/ca\\\/#website\"},\"primaryImageOfPage\":{\"@id\":\"https:\\\/\\\/alter-entorn.com\\\/ca\\\/producto\\\/bio-live-renace-revive\\\/#primaryimage\"},\"image\":{\"@id\":\"https:\\\/\\\/alter-entorn.com\\\/ca\\\/producto\\\/bio-live-renace-revive\\\/#primaryimage\"},\"thumbnailUrl\":\"https:\\\/\\\/alter-entorn.com\\\/wp-content\\\/uploads\\\/2020\\\/09\\\/1-1.png\",\"datePublished\":\"2020-09-15T10:18:04+00:00\",\"dateModified\":\"2026-01-08T10:52:25+00:00\",\"breadcrumb\":{\"@id\":\"https:\\\/\\\/alter-entorn.com\\\/ca\\\/producto\\\/bio-live-renace-revive\\\/#breadcrumb\"},\"inLanguage\":\"ca\",\"potentialAction\":[{\"@type\":\"ReadAction\",\"target\":[\"https:\\\/\\\/alter-entorn.com\\\/ca\\\/producto\\\/bio-live-renace-revive\\\/\"]}]},{\"@type\":\"ImageObject\",\"inLanguage\":\"ca\",\"@id\":\"https:\\\/\\\/alter-entorn.com\\\/ca\\\/producto\\\/bio-live-renace-revive\\\/#primaryimage\",\"url\":\"https:\\\/\\\/alter-entorn.com\\\/wp-content\\\/uploads\\\/2020\\\/09\\\/1-1.png\",\"contentUrl\":\"https:\\\/\\\/alter-entorn.com\\\/wp-content\\\/uploads\\\/2020\\\/09\\\/1-1.png\",\"width\":1000,\"height\":1500},{\"@type\":\"BreadcrumbList\",\"@id\":\"https:\\\/\\\/alter-entorn.com\\\/ca\\\/producto\\\/bio-live-renace-revive\\\/#breadcrumb\",\"itemListElement\":[{\"@type\":\"ListItem\",\"position\":1,\"name\":\"Portada\",\"item\":\"https:\\\/\\\/alter-entorn.com\\\/ca\\\/\"},{\"@type\":\"ListItem\",\"position\":2,\"name\":\"Botiga\",\"item\":\"https:\\\/\\\/alter-entorn.com\\\/tienda\\\/\"},{\"@type\":\"ListItem\",\"position\":3,\"name\":\"microbz Revive\"}]},{\"@type\":\"WebSite\",\"@id\":\"https:\\\/\\\/alter-entorn.com\\\/ca\\\/#website\",\"url\":\"https:\\\/\\\/alter-entorn.com\\\/ca\\\/\",\"name\":\"alter-entorn\",\"description\":\"Soluciones Microbiol\u00f3gicas probi\u00f3ticos\",\"publisher\":{\"@id\":\"https:\\\/\\\/alter-entorn.com\\\/ca\\\/#organization\"},\"potentialAction\":[{\"@type\":\"SearchAction\",\"target\":{\"@type\":\"EntryPoint\",\"urlTemplate\":\"https:\\\/\\\/alter-entorn.com\\\/ca\\\/?s={search_term_string}\"},\"query-input\":{\"@type\":\"PropertyValueSpecification\",\"valueRequired\":true,\"valueName\":\"search_term_string\"}}],\"inLanguage\":\"ca\"},{\"@type\":\"Organization\",\"@id\":\"https:\\\/\\\/alter-entorn.com\\\/ca\\\/#organization\",\"name\":\"alter-entorn\",\"url\":\"https:\\\/\\\/alter-entorn.com\\\/ca\\\/\",\"logo\":{\"@type\":\"ImageObject\",\"inLanguage\":\"ca\",\"@id\":\"https:\\\/\\\/alter-entorn.com\\\/ca\\\/#\\\/schema\\\/logo\\\/image\\\/\",\"url\":\"https:\\\/\\\/alter-entorn.com\\\/wp-content\\\/uploads\\\/2018\\\/10\\\/logo_alter_entorn-sin-texto-1.png\",\"contentUrl\":\"https:\\\/\\\/alter-entorn.com\\\/wp-content\\\/uploads\\\/2018\\\/10\\\/logo_alter_entorn-sin-texto-1.png\",\"width\":246,\"height\":68,\"caption\":\"alter-entorn\"},\"image\":{\"@id\":\"https:\\\/\\\/alter-entorn.com\\\/ca\\\/#\\\/schema\\\/logo\\\/image\\\/\"},\"sameAs\":[\"https:\\\/\\\/www.facebook.com\\\/alterentorn\\\/\",\"https:\\\/\\\/x.com\\\/alterentorn\"]}]}<\/script>\n<!-- \/ Yoast SEO plugin. -->","yoast_head_json":{"title":"microbz Revive - alter-entorn","robots":{"index":"index","follow":"follow","max-snippet":"max-snippet:-1","max-image-preview":"max-image-preview:large","max-video-preview":"max-video-preview:-1"},"canonical":"https:\/\/alter-entorn.com\/ca\/producto\/bio-live-renace-revive\/","og_locale":"ca_ES","og_type":"article","og_title":"microbz Revive - alter-entorn","og_description":"Microbz Revive \u00e9s el vostre guardi\u00e0 intestinal. Est\u00e0 dissenyat per calmar i tractar la inflamaci\u00f3 en qualsevol lloc del sistema digestiu de boca a fons. Si teniu problemes de salut intestinal, us recomanem que prengueu Revive durant dos mesos per reparar l\u2019intest\u00ed i el tracte gastrointestinal i, despr\u00e9s, passar a un altre probi\u00f2tic Bio-Live dins de la nostra amplia gamma per mantenir la salut intestinal.  Sense gluten, sense blat, sense l\u00e0ctics, sense transg\u00e8nics i sense sucre.","og_url":"https:\/\/alter-entorn.com\/ca\/producto\/bio-live-renace-revive\/","og_site_name":"alter-entorn","article_publisher":"https:\/\/www.facebook.com\/alterentorn\/","article_modified_time":"2026-01-08T10:52:25+00:00","og_image":[{"width":1000,"height":1500,"url":"https:\/\/alter-entorn.com\/wp-content\/uploads\/2020\/09\/1-1.png","type":"image\/png"}],"twitter_card":"summary_large_image","twitter_site":"@alterentorn","twitter_misc":{"Temps estimat de lectura":"1 minut"},"schema":{"@context":"https:\/\/schema.org","@graph":[{"@type":"WebPage","@id":"https:\/\/alter-entorn.com\/ca\/producto\/bio-live-renace-revive\/","url":"https:\/\/alter-entorn.com\/ca\/producto\/bio-live-renace-revive\/","name":"microbz Revive - alter-entorn","isPartOf":{"@id":"https:\/\/alter-entorn.com\/ca\/#website"},"primaryImageOfPage":{"@id":"https:\/\/alter-entorn.com\/ca\/producto\/bio-live-renace-revive\/#primaryimage"},"image":{"@id":"https:\/\/alter-entorn.com\/ca\/producto\/bio-live-renace-revive\/#primaryimage"},"thumbnailUrl":"https:\/\/alter-entorn.com\/wp-content\/uploads\/2020\/09\/1-1.png","datePublished":"2020-09-15T10:18:04+00:00","dateModified":"2026-01-08T10:52:25+00:00","breadcrumb":{"@id":"https:\/\/alter-entorn.com\/ca\/producto\/bio-live-renace-revive\/#breadcrumb"},"inLanguage":"ca","potentialAction":[{"@type":"ReadAction","target":["https:\/\/alter-entorn.com\/ca\/producto\/bio-live-renace-revive\/"]}]},{"@type":"ImageObject","inLanguage":"ca","@id":"https:\/\/alter-entorn.com\/ca\/producto\/bio-live-renace-revive\/#primaryimage","url":"https:\/\/alter-entorn.com\/wp-content\/uploads\/2020\/09\/1-1.png","contentUrl":"https:\/\/alter-entorn.com\/wp-content\/uploads\/2020\/09\/1-1.png","width":1000,"height":1500},{"@type":"BreadcrumbList","@id":"https:\/\/alter-entorn.com\/ca\/producto\/bio-live-renace-revive\/#breadcrumb","itemListElement":[{"@type":"ListItem","position":1,"name":"Portada","item":"https:\/\/alter-entorn.com\/ca\/"},{"@type":"ListItem","position":2,"name":"Botiga","item":"https:\/\/alter-entorn.com\/tienda\/"},{"@type":"ListItem","position":3,"name":"microbz Revive"}]},{"@type":"WebSite","@id":"https:\/\/alter-entorn.com\/ca\/#website","url":"https:\/\/alter-entorn.com\/ca\/","name":"alter-entorn","description":"Soluciones Microbiol\u00f3gicas probi\u00f3ticos","publisher":{"@id":"https:\/\/alter-entorn.com\/ca\/#organization"},"potentialAction":[{"@type":"SearchAction","target":{"@type":"EntryPoint","urlTemplate":"https:\/\/alter-entorn.com\/ca\/?s={search_term_string}"},"query-input":{"@type":"PropertyValueSpecification","valueRequired":true,"valueName":"search_term_string"}}],"inLanguage":"ca"},{"@type":"Organization","@id":"https:\/\/alter-entorn.com\/ca\/#organization","name":"alter-entorn","url":"https:\/\/alter-entorn.com\/ca\/","logo":{"@type":"ImageObject","inLanguage":"ca","@id":"https:\/\/alter-entorn.com\/ca\/#\/schema\/logo\/image\/","url":"https:\/\/alter-entorn.com\/wp-content\/uploads\/2018\/10\/logo_alter_entorn-sin-texto-1.png","contentUrl":"https:\/\/alter-entorn.com\/wp-content\/uploads\/2018\/10\/logo_alter_entorn-sin-texto-1.png","width":246,"height":68,"caption":"alter-entorn"},"image":{"@id":"https:\/\/alter-entorn.com\/ca\/#\/schema\/logo\/image\/"},"sameAs":["https:\/\/www.facebook.com\/alterentorn\/","https:\/\/x.com\/alterentorn"]}]}},"_links":{"self":[{"href":"https:\/\/alter-entorn.com\/ca\/wp-json\/wp\/v2\/product\/7907","targetHints":{"allow":["GET"]}}],"collection":[{"href":"https:\/\/alter-entorn.com\/ca\/wp-json\/wp\/v2\/product"}],"about":[{"href":"https:\/\/alter-entorn.com\/ca\/wp-json\/wp\/v2\/types\/product"}],"wp:featuredmedia":[{"embeddable":true,"href":"https:\/\/alter-entorn.com\/ca\/wp-json\/wp\/v2\/media\/10272"}],"wp:attachment":[{"href":"https:\/\/alter-entorn.com\/ca\/wp-json\/wp\/v2\/media?parent=7907"}],"wp:term":[{"taxonomy":"product_brand","embeddable":true,"href":"https:\/\/alter-entorn.com\/ca\/wp-json\/wp\/v2\/product_brand?post=7907"},{"taxonomy":"product_cat","embeddable":true,"href":"https:\/\/alter-entorn.com\/ca\/wp-json\/wp\/v2\/product_cat?post=7907"},{"taxonomy":"product_tag","embeddable":true,"href":"https:\/\/alter-entorn.com\/ca\/wp-json\/wp\/v2\/product_tag?post=7907"}],"curies":[{"name":"wp","href":"https:\/\/api.w.org\/{rel}","templated":true}]}}