{"id":9735,"date":"2024-09-10T12:05:06","date_gmt":"2024-09-10T10:05:06","guid":{"rendered":"https:\/\/alter-entorn.com\/producto\/kit-mantenimento-y-limpieza-vater-seco-saneseco\/"},"modified":"2025-01-22T10:23:14","modified_gmt":"2025-01-22T08:23:14","slug":"kit-mantenimento-y-limpieza-vater-seco-saneseco","status":"publish","type":"product","link":"https:\/\/alter-entorn.com\/ca\/producto\/kit-mantenimento-y-limpieza-vater-seco-saneseco\/","title":{"rendered":"kit de neteja i manteniment"},"content":{"rendered":"<p>Kit \u00a0neteja i manteniment per a vater sec.<\/p>\n<p>Aquest kit inclou els productes recomanats per a la neteja i el manteniment del bany sec tipus Green Toilet. El netejador probi\u00f2tic MultiUsos llimona \u00e9s un producte concentrat per a la neteja del bany i altres espais de la casa. L&#8217;accelerador de compostatge Elgan\u00ae ajuda a optimitzar el funcionament del bany sec (millora el proc\u00e9s de compostatge i degradaci\u00f3). El kit inclou una ampolla 1l de netejador probi\u00f2tic, multiusos llimona, una ampolla d&#8217;Elgan i dos polvoritzadors foxy especials 360 \u00ba que funcionen en totes les posicions facilitant la tasca de neteja i manteniment.<\/p>\n<p>&nbsp;<\/p>\n","protected":false},"excerpt":{"rendered":"<p>kit ecol\u00f2gic manteniment i neteja per bany sec saneseco.<\/p>\n<p>Per a un bany sec sense males olors i un millor funcionament. Tant amb dip\u00f2sit simple o separat (liquid\/s\u00f2lids)<\/p>\n","protected":false},"featured_media":10345,"template":"","meta":{"_joinchat":[]},"product_brand":[],"product_cat":[3212,79,81],"product_tag":[522,1158,1470,3195,3196,3197,3198,3199,3200],"class_list":{"0":"post-9735","1":"product","2":"type-product","3":"status-publish","4":"has-post-thumbnail","6":"product_cat-compost-hort-i-jardi","7":"product_cat-neteja","8":"product_cat-residus","9":"product_tag-neteja-ecologica","10":"product_tag-descompondre-materia-organica","11":"product_tag-hort-ecologic","12":"product_tag-agricultura-regenerativa-ca","13":"product_tag-ahorro-agua-ca","14":"product_tag-autosuficiente-ca","15":"product_tag-compostaje-ca","16":"product_tag-microorganismos-ca","17":"product_tag-vater-seco-ca","19":"first","20":"instock","21":"taxable","22":"shipping-taxable","23":"purchasable","24":"product-type-simple"},"yoast_head":"<!-- This site is optimized with the Yoast SEO plugin v27.4 - https:\/\/yoast.com\/product\/yoast-seo-wordpress\/ -->\n<title>kit de neteja i manteniment - alter-entorn<\/title>\n<meta name=\"description\" content=\"kit ecol\u00f3gic de neteja y mantenimient amb microorganismes per vater sec Saneseco. Evita males olors, optimitza el proc\u00e8s de compostatje.\" \/>\n<meta name=\"robots\" content=\"index, follow, max-snippet:-1, max-image-preview:large, max-video-preview:-1\" \/>\n<link rel=\"canonical\" href=\"https:\/\/alter-entorn.com\/ca\/producto\/kit-mantenimento-y-limpieza-vater-seco-saneseco\/\" \/>\n<meta property=\"og:locale\" content=\"ca_ES\" \/>\n<meta property=\"og:type\" content=\"article\" \/>\n<meta property=\"og:title\" content=\"kit de neteja i manteniment - alter-entorn\" \/>\n<meta property=\"og:description\" content=\"kit ecol\u00f3gic de neteja y mantenimient amb microorganismes per vater sec Saneseco. Evita males olors, optimitza el proc\u00e8s de compostatje.\" \/>\n<meta property=\"og:url\" content=\"https:\/\/alter-entorn.com\/ca\/producto\/kit-mantenimento-y-limpieza-vater-seco-saneseco\/\" \/>\n<meta property=\"og:site_name\" content=\"alter-entorn\" \/>\n<meta property=\"article:publisher\" content=\"https:\/\/www.facebook.com\/alterentorn\/\" \/>\n<meta property=\"article:modified_time\" content=\"2025-01-22T08:23:14+00:00\" \/>\n<meta property=\"og:image\" content=\"https:\/\/alter-entorn.com\/wp-content\/uploads\/2024\/09\/kit-saneseco-25.png\" \/>\n\t<meta property=\"og:image:width\" content=\"1500\" \/>\n\t<meta property=\"og:image:height\" content=\"1500\" \/>\n\t<meta property=\"og:image:type\" content=\"image\/png\" \/>\n<meta name=\"twitter:card\" content=\"summary_large_image\" \/>\n<meta name=\"twitter:site\" content=\"@alterentorn\" \/>\n<meta name=\"twitter:label1\" content=\"Temps estimat de lectura\" \/>\n\t<meta name=\"twitter:data1\" content=\"1 minut\" \/>\n<script type=\"application\/ld+json\" class=\"yoast-schema-graph\">{\"@context\":\"https:\\\/\\\/schema.org\",\"@graph\":[{\"@type\":\"WebPage\",\"@id\":\"https:\\\/\\\/alter-entorn.com\\\/ca\\\/producto\\\/kit-mantenimento-y-limpieza-vater-seco-saneseco\\\/\",\"url\":\"https:\\\/\\\/alter-entorn.com\\\/ca\\\/producto\\\/kit-mantenimento-y-limpieza-vater-seco-saneseco\\\/\",\"name\":\"kit de neteja i manteniment - alter-entorn\",\"isPartOf\":{\"@id\":\"https:\\\/\\\/alter-entorn.com\\\/ca\\\/#website\"},\"primaryImageOfPage\":{\"@id\":\"https:\\\/\\\/alter-entorn.com\\\/ca\\\/producto\\\/kit-mantenimento-y-limpieza-vater-seco-saneseco\\\/#primaryimage\"},\"image\":{\"@id\":\"https:\\\/\\\/alter-entorn.com\\\/ca\\\/producto\\\/kit-mantenimento-y-limpieza-vater-seco-saneseco\\\/#primaryimage\"},\"thumbnailUrl\":\"https:\\\/\\\/alter-entorn.com\\\/wp-content\\\/uploads\\\/2024\\\/09\\\/kit-saneseco-25.png\",\"datePublished\":\"2024-09-10T10:05:06+00:00\",\"dateModified\":\"2025-01-22T08:23:14+00:00\",\"description\":\"kit ecol\u00f3gic de neteja y mantenimient amb microorganismes per vater sec Saneseco. Evita males olors, optimitza el proc\u00e8s de compostatje.\",\"breadcrumb\":{\"@id\":\"https:\\\/\\\/alter-entorn.com\\\/ca\\\/producto\\\/kit-mantenimento-y-limpieza-vater-seco-saneseco\\\/#breadcrumb\"},\"inLanguage\":\"ca\",\"potentialAction\":[{\"@type\":\"ReadAction\",\"target\":[\"https:\\\/\\\/alter-entorn.com\\\/ca\\\/producto\\\/kit-mantenimento-y-limpieza-vater-seco-saneseco\\\/\"]}]},{\"@type\":\"ImageObject\",\"inLanguage\":\"ca\",\"@id\":\"https:\\\/\\\/alter-entorn.com\\\/ca\\\/producto\\\/kit-mantenimento-y-limpieza-vater-seco-saneseco\\\/#primaryimage\",\"url\":\"https:\\\/\\\/alter-entorn.com\\\/wp-content\\\/uploads\\\/2024\\\/09\\\/kit-saneseco-25.png\",\"contentUrl\":\"https:\\\/\\\/alter-entorn.com\\\/wp-content\\\/uploads\\\/2024\\\/09\\\/kit-saneseco-25.png\",\"width\":1500,\"height\":1500,\"caption\":\"kit ba\u00f1o seco\"},{\"@type\":\"BreadcrumbList\",\"@id\":\"https:\\\/\\\/alter-entorn.com\\\/ca\\\/producto\\\/kit-mantenimento-y-limpieza-vater-seco-saneseco\\\/#breadcrumb\",\"itemListElement\":[{\"@type\":\"ListItem\",\"position\":1,\"name\":\"Portada\",\"item\":\"https:\\\/\\\/alter-entorn.com\\\/ca\\\/\"},{\"@type\":\"ListItem\",\"position\":2,\"name\":\"Botiga\",\"item\":\"https:\\\/\\\/alter-entorn.com\\\/tienda\\\/\"},{\"@type\":\"ListItem\",\"position\":3,\"name\":\"kit de neteja i manteniment\"}]},{\"@type\":\"WebSite\",\"@id\":\"https:\\\/\\\/alter-entorn.com\\\/ca\\\/#website\",\"url\":\"https:\\\/\\\/alter-entorn.com\\\/ca\\\/\",\"name\":\"alter-entorn\",\"description\":\"Soluciones Microbiol\u00f3gicas probi\u00f3ticos\",\"publisher\":{\"@id\":\"https:\\\/\\\/alter-entorn.com\\\/ca\\\/#organization\"},\"potentialAction\":[{\"@type\":\"SearchAction\",\"target\":{\"@type\":\"EntryPoint\",\"urlTemplate\":\"https:\\\/\\\/alter-entorn.com\\\/ca\\\/?s={search_term_string}\"},\"query-input\":{\"@type\":\"PropertyValueSpecification\",\"valueRequired\":true,\"valueName\":\"search_term_string\"}}],\"inLanguage\":\"ca\"},{\"@type\":\"Organization\",\"@id\":\"https:\\\/\\\/alter-entorn.com\\\/ca\\\/#organization\",\"name\":\"alter-entorn\",\"url\":\"https:\\\/\\\/alter-entorn.com\\\/ca\\\/\",\"logo\":{\"@type\":\"ImageObject\",\"inLanguage\":\"ca\",\"@id\":\"https:\\\/\\\/alter-entorn.com\\\/ca\\\/#\\\/schema\\\/logo\\\/image\\\/\",\"url\":\"https:\\\/\\\/alter-entorn.com\\\/wp-content\\\/uploads\\\/2018\\\/10\\\/logo_alter_entorn-sin-texto-1.png\",\"contentUrl\":\"https:\\\/\\\/alter-entorn.com\\\/wp-content\\\/uploads\\\/2018\\\/10\\\/logo_alter_entorn-sin-texto-1.png\",\"width\":246,\"height\":68,\"caption\":\"alter-entorn\"},\"image\":{\"@id\":\"https:\\\/\\\/alter-entorn.com\\\/ca\\\/#\\\/schema\\\/logo\\\/image\\\/\"},\"sameAs\":[\"https:\\\/\\\/www.facebook.com\\\/alterentorn\\\/\",\"https:\\\/\\\/x.com\\\/alterentorn\"]}]}<\/script>\n<!-- \/ Yoast SEO plugin. -->","yoast_head_json":{"title":"kit de neteja i manteniment - alter-entorn","description":"kit ecol\u00f3gic de neteja y mantenimient amb microorganismes per vater sec Saneseco. Evita males olors, optimitza el proc\u00e8s de compostatje.","robots":{"index":"index","follow":"follow","max-snippet":"max-snippet:-1","max-image-preview":"max-image-preview:large","max-video-preview":"max-video-preview:-1"},"canonical":"https:\/\/alter-entorn.com\/ca\/producto\/kit-mantenimento-y-limpieza-vater-seco-saneseco\/","og_locale":"ca_ES","og_type":"article","og_title":"kit de neteja i manteniment - alter-entorn","og_description":"kit ecol\u00f3gic de neteja y mantenimient amb microorganismes per vater sec Saneseco. Evita males olors, optimitza el proc\u00e8s de compostatje.","og_url":"https:\/\/alter-entorn.com\/ca\/producto\/kit-mantenimento-y-limpieza-vater-seco-saneseco\/","og_site_name":"alter-entorn","article_publisher":"https:\/\/www.facebook.com\/alterentorn\/","article_modified_time":"2025-01-22T08:23:14+00:00","og_image":[{"width":1500,"height":1500,"url":"https:\/\/alter-entorn.com\/wp-content\/uploads\/2024\/09\/kit-saneseco-25.png","type":"image\/png"}],"twitter_card":"summary_large_image","twitter_site":"@alterentorn","twitter_misc":{"Temps estimat de lectura":"1 minut"},"schema":{"@context":"https:\/\/schema.org","@graph":[{"@type":"WebPage","@id":"https:\/\/alter-entorn.com\/ca\/producto\/kit-mantenimento-y-limpieza-vater-seco-saneseco\/","url":"https:\/\/alter-entorn.com\/ca\/producto\/kit-mantenimento-y-limpieza-vater-seco-saneseco\/","name":"kit de neteja i manteniment - alter-entorn","isPartOf":{"@id":"https:\/\/alter-entorn.com\/ca\/#website"},"primaryImageOfPage":{"@id":"https:\/\/alter-entorn.com\/ca\/producto\/kit-mantenimento-y-limpieza-vater-seco-saneseco\/#primaryimage"},"image":{"@id":"https:\/\/alter-entorn.com\/ca\/producto\/kit-mantenimento-y-limpieza-vater-seco-saneseco\/#primaryimage"},"thumbnailUrl":"https:\/\/alter-entorn.com\/wp-content\/uploads\/2024\/09\/kit-saneseco-25.png","datePublished":"2024-09-10T10:05:06+00:00","dateModified":"2025-01-22T08:23:14+00:00","description":"kit ecol\u00f3gic de neteja y mantenimient amb microorganismes per vater sec Saneseco. Evita males olors, optimitza el proc\u00e8s de compostatje.","breadcrumb":{"@id":"https:\/\/alter-entorn.com\/ca\/producto\/kit-mantenimento-y-limpieza-vater-seco-saneseco\/#breadcrumb"},"inLanguage":"ca","potentialAction":[{"@type":"ReadAction","target":["https:\/\/alter-entorn.com\/ca\/producto\/kit-mantenimento-y-limpieza-vater-seco-saneseco\/"]}]},{"@type":"ImageObject","inLanguage":"ca","@id":"https:\/\/alter-entorn.com\/ca\/producto\/kit-mantenimento-y-limpieza-vater-seco-saneseco\/#primaryimage","url":"https:\/\/alter-entorn.com\/wp-content\/uploads\/2024\/09\/kit-saneseco-25.png","contentUrl":"https:\/\/alter-entorn.com\/wp-content\/uploads\/2024\/09\/kit-saneseco-25.png","width":1500,"height":1500,"caption":"kit ba\u00f1o seco"},{"@type":"BreadcrumbList","@id":"https:\/\/alter-entorn.com\/ca\/producto\/kit-mantenimento-y-limpieza-vater-seco-saneseco\/#breadcrumb","itemListElement":[{"@type":"ListItem","position":1,"name":"Portada","item":"https:\/\/alter-entorn.com\/ca\/"},{"@type":"ListItem","position":2,"name":"Botiga","item":"https:\/\/alter-entorn.com\/tienda\/"},{"@type":"ListItem","position":3,"name":"kit de neteja i manteniment"}]},{"@type":"WebSite","@id":"https:\/\/alter-entorn.com\/ca\/#website","url":"https:\/\/alter-entorn.com\/ca\/","name":"alter-entorn","description":"Soluciones Microbiol\u00f3gicas probi\u00f3ticos","publisher":{"@id":"https:\/\/alter-entorn.com\/ca\/#organization"},"potentialAction":[{"@type":"SearchAction","target":{"@type":"EntryPoint","urlTemplate":"https:\/\/alter-entorn.com\/ca\/?s={search_term_string}"},"query-input":{"@type":"PropertyValueSpecification","valueRequired":true,"valueName":"search_term_string"}}],"inLanguage":"ca"},{"@type":"Organization","@id":"https:\/\/alter-entorn.com\/ca\/#organization","name":"alter-entorn","url":"https:\/\/alter-entorn.com\/ca\/","logo":{"@type":"ImageObject","inLanguage":"ca","@id":"https:\/\/alter-entorn.com\/ca\/#\/schema\/logo\/image\/","url":"https:\/\/alter-entorn.com\/wp-content\/uploads\/2018\/10\/logo_alter_entorn-sin-texto-1.png","contentUrl":"https:\/\/alter-entorn.com\/wp-content\/uploads\/2018\/10\/logo_alter_entorn-sin-texto-1.png","width":246,"height":68,"caption":"alter-entorn"},"image":{"@id":"https:\/\/alter-entorn.com\/ca\/#\/schema\/logo\/image\/"},"sameAs":["https:\/\/www.facebook.com\/alterentorn\/","https:\/\/x.com\/alterentorn"]}]}},"_links":{"self":[{"href":"https:\/\/alter-entorn.com\/ca\/wp-json\/wp\/v2\/product\/9735","targetHints":{"allow":["GET"]}}],"collection":[{"href":"https:\/\/alter-entorn.com\/ca\/wp-json\/wp\/v2\/product"}],"about":[{"href":"https:\/\/alter-entorn.com\/ca\/wp-json\/wp\/v2\/types\/product"}],"wp:featuredmedia":[{"embeddable":true,"href":"https:\/\/alter-entorn.com\/ca\/wp-json\/wp\/v2\/media\/10345"}],"wp:attachment":[{"href":"https:\/\/alter-entorn.com\/ca\/wp-json\/wp\/v2\/media?parent=9735"}],"wp:term":[{"taxonomy":"product_brand","embeddable":true,"href":"https:\/\/alter-entorn.com\/ca\/wp-json\/wp\/v2\/product_brand?post=9735"},{"taxonomy":"product_cat","embeddable":true,"href":"https:\/\/alter-entorn.com\/ca\/wp-json\/wp\/v2\/product_cat?post=9735"},{"taxonomy":"product_tag","embeddable":true,"href":"https:\/\/alter-entorn.com\/ca\/wp-json\/wp\/v2\/product_tag?post=9735"}],"curies":[{"name":"wp","href":"https:\/\/api.w.org\/{rel}","templated":true}]}}