{"id":9902,"date":"2024-05-14T09:03:50","date_gmt":"2024-11-14T10:16:43","guid":{"rendered":"https:\/\/alter-entorn.com\/?post_type=product&#038;p=9902"},"modified":"2025-01-21T14:11:50","modified_gmt":"2025-01-21T12:11:50","slug":"9902","status":"publish","type":"product","link":"https:\/\/alter-entorn.com\/ca\/producto\/9902\/","title":{"rendered":"Trampa per mosques"},"content":{"rendered":"<p>Trampa per a mosques sense insecticida. Funciona posant un atraient natural que atrau les mosques i queden atrapades a l&#8217;interior del parany. El parany \u00e9s d&#8217;\u00fas exterior i cobreix un radi de 15m. Utilitzar una c\u00e0rrega dappibuster dilu\u00eft en 5l daigua. El parany es situa a una al\u00e7ada d&#8217;entre 100-150 cm del terra en un lloc on li toqui el sol. Quan el contingut del parany s&#8217;hagi assecat omplir novament amb aigua i una nova rec\u00e0rrega Appibuster.<\/p>\n<p>El producte inclou una rec\u00e0rrega a m\u00e9s dels cons de l&#8217;interior de la galleda.<\/p>\n","protected":false},"excerpt":{"rendered":"<p>Trampa per a mosques sense insecticida. Funciona posant un atraient natural que atrau les mosques i queden atrapades a l&#8217;interior del parany. El parany \u00e9s d&#8217;\u00fas exterior i cobreix un radi de 15m. Utilitzar una c\u00e0rrega dappibuster dilu\u00eft en 5l daigua. El parany es situa a una al\u00e7ada d&#8217;entre 100-150 cm del terra en un [&hellip;]<\/p>\n","protected":false},"featured_media":9463,"template":"","meta":{"_joinchat":[]},"product_brand":[],"product_cat":[3212,78,81],"product_tag":[1473,3246,3247,3248],"class_list":{"0":"post-9902","1":"product","2":"type-product","3":"status-publish","4":"has-post-thumbnail","6":"product_cat-compost-hort-i-jardi","7":"product_cat-jardi","8":"product_cat-residus","9":"product_tag-jardi-ecologic","10":"product_tag-gaudeix-del-jardi","11":"product_tag-trampa-sense-insecticida","12":"product_tag-trampa-per-mosques","14":"first","15":"instock","16":"taxable","17":"shipping-taxable","18":"purchasable","19":"product-type-simple"},"yoast_head":"<!-- This site is optimized with the Yoast SEO plugin v27.4 - https:\/\/yoast.com\/product\/yoast-seo-wordpress\/ -->\n<title>Trampa per mosques - alter-entorn<\/title>\n<meta name=\"robots\" content=\"index, follow, max-snippet:-1, max-image-preview:large, max-video-preview:-1\" \/>\n<link rel=\"canonical\" href=\"https:\/\/alter-entorn.com\/ca\/producto\/9902\/\" \/>\n<meta property=\"og:locale\" content=\"ca_ES\" \/>\n<meta property=\"og:type\" content=\"article\" \/>\n<meta property=\"og:title\" content=\"Trampa per mosques - alter-entorn\" \/>\n<meta property=\"og:description\" content=\"Trampa per a mosques sense insecticida. Funciona posant un atraient natural que atrau les mosques i queden atrapades a l&#8217;interior del parany. El parany \u00e9s d&#8217;\u00fas exterior i cobreix un radi de 15m. Utilitzar una c\u00e0rrega dappibuster dilu\u00eft en 5l daigua. El parany es situa a una al\u00e7ada d&#8217;entre 100-150 cm del terra en un [&hellip;]\" \/>\n<meta property=\"og:url\" content=\"https:\/\/alter-entorn.com\/ca\/producto\/9902\/\" \/>\n<meta property=\"og:site_name\" content=\"alter-entorn\" \/>\n<meta property=\"article:publisher\" content=\"https:\/\/www.facebook.com\/alterentorn\/\" \/>\n<meta property=\"article:modified_time\" content=\"2025-01-21T12:11:50+00:00\" \/>\n<meta property=\"og:image\" content=\"https:\/\/alter-entorn.com\/wp-content\/uploads\/2024\/04\/Cubo-bestico-appibuster.png\" \/>\n\t<meta property=\"og:image:width\" content=\"425\" \/>\n\t<meta property=\"og:image:height\" content=\"284\" \/>\n\t<meta property=\"og:image:type\" content=\"image\/png\" \/>\n<meta name=\"twitter:card\" content=\"summary_large_image\" \/>\n<meta name=\"twitter:site\" content=\"@alterentorn\" \/>\n<meta name=\"twitter:label1\" content=\"Temps estimat de lectura\" \/>\n\t<meta name=\"twitter:data1\" content=\"1 minut\" \/>\n<script type=\"application\/ld+json\" class=\"yoast-schema-graph\">{\"@context\":\"https:\\\/\\\/schema.org\",\"@graph\":[{\"@type\":\"WebPage\",\"@id\":\"https:\\\/\\\/alter-entorn.com\\\/ca\\\/producto\\\/9902\\\/\",\"url\":\"https:\\\/\\\/alter-entorn.com\\\/ca\\\/producto\\\/9902\\\/\",\"name\":\"Trampa per mosques - alter-entorn\",\"isPartOf\":{\"@id\":\"https:\\\/\\\/alter-entorn.com\\\/ca\\\/#website\"},\"primaryImageOfPage\":{\"@id\":\"https:\\\/\\\/alter-entorn.com\\\/ca\\\/producto\\\/9902\\\/#primaryimage\"},\"image\":{\"@id\":\"https:\\\/\\\/alter-entorn.com\\\/ca\\\/producto\\\/9902\\\/#primaryimage\"},\"thumbnailUrl\":\"https:\\\/\\\/alter-entorn.com\\\/wp-content\\\/uploads\\\/2024\\\/04\\\/Cubo-bestico-appibuster.png\",\"datePublished\":\"2024-11-14T10:16:43+00:00\",\"dateModified\":\"2025-01-21T12:11:50+00:00\",\"breadcrumb\":{\"@id\":\"https:\\\/\\\/alter-entorn.com\\\/ca\\\/producto\\\/9902\\\/#breadcrumb\"},\"inLanguage\":\"ca\",\"potentialAction\":[{\"@type\":\"ReadAction\",\"target\":[\"https:\\\/\\\/alter-entorn.com\\\/ca\\\/producto\\\/9902\\\/\"]}]},{\"@type\":\"ImageObject\",\"inLanguage\":\"ca\",\"@id\":\"https:\\\/\\\/alter-entorn.com\\\/ca\\\/producto\\\/9902\\\/#primaryimage\",\"url\":\"https:\\\/\\\/alter-entorn.com\\\/wp-content\\\/uploads\\\/2024\\\/04\\\/Cubo-bestico-appibuster.png\",\"contentUrl\":\"https:\\\/\\\/alter-entorn.com\\\/wp-content\\\/uploads\\\/2024\\\/04\\\/Cubo-bestico-appibuster.png\",\"width\":425,\"height\":284,\"caption\":\"trampa atrapamoscas sense insecticides\"},{\"@type\":\"BreadcrumbList\",\"@id\":\"https:\\\/\\\/alter-entorn.com\\\/ca\\\/producto\\\/9902\\\/#breadcrumb\",\"itemListElement\":[{\"@type\":\"ListItem\",\"position\":1,\"name\":\"Portada\",\"item\":\"https:\\\/\\\/alter-entorn.com\\\/ca\\\/\"},{\"@type\":\"ListItem\",\"position\":2,\"name\":\"Botiga\",\"item\":\"https:\\\/\\\/alter-entorn.com\\\/tienda\\\/\"},{\"@type\":\"ListItem\",\"position\":3,\"name\":\"Trampa per mosques\"}]},{\"@type\":\"WebSite\",\"@id\":\"https:\\\/\\\/alter-entorn.com\\\/ca\\\/#website\",\"url\":\"https:\\\/\\\/alter-entorn.com\\\/ca\\\/\",\"name\":\"alter-entorn\",\"description\":\"Soluciones Microbiol\u00f3gicas probi\u00f3ticos\",\"publisher\":{\"@id\":\"https:\\\/\\\/alter-entorn.com\\\/ca\\\/#organization\"},\"potentialAction\":[{\"@type\":\"SearchAction\",\"target\":{\"@type\":\"EntryPoint\",\"urlTemplate\":\"https:\\\/\\\/alter-entorn.com\\\/ca\\\/?s={search_term_string}\"},\"query-input\":{\"@type\":\"PropertyValueSpecification\",\"valueRequired\":true,\"valueName\":\"search_term_string\"}}],\"inLanguage\":\"ca\"},{\"@type\":\"Organization\",\"@id\":\"https:\\\/\\\/alter-entorn.com\\\/ca\\\/#organization\",\"name\":\"alter-entorn\",\"url\":\"https:\\\/\\\/alter-entorn.com\\\/ca\\\/\",\"logo\":{\"@type\":\"ImageObject\",\"inLanguage\":\"ca\",\"@id\":\"https:\\\/\\\/alter-entorn.com\\\/ca\\\/#\\\/schema\\\/logo\\\/image\\\/\",\"url\":\"https:\\\/\\\/alter-entorn.com\\\/wp-content\\\/uploads\\\/2018\\\/10\\\/logo_alter_entorn-sin-texto-1.png\",\"contentUrl\":\"https:\\\/\\\/alter-entorn.com\\\/wp-content\\\/uploads\\\/2018\\\/10\\\/logo_alter_entorn-sin-texto-1.png\",\"width\":246,\"height\":68,\"caption\":\"alter-entorn\"},\"image\":{\"@id\":\"https:\\\/\\\/alter-entorn.com\\\/ca\\\/#\\\/schema\\\/logo\\\/image\\\/\"},\"sameAs\":[\"https:\\\/\\\/www.facebook.com\\\/alterentorn\\\/\",\"https:\\\/\\\/x.com\\\/alterentorn\"]}]}<\/script>\n<!-- \/ Yoast SEO plugin. -->","yoast_head_json":{"title":"Trampa per mosques - alter-entorn","robots":{"index":"index","follow":"follow","max-snippet":"max-snippet:-1","max-image-preview":"max-image-preview:large","max-video-preview":"max-video-preview:-1"},"canonical":"https:\/\/alter-entorn.com\/ca\/producto\/9902\/","og_locale":"ca_ES","og_type":"article","og_title":"Trampa per mosques - alter-entorn","og_description":"Trampa per a mosques sense insecticida. Funciona posant un atraient natural que atrau les mosques i queden atrapades a l&#8217;interior del parany. El parany \u00e9s d&#8217;\u00fas exterior i cobreix un radi de 15m. Utilitzar una c\u00e0rrega dappibuster dilu\u00eft en 5l daigua. El parany es situa a una al\u00e7ada d&#8217;entre 100-150 cm del terra en un [&hellip;]","og_url":"https:\/\/alter-entorn.com\/ca\/producto\/9902\/","og_site_name":"alter-entorn","article_publisher":"https:\/\/www.facebook.com\/alterentorn\/","article_modified_time":"2025-01-21T12:11:50+00:00","og_image":[{"width":425,"height":284,"url":"https:\/\/alter-entorn.com\/wp-content\/uploads\/2024\/04\/Cubo-bestico-appibuster.png","type":"image\/png"}],"twitter_card":"summary_large_image","twitter_site":"@alterentorn","twitter_misc":{"Temps estimat de lectura":"1 minut"},"schema":{"@context":"https:\/\/schema.org","@graph":[{"@type":"WebPage","@id":"https:\/\/alter-entorn.com\/ca\/producto\/9902\/","url":"https:\/\/alter-entorn.com\/ca\/producto\/9902\/","name":"Trampa per mosques - alter-entorn","isPartOf":{"@id":"https:\/\/alter-entorn.com\/ca\/#website"},"primaryImageOfPage":{"@id":"https:\/\/alter-entorn.com\/ca\/producto\/9902\/#primaryimage"},"image":{"@id":"https:\/\/alter-entorn.com\/ca\/producto\/9902\/#primaryimage"},"thumbnailUrl":"https:\/\/alter-entorn.com\/wp-content\/uploads\/2024\/04\/Cubo-bestico-appibuster.png","datePublished":"2024-11-14T10:16:43+00:00","dateModified":"2025-01-21T12:11:50+00:00","breadcrumb":{"@id":"https:\/\/alter-entorn.com\/ca\/producto\/9902\/#breadcrumb"},"inLanguage":"ca","potentialAction":[{"@type":"ReadAction","target":["https:\/\/alter-entorn.com\/ca\/producto\/9902\/"]}]},{"@type":"ImageObject","inLanguage":"ca","@id":"https:\/\/alter-entorn.com\/ca\/producto\/9902\/#primaryimage","url":"https:\/\/alter-entorn.com\/wp-content\/uploads\/2024\/04\/Cubo-bestico-appibuster.png","contentUrl":"https:\/\/alter-entorn.com\/wp-content\/uploads\/2024\/04\/Cubo-bestico-appibuster.png","width":425,"height":284,"caption":"trampa atrapamoscas sense insecticides"},{"@type":"BreadcrumbList","@id":"https:\/\/alter-entorn.com\/ca\/producto\/9902\/#breadcrumb","itemListElement":[{"@type":"ListItem","position":1,"name":"Portada","item":"https:\/\/alter-entorn.com\/ca\/"},{"@type":"ListItem","position":2,"name":"Botiga","item":"https:\/\/alter-entorn.com\/tienda\/"},{"@type":"ListItem","position":3,"name":"Trampa per mosques"}]},{"@type":"WebSite","@id":"https:\/\/alter-entorn.com\/ca\/#website","url":"https:\/\/alter-entorn.com\/ca\/","name":"alter-entorn","description":"Soluciones Microbiol\u00f3gicas probi\u00f3ticos","publisher":{"@id":"https:\/\/alter-entorn.com\/ca\/#organization"},"potentialAction":[{"@type":"SearchAction","target":{"@type":"EntryPoint","urlTemplate":"https:\/\/alter-entorn.com\/ca\/?s={search_term_string}"},"query-input":{"@type":"PropertyValueSpecification","valueRequired":true,"valueName":"search_term_string"}}],"inLanguage":"ca"},{"@type":"Organization","@id":"https:\/\/alter-entorn.com\/ca\/#organization","name":"alter-entorn","url":"https:\/\/alter-entorn.com\/ca\/","logo":{"@type":"ImageObject","inLanguage":"ca","@id":"https:\/\/alter-entorn.com\/ca\/#\/schema\/logo\/image\/","url":"https:\/\/alter-entorn.com\/wp-content\/uploads\/2018\/10\/logo_alter_entorn-sin-texto-1.png","contentUrl":"https:\/\/alter-entorn.com\/wp-content\/uploads\/2018\/10\/logo_alter_entorn-sin-texto-1.png","width":246,"height":68,"caption":"alter-entorn"},"image":{"@id":"https:\/\/alter-entorn.com\/ca\/#\/schema\/logo\/image\/"},"sameAs":["https:\/\/www.facebook.com\/alterentorn\/","https:\/\/x.com\/alterentorn"]}]}},"_links":{"self":[{"href":"https:\/\/alter-entorn.com\/ca\/wp-json\/wp\/v2\/product\/9902","targetHints":{"allow":["GET"]}}],"collection":[{"href":"https:\/\/alter-entorn.com\/ca\/wp-json\/wp\/v2\/product"}],"about":[{"href":"https:\/\/alter-entorn.com\/ca\/wp-json\/wp\/v2\/types\/product"}],"wp:featuredmedia":[{"embeddable":true,"href":"https:\/\/alter-entorn.com\/ca\/wp-json\/wp\/v2\/media\/9463"}],"wp:attachment":[{"href":"https:\/\/alter-entorn.com\/ca\/wp-json\/wp\/v2\/media?parent=9902"}],"wp:term":[{"taxonomy":"product_brand","embeddable":true,"href":"https:\/\/alter-entorn.com\/ca\/wp-json\/wp\/v2\/product_brand?post=9902"},{"taxonomy":"product_cat","embeddable":true,"href":"https:\/\/alter-entorn.com\/ca\/wp-json\/wp\/v2\/product_cat?post=9902"},{"taxonomy":"product_tag","embeddable":true,"href":"https:\/\/alter-entorn.com\/ca\/wp-json\/wp\/v2\/product_tag?post=9902"}],"curies":[{"name":"wp","href":"https:\/\/api.w.org\/{rel}","templated":true}]}}