{"id":9915,"date":"2024-04-29T09:07:07","date_gmt":"2024-11-14T11:07:19","guid":{"rendered":"https:\/\/alter-entorn.com\/?post_type=product&#038;p=9915"},"modified":"2024-11-14T13:07:19","modified_gmt":"2024-11-14T11:07:19","slug":"recarrega-appibuster","status":"publish","type":"product","link":"https:\/\/alter-entorn.com\/ca\/producto\/recarrega-appibuster\/","title":{"rendered":"Recarrega Appibuster"},"content":{"rendered":"<p>Appibuster rec\u00e0rrega de parany cub Appibuster 5l. Rec\u00e0rrega de parany per a mosques d&#8217;\u00fas exterior. Trampa ecol\u00f2gica, sense insecticida ni qu\u00edmics nocius. Un pi\u00e8ge \u00e9s efectiu en un radi de 15 metres. Abocar la pols de la rec\u00e0rrega a la galleda, afegir 5l d&#8217;aigua i remenar fins que quedi dissolt. Situar el cub exposat al sol a una al\u00e7ada de 100-150cm del terra. Temperatura de funcionament \u00f2ptim entre 20\u00baC i 40\u00baC. Quan el contingut estigui completament sec renovar la rec\u00e0rrega.<\/p>\n","protected":false},"excerpt":{"rendered":"<p>Appibuster rec\u00e0rrega de parany cub Appibuster 5l. Rec\u00e0rrega de parany per a mosques d&#8217;\u00fas exterior. Trampa ecol\u00f2gica, sense insecticida ni qu\u00edmics nocius. Un pi\u00e8ge \u00e9s efectiu en un radi de 15 metres. Abocar la pols de la rec\u00e0rrega a la galleda, afegir 5l d&#8217;aigua i remenar fins que quedi dissolt. Situar el cub exposat al [&hellip;]<\/p>\n","protected":false},"featured_media":9490,"template":"","meta":{"_joinchat":[]},"product_brand":[],"product_cat":[3212,78,81],"product_tag":[3213],"class_list":{"0":"post-9915","1":"product","2":"type-product","3":"status-publish","4":"has-post-thumbnail","6":"product_cat-compost-hort-i-jardi","7":"product_cat-jardi","8":"product_cat-residus","9":"product_tag-sense-insecticida","11":"first","12":"instock","13":"taxable","14":"shipping-taxable","15":"purchasable","16":"product-type-simple"},"yoast_head":"<!-- This site is optimized with the Yoast SEO plugin v27.4 - https:\/\/yoast.com\/product\/yoast-seo-wordpress\/ -->\n<title>Recarrega Appibuster - alter-entorn<\/title>\n<meta name=\"robots\" content=\"index, follow, max-snippet:-1, max-image-preview:large, max-video-preview:-1\" \/>\n<link rel=\"canonical\" href=\"https:\/\/alter-entorn.com\/ca\/producto\/recarrega-appibuster\/\" \/>\n<meta property=\"og:locale\" content=\"ca_ES\" \/>\n<meta property=\"og:type\" content=\"article\" \/>\n<meta property=\"og:title\" content=\"Recarrega Appibuster - alter-entorn\" \/>\n<meta property=\"og:description\" content=\"Appibuster rec\u00e0rrega de parany cub Appibuster 5l. Rec\u00e0rrega de parany per a mosques d&#8217;\u00fas exterior. Trampa ecol\u00f2gica, sense insecticida ni qu\u00edmics nocius. Un pi\u00e8ge \u00e9s efectiu en un radi de 15 metres. Abocar la pols de la rec\u00e0rrega a la galleda, afegir 5l d&#8217;aigua i remenar fins que quedi dissolt. Situar el cub exposat al [&hellip;]\" \/>\n<meta property=\"og:url\" content=\"https:\/\/alter-entorn.com\/ca\/producto\/recarrega-appibuster\/\" \/>\n<meta property=\"og:site_name\" content=\"alter-entorn\" \/>\n<meta property=\"article:publisher\" content=\"https:\/\/www.facebook.com\/alterentorn\/\" \/>\n<meta property=\"og:image\" content=\"https:\/\/alter-entorn.com\/wp-content\/uploads\/2024\/04\/Diseno-sin-titulo.png\" \/>\n\t<meta property=\"og:image:width\" content=\"400\" \/>\n\t<meta property=\"og:image:height\" content=\"400\" \/>\n\t<meta property=\"og:image:type\" content=\"image\/png\" \/>\n<meta name=\"twitter:card\" content=\"summary_large_image\" \/>\n<meta name=\"twitter:site\" content=\"@alterentorn\" \/>\n<meta name=\"twitter:label1\" content=\"Temps estimat de lectura\" \/>\n\t<meta name=\"twitter:data1\" content=\"1 minut\" \/>\n<script type=\"application\/ld+json\" class=\"yoast-schema-graph\">{\"@context\":\"https:\\\/\\\/schema.org\",\"@graph\":[{\"@type\":\"WebPage\",\"@id\":\"https:\\\/\\\/alter-entorn.com\\\/ca\\\/producto\\\/recarrega-appibuster\\\/\",\"url\":\"https:\\\/\\\/alter-entorn.com\\\/ca\\\/producto\\\/recarrega-appibuster\\\/\",\"name\":\"Recarrega Appibuster - alter-entorn\",\"isPartOf\":{\"@id\":\"https:\\\/\\\/alter-entorn.com\\\/ca\\\/#website\"},\"primaryImageOfPage\":{\"@id\":\"https:\\\/\\\/alter-entorn.com\\\/ca\\\/producto\\\/recarrega-appibuster\\\/#primaryimage\"},\"image\":{\"@id\":\"https:\\\/\\\/alter-entorn.com\\\/ca\\\/producto\\\/recarrega-appibuster\\\/#primaryimage\"},\"thumbnailUrl\":\"https:\\\/\\\/alter-entorn.com\\\/wp-content\\\/uploads\\\/2024\\\/04\\\/Diseno-sin-titulo.png\",\"datePublished\":\"2024-11-14T11:07:19+00:00\",\"breadcrumb\":{\"@id\":\"https:\\\/\\\/alter-entorn.com\\\/ca\\\/producto\\\/recarrega-appibuster\\\/#breadcrumb\"},\"inLanguage\":\"ca\",\"potentialAction\":[{\"@type\":\"ReadAction\",\"target\":[\"https:\\\/\\\/alter-entorn.com\\\/ca\\\/producto\\\/recarrega-appibuster\\\/\"]}]},{\"@type\":\"ImageObject\",\"inLanguage\":\"ca\",\"@id\":\"https:\\\/\\\/alter-entorn.com\\\/ca\\\/producto\\\/recarrega-appibuster\\\/#primaryimage\",\"url\":\"https:\\\/\\\/alter-entorn.com\\\/wp-content\\\/uploads\\\/2024\\\/04\\\/Diseno-sin-titulo.png\",\"contentUrl\":\"https:\\\/\\\/alter-entorn.com\\\/wp-content\\\/uploads\\\/2024\\\/04\\\/Diseno-sin-titulo.png\",\"width\":400,\"height\":400,\"caption\":\"recarga de trampa appibuster 5l\"},{\"@type\":\"BreadcrumbList\",\"@id\":\"https:\\\/\\\/alter-entorn.com\\\/ca\\\/producto\\\/recarrega-appibuster\\\/#breadcrumb\",\"itemListElement\":[{\"@type\":\"ListItem\",\"position\":1,\"name\":\"Portada\",\"item\":\"https:\\\/\\\/alter-entorn.com\\\/ca\\\/\"},{\"@type\":\"ListItem\",\"position\":2,\"name\":\"Botiga\",\"item\":\"https:\\\/\\\/alter-entorn.com\\\/tienda\\\/\"},{\"@type\":\"ListItem\",\"position\":3,\"name\":\"Recarrega Appibuster\"}]},{\"@type\":\"WebSite\",\"@id\":\"https:\\\/\\\/alter-entorn.com\\\/ca\\\/#website\",\"url\":\"https:\\\/\\\/alter-entorn.com\\\/ca\\\/\",\"name\":\"alter-entorn\",\"description\":\"Soluciones Microbiol\u00f3gicas probi\u00f3ticos\",\"publisher\":{\"@id\":\"https:\\\/\\\/alter-entorn.com\\\/ca\\\/#organization\"},\"potentialAction\":[{\"@type\":\"SearchAction\",\"target\":{\"@type\":\"EntryPoint\",\"urlTemplate\":\"https:\\\/\\\/alter-entorn.com\\\/ca\\\/?s={search_term_string}\"},\"query-input\":{\"@type\":\"PropertyValueSpecification\",\"valueRequired\":true,\"valueName\":\"search_term_string\"}}],\"inLanguage\":\"ca\"},{\"@type\":\"Organization\",\"@id\":\"https:\\\/\\\/alter-entorn.com\\\/ca\\\/#organization\",\"name\":\"alter-entorn\",\"url\":\"https:\\\/\\\/alter-entorn.com\\\/ca\\\/\",\"logo\":{\"@type\":\"ImageObject\",\"inLanguage\":\"ca\",\"@id\":\"https:\\\/\\\/alter-entorn.com\\\/ca\\\/#\\\/schema\\\/logo\\\/image\\\/\",\"url\":\"https:\\\/\\\/alter-entorn.com\\\/wp-content\\\/uploads\\\/2018\\\/10\\\/logo_alter_entorn-sin-texto-1.png\",\"contentUrl\":\"https:\\\/\\\/alter-entorn.com\\\/wp-content\\\/uploads\\\/2018\\\/10\\\/logo_alter_entorn-sin-texto-1.png\",\"width\":246,\"height\":68,\"caption\":\"alter-entorn\"},\"image\":{\"@id\":\"https:\\\/\\\/alter-entorn.com\\\/ca\\\/#\\\/schema\\\/logo\\\/image\\\/\"},\"sameAs\":[\"https:\\\/\\\/www.facebook.com\\\/alterentorn\\\/\",\"https:\\\/\\\/x.com\\\/alterentorn\"]}]}<\/script>\n<!-- \/ Yoast SEO plugin. -->","yoast_head_json":{"title":"Recarrega Appibuster - alter-entorn","robots":{"index":"index","follow":"follow","max-snippet":"max-snippet:-1","max-image-preview":"max-image-preview:large","max-video-preview":"max-video-preview:-1"},"canonical":"https:\/\/alter-entorn.com\/ca\/producto\/recarrega-appibuster\/","og_locale":"ca_ES","og_type":"article","og_title":"Recarrega Appibuster - alter-entorn","og_description":"Appibuster rec\u00e0rrega de parany cub Appibuster 5l. Rec\u00e0rrega de parany per a mosques d&#8217;\u00fas exterior. Trampa ecol\u00f2gica, sense insecticida ni qu\u00edmics nocius. Un pi\u00e8ge \u00e9s efectiu en un radi de 15 metres. Abocar la pols de la rec\u00e0rrega a la galleda, afegir 5l d&#8217;aigua i remenar fins que quedi dissolt. Situar el cub exposat al [&hellip;]","og_url":"https:\/\/alter-entorn.com\/ca\/producto\/recarrega-appibuster\/","og_site_name":"alter-entorn","article_publisher":"https:\/\/www.facebook.com\/alterentorn\/","og_image":[{"width":400,"height":400,"url":"https:\/\/alter-entorn.com\/wp-content\/uploads\/2024\/04\/Diseno-sin-titulo.png","type":"image\/png"}],"twitter_card":"summary_large_image","twitter_site":"@alterentorn","twitter_misc":{"Temps estimat de lectura":"1 minut"},"schema":{"@context":"https:\/\/schema.org","@graph":[{"@type":"WebPage","@id":"https:\/\/alter-entorn.com\/ca\/producto\/recarrega-appibuster\/","url":"https:\/\/alter-entorn.com\/ca\/producto\/recarrega-appibuster\/","name":"Recarrega Appibuster - alter-entorn","isPartOf":{"@id":"https:\/\/alter-entorn.com\/ca\/#website"},"primaryImageOfPage":{"@id":"https:\/\/alter-entorn.com\/ca\/producto\/recarrega-appibuster\/#primaryimage"},"image":{"@id":"https:\/\/alter-entorn.com\/ca\/producto\/recarrega-appibuster\/#primaryimage"},"thumbnailUrl":"https:\/\/alter-entorn.com\/wp-content\/uploads\/2024\/04\/Diseno-sin-titulo.png","datePublished":"2024-11-14T11:07:19+00:00","breadcrumb":{"@id":"https:\/\/alter-entorn.com\/ca\/producto\/recarrega-appibuster\/#breadcrumb"},"inLanguage":"ca","potentialAction":[{"@type":"ReadAction","target":["https:\/\/alter-entorn.com\/ca\/producto\/recarrega-appibuster\/"]}]},{"@type":"ImageObject","inLanguage":"ca","@id":"https:\/\/alter-entorn.com\/ca\/producto\/recarrega-appibuster\/#primaryimage","url":"https:\/\/alter-entorn.com\/wp-content\/uploads\/2024\/04\/Diseno-sin-titulo.png","contentUrl":"https:\/\/alter-entorn.com\/wp-content\/uploads\/2024\/04\/Diseno-sin-titulo.png","width":400,"height":400,"caption":"recarga de trampa appibuster 5l"},{"@type":"BreadcrumbList","@id":"https:\/\/alter-entorn.com\/ca\/producto\/recarrega-appibuster\/#breadcrumb","itemListElement":[{"@type":"ListItem","position":1,"name":"Portada","item":"https:\/\/alter-entorn.com\/ca\/"},{"@type":"ListItem","position":2,"name":"Botiga","item":"https:\/\/alter-entorn.com\/tienda\/"},{"@type":"ListItem","position":3,"name":"Recarrega Appibuster"}]},{"@type":"WebSite","@id":"https:\/\/alter-entorn.com\/ca\/#website","url":"https:\/\/alter-entorn.com\/ca\/","name":"alter-entorn","description":"Soluciones Microbiol\u00f3gicas probi\u00f3ticos","publisher":{"@id":"https:\/\/alter-entorn.com\/ca\/#organization"},"potentialAction":[{"@type":"SearchAction","target":{"@type":"EntryPoint","urlTemplate":"https:\/\/alter-entorn.com\/ca\/?s={search_term_string}"},"query-input":{"@type":"PropertyValueSpecification","valueRequired":true,"valueName":"search_term_string"}}],"inLanguage":"ca"},{"@type":"Organization","@id":"https:\/\/alter-entorn.com\/ca\/#organization","name":"alter-entorn","url":"https:\/\/alter-entorn.com\/ca\/","logo":{"@type":"ImageObject","inLanguage":"ca","@id":"https:\/\/alter-entorn.com\/ca\/#\/schema\/logo\/image\/","url":"https:\/\/alter-entorn.com\/wp-content\/uploads\/2018\/10\/logo_alter_entorn-sin-texto-1.png","contentUrl":"https:\/\/alter-entorn.com\/wp-content\/uploads\/2018\/10\/logo_alter_entorn-sin-texto-1.png","width":246,"height":68,"caption":"alter-entorn"},"image":{"@id":"https:\/\/alter-entorn.com\/ca\/#\/schema\/logo\/image\/"},"sameAs":["https:\/\/www.facebook.com\/alterentorn\/","https:\/\/x.com\/alterentorn"]}]}},"_links":{"self":[{"href":"https:\/\/alter-entorn.com\/ca\/wp-json\/wp\/v2\/product\/9915","targetHints":{"allow":["GET"]}}],"collection":[{"href":"https:\/\/alter-entorn.com\/ca\/wp-json\/wp\/v2\/product"}],"about":[{"href":"https:\/\/alter-entorn.com\/ca\/wp-json\/wp\/v2\/types\/product"}],"wp:featuredmedia":[{"embeddable":true,"href":"https:\/\/alter-entorn.com\/ca\/wp-json\/wp\/v2\/media\/9490"}],"wp:attachment":[{"href":"https:\/\/alter-entorn.com\/ca\/wp-json\/wp\/v2\/media?parent=9915"}],"wp:term":[{"taxonomy":"product_brand","embeddable":true,"href":"https:\/\/alter-entorn.com\/ca\/wp-json\/wp\/v2\/product_brand?post=9915"},{"taxonomy":"product_cat","embeddable":true,"href":"https:\/\/alter-entorn.com\/ca\/wp-json\/wp\/v2\/product_cat?post=9915"},{"taxonomy":"product_tag","embeddable":true,"href":"https:\/\/alter-entorn.com\/ca\/wp-json\/wp\/v2\/product_tag?post=9915"}],"curies":[{"name":"wp","href":"https:\/\/api.w.org\/{rel}","templated":true}]}}