{"id":9991,"date":"2019-08-27T12:03:12","date_gmt":"2019-08-27T10:03:12","guid":{"rendered":"https:\/\/alter-entorn.com\/producto\/nutri-active\/"},"modified":"2019-08-27T12:03:12","modified_gmt":"2019-08-27T10:03:12","slug":"nutri-active","status":"publish","type":"product","link":"https:\/\/alter-entorn.com\/ca\/producto\/nutri-active\/","title":{"rendered":"Nutri Active\u00ae"},"content":{"rendered":"<p>Nutri-Active\u00ae \u00e9s un combinat de minerals, sucres i microorganismes que s&#8217;utilitza per millorar l&#8217;efic\u00e0cia dels productes microbiol\u00f2gics d&#8217;<em>alter-entorn<\/em>. Una soluci\u00f3 sostenible per al creixement de cultius microbiol\u00f2gics. S&#8217;utilitza barrejat amb Elgan\u00ae per al tractament de mat\u00e8ria org\u00e0nica en depuradores, pous negres, fosses s\u00e8ptiques, entre d&#8217;altres. Tamb\u00e9 es pot fer servir en f\u00f3rmules amb Agrobalanced\u00ae per millorar els microorganismes beneficiosos per al s\u00f2l agr\u00edcola i les arrels.<\/p>\n<p>Es conserva a temperatura ambient. Protegit del sol, del fred i de la calor. No \u00e9s perjudicial per a les persones Nutri-Active\u00ae \u00e9s totalment compatible amb el medi ambient. Compta amb la certificaci\u00f3 d&#8217;ecocert. Es compon d&#8217;ingredients naturals que no provenen de la tecnologia gen\u00e8tica.<\/p>\n<p style=\"font-weight: 400;\">\n","protected":false},"excerpt":{"rendered":"<p>Combinat de nutrients i microorganismes beneficiosos. Millora el rendiment d&#8217;Elgan\u00ae en el tractament de residus, entre d&#8217;altres usos. Aporta els nutrients necessaris per a una millor biodegradaci\u00f3 de la mat\u00e8ria org\u00e0nica. Suporta els microorganismes que treballen a les plantes d&#8217;aig\u00fces residuals.<\/p>\n","protected":false},"featured_media":7141,"template":"","meta":{"_joinchat":[]},"product_brand":[],"product_cat":[3212,81],"product_tag":[1155,1470,3195,3267,3268,3269,3270],"class_list":{"0":"post-9991","1":"product","2":"type-product","3":"status-publish","4":"has-post-thumbnail","6":"product_cat-compost-hort-i-jardi","7":"product_cat-residus","8":"product_tag-accelerar-compostatge","9":"product_tag-hort-ecologic","10":"product_tag-agricultura-regenerativa-ca","11":"product_tag-compost-microbiologic","12":"product_tag-fosses-septiques","13":"product_tag-tractament-de-residus","14":"product_tag-cuida-el-mediambient-ca","16":"first","17":"instock","18":"taxable","19":"shipping-taxable","20":"purchasable","21":"product-type-simple"},"yoast_head":"<!-- This site is optimized with the Yoast SEO plugin v27.4 - https:\/\/yoast.com\/product\/yoast-seo-wordpress\/ -->\n<title>Nutri Active\u00ae - alter-entorn<\/title>\n<meta name=\"description\" content=\"Nutri-Active\u00ae combinat de minerals sucres i microorganismes que\" \/>\n<meta name=\"robots\" content=\"index, follow, max-snippet:-1, max-image-preview:large, max-video-preview:-1\" \/>\n<link rel=\"canonical\" href=\"https:\/\/alter-entorn.com\/ca\/producto\/nutri-active\/\" \/>\n<meta property=\"og:locale\" content=\"ca_ES\" \/>\n<meta property=\"og:type\" content=\"article\" \/>\n<meta property=\"og:title\" content=\"Nutri Active\u00ae - alter-entorn\" \/>\n<meta property=\"og:description\" content=\"Nutri-Active\u00ae combinat de minerals sucres i microorganismes que\" \/>\n<meta property=\"og:url\" content=\"https:\/\/alter-entorn.com\/ca\/producto\/nutri-active\/\" \/>\n<meta property=\"og:site_name\" content=\"alter-entorn\" \/>\n<meta property=\"article:publisher\" content=\"https:\/\/www.facebook.com\/alterentorn\/\" \/>\n<meta property=\"og:image\" content=\"https:\/\/alter-entorn.com\/wp-content\/uploads\/2019\/08\/nutri-active-sf.jpg\" \/>\n\t<meta property=\"og:image:width\" content=\"2268\" \/>\n\t<meta property=\"og:image:height\" content=\"4032\" \/>\n\t<meta property=\"og:image:type\" content=\"image\/jpeg\" \/>\n<meta name=\"twitter:card\" content=\"summary_large_image\" \/>\n<meta name=\"twitter:site\" content=\"@alterentorn\" \/>\n<meta name=\"twitter:label1\" content=\"Temps estimat de lectura\" \/>\n\t<meta name=\"twitter:data1\" content=\"1 minut\" \/>\n<script type=\"application\/ld+json\" class=\"yoast-schema-graph\">{\"@context\":\"https:\\\/\\\/schema.org\",\"@graph\":[{\"@type\":\"WebPage\",\"@id\":\"https:\\\/\\\/alter-entorn.com\\\/ca\\\/producto\\\/nutri-active\\\/\",\"url\":\"https:\\\/\\\/alter-entorn.com\\\/ca\\\/producto\\\/nutri-active\\\/\",\"name\":\"Nutri Active\u00ae - alter-entorn\",\"isPartOf\":{\"@id\":\"https:\\\/\\\/alter-entorn.com\\\/ca\\\/#website\"},\"primaryImageOfPage\":{\"@id\":\"https:\\\/\\\/alter-entorn.com\\\/ca\\\/producto\\\/nutri-active\\\/#primaryimage\"},\"image\":{\"@id\":\"https:\\\/\\\/alter-entorn.com\\\/ca\\\/producto\\\/nutri-active\\\/#primaryimage\"},\"thumbnailUrl\":\"https:\\\/\\\/alter-entorn.com\\\/wp-content\\\/uploads\\\/2019\\\/08\\\/nutri-active-sf.jpg\",\"datePublished\":\"2019-08-27T10:03:12+00:00\",\"description\":\"Nutri-Active\u00ae combinat de minerals sucres i microorganismes que\",\"breadcrumb\":{\"@id\":\"https:\\\/\\\/alter-entorn.com\\\/ca\\\/producto\\\/nutri-active\\\/#breadcrumb\"},\"inLanguage\":\"ca\",\"potentialAction\":[{\"@type\":\"ReadAction\",\"target\":[\"https:\\\/\\\/alter-entorn.com\\\/ca\\\/producto\\\/nutri-active\\\/\"]}]},{\"@type\":\"ImageObject\",\"inLanguage\":\"ca\",\"@id\":\"https:\\\/\\\/alter-entorn.com\\\/ca\\\/producto\\\/nutri-active\\\/#primaryimage\",\"url\":\"https:\\\/\\\/alter-entorn.com\\\/wp-content\\\/uploads\\\/2019\\\/08\\\/nutri-active-sf.jpg\",\"contentUrl\":\"https:\\\/\\\/alter-entorn.com\\\/wp-content\\\/uploads\\\/2019\\\/08\\\/nutri-active-sf.jpg\",\"width\":2268,\"height\":4032,\"caption\":\"Soluci\u00f3 sostenible per la producci\u00f3 de cultius microbiol\u00f2gics.\"},{\"@type\":\"BreadcrumbList\",\"@id\":\"https:\\\/\\\/alter-entorn.com\\\/ca\\\/producto\\\/nutri-active\\\/#breadcrumb\",\"itemListElement\":[{\"@type\":\"ListItem\",\"position\":1,\"name\":\"Portada\",\"item\":\"https:\\\/\\\/alter-entorn.com\\\/ca\\\/\"},{\"@type\":\"ListItem\",\"position\":2,\"name\":\"Botiga\",\"item\":\"https:\\\/\\\/alter-entorn.com\\\/tienda\\\/\"},{\"@type\":\"ListItem\",\"position\":3,\"name\":\"Nutri Active\u00ae\"}]},{\"@type\":\"WebSite\",\"@id\":\"https:\\\/\\\/alter-entorn.com\\\/ca\\\/#website\",\"url\":\"https:\\\/\\\/alter-entorn.com\\\/ca\\\/\",\"name\":\"alter-entorn\",\"description\":\"Soluciones Microbiol\u00f3gicas probi\u00f3ticos\",\"publisher\":{\"@id\":\"https:\\\/\\\/alter-entorn.com\\\/ca\\\/#organization\"},\"potentialAction\":[{\"@type\":\"SearchAction\",\"target\":{\"@type\":\"EntryPoint\",\"urlTemplate\":\"https:\\\/\\\/alter-entorn.com\\\/ca\\\/?s={search_term_string}\"},\"query-input\":{\"@type\":\"PropertyValueSpecification\",\"valueRequired\":true,\"valueName\":\"search_term_string\"}}],\"inLanguage\":\"ca\"},{\"@type\":\"Organization\",\"@id\":\"https:\\\/\\\/alter-entorn.com\\\/ca\\\/#organization\",\"name\":\"alter-entorn\",\"url\":\"https:\\\/\\\/alter-entorn.com\\\/ca\\\/\",\"logo\":{\"@type\":\"ImageObject\",\"inLanguage\":\"ca\",\"@id\":\"https:\\\/\\\/alter-entorn.com\\\/ca\\\/#\\\/schema\\\/logo\\\/image\\\/\",\"url\":\"https:\\\/\\\/alter-entorn.com\\\/wp-content\\\/uploads\\\/2018\\\/10\\\/logo_alter_entorn-sin-texto-1.png\",\"contentUrl\":\"https:\\\/\\\/alter-entorn.com\\\/wp-content\\\/uploads\\\/2018\\\/10\\\/logo_alter_entorn-sin-texto-1.png\",\"width\":246,\"height\":68,\"caption\":\"alter-entorn\"},\"image\":{\"@id\":\"https:\\\/\\\/alter-entorn.com\\\/ca\\\/#\\\/schema\\\/logo\\\/image\\\/\"},\"sameAs\":[\"https:\\\/\\\/www.facebook.com\\\/alterentorn\\\/\",\"https:\\\/\\\/x.com\\\/alterentorn\"]}]}<\/script>\n<!-- \/ Yoast SEO plugin. -->","yoast_head_json":{"title":"Nutri Active\u00ae - alter-entorn","description":"Nutri-Active\u00ae combinat de minerals sucres i microorganismes que","robots":{"index":"index","follow":"follow","max-snippet":"max-snippet:-1","max-image-preview":"max-image-preview:large","max-video-preview":"max-video-preview:-1"},"canonical":"https:\/\/alter-entorn.com\/ca\/producto\/nutri-active\/","og_locale":"ca_ES","og_type":"article","og_title":"Nutri Active\u00ae - alter-entorn","og_description":"Nutri-Active\u00ae combinat de minerals sucres i microorganismes que","og_url":"https:\/\/alter-entorn.com\/ca\/producto\/nutri-active\/","og_site_name":"alter-entorn","article_publisher":"https:\/\/www.facebook.com\/alterentorn\/","og_image":[{"width":2268,"height":4032,"url":"https:\/\/alter-entorn.com\/wp-content\/uploads\/2019\/08\/nutri-active-sf.jpg","type":"image\/jpeg"}],"twitter_card":"summary_large_image","twitter_site":"@alterentorn","twitter_misc":{"Temps estimat de lectura":"1 minut"},"schema":{"@context":"https:\/\/schema.org","@graph":[{"@type":"WebPage","@id":"https:\/\/alter-entorn.com\/ca\/producto\/nutri-active\/","url":"https:\/\/alter-entorn.com\/ca\/producto\/nutri-active\/","name":"Nutri Active\u00ae - alter-entorn","isPartOf":{"@id":"https:\/\/alter-entorn.com\/ca\/#website"},"primaryImageOfPage":{"@id":"https:\/\/alter-entorn.com\/ca\/producto\/nutri-active\/#primaryimage"},"image":{"@id":"https:\/\/alter-entorn.com\/ca\/producto\/nutri-active\/#primaryimage"},"thumbnailUrl":"https:\/\/alter-entorn.com\/wp-content\/uploads\/2019\/08\/nutri-active-sf.jpg","datePublished":"2019-08-27T10:03:12+00:00","description":"Nutri-Active\u00ae combinat de minerals sucres i microorganismes que","breadcrumb":{"@id":"https:\/\/alter-entorn.com\/ca\/producto\/nutri-active\/#breadcrumb"},"inLanguage":"ca","potentialAction":[{"@type":"ReadAction","target":["https:\/\/alter-entorn.com\/ca\/producto\/nutri-active\/"]}]},{"@type":"ImageObject","inLanguage":"ca","@id":"https:\/\/alter-entorn.com\/ca\/producto\/nutri-active\/#primaryimage","url":"https:\/\/alter-entorn.com\/wp-content\/uploads\/2019\/08\/nutri-active-sf.jpg","contentUrl":"https:\/\/alter-entorn.com\/wp-content\/uploads\/2019\/08\/nutri-active-sf.jpg","width":2268,"height":4032,"caption":"Soluci\u00f3 sostenible per la producci\u00f3 de cultius microbiol\u00f2gics."},{"@type":"BreadcrumbList","@id":"https:\/\/alter-entorn.com\/ca\/producto\/nutri-active\/#breadcrumb","itemListElement":[{"@type":"ListItem","position":1,"name":"Portada","item":"https:\/\/alter-entorn.com\/ca\/"},{"@type":"ListItem","position":2,"name":"Botiga","item":"https:\/\/alter-entorn.com\/tienda\/"},{"@type":"ListItem","position":3,"name":"Nutri Active\u00ae"}]},{"@type":"WebSite","@id":"https:\/\/alter-entorn.com\/ca\/#website","url":"https:\/\/alter-entorn.com\/ca\/","name":"alter-entorn","description":"Soluciones Microbiol\u00f3gicas probi\u00f3ticos","publisher":{"@id":"https:\/\/alter-entorn.com\/ca\/#organization"},"potentialAction":[{"@type":"SearchAction","target":{"@type":"EntryPoint","urlTemplate":"https:\/\/alter-entorn.com\/ca\/?s={search_term_string}"},"query-input":{"@type":"PropertyValueSpecification","valueRequired":true,"valueName":"search_term_string"}}],"inLanguage":"ca"},{"@type":"Organization","@id":"https:\/\/alter-entorn.com\/ca\/#organization","name":"alter-entorn","url":"https:\/\/alter-entorn.com\/ca\/","logo":{"@type":"ImageObject","inLanguage":"ca","@id":"https:\/\/alter-entorn.com\/ca\/#\/schema\/logo\/image\/","url":"https:\/\/alter-entorn.com\/wp-content\/uploads\/2018\/10\/logo_alter_entorn-sin-texto-1.png","contentUrl":"https:\/\/alter-entorn.com\/wp-content\/uploads\/2018\/10\/logo_alter_entorn-sin-texto-1.png","width":246,"height":68,"caption":"alter-entorn"},"image":{"@id":"https:\/\/alter-entorn.com\/ca\/#\/schema\/logo\/image\/"},"sameAs":["https:\/\/www.facebook.com\/alterentorn\/","https:\/\/x.com\/alterentorn"]}]}},"_links":{"self":[{"href":"https:\/\/alter-entorn.com\/ca\/wp-json\/wp\/v2\/product\/9991","targetHints":{"allow":["GET"]}}],"collection":[{"href":"https:\/\/alter-entorn.com\/ca\/wp-json\/wp\/v2\/product"}],"about":[{"href":"https:\/\/alter-entorn.com\/ca\/wp-json\/wp\/v2\/types\/product"}],"wp:featuredmedia":[{"embeddable":true,"href":"https:\/\/alter-entorn.com\/ca\/wp-json\/wp\/v2\/media\/7141"}],"wp:attachment":[{"href":"https:\/\/alter-entorn.com\/ca\/wp-json\/wp\/v2\/media?parent=9991"}],"wp:term":[{"taxonomy":"product_brand","embeddable":true,"href":"https:\/\/alter-entorn.com\/ca\/wp-json\/wp\/v2\/product_brand?post=9991"},{"taxonomy":"product_cat","embeddable":true,"href":"https:\/\/alter-entorn.com\/ca\/wp-json\/wp\/v2\/product_cat?post=9991"},{"taxonomy":"product_tag","embeddable":true,"href":"https:\/\/alter-entorn.com\/ca\/wp-json\/wp\/v2\/product_tag?post=9991"}],"curies":[{"name":"wp","href":"https:\/\/api.w.org\/{rel}","templated":true}]}}