{"id":7075,"date":"2019-08-20T12:07:46","date_gmt":"2019-08-20T15:12:03","guid":{"rendered":"https:\/\/alter-entorn.com\/producto\/bokashi-bran-sack-2kg\/"},"modified":"2025-02-12T18:42:53","modified_gmt":"2025-02-12T16:42:53","slug":"bokashi-bran","status":"publish","type":"product","link":"https:\/\/alter-entorn.com\/en\/producto\/bokashi-bran\/","title":{"rendered":"Saco de salvado Bokashi (2kg)"},"content":{"rendered":"<p>Bokashi prepared from wheat bran fermented with molasses and enriched with beneficial microorganisms. Activates the fermentation of organic waste, prevents putrefaction, eliminates bad odors and maintains control of possible pests. Used together with the <a data-mce-href=\"\/?p=4204\" href=\"https:\/\/alter-entorn.com\/en\/producto\/organic-waste-bucket\/\">home compost bin<\/a>, it improves the process and eliminates bad odors. This anaerobic composting method separates the fermentation liquid. This liquid fertilizer, rich in nutrients and microorganisms, is ideal for our garden and indoor plants. &nbsp;Every time we put organic waste in our compost bin we will cover it with bokashi to ensure an anaerobic fermentation process without bad odors. Once the bucket is full, it is left to rest for three weeks, removing the leachate. The resulting organic matter can be used directly in the garden by burying it about 20cm from the roots of the plants or putting it in a larger bucket with soil underneath and on top until it finishes composting.<\/p>\n","protected":false},"excerpt":{"rendered":"<p>Prepared from fermented wheat bran to add to organic waste buckets. It accelerates the fermentation process, eliminates bad odors and improves the quality of the leachate, among other benefits.<\/p>\n","protected":false},"featured_media":7069,"template":"","meta":{"_joinchat":[]},"product_brand":[],"product_cat":[3231,111],"product_tag":[2866,2867,2868,2869,2870,2871,2872,2873,2874,3225,3271],"class_list":{"0":"post-7075","1":"product","2":"type-product","3":"status-publish","4":"has-post-thumbnail","6":"product_cat-compost-garden-and-yard","7":"product_cat-wastes","8":"product_tag-bokashi-en","9":"product_tag-organic-waste","10":"product_tag-compost-en","11":"product_tag-wheat-bran","12":"product_tag-prepared-bokashi","13":"product_tag-domestic-compost","14":"product_tag-leachate","15":"product_tag-bokashi-cube","16":"product_tag-organic-material","17":"product_tag-regenerative-agriculture","18":"product_tag-microbiological-compost","20":"first","21":"instock","22":"taxable","23":"shipping-taxable","24":"purchasable","25":"product-type-simple"},"yoast_head":"<!-- This site is optimized with the Yoast SEO plugin v27.4 - https:\/\/yoast.com\/product\/yoast-seo-wordpress\/ -->\n<title>Saco de salvado Bokashi (2kg) - alter-entorn<\/title>\n<meta name=\"description\" content=\"Preparado de salvado de trigo fermentado para a\u00f1adir al cubo para residuos org\u00e1nicos dom\u00e9sticos. Elimina olores, acelera el proceso, mejora el resultado.\" \/>\n<meta name=\"robots\" content=\"index, follow, max-snippet:-1, max-image-preview:large, max-video-preview:-1\" \/>\n<link rel=\"canonical\" href=\"https:\/\/alter-entorn.com\/en\/producto\/bokashi-bran\/\" \/>\n<meta property=\"og:locale\" content=\"en_US\" \/>\n<meta property=\"og:type\" content=\"article\" \/>\n<meta property=\"og:title\" content=\"Saco de salvado Bokashi (2kg) - alter-entorn\" \/>\n<meta property=\"og:description\" content=\"Preparado de salvado de trigo fermentado para a\u00f1adir al cubo para residuos org\u00e1nicos dom\u00e9sticos. Elimina olores, acelera el proceso, mejora el resultado.\" \/>\n<meta property=\"og:url\" content=\"https:\/\/alter-entorn.com\/en\/producto\/bokashi-bran\/\" \/>\n<meta property=\"og:site_name\" content=\"alter-entorn\" \/>\n<meta property=\"article:publisher\" content=\"https:\/\/www.facebook.com\/alterentorn\/\" \/>\n<meta property=\"article:modified_time\" content=\"2025-02-12T16:42:53+00:00\" \/>\n<meta property=\"og:image\" content=\"https:\/\/alter-entorn.com\/wp-content\/uploads\/2019\/08\/bokashi.jpg\" \/>\n\t<meta property=\"og:image:width\" content=\"1010\" \/>\n\t<meta property=\"og:image:height\" content=\"1010\" \/>\n\t<meta property=\"og:image:type\" content=\"image\/jpeg\" \/>\n<meta name=\"twitter:card\" content=\"summary_large_image\" \/>\n<meta name=\"twitter:site\" content=\"@alterentorn\" \/>\n<meta name=\"twitter:label1\" content=\"Est. reading time\" \/>\n\t<meta name=\"twitter:data1\" content=\"1 minute\" \/>\n<script type=\"application\/ld+json\" class=\"yoast-schema-graph\">{\"@context\":\"https:\\\/\\\/schema.org\",\"@graph\":[{\"@type\":\"WebPage\",\"@id\":\"https:\\\/\\\/alter-entorn.com\\\/en\\\/producto\\\/bokashi-bran\\\/\",\"url\":\"https:\\\/\\\/alter-entorn.com\\\/en\\\/producto\\\/bokashi-bran\\\/\",\"name\":\"Saco de salvado Bokashi (2kg) - alter-entorn\",\"isPartOf\":{\"@id\":\"https:\\\/\\\/alter-entorn.com\\\/en\\\/#website\"},\"primaryImageOfPage\":{\"@id\":\"https:\\\/\\\/alter-entorn.com\\\/en\\\/producto\\\/bokashi-bran\\\/#primaryimage\"},\"image\":{\"@id\":\"https:\\\/\\\/alter-entorn.com\\\/en\\\/producto\\\/bokashi-bran\\\/#primaryimage\"},\"thumbnailUrl\":\"https:\\\/\\\/alter-entorn.com\\\/wp-content\\\/uploads\\\/2019\\\/08\\\/bokashi.jpg\",\"datePublished\":\"2019-08-20T15:12:03+00:00\",\"dateModified\":\"2025-02-12T16:42:53+00:00\",\"description\":\"Preparado de salvado de trigo fermentado para a\u00f1adir al cubo para residuos org\u00e1nicos dom\u00e9sticos. Elimina olores, acelera el proceso, mejora el resultado.\",\"breadcrumb\":{\"@id\":\"https:\\\/\\\/alter-entorn.com\\\/en\\\/producto\\\/bokashi-bran\\\/#breadcrumb\"},\"inLanguage\":\"en-US\",\"potentialAction\":[{\"@type\":\"ReadAction\",\"target\":[\"https:\\\/\\\/alter-entorn.com\\\/en\\\/producto\\\/bokashi-bran\\\/\"]}]},{\"@type\":\"ImageObject\",\"inLanguage\":\"en-US\",\"@id\":\"https:\\\/\\\/alter-entorn.com\\\/en\\\/producto\\\/bokashi-bran\\\/#primaryimage\",\"url\":\"https:\\\/\\\/alter-entorn.com\\\/wp-content\\\/uploads\\\/2019\\\/08\\\/bokashi.jpg\",\"contentUrl\":\"https:\\\/\\\/alter-entorn.com\\\/wp-content\\\/uploads\\\/2019\\\/08\\\/bokashi.jpg\",\"width\":1010,\"height\":1010,\"caption\":\"Prepared from fermented wheat bran Bokashi\"},{\"@type\":\"BreadcrumbList\",\"@id\":\"https:\\\/\\\/alter-entorn.com\\\/en\\\/producto\\\/bokashi-bran\\\/#breadcrumb\",\"itemListElement\":[{\"@type\":\"ListItem\",\"position\":1,\"name\":\"Portada\",\"item\":\"https:\\\/\\\/alter-entorn.com\\\/en\\\/\"},{\"@type\":\"ListItem\",\"position\":2,\"name\":\"Shop\",\"item\":\"https:\\\/\\\/alter-entorn.com\\\/tienda\\\/\"},{\"@type\":\"ListItem\",\"position\":3,\"name\":\"Saco de salvado Bokashi (2kg)\"}]},{\"@type\":\"WebSite\",\"@id\":\"https:\\\/\\\/alter-entorn.com\\\/en\\\/#website\",\"url\":\"https:\\\/\\\/alter-entorn.com\\\/en\\\/\",\"name\":\"alter-entorn\",\"description\":\"Soluciones Microbiol\u00f3gicas probi\u00f3ticos\",\"publisher\":{\"@id\":\"https:\\\/\\\/alter-entorn.com\\\/en\\\/#organization\"},\"potentialAction\":[{\"@type\":\"SearchAction\",\"target\":{\"@type\":\"EntryPoint\",\"urlTemplate\":\"https:\\\/\\\/alter-entorn.com\\\/en\\\/?s={search_term_string}\"},\"query-input\":{\"@type\":\"PropertyValueSpecification\",\"valueRequired\":true,\"valueName\":\"search_term_string\"}}],\"inLanguage\":\"en-US\"},{\"@type\":\"Organization\",\"@id\":\"https:\\\/\\\/alter-entorn.com\\\/en\\\/#organization\",\"name\":\"alter-entorn\",\"url\":\"https:\\\/\\\/alter-entorn.com\\\/en\\\/\",\"logo\":{\"@type\":\"ImageObject\",\"inLanguage\":\"en-US\",\"@id\":\"https:\\\/\\\/alter-entorn.com\\\/en\\\/#\\\/schema\\\/logo\\\/image\\\/\",\"url\":\"https:\\\/\\\/alter-entorn.com\\\/wp-content\\\/uploads\\\/2018\\\/10\\\/logo_alter_entorn-sin-texto-1.png\",\"contentUrl\":\"https:\\\/\\\/alter-entorn.com\\\/wp-content\\\/uploads\\\/2018\\\/10\\\/logo_alter_entorn-sin-texto-1.png\",\"width\":246,\"height\":68,\"caption\":\"alter-entorn\"},\"image\":{\"@id\":\"https:\\\/\\\/alter-entorn.com\\\/en\\\/#\\\/schema\\\/logo\\\/image\\\/\"},\"sameAs\":[\"https:\\\/\\\/www.facebook.com\\\/alterentorn\\\/\",\"https:\\\/\\\/x.com\\\/alterentorn\"]}]}<\/script>\n<!-- \/ Yoast SEO plugin. -->","yoast_head_json":{"title":"Saco de salvado Bokashi (2kg) - alter-entorn","description":"Preparado de salvado de trigo fermentado para a\u00f1adir al cubo para residuos org\u00e1nicos dom\u00e9sticos. Elimina olores, acelera el proceso, mejora el resultado.","robots":{"index":"index","follow":"follow","max-snippet":"max-snippet:-1","max-image-preview":"max-image-preview:large","max-video-preview":"max-video-preview:-1"},"canonical":"https:\/\/alter-entorn.com\/en\/producto\/bokashi-bran\/","og_locale":"en_US","og_type":"article","og_title":"Saco de salvado Bokashi (2kg) - alter-entorn","og_description":"Preparado de salvado de trigo fermentado para a\u00f1adir al cubo para residuos org\u00e1nicos dom\u00e9sticos. Elimina olores, acelera el proceso, mejora el resultado.","og_url":"https:\/\/alter-entorn.com\/en\/producto\/bokashi-bran\/","og_site_name":"alter-entorn","article_publisher":"https:\/\/www.facebook.com\/alterentorn\/","article_modified_time":"2025-02-12T16:42:53+00:00","og_image":[{"width":1010,"height":1010,"url":"https:\/\/alter-entorn.com\/wp-content\/uploads\/2019\/08\/bokashi.jpg","type":"image\/jpeg"}],"twitter_card":"summary_large_image","twitter_site":"@alterentorn","twitter_misc":{"Est. reading time":"1 minute"},"schema":{"@context":"https:\/\/schema.org","@graph":[{"@type":"WebPage","@id":"https:\/\/alter-entorn.com\/en\/producto\/bokashi-bran\/","url":"https:\/\/alter-entorn.com\/en\/producto\/bokashi-bran\/","name":"Saco de salvado Bokashi (2kg) - alter-entorn","isPartOf":{"@id":"https:\/\/alter-entorn.com\/en\/#website"},"primaryImageOfPage":{"@id":"https:\/\/alter-entorn.com\/en\/producto\/bokashi-bran\/#primaryimage"},"image":{"@id":"https:\/\/alter-entorn.com\/en\/producto\/bokashi-bran\/#primaryimage"},"thumbnailUrl":"https:\/\/alter-entorn.com\/wp-content\/uploads\/2019\/08\/bokashi.jpg","datePublished":"2019-08-20T15:12:03+00:00","dateModified":"2025-02-12T16:42:53+00:00","description":"Preparado de salvado de trigo fermentado para a\u00f1adir al cubo para residuos org\u00e1nicos dom\u00e9sticos. Elimina olores, acelera el proceso, mejora el resultado.","breadcrumb":{"@id":"https:\/\/alter-entorn.com\/en\/producto\/bokashi-bran\/#breadcrumb"},"inLanguage":"en-US","potentialAction":[{"@type":"ReadAction","target":["https:\/\/alter-entorn.com\/en\/producto\/bokashi-bran\/"]}]},{"@type":"ImageObject","inLanguage":"en-US","@id":"https:\/\/alter-entorn.com\/en\/producto\/bokashi-bran\/#primaryimage","url":"https:\/\/alter-entorn.com\/wp-content\/uploads\/2019\/08\/bokashi.jpg","contentUrl":"https:\/\/alter-entorn.com\/wp-content\/uploads\/2019\/08\/bokashi.jpg","width":1010,"height":1010,"caption":"Prepared from fermented wheat bran Bokashi"},{"@type":"BreadcrumbList","@id":"https:\/\/alter-entorn.com\/en\/producto\/bokashi-bran\/#breadcrumb","itemListElement":[{"@type":"ListItem","position":1,"name":"Portada","item":"https:\/\/alter-entorn.com\/en\/"},{"@type":"ListItem","position":2,"name":"Shop","item":"https:\/\/alter-entorn.com\/tienda\/"},{"@type":"ListItem","position":3,"name":"Saco de salvado Bokashi (2kg)"}]},{"@type":"WebSite","@id":"https:\/\/alter-entorn.com\/en\/#website","url":"https:\/\/alter-entorn.com\/en\/","name":"alter-entorn","description":"Soluciones Microbiol\u00f3gicas probi\u00f3ticos","publisher":{"@id":"https:\/\/alter-entorn.com\/en\/#organization"},"potentialAction":[{"@type":"SearchAction","target":{"@type":"EntryPoint","urlTemplate":"https:\/\/alter-entorn.com\/en\/?s={search_term_string}"},"query-input":{"@type":"PropertyValueSpecification","valueRequired":true,"valueName":"search_term_string"}}],"inLanguage":"en-US"},{"@type":"Organization","@id":"https:\/\/alter-entorn.com\/en\/#organization","name":"alter-entorn","url":"https:\/\/alter-entorn.com\/en\/","logo":{"@type":"ImageObject","inLanguage":"en-US","@id":"https:\/\/alter-entorn.com\/en\/#\/schema\/logo\/image\/","url":"https:\/\/alter-entorn.com\/wp-content\/uploads\/2018\/10\/logo_alter_entorn-sin-texto-1.png","contentUrl":"https:\/\/alter-entorn.com\/wp-content\/uploads\/2018\/10\/logo_alter_entorn-sin-texto-1.png","width":246,"height":68,"caption":"alter-entorn"},"image":{"@id":"https:\/\/alter-entorn.com\/en\/#\/schema\/logo\/image\/"},"sameAs":["https:\/\/www.facebook.com\/alterentorn\/","https:\/\/x.com\/alterentorn"]}]}},"_links":{"self":[{"href":"https:\/\/alter-entorn.com\/en\/wp-json\/wp\/v2\/product\/7075","targetHints":{"allow":["GET"]}}],"collection":[{"href":"https:\/\/alter-entorn.com\/en\/wp-json\/wp\/v2\/product"}],"about":[{"href":"https:\/\/alter-entorn.com\/en\/wp-json\/wp\/v2\/types\/product"}],"wp:featuredmedia":[{"embeddable":true,"href":"https:\/\/alter-entorn.com\/en\/wp-json\/wp\/v2\/media\/7069"}],"wp:attachment":[{"href":"https:\/\/alter-entorn.com\/en\/wp-json\/wp\/v2\/media?parent=7075"}],"wp:term":[{"taxonomy":"product_brand","embeddable":true,"href":"https:\/\/alter-entorn.com\/en\/wp-json\/wp\/v2\/product_brand?post=7075"},{"taxonomy":"product_cat","embeddable":true,"href":"https:\/\/alter-entorn.com\/en\/wp-json\/wp\/v2\/product_cat?post=7075"},{"taxonomy":"product_tag","embeddable":true,"href":"https:\/\/alter-entorn.com\/en\/wp-json\/wp\/v2\/product_tag?post=7075"}],"curies":[{"name":"wp","href":"https:\/\/api.w.org\/{rel}","templated":true}]}}