{"id":10558,"date":"2025-09-08T20:29:29","date_gmt":"2025-09-08T18:29:29","guid":{"rendered":"https:\/\/alter-entorn.com\/composter\/"},"modified":"2025-09-08T21:27:50","modified_gmt":"2025-09-08T19:27:50","slug":"composter","status":"publish","type":"page","link":"https:\/\/alter-entorn.com\/fr\/composter\/","title":{"rendered":"composter"},"content":{"rendered":"<div class=\"wpb-content-wrapper\"><p>[vc_row][vc_column][vc_single_image image=\u00a0\u00bb10464&Prime; img_size=\u00a0\u00bbfull\u00a0\u00bb alignment=\u00a0\u00bbcenter\u00a0\u00bb css=\u00a0\u00bb\u00a0\u00bb][\/vc_column][\/vc_row][vc_row][vc_column][vc_column_text css=\u00a0\u00bb\u00a0\u00bb]<\/p>\n<p class=\"p1\"><span class=\"s1\"><strong>Les d\u00e9chets organiques de la cuisine et du jardin ne sont pas des ordures\u202f!<\/strong> Ce sont des nutriments pour la terre et les plantes. <strong><a href=\"https:\/\/alter-entorn.com\/fr\/?s=compost&amp;post_type=product&amp;lang=fr\" target=\"_blank\" rel=\"noopener\">Le compostage<\/a> peut parfaitement se faire \u00e0 la maison<\/strong>, car c\u2019est un processus facile, \u00e9ducatif et gratifiant auquel toute la famille peut participer.<span class=\"Apple-converted-space\">\u00a0<\/span><\/span><\/p>\n<p>&nbsp;<\/p>\n<p class=\"p1\"><span class=\"s1\">Nous avons <strong>deux solutions pour composter les d\u00e9chets organiques<\/strong> de notre foyer.<span class=\"Apple-converted-space\">\u00a0<\/span><\/span><span class=\"s1\"><span class=\"Apple-converted-space\">\u00a0<\/span><\/span><\/p>\n<p>&nbsp;<\/p>\n<ul class=\"ul1\">\n<li style=\"list-style-type: none;\">\n<ul class=\"ul1\">\n<li class=\"li1\">\n<h2><b>Compost en tas ou <a href=\"https:\/\/es.wikipedia.org\/wiki\/Compostador\" target=\"_blank\" rel=\"noopener\">composteur<\/a><\/b><\/h2>\n<p>(A\u00e9robie) Si nous disposons d\u2019un jardin ou d\u2019une terrasse, nous pouvons opter pour ce type de compost, qui permet aussi d\u2019ajouter les d\u00e9chets de jardin les plus volumineux.<\/li>\n<\/ul>\n<p>&nbsp;<\/p>\n<ul class=\"ul1\">\n<li class=\"li1\">\n<h2><b>Compost en seau <a href=\"https:\/\/es.wikipedia.org\/wiki\/Bokashi\" target=\"_blank\" rel=\"noopener\">bokashi<\/a><\/b><\/h2>\n<p>(Ana\u00e9robie) Si nous vivons en appartement ou que nous avons peu d\u2019espace, c\u2019est la solution id\u00e9ale. Cela prend tr\u00e8s peu de place et ne d\u00e9gage pas de mauvaises odeurs, car le compost se fait dans un seau herm\u00e9tiquement ferm\u00e9.<\/li>\n<\/ul>\n<p>&nbsp;<\/li>\n<p><\/ul>\n<p>[\/vc_column_text][\/vc_column][\/vc_row]<\/p>\n<\/div>","protected":false},"excerpt":{"rendered":"<p>[vc_row][vc_column][vc_single_image image=\u00a0\u00bb10464&Prime; img_size=\u00a0\u00bbfull\u00a0\u00bb alignment=\u00a0\u00bbcenter\u00a0\u00bb css=\u00a0\u00bb\u00a0\u00bb][\/vc_column][\/vc_row][vc_row][vc_column][vc_column_text css=\u00a0\u00bb\u00a0\u00bb] Les d\u00e9chets organiques de la cuisine et du jardin ne sont pas des ordures\u202f! Ce sont des nutriments pour la terre et les plantes. Le compostage peut parfaitement se faire \u00e0 la maison, car c\u2019est un processus facile, \u00e9ducatif et gratifiant auquel toute la famille peut participer.\u00a0 &nbsp; Nous [&hellip;]<\/p>\n","protected":false},"author":312,"featured_media":0,"parent":0,"menu_order":0,"comment_status":"closed","ping_status":"closed","template":"","meta":{"_joinchat":[],"footnotes":""},"class_list":["post-10558","page","type-page","status-publish","hentry"],"yoast_head":"<!-- This site is optimized with the Yoast SEO plugin v27.4 - https:\/\/yoast.com\/product\/yoast-seo-wordpress\/ -->\n<title>composter - alter-entorn<\/title>\n<meta name=\"description\" content=\"Nous avons deux solutions pour composter les d\u00e9chets organiques de notre foyer : le compost en tas ou composteur (a\u00e9robique) et le compost en seau bokashi (ana\u00e9robique)\" \/>\n<meta name=\"robots\" content=\"index, follow, max-snippet:-1, max-image-preview:large, max-video-preview:-1\" \/>\n<link rel=\"canonical\" href=\"https:\/\/alter-entorn.com\/fr\/composter\/\" \/>\n<meta property=\"og:locale\" content=\"fr_FR\" \/>\n<meta property=\"og:type\" content=\"article\" \/>\n<meta property=\"og:title\" content=\"composter - alter-entorn\" \/>\n<meta property=\"og:description\" content=\"Nous avons deux solutions pour composter les d\u00e9chets organiques de notre foyer : le compost en tas ou composteur (a\u00e9robique) et le compost en seau bokashi (ana\u00e9robique)\" \/>\n<meta property=\"og:url\" content=\"https:\/\/alter-entorn.com\/fr\/composter\/\" \/>\n<meta property=\"og:site_name\" content=\"alter-entorn\" \/>\n<meta property=\"article:publisher\" content=\"https:\/\/www.facebook.com\/alterentorn\/\" \/>\n<meta property=\"article:modified_time\" content=\"2025-09-08T19:27:50+00:00\" \/>\n<meta name=\"twitter:card\" content=\"summary_large_image\" \/>\n<meta name=\"twitter:site\" content=\"@alterentorn\" \/>\n<meta name=\"twitter:label1\" content=\"Dur\u00e9e de lecture estim\u00e9e\" \/>\n\t<meta name=\"twitter:data1\" content=\"1 minute\" \/>\n<script type=\"application\/ld+json\" class=\"yoast-schema-graph\">{\"@context\":\"https:\\\/\\\/schema.org\",\"@graph\":[{\"@type\":\"WebPage\",\"@id\":\"https:\\\/\\\/alter-entorn.com\\\/fr\\\/composter\\\/\",\"url\":\"https:\\\/\\\/alter-entorn.com\\\/fr\\\/composter\\\/\",\"name\":\"composter - alter-entorn\",\"isPartOf\":{\"@id\":\"https:\\\/\\\/alter-entorn.com\\\/fr\\\/#website\"},\"datePublished\":\"2025-09-08T18:29:29+00:00\",\"dateModified\":\"2025-09-08T19:27:50+00:00\",\"description\":\"Nous avons deux solutions pour composter les d\u00e9chets organiques de notre foyer : le compost en tas ou composteur (a\u00e9robique) et le compost en seau bokashi (ana\u00e9robique)\",\"breadcrumb\":{\"@id\":\"https:\\\/\\\/alter-entorn.com\\\/fr\\\/composter\\\/#breadcrumb\"},\"inLanguage\":\"fr-FR\",\"potentialAction\":[{\"@type\":\"ReadAction\",\"target\":[\"https:\\\/\\\/alter-entorn.com\\\/fr\\\/composter\\\/\"]}]},{\"@type\":\"BreadcrumbList\",\"@id\":\"https:\\\/\\\/alter-entorn.com\\\/fr\\\/composter\\\/#breadcrumb\",\"itemListElement\":[{\"@type\":\"ListItem\",\"position\":1,\"name\":\"Portada\",\"item\":\"https:\\\/\\\/alter-entorn.com\\\/fr\\\/\"},{\"@type\":\"ListItem\",\"position\":2,\"name\":\"composter\"}]},{\"@type\":\"WebSite\",\"@id\":\"https:\\\/\\\/alter-entorn.com\\\/fr\\\/#website\",\"url\":\"https:\\\/\\\/alter-entorn.com\\\/fr\\\/\",\"name\":\"alter-entorn\",\"description\":\"Soluciones Microbiol\u00f3gicas probi\u00f3ticos\",\"publisher\":{\"@id\":\"https:\\\/\\\/alter-entorn.com\\\/fr\\\/#organization\"},\"potentialAction\":[{\"@type\":\"SearchAction\",\"target\":{\"@type\":\"EntryPoint\",\"urlTemplate\":\"https:\\\/\\\/alter-entorn.com\\\/fr\\\/?s={search_term_string}\"},\"query-input\":{\"@type\":\"PropertyValueSpecification\",\"valueRequired\":true,\"valueName\":\"search_term_string\"}}],\"inLanguage\":\"fr-FR\"},{\"@type\":\"Organization\",\"@id\":\"https:\\\/\\\/alter-entorn.com\\\/fr\\\/#organization\",\"name\":\"alter-entorn\",\"url\":\"https:\\\/\\\/alter-entorn.com\\\/fr\\\/\",\"logo\":{\"@type\":\"ImageObject\",\"inLanguage\":\"fr-FR\",\"@id\":\"https:\\\/\\\/alter-entorn.com\\\/fr\\\/#\\\/schema\\\/logo\\\/image\\\/\",\"url\":\"https:\\\/\\\/alter-entorn.com\\\/wp-content\\\/uploads\\\/2018\\\/10\\\/logo_alter_entorn-sin-texto-1.png\",\"contentUrl\":\"https:\\\/\\\/alter-entorn.com\\\/wp-content\\\/uploads\\\/2018\\\/10\\\/logo_alter_entorn-sin-texto-1.png\",\"width\":246,\"height\":68,\"caption\":\"alter-entorn\"},\"image\":{\"@id\":\"https:\\\/\\\/alter-entorn.com\\\/fr\\\/#\\\/schema\\\/logo\\\/image\\\/\"},\"sameAs\":[\"https:\\\/\\\/www.facebook.com\\\/alterentorn\\\/\",\"https:\\\/\\\/x.com\\\/alterentorn\"]}]}<\/script>\n<!-- \/ Yoast SEO plugin. -->","yoast_head_json":{"title":"composter - alter-entorn","description":"Nous avons deux solutions pour composter les d\u00e9chets organiques de notre foyer : le compost en tas ou composteur (a\u00e9robique) et le compost en seau bokashi (ana\u00e9robique)","robots":{"index":"index","follow":"follow","max-snippet":"max-snippet:-1","max-image-preview":"max-image-preview:large","max-video-preview":"max-video-preview:-1"},"canonical":"https:\/\/alter-entorn.com\/fr\/composter\/","og_locale":"fr_FR","og_type":"article","og_title":"composter - alter-entorn","og_description":"Nous avons deux solutions pour composter les d\u00e9chets organiques de notre foyer : le compost en tas ou composteur (a\u00e9robique) et le compost en seau bokashi (ana\u00e9robique)","og_url":"https:\/\/alter-entorn.com\/fr\/composter\/","og_site_name":"alter-entorn","article_publisher":"https:\/\/www.facebook.com\/alterentorn\/","article_modified_time":"2025-09-08T19:27:50+00:00","twitter_card":"summary_large_image","twitter_site":"@alterentorn","twitter_misc":{"Dur\u00e9e de lecture estim\u00e9e":"1 minute"},"schema":{"@context":"https:\/\/schema.org","@graph":[{"@type":"WebPage","@id":"https:\/\/alter-entorn.com\/fr\/composter\/","url":"https:\/\/alter-entorn.com\/fr\/composter\/","name":"composter - alter-entorn","isPartOf":{"@id":"https:\/\/alter-entorn.com\/fr\/#website"},"datePublished":"2025-09-08T18:29:29+00:00","dateModified":"2025-09-08T19:27:50+00:00","description":"Nous avons deux solutions pour composter les d\u00e9chets organiques de notre foyer : le compost en tas ou composteur (a\u00e9robique) et le compost en seau bokashi (ana\u00e9robique)","breadcrumb":{"@id":"https:\/\/alter-entorn.com\/fr\/composter\/#breadcrumb"},"inLanguage":"fr-FR","potentialAction":[{"@type":"ReadAction","target":["https:\/\/alter-entorn.com\/fr\/composter\/"]}]},{"@type":"BreadcrumbList","@id":"https:\/\/alter-entorn.com\/fr\/composter\/#breadcrumb","itemListElement":[{"@type":"ListItem","position":1,"name":"Portada","item":"https:\/\/alter-entorn.com\/fr\/"},{"@type":"ListItem","position":2,"name":"composter"}]},{"@type":"WebSite","@id":"https:\/\/alter-entorn.com\/fr\/#website","url":"https:\/\/alter-entorn.com\/fr\/","name":"alter-entorn","description":"Soluciones Microbiol\u00f3gicas probi\u00f3ticos","publisher":{"@id":"https:\/\/alter-entorn.com\/fr\/#organization"},"potentialAction":[{"@type":"SearchAction","target":{"@type":"EntryPoint","urlTemplate":"https:\/\/alter-entorn.com\/fr\/?s={search_term_string}"},"query-input":{"@type":"PropertyValueSpecification","valueRequired":true,"valueName":"search_term_string"}}],"inLanguage":"fr-FR"},{"@type":"Organization","@id":"https:\/\/alter-entorn.com\/fr\/#organization","name":"alter-entorn","url":"https:\/\/alter-entorn.com\/fr\/","logo":{"@type":"ImageObject","inLanguage":"fr-FR","@id":"https:\/\/alter-entorn.com\/fr\/#\/schema\/logo\/image\/","url":"https:\/\/alter-entorn.com\/wp-content\/uploads\/2018\/10\/logo_alter_entorn-sin-texto-1.png","contentUrl":"https:\/\/alter-entorn.com\/wp-content\/uploads\/2018\/10\/logo_alter_entorn-sin-texto-1.png","width":246,"height":68,"caption":"alter-entorn"},"image":{"@id":"https:\/\/alter-entorn.com\/fr\/#\/schema\/logo\/image\/"},"sameAs":["https:\/\/www.facebook.com\/alterentorn\/","https:\/\/x.com\/alterentorn"]}]}},"_links":{"self":[{"href":"https:\/\/alter-entorn.com\/fr\/wp-json\/wp\/v2\/pages\/10558","targetHints":{"allow":["GET"]}}],"collection":[{"href":"https:\/\/alter-entorn.com\/fr\/wp-json\/wp\/v2\/pages"}],"about":[{"href":"https:\/\/alter-entorn.com\/fr\/wp-json\/wp\/v2\/types\/page"}],"author":[{"embeddable":true,"href":"https:\/\/alter-entorn.com\/fr\/wp-json\/wp\/v2\/users\/312"}],"replies":[{"embeddable":true,"href":"https:\/\/alter-entorn.com\/fr\/wp-json\/wp\/v2\/comments?post=10558"}],"version-history":[{"count":7,"href":"https:\/\/alter-entorn.com\/fr\/wp-json\/wp\/v2\/pages\/10558\/revisions"}],"predecessor-version":[{"id":10633,"href":"https:\/\/alter-entorn.com\/fr\/wp-json\/wp\/v2\/pages\/10558\/revisions\/10633"}],"wp:attachment":[{"href":"https:\/\/alter-entorn.com\/fr\/wp-json\/wp\/v2\/media?parent=10558"}],"curies":[{"name":"wp","href":"https:\/\/api.w.org\/{rel}","templated":true}]}}