{"id":10570,"date":"2025-09-08T20:45:46","date_gmt":"2025-09-08T18:45:46","guid":{"rendered":"https:\/\/alter-entorn.com\/compost-pour-le-potager-et-compost-pour-le-jardin\/"},"modified":"2025-09-08T21:36:29","modified_gmt":"2025-09-08T19:36:29","slug":"compost-pour-le-potager-et-compost-pour-le-jardin","status":"publish","type":"page","link":"https:\/\/alter-entorn.com\/fr\/compost-pour-le-potager-et-compost-pour-le-jardin\/","title":{"rendered":"Compost pour le potager et compost pour le jardin"},"content":{"rendered":"<div class=\"wpb-content-wrapper\"><p>[vc_row][vc_column][vc_single_image image=\u00a0\u00bb10473&Prime; img_size=\u00a0\u00bbfull\u00a0\u00bb alignment=\u00a0\u00bbcenter\u00a0\u00bb css=\u00a0\u00bb\u00a0\u00bb][\/vc_column][\/vc_row][vc_row][vc_column][vc_column_text css=\u00a0\u00bb\u00a0\u00bb]<\/p>\n<p class=\"p1\"><span class=\"s1\"><strong>Pour obtenir un potager et un jardin sains et exempts de produits chimiques nocifs<\/strong>, les <b>micro-organismes<\/b> sont nos grands alli\u00e9s, avec la <b>mati\u00e8re organique<\/b> et les <b>min\u00e9raux<\/b>. Cet ensemble est connu comme les <strong>3M, la base de <a href=\"https:\/\/es.wikipedia.org\/wiki\/Agricultura_regenerativa\" target=\"_blank\" rel=\"noopener\">l\u2019agriculture r\u00e9g\u00e9n\u00e9rative<\/a><\/strong>. Pour que tout fonctionne, il faut ajouter une quatri\u00e8me : les <b>Mains.<\/b><\/span><\/p>\n<p>&nbsp;<\/p>\n<p class=\"p1\"><span class=\"s1\"><a href=\"https:\/\/shawellness.com\/shamagazine\/es\/grounding-el-arte-de-caminar-con-los-pies-puestos-en-la-tierra\/\" target=\"_blank\" rel=\"noopener\"><strong>Marcher pieds nus sur la terre, ou \u00ab\u00a0grounding\u00a0\u00bb<\/strong><\/a>, comme on l\u2019appelle dans certaines cultures, <strong>a des effets positifs sur la sant\u00e9 mentale.<\/strong> Il a \u00e9t\u00e9 d\u00e9montr\u00e9 que cela r\u00e9duit le stress, l\u2019anxi\u00e9t\u00e9 et am\u00e9liore la qualit\u00e9 du sommeil. Cette pratique, qui implique un contact direct avec la terre, peut aider \u00e0 \u00e9quilibrer le syst\u00e8me nerveux et \u00e0 r\u00e9guler le rythme circadien. Observer une plante pousser nous rappelle que tout a un rythme \u2014 tout, m\u00eame nous-m\u00eames.<\/span><\/p>\n<p>&nbsp;<\/p>\n<h2 class=\"p1\"><a href=\"https:\/\/alter-entorn.com\/fr\/?s=compost&amp;post_type=product&amp;lang=fr\" target=\"_blank\" rel=\"noopener\"><b>Compost pour le potager<\/b><\/a><\/h2>\n<p>&nbsp;<\/p>\n<p class=\"p2\">Le compost est un outil essentiel pour maintenir un potager sain, productif et sans produits chimiques. Avec <strong>des solutions naturelles comme <a href=\"https:\/\/alter-entorn.com\/fr\/producto\/elgan\/\">Elgan\u00ae<\/a><\/strong><span class=\"s1\"> et le <\/span><b><i>son de bokashi,<\/i><\/b> <strong>transformer vos d\u00e9chets organiques en engrais fertile<\/strong> n\u2019a jamais \u00e9t\u00e9 aussi facile. Gr\u00e2ce \u00e0 l\u2019action des micro-organismes b\u00e9n\u00e9fiques, vous pourrez <b>am\u00e9liorer la structure du sol<\/b>, augmenter la r\u00e9tention de nutriments et stimuler le d\u00e9veloppement racinaire de vos cultures.<\/p>\n<p>&nbsp;<\/p>\n<p class=\"p2\">De plus, avec l\u2019utilisation de <b>seaux pour faire du <a href=\"https:\/\/es.wikipedia.org\/wiki\/Bokashi\" target=\"_blank\" rel=\"noopener\">compost de type Bokashi<\/a><\/b>, <strong>vous pouvez valoriser les restes de cuisine<\/strong> m\u00eame dans des espaces r\u00e9duits, sans mauvaises odeurs ni insectes. C\u2019est une option id\u00e9ale aussi bien pour les potagers urbains que pour les parcelles rurales recherchant <b>une production \u00e9cologique et durable<\/b>. Commencez d\u00e8s aujourd\u2019hui et faites partie du changement r\u00e9g\u00e9n\u00e9ratif dont la terre a besoin.<\/p>\n<p>&nbsp;<\/p>\n<h2 class=\"p1\"><a href=\"https:\/\/alter-entorn.com\/fr\/?s=compost&amp;post_type=product&amp;lang=fr\" target=\"_blank\" rel=\"noopener\"><b>Compost pour le jardin<\/b><\/a><\/h2>\n<p>&nbsp;<\/p>\n<p class=\"p2\">Si vous avez un jardin, <strong>le compost peut devenir votre meilleur alli\u00e9 pour nourrir le sol<\/strong>, revitaliser les plantes et r\u00e9duire la quantit\u00e9 de d\u00e9chets produits \u00e0 la maison. Des produits comme <strong><a href=\"https:\/\/alter-entorn.com\/fr\/producto\/elgan\/\">Elgan\u00ae<\/a><\/strong>, un liquide p<span class=\"s1\">robiotique qui acc\u00e9l\u00e8re la d\u00e9composition organique et <\/span>\u00e9limine les mauvaises odeurs, <span class=\"s2\">et le <\/span><span class=\"s3\"><b>Compost ECO 3M<\/b><\/span><span class=\"s2\">, riche en microvie autochtone<\/span><span class=\"s1\">, est un compost pr\u00eat \u00e0 l\u2019emploi.<\/span> Il vous permet d\u2019obtenir un <b>compost de haute qualit\u00e9 sans effort<\/b>.<\/p>\n<p>&nbsp;<\/p>\n<p class=\"p2\">Ce type d\u2019engrais naturel <b>am\u00e9liore la floraison, renforce les arbustes et arbres ornementaux, et r\u00e9duit l\u2019utilisation d\u2019engrais chimiques<\/b>. De plus, l\u2019utilisation de syst\u00e8mes comme le seau de compost avec drainage des lixiviats permet une gestion propre et efficace m\u00eame dans les petits jardins. Prenez soin de vos plantes depuis la racine avec des solutions qui respectent la nature.<\/p>\n<p>Article \u2013 <a href=\"https:\/\/alter-entorn.com\/tiempo-de-huerta-microorganismos\/\" target=\"_blank\" rel=\"noopener\">Temps de potager et micro-organismes<\/a>[\/vc_column_text][\/vc_column][\/vc_row]<\/p>\n<\/div>","protected":false},"excerpt":{"rendered":"<p>[vc_row][vc_column][vc_single_image image=\u00a0\u00bb10473&Prime; img_size=\u00a0\u00bbfull\u00a0\u00bb alignment=\u00a0\u00bbcenter\u00a0\u00bb css=\u00a0\u00bb\u00a0\u00bb][\/vc_column][\/vc_row][vc_row][vc_column][vc_column_text css=\u00a0\u00bb\u00a0\u00bb] Pour obtenir un potager et un jardin sains et exempts de produits chimiques nocifs, les micro-organismes sont nos grands alli\u00e9s, avec la mati\u00e8re organique et les min\u00e9raux. Cet ensemble est connu comme les 3M, la base de l\u2019agriculture r\u00e9g\u00e9n\u00e9rative. Pour que tout fonctionne, il faut ajouter une quatri\u00e8me : [&hellip;]<\/p>\n","protected":false},"author":312,"featured_media":0,"parent":0,"menu_order":0,"comment_status":"closed","ping_status":"closed","template":"","meta":{"_joinchat":[],"footnotes":""},"class_list":["post-10570","page","type-page","status-publish","hentry"],"yoast_head":"<!-- This site is optimized with the Yoast SEO plugin v27.4 - https:\/\/yoast.com\/product\/yoast-seo-wordpress\/ -->\n<title>Compost pour le potager et compost pour le jardin - alter-entorn<\/title>\n<meta name=\"description\" content=\"Compost pour le potager et compost pour le jardin : le compost est un outil essentiel pour maintenir un potager sain, productif\u2026\" \/>\n<meta name=\"robots\" content=\"index, follow, max-snippet:-1, max-image-preview:large, max-video-preview:-1\" \/>\n<link rel=\"canonical\" href=\"https:\/\/alter-entorn.com\/fr\/compost-pour-le-potager-et-compost-pour-le-jardin\/\" \/>\n<meta property=\"og:locale\" content=\"fr_FR\" \/>\n<meta property=\"og:type\" content=\"article\" \/>\n<meta property=\"og:title\" content=\"Compost pour le potager et compost pour le jardin - alter-entorn\" \/>\n<meta property=\"og:description\" content=\"Compost pour le potager et compost pour le jardin : le compost est un outil essentiel pour maintenir un potager sain, productif\u2026\" \/>\n<meta property=\"og:url\" content=\"https:\/\/alter-entorn.com\/fr\/compost-pour-le-potager-et-compost-pour-le-jardin\/\" \/>\n<meta property=\"og:site_name\" content=\"alter-entorn\" \/>\n<meta property=\"article:publisher\" content=\"https:\/\/www.facebook.com\/alterentorn\/\" \/>\n<meta property=\"article:modified_time\" content=\"2025-09-08T19:36:29+00:00\" \/>\n<meta name=\"twitter:card\" content=\"summary_large_image\" \/>\n<meta name=\"twitter:site\" content=\"@alterentorn\" \/>\n<meta name=\"twitter:label1\" content=\"Dur\u00e9e de lecture estim\u00e9e\" \/>\n\t<meta name=\"twitter:data1\" content=\"2 minutes\" \/>\n<script type=\"application\/ld+json\" class=\"yoast-schema-graph\">{\"@context\":\"https:\\\/\\\/schema.org\",\"@graph\":[{\"@type\":\"WebPage\",\"@id\":\"https:\\\/\\\/alter-entorn.com\\\/fr\\\/compost-pour-le-potager-et-compost-pour-le-jardin\\\/\",\"url\":\"https:\\\/\\\/alter-entorn.com\\\/fr\\\/compost-pour-le-potager-et-compost-pour-le-jardin\\\/\",\"name\":\"Compost pour le potager et compost pour le jardin - alter-entorn\",\"isPartOf\":{\"@id\":\"https:\\\/\\\/alter-entorn.com\\\/fr\\\/#website\"},\"datePublished\":\"2025-09-08T18:45:46+00:00\",\"dateModified\":\"2025-09-08T19:36:29+00:00\",\"description\":\"Compost pour le potager et compost pour le jardin : le compost est un outil essentiel pour maintenir un potager sain, productif\u2026\",\"breadcrumb\":{\"@id\":\"https:\\\/\\\/alter-entorn.com\\\/fr\\\/compost-pour-le-potager-et-compost-pour-le-jardin\\\/#breadcrumb\"},\"inLanguage\":\"fr-FR\",\"potentialAction\":[{\"@type\":\"ReadAction\",\"target\":[\"https:\\\/\\\/alter-entorn.com\\\/fr\\\/compost-pour-le-potager-et-compost-pour-le-jardin\\\/\"]}]},{\"@type\":\"BreadcrumbList\",\"@id\":\"https:\\\/\\\/alter-entorn.com\\\/fr\\\/compost-pour-le-potager-et-compost-pour-le-jardin\\\/#breadcrumb\",\"itemListElement\":[{\"@type\":\"ListItem\",\"position\":1,\"name\":\"Portada\",\"item\":\"https:\\\/\\\/alter-entorn.com\\\/fr\\\/\"},{\"@type\":\"ListItem\",\"position\":2,\"name\":\"Compost pour le potager et compost pour le jardin\"}]},{\"@type\":\"WebSite\",\"@id\":\"https:\\\/\\\/alter-entorn.com\\\/fr\\\/#website\",\"url\":\"https:\\\/\\\/alter-entorn.com\\\/fr\\\/\",\"name\":\"alter-entorn\",\"description\":\"Soluciones Microbiol\u00f3gicas probi\u00f3ticos\",\"publisher\":{\"@id\":\"https:\\\/\\\/alter-entorn.com\\\/fr\\\/#organization\"},\"potentialAction\":[{\"@type\":\"SearchAction\",\"target\":{\"@type\":\"EntryPoint\",\"urlTemplate\":\"https:\\\/\\\/alter-entorn.com\\\/fr\\\/?s={search_term_string}\"},\"query-input\":{\"@type\":\"PropertyValueSpecification\",\"valueRequired\":true,\"valueName\":\"search_term_string\"}}],\"inLanguage\":\"fr-FR\"},{\"@type\":\"Organization\",\"@id\":\"https:\\\/\\\/alter-entorn.com\\\/fr\\\/#organization\",\"name\":\"alter-entorn\",\"url\":\"https:\\\/\\\/alter-entorn.com\\\/fr\\\/\",\"logo\":{\"@type\":\"ImageObject\",\"inLanguage\":\"fr-FR\",\"@id\":\"https:\\\/\\\/alter-entorn.com\\\/fr\\\/#\\\/schema\\\/logo\\\/image\\\/\",\"url\":\"https:\\\/\\\/alter-entorn.com\\\/wp-content\\\/uploads\\\/2018\\\/10\\\/logo_alter_entorn-sin-texto-1.png\",\"contentUrl\":\"https:\\\/\\\/alter-entorn.com\\\/wp-content\\\/uploads\\\/2018\\\/10\\\/logo_alter_entorn-sin-texto-1.png\",\"width\":246,\"height\":68,\"caption\":\"alter-entorn\"},\"image\":{\"@id\":\"https:\\\/\\\/alter-entorn.com\\\/fr\\\/#\\\/schema\\\/logo\\\/image\\\/\"},\"sameAs\":[\"https:\\\/\\\/www.facebook.com\\\/alterentorn\\\/\",\"https:\\\/\\\/x.com\\\/alterentorn\"]}]}<\/script>\n<!-- \/ Yoast SEO plugin. -->","yoast_head_json":{"title":"Compost pour le potager et compost pour le jardin - alter-entorn","description":"Compost pour le potager et compost pour le jardin : le compost est un outil essentiel pour maintenir un potager sain, productif\u2026","robots":{"index":"index","follow":"follow","max-snippet":"max-snippet:-1","max-image-preview":"max-image-preview:large","max-video-preview":"max-video-preview:-1"},"canonical":"https:\/\/alter-entorn.com\/fr\/compost-pour-le-potager-et-compost-pour-le-jardin\/","og_locale":"fr_FR","og_type":"article","og_title":"Compost pour le potager et compost pour le jardin - alter-entorn","og_description":"Compost pour le potager et compost pour le jardin : le compost est un outil essentiel pour maintenir un potager sain, productif\u2026","og_url":"https:\/\/alter-entorn.com\/fr\/compost-pour-le-potager-et-compost-pour-le-jardin\/","og_site_name":"alter-entorn","article_publisher":"https:\/\/www.facebook.com\/alterentorn\/","article_modified_time":"2025-09-08T19:36:29+00:00","twitter_card":"summary_large_image","twitter_site":"@alterentorn","twitter_misc":{"Dur\u00e9e de lecture estim\u00e9e":"2 minutes"},"schema":{"@context":"https:\/\/schema.org","@graph":[{"@type":"WebPage","@id":"https:\/\/alter-entorn.com\/fr\/compost-pour-le-potager-et-compost-pour-le-jardin\/","url":"https:\/\/alter-entorn.com\/fr\/compost-pour-le-potager-et-compost-pour-le-jardin\/","name":"Compost pour le potager et compost pour le jardin - alter-entorn","isPartOf":{"@id":"https:\/\/alter-entorn.com\/fr\/#website"},"datePublished":"2025-09-08T18:45:46+00:00","dateModified":"2025-09-08T19:36:29+00:00","description":"Compost pour le potager et compost pour le jardin : le compost est un outil essentiel pour maintenir un potager sain, productif\u2026","breadcrumb":{"@id":"https:\/\/alter-entorn.com\/fr\/compost-pour-le-potager-et-compost-pour-le-jardin\/#breadcrumb"},"inLanguage":"fr-FR","potentialAction":[{"@type":"ReadAction","target":["https:\/\/alter-entorn.com\/fr\/compost-pour-le-potager-et-compost-pour-le-jardin\/"]}]},{"@type":"BreadcrumbList","@id":"https:\/\/alter-entorn.com\/fr\/compost-pour-le-potager-et-compost-pour-le-jardin\/#breadcrumb","itemListElement":[{"@type":"ListItem","position":1,"name":"Portada","item":"https:\/\/alter-entorn.com\/fr\/"},{"@type":"ListItem","position":2,"name":"Compost pour le potager et compost pour le jardin"}]},{"@type":"WebSite","@id":"https:\/\/alter-entorn.com\/fr\/#website","url":"https:\/\/alter-entorn.com\/fr\/","name":"alter-entorn","description":"Soluciones Microbiol\u00f3gicas probi\u00f3ticos","publisher":{"@id":"https:\/\/alter-entorn.com\/fr\/#organization"},"potentialAction":[{"@type":"SearchAction","target":{"@type":"EntryPoint","urlTemplate":"https:\/\/alter-entorn.com\/fr\/?s={search_term_string}"},"query-input":{"@type":"PropertyValueSpecification","valueRequired":true,"valueName":"search_term_string"}}],"inLanguage":"fr-FR"},{"@type":"Organization","@id":"https:\/\/alter-entorn.com\/fr\/#organization","name":"alter-entorn","url":"https:\/\/alter-entorn.com\/fr\/","logo":{"@type":"ImageObject","inLanguage":"fr-FR","@id":"https:\/\/alter-entorn.com\/fr\/#\/schema\/logo\/image\/","url":"https:\/\/alter-entorn.com\/wp-content\/uploads\/2018\/10\/logo_alter_entorn-sin-texto-1.png","contentUrl":"https:\/\/alter-entorn.com\/wp-content\/uploads\/2018\/10\/logo_alter_entorn-sin-texto-1.png","width":246,"height":68,"caption":"alter-entorn"},"image":{"@id":"https:\/\/alter-entorn.com\/fr\/#\/schema\/logo\/image\/"},"sameAs":["https:\/\/www.facebook.com\/alterentorn\/","https:\/\/x.com\/alterentorn"]}]}},"_links":{"self":[{"href":"https:\/\/alter-entorn.com\/fr\/wp-json\/wp\/v2\/pages\/10570","targetHints":{"allow":["GET"]}}],"collection":[{"href":"https:\/\/alter-entorn.com\/fr\/wp-json\/wp\/v2\/pages"}],"about":[{"href":"https:\/\/alter-entorn.com\/fr\/wp-json\/wp\/v2\/types\/page"}],"author":[{"embeddable":true,"href":"https:\/\/alter-entorn.com\/fr\/wp-json\/wp\/v2\/users\/312"}],"replies":[{"embeddable":true,"href":"https:\/\/alter-entorn.com\/fr\/wp-json\/wp\/v2\/comments?post=10570"}],"version-history":[{"count":7,"href":"https:\/\/alter-entorn.com\/fr\/wp-json\/wp\/v2\/pages\/10570\/revisions"}],"predecessor-version":[{"id":10645,"href":"https:\/\/alter-entorn.com\/fr\/wp-json\/wp\/v2\/pages\/10570\/revisions\/10645"}],"wp:attachment":[{"href":"https:\/\/alter-entorn.com\/fr\/wp-json\/wp\/v2\/media?parent=10570"}],"curies":[{"name":"wp","href":"https:\/\/api.w.org\/{rel}","templated":true}]}}