{"id":10594,"date":"2025-09-08T21:07:41","date_gmt":"2025-09-08T19:07:41","guid":{"rendered":"https:\/\/alter-entorn.com\/produits-de-nettoyage-naturels\/"},"modified":"2025-09-08T21:07:41","modified_gmt":"2025-09-08T19:07:41","slug":"produits-de-nettoyage-naturels","status":"publish","type":"page","link":"https:\/\/alter-entorn.com\/fr\/produits-de-nettoyage-naturels\/","title":{"rendered":"Produits de nettoyage naturels"},"content":{"rendered":"<div class=\"wpb-content-wrapper\"><p>[vc_row][vc_column][vc_single_image image=\u00a0\u00bb10512&Prime; img_size=\u00a0\u00bbfull\u00a0\u00bb alignment=\u00a0\u00bbcenter\u00a0\u00bb css=\u00a0\u00bb\u00a0\u00bb][\/vc_column][\/vc_row][vc_row][vc_column][vc_column_text css=\u00a0\u00bb\u00a0\u00bb]<\/p>\n<p class=\"p1\"><strong>Les <a href=\"https:\/\/alter-entorn.com\/fr\/categoria-producto\/nettoyage-menager\/\" target=\"_blank\" rel=\"noopener\">produits de nettoyage naturels<\/a> sont la meilleure option pour garder votre maison propre, saine et exempte de substances toxiques.<\/strong> Chez <em>Alter-Entorn<\/em>, nous misons sur un nettoyage efficace et durable, bas\u00e9 sur l&rsquo;utilisation de <strong>micro-organismes b\u00e9n\u00e9fiques qui d\u00e9composent naturellement la salet\u00e9<\/strong>, sans nuire \u00e0 votre sant\u00e9 ni \u00e0 l&rsquo;environnement.<\/p>\n<p class=\"p1\">Notre gamme comprend des <b>nettoyants multi-usages<\/b>, des <b>d\u00e9graissants \u00e9cologiques<\/b> et des solutions pour l\u2019air et les surfaces, tous <strong>\u00e9labor\u00e9s avec des ingr\u00e9dients biod\u00e9gradables et sans produits chimiques agressifs<\/strong> comme l\u2019eau de Javel, l\u2019ammoniaque ou les parfums synth\u00e9tiques. Gr\u00e2ce \u00e0 leur formule probiotique, ces produits ne se contentent pas de nettoyer : ils <strong>restaurent l&rsquo;\u00e9quilibre microbien de votre environnement<\/strong>, \u00e9liminant les mauvaises odeurs et cr\u00e9ant des espaces plus sains.<\/p>\n<p class=\"p1\"><strong>Id\u00e9al pour les personnes \u00e0 la peau sensible, les foyers avec enfants ou animaux<\/strong>, ou simplement pour ceux qui recherchent une <b>alternative consciente et respectueuse<\/b>, nos produits de nettoyage naturels prennent soin de vous et de la plan\u00e8te. Optez pour un nettoyage authentique, vivant et r\u00e9g\u00e9n\u00e9ratif.<\/p>\n<p>&nbsp;<\/p>\n<h2 class=\"p3\"><span class=\"s1\"><b>PROBIOTIQUES DE NETTOYAGE<\/b><\/span><\/h2>\n<p class=\"p3\"><strong><span class=\"s2\">Ce sont des nettoyants \u00e0 base de micro-organismes b\u00e9n\u00e9fiques, d&rsquo;enzymes et d&rsquo;huiles essentielles, qui d\u00e9gradent naturellement la salet\u00e9 (graisses, cellulose, calcaire&#8230;)<\/span><\/strong><\/p>\n<p class=\"p3\"><span class=\"s1\">Ces produits fonctionnent en colonisant les surfaces et en entrant en comp\u00e9tition avec les bact\u00e9ries et champignons pathog\u00e8nes, contribuant ainsi \u00e0 \u00e9liminer la salet\u00e9, les odeurs et \u00e0 cr\u00e9er un environnement plus hygi\u00e9nique.<\/span><\/p>\n<p class=\"p5\">Avantages du nettoyage avec des <a href=\"https:\/\/alter-entorn.com\/fr\/producto\/le-probiotique-textile\/\" target=\"_blank\" rel=\"noopener\">probiotiques de nettoyage<\/a> :<\/p>\n<p class=\"p6\"><span class=\"s1\"><span class=\"Apple-converted-space\">\u00a0<\/span><\/span><\/p>\n<ul class=\"ul1\">\n<li class=\"li7\">\n<h3><b>Nettoyage plus efficace :<\/b><\/h3>\n<\/li>\n<\/ul>\n<p><\/p>\n<p class=\"p8\"><span class=\"s4\">Les probiotiques peuvent \u00e9liminer la salet\u00e9, les odeurs et les bact\u00e9ries m\u00eame entre les nettoyages.<\/span><\/p>\n<ul class=\"ul1\">\n<li class=\"li7\">\n<h3><b>Hygi\u00e8ne accrue :<\/b><\/h3>\n<\/li>\n<\/ul>\n<p><\/p>\n<p class=\"p8\"><span class=\"s4\">La pr\u00e9sence de bact\u00e9ries b\u00e9n\u00e9fiques aide \u00e0 maintenir des surfaces plus hygi\u00e9niques et \u00e0 r\u00e9duire la croissance des agents pathog\u00e8nes.<\/span><\/p>\n<ul class=\"ul1\">\n<li class=\"li7\">\n<h3><b>Alternative naturelle :<\/b><\/h3>\n<\/li>\n<\/ul>\n<p><\/p>\n<p class=\"p8\"><span class=\"s4\">Les nettoyants probiotiques sont une alternative naturelle aux produits de nettoyage conventionnels. Ils sont sains, ne polluent ni l\u2019eau ni l\u2019environnement. L\u2019eau us\u00e9e peut \u00eatre utilis\u00e9e pour arroser et renforcer les plantes ou pour garder les canalisations propres et sans mauvaises odeurs.<\/span><\/p>\n<ul class=\"ul1\">\n<li class=\"li7\">\n<h3><b>\u00c9limination des odeurs :<\/b><\/h3>\n<\/li>\n<\/ul>\n<p><\/p>\n<p class=\"p9\"><span class=\"s4\">Les probiotiques neutralisent les odeurs au lieu de simplement les masquer.<\/span><\/p>\n<p>\n[\/vc_column_text][\/vc_column][\/vc_row]<\/p>\n<\/div>","protected":false},"excerpt":{"rendered":"<p>[vc_row][vc_column][vc_single_image image=\u00a0\u00bb10512&Prime; img_size=\u00a0\u00bbfull\u00a0\u00bb alignment=\u00a0\u00bbcenter\u00a0\u00bb css=\u00a0\u00bb\u00a0\u00bb][\/vc_column][\/vc_row][vc_row][vc_column][vc_column_text css=\u00a0\u00bb\u00a0\u00bb] Les produits de nettoyage naturels sont la meilleure option pour garder votre maison propre, saine et exempte de substances toxiques. Chez Alter-Entorn, nous misons sur un nettoyage efficace et durable, bas\u00e9 sur l&rsquo;utilisation de micro-organismes b\u00e9n\u00e9fiques qui d\u00e9composent naturellement la salet\u00e9, sans nuire \u00e0 votre sant\u00e9 ni \u00e0 l&rsquo;environnement. [&hellip;]<\/p>\n","protected":false},"author":312,"featured_media":0,"parent":0,"menu_order":0,"comment_status":"closed","ping_status":"closed","template":"","meta":{"_joinchat":[],"footnotes":""},"class_list":["post-10594","page","type-page","status-publish","hentry"],"yoast_head":"<!-- This site is optimized with the Yoast SEO plugin v27.4 - https:\/\/yoast.com\/product\/yoast-seo-wordpress\/ -->\n<title>Produits de nettoyage naturels - alter-entorn<\/title>\n<meta name=\"description\" content=\"Les produits de nettoyage naturels sont la meilleure option pour garder votre maison propre, saine et exempte de substances toxiques.\" \/>\n<meta name=\"robots\" content=\"index, follow, max-snippet:-1, max-image-preview:large, max-video-preview:-1\" \/>\n<link rel=\"canonical\" href=\"https:\/\/alter-entorn.com\/fr\/produits-de-nettoyage-naturels\/\" \/>\n<meta property=\"og:locale\" content=\"fr_FR\" \/>\n<meta property=\"og:type\" content=\"article\" \/>\n<meta property=\"og:title\" content=\"Produits de nettoyage naturels - alter-entorn\" \/>\n<meta property=\"og:description\" content=\"Les produits de nettoyage naturels sont la meilleure option pour garder votre maison propre, saine et exempte de substances toxiques.\" \/>\n<meta property=\"og:url\" content=\"https:\/\/alter-entorn.com\/fr\/produits-de-nettoyage-naturels\/\" \/>\n<meta property=\"og:site_name\" content=\"alter-entorn\" \/>\n<meta property=\"article:publisher\" content=\"https:\/\/www.facebook.com\/alterentorn\/\" \/>\n<meta name=\"twitter:card\" content=\"summary_large_image\" \/>\n<meta name=\"twitter:site\" content=\"@alterentorn\" \/>\n<meta name=\"twitter:label1\" content=\"Dur\u00e9e de lecture estim\u00e9e\" \/>\n\t<meta name=\"twitter:data1\" content=\"2 minutes\" \/>\n<script type=\"application\/ld+json\" class=\"yoast-schema-graph\">{\"@context\":\"https:\\\/\\\/schema.org\",\"@graph\":[{\"@type\":\"WebPage\",\"@id\":\"https:\\\/\\\/alter-entorn.com\\\/fr\\\/produits-de-nettoyage-naturels\\\/\",\"url\":\"https:\\\/\\\/alter-entorn.com\\\/fr\\\/produits-de-nettoyage-naturels\\\/\",\"name\":\"Produits de nettoyage naturels - alter-entorn\",\"isPartOf\":{\"@id\":\"https:\\\/\\\/alter-entorn.com\\\/fr\\\/#website\"},\"datePublished\":\"2025-09-08T19:07:41+00:00\",\"description\":\"Les produits de nettoyage naturels sont la meilleure option pour garder votre maison propre, saine et exempte de substances toxiques.\",\"breadcrumb\":{\"@id\":\"https:\\\/\\\/alter-entorn.com\\\/fr\\\/produits-de-nettoyage-naturels\\\/#breadcrumb\"},\"inLanguage\":\"fr-FR\",\"potentialAction\":[{\"@type\":\"ReadAction\",\"target\":[\"https:\\\/\\\/alter-entorn.com\\\/fr\\\/produits-de-nettoyage-naturels\\\/\"]}]},{\"@type\":\"BreadcrumbList\",\"@id\":\"https:\\\/\\\/alter-entorn.com\\\/fr\\\/produits-de-nettoyage-naturels\\\/#breadcrumb\",\"itemListElement\":[{\"@type\":\"ListItem\",\"position\":1,\"name\":\"Portada\",\"item\":\"https:\\\/\\\/alter-entorn.com\\\/fr\\\/\"},{\"@type\":\"ListItem\",\"position\":2,\"name\":\"Produits de nettoyage naturels\"}]},{\"@type\":\"WebSite\",\"@id\":\"https:\\\/\\\/alter-entorn.com\\\/fr\\\/#website\",\"url\":\"https:\\\/\\\/alter-entorn.com\\\/fr\\\/\",\"name\":\"alter-entorn\",\"description\":\"Soluciones Microbiol\u00f3gicas probi\u00f3ticos\",\"publisher\":{\"@id\":\"https:\\\/\\\/alter-entorn.com\\\/fr\\\/#organization\"},\"potentialAction\":[{\"@type\":\"SearchAction\",\"target\":{\"@type\":\"EntryPoint\",\"urlTemplate\":\"https:\\\/\\\/alter-entorn.com\\\/fr\\\/?s={search_term_string}\"},\"query-input\":{\"@type\":\"PropertyValueSpecification\",\"valueRequired\":true,\"valueName\":\"search_term_string\"}}],\"inLanguage\":\"fr-FR\"},{\"@type\":\"Organization\",\"@id\":\"https:\\\/\\\/alter-entorn.com\\\/fr\\\/#organization\",\"name\":\"alter-entorn\",\"url\":\"https:\\\/\\\/alter-entorn.com\\\/fr\\\/\",\"logo\":{\"@type\":\"ImageObject\",\"inLanguage\":\"fr-FR\",\"@id\":\"https:\\\/\\\/alter-entorn.com\\\/fr\\\/#\\\/schema\\\/logo\\\/image\\\/\",\"url\":\"https:\\\/\\\/alter-entorn.com\\\/wp-content\\\/uploads\\\/2018\\\/10\\\/logo_alter_entorn-sin-texto-1.png\",\"contentUrl\":\"https:\\\/\\\/alter-entorn.com\\\/wp-content\\\/uploads\\\/2018\\\/10\\\/logo_alter_entorn-sin-texto-1.png\",\"width\":246,\"height\":68,\"caption\":\"alter-entorn\"},\"image\":{\"@id\":\"https:\\\/\\\/alter-entorn.com\\\/fr\\\/#\\\/schema\\\/logo\\\/image\\\/\"},\"sameAs\":[\"https:\\\/\\\/www.facebook.com\\\/alterentorn\\\/\",\"https:\\\/\\\/x.com\\\/alterentorn\"]}]}<\/script>\n<!-- \/ Yoast SEO plugin. -->","yoast_head_json":{"title":"Produits de nettoyage naturels - alter-entorn","description":"Les produits de nettoyage naturels sont la meilleure option pour garder votre maison propre, saine et exempte de substances toxiques.","robots":{"index":"index","follow":"follow","max-snippet":"max-snippet:-1","max-image-preview":"max-image-preview:large","max-video-preview":"max-video-preview:-1"},"canonical":"https:\/\/alter-entorn.com\/fr\/produits-de-nettoyage-naturels\/","og_locale":"fr_FR","og_type":"article","og_title":"Produits de nettoyage naturels - alter-entorn","og_description":"Les produits de nettoyage naturels sont la meilleure option pour garder votre maison propre, saine et exempte de substances toxiques.","og_url":"https:\/\/alter-entorn.com\/fr\/produits-de-nettoyage-naturels\/","og_site_name":"alter-entorn","article_publisher":"https:\/\/www.facebook.com\/alterentorn\/","twitter_card":"summary_large_image","twitter_site":"@alterentorn","twitter_misc":{"Dur\u00e9e de lecture estim\u00e9e":"2 minutes"},"schema":{"@context":"https:\/\/schema.org","@graph":[{"@type":"WebPage","@id":"https:\/\/alter-entorn.com\/fr\/produits-de-nettoyage-naturels\/","url":"https:\/\/alter-entorn.com\/fr\/produits-de-nettoyage-naturels\/","name":"Produits de nettoyage naturels - alter-entorn","isPartOf":{"@id":"https:\/\/alter-entorn.com\/fr\/#website"},"datePublished":"2025-09-08T19:07:41+00:00","description":"Les produits de nettoyage naturels sont la meilleure option pour garder votre maison propre, saine et exempte de substances toxiques.","breadcrumb":{"@id":"https:\/\/alter-entorn.com\/fr\/produits-de-nettoyage-naturels\/#breadcrumb"},"inLanguage":"fr-FR","potentialAction":[{"@type":"ReadAction","target":["https:\/\/alter-entorn.com\/fr\/produits-de-nettoyage-naturels\/"]}]},{"@type":"BreadcrumbList","@id":"https:\/\/alter-entorn.com\/fr\/produits-de-nettoyage-naturels\/#breadcrumb","itemListElement":[{"@type":"ListItem","position":1,"name":"Portada","item":"https:\/\/alter-entorn.com\/fr\/"},{"@type":"ListItem","position":2,"name":"Produits de nettoyage naturels"}]},{"@type":"WebSite","@id":"https:\/\/alter-entorn.com\/fr\/#website","url":"https:\/\/alter-entorn.com\/fr\/","name":"alter-entorn","description":"Soluciones Microbiol\u00f3gicas probi\u00f3ticos","publisher":{"@id":"https:\/\/alter-entorn.com\/fr\/#organization"},"potentialAction":[{"@type":"SearchAction","target":{"@type":"EntryPoint","urlTemplate":"https:\/\/alter-entorn.com\/fr\/?s={search_term_string}"},"query-input":{"@type":"PropertyValueSpecification","valueRequired":true,"valueName":"search_term_string"}}],"inLanguage":"fr-FR"},{"@type":"Organization","@id":"https:\/\/alter-entorn.com\/fr\/#organization","name":"alter-entorn","url":"https:\/\/alter-entorn.com\/fr\/","logo":{"@type":"ImageObject","inLanguage":"fr-FR","@id":"https:\/\/alter-entorn.com\/fr\/#\/schema\/logo\/image\/","url":"https:\/\/alter-entorn.com\/wp-content\/uploads\/2018\/10\/logo_alter_entorn-sin-texto-1.png","contentUrl":"https:\/\/alter-entorn.com\/wp-content\/uploads\/2018\/10\/logo_alter_entorn-sin-texto-1.png","width":246,"height":68,"caption":"alter-entorn"},"image":{"@id":"https:\/\/alter-entorn.com\/fr\/#\/schema\/logo\/image\/"},"sameAs":["https:\/\/www.facebook.com\/alterentorn\/","https:\/\/x.com\/alterentorn"]}]}},"_links":{"self":[{"href":"https:\/\/alter-entorn.com\/fr\/wp-json\/wp\/v2\/pages\/10594","targetHints":{"allow":["GET"]}}],"collection":[{"href":"https:\/\/alter-entorn.com\/fr\/wp-json\/wp\/v2\/pages"}],"about":[{"href":"https:\/\/alter-entorn.com\/fr\/wp-json\/wp\/v2\/types\/page"}],"author":[{"embeddable":true,"href":"https:\/\/alter-entorn.com\/fr\/wp-json\/wp\/v2\/users\/312"}],"replies":[{"embeddable":true,"href":"https:\/\/alter-entorn.com\/fr\/wp-json\/wp\/v2\/comments?post=10594"}],"version-history":[{"count":3,"href":"https:\/\/alter-entorn.com\/fr\/wp-json\/wp\/v2\/pages\/10594\/revisions"}],"predecessor-version":[{"id":10597,"href":"https:\/\/alter-entorn.com\/fr\/wp-json\/wp\/v2\/pages\/10594\/revisions\/10597"}],"wp:attachment":[{"href":"https:\/\/alter-entorn.com\/fr\/wp-json\/wp\/v2\/media?parent=10594"}],"curies":[{"name":"wp","href":"https:\/\/api.w.org\/{rel}","templated":true}]}}