{"id":10606,"date":"2025-09-08T21:14:48","date_gmt":"2025-09-08T19:14:48","guid":{"rendered":"https:\/\/alter-entorn.com\/complements-alimentaires-pour-animaux-de-compagnie\/"},"modified":"2025-09-08T21:14:49","modified_gmt":"2025-09-08T19:14:49","slug":"complements-alimentaires-pour-animaux-de-compagnie","status":"publish","type":"page","link":"https:\/\/alter-entorn.com\/fr\/complements-alimentaires-pour-animaux-de-compagnie\/","title":{"rendered":"Compl\u00e9ments alimentaires pour animaux de compagnie"},"content":{"rendered":"<div class=\"wpb-content-wrapper\"><p>[vc_row][vc_column][vc_single_image image=\u00a0\u00bb10522&Prime; img_size=\u00a0\u00bbfull\u00a0\u00bb alignment=\u00a0\u00bbcenter\u00a0\u00bb css=\u00a0\u00bb\u00a0\u00bb][\/vc_column][\/vc_row][vc_row][vc_column][vc_column_text css=\u00a0\u00bb\u00a0\u00bb]<\/p>\n<p class=\"p1\"><strong>Les <a href=\"https:\/\/alter-entorn.com\/fr\/categoria-producto\/animaux-domestiques\/\" target=\"_blank\" rel=\"noopener\">compl\u00e9ments alimentaires pour animaux de compagnie<\/a> sont un excellent moyen de renforcer la sant\u00e9 et le bien-\u00eatre de votre chien ou chat de mani\u00e8re naturelle et s\u00fbre<\/strong>. Chez <em>Alter-Entorn<\/em>, nous misons sur des formules \u00e9cologiques \u00e0 base de <b>micro-organismes vivants et d&rsquo;extraits v\u00e9g\u00e9taux<\/b>, qui am\u00e9liorent la digestion, renforcent le syst\u00e8me immunitaire et prennent soin de la peau et du pelage de l\u2019int\u00e9rieur.<\/p>\n<p class=\"p1\"><strong>Nos compl\u00e9ments probiotiques sont sp\u00e9cialement con\u00e7us pour \u00e9quilibrer la flore intestinale de votre animal, en aidant \u00e0 pr\u00e9venir les allergies, les diarrh\u00e9es, la perte de poils et d&rsquo;autres troubles courants.<\/strong> Ce sont des produits <b>sans additifs chimiques ni conservateurs artificiels<\/b>, adapt\u00e9s \u00e0 une utilisation quotidienne et compatibles avec tous types de r\u00e9gimes, m\u00eame les plus sensibles.<\/p>\n<p class=\"p1\">Qu\u2019il s\u2019agisse de renforcer la sant\u00e9 digestive, d\u2019am\u00e9liorer l\u2019absorption des nutriments ou simplement d\u2019apporter un suppl\u00e9ment de vitalit\u00e9 \u00e0 votre compagnon, nos compl\u00e9ments naturels sont le choix id\u00e9al pour un soin conscient, respectueux et durable.<\/p>\n<p class=\"p3\"><span class=\"s2\"><strong>Les animaux de compagnie sont pour nous un membre \u00e0 part enti\u00e8re de la famille.<\/strong> Tout comme ils <a href=\"https:\/\/alter-entorn.com\/beneficios-mascota\/\"><span class=\"s3\">nous apportent de nombreux bienfaits<\/span><\/a><\/span><span class=\"s4\">,<\/span><span class=\"s2\"> nous voulons \u00e9galement en prendre soin du mieux possible. C\u2019est pourquoi il faut savoir que <a href=\"https:\/\/alter-entorn.com\/las-mascotas-pueden-tomar-probioticos\/\"><span class=\"s5\">tout comme les probiotiques nous sont b\u00e9n\u00e9fiques, ils sont \u00e9galement efficaces et tr\u00e8s appropri\u00e9s pour nos animaux de compagnie<\/span><\/a>.<\/span><\/p>\n<p class=\"p3\"><strong><a href=\"https:\/\/alter-entorn.com\/fr\/producto\/fhe-animaux-domestiques\/\" target=\"_blank\" rel=\"noopener\"><em>Cana Mascotas<\/em><\/a> est un compl\u00e9ment nutritionnel sp\u00e9cial pour animaux de compagnie<\/strong> qui b\u00e9n\u00e9ficie \u00e0 leur flore intestinale tout en am\u00e9liorant leur sant\u00e9. Quelques effets de la consommation de <b>Cana Mascotas<\/b> :<\/p>\n<ul class=\"ul1\">\n<li class=\"li3\"><strong>am\u00e9lioration de la digestion<\/strong><\/li>\n<li class=\"li3\"><strong>augmentation de l\u2019assimilation et de l\u2019utilisation des nutriments<\/strong><\/li>\n<li class=\"li3\"><strong>r\u00e9g\u00e9n\u00e9ration de la flore intestinale<\/strong><\/li>\n<li class=\"li3\"><strong>am\u00e9lioration de la peau et du pelage<\/strong><\/li>\n<li class=\"li3\"><strong>r\u00e9duction des odeurs<\/strong><\/li>\n<\/ul>\n<p class=\"p1\"><strong>314 est un cicatrisant et d\u00e9sinfectant pour plaies en spray,<\/strong> totalement naturel. Il acc\u00e9l\u00e8re le processus de gu\u00e9rison et aide \u00e0 une meilleure cicatrisation.<\/p>\n<p class=\"p1\"><strong>Il \u00e9quilibre la flore bact\u00e9rienne de la peau, cicatrise les plaies, r\u00e9duit la pr\u00e9sence de champignons, \u00e9limine les cellules mortes et les infections \u00e9pidermiques.<\/strong> Il favorise la r\u00e9g\u00e9n\u00e9ration cellulaire, acc\u00e9l\u00e9rant la cicatrisation et d\u00e9sinfectant les plaies.<\/p>\n<p class=\"p2\">Nos animaux de compagnie passent beaucoup de temps en contact avec le sol, c\u2019est pourquoi <strong>les nettoyants probiotiques sont fortement recommand\u00e9s pour eux, car ils ne lib\u00e8rent pas de COV, sont totalement inoffensifs et exempts de substances chimiques nocives.<\/strong> Pour le nettoyage quotidien et comme d\u00e9sodorisant, le multi-usages sera l\u2019option la plus judicieuse. Pour la salet\u00e9 tenace et incrust\u00e9e, le d\u00e9tartrant sera le plus efficace.<\/p>\n<p>[\/vc_column_text][\/vc_column][\/vc_row]<\/p>\n<\/div>","protected":false},"excerpt":{"rendered":"<p>[vc_row][vc_column][vc_single_image image=\u00a0\u00bb10522&Prime; img_size=\u00a0\u00bbfull\u00a0\u00bb alignment=\u00a0\u00bbcenter\u00a0\u00bb css=\u00a0\u00bb\u00a0\u00bb][\/vc_column][\/vc_row][vc_row][vc_column][vc_column_text css=\u00a0\u00bb\u00a0\u00bb] Les compl\u00e9ments alimentaires pour animaux de compagnie sont un excellent moyen de renforcer la sant\u00e9 et le bien-\u00eatre de votre chien ou chat de mani\u00e8re naturelle et s\u00fbre. Chez Alter-Entorn, nous misons sur des formules \u00e9cologiques \u00e0 base de micro-organismes vivants et d&rsquo;extraits v\u00e9g\u00e9taux, qui am\u00e9liorent la digestion, renforcent [&hellip;]<\/p>\n","protected":false},"author":312,"featured_media":0,"parent":0,"menu_order":0,"comment_status":"closed","ping_status":"closed","template":"","meta":{"_joinchat":[],"footnotes":""},"class_list":["post-10606","page","type-page","status-publish","hentry"],"yoast_head":"<!-- This site is optimized with the Yoast SEO plugin v27.4 - https:\/\/yoast.com\/product\/yoast-seo-wordpress\/ -->\n<title>Compl\u00e9ments alimentaires pour animaux de compagnie - alter-entorn<\/title>\n<meta name=\"description\" content=\"Les compl\u00e9ments alimentaires pour animaux de compagnie sont un excellent moyen de renforcer la sant\u00e9 et le bien-\u00eatre de votre chien ou chat de mani\u00e8re naturelle et s\u00fbre.\" \/>\n<meta name=\"robots\" content=\"index, follow, max-snippet:-1, max-image-preview:large, max-video-preview:-1\" \/>\n<link rel=\"canonical\" href=\"https:\/\/alter-entorn.com\/fr\/complements-alimentaires-pour-animaux-de-compagnie\/\" \/>\n<meta property=\"og:locale\" content=\"fr_FR\" \/>\n<meta property=\"og:type\" content=\"article\" \/>\n<meta property=\"og:title\" content=\"Compl\u00e9ments alimentaires pour animaux de compagnie - alter-entorn\" \/>\n<meta property=\"og:description\" content=\"Les compl\u00e9ments alimentaires pour animaux de compagnie sont un excellent moyen de renforcer la sant\u00e9 et le bien-\u00eatre de votre chien ou chat de mani\u00e8re naturelle et s\u00fbre.\" \/>\n<meta property=\"og:url\" content=\"https:\/\/alter-entorn.com\/fr\/complements-alimentaires-pour-animaux-de-compagnie\/\" \/>\n<meta property=\"og:site_name\" content=\"alter-entorn\" \/>\n<meta property=\"article:publisher\" content=\"https:\/\/www.facebook.com\/alterentorn\/\" \/>\n<meta property=\"article:modified_time\" content=\"2025-09-08T19:14:49+00:00\" \/>\n<meta name=\"twitter:card\" content=\"summary_large_image\" \/>\n<meta name=\"twitter:site\" content=\"@alterentorn\" \/>\n<meta name=\"twitter:label1\" content=\"Dur\u00e9e de lecture estim\u00e9e\" \/>\n\t<meta name=\"twitter:data1\" content=\"2 minutes\" \/>\n<script type=\"application\/ld+json\" class=\"yoast-schema-graph\">{\"@context\":\"https:\\\/\\\/schema.org\",\"@graph\":[{\"@type\":\"WebPage\",\"@id\":\"https:\\\/\\\/alter-entorn.com\\\/fr\\\/complements-alimentaires-pour-animaux-de-compagnie\\\/\",\"url\":\"https:\\\/\\\/alter-entorn.com\\\/fr\\\/complements-alimentaires-pour-animaux-de-compagnie\\\/\",\"name\":\"Compl\u00e9ments alimentaires pour animaux de compagnie - alter-entorn\",\"isPartOf\":{\"@id\":\"https:\\\/\\\/alter-entorn.com\\\/fr\\\/#website\"},\"datePublished\":\"2025-09-08T19:14:48+00:00\",\"dateModified\":\"2025-09-08T19:14:49+00:00\",\"description\":\"Les compl\u00e9ments alimentaires pour animaux de compagnie sont un excellent moyen de renforcer la sant\u00e9 et le bien-\u00eatre de votre chien ou chat de mani\u00e8re naturelle et s\u00fbre.\",\"breadcrumb\":{\"@id\":\"https:\\\/\\\/alter-entorn.com\\\/fr\\\/complements-alimentaires-pour-animaux-de-compagnie\\\/#breadcrumb\"},\"inLanguage\":\"fr-FR\",\"potentialAction\":[{\"@type\":\"ReadAction\",\"target\":[\"https:\\\/\\\/alter-entorn.com\\\/fr\\\/complements-alimentaires-pour-animaux-de-compagnie\\\/\"]}]},{\"@type\":\"BreadcrumbList\",\"@id\":\"https:\\\/\\\/alter-entorn.com\\\/fr\\\/complements-alimentaires-pour-animaux-de-compagnie\\\/#breadcrumb\",\"itemListElement\":[{\"@type\":\"ListItem\",\"position\":1,\"name\":\"Portada\",\"item\":\"https:\\\/\\\/alter-entorn.com\\\/fr\\\/\"},{\"@type\":\"ListItem\",\"position\":2,\"name\":\"Compl\u00e9ments alimentaires pour animaux de compagnie\"}]},{\"@type\":\"WebSite\",\"@id\":\"https:\\\/\\\/alter-entorn.com\\\/fr\\\/#website\",\"url\":\"https:\\\/\\\/alter-entorn.com\\\/fr\\\/\",\"name\":\"alter-entorn\",\"description\":\"Soluciones Microbiol\u00f3gicas probi\u00f3ticos\",\"publisher\":{\"@id\":\"https:\\\/\\\/alter-entorn.com\\\/fr\\\/#organization\"},\"potentialAction\":[{\"@type\":\"SearchAction\",\"target\":{\"@type\":\"EntryPoint\",\"urlTemplate\":\"https:\\\/\\\/alter-entorn.com\\\/fr\\\/?s={search_term_string}\"},\"query-input\":{\"@type\":\"PropertyValueSpecification\",\"valueRequired\":true,\"valueName\":\"search_term_string\"}}],\"inLanguage\":\"fr-FR\"},{\"@type\":\"Organization\",\"@id\":\"https:\\\/\\\/alter-entorn.com\\\/fr\\\/#organization\",\"name\":\"alter-entorn\",\"url\":\"https:\\\/\\\/alter-entorn.com\\\/fr\\\/\",\"logo\":{\"@type\":\"ImageObject\",\"inLanguage\":\"fr-FR\",\"@id\":\"https:\\\/\\\/alter-entorn.com\\\/fr\\\/#\\\/schema\\\/logo\\\/image\\\/\",\"url\":\"https:\\\/\\\/alter-entorn.com\\\/wp-content\\\/uploads\\\/2018\\\/10\\\/logo_alter_entorn-sin-texto-1.png\",\"contentUrl\":\"https:\\\/\\\/alter-entorn.com\\\/wp-content\\\/uploads\\\/2018\\\/10\\\/logo_alter_entorn-sin-texto-1.png\",\"width\":246,\"height\":68,\"caption\":\"alter-entorn\"},\"image\":{\"@id\":\"https:\\\/\\\/alter-entorn.com\\\/fr\\\/#\\\/schema\\\/logo\\\/image\\\/\"},\"sameAs\":[\"https:\\\/\\\/www.facebook.com\\\/alterentorn\\\/\",\"https:\\\/\\\/x.com\\\/alterentorn\"]}]}<\/script>\n<!-- \/ Yoast SEO plugin. -->","yoast_head_json":{"title":"Compl\u00e9ments alimentaires pour animaux de compagnie - alter-entorn","description":"Les compl\u00e9ments alimentaires pour animaux de compagnie sont un excellent moyen de renforcer la sant\u00e9 et le bien-\u00eatre de votre chien ou chat de mani\u00e8re naturelle et s\u00fbre.","robots":{"index":"index","follow":"follow","max-snippet":"max-snippet:-1","max-image-preview":"max-image-preview:large","max-video-preview":"max-video-preview:-1"},"canonical":"https:\/\/alter-entorn.com\/fr\/complements-alimentaires-pour-animaux-de-compagnie\/","og_locale":"fr_FR","og_type":"article","og_title":"Compl\u00e9ments alimentaires pour animaux de compagnie - alter-entorn","og_description":"Les compl\u00e9ments alimentaires pour animaux de compagnie sont un excellent moyen de renforcer la sant\u00e9 et le bien-\u00eatre de votre chien ou chat de mani\u00e8re naturelle et s\u00fbre.","og_url":"https:\/\/alter-entorn.com\/fr\/complements-alimentaires-pour-animaux-de-compagnie\/","og_site_name":"alter-entorn","article_publisher":"https:\/\/www.facebook.com\/alterentorn\/","article_modified_time":"2025-09-08T19:14:49+00:00","twitter_card":"summary_large_image","twitter_site":"@alterentorn","twitter_misc":{"Dur\u00e9e de lecture estim\u00e9e":"2 minutes"},"schema":{"@context":"https:\/\/schema.org","@graph":[{"@type":"WebPage","@id":"https:\/\/alter-entorn.com\/fr\/complements-alimentaires-pour-animaux-de-compagnie\/","url":"https:\/\/alter-entorn.com\/fr\/complements-alimentaires-pour-animaux-de-compagnie\/","name":"Compl\u00e9ments alimentaires pour animaux de compagnie - alter-entorn","isPartOf":{"@id":"https:\/\/alter-entorn.com\/fr\/#website"},"datePublished":"2025-09-08T19:14:48+00:00","dateModified":"2025-09-08T19:14:49+00:00","description":"Les compl\u00e9ments alimentaires pour animaux de compagnie sont un excellent moyen de renforcer la sant\u00e9 et le bien-\u00eatre de votre chien ou chat de mani\u00e8re naturelle et s\u00fbre.","breadcrumb":{"@id":"https:\/\/alter-entorn.com\/fr\/complements-alimentaires-pour-animaux-de-compagnie\/#breadcrumb"},"inLanguage":"fr-FR","potentialAction":[{"@type":"ReadAction","target":["https:\/\/alter-entorn.com\/fr\/complements-alimentaires-pour-animaux-de-compagnie\/"]}]},{"@type":"BreadcrumbList","@id":"https:\/\/alter-entorn.com\/fr\/complements-alimentaires-pour-animaux-de-compagnie\/#breadcrumb","itemListElement":[{"@type":"ListItem","position":1,"name":"Portada","item":"https:\/\/alter-entorn.com\/fr\/"},{"@type":"ListItem","position":2,"name":"Compl\u00e9ments alimentaires pour animaux de compagnie"}]},{"@type":"WebSite","@id":"https:\/\/alter-entorn.com\/fr\/#website","url":"https:\/\/alter-entorn.com\/fr\/","name":"alter-entorn","description":"Soluciones Microbiol\u00f3gicas probi\u00f3ticos","publisher":{"@id":"https:\/\/alter-entorn.com\/fr\/#organization"},"potentialAction":[{"@type":"SearchAction","target":{"@type":"EntryPoint","urlTemplate":"https:\/\/alter-entorn.com\/fr\/?s={search_term_string}"},"query-input":{"@type":"PropertyValueSpecification","valueRequired":true,"valueName":"search_term_string"}}],"inLanguage":"fr-FR"},{"@type":"Organization","@id":"https:\/\/alter-entorn.com\/fr\/#organization","name":"alter-entorn","url":"https:\/\/alter-entorn.com\/fr\/","logo":{"@type":"ImageObject","inLanguage":"fr-FR","@id":"https:\/\/alter-entorn.com\/fr\/#\/schema\/logo\/image\/","url":"https:\/\/alter-entorn.com\/wp-content\/uploads\/2018\/10\/logo_alter_entorn-sin-texto-1.png","contentUrl":"https:\/\/alter-entorn.com\/wp-content\/uploads\/2018\/10\/logo_alter_entorn-sin-texto-1.png","width":246,"height":68,"caption":"alter-entorn"},"image":{"@id":"https:\/\/alter-entorn.com\/fr\/#\/schema\/logo\/image\/"},"sameAs":["https:\/\/www.facebook.com\/alterentorn\/","https:\/\/x.com\/alterentorn"]}]}},"_links":{"self":[{"href":"https:\/\/alter-entorn.com\/fr\/wp-json\/wp\/v2\/pages\/10606","targetHints":{"allow":["GET"]}}],"collection":[{"href":"https:\/\/alter-entorn.com\/fr\/wp-json\/wp\/v2\/pages"}],"about":[{"href":"https:\/\/alter-entorn.com\/fr\/wp-json\/wp\/v2\/types\/page"}],"author":[{"embeddable":true,"href":"https:\/\/alter-entorn.com\/fr\/wp-json\/wp\/v2\/users\/312"}],"replies":[{"embeddable":true,"href":"https:\/\/alter-entorn.com\/fr\/wp-json\/wp\/v2\/comments?post=10606"}],"version-history":[{"count":3,"href":"https:\/\/alter-entorn.com\/fr\/wp-json\/wp\/v2\/pages\/10606\/revisions"}],"predecessor-version":[{"id":10609,"href":"https:\/\/alter-entorn.com\/fr\/wp-json\/wp\/v2\/pages\/10606\/revisions\/10609"}],"wp:attachment":[{"href":"https:\/\/alter-entorn.com\/fr\/wp-json\/wp\/v2\/media?parent=10606"}],"curies":[{"name":"wp","href":"https:\/\/api.w.org\/{rel}","templated":true}]}}