{"id":10618,"date":"2025-09-08T21:22:29","date_gmt":"2025-09-08T19:22:29","guid":{"rendered":"https:\/\/alter-entorn.com\/complements-naturels\/"},"modified":"2025-09-08T21:51:08","modified_gmt":"2025-09-08T19:51:08","slug":"complements-naturels","status":"publish","type":"page","link":"https:\/\/alter-entorn.com\/fr\/complements-naturels\/","title":{"rendered":"Compl\u00e9ments naturels"},"content":{"rendered":"<div class=\"wpb-content-wrapper\"><p>[vc_row][vc_column][vc_single_image image=\u00a0\u00bb10489&Prime; img_size=\u00a0\u00bbfull\u00a0\u00bb alignment=\u00a0\u00bbcenter\u00a0\u00bb css=\u00a0\u00bb\u00a0\u00bb][\/vc_column][\/vc_row][vc_row][vc_column][vc_column_text css=\u00a0\u00bb\u00a0\u00bb]<\/p>\n<p class=\"p1\"><strong>Les compl\u00e9ments naturels sont un outil essentiel pour maintenir l&rsquo;\u00e9quilibre de l&rsquo;organisme<\/strong> de mani\u00e8re respectueuse et durable. Chez <em>Alter-Entorn<\/em>, nous proposons une s\u00e9lection de <b>probiotiques liquides d\u2019origine naturelle<\/b>, \u00e9labor\u00e9s \u00e0 partir de fermentations vivantes, d&rsquo;extraits botaniques et de min\u00e9raux, qui aident \u00e0 <b>restaurer le microbiote intestinal<\/b> <strong>et \u00e0 renforcer le syst\u00e8me immunitaire.<\/strong><\/p>\n<p>&nbsp;<\/p>\n<p class=\"p1\">Nos produits sont con\u00e7us pour les personnes \u00e0 la recherche d\u2019un <b>bien-\u00eatre digestif<\/b>, d\u2019une plus grande vitalit\u00e9 et d\u2019une am\u00e9lioration globale de leur sant\u00e9, sans recourir \u00e0 des produits chimiques ni \u00e0 des additifs artificiels. Des formules telles que <b>Microbz<\/b>, dans ses diff\u00e9rentes versions (Sustain, Revive ou Women), <strong>apportent des millions de micro-organismes vivants qui agissent directement sur les intestins, favorisant une digestion plus efficace<\/strong>, une r\u00e9duction de l&rsquo;inflammation et une meilleure absorption des nutriments.<\/p>\n<p>&nbsp;<\/p>\n<p class=\"p1\">Faciles \u00e0 int\u00e9grer dans la routine quotidienne, <strong>ces compl\u00e9ments probiotiques ne n\u00e9cessitent pas de r\u00e9frig\u00e9ration et conviennent \u00e0 tous les \u00e2ges.<\/strong> Qu\u2019il s\u2019agisse de renforcer vos d\u00e9fenses, d\u2019am\u00e9liorer votre transit intestinal ou de soutenir votre bien-\u00eatre \u00e9motionnel via l\u2019intestin, nos <strong>compl\u00e9ments naturels sont une option s\u00fbre<\/strong>, efficace et consciente.<\/p>\n<p>&nbsp;<\/p>\n<h2 class=\"p3\"><a href=\"https:\/\/alter-entorn.com\/fr\/?s=probiotiques&amp;post_type=product&amp;lang=fr\"><b>PRENEZ SOIN DE VOUS DE L\u2019INT\u00c9RIEUR<\/b><\/a><\/h2>\n<p>&nbsp;<\/p>\n<h3><\/h3>\n<p>&nbsp;<\/p>\n<h3 class=\"p3\"><b>PROBIOTIQUES LIQUIDES MICROBZ<\/b><\/h3>\n<p>&nbsp;<\/p>\n<p class=\"p3\"><strong>La bonne sant\u00e9 du microbiote intestinal est essentielle \u00e0 notre bien-\u00eatre.<\/strong> Nos intestins abritent des millions de micro-organismes et de bact\u00e9ries qui composent notre flore intestinale et contribuent au bon fonctionnement de notre corps. Le mode de vie actuel \u2014 stress, aliments transform\u00e9s, espaces clos, exc\u00e8s de m\u00e9dicaments, mat\u00e9riaux synth\u00e9tiques\u2026 \u2014 d\u00e9truit cet \u00e9quilibre, entra\u00eenant divers probl\u00e8mes de sant\u00e9. <strong>Les probiotiques nous aident \u00e0 retrouver cet \u00e9quilibre vital pour le bon fonctionnement de notre organisme.<\/strong><\/p>\n<p>&nbsp;<\/p>\n<ul class=\"ul1\">\n<li class=\"li4\">\u00c9quilibrent la flore intestinale.<\/li>\n<li class=\"li4\">Renforcent et stimulent nos d\u00e9fenses immunitaires<\/li>\n<li class=\"li4\">Am\u00e9liorent les troubles digestifs<\/li>\n<li class=\"li4\">Favorisent l\u2019absorption des nutriments<\/li>\n<li class=\"li3\">Am\u00e9liorent la qualit\u00e9 du sommeil<\/li>\n<\/ul>\n<p>&nbsp;<\/p>\n<h3 class=\"p6\"><b>MANJU<\/b><\/h3>\n<p>&nbsp;<\/p>\n<p class=\"p3\"><strong><span class=\"s3\"><a href=\"https:\/\/alter-entorn.com\/fr\/producto\/manju\/\" target=\"_blank\" rel=\"noopener\">Manju<\/a><\/span> est un <em>antioxydant<\/em> \u00e9labor\u00e9 \u00e0 partir de substances v\u00e9g\u00e9tales ferment\u00e9es et matur\u00e9es<\/strong>, telles que le riz et la papaye verte.<span class=\"Apple-converted-space\">\u00a0<\/span><\/p>\n<p>&nbsp;<\/p>\n<p class=\"p3\">Les composants du Manju sont soigneusement s\u00e9lectionn\u00e9s et soumis \u00e0 diff\u00e9rents contr\u00f4les de qualit\u00e9. Lors du processus de fabrication, des micro-organismes en fermentation sont ajout\u00e9s, puis s\u00e9par\u00e9s en phase liquide et solide, la premi\u00e8re \u00e9tant ensuite st\u00e9rilis\u00e9e. La papaye contient de nombreuses substances b\u00e9n\u00e9fiques, telles que la vitamine C, les fibres et les acides amin\u00e9s qui augmentent la vitalit\u00e9 ; le riz naturel est riche en min\u00e9raux, et son son contient beaucoup de fibres et d\u2019antioxydants ; les algues kelp sont riches en fer et en calcium, etc.<\/p>\n<p>&nbsp;<\/p>\n<p class=\"p3\">Sa consommation <b>ralentit l\u2019oxydation cellulaire responsable du vieillissement et de la d\u00e9g\u00e9n\u00e9rescence de l\u2019organisme<\/b>, apportant ainsi un surplus d\u2019\u00e9nergie et de vitalit\u00e9 \u00e0 notre corps.<\/p>\n<p>&nbsp;[\/vc_column_text][\/vc_column][\/vc_row]<\/p>\n<\/div>","protected":false},"excerpt":{"rendered":"<p>[vc_row][vc_column][vc_single_image image=\u00a0\u00bb10489&Prime; img_size=\u00a0\u00bbfull\u00a0\u00bb alignment=\u00a0\u00bbcenter\u00a0\u00bb css=\u00a0\u00bb\u00a0\u00bb][\/vc_column][\/vc_row][vc_row][vc_column][vc_column_text css=\u00a0\u00bb\u00a0\u00bb] Les compl\u00e9ments naturels sont un outil essentiel pour maintenir l&rsquo;\u00e9quilibre de l&rsquo;organisme de mani\u00e8re respectueuse et durable. Chez Alter-Entorn, nous proposons une s\u00e9lection de probiotiques liquides d\u2019origine naturelle, \u00e9labor\u00e9s \u00e0 partir de fermentations vivantes, d&rsquo;extraits botaniques et de min\u00e9raux, qui aident \u00e0 restaurer le microbiote intestinal et \u00e0 renforcer [&hellip;]<\/p>\n","protected":false},"author":312,"featured_media":0,"parent":0,"menu_order":0,"comment_status":"closed","ping_status":"closed","template":"","meta":{"_joinchat":[],"footnotes":""},"class_list":["post-10618","page","type-page","status-publish","hentry"],"yoast_head":"<!-- This site is optimized with the Yoast SEO plugin v27.4 - https:\/\/yoast.com\/product\/yoast-seo-wordpress\/ -->\n<title>Compl\u00e9ments naturels - alter-entorn<\/title>\n<meta name=\"description\" content=\"Les compl\u00e9ments naturels sont un outil essentiel pour maintenir l\u2019\u00e9quilibre de l\u2019organisme de mani\u00e8re respectueuse et durable.\" \/>\n<meta name=\"robots\" content=\"index, follow, max-snippet:-1, max-image-preview:large, max-video-preview:-1\" \/>\n<link rel=\"canonical\" href=\"https:\/\/alter-entorn.com\/fr\/complements-naturels\/\" \/>\n<meta property=\"og:locale\" content=\"fr_FR\" \/>\n<meta property=\"og:type\" content=\"article\" \/>\n<meta property=\"og:title\" content=\"Compl\u00e9ments naturels - alter-entorn\" \/>\n<meta property=\"og:description\" content=\"Les compl\u00e9ments naturels sont un outil essentiel pour maintenir l\u2019\u00e9quilibre de l\u2019organisme de mani\u00e8re respectueuse et durable.\" \/>\n<meta property=\"og:url\" content=\"https:\/\/alter-entorn.com\/fr\/complements-naturels\/\" \/>\n<meta property=\"og:site_name\" content=\"alter-entorn\" \/>\n<meta property=\"article:publisher\" content=\"https:\/\/www.facebook.com\/alterentorn\/\" \/>\n<meta property=\"article:modified_time\" content=\"2025-09-08T19:51:08+00:00\" \/>\n<meta name=\"twitter:card\" content=\"summary_large_image\" \/>\n<meta name=\"twitter:site\" content=\"@alterentorn\" \/>\n<meta name=\"twitter:label1\" content=\"Dur\u00e9e de lecture estim\u00e9e\" \/>\n\t<meta name=\"twitter:data1\" content=\"3 minutes\" \/>\n<script type=\"application\/ld+json\" class=\"yoast-schema-graph\">{\"@context\":\"https:\\\/\\\/schema.org\",\"@graph\":[{\"@type\":\"WebPage\",\"@id\":\"https:\\\/\\\/alter-entorn.com\\\/fr\\\/complements-naturels\\\/\",\"url\":\"https:\\\/\\\/alter-entorn.com\\\/fr\\\/complements-naturels\\\/\",\"name\":\"Compl\u00e9ments naturels - alter-entorn\",\"isPartOf\":{\"@id\":\"https:\\\/\\\/alter-entorn.com\\\/fr\\\/#website\"},\"datePublished\":\"2025-09-08T19:22:29+00:00\",\"dateModified\":\"2025-09-08T19:51:08+00:00\",\"description\":\"Les compl\u00e9ments naturels sont un outil essentiel pour maintenir l\u2019\u00e9quilibre de l\u2019organisme de mani\u00e8re respectueuse et durable.\",\"breadcrumb\":{\"@id\":\"https:\\\/\\\/alter-entorn.com\\\/fr\\\/complements-naturels\\\/#breadcrumb\"},\"inLanguage\":\"fr-FR\",\"potentialAction\":[{\"@type\":\"ReadAction\",\"target\":[\"https:\\\/\\\/alter-entorn.com\\\/fr\\\/complements-naturels\\\/\"]}]},{\"@type\":\"BreadcrumbList\",\"@id\":\"https:\\\/\\\/alter-entorn.com\\\/fr\\\/complements-naturels\\\/#breadcrumb\",\"itemListElement\":[{\"@type\":\"ListItem\",\"position\":1,\"name\":\"Portada\",\"item\":\"https:\\\/\\\/alter-entorn.com\\\/fr\\\/\"},{\"@type\":\"ListItem\",\"position\":2,\"name\":\"Compl\u00e9ments naturels\"}]},{\"@type\":\"WebSite\",\"@id\":\"https:\\\/\\\/alter-entorn.com\\\/fr\\\/#website\",\"url\":\"https:\\\/\\\/alter-entorn.com\\\/fr\\\/\",\"name\":\"alter-entorn\",\"description\":\"Soluciones Microbiol\u00f3gicas probi\u00f3ticos\",\"publisher\":{\"@id\":\"https:\\\/\\\/alter-entorn.com\\\/fr\\\/#organization\"},\"potentialAction\":[{\"@type\":\"SearchAction\",\"target\":{\"@type\":\"EntryPoint\",\"urlTemplate\":\"https:\\\/\\\/alter-entorn.com\\\/fr\\\/?s={search_term_string}\"},\"query-input\":{\"@type\":\"PropertyValueSpecification\",\"valueRequired\":true,\"valueName\":\"search_term_string\"}}],\"inLanguage\":\"fr-FR\"},{\"@type\":\"Organization\",\"@id\":\"https:\\\/\\\/alter-entorn.com\\\/fr\\\/#organization\",\"name\":\"alter-entorn\",\"url\":\"https:\\\/\\\/alter-entorn.com\\\/fr\\\/\",\"logo\":{\"@type\":\"ImageObject\",\"inLanguage\":\"fr-FR\",\"@id\":\"https:\\\/\\\/alter-entorn.com\\\/fr\\\/#\\\/schema\\\/logo\\\/image\\\/\",\"url\":\"https:\\\/\\\/alter-entorn.com\\\/wp-content\\\/uploads\\\/2018\\\/10\\\/logo_alter_entorn-sin-texto-1.png\",\"contentUrl\":\"https:\\\/\\\/alter-entorn.com\\\/wp-content\\\/uploads\\\/2018\\\/10\\\/logo_alter_entorn-sin-texto-1.png\",\"width\":246,\"height\":68,\"caption\":\"alter-entorn\"},\"image\":{\"@id\":\"https:\\\/\\\/alter-entorn.com\\\/fr\\\/#\\\/schema\\\/logo\\\/image\\\/\"},\"sameAs\":[\"https:\\\/\\\/www.facebook.com\\\/alterentorn\\\/\",\"https:\\\/\\\/x.com\\\/alterentorn\"]}]}<\/script>\n<!-- \/ Yoast SEO plugin. -->","yoast_head_json":{"title":"Compl\u00e9ments naturels - alter-entorn","description":"Les compl\u00e9ments naturels sont un outil essentiel pour maintenir l\u2019\u00e9quilibre de l\u2019organisme de mani\u00e8re respectueuse et durable.","robots":{"index":"index","follow":"follow","max-snippet":"max-snippet:-1","max-image-preview":"max-image-preview:large","max-video-preview":"max-video-preview:-1"},"canonical":"https:\/\/alter-entorn.com\/fr\/complements-naturels\/","og_locale":"fr_FR","og_type":"article","og_title":"Compl\u00e9ments naturels - alter-entorn","og_description":"Les compl\u00e9ments naturels sont un outil essentiel pour maintenir l\u2019\u00e9quilibre de l\u2019organisme de mani\u00e8re respectueuse et durable.","og_url":"https:\/\/alter-entorn.com\/fr\/complements-naturels\/","og_site_name":"alter-entorn","article_publisher":"https:\/\/www.facebook.com\/alterentorn\/","article_modified_time":"2025-09-08T19:51:08+00:00","twitter_card":"summary_large_image","twitter_site":"@alterentorn","twitter_misc":{"Dur\u00e9e de lecture estim\u00e9e":"3 minutes"},"schema":{"@context":"https:\/\/schema.org","@graph":[{"@type":"WebPage","@id":"https:\/\/alter-entorn.com\/fr\/complements-naturels\/","url":"https:\/\/alter-entorn.com\/fr\/complements-naturels\/","name":"Compl\u00e9ments naturels - alter-entorn","isPartOf":{"@id":"https:\/\/alter-entorn.com\/fr\/#website"},"datePublished":"2025-09-08T19:22:29+00:00","dateModified":"2025-09-08T19:51:08+00:00","description":"Les compl\u00e9ments naturels sont un outil essentiel pour maintenir l\u2019\u00e9quilibre de l\u2019organisme de mani\u00e8re respectueuse et durable.","breadcrumb":{"@id":"https:\/\/alter-entorn.com\/fr\/complements-naturels\/#breadcrumb"},"inLanguage":"fr-FR","potentialAction":[{"@type":"ReadAction","target":["https:\/\/alter-entorn.com\/fr\/complements-naturels\/"]}]},{"@type":"BreadcrumbList","@id":"https:\/\/alter-entorn.com\/fr\/complements-naturels\/#breadcrumb","itemListElement":[{"@type":"ListItem","position":1,"name":"Portada","item":"https:\/\/alter-entorn.com\/fr\/"},{"@type":"ListItem","position":2,"name":"Compl\u00e9ments naturels"}]},{"@type":"WebSite","@id":"https:\/\/alter-entorn.com\/fr\/#website","url":"https:\/\/alter-entorn.com\/fr\/","name":"alter-entorn","description":"Soluciones Microbiol\u00f3gicas probi\u00f3ticos","publisher":{"@id":"https:\/\/alter-entorn.com\/fr\/#organization"},"potentialAction":[{"@type":"SearchAction","target":{"@type":"EntryPoint","urlTemplate":"https:\/\/alter-entorn.com\/fr\/?s={search_term_string}"},"query-input":{"@type":"PropertyValueSpecification","valueRequired":true,"valueName":"search_term_string"}}],"inLanguage":"fr-FR"},{"@type":"Organization","@id":"https:\/\/alter-entorn.com\/fr\/#organization","name":"alter-entorn","url":"https:\/\/alter-entorn.com\/fr\/","logo":{"@type":"ImageObject","inLanguage":"fr-FR","@id":"https:\/\/alter-entorn.com\/fr\/#\/schema\/logo\/image\/","url":"https:\/\/alter-entorn.com\/wp-content\/uploads\/2018\/10\/logo_alter_entorn-sin-texto-1.png","contentUrl":"https:\/\/alter-entorn.com\/wp-content\/uploads\/2018\/10\/logo_alter_entorn-sin-texto-1.png","width":246,"height":68,"caption":"alter-entorn"},"image":{"@id":"https:\/\/alter-entorn.com\/fr\/#\/schema\/logo\/image\/"},"sameAs":["https:\/\/www.facebook.com\/alterentorn\/","https:\/\/x.com\/alterentorn"]}]}},"_links":{"self":[{"href":"https:\/\/alter-entorn.com\/fr\/wp-json\/wp\/v2\/pages\/10618","targetHints":{"allow":["GET"]}}],"collection":[{"href":"https:\/\/alter-entorn.com\/fr\/wp-json\/wp\/v2\/pages"}],"about":[{"href":"https:\/\/alter-entorn.com\/fr\/wp-json\/wp\/v2\/types\/page"}],"author":[{"embeddable":true,"href":"https:\/\/alter-entorn.com\/fr\/wp-json\/wp\/v2\/users\/312"}],"replies":[{"embeddable":true,"href":"https:\/\/alter-entorn.com\/fr\/wp-json\/wp\/v2\/comments?post=10618"}],"version-history":[{"count":7,"href":"https:\/\/alter-entorn.com\/fr\/wp-json\/wp\/v2\/pages\/10618\/revisions"}],"predecessor-version":[{"id":10669,"href":"https:\/\/alter-entorn.com\/fr\/wp-json\/wp\/v2\/pages\/10618\/revisions\/10669"}],"wp:attachment":[{"href":"https:\/\/alter-entorn.com\/fr\/wp-json\/wp\/v2\/media?parent=10618"}],"curies":[{"name":"wp","href":"https:\/\/api.w.org\/{rel}","templated":true}]}}