{"id":2406,"date":"2017-05-09T22:12:49","date_gmt":"2017-05-09T20:12:49","guid":{"rendered":"http:\/\/alter-entorn.com?page_id=2406"},"modified":"2019-05-28T08:48:11","modified_gmt":"2019-05-28T07:48:11","slug":"blog","status":"publish","type":"page","link":"https:\/\/alter-entorn.com\/fr\/blog\/","title":{"rendered":"Blog"},"content":{"rendered":"<div class=\"wpb-content-wrapper\"><p>[vc_row][vc_column][vc_masonry_grid post_type=\u00a0\u00bbpost\u00a0\u00bb max_items=\u00a0\u00bb90&Prime; style=\u00a0\u00bbload-more\u00a0\u00bb items_per_page=\u00a0\u00bb6&Prime; show_filter=\u00a0\u00bbyes\u00a0\u00bb filter_default_title=\u00a0\u00bbTodas\u00a0\u00bb item=\u00a0\u00bbmasonryGrid_FadeIn\u00a0\u00bb grid_id=\u00a0\u00bbvc_gid:1558614044463-1aa20644-e225-1&Prime; filter_source=\u00a0\u00bbcategory\u00a0\u00bb][\/vc_column][vc_column][\/vc_column][\/vc_row][vc_row][vc_column][vc_empty_space][vc_row_inner][vc_column_inner][vc_column_text]<\/p>\n<h2 style=\"text-align: center\">Abonnez-vous \u00e0 notre newsletter<\/h2>\n<p>[\/vc_column_text][\/vc_column_inner][\/vc_row_inner][vc_row_inner type=\u00a0\u00bbboxed\u00a0\u00bb][vc_column_inner width=\u00a0\u00bb1\/4&Prime;][\/vc_column_inner][vc_column_inner width=\u00a0\u00bb1\/2&Prime;][vc_column_text]<script>(function() {\n\twindow.mc4wp = window.mc4wp || {\n\t\tlisteners: [],\n\t\tforms: {\n\t\t\ton: function(evt, cb) {\n\t\t\t\twindow.mc4wp.listeners.push(\n\t\t\t\t\t{\n\t\t\t\t\t\tevent   : evt,\n\t\t\t\t\t\tcallback: cb\n\t\t\t\t\t}\n\t\t\t\t);\n\t\t\t}\n\t\t}\n\t}\n})();\n<\/script><!-- Mailchimp for WordPress v4.12.1 - https:\/\/wordpress.org\/plugins\/mailchimp-for-wp\/ --><form id=\"mc4wp-form-1\" class=\"mc4wp-form mc4wp-form-6264\" method=\"post\" data-id=\"6264\" data-name=\"Formulaire de contact\" ><div class=\"mc4wp-form-fields\"><label>Courrier \u00e9lectronique<\/label>\r\n<input name=\"EMAIL\" required=\"\" type=\"email\" placeholder=\"Votre adresse e-mail\" \/>\r\n\r\n<label>Nom: <\/label>\r\n<input name=\"FNAME\" type=\"text\" placeholder=\"Nom\" \/>\r\n\r\n<label>Nom de famille: <\/label>\r\n<input name=\"LNAME\" type=\"text\" placeholder=\"Nom de famille\" \/>\r\n\r\n<input type=\"submit\" value=\"S'inscrire\" \/><\/div><label style=\"display: none !important;\">Laissez ce champ vide si vous \u00eates humain\u00a0: <input type=\"text\" name=\"_mc4wp_honeypot\" value=\"\" tabindex=\"-1\" autocomplete=\"off\" \/><\/label><input type=\"hidden\" name=\"_mc4wp_timestamp\" value=\"1777631883\" \/><input type=\"hidden\" name=\"_mc4wp_form_id\" value=\"6264\" \/><input type=\"hidden\" name=\"_mc4wp_form_element_id\" value=\"mc4wp-form-1\" \/><div class=\"mc4wp-response\"><\/div><\/form><!-- \/ Mailchimp for WordPress Plugin -->[\/vc_column_text][\/vc_column_inner][vc_column_inner width=\u00a0\u00bb1\/4&Prime;][\/vc_column_inner][\/vc_row_inner][\/vc_column][\/vc_row]<\/p>\n<\/div>","protected":false},"excerpt":{"rendered":"<p>[vc_row][vc_column][vc_masonry_grid post_type=\u00a0\u00bbpost\u00a0\u00bb max_items=\u00a0\u00bb90&Prime; style=\u00a0\u00bbload-more\u00a0\u00bb items_per_page=\u00a0\u00bb6&Prime; show_filter=\u00a0\u00bbyes\u00a0\u00bb filter_default_title=\u00a0\u00bbTodas\u00a0\u00bb item=\u00a0\u00bbmasonryGrid_FadeIn\u00a0\u00bb grid_id=\u00a0\u00bbvc_gid:1558614044463-1aa20644-e225-1&Prime; filter_source=\u00a0\u00bbcategory\u00a0\u00bb][\/vc_column][vc_column][\/vc_column][\/vc_row][vc_row][vc_column][vc_empty_space][vc_row_inner][vc_column_inner][vc_column_text] Abonnez-vous \u00e0 notre newsletter [\/vc_column_text][\/vc_column_inner][\/vc_row_inner][vc_row_inner type=\u00a0\u00bbboxed\u00a0\u00bb][vc_column_inner width=\u00a0\u00bb1\/4&Prime;][\/vc_column_inner][vc_column_inner width=\u00a0\u00bb1\/2&Prime;][vc_column_text][\/vc_column_text][\/vc_column_inner][vc_column_inner width=\u00a0\u00bb1\/4&Prime;][\/vc_column_inner][\/vc_row_inner][\/vc_column][\/vc_row]<\/p>\n","protected":false},"author":1,"featured_media":0,"parent":0,"menu_order":0,"comment_status":"closed","ping_status":"closed","template":"","meta":{"_joinchat":[],"footnotes":""},"class_list":["post-2406","page","type-page","status-publish","hentry"],"yoast_head":"<!-- This site is optimized with the Yoast SEO plugin v27.4 - https:\/\/yoast.com\/product\/yoast-seo-wordpress\/ -->\n<title>Articles sur la sant\u00e9, le bien-\u00eatre, le nettoyage, les animaux domestiques, le jardin et les d\u00e9chets<\/title>\n<meta name=\"description\" content=\"Articles sur le nettoyage \u00e9cologique, les produits d\u2019hygi\u00e8ne et les cosm\u00e9tiques naturels, le soin des animaux domestiques, le traitement des d\u00e9chets et l\u2019agriculture.\" \/>\n<meta name=\"robots\" content=\"index, follow, max-snippet:-1, max-image-preview:large, max-video-preview:-1\" \/>\n<link rel=\"canonical\" href=\"https:\/\/alter-entorn.com\/fr\/blog\/\" \/>\n<meta property=\"og:locale\" content=\"fr_FR\" \/>\n<meta property=\"og:type\" content=\"article\" \/>\n<meta property=\"og:title\" content=\"Articles sur la sant\u00e9, le bien-\u00eatre, le nettoyage, les animaux domestiques, le jardin et les d\u00e9chets\" \/>\n<meta property=\"og:description\" content=\"Articles sur le nettoyage \u00e9cologique, les produits d\u2019hygi\u00e8ne et les cosm\u00e9tiques naturels, le soin des animaux domestiques, le traitement des d\u00e9chets et l\u2019agriculture.\" \/>\n<meta property=\"og:url\" content=\"https:\/\/alter-entorn.com\/fr\/blog\/\" \/>\n<meta property=\"og:site_name\" content=\"alter-entorn\" \/>\n<meta property=\"article:publisher\" content=\"https:\/\/www.facebook.com\/alterentorn\/\" \/>\n<meta property=\"article:modified_time\" content=\"2019-05-28T07:48:11+00:00\" \/>\n<meta name=\"twitter:card\" content=\"summary_large_image\" \/>\n<meta name=\"twitter:site\" content=\"@alterentorn\" \/>\n<meta name=\"twitter:label1\" content=\"Dur\u00e9e de lecture estim\u00e9e\" \/>\n\t<meta name=\"twitter:data1\" content=\"1 minute\" \/>\n<script type=\"application\/ld+json\" class=\"yoast-schema-graph\">{\"@context\":\"https:\\\/\\\/schema.org\",\"@graph\":[{\"@type\":\"WebPage\",\"@id\":\"https:\\\/\\\/alter-entorn.com\\\/fr\\\/blog\\\/\",\"url\":\"https:\\\/\\\/alter-entorn.com\\\/fr\\\/blog\\\/\",\"name\":\"Articles sur la sant\u00e9, le bien-\u00eatre, le nettoyage, les animaux domestiques, le jardin et les d\u00e9chets\",\"isPartOf\":{\"@id\":\"https:\\\/\\\/alter-entorn.com\\\/fr\\\/#website\"},\"datePublished\":\"2017-05-09T20:12:49+00:00\",\"dateModified\":\"2019-05-28T07:48:11+00:00\",\"description\":\"Articles sur le nettoyage \u00e9cologique, les produits d\u2019hygi\u00e8ne et les cosm\u00e9tiques naturels, le soin des animaux domestiques, le traitement des d\u00e9chets et l\u2019agriculture.\",\"breadcrumb\":{\"@id\":\"https:\\\/\\\/alter-entorn.com\\\/fr\\\/blog\\\/#breadcrumb\"},\"inLanguage\":\"fr-FR\",\"potentialAction\":[{\"@type\":\"ReadAction\",\"target\":[\"https:\\\/\\\/alter-entorn.com\\\/fr\\\/blog\\\/\"]}]},{\"@type\":\"BreadcrumbList\",\"@id\":\"https:\\\/\\\/alter-entorn.com\\\/fr\\\/blog\\\/#breadcrumb\",\"itemListElement\":[{\"@type\":\"ListItem\",\"position\":1,\"name\":\"Portada\",\"item\":\"https:\\\/\\\/alter-entorn.com\\\/fr\\\/\"},{\"@type\":\"ListItem\",\"position\":2,\"name\":\"Blog\"}]},{\"@type\":\"WebSite\",\"@id\":\"https:\\\/\\\/alter-entorn.com\\\/fr\\\/#website\",\"url\":\"https:\\\/\\\/alter-entorn.com\\\/fr\\\/\",\"name\":\"alter-entorn\",\"description\":\"Soluciones Microbiol\u00f3gicas probi\u00f3ticos\",\"publisher\":{\"@id\":\"https:\\\/\\\/alter-entorn.com\\\/fr\\\/#organization\"},\"potentialAction\":[{\"@type\":\"SearchAction\",\"target\":{\"@type\":\"EntryPoint\",\"urlTemplate\":\"https:\\\/\\\/alter-entorn.com\\\/fr\\\/?s={search_term_string}\"},\"query-input\":{\"@type\":\"PropertyValueSpecification\",\"valueRequired\":true,\"valueName\":\"search_term_string\"}}],\"inLanguage\":\"fr-FR\"},{\"@type\":\"Organization\",\"@id\":\"https:\\\/\\\/alter-entorn.com\\\/fr\\\/#organization\",\"name\":\"alter-entorn\",\"url\":\"https:\\\/\\\/alter-entorn.com\\\/fr\\\/\",\"logo\":{\"@type\":\"ImageObject\",\"inLanguage\":\"fr-FR\",\"@id\":\"https:\\\/\\\/alter-entorn.com\\\/fr\\\/#\\\/schema\\\/logo\\\/image\\\/\",\"url\":\"https:\\\/\\\/alter-entorn.com\\\/wp-content\\\/uploads\\\/2018\\\/10\\\/logo_alter_entorn-sin-texto-1.png\",\"contentUrl\":\"https:\\\/\\\/alter-entorn.com\\\/wp-content\\\/uploads\\\/2018\\\/10\\\/logo_alter_entorn-sin-texto-1.png\",\"width\":246,\"height\":68,\"caption\":\"alter-entorn\"},\"image\":{\"@id\":\"https:\\\/\\\/alter-entorn.com\\\/fr\\\/#\\\/schema\\\/logo\\\/image\\\/\"},\"sameAs\":[\"https:\\\/\\\/www.facebook.com\\\/alterentorn\\\/\",\"https:\\\/\\\/x.com\\\/alterentorn\"]}]}<\/script>\n<!-- \/ Yoast SEO plugin. -->","yoast_head_json":{"title":"Articles sur la sant\u00e9, le bien-\u00eatre, le nettoyage, les animaux domestiques, le jardin et les d\u00e9chets","description":"Articles sur le nettoyage \u00e9cologique, les produits d\u2019hygi\u00e8ne et les cosm\u00e9tiques naturels, le soin des animaux domestiques, le traitement des d\u00e9chets et l\u2019agriculture.","robots":{"index":"index","follow":"follow","max-snippet":"max-snippet:-1","max-image-preview":"max-image-preview:large","max-video-preview":"max-video-preview:-1"},"canonical":"https:\/\/alter-entorn.com\/fr\/blog\/","og_locale":"fr_FR","og_type":"article","og_title":"Articles sur la sant\u00e9, le bien-\u00eatre, le nettoyage, les animaux domestiques, le jardin et les d\u00e9chets","og_description":"Articles sur le nettoyage \u00e9cologique, les produits d\u2019hygi\u00e8ne et les cosm\u00e9tiques naturels, le soin des animaux domestiques, le traitement des d\u00e9chets et l\u2019agriculture.","og_url":"https:\/\/alter-entorn.com\/fr\/blog\/","og_site_name":"alter-entorn","article_publisher":"https:\/\/www.facebook.com\/alterentorn\/","article_modified_time":"2019-05-28T07:48:11+00:00","twitter_card":"summary_large_image","twitter_site":"@alterentorn","twitter_misc":{"Dur\u00e9e de lecture estim\u00e9e":"1 minute"},"schema":{"@context":"https:\/\/schema.org","@graph":[{"@type":"WebPage","@id":"https:\/\/alter-entorn.com\/fr\/blog\/","url":"https:\/\/alter-entorn.com\/fr\/blog\/","name":"Articles sur la sant\u00e9, le bien-\u00eatre, le nettoyage, les animaux domestiques, le jardin et les d\u00e9chets","isPartOf":{"@id":"https:\/\/alter-entorn.com\/fr\/#website"},"datePublished":"2017-05-09T20:12:49+00:00","dateModified":"2019-05-28T07:48:11+00:00","description":"Articles sur le nettoyage \u00e9cologique, les produits d\u2019hygi\u00e8ne et les cosm\u00e9tiques naturels, le soin des animaux domestiques, le traitement des d\u00e9chets et l\u2019agriculture.","breadcrumb":{"@id":"https:\/\/alter-entorn.com\/fr\/blog\/#breadcrumb"},"inLanguage":"fr-FR","potentialAction":[{"@type":"ReadAction","target":["https:\/\/alter-entorn.com\/fr\/blog\/"]}]},{"@type":"BreadcrumbList","@id":"https:\/\/alter-entorn.com\/fr\/blog\/#breadcrumb","itemListElement":[{"@type":"ListItem","position":1,"name":"Portada","item":"https:\/\/alter-entorn.com\/fr\/"},{"@type":"ListItem","position":2,"name":"Blog"}]},{"@type":"WebSite","@id":"https:\/\/alter-entorn.com\/fr\/#website","url":"https:\/\/alter-entorn.com\/fr\/","name":"alter-entorn","description":"Soluciones Microbiol\u00f3gicas probi\u00f3ticos","publisher":{"@id":"https:\/\/alter-entorn.com\/fr\/#organization"},"potentialAction":[{"@type":"SearchAction","target":{"@type":"EntryPoint","urlTemplate":"https:\/\/alter-entorn.com\/fr\/?s={search_term_string}"},"query-input":{"@type":"PropertyValueSpecification","valueRequired":true,"valueName":"search_term_string"}}],"inLanguage":"fr-FR"},{"@type":"Organization","@id":"https:\/\/alter-entorn.com\/fr\/#organization","name":"alter-entorn","url":"https:\/\/alter-entorn.com\/fr\/","logo":{"@type":"ImageObject","inLanguage":"fr-FR","@id":"https:\/\/alter-entorn.com\/fr\/#\/schema\/logo\/image\/","url":"https:\/\/alter-entorn.com\/wp-content\/uploads\/2018\/10\/logo_alter_entorn-sin-texto-1.png","contentUrl":"https:\/\/alter-entorn.com\/wp-content\/uploads\/2018\/10\/logo_alter_entorn-sin-texto-1.png","width":246,"height":68,"caption":"alter-entorn"},"image":{"@id":"https:\/\/alter-entorn.com\/fr\/#\/schema\/logo\/image\/"},"sameAs":["https:\/\/www.facebook.com\/alterentorn\/","https:\/\/x.com\/alterentorn"]}]}},"_links":{"self":[{"href":"https:\/\/alter-entorn.com\/fr\/wp-json\/wp\/v2\/pages\/2406","targetHints":{"allow":["GET"]}}],"collection":[{"href":"https:\/\/alter-entorn.com\/fr\/wp-json\/wp\/v2\/pages"}],"about":[{"href":"https:\/\/alter-entorn.com\/fr\/wp-json\/wp\/v2\/types\/page"}],"author":[{"embeddable":true,"href":"https:\/\/alter-entorn.com\/fr\/wp-json\/wp\/v2\/users\/1"}],"replies":[{"embeddable":true,"href":"https:\/\/alter-entorn.com\/fr\/wp-json\/wp\/v2\/comments?post=2406"}],"version-history":[{"count":0,"href":"https:\/\/alter-entorn.com\/fr\/wp-json\/wp\/v2\/pages\/2406\/revisions"}],"wp:attachment":[{"href":"https:\/\/alter-entorn.com\/fr\/wp-json\/wp\/v2\/media?parent=2406"}],"curies":[{"name":"wp","href":"https:\/\/api.w.org\/{rel}","templated":true}]}}