{"id":2420,"date":"2017-05-09T22:22:30","date_gmt":"2017-05-09T20:22:30","guid":{"rendered":"http:\/\/alter-entorn.com?page_id=2420"},"modified":"2019-11-13T13:28:16","modified_gmt":"2019-11-13T12:28:16","slug":"lentreprise","status":"publish","type":"page","link":"https:\/\/alter-entorn.com\/fr\/lentreprise\/","title":{"rendered":"L&rsquo;Entreprise"},"content":{"rendered":"<div class=\"wpb-content-wrapper\"><p>[vc_row][vc_column][vc_row_inner][vc_column_inner width=\u00a0\u00bb2\/3&Prime;][vc_column_text]alter-entorn est n\u00e9e de la volont\u00e9 de vivre dans un environnement plus naturel, loin des substances chimiques nuisibles que nous c\u00f4toyons. Dans un foyer conventionnel, nous utilisons quotidiennement plus de 300\u00a0substances chimiques diff\u00e9rentes qui terminent dans nos organismes et dans ceux de nos familles, m\u00eame si nous ne les ing\u00e9rons pas directement.<\/p>\n<p>Ces substances toxiques sont dangereuses pour l&rsquo;environnement et \u00e0 long terme, elles peuvent provoquer des allergies, troubles et maladies.\u00a0La <strong>combinaison de la microbiologie avec les produits naturels<\/strong> nous a permis de cr\u00e9er une ample gamme de produits aussi efficaces que les produits conventionnels, sans utiliser aucune substance chimique nocive.<\/p>\n<p>Ainsi, <strong>alter-entorn vous offre des solutions microbiologiques pour entreprises et particuliers<\/strong>. Nous nous sp\u00e9cialisons en suppl\u00e9ments probiotiques, nettoyants concentr\u00e9s, jardinage \u00e9cologique, produits pour le bien-\u00eatre des animaux domestiques et cosm\u00e9tique naturelle. Nous r\u00e9alisons \u00e9galement des traitements d&rsquo;eaux et de r\u00e9sidus pour lutter contre certains probl\u00e8mes fr\u00e9quents, comme les obstructions de tuyauteries ou les mauvaises odeurs.<\/p>\n<p><strong>Unissez-vous \u00e0 une vie libre de substances chimiques pour prot\u00e9ger notre environnement et celui de nos familles\u00a0!<\/strong><\/p>\n<p><a href=\"http:\/\/alter-entorn.com\/wp-content\/uploads\/2017\/11\/vivirLibreQuimicos-DEF.pdf\" target=\"_blank\" rel=\"noopener\">Plus d&rsquo;informations<\/a>[\/vc_column_text][\/vc_column_inner][vc_column_inner width=\u00a0\u00bb1\/3&Prime;][vc_single_image image=\u00a0\u00bb7489&Prime; img_size=\u00a0\u00bblarge\u00a0\u00bb alignment=\u00a0\u00bbcenter\u00a0\u00bb][\/vc_column_inner][\/vc_row_inner][\/vc_column][\/vc_row][vc_row][vc_column][\/vc_column][\/vc_row]<\/p>\n<\/div>","protected":false},"excerpt":{"rendered":"<p>[vc_row][vc_column][vc_row_inner][vc_column_inner width=\u00a0\u00bb2\/3&Prime;][vc_column_text]alter-entorn est n\u00e9e de la volont\u00e9 de vivre dans un environnement plus naturel, loin des substances chimiques nuisibles que nous c\u00f4toyons. Dans un foyer conventionnel, nous utilisons quotidiennement plus de 300\u00a0substances chimiques diff\u00e9rentes qui terminent dans nos organismes et dans ceux de nos familles, m\u00eame si nous ne les ing\u00e9rons pas directement. Ces substances [&hellip;]<\/p>\n","protected":false},"author":1,"featured_media":0,"parent":0,"menu_order":0,"comment_status":"closed","ping_status":"closed","template":"","meta":{"_joinchat":[],"footnotes":""},"class_list":["post-2420","page","type-page","status-publish","hentry"],"yoast_head":"<!-- This site is optimized with the Yoast SEO plugin v27.4 - https:\/\/yoast.com\/product\/yoast-seo-wordpress\/ -->\n<title>Propos de nous - L&#039;\u00e9quipe alter-entorn, boutique en ligne de microbiologie<\/title>\n<meta name=\"description\" content=\"Solutions microbiologiques: cosm\u00e9tiques naturels, probiotiques, nettoyage \u00e9cologique, animaux de compagnie, traitement des d\u00e9chets et agriculture\" \/>\n<meta name=\"robots\" content=\"index, follow, max-snippet:-1, max-image-preview:large, max-video-preview:-1\" \/>\n<link rel=\"canonical\" href=\"https:\/\/alter-entorn.com\/fr\/lentreprise\/\" \/>\n<meta property=\"og:locale\" content=\"fr_FR\" \/>\n<meta property=\"og:type\" content=\"article\" \/>\n<meta property=\"og:title\" content=\"Propos de nous - L&#039;\u00e9quipe alter-entorn, boutique en ligne de microbiologie\" \/>\n<meta property=\"og:description\" content=\"Solutions microbiologiques: cosm\u00e9tiques naturels, probiotiques, nettoyage \u00e9cologique, animaux de compagnie, traitement des d\u00e9chets et agriculture\" \/>\n<meta property=\"og:url\" content=\"https:\/\/alter-entorn.com\/fr\/lentreprise\/\" \/>\n<meta property=\"og:site_name\" content=\"alter-entorn\" \/>\n<meta property=\"article:publisher\" content=\"https:\/\/www.facebook.com\/alterentorn\/\" \/>\n<meta property=\"article:modified_time\" content=\"2019-11-13T12:28:16+00:00\" \/>\n<meta name=\"twitter:card\" content=\"summary_large_image\" \/>\n<meta name=\"twitter:site\" content=\"@alterentorn\" \/>\n<meta name=\"twitter:label1\" content=\"Dur\u00e9e de lecture estim\u00e9e\" \/>\n\t<meta name=\"twitter:data1\" content=\"1 minute\" \/>\n<script type=\"application\/ld+json\" class=\"yoast-schema-graph\">{\"@context\":\"https:\\\/\\\/schema.org\",\"@graph\":[{\"@type\":\"WebPage\",\"@id\":\"https:\\\/\\\/alter-entorn.com\\\/fr\\\/lentreprise\\\/\",\"url\":\"https:\\\/\\\/alter-entorn.com\\\/fr\\\/lentreprise\\\/\",\"name\":\"Propos de nous - L'\u00e9quipe alter-entorn, boutique en ligne de microbiologie\",\"isPartOf\":{\"@id\":\"https:\\\/\\\/alter-entorn.com\\\/fr\\\/#website\"},\"datePublished\":\"2017-05-09T20:22:30+00:00\",\"dateModified\":\"2019-11-13T12:28:16+00:00\",\"description\":\"Solutions microbiologiques: cosm\u00e9tiques naturels, probiotiques, nettoyage \u00e9cologique, animaux de compagnie, traitement des d\u00e9chets et agriculture\",\"breadcrumb\":{\"@id\":\"https:\\\/\\\/alter-entorn.com\\\/fr\\\/lentreprise\\\/#breadcrumb\"},\"inLanguage\":\"fr-FR\",\"potentialAction\":[{\"@type\":\"ReadAction\",\"target\":[\"https:\\\/\\\/alter-entorn.com\\\/fr\\\/lentreprise\\\/\"]}]},{\"@type\":\"BreadcrumbList\",\"@id\":\"https:\\\/\\\/alter-entorn.com\\\/fr\\\/lentreprise\\\/#breadcrumb\",\"itemListElement\":[{\"@type\":\"ListItem\",\"position\":1,\"name\":\"Portada\",\"item\":\"https:\\\/\\\/alter-entorn.com\\\/fr\\\/\"},{\"@type\":\"ListItem\",\"position\":2,\"name\":\"L&#8217;Entreprise\"}]},{\"@type\":\"WebSite\",\"@id\":\"https:\\\/\\\/alter-entorn.com\\\/fr\\\/#website\",\"url\":\"https:\\\/\\\/alter-entorn.com\\\/fr\\\/\",\"name\":\"alter-entorn\",\"description\":\"Soluciones Microbiol\u00f3gicas probi\u00f3ticos\",\"publisher\":{\"@id\":\"https:\\\/\\\/alter-entorn.com\\\/fr\\\/#organization\"},\"potentialAction\":[{\"@type\":\"SearchAction\",\"target\":{\"@type\":\"EntryPoint\",\"urlTemplate\":\"https:\\\/\\\/alter-entorn.com\\\/fr\\\/?s={search_term_string}\"},\"query-input\":{\"@type\":\"PropertyValueSpecification\",\"valueRequired\":true,\"valueName\":\"search_term_string\"}}],\"inLanguage\":\"fr-FR\"},{\"@type\":\"Organization\",\"@id\":\"https:\\\/\\\/alter-entorn.com\\\/fr\\\/#organization\",\"name\":\"alter-entorn\",\"url\":\"https:\\\/\\\/alter-entorn.com\\\/fr\\\/\",\"logo\":{\"@type\":\"ImageObject\",\"inLanguage\":\"fr-FR\",\"@id\":\"https:\\\/\\\/alter-entorn.com\\\/fr\\\/#\\\/schema\\\/logo\\\/image\\\/\",\"url\":\"https:\\\/\\\/alter-entorn.com\\\/wp-content\\\/uploads\\\/2018\\\/10\\\/logo_alter_entorn-sin-texto-1.png\",\"contentUrl\":\"https:\\\/\\\/alter-entorn.com\\\/wp-content\\\/uploads\\\/2018\\\/10\\\/logo_alter_entorn-sin-texto-1.png\",\"width\":246,\"height\":68,\"caption\":\"alter-entorn\"},\"image\":{\"@id\":\"https:\\\/\\\/alter-entorn.com\\\/fr\\\/#\\\/schema\\\/logo\\\/image\\\/\"},\"sameAs\":[\"https:\\\/\\\/www.facebook.com\\\/alterentorn\\\/\",\"https:\\\/\\\/x.com\\\/alterentorn\"]}]}<\/script>\n<!-- \/ Yoast SEO plugin. -->","yoast_head_json":{"title":"Propos de nous - L'\u00e9quipe alter-entorn, boutique en ligne de microbiologie","description":"Solutions microbiologiques: cosm\u00e9tiques naturels, probiotiques, nettoyage \u00e9cologique, animaux de compagnie, traitement des d\u00e9chets et agriculture","robots":{"index":"index","follow":"follow","max-snippet":"max-snippet:-1","max-image-preview":"max-image-preview:large","max-video-preview":"max-video-preview:-1"},"canonical":"https:\/\/alter-entorn.com\/fr\/lentreprise\/","og_locale":"fr_FR","og_type":"article","og_title":"Propos de nous - L'\u00e9quipe alter-entorn, boutique en ligne de microbiologie","og_description":"Solutions microbiologiques: cosm\u00e9tiques naturels, probiotiques, nettoyage \u00e9cologique, animaux de compagnie, traitement des d\u00e9chets et agriculture","og_url":"https:\/\/alter-entorn.com\/fr\/lentreprise\/","og_site_name":"alter-entorn","article_publisher":"https:\/\/www.facebook.com\/alterentorn\/","article_modified_time":"2019-11-13T12:28:16+00:00","twitter_card":"summary_large_image","twitter_site":"@alterentorn","twitter_misc":{"Dur\u00e9e de lecture estim\u00e9e":"1 minute"},"schema":{"@context":"https:\/\/schema.org","@graph":[{"@type":"WebPage","@id":"https:\/\/alter-entorn.com\/fr\/lentreprise\/","url":"https:\/\/alter-entorn.com\/fr\/lentreprise\/","name":"Propos de nous - L'\u00e9quipe alter-entorn, boutique en ligne de microbiologie","isPartOf":{"@id":"https:\/\/alter-entorn.com\/fr\/#website"},"datePublished":"2017-05-09T20:22:30+00:00","dateModified":"2019-11-13T12:28:16+00:00","description":"Solutions microbiologiques: cosm\u00e9tiques naturels, probiotiques, nettoyage \u00e9cologique, animaux de compagnie, traitement des d\u00e9chets et agriculture","breadcrumb":{"@id":"https:\/\/alter-entorn.com\/fr\/lentreprise\/#breadcrumb"},"inLanguage":"fr-FR","potentialAction":[{"@type":"ReadAction","target":["https:\/\/alter-entorn.com\/fr\/lentreprise\/"]}]},{"@type":"BreadcrumbList","@id":"https:\/\/alter-entorn.com\/fr\/lentreprise\/#breadcrumb","itemListElement":[{"@type":"ListItem","position":1,"name":"Portada","item":"https:\/\/alter-entorn.com\/fr\/"},{"@type":"ListItem","position":2,"name":"L&#8217;Entreprise"}]},{"@type":"WebSite","@id":"https:\/\/alter-entorn.com\/fr\/#website","url":"https:\/\/alter-entorn.com\/fr\/","name":"alter-entorn","description":"Soluciones Microbiol\u00f3gicas probi\u00f3ticos","publisher":{"@id":"https:\/\/alter-entorn.com\/fr\/#organization"},"potentialAction":[{"@type":"SearchAction","target":{"@type":"EntryPoint","urlTemplate":"https:\/\/alter-entorn.com\/fr\/?s={search_term_string}"},"query-input":{"@type":"PropertyValueSpecification","valueRequired":true,"valueName":"search_term_string"}}],"inLanguage":"fr-FR"},{"@type":"Organization","@id":"https:\/\/alter-entorn.com\/fr\/#organization","name":"alter-entorn","url":"https:\/\/alter-entorn.com\/fr\/","logo":{"@type":"ImageObject","inLanguage":"fr-FR","@id":"https:\/\/alter-entorn.com\/fr\/#\/schema\/logo\/image\/","url":"https:\/\/alter-entorn.com\/wp-content\/uploads\/2018\/10\/logo_alter_entorn-sin-texto-1.png","contentUrl":"https:\/\/alter-entorn.com\/wp-content\/uploads\/2018\/10\/logo_alter_entorn-sin-texto-1.png","width":246,"height":68,"caption":"alter-entorn"},"image":{"@id":"https:\/\/alter-entorn.com\/fr\/#\/schema\/logo\/image\/"},"sameAs":["https:\/\/www.facebook.com\/alterentorn\/","https:\/\/x.com\/alterentorn"]}]}},"_links":{"self":[{"href":"https:\/\/alter-entorn.com\/fr\/wp-json\/wp\/v2\/pages\/2420","targetHints":{"allow":["GET"]}}],"collection":[{"href":"https:\/\/alter-entorn.com\/fr\/wp-json\/wp\/v2\/pages"}],"about":[{"href":"https:\/\/alter-entorn.com\/fr\/wp-json\/wp\/v2\/types\/page"}],"author":[{"embeddable":true,"href":"https:\/\/alter-entorn.com\/fr\/wp-json\/wp\/v2\/users\/1"}],"replies":[{"embeddable":true,"href":"https:\/\/alter-entorn.com\/fr\/wp-json\/wp\/v2\/comments?post=2420"}],"version-history":[{"count":0,"href":"https:\/\/alter-entorn.com\/fr\/wp-json\/wp\/v2\/pages\/2420\/revisions"}],"wp:attachment":[{"href":"https:\/\/alter-entorn.com\/fr\/wp-json\/wp\/v2\/media?parent=2420"}],"curies":[{"name":"wp","href":"https:\/\/api.w.org\/{rel}","templated":true}]}}