{"id":4376,"date":"2017-10-10T16:44:02","date_gmt":"2017-10-10T14:44:02","guid":{"rendered":"http:\/\/alter-entorn.com?page_id=4376"},"modified":"2017-12-19T19:19:02","modified_gmt":"2017-12-19T17:19:02","slug":"sante-et-bien-etre","status":"publish","type":"page","link":"https:\/\/alter-entorn.com\/fr\/sante-et-bien-etre\/","title":{"rendered":"SANT\u00c9 ET BIEN-\u00caTRE"},"content":{"rendered":"<h2><strong>PRENEZ-SOIN DE L&rsquo;INT\u00c9RIEUR DE VOTRE CORPS<\/strong><\/h2>\n<p>La bonne sant\u00e9 <strong>du microbiote ou de la flore intestinale<\/strong>\u00a0est fondamentale pour notre bien-\u00eatre. Dans le ventre, nous avons des millions de microorganismes et bact\u00e9ries qui contribuent au bon fonctionnement de notre corps.\u00a0 Le rythme de vie actuel, l&#8217;empressement, les produits conditionn\u00e9s et pr\u00e9cuits, les environnements clos, l&rsquo;exc\u00e8s de m\u00e9dicaments, les mat\u00e9riaux synth\u00e9tiques, etc. d\u00e9truisent l&rsquo;\u00e9quilibre de notre corps et causent divers troubles de sant\u00e9. <strong>Les probiotiques<\/strong>\u00a0nous aident \u00e0 retrouver cet \u00e9quilibre indispensable au bon fonctionnement de notre organisme.<\/p>\n<h4 class=\"western\"><span style=\"color: #00000a;\">\u00a0<\/span><span style=\"color: #00000a;\"><span style=\"font-size: medium;\"><b>BIO-LIVE<\/b><\/span><\/span><\/h4>\n<p><span style=\"font-size: medium;\">C&rsquo;est une gamme de suppl\u00e9ments probiotiques \u00e9labor\u00e9s exclusivement avec des ingr\u00e9dients naturels et avec 13\u00a0familles de microorganismes b\u00e9n\u00e9fiques. Son ingestion quotidienne apporte de nombreux b\u00e9n\u00e9fices \u00e0 la sant\u00e9, comme par exemple\u00a0:<\/span><\/p>\n<ul>\n<li><span style=\"font-size: medium;\">L&rsquo;\u00e9quilibre de la flore intestinale.<\/span><\/li>\n<li><span style=\"font-size: medium;\">Il renforce et augmente nos d\u00e9fenses.<\/span><\/li>\n<li><span style=\"font-size: medium;\">Il am\u00e9liore les troubles digestifs.<\/span><\/li>\n<li><span style=\"font-size: medium;\">Il favorise l&rsquo;absorption de substances nutritives comme le calcium.<\/span><\/li>\n<\/ul>\n<p><span style=\"font-size: medium;\">Les antioxydants nous aident \u00e0 ralentir le vieillissement et la d\u00e9g\u00e9n\u00e9rescence des cellules en freinant l&rsquo;action des radicaux libres qui acc\u00e9l\u00e8rent la d\u00e9g\u00e9n\u00e9rescence cellulaire. La restauration de la sant\u00e9 digestive, en diminuant les troubles et en augmentant la tol\u00e9rance \u00e0 certains aliments, nous produit une sensation de bien-\u00eatre et r\u00e9duit le stress.<\/span><\/p>\n<p><span style=\"font-size: medium;\">Nous vous offrons\u00a0:<\/span><\/p>\n<ul>\n<li><span style=\"font-size: medium;\">Un Biolive sp\u00e9cifiquement con\u00e7u pour enfants, d\u00e9nomm\u00e9 BIOLIVE GOO\u00a0;<\/span><\/li>\n<li><span style=\"font-size: medium;\">Un Biolive pour adultes\u00a0: GOLD et DARK (<strong>r\u00e9cup\u00e9rateurs de la flore intestinale<\/strong>, caract\u00e9ris\u00e9s par un go\u00fbt plus intense ou plus doux)\u00a0; BreathEase (pour am\u00e9liorer la respiration et d\u00e9gager les poumons)\u00a0; Echinacia (c&rsquo;est le Biolive avec Echinacia)\u00a0; Liver&amp;Gall (sp\u00e9cifiquement con\u00e7u pour am\u00e9liorer le fonctionnement du foie et du pancr\u00e9as).<\/span><\/li>\n<\/ul>\n<h4 class=\"western\"><span style=\"color: #00000a;\"><span style=\"font-size: medium;\"><b>MANJU<\/b><\/span><\/span><\/h4>\n<p><span style=\"font-size: medium;\">C&rsquo;est un antioxydant \u00e9labor\u00e9 \u00e0 partir de substances v\u00e9g\u00e9tales ferment\u00e9es et m\u00fbries, comme le riz et la papaye verte. Manju est le nom de la papaye \u00e0 Okinawa et se traduit comme \u00ab\u00a0melon de dix ans\u00a0\u00bb, en r\u00e9f\u00e9rence \u00e0 ses effets favorables \u00e0 la long\u00e9vit\u00e9 vitale.<\/span><\/p>\n<p><span style=\"font-size: medium;\">Les composants du Manju sont soigneusement s\u00e9lectionn\u00e9s et soumis \u00e0 divers contr\u00f4les de qualit\u00e9. Pendant le proc\u00e9d\u00e9 d&rsquo;\u00e9laboration, on ajoute des microorganismes en cours de fermentation qui se s\u00e9parent post\u00e9rieurement en liquide et solide, ce qui a pour effet de st\u00e9riliser le liquide. La papaye contient diverses substances b\u00e9n\u00e9fiques comme la vitamine C, des fibres ou acides amin\u00e9s qui augmentent la vitalit\u00e9\u00a0; le riz naturel est riche en min\u00e9raux et son son contient beaucoup de fibres et d&rsquo;antioxydants\u00a0; les algues kelp sont riches en fer et calcium, etc.<\/span><\/p>\n<p><span style=\"font-size: medium;\">Son ingestion ralentit l&rsquo;oxydation des cellules qui acc\u00e9l\u00e8rent le vieillissement et la d\u00e9g\u00e9n\u00e9rescence de l&rsquo;organisme, en apportant ainsi un plus d&rsquo;\u00e9nergie et de vitalit\u00e9 \u00e0 notre organisme. Vu qu\u2019elle a un go\u00fbt neutre et qu\u2019elle est incolore, elle n&rsquo;alt\u00e8re par le go\u00fbt des aliments et boissons avec lesquels on la m\u00e9lange. La quantit\u00e9 convenable est comprise entre 10 et 30\u00a0ml par jour, de pr\u00e9f\u00e9rence \u00e0 jeun, seule ou m\u00e9lang\u00e9e avec la boisson ou le plat de soupe ou l\u00e9gumes, par exemple. Pour ce qui est du riz, on ajoute une cuiller\u00e9e toutes les trois tasses.<\/span><\/p>\n<h4 class=\"western\"><span style=\"color: #00000a;\"><span style=\"font-size: medium;\"><b>BIOEMSAN<\/b><\/span><\/span><\/h4>\n<ul>\n<li><span style=\"font-size: medium;\">La gamme de cosm\u00e9tiques Bioemsan avec\u00a0<strong>certification \u00e9cologique AustriaBio<\/strong>\u00a0est la combinaison parfaite de produits naturels avec des microorganismes r\u00e9g\u00e9n\u00e9rateurs.<\/span><\/li>\n<li><span style=\"font-size: medium;\">Sans \u00e9mulsions synth\u00e9tiques, sans substances chimiques et non test\u00e9s sur des animaux.<\/span><\/li>\n<li><span style=\"font-size: medium;\">Sans conservateurs<\/span><\/li>\n<\/ul>\n<p><span style=\"font-size: medium;\">Les microorganismes stimulent l&rsquo;efficacit\u00e9 des composants, ils sont r\u00e9g\u00e9n\u00e9rateurs, ils augmentent la vitalit\u00e9 et ils renforcent la sant\u00e9.<\/span><\/p>\n<h2><strong>PRENEZ-SOIN DE L&rsquo;EXT\u00c9RIEUR DE VOTRE CORPS<\/strong><\/h2>\n<p><span style=\"font-size: medium;\"><strong>Kao: tsuki (l&rsquo;expression du visage)<\/strong> pour les soins du visage, peau \u00e9clatante.<\/span><\/p>\n<p><span style=\"font-size: medium;\"><strong>Sei: mei (la vitalit\u00e9)<\/strong> soins, nettoyage et hygi\u00e8ne corporelle.<b><br \/>\n<\/b><br \/>\n<strong>Ka: el meu (les cheveux)<\/strong> Soins des cheveux<b><br \/>\n<\/b><br \/>\n<strong>Ko: nai (la bouche)<\/strong>\u00a0soins de la bouche et des dents<\/span><\/p>\n<p><a href=\"\/?product_cat=sante_et_bien-etre&#038;lang=fr\">Voir les produits dans cette cat\u00e9gorie<\/a><\/p>\n","protected":false},"excerpt":{"rendered":"<p>PRENEZ-SOIN DE L&rsquo;INT\u00c9RIEUR DE VOTRE CORPS La bonne sant\u00e9 du microbiote ou de la flore intestinale\u00a0est fondamentale pour notre bien-\u00eatre. Dans le ventre, nous avons des millions de microorganismes et bact\u00e9ries qui contribuent au bon fonctionnement de notre corps.\u00a0 Le rythme de vie actuel, l&#8217;empressement, les produits conditionn\u00e9s et pr\u00e9cuits, les environnements clos, l&rsquo;exc\u00e8s de [&hellip;]<\/p>\n","protected":false},"author":1,"featured_media":0,"parent":0,"menu_order":0,"comment_status":"closed","ping_status":"closed","template":"","meta":{"_joinchat":[],"footnotes":""},"class_list":["post-4376","page","type-page","status-publish","hentry"],"yoast_head":"<!-- This site is optimized with the Yoast SEO plugin v27.4 - https:\/\/yoast.com\/product\/yoast-seo-wordpress\/ -->\n<title>Produits microbiologiques pour la sant\u00e9 et le bien-\u00eatre<\/title>\n<meta name=\"description\" content=\"Prenez soin de vous avec des suppl\u00e9ments probiotiques naturels et prenez soin de vous avec des cosm\u00e9tiques naturels et des produits d&#039;hygi\u00e8ne\" \/>\n<meta name=\"robots\" content=\"index, follow, max-snippet:-1, max-image-preview:large, max-video-preview:-1\" \/>\n<link rel=\"canonical\" href=\"https:\/\/alter-entorn.com\/fr\/sante-et-bien-etre\/\" \/>\n<meta property=\"og:locale\" content=\"fr_FR\" \/>\n<meta property=\"og:type\" content=\"article\" \/>\n<meta property=\"og:title\" content=\"Produits microbiologiques pour la sant\u00e9 et le bien-\u00eatre\" \/>\n<meta property=\"og:description\" content=\"Prenez soin de vous avec des suppl\u00e9ments probiotiques naturels et prenez soin de vous avec des cosm\u00e9tiques naturels et des produits d&#039;hygi\u00e8ne\" \/>\n<meta property=\"og:url\" content=\"https:\/\/alter-entorn.com\/fr\/sante-et-bien-etre\/\" \/>\n<meta property=\"og:site_name\" content=\"alter-entorn\" \/>\n<meta property=\"article:publisher\" content=\"https:\/\/www.facebook.com\/alterentorn\/\" \/>\n<meta property=\"article:modified_time\" content=\"2017-12-19T17:19:02+00:00\" \/>\n<meta name=\"twitter:card\" content=\"summary_large_image\" \/>\n<meta name=\"twitter:site\" content=\"@alterentorn\" \/>\n<meta name=\"twitter:label1\" content=\"Dur\u00e9e de lecture estim\u00e9e\" \/>\n\t<meta name=\"twitter:data1\" content=\"3 minutes\" \/>\n<script type=\"application\/ld+json\" class=\"yoast-schema-graph\">{\"@context\":\"https:\\\/\\\/schema.org\",\"@graph\":[{\"@type\":\"WebPage\",\"@id\":\"https:\\\/\\\/alter-entorn.com\\\/fr\\\/sante-et-bien-etre\\\/\",\"url\":\"https:\\\/\\\/alter-entorn.com\\\/fr\\\/sante-et-bien-etre\\\/\",\"name\":\"Produits microbiologiques pour la sant\u00e9 et le bien-\u00eatre\",\"isPartOf\":{\"@id\":\"https:\\\/\\\/alter-entorn.com\\\/fr\\\/#website\"},\"datePublished\":\"2017-10-10T14:44:02+00:00\",\"dateModified\":\"2017-12-19T17:19:02+00:00\",\"description\":\"Prenez soin de vous avec des suppl\u00e9ments probiotiques naturels et prenez soin de vous avec des cosm\u00e9tiques naturels et des produits d'hygi\u00e8ne\",\"breadcrumb\":{\"@id\":\"https:\\\/\\\/alter-entorn.com\\\/fr\\\/sante-et-bien-etre\\\/#breadcrumb\"},\"inLanguage\":\"fr-FR\",\"potentialAction\":[{\"@type\":\"ReadAction\",\"target\":[\"https:\\\/\\\/alter-entorn.com\\\/fr\\\/sante-et-bien-etre\\\/\"]}]},{\"@type\":\"BreadcrumbList\",\"@id\":\"https:\\\/\\\/alter-entorn.com\\\/fr\\\/sante-et-bien-etre\\\/#breadcrumb\",\"itemListElement\":[{\"@type\":\"ListItem\",\"position\":1,\"name\":\"Portada\",\"item\":\"https:\\\/\\\/alter-entorn.com\\\/fr\\\/\"},{\"@type\":\"ListItem\",\"position\":2,\"name\":\"SANT\u00c9 ET BIEN-\u00caTRE\"}]},{\"@type\":\"WebSite\",\"@id\":\"https:\\\/\\\/alter-entorn.com\\\/fr\\\/#website\",\"url\":\"https:\\\/\\\/alter-entorn.com\\\/fr\\\/\",\"name\":\"alter-entorn\",\"description\":\"Soluciones Microbiol\u00f3gicas probi\u00f3ticos\",\"publisher\":{\"@id\":\"https:\\\/\\\/alter-entorn.com\\\/fr\\\/#organization\"},\"potentialAction\":[{\"@type\":\"SearchAction\",\"target\":{\"@type\":\"EntryPoint\",\"urlTemplate\":\"https:\\\/\\\/alter-entorn.com\\\/fr\\\/?s={search_term_string}\"},\"query-input\":{\"@type\":\"PropertyValueSpecification\",\"valueRequired\":true,\"valueName\":\"search_term_string\"}}],\"inLanguage\":\"fr-FR\"},{\"@type\":\"Organization\",\"@id\":\"https:\\\/\\\/alter-entorn.com\\\/fr\\\/#organization\",\"name\":\"alter-entorn\",\"url\":\"https:\\\/\\\/alter-entorn.com\\\/fr\\\/\",\"logo\":{\"@type\":\"ImageObject\",\"inLanguage\":\"fr-FR\",\"@id\":\"https:\\\/\\\/alter-entorn.com\\\/fr\\\/#\\\/schema\\\/logo\\\/image\\\/\",\"url\":\"https:\\\/\\\/alter-entorn.com\\\/wp-content\\\/uploads\\\/2018\\\/10\\\/logo_alter_entorn-sin-texto-1.png\",\"contentUrl\":\"https:\\\/\\\/alter-entorn.com\\\/wp-content\\\/uploads\\\/2018\\\/10\\\/logo_alter_entorn-sin-texto-1.png\",\"width\":246,\"height\":68,\"caption\":\"alter-entorn\"},\"image\":{\"@id\":\"https:\\\/\\\/alter-entorn.com\\\/fr\\\/#\\\/schema\\\/logo\\\/image\\\/\"},\"sameAs\":[\"https:\\\/\\\/www.facebook.com\\\/alterentorn\\\/\",\"https:\\\/\\\/x.com\\\/alterentorn\"]}]}<\/script>\n<!-- \/ Yoast SEO plugin. -->","yoast_head_json":{"title":"Produits microbiologiques pour la sant\u00e9 et le bien-\u00eatre","description":"Prenez soin de vous avec des suppl\u00e9ments probiotiques naturels et prenez soin de vous avec des cosm\u00e9tiques naturels et des produits d'hygi\u00e8ne","robots":{"index":"index","follow":"follow","max-snippet":"max-snippet:-1","max-image-preview":"max-image-preview:large","max-video-preview":"max-video-preview:-1"},"canonical":"https:\/\/alter-entorn.com\/fr\/sante-et-bien-etre\/","og_locale":"fr_FR","og_type":"article","og_title":"Produits microbiologiques pour la sant\u00e9 et le bien-\u00eatre","og_description":"Prenez soin de vous avec des suppl\u00e9ments probiotiques naturels et prenez soin de vous avec des cosm\u00e9tiques naturels et des produits d'hygi\u00e8ne","og_url":"https:\/\/alter-entorn.com\/fr\/sante-et-bien-etre\/","og_site_name":"alter-entorn","article_publisher":"https:\/\/www.facebook.com\/alterentorn\/","article_modified_time":"2017-12-19T17:19:02+00:00","twitter_card":"summary_large_image","twitter_site":"@alterentorn","twitter_misc":{"Dur\u00e9e de lecture estim\u00e9e":"3 minutes"},"schema":{"@context":"https:\/\/schema.org","@graph":[{"@type":"WebPage","@id":"https:\/\/alter-entorn.com\/fr\/sante-et-bien-etre\/","url":"https:\/\/alter-entorn.com\/fr\/sante-et-bien-etre\/","name":"Produits microbiologiques pour la sant\u00e9 et le bien-\u00eatre","isPartOf":{"@id":"https:\/\/alter-entorn.com\/fr\/#website"},"datePublished":"2017-10-10T14:44:02+00:00","dateModified":"2017-12-19T17:19:02+00:00","description":"Prenez soin de vous avec des suppl\u00e9ments probiotiques naturels et prenez soin de vous avec des cosm\u00e9tiques naturels et des produits d'hygi\u00e8ne","breadcrumb":{"@id":"https:\/\/alter-entorn.com\/fr\/sante-et-bien-etre\/#breadcrumb"},"inLanguage":"fr-FR","potentialAction":[{"@type":"ReadAction","target":["https:\/\/alter-entorn.com\/fr\/sante-et-bien-etre\/"]}]},{"@type":"BreadcrumbList","@id":"https:\/\/alter-entorn.com\/fr\/sante-et-bien-etre\/#breadcrumb","itemListElement":[{"@type":"ListItem","position":1,"name":"Portada","item":"https:\/\/alter-entorn.com\/fr\/"},{"@type":"ListItem","position":2,"name":"SANT\u00c9 ET BIEN-\u00caTRE"}]},{"@type":"WebSite","@id":"https:\/\/alter-entorn.com\/fr\/#website","url":"https:\/\/alter-entorn.com\/fr\/","name":"alter-entorn","description":"Soluciones Microbiol\u00f3gicas probi\u00f3ticos","publisher":{"@id":"https:\/\/alter-entorn.com\/fr\/#organization"},"potentialAction":[{"@type":"SearchAction","target":{"@type":"EntryPoint","urlTemplate":"https:\/\/alter-entorn.com\/fr\/?s={search_term_string}"},"query-input":{"@type":"PropertyValueSpecification","valueRequired":true,"valueName":"search_term_string"}}],"inLanguage":"fr-FR"},{"@type":"Organization","@id":"https:\/\/alter-entorn.com\/fr\/#organization","name":"alter-entorn","url":"https:\/\/alter-entorn.com\/fr\/","logo":{"@type":"ImageObject","inLanguage":"fr-FR","@id":"https:\/\/alter-entorn.com\/fr\/#\/schema\/logo\/image\/","url":"https:\/\/alter-entorn.com\/wp-content\/uploads\/2018\/10\/logo_alter_entorn-sin-texto-1.png","contentUrl":"https:\/\/alter-entorn.com\/wp-content\/uploads\/2018\/10\/logo_alter_entorn-sin-texto-1.png","width":246,"height":68,"caption":"alter-entorn"},"image":{"@id":"https:\/\/alter-entorn.com\/fr\/#\/schema\/logo\/image\/"},"sameAs":["https:\/\/www.facebook.com\/alterentorn\/","https:\/\/x.com\/alterentorn"]}]}},"_links":{"self":[{"href":"https:\/\/alter-entorn.com\/fr\/wp-json\/wp\/v2\/pages\/4376","targetHints":{"allow":["GET"]}}],"collection":[{"href":"https:\/\/alter-entorn.com\/fr\/wp-json\/wp\/v2\/pages"}],"about":[{"href":"https:\/\/alter-entorn.com\/fr\/wp-json\/wp\/v2\/types\/page"}],"author":[{"embeddable":true,"href":"https:\/\/alter-entorn.com\/fr\/wp-json\/wp\/v2\/users\/1"}],"replies":[{"embeddable":true,"href":"https:\/\/alter-entorn.com\/fr\/wp-json\/wp\/v2\/comments?post=4376"}],"version-history":[{"count":0,"href":"https:\/\/alter-entorn.com\/fr\/wp-json\/wp\/v2\/pages\/4376\/revisions"}],"wp:attachment":[{"href":"https:\/\/alter-entorn.com\/fr\/wp-json\/wp\/v2\/media?parent=4376"}],"curies":[{"name":"wp","href":"https:\/\/api.w.org\/{rel}","templated":true}]}}