{"id":4378,"date":"2017-10-10T16:56:55","date_gmt":"2017-10-10T14:56:55","guid":{"rendered":"http:\/\/alter-entorn.com?page_id=4378"},"modified":"2017-12-19T19:18:27","modified_gmt":"2017-12-19T17:18:27","slug":"residus","status":"publish","type":"page","link":"https:\/\/alter-entorn.com\/fr\/residus\/","title":{"rendered":"R\u00e9sidus"},"content":{"rendered":"<p>Recycler les r\u00e9sidus organiques chez nous dans peu d&rsquo;espace et sans mauvaises odeurs. Maintenir les \u00e9gouts et fosses septiques propres et sans substances chimiques nocives.<br \/>\nNous produisons et accumulons quotidiennement des r\u00e9sidus chez nous. Plus de 50% de ces r\u00e9sidus sont organiques et nous pouvons les r\u00e9utiliser en faisant du compostage pour nos plantes, notre potager et jardin.<br \/>\nAvec le cube de compostage, il est possible de recycler les r\u00e9sidus organiques dans tr\u00e8s peu d&rsquo;espace, sans mauvaises odeurs et sans mouches. En peu de temps, nous obtiendrons un compost de haute qualit\u00e9 pour nos plantes.<\/p>\n<h4 class=\"western\"><span style=\"font-size: medium;\">Avantages<\/span><\/h4>\n<ul>\n<li><span style=\"font-size: medium;\">Nous apporterons des microorganismes \u00e0 la terre<\/span><\/li>\n<li><span style=\"font-size: medium;\">Nous apporterons des substances nutritives \u00e0 nos plantes<\/span><\/li>\n<li><span style=\"font-size: medium;\">Nous n&rsquo;aurons pas besoin d&rsquo;acheter des composts ni des engrais<\/span><\/li>\n<li><span style=\"font-size: medium;\">Nous aurons moins de d\u00e9chets \u00e0 jeter<\/span><\/li>\n<li><span style=\"font-size: medium;\">Nous aurons une d\u00e9pense de moins dans l&rsquo;\u00e9conomie de la famille<\/span><\/li>\n<li><span style=\"font-size: medium;\">Nous conna\u00eetrons l&rsquo;origine des r\u00e9sidus de notre compost<\/span><\/li>\n<li><span style=\"font-size: medium;\">Nous obtiendrons des fruits et l\u00e9gumes plus d\u00e9licieux et tendres<\/span><\/li>\n<\/ul>\n<h4 class=\"western\"><span style=\"font-size: medium;\">Comment l&rsquo;utiliser<\/span><\/h4>\n<p>Les r\u00e9sidus organiques (l\u00e9gumes et coquilles d&rsquo;\u0153ufs) se coupent et sont introduits dans le cube. Ils sont saupoudr\u00e9s avec\u00a0Elgan\u00ae.\u00a0Les microorganismes d&rsquo;Elgan\u00ae\u00a0favorisent la fermentation et \u00e9vitent la putr\u00e9faction. Cela diminue le temps de compostage, \u00e9limine les mauvaises odeurs et r\u00e9duit l&rsquo;apparition de vers et de mouches.<br \/>\nLe cube est dot\u00e9 d&rsquo;une grille dans sa partie inf\u00e9rieure qui s\u00e9pare le liquide g\u00e9n\u00e9r\u00e9 par les r\u00e9sidus (lixiviat). Il est collect\u00e9 dans le r\u00e9servoir et peut \u00eatre extrait au moyen du robinet pour \u00eatre utilis\u00e9, dilu\u00e9 dans de l&rsquo;eau, comme engrais pour les plantes.<\/p>\n<p><a href=\"\/?product_cat=residus-fr&#038;lang=fr\">Voir les produits dans cette cat\u00e9gorie<\/a><\/p>\n","protected":false},"excerpt":{"rendered":"<p>Recycler les r\u00e9sidus organiques chez nous dans peu d&rsquo;espace et sans mauvaises odeurs. Maintenir les \u00e9gouts et fosses septiques propres et sans substances chimiques nocives. Nous produisons et accumulons quotidiennement des r\u00e9sidus chez nous. Plus de 50% de ces r\u00e9sidus sont organiques et nous pouvons les r\u00e9utiliser en faisant du compostage pour nos plantes, notre [&hellip;]<\/p>\n","protected":false},"author":3,"featured_media":0,"parent":0,"menu_order":0,"comment_status":"closed","ping_status":"closed","template":"","meta":{"_joinchat":[],"footnotes":""},"class_list":["post-4378","page","type-page","status-publish","hentry"],"yoast_head":"<!-- This site is optimized with the Yoast SEO plugin v27.4 - https:\/\/yoast.com\/product\/yoast-seo-wordpress\/ -->\n<title>Produits pour le traitement des r\u00e9sidus de mati\u00e8re organique<\/title>\n<meta name=\"description\" content=\"Utilisation de d\u00e9chets organiques g\u00e9n\u00e9r\u00e9s \u00e0 la maison avec un seau pour le compostage domestique de mati\u00e8re organique, sans mauvaises odeurs\" \/>\n<meta name=\"robots\" content=\"index, follow, max-snippet:-1, max-image-preview:large, max-video-preview:-1\" \/>\n<link rel=\"canonical\" href=\"https:\/\/alter-entorn.com\/fr\/residus\/\" \/>\n<meta property=\"og:locale\" content=\"fr_FR\" \/>\n<meta property=\"og:type\" content=\"article\" \/>\n<meta property=\"og:title\" content=\"Produits pour le traitement des r\u00e9sidus de mati\u00e8re organique\" \/>\n<meta property=\"og:description\" content=\"Utilisation de d\u00e9chets organiques g\u00e9n\u00e9r\u00e9s \u00e0 la maison avec un seau pour le compostage domestique de mati\u00e8re organique, sans mauvaises odeurs\" \/>\n<meta property=\"og:url\" content=\"https:\/\/alter-entorn.com\/fr\/residus\/\" \/>\n<meta property=\"og:site_name\" content=\"alter-entorn\" \/>\n<meta property=\"article:publisher\" content=\"https:\/\/www.facebook.com\/alterentorn\/\" \/>\n<meta property=\"article:modified_time\" content=\"2017-12-19T17:18:27+00:00\" \/>\n<meta name=\"twitter:card\" content=\"summary_large_image\" \/>\n<meta name=\"twitter:site\" content=\"@alterentorn\" \/>\n<meta name=\"twitter:label1\" content=\"Dur\u00e9e de lecture estim\u00e9e\" \/>\n\t<meta name=\"twitter:data1\" content=\"1 minute\" \/>\n<script type=\"application\/ld+json\" class=\"yoast-schema-graph\">{\"@context\":\"https:\\\/\\\/schema.org\",\"@graph\":[{\"@type\":\"WebPage\",\"@id\":\"https:\\\/\\\/alter-entorn.com\\\/fr\\\/residus\\\/\",\"url\":\"https:\\\/\\\/alter-entorn.com\\\/fr\\\/residus\\\/\",\"name\":\"Produits pour le traitement des r\u00e9sidus de mati\u00e8re organique\",\"isPartOf\":{\"@id\":\"https:\\\/\\\/alter-entorn.com\\\/fr\\\/#website\"},\"datePublished\":\"2017-10-10T14:56:55+00:00\",\"dateModified\":\"2017-12-19T17:18:27+00:00\",\"description\":\"Utilisation de d\u00e9chets organiques g\u00e9n\u00e9r\u00e9s \u00e0 la maison avec un seau pour le compostage domestique de mati\u00e8re organique, sans mauvaises odeurs\",\"breadcrumb\":{\"@id\":\"https:\\\/\\\/alter-entorn.com\\\/fr\\\/residus\\\/#breadcrumb\"},\"inLanguage\":\"fr-FR\",\"potentialAction\":[{\"@type\":\"ReadAction\",\"target\":[\"https:\\\/\\\/alter-entorn.com\\\/fr\\\/residus\\\/\"]}]},{\"@type\":\"BreadcrumbList\",\"@id\":\"https:\\\/\\\/alter-entorn.com\\\/fr\\\/residus\\\/#breadcrumb\",\"itemListElement\":[{\"@type\":\"ListItem\",\"position\":1,\"name\":\"Portada\",\"item\":\"https:\\\/\\\/alter-entorn.com\\\/fr\\\/\"},{\"@type\":\"ListItem\",\"position\":2,\"name\":\"R\u00e9sidus\"}]},{\"@type\":\"WebSite\",\"@id\":\"https:\\\/\\\/alter-entorn.com\\\/fr\\\/#website\",\"url\":\"https:\\\/\\\/alter-entorn.com\\\/fr\\\/\",\"name\":\"alter-entorn\",\"description\":\"Soluciones Microbiol\u00f3gicas probi\u00f3ticos\",\"publisher\":{\"@id\":\"https:\\\/\\\/alter-entorn.com\\\/fr\\\/#organization\"},\"potentialAction\":[{\"@type\":\"SearchAction\",\"target\":{\"@type\":\"EntryPoint\",\"urlTemplate\":\"https:\\\/\\\/alter-entorn.com\\\/fr\\\/?s={search_term_string}\"},\"query-input\":{\"@type\":\"PropertyValueSpecification\",\"valueRequired\":true,\"valueName\":\"search_term_string\"}}],\"inLanguage\":\"fr-FR\"},{\"@type\":\"Organization\",\"@id\":\"https:\\\/\\\/alter-entorn.com\\\/fr\\\/#organization\",\"name\":\"alter-entorn\",\"url\":\"https:\\\/\\\/alter-entorn.com\\\/fr\\\/\",\"logo\":{\"@type\":\"ImageObject\",\"inLanguage\":\"fr-FR\",\"@id\":\"https:\\\/\\\/alter-entorn.com\\\/fr\\\/#\\\/schema\\\/logo\\\/image\\\/\",\"url\":\"https:\\\/\\\/alter-entorn.com\\\/wp-content\\\/uploads\\\/2018\\\/10\\\/logo_alter_entorn-sin-texto-1.png\",\"contentUrl\":\"https:\\\/\\\/alter-entorn.com\\\/wp-content\\\/uploads\\\/2018\\\/10\\\/logo_alter_entorn-sin-texto-1.png\",\"width\":246,\"height\":68,\"caption\":\"alter-entorn\"},\"image\":{\"@id\":\"https:\\\/\\\/alter-entorn.com\\\/fr\\\/#\\\/schema\\\/logo\\\/image\\\/\"},\"sameAs\":[\"https:\\\/\\\/www.facebook.com\\\/alterentorn\\\/\",\"https:\\\/\\\/x.com\\\/alterentorn\"]}]}<\/script>\n<!-- \/ Yoast SEO plugin. -->","yoast_head_json":{"title":"Produits pour le traitement des r\u00e9sidus de mati\u00e8re organique","description":"Utilisation de d\u00e9chets organiques g\u00e9n\u00e9r\u00e9s \u00e0 la maison avec un seau pour le compostage domestique de mati\u00e8re organique, sans mauvaises odeurs","robots":{"index":"index","follow":"follow","max-snippet":"max-snippet:-1","max-image-preview":"max-image-preview:large","max-video-preview":"max-video-preview:-1"},"canonical":"https:\/\/alter-entorn.com\/fr\/residus\/","og_locale":"fr_FR","og_type":"article","og_title":"Produits pour le traitement des r\u00e9sidus de mati\u00e8re organique","og_description":"Utilisation de d\u00e9chets organiques g\u00e9n\u00e9r\u00e9s \u00e0 la maison avec un seau pour le compostage domestique de mati\u00e8re organique, sans mauvaises odeurs","og_url":"https:\/\/alter-entorn.com\/fr\/residus\/","og_site_name":"alter-entorn","article_publisher":"https:\/\/www.facebook.com\/alterentorn\/","article_modified_time":"2017-12-19T17:18:27+00:00","twitter_card":"summary_large_image","twitter_site":"@alterentorn","twitter_misc":{"Dur\u00e9e de lecture estim\u00e9e":"1 minute"},"schema":{"@context":"https:\/\/schema.org","@graph":[{"@type":"WebPage","@id":"https:\/\/alter-entorn.com\/fr\/residus\/","url":"https:\/\/alter-entorn.com\/fr\/residus\/","name":"Produits pour le traitement des r\u00e9sidus de mati\u00e8re organique","isPartOf":{"@id":"https:\/\/alter-entorn.com\/fr\/#website"},"datePublished":"2017-10-10T14:56:55+00:00","dateModified":"2017-12-19T17:18:27+00:00","description":"Utilisation de d\u00e9chets organiques g\u00e9n\u00e9r\u00e9s \u00e0 la maison avec un seau pour le compostage domestique de mati\u00e8re organique, sans mauvaises odeurs","breadcrumb":{"@id":"https:\/\/alter-entorn.com\/fr\/residus\/#breadcrumb"},"inLanguage":"fr-FR","potentialAction":[{"@type":"ReadAction","target":["https:\/\/alter-entorn.com\/fr\/residus\/"]}]},{"@type":"BreadcrumbList","@id":"https:\/\/alter-entorn.com\/fr\/residus\/#breadcrumb","itemListElement":[{"@type":"ListItem","position":1,"name":"Portada","item":"https:\/\/alter-entorn.com\/fr\/"},{"@type":"ListItem","position":2,"name":"R\u00e9sidus"}]},{"@type":"WebSite","@id":"https:\/\/alter-entorn.com\/fr\/#website","url":"https:\/\/alter-entorn.com\/fr\/","name":"alter-entorn","description":"Soluciones Microbiol\u00f3gicas probi\u00f3ticos","publisher":{"@id":"https:\/\/alter-entorn.com\/fr\/#organization"},"potentialAction":[{"@type":"SearchAction","target":{"@type":"EntryPoint","urlTemplate":"https:\/\/alter-entorn.com\/fr\/?s={search_term_string}"},"query-input":{"@type":"PropertyValueSpecification","valueRequired":true,"valueName":"search_term_string"}}],"inLanguage":"fr-FR"},{"@type":"Organization","@id":"https:\/\/alter-entorn.com\/fr\/#organization","name":"alter-entorn","url":"https:\/\/alter-entorn.com\/fr\/","logo":{"@type":"ImageObject","inLanguage":"fr-FR","@id":"https:\/\/alter-entorn.com\/fr\/#\/schema\/logo\/image\/","url":"https:\/\/alter-entorn.com\/wp-content\/uploads\/2018\/10\/logo_alter_entorn-sin-texto-1.png","contentUrl":"https:\/\/alter-entorn.com\/wp-content\/uploads\/2018\/10\/logo_alter_entorn-sin-texto-1.png","width":246,"height":68,"caption":"alter-entorn"},"image":{"@id":"https:\/\/alter-entorn.com\/fr\/#\/schema\/logo\/image\/"},"sameAs":["https:\/\/www.facebook.com\/alterentorn\/","https:\/\/x.com\/alterentorn"]}]}},"_links":{"self":[{"href":"https:\/\/alter-entorn.com\/fr\/wp-json\/wp\/v2\/pages\/4378","targetHints":{"allow":["GET"]}}],"collection":[{"href":"https:\/\/alter-entorn.com\/fr\/wp-json\/wp\/v2\/pages"}],"about":[{"href":"https:\/\/alter-entorn.com\/fr\/wp-json\/wp\/v2\/types\/page"}],"author":[{"embeddable":true,"href":"https:\/\/alter-entorn.com\/fr\/wp-json\/wp\/v2\/users\/3"}],"replies":[{"embeddable":true,"href":"https:\/\/alter-entorn.com\/fr\/wp-json\/wp\/v2\/comments?post=4378"}],"version-history":[{"count":0,"href":"https:\/\/alter-entorn.com\/fr\/wp-json\/wp\/v2\/pages\/4378\/revisions"}],"wp:attachment":[{"href":"https:\/\/alter-entorn.com\/fr\/wp-json\/wp\/v2\/media?parent=4378"}],"curies":[{"name":"wp","href":"https:\/\/api.w.org\/{rel}","templated":true}]}}