{"id":4380,"date":"2017-10-10T17:00:20","date_gmt":"2017-10-10T15:00:20","guid":{"rendered":"http:\/\/alter-entorn.com?page_id=4380"},"modified":"2017-12-19T19:15:50","modified_gmt":"2017-12-19T17:15:50","slug":"animaux-domestiques","status":"publish","type":"page","link":"https:\/\/alter-entorn.com\/fr\/animaux-domestiques\/","title":{"rendered":"ANIMAUX DOMESTIQUES"},"content":{"rendered":"<p>Vivre sans substances chimiques b\u00e9n\u00e9ficie aussi nos animaux domestiques. Prenons soin de nos animaux et laissons-les en faire de m\u00eame. Il est tr\u00e8s important pour votre bien-\u00eatre et sant\u00e9 que l&rsquo;espace o\u00f9 vous mangez, jouez et vous reposez soit bien propre et entretenu.<\/p>\n<p>Le <strong>FHE\u00ae <\/strong>pour animaux domestiques b\u00e9n\u00e9ficiera leur flore intestinale tout en am\u00e9liorant leur sant\u00e9. Voici quelques effets de la consommation du <strong>FHE\u00ae<\/strong>\u00a0:<\/p>\n<ul>\n<li>Il am\u00e9liore la digestion<\/li>\n<li>Il augmente l&rsquo;assimilation et l&rsquo;utilisation des aliments<\/li>\n<li>Il am\u00e9liore la peau et le pelage<\/li>\n<li>Il r\u00e9duit les odeurs<\/li>\n<\/ul>\n<p>Les <strong>nettoyants\u00a0eMC\u00ae \u00e0 usages multiples <\/strong>seront nos meilleurs alli\u00e9s pour maintenir propres et sans substances chimiques leurs espaces et l&rsquo;air environnant. Ils peuvent \u00eatre utilis\u00e9s sur toutes les surfaces pour nettoyer leurs espaces de repos, niches ou lieux o\u00f9 nos d\u00e9posons leurs r\u00e9sidus. Pour les zones plus sales, nous recommandons l&#8217;emploi d&rsquo;<strong>eMC\u00ae d\u00e9sincrustant<\/strong>. Pulv\u00e9risez aussi pour \u00e9liminer les mauvaises odeurs.<\/p>\n<p><a href=\"\/?product_cat=animaux_domestiques&#038;lang=fr\">Voir les produits dans cette cat\u00e9gorie<\/a><\/p>\n","protected":false},"excerpt":{"rendered":"<p>Vivre sans substances chimiques b\u00e9n\u00e9ficie aussi nos animaux domestiques. Prenons soin de nos animaux et laissons-les en faire de m\u00eame. Il est tr\u00e8s important pour votre bien-\u00eatre et sant\u00e9 que l&rsquo;espace o\u00f9 vous mangez, jouez et vous reposez soit bien propre et entretenu. Le FHE\u00ae pour animaux domestiques b\u00e9n\u00e9ficiera leur flore intestinale tout en am\u00e9liorant [&hellip;]<\/p>\n","protected":false},"author":3,"featured_media":0,"parent":0,"menu_order":0,"comment_status":"closed","ping_status":"closed","template":"","meta":{"_joinchat":[],"footnotes":""},"class_list":["post-4380","page","type-page","status-publish","hentry"],"yoast_head":"<!-- This site is optimized with the Yoast SEO plugin v27.4 - https:\/\/yoast.com\/product\/yoast-seo-wordpress\/ -->\n<title>Produits microbiologiques pour le soin de nos animaux de compagnie<\/title>\n<meta name=\"description\" content=\"Produits microbiologiques pour favoriser l&#039;absorption des nutriments, faciliter la digestion, am\u00e9liorer la fourrure, etc. de nos animaux de compagnie\" \/>\n<meta name=\"robots\" content=\"index, follow, max-snippet:-1, max-image-preview:large, max-video-preview:-1\" \/>\n<link rel=\"canonical\" href=\"https:\/\/alter-entorn.com\/fr\/animaux-domestiques\/\" \/>\n<meta property=\"og:locale\" content=\"fr_FR\" \/>\n<meta property=\"og:type\" content=\"article\" \/>\n<meta property=\"og:title\" content=\"Produits microbiologiques pour le soin de nos animaux de compagnie\" \/>\n<meta property=\"og:description\" content=\"Produits microbiologiques pour favoriser l&#039;absorption des nutriments, faciliter la digestion, am\u00e9liorer la fourrure, etc. de nos animaux de compagnie\" \/>\n<meta property=\"og:url\" content=\"https:\/\/alter-entorn.com\/fr\/animaux-domestiques\/\" \/>\n<meta property=\"og:site_name\" content=\"alter-entorn\" \/>\n<meta property=\"article:publisher\" content=\"https:\/\/www.facebook.com\/alterentorn\/\" \/>\n<meta property=\"article:modified_time\" content=\"2017-12-19T17:15:50+00:00\" \/>\n<meta name=\"twitter:card\" content=\"summary_large_image\" \/>\n<meta name=\"twitter:site\" content=\"@alterentorn\" \/>\n<meta name=\"twitter:label1\" content=\"Dur\u00e9e de lecture estim\u00e9e\" \/>\n\t<meta name=\"twitter:data1\" content=\"1 minute\" \/>\n<script type=\"application\/ld+json\" class=\"yoast-schema-graph\">{\"@context\":\"https:\\\/\\\/schema.org\",\"@graph\":[{\"@type\":\"WebPage\",\"@id\":\"https:\\\/\\\/alter-entorn.com\\\/fr\\\/animaux-domestiques\\\/\",\"url\":\"https:\\\/\\\/alter-entorn.com\\\/fr\\\/animaux-domestiques\\\/\",\"name\":\"Produits microbiologiques pour le soin de nos animaux de compagnie\",\"isPartOf\":{\"@id\":\"https:\\\/\\\/alter-entorn.com\\\/fr\\\/#website\"},\"datePublished\":\"2017-10-10T15:00:20+00:00\",\"dateModified\":\"2017-12-19T17:15:50+00:00\",\"description\":\"Produits microbiologiques pour favoriser l'absorption des nutriments, faciliter la digestion, am\u00e9liorer la fourrure, etc. de nos animaux de compagnie\",\"breadcrumb\":{\"@id\":\"https:\\\/\\\/alter-entorn.com\\\/fr\\\/animaux-domestiques\\\/#breadcrumb\"},\"inLanguage\":\"fr-FR\",\"potentialAction\":[{\"@type\":\"ReadAction\",\"target\":[\"https:\\\/\\\/alter-entorn.com\\\/fr\\\/animaux-domestiques\\\/\"]}]},{\"@type\":\"BreadcrumbList\",\"@id\":\"https:\\\/\\\/alter-entorn.com\\\/fr\\\/animaux-domestiques\\\/#breadcrumb\",\"itemListElement\":[{\"@type\":\"ListItem\",\"position\":1,\"name\":\"Portada\",\"item\":\"https:\\\/\\\/alter-entorn.com\\\/fr\\\/\"},{\"@type\":\"ListItem\",\"position\":2,\"name\":\"ANIMAUX DOMESTIQUES\"}]},{\"@type\":\"WebSite\",\"@id\":\"https:\\\/\\\/alter-entorn.com\\\/fr\\\/#website\",\"url\":\"https:\\\/\\\/alter-entorn.com\\\/fr\\\/\",\"name\":\"alter-entorn\",\"description\":\"Soluciones Microbiol\u00f3gicas probi\u00f3ticos\",\"publisher\":{\"@id\":\"https:\\\/\\\/alter-entorn.com\\\/fr\\\/#organization\"},\"potentialAction\":[{\"@type\":\"SearchAction\",\"target\":{\"@type\":\"EntryPoint\",\"urlTemplate\":\"https:\\\/\\\/alter-entorn.com\\\/fr\\\/?s={search_term_string}\"},\"query-input\":{\"@type\":\"PropertyValueSpecification\",\"valueRequired\":true,\"valueName\":\"search_term_string\"}}],\"inLanguage\":\"fr-FR\"},{\"@type\":\"Organization\",\"@id\":\"https:\\\/\\\/alter-entorn.com\\\/fr\\\/#organization\",\"name\":\"alter-entorn\",\"url\":\"https:\\\/\\\/alter-entorn.com\\\/fr\\\/\",\"logo\":{\"@type\":\"ImageObject\",\"inLanguage\":\"fr-FR\",\"@id\":\"https:\\\/\\\/alter-entorn.com\\\/fr\\\/#\\\/schema\\\/logo\\\/image\\\/\",\"url\":\"https:\\\/\\\/alter-entorn.com\\\/wp-content\\\/uploads\\\/2018\\\/10\\\/logo_alter_entorn-sin-texto-1.png\",\"contentUrl\":\"https:\\\/\\\/alter-entorn.com\\\/wp-content\\\/uploads\\\/2018\\\/10\\\/logo_alter_entorn-sin-texto-1.png\",\"width\":246,\"height\":68,\"caption\":\"alter-entorn\"},\"image\":{\"@id\":\"https:\\\/\\\/alter-entorn.com\\\/fr\\\/#\\\/schema\\\/logo\\\/image\\\/\"},\"sameAs\":[\"https:\\\/\\\/www.facebook.com\\\/alterentorn\\\/\",\"https:\\\/\\\/x.com\\\/alterentorn\"]}]}<\/script>\n<!-- \/ Yoast SEO plugin. -->","yoast_head_json":{"title":"Produits microbiologiques pour le soin de nos animaux de compagnie","description":"Produits microbiologiques pour favoriser l'absorption des nutriments, faciliter la digestion, am\u00e9liorer la fourrure, etc. de nos animaux de compagnie","robots":{"index":"index","follow":"follow","max-snippet":"max-snippet:-1","max-image-preview":"max-image-preview:large","max-video-preview":"max-video-preview:-1"},"canonical":"https:\/\/alter-entorn.com\/fr\/animaux-domestiques\/","og_locale":"fr_FR","og_type":"article","og_title":"Produits microbiologiques pour le soin de nos animaux de compagnie","og_description":"Produits microbiologiques pour favoriser l'absorption des nutriments, faciliter la digestion, am\u00e9liorer la fourrure, etc. de nos animaux de compagnie","og_url":"https:\/\/alter-entorn.com\/fr\/animaux-domestiques\/","og_site_name":"alter-entorn","article_publisher":"https:\/\/www.facebook.com\/alterentorn\/","article_modified_time":"2017-12-19T17:15:50+00:00","twitter_card":"summary_large_image","twitter_site":"@alterentorn","twitter_misc":{"Dur\u00e9e de lecture estim\u00e9e":"1 minute"},"schema":{"@context":"https:\/\/schema.org","@graph":[{"@type":"WebPage","@id":"https:\/\/alter-entorn.com\/fr\/animaux-domestiques\/","url":"https:\/\/alter-entorn.com\/fr\/animaux-domestiques\/","name":"Produits microbiologiques pour le soin de nos animaux de compagnie","isPartOf":{"@id":"https:\/\/alter-entorn.com\/fr\/#website"},"datePublished":"2017-10-10T15:00:20+00:00","dateModified":"2017-12-19T17:15:50+00:00","description":"Produits microbiologiques pour favoriser l'absorption des nutriments, faciliter la digestion, am\u00e9liorer la fourrure, etc. de nos animaux de compagnie","breadcrumb":{"@id":"https:\/\/alter-entorn.com\/fr\/animaux-domestiques\/#breadcrumb"},"inLanguage":"fr-FR","potentialAction":[{"@type":"ReadAction","target":["https:\/\/alter-entorn.com\/fr\/animaux-domestiques\/"]}]},{"@type":"BreadcrumbList","@id":"https:\/\/alter-entorn.com\/fr\/animaux-domestiques\/#breadcrumb","itemListElement":[{"@type":"ListItem","position":1,"name":"Portada","item":"https:\/\/alter-entorn.com\/fr\/"},{"@type":"ListItem","position":2,"name":"ANIMAUX DOMESTIQUES"}]},{"@type":"WebSite","@id":"https:\/\/alter-entorn.com\/fr\/#website","url":"https:\/\/alter-entorn.com\/fr\/","name":"alter-entorn","description":"Soluciones Microbiol\u00f3gicas probi\u00f3ticos","publisher":{"@id":"https:\/\/alter-entorn.com\/fr\/#organization"},"potentialAction":[{"@type":"SearchAction","target":{"@type":"EntryPoint","urlTemplate":"https:\/\/alter-entorn.com\/fr\/?s={search_term_string}"},"query-input":{"@type":"PropertyValueSpecification","valueRequired":true,"valueName":"search_term_string"}}],"inLanguage":"fr-FR"},{"@type":"Organization","@id":"https:\/\/alter-entorn.com\/fr\/#organization","name":"alter-entorn","url":"https:\/\/alter-entorn.com\/fr\/","logo":{"@type":"ImageObject","inLanguage":"fr-FR","@id":"https:\/\/alter-entorn.com\/fr\/#\/schema\/logo\/image\/","url":"https:\/\/alter-entorn.com\/wp-content\/uploads\/2018\/10\/logo_alter_entorn-sin-texto-1.png","contentUrl":"https:\/\/alter-entorn.com\/wp-content\/uploads\/2018\/10\/logo_alter_entorn-sin-texto-1.png","width":246,"height":68,"caption":"alter-entorn"},"image":{"@id":"https:\/\/alter-entorn.com\/fr\/#\/schema\/logo\/image\/"},"sameAs":["https:\/\/www.facebook.com\/alterentorn\/","https:\/\/x.com\/alterentorn"]}]}},"_links":{"self":[{"href":"https:\/\/alter-entorn.com\/fr\/wp-json\/wp\/v2\/pages\/4380","targetHints":{"allow":["GET"]}}],"collection":[{"href":"https:\/\/alter-entorn.com\/fr\/wp-json\/wp\/v2\/pages"}],"about":[{"href":"https:\/\/alter-entorn.com\/fr\/wp-json\/wp\/v2\/types\/page"}],"author":[{"embeddable":true,"href":"https:\/\/alter-entorn.com\/fr\/wp-json\/wp\/v2\/users\/3"}],"replies":[{"embeddable":true,"href":"https:\/\/alter-entorn.com\/fr\/wp-json\/wp\/v2\/comments?post=4380"}],"version-history":[{"count":0,"href":"https:\/\/alter-entorn.com\/fr\/wp-json\/wp\/v2\/pages\/4380\/revisions"}],"wp:attachment":[{"href":"https:\/\/alter-entorn.com\/fr\/wp-json\/wp\/v2\/media?parent=4380"}],"curies":[{"name":"wp","href":"https:\/\/api.w.org\/{rel}","templated":true}]}}